{"id":5591,"date":"2022-02-22T02:21:39","date_gmt":"2022-02-22T02:21:39","guid":{"rendered":"https:\/\/medicinasinc.com\/se\/?post_type=product&#038;p=5591"},"modified":"2022-07-03T23:20:40","modified_gmt":"2022-07-03T23:20:40","slug":"kop-mexedrone-kristall","status":"publish","type":"product","link":"https:\/\/medicinasinc.com\/se\/product\/kop-mexedrone-kristall\/","title":{"rendered":"K\u00f6p Mexedrone Crystal"},"content":{"rendered":"<p>K\u00f6p Mexedrone MXE Crystal p\u00e5 Internet.<\/p>\n<p>Det finns en kemikalie som heter Mexedrone som anses vara ett stimulerande och m\u00f6jligen euforiserande medel. Det kallas 3-metoxi-2-(metylamino)-1-(p-tolyl)propan-1-on. Mexedrone \u00e4r en ny typ av mmc.<\/p>\n<p>Cas nr: Formeln \u00e4r C12H17NO2. IUPAC \u00e4r: 3-metoxi-2-(metylamino)-1-(p-tolyl)propan-1-on<\/p>\n<div class=\"ProductDescriptionContainer\">\n<p>&nbsp;<\/p>\n<\/p><\/div>\n","protected":false},"excerpt":{"rendered":"<p>Du kan k\u00f6pa Mexedrone Crystal online i Storbritannien och Europa. Mexedrone MXE Power, ibland k\u00e4nd som MEX eller 4-MMC-Ome, \u00e4r en akronym f\u00f6r Mexedrone MXE. G\u00f6r din best\u00e4llning p\u00e5 Best Global Meds direkt!<\/p>\n<p>K\u00f6p Mexedrone Crystal online med Bitcoin &#8211; det \u00e4r s\u00e4kert och s\u00e4kert.<\/p>\n<p>Du kan k\u00f6pa lagliga l\u00e4kemedel online s\u00e5v\u00e4l som forskningsf\u00f6reningar, r\u00e5a farmaceutiska kristaller och mer.<\/p>\n<p>Var kan man k\u00f6pa Mexedrone MXE Crystal? MXE-kristall f\u00f6r Mexedrone. \u00c4ven k\u00e4nd som MEX, 4-MMC-Ome och Mexedrone.<\/p>\n","protected":false},"featured_media":5602,"comment_status":"open","ping_status":"closed","template":"","meta":[],"product_brand":[],"product_cat":[2014],"product_tag":[3249,3251,3250,3252,3258,3254,3255,3256,3257,3253,3259,3260,3261,3262],"class_list":{"0":"post-5591","1":"product","2":"type-product","3":"status-publish","4":"has-post-thumbnail","6":"product_cat-kop-research-chemicals","7":"product_tag-buy-mexedrone-crystal","8":"product_tag-mexedrone-kristall-kp","9":"product_tag-kp-mxe-kristall","10":"product_tag-mexedron-kristall-effekt","11":"product_tag-mexedrone-kristall-grossist","12":"product_tag-mexedron-kristall-online","13":"product_tag-mexedrone-crystal-order","14":"product_tag-mexedrone-crystal-reddit","15":"product_tag-mexedrone-crystal-detaljhandel","16":"product_tag-mexedrone-kristall-till-salu","17":"product_tag-mxe-kristall","18":"product_tag-mxe-crystal-buy","19":"product_tag-mxe-crystal-for-sale","20":"product_tag-mxe-kristall-ordning","22":"first","23":"instock","24":"shipping-taxable","25":"purchasable","26":"product-type-variable","27":"has-default-attributes"},"yoast_head":"<!-- This site is optimized with the Yoast SEO plugin v27.3 - https:\/\/yoast.com\/product\/yoast-seo-wordpress\/ -->\n<title>K\u00f6p Mexedrone MXE Crystal - Best Global Meds<\/title>\n<meta name=\"description\" content=\"K\u00f6p Mexedrone Crystal till salu i Storbritannien, Europa Online. Mexedrone MXE Power, Mexedrone, \u00e4ven kallad MEX eller 4-MMC-Ome. Best\u00e4ll nu p\u00e5 Best Global Meds\" \/>\n<meta name=\"robots\" content=\"index, follow, max-snippet:-1, max-image-preview:large, max-video-preview:-1\" \/>\n<link rel=\"canonical\" href=\"https:\/\/medicinasinc.com\/se\/product\/kop-mexedrone-kristall\/\" \/>\n<meta property=\"og:locale\" content=\"sv_SE\" \/>\n<meta property=\"og:type\" content=\"article\" \/>\n<meta property=\"og:title\" content=\"K\u00f6p Mexedrone MXE Crystal - Best Global Meds\" \/>\n<meta property=\"og:description\" content=\"K\u00f6p Mexedrone Crystal till salu i Storbritannien, Europa Online. Mexedrone MXE Power, Mexedrone, \u00e4ven kallad MEX eller 4-MMC-Ome. Best\u00e4ll nu p\u00e5 Best Global Meds\" \/>\n<meta property=\"og:url\" content=\"https:\/\/medicinasinc.com\/se\/product\/kop-mexedrone-kristall\/\" \/>\n<meta property=\"og:site_name\" content=\"Medicinas Inc\" \/>\n<meta property=\"article:modified_time\" content=\"2022-07-03T23:20:40+00:00\" \/>\n<meta property=\"og:image\" content=\"https:\/\/medicinasinc.com\/se\/wp-content\/uploads\/sites\/16\/2022\/02\/Buy-Mexedrone-Crystal.jpg\" \/>\n\t<meta property=\"og:image:width\" content=\"600\" \/>\n\t<meta property=\"og:image:height\" content=\"600\" \/>\n\t<meta property=\"og:image:type\" content=\"image\/jpeg\" \/>\n<meta name=\"twitter:card\" content=\"summary_large_image\" \/>\n<meta name=\"twitter:label1\" content=\"Ber\u00e4knad l\u00e4stid\" \/>\n\t<meta name=\"twitter:data1\" content=\"1 minut\" \/>\n<script type=\"application\/ld+json\" class=\"yoast-schema-graph\">{\"@context\":\"https:\\\/\\\/schema.org\",\"@graph\":[{\"@type\":\"WebPage\",\"@id\":\"https:\\\/\\\/medicinasinc.com\\\/se\\\/product\\\/kop-mexedrone-kristall\\\/\",\"url\":\"https:\\\/\\\/medicinasinc.com\\\/se\\\/product\\\/kop-mexedrone-kristall\\\/\",\"name\":\"K\u00f6p Mexedrone MXE Crystal - Best Global Meds\",\"isPartOf\":{\"@id\":\"https:\\\/\\\/medicinasinc.com\\\/se\\\/#website\"},\"primaryImageOfPage\":{\"@id\":\"https:\\\/\\\/medicinasinc.com\\\/se\\\/product\\\/kop-mexedrone-kristall\\\/#primaryimage\"},\"image\":{\"@id\":\"https:\\\/\\\/medicinasinc.com\\\/se\\\/product\\\/kop-mexedrone-kristall\\\/#primaryimage\"},\"thumbnailUrl\":\"https:\\\/\\\/medicinasinc.com\\\/se\\\/wp-content\\\/uploads\\\/sites\\\/16\\\/2022\\\/02\\\/Buy-Mexedrone-Crystal.jpg\",\"datePublished\":\"2022-02-22T02:21:39+00:00\",\"dateModified\":\"2022-07-03T23:20:40+00:00\",\"description\":\"K\u00f6p Mexedrone Crystal till salu i Storbritannien, Europa Online. Mexedrone MXE Power, Mexedrone, \u00e4ven kallad MEX eller 4-MMC-Ome. Best\u00e4ll nu p\u00e5 Best Global Meds\",\"breadcrumb\":{\"@id\":\"https:\\\/\\\/medicinasinc.com\\\/se\\\/product\\\/kop-mexedrone-kristall\\\/#breadcrumb\"},\"inLanguage\":\"sv-SE\",\"potentialAction\":[{\"@type\":\"ReadAction\",\"target\":[\"https:\\\/\\\/medicinasinc.com\\\/se\\\/product\\\/kop-mexedrone-kristall\\\/\"]}]},{\"@type\":\"ImageObject\",\"inLanguage\":\"sv-SE\",\"@id\":\"https:\\\/\\\/medicinasinc.com\\\/se\\\/product\\\/kop-mexedrone-kristall\\\/#primaryimage\",\"url\":\"https:\\\/\\\/medicinasinc.com\\\/se\\\/wp-content\\\/uploads\\\/sites\\\/16\\\/2022\\\/02\\\/Buy-Mexedrone-Crystal.jpg\",\"contentUrl\":\"https:\\\/\\\/medicinasinc.com\\\/se\\\/wp-content\\\/uploads\\\/sites\\\/16\\\/2022\\\/02\\\/Buy-Mexedrone-Crystal.jpg\",\"width\":600,\"height\":600},{\"@type\":\"BreadcrumbList\",\"@id\":\"https:\\\/\\\/medicinasinc.com\\\/se\\\/product\\\/kop-mexedrone-kristall\\\/#breadcrumb\",\"itemListElement\":[{\"@type\":\"ListItem\",\"position\":1,\"name\":\"aff\u00e4r\",\"item\":\"https:\\\/\\\/medicinasinc.com\\\/se\\\/affar\\\/\"},{\"@type\":\"ListItem\",\"position\":2,\"name\":\"K\u00f6p Mexedrone Crystal\"}]},{\"@type\":\"WebSite\",\"@id\":\"https:\\\/\\\/medicinasinc.com\\\/se\\\/#website\",\"url\":\"https:\\\/\\\/medicinasinc.com\\\/se\\\/\",\"name\":\"Medicinas Inc\",\"description\":\"Health Medical Clinic\",\"potentialAction\":[{\"@type\":\"SearchAction\",\"target\":{\"@type\":\"EntryPoint\",\"urlTemplate\":\"https:\\\/\\\/medicinasinc.com\\\/se\\\/?s={search_term_string}\"},\"query-input\":{\"@type\":\"PropertyValueSpecification\",\"valueRequired\":true,\"valueName\":\"search_term_string\"}}],\"inLanguage\":\"sv-SE\"}]}<\/script>\n<!-- \/ Yoast SEO plugin. -->","yoast_head_json":{"title":"K\u00f6p Mexedrone MXE Crystal - Best Global Meds","description":"K\u00f6p Mexedrone Crystal till salu i Storbritannien, Europa Online. Mexedrone MXE Power, Mexedrone, \u00e4ven kallad MEX eller 4-MMC-Ome. Best\u00e4ll nu p\u00e5 Best Global Meds","robots":{"index":"index","follow":"follow","max-snippet":"max-snippet:-1","max-image-preview":"max-image-preview:large","max-video-preview":"max-video-preview:-1"},"canonical":"https:\/\/medicinasinc.com\/se\/product\/kop-mexedrone-kristall\/","og_locale":"sv_SE","og_type":"article","og_title":"K\u00f6p Mexedrone MXE Crystal - Best Global Meds","og_description":"K\u00f6p Mexedrone Crystal till salu i Storbritannien, Europa Online. Mexedrone MXE Power, Mexedrone, \u00e4ven kallad MEX eller 4-MMC-Ome. Best\u00e4ll nu p\u00e5 Best Global Meds","og_url":"https:\/\/medicinasinc.com\/se\/product\/kop-mexedrone-kristall\/","og_site_name":"Medicinas Inc","article_modified_time":"2022-07-03T23:20:40+00:00","og_image":[{"width":600,"height":600,"url":"https:\/\/medicinasinc.com\/se\/wp-content\/uploads\/sites\/16\/2022\/02\/Buy-Mexedrone-Crystal.jpg","type":"image\/jpeg"}],"twitter_card":"summary_large_image","twitter_misc":{"Ber\u00e4knad l\u00e4stid":"1 minut"},"schema":{"@context":"https:\/\/schema.org","@graph":[{"@type":"WebPage","@id":"https:\/\/medicinasinc.com\/se\/product\/kop-mexedrone-kristall\/","url":"https:\/\/medicinasinc.com\/se\/product\/kop-mexedrone-kristall\/","name":"K\u00f6p Mexedrone MXE Crystal - Best Global Meds","isPartOf":{"@id":"https:\/\/medicinasinc.com\/se\/#website"},"primaryImageOfPage":{"@id":"https:\/\/medicinasinc.com\/se\/product\/kop-mexedrone-kristall\/#primaryimage"},"image":{"@id":"https:\/\/medicinasinc.com\/se\/product\/kop-mexedrone-kristall\/#primaryimage"},"thumbnailUrl":"https:\/\/medicinasinc.com\/se\/wp-content\/uploads\/sites\/16\/2022\/02\/Buy-Mexedrone-Crystal.jpg","datePublished":"2022-02-22T02:21:39+00:00","dateModified":"2022-07-03T23:20:40+00:00","description":"K\u00f6p Mexedrone Crystal till salu i Storbritannien, Europa Online. Mexedrone MXE Power, Mexedrone, \u00e4ven kallad MEX eller 4-MMC-Ome. Best\u00e4ll nu p\u00e5 Best Global Meds","breadcrumb":{"@id":"https:\/\/medicinasinc.com\/se\/product\/kop-mexedrone-kristall\/#breadcrumb"},"inLanguage":"sv-SE","potentialAction":[{"@type":"ReadAction","target":["https:\/\/medicinasinc.com\/se\/product\/kop-mexedrone-kristall\/"]}]},{"@type":"ImageObject","inLanguage":"sv-SE","@id":"https:\/\/medicinasinc.com\/se\/product\/kop-mexedrone-kristall\/#primaryimage","url":"https:\/\/medicinasinc.com\/se\/wp-content\/uploads\/sites\/16\/2022\/02\/Buy-Mexedrone-Crystal.jpg","contentUrl":"https:\/\/medicinasinc.com\/se\/wp-content\/uploads\/sites\/16\/2022\/02\/Buy-Mexedrone-Crystal.jpg","width":600,"height":600},{"@type":"BreadcrumbList","@id":"https:\/\/medicinasinc.com\/se\/product\/kop-mexedrone-kristall\/#breadcrumb","itemListElement":[{"@type":"ListItem","position":1,"name":"aff\u00e4r","item":"https:\/\/medicinasinc.com\/se\/affar\/"},{"@type":"ListItem","position":2,"name":"K\u00f6p Mexedrone Crystal"}]},{"@type":"WebSite","@id":"https:\/\/medicinasinc.com\/se\/#website","url":"https:\/\/medicinasinc.com\/se\/","name":"Medicinas Inc","description":"Health Medical Clinic","potentialAction":[{"@type":"SearchAction","target":{"@type":"EntryPoint","urlTemplate":"https:\/\/medicinasinc.com\/se\/?s={search_term_string}"},"query-input":{"@type":"PropertyValueSpecification","valueRequired":true,"valueName":"search_term_string"}}],"inLanguage":"sv-SE"}]}},"_links":{"self":[{"href":"https:\/\/medicinasinc.com\/se\/wp-json\/wp\/v2\/product\/5591","targetHints":{"allow":["GET"]}}],"collection":[{"href":"https:\/\/medicinasinc.com\/se\/wp-json\/wp\/v2\/product"}],"about":[{"href":"https:\/\/medicinasinc.com\/se\/wp-json\/wp\/v2\/types\/product"}],"replies":[{"embeddable":true,"href":"https:\/\/medicinasinc.com\/se\/wp-json\/wp\/v2\/comments?post=5591"}],"wp:featuredmedia":[{"embeddable":true,"href":"https:\/\/medicinasinc.com\/se\/wp-json\/wp\/v2\/media\/5602"}],"wp:attachment":[{"href":"https:\/\/medicinasinc.com\/se\/wp-json\/wp\/v2\/media?parent=5591"}],"wp:term":[{"taxonomy":"product_brand","embeddable":true,"href":"https:\/\/medicinasinc.com\/se\/wp-json\/wp\/v2\/product_brand?post=5591"},{"taxonomy":"product_cat","embeddable":true,"href":"https:\/\/medicinasinc.com\/se\/wp-json\/wp\/v2\/product_cat?post=5591"},{"taxonomy":"product_tag","embeddable":true,"href":"https:\/\/medicinasinc.com\/se\/wp-json\/wp\/v2\/product_tag?post=5591"}],"curies":[{"name":"wp","href":"https:\/\/api.w.org\/{rel}","templated":true}]}}