{"id":5589,"date":"2022-02-22T02:18:17","date_gmt":"2022-02-22T02:18:17","guid":{"rendered":"https:\/\/medicinasinc.com\/se\/?post_type=product&#038;p=5589"},"modified":"2022-07-03T23:21:03","modified_gmt":"2022-07-03T23:21:03","slug":"kop-metizolam-2mg-pellets-online","status":"publish","type":"product","link":"https:\/\/medicinasinc.com\/se\/product\/kop-metizolam-2mg-pellets-online\/","title":{"rendered":"K\u00f6p Metizolam 2mg Pellets online"},"content":{"rendered":"<p>Det b\u00e4sta st\u00e4llet att k\u00f6pa Metizolam 2 mg pellets \u00e4r online.<\/p>\n<p>K\u00f6p 2 mg pellets av Metizolam. F\u00f6rkortning f\u00f6r 4-(2-klorfenyl)-2-etyl-6H-tieno. [3,2-f] [1,2,4] triazolo[4,3-a][1,4] Ett diazepin, som ocks\u00e5 kallas etizol, \u00e4r N-desmetylversionen av det. K\u00f6p d\u00e4rf\u00f6r 2 mg pellets av Metizolam. Metizolam \u00e4r en allosterisk modulator f\u00f6r Gaba-receptorer i labbet. metizolam pulver \u00e4r till salu p\u00e5 webben.<\/p>\n<p>Vi har \u00e4ven kemikalier som inte \u00e4r godk\u00e4nda f\u00f6r forskning in vivo K\u00f6p Metizolam 2mg Pellets, s\u00e5 om n\u00e5gon r\u00e5kar f\u00e5 i sig dem ska de g\u00e5 till doktorn direkt och f\u00e5 hj\u00e4lp. F\u00f6lj standardlaboratories\u00e4kerhetsreglerna, som att b\u00e4ra r\u00e4tt hud-, \u00f6gon- och kl\u00e4dskydd.<\/p>\n<p>K\u00f6p 2 mg Metizolam. Pellets av metizolam kan k\u00f6pas i butik.<br \/> K\u00f6p\u00a0Metizolam\u00a02mg Pellets av klonazolam finns till f\u00f6rs\u00e4ljning online.<br \/> pulver av pyrazolam kan k\u00f6pas online.<br \/> online kan du k\u00f6pa diklazepam f\u00f6r forskning. <br \/> handla etizolam online<br \/> Fluclotizolam kan k\u00f6pas.<br \/> metizolampulver \u00e4r till salu p\u00e5 webben.<br \/> Pulvret av metizolam \u00e4r till salu p\u00e5 webben. Metizolam, som \u00e4ven kallas Desmethyletizol, \u00e4r ett tienodiazepin som \u00e4r v\u00e4ldigt likt Etizolam. Endast 2 mg pellets av Metizolam finns tillg\u00e4ngliga. F\u00f6r mer avancerade forskare som vill g\u00f6ra sitt eget pulver har vi det \u00e4ven i ren pulverform. Metizolam ska, liksom alla v\u00e5ra andra produkter, anv\u00e4ndas p\u00e5 ett s\u00e4kert s\u00e4tt av forskare. Denna produkt s\u00e4ljs endast till forskningscenter som redan har uppr\u00e4ttats. metizolampulver \u00e4r till salu p\u00e5 webben.<\/p>\n<p>Etizolam \u00e4r moderf\u00f6retaget till Metizolam, som \u00e4ven kallas Desmethyletizolam.<\/p>\n<p>De s\u00e4ljs i form av pellets. Endast f\u00f6r forskning! Bestglobalmeds vill inte att folk ska anv\u00e4nda forskningskemikalier f\u00f6r n\u00e5got annat \u00e4n forskning. De s\u00e4ljer bara Metizolam f\u00f6r forskningsanv\u00e4ndning.<\/p>\n","protected":false},"excerpt":{"rendered":"<p>Det b\u00e4sta st\u00e4llet att k\u00f6pa Metizolam 2mg Pellets till salu i Storbritannien och Europa \u00e4r medicinasinc.com\/se. Vi har snabb leverans \u00f6ver hela v\u00e4rlden. H\u00e4r kan du k\u00f6pa de b\u00e4sta Metizolam 2mg pellets till salu.<\/p>\n<p>2mg pellets av metizolam pulver till salu online. Clonazolam pellets finns i lager och kan skickas till var som helst i v\u00e4rlden. Idag kan du k\u00f6pa Clonazolam 0,5 mg pellets fr\u00e5n butiken.<\/p>\n<p>K\u00f6p 2 mg pellets av Metizolam online nu. Det \u00e4r v\u00e4ldigt billigt med gratis frakt p\u00e5 massbest\u00e4llningar. Toppkvalitet \u00e4r givet.<\/p>\n<p>Metizolam, \u00e4ven k\u00e4nd som Desmethyletizol, \u00e4r ett syntetiskt d\u00e4mpande medel av den kemiska klassen tienodiazepiner. N\u00e4r det tas s\u00e4gs det ha etizol-liknande effekter som \u00e5ngestd\u00e4mpning, disinhibition, sedering, muskelavslappning och minnesd\u00e4mpning.<\/p>\n","protected":false},"featured_media":5598,"comment_status":"open","ping_status":"closed","template":"","meta":[],"product_brand":[],"product_cat":[2014],"product_tag":[3211,3216,3217,3219,3220,3231,3229,3212,3213,3214,3215,3218,3210,3225,3227,3222,3223,3224,3228,3221,3226,3230],"class_list":{"0":"post-5589","1":"product","2":"type-product","3":"status-publish","4":"has-post-thumbnail","6":"product_cat-kop-research-chemicals","7":"product_tag-buy-fluclotizolam","8":"product_tag-buy-metizolam-powder-online-uk","9":"product_tag-buy-metizolam-powder-online-usa","10":"product_tag-klonazolam-till-frsljning-online","11":"product_tag-etizolam-shop-online","12":"product_tag-forskning-kemikalier-till-frsljning","13":"product_tag-metizolam-kp","14":"product_tag-kpa-metizolam-2mg-pellets","15":"product_tag-kp-metizolam-pulver-online","16":"product_tag-kp-metizolam-pulver-online-australien","17":"product_tag-kp-metizolam-pulver-online-kanada","18":"product_tag-kp-pyrazolam-pulver-online","19":"product_tag-kp-diklazepam-online","20":"product_tag-metizolam-2mg-pellets-order","21":"product_tag-metizolam-2mg-pellets-detaljhandel","22":"product_tag-metizolam-2mg-pellets-effekt","23":"product_tag-metizolam-2mg-pellets-europe","24":"product_tag-metizolam-2mg-pellets-for-sale","25":"product_tag-metizolam-2mg-pellets-grossist","26":"product_tag-metizolam-2mg-pellets-kp","27":"product_tag-metizolam-2mg-pellets-reddit","28":"product_tag-metizolam-pulver-till-frsljning-online","30":"first","31":"instock","32":"shipping-taxable","33":"purchasable","34":"product-type-variable"},"yoast_head":"<!-- This site is optimized with the Yoast SEO plugin v27.3 - https:\/\/yoast.com\/product\/yoast-seo-wordpress\/ -->\n<title>K\u00f6p Metizolam 2mg Pellets online - Best Global Meds<\/title>\n<meta name=\"description\" content=\"funderar p\u00e5 att k\u00f6pa Metizolam 2mg Pellets till salu i Storbritannien, Europa i v\u00e5r medicinasinc.com\/se-butik med snabb v\u00e4rldsomsp\u00e4nnande leverans! De b\u00e4sta Metizolam 2mg Pellets f\u00f6r best\u00e4llning hittar du h\u00e4r!\" \/>\n<meta name=\"robots\" content=\"index, follow, max-snippet:-1, max-image-preview:large, max-video-preview:-1\" \/>\n<link rel=\"canonical\" href=\"https:\/\/medicinasinc.com\/se\/product\/kop-metizolam-2mg-pellets-online\/\" \/>\n<meta property=\"og:locale\" content=\"sv_SE\" \/>\n<meta property=\"og:type\" content=\"article\" \/>\n<meta property=\"og:title\" content=\"K\u00f6p Metizolam 2mg Pellets online - Best Global Meds\" \/>\n<meta property=\"og:description\" content=\"funderar p\u00e5 att k\u00f6pa Metizolam 2mg Pellets till salu i Storbritannien, Europa i v\u00e5r medicinasinc.com\/se-butik med snabb v\u00e4rldsomsp\u00e4nnande leverans! De b\u00e4sta Metizolam 2mg Pellets f\u00f6r best\u00e4llning hittar du h\u00e4r!\" \/>\n<meta property=\"og:url\" content=\"https:\/\/medicinasinc.com\/se\/product\/kop-metizolam-2mg-pellets-online\/\" \/>\n<meta property=\"og:site_name\" content=\"Medicinas Inc\" \/>\n<meta property=\"article:modified_time\" content=\"2022-07-03T23:21:03+00:00\" \/>\n<meta property=\"og:image\" content=\"https:\/\/medicinasinc.com\/se\/wp-content\/uploads\/sites\/16\/2022\/02\/Buy-Metizolam-2mg-Pellets.jpg\" \/>\n\t<meta property=\"og:image:width\" content=\"600\" \/>\n\t<meta property=\"og:image:height\" content=\"600\" \/>\n\t<meta property=\"og:image:type\" content=\"image\/jpeg\" \/>\n<meta name=\"twitter:card\" content=\"summary_large_image\" \/>\n<meta name=\"twitter:label1\" content=\"Ber\u00e4knad l\u00e4stid\" \/>\n\t<meta name=\"twitter:data1\" content=\"2 minuter\" \/>\n<script type=\"application\/ld+json\" class=\"yoast-schema-graph\">{\"@context\":\"https:\\\/\\\/schema.org\",\"@graph\":[{\"@type\":\"WebPage\",\"@id\":\"https:\\\/\\\/medicinasinc.com\\\/se\\\/product\\\/kop-metizolam-2mg-pellets-online\\\/\",\"url\":\"https:\\\/\\\/medicinasinc.com\\\/se\\\/product\\\/kop-metizolam-2mg-pellets-online\\\/\",\"name\":\"K\u00f6p Metizolam 2mg Pellets online - Best Global Meds\",\"isPartOf\":{\"@id\":\"https:\\\/\\\/medicinasinc.com\\\/se\\\/#website\"},\"primaryImageOfPage\":{\"@id\":\"https:\\\/\\\/medicinasinc.com\\\/se\\\/product\\\/kop-metizolam-2mg-pellets-online\\\/#primaryimage\"},\"image\":{\"@id\":\"https:\\\/\\\/medicinasinc.com\\\/se\\\/product\\\/kop-metizolam-2mg-pellets-online\\\/#primaryimage\"},\"thumbnailUrl\":\"https:\\\/\\\/medicinasinc.com\\\/se\\\/wp-content\\\/uploads\\\/sites\\\/16\\\/2022\\\/02\\\/Buy-Metizolam-2mg-Pellets.jpg\",\"datePublished\":\"2022-02-22T02:18:17+00:00\",\"dateModified\":\"2022-07-03T23:21:03+00:00\",\"description\":\"funderar p\u00e5 att k\u00f6pa Metizolam 2mg Pellets till salu i Storbritannien, Europa i v\u00e5r medicinasinc.com\\\/se-butik med snabb v\u00e4rldsomsp\u00e4nnande leverans! De b\u00e4sta Metizolam 2mg Pellets f\u00f6r best\u00e4llning hittar du h\u00e4r!\",\"breadcrumb\":{\"@id\":\"https:\\\/\\\/medicinasinc.com\\\/se\\\/product\\\/kop-metizolam-2mg-pellets-online\\\/#breadcrumb\"},\"inLanguage\":\"sv-SE\",\"potentialAction\":[{\"@type\":\"ReadAction\",\"target\":[\"https:\\\/\\\/medicinasinc.com\\\/se\\\/product\\\/kop-metizolam-2mg-pellets-online\\\/\"]}]},{\"@type\":\"ImageObject\",\"inLanguage\":\"sv-SE\",\"@id\":\"https:\\\/\\\/medicinasinc.com\\\/se\\\/product\\\/kop-metizolam-2mg-pellets-online\\\/#primaryimage\",\"url\":\"https:\\\/\\\/medicinasinc.com\\\/se\\\/wp-content\\\/uploads\\\/sites\\\/16\\\/2022\\\/02\\\/Buy-Metizolam-2mg-Pellets.jpg\",\"contentUrl\":\"https:\\\/\\\/medicinasinc.com\\\/se\\\/wp-content\\\/uploads\\\/sites\\\/16\\\/2022\\\/02\\\/Buy-Metizolam-2mg-Pellets.jpg\",\"width\":600,\"height\":600},{\"@type\":\"BreadcrumbList\",\"@id\":\"https:\\\/\\\/medicinasinc.com\\\/se\\\/product\\\/kop-metizolam-2mg-pellets-online\\\/#breadcrumb\",\"itemListElement\":[{\"@type\":\"ListItem\",\"position\":1,\"name\":\"aff\u00e4r\",\"item\":\"https:\\\/\\\/medicinasinc.com\\\/se\\\/affar\\\/\"},{\"@type\":\"ListItem\",\"position\":2,\"name\":\"K\u00f6p Metizolam 2mg Pellets online\"}]},{\"@type\":\"WebSite\",\"@id\":\"https:\\\/\\\/medicinasinc.com\\\/se\\\/#website\",\"url\":\"https:\\\/\\\/medicinasinc.com\\\/se\\\/\",\"name\":\"Medicinas Inc\",\"description\":\"Health Medical Clinic\",\"potentialAction\":[{\"@type\":\"SearchAction\",\"target\":{\"@type\":\"EntryPoint\",\"urlTemplate\":\"https:\\\/\\\/medicinasinc.com\\\/se\\\/?s={search_term_string}\"},\"query-input\":{\"@type\":\"PropertyValueSpecification\",\"valueRequired\":true,\"valueName\":\"search_term_string\"}}],\"inLanguage\":\"sv-SE\"}]}<\/script>\n<!-- \/ Yoast SEO plugin. -->","yoast_head_json":{"title":"K\u00f6p Metizolam 2mg Pellets online - Best Global Meds","description":"funderar p\u00e5 att k\u00f6pa Metizolam 2mg Pellets till salu i Storbritannien, Europa i v\u00e5r medicinasinc.com\/se-butik med snabb v\u00e4rldsomsp\u00e4nnande leverans! De b\u00e4sta Metizolam 2mg Pellets f\u00f6r best\u00e4llning hittar du h\u00e4r!","robots":{"index":"index","follow":"follow","max-snippet":"max-snippet:-1","max-image-preview":"max-image-preview:large","max-video-preview":"max-video-preview:-1"},"canonical":"https:\/\/medicinasinc.com\/se\/product\/kop-metizolam-2mg-pellets-online\/","og_locale":"sv_SE","og_type":"article","og_title":"K\u00f6p Metizolam 2mg Pellets online - Best Global Meds","og_description":"funderar p\u00e5 att k\u00f6pa Metizolam 2mg Pellets till salu i Storbritannien, Europa i v\u00e5r medicinasinc.com\/se-butik med snabb v\u00e4rldsomsp\u00e4nnande leverans! De b\u00e4sta Metizolam 2mg Pellets f\u00f6r best\u00e4llning hittar du h\u00e4r!","og_url":"https:\/\/medicinasinc.com\/se\/product\/kop-metizolam-2mg-pellets-online\/","og_site_name":"Medicinas Inc","article_modified_time":"2022-07-03T23:21:03+00:00","og_image":[{"width":600,"height":600,"url":"https:\/\/medicinasinc.com\/se\/wp-content\/uploads\/sites\/16\/2022\/02\/Buy-Metizolam-2mg-Pellets.jpg","type":"image\/jpeg"}],"twitter_card":"summary_large_image","twitter_misc":{"Ber\u00e4knad l\u00e4stid":"2 minuter"},"schema":{"@context":"https:\/\/schema.org","@graph":[{"@type":"WebPage","@id":"https:\/\/medicinasinc.com\/se\/product\/kop-metizolam-2mg-pellets-online\/","url":"https:\/\/medicinasinc.com\/se\/product\/kop-metizolam-2mg-pellets-online\/","name":"K\u00f6p Metizolam 2mg Pellets online - Best Global Meds","isPartOf":{"@id":"https:\/\/medicinasinc.com\/se\/#website"},"primaryImageOfPage":{"@id":"https:\/\/medicinasinc.com\/se\/product\/kop-metizolam-2mg-pellets-online\/#primaryimage"},"image":{"@id":"https:\/\/medicinasinc.com\/se\/product\/kop-metizolam-2mg-pellets-online\/#primaryimage"},"thumbnailUrl":"https:\/\/medicinasinc.com\/se\/wp-content\/uploads\/sites\/16\/2022\/02\/Buy-Metizolam-2mg-Pellets.jpg","datePublished":"2022-02-22T02:18:17+00:00","dateModified":"2022-07-03T23:21:03+00:00","description":"funderar p\u00e5 att k\u00f6pa Metizolam 2mg Pellets till salu i Storbritannien, Europa i v\u00e5r medicinasinc.com\/se-butik med snabb v\u00e4rldsomsp\u00e4nnande leverans! De b\u00e4sta Metizolam 2mg Pellets f\u00f6r best\u00e4llning hittar du h\u00e4r!","breadcrumb":{"@id":"https:\/\/medicinasinc.com\/se\/product\/kop-metizolam-2mg-pellets-online\/#breadcrumb"},"inLanguage":"sv-SE","potentialAction":[{"@type":"ReadAction","target":["https:\/\/medicinasinc.com\/se\/product\/kop-metizolam-2mg-pellets-online\/"]}]},{"@type":"ImageObject","inLanguage":"sv-SE","@id":"https:\/\/medicinasinc.com\/se\/product\/kop-metizolam-2mg-pellets-online\/#primaryimage","url":"https:\/\/medicinasinc.com\/se\/wp-content\/uploads\/sites\/16\/2022\/02\/Buy-Metizolam-2mg-Pellets.jpg","contentUrl":"https:\/\/medicinasinc.com\/se\/wp-content\/uploads\/sites\/16\/2022\/02\/Buy-Metizolam-2mg-Pellets.jpg","width":600,"height":600},{"@type":"BreadcrumbList","@id":"https:\/\/medicinasinc.com\/se\/product\/kop-metizolam-2mg-pellets-online\/#breadcrumb","itemListElement":[{"@type":"ListItem","position":1,"name":"aff\u00e4r","item":"https:\/\/medicinasinc.com\/se\/affar\/"},{"@type":"ListItem","position":2,"name":"K\u00f6p Metizolam 2mg Pellets online"}]},{"@type":"WebSite","@id":"https:\/\/medicinasinc.com\/se\/#website","url":"https:\/\/medicinasinc.com\/se\/","name":"Medicinas Inc","description":"Health Medical Clinic","potentialAction":[{"@type":"SearchAction","target":{"@type":"EntryPoint","urlTemplate":"https:\/\/medicinasinc.com\/se\/?s={search_term_string}"},"query-input":{"@type":"PropertyValueSpecification","valueRequired":true,"valueName":"search_term_string"}}],"inLanguage":"sv-SE"}]}},"_links":{"self":[{"href":"https:\/\/medicinasinc.com\/se\/wp-json\/wp\/v2\/product\/5589","targetHints":{"allow":["GET"]}}],"collection":[{"href":"https:\/\/medicinasinc.com\/se\/wp-json\/wp\/v2\/product"}],"about":[{"href":"https:\/\/medicinasinc.com\/se\/wp-json\/wp\/v2\/types\/product"}],"replies":[{"embeddable":true,"href":"https:\/\/medicinasinc.com\/se\/wp-json\/wp\/v2\/comments?post=5589"}],"wp:featuredmedia":[{"embeddable":true,"href":"https:\/\/medicinasinc.com\/se\/wp-json\/wp\/v2\/media\/5598"}],"wp:attachment":[{"href":"https:\/\/medicinasinc.com\/se\/wp-json\/wp\/v2\/media?parent=5589"}],"wp:term":[{"taxonomy":"product_brand","embeddable":true,"href":"https:\/\/medicinasinc.com\/se\/wp-json\/wp\/v2\/product_brand?post=5589"},{"taxonomy":"product_cat","embeddable":true,"href":"https:\/\/medicinasinc.com\/se\/wp-json\/wp\/v2\/product_cat?post=5589"},{"taxonomy":"product_tag","embeddable":true,"href":"https:\/\/medicinasinc.com\/se\/wp-json\/wp\/v2\/product_tag?post=5589"}],"curies":[{"name":"wp","href":"https:\/\/api.w.org\/{rel}","templated":true}]}}