{"id":5566,"date":"2022-02-22T01:53:35","date_gmt":"2022-02-22T01:53:35","guid":{"rendered":"https:\/\/medicinasinc.com\/se\/?post_type=product&#038;p=5566"},"modified":"2022-07-03T23:21:14","modified_gmt":"2022-07-03T23:21:14","slug":"metadon-hydroklorid-usp-pulver-for-oral-bruk","status":"publish","type":"product","link":"https:\/\/medicinasinc.com\/se\/product\/metadon-hydroklorid-usp-pulver-for-oral-bruk\/","title":{"rendered":"Metadonhydroklorid USP PULVER F\u00d6R ORAL ANV\u00c4NDNING"},"content":{"rendered":"<p>Ink\u00f6p av metadonhydrokloridpulver<\/p>\n<p>Metadon \u00e4r ett opioidl\u00e4kemedel som anv\u00e4nds f\u00f6r att behandla opioidberoende och sv\u00e5r sm\u00e4rta.<\/p>\n<p>Metadon kan tas som ett piller eller oral l\u00f6sning f\u00f6r att lindra sv\u00e5r sm\u00e4rta.<\/p>\n<p>Drycker med fruktsmak \u00e4r den vanligaste formen av metadon n\u00e4r det anv\u00e4nds f\u00f6r att behandla opiatberoende. En g\u00e5ng dagligen l\u00f6ses pulvret och sv\u00e4ljs helt.<\/p>\n<p>Metadon \u00e4r ett l\u00e4kemedel som anv\u00e4nds f\u00f6r att behandla beroende.<\/p>\n<p>Heroin, oxikodon, fentanyl och hydromorfon kan alla ers\u00e4ttas med metadon vid behandling av opioidberoende. Termen &#8221;l\u00e5ngverkande&#8221; syftar p\u00e5 ett l\u00e4kemedel som har en l\u00e5ngsammare ins\u00e4ttande effekt och varar l\u00e4ngre i kroppen. Metadons effekter kan vara allt fr\u00e5n 24 till 36 timmar, beroende p\u00e5 dosering. Kortverkande opioider, \u00e5 andra sidan, m\u00e5ste tas tre till fyra g\u00e5nger om dagen av n\u00e5gon som f\u00f6rs\u00f6ker undvika abstinens.<\/p>\n<p>S\u00e5 l\u00e4nge som r\u00e4tt dosering av metadon anv\u00e4nds kan det lindra drogsug och f\u00f6rhindra abstinensbesv\u00e4r. Riskerna f\u00f6r opioidmissbruk minskar och de som \u00e4r beroende av opioider har st\u00f6rre chans att f\u00e5 sina liv p\u00e5 r\u00e4tt sp\u00e5r igen. Metadonunderh\u00e5ll \u00e4r en typ av opioidagonistbehandling som anv\u00e4nds f\u00f6r att behandla opioidberoende. Buprenorfin, en annan opioidagonist, anv\u00e4nds vid behandling av opioidberoende, liksom metadon.<\/p>\n<p>Metadon och buprenorfin \u00e4r b\u00e5da effektiva terapier f\u00f6r opioidberoende n\u00e4r de anv\u00e4nds i samband med medicinsk och st\u00f6djande v\u00e5rd, hur man \u00e4n kan vara mer framg\u00e5ngsrik \u00e4n den andra f\u00f6r vissa m\u00e4nniskor.<\/p>\n<p>L\u00e5ngtidsbehandling med metadon kr\u00e4vs. Behandlingstiden str\u00e4cker sig fr\u00e5n n\u00e5gra m\u00e5nader till upp\u00e5t tv\u00e5 decennier. N\u00e4r en metadonanv\u00e4ndare best\u00e4mmer sig f\u00f6r att sluta ta l\u00e4kemedlet, minskar l\u00e4karen gradvis m\u00e4ngden metadon de tar under en period av veckor eller m\u00e5nader.<\/p>\n<p>Biverkningar av metadon<\/p>\n<p>Bland de m\u00f6jliga biverkningar:<\/p>\n<p>Ljus i huvudet orsakas av f\u00f6rstoppning kraftig svettning muntorrhet och f\u00f6r\u00e4ndringar i k\u00f6n.<\/p>\n<p>&nbsp;<\/p>\n","protected":false},"excerpt":{"rendered":"<p>K\u00f6p Metho Metadon HCL-pulver online. Metho Metadon HCL-pulver i grossistledet\u00a099,8 % ren @ grossistpriser. Metho (metadon HCL) behandlar m\u00e5ttlig till sv\u00e5r sm\u00e4rta.<\/p>\n","protected":false},"featured_media":5578,"comment_status":"open","ping_status":"closed","template":"","meta":[],"product_brand":[],"product_cat":[2014],"product_tag":[3202,3190,3209,3197,3191,3193,3192,3195,3194,3196,3204,3201,3203,3206,3199,3200,3198,3205,3207,3208],"class_list":{"0":"post-5566","1":"product","2":"type-product","3":"status-publish","4":"has-post-thumbnail","6":"product_cat-kop-research-chemicals","7":"product_tag-metadon-pulver-ordning","8":"product_tag-buy-methadone-hydrochloride","9":"product_tag-grossist-metadon-pulver","10":"product_tag-metadon-pulver-kp","11":"product_tag-kpa-metadon-pulver","12":"product_tag-kp-meto-pulver","13":"product_tag-kp-meto-hcl","14":"product_tag-metadon-hydroklorid-grossist","15":"product_tag-metadon-hydroklorid-effekt","16":"product_tag-metadon-pulver","17":"product_tag-metadon-pulver-detaljhandel","18":"product_tag-metadon-pulver-online","19":"product_tag-metadon-pulver-reddit","20":"product_tag-metadon-pulver-slja","21":"product_tag-metadon-pulver-till-frsljning","22":"product_tag-metadon-pulver-till-frsljning-online","23":"product_tag-metadon-pulver-effekt","24":"product_tag-metadon-pulver-frsljning","25":"product_tag-var-att-kpa-metadon-pulver","26":"product_tag-var-att-bestlla-metadon-pulver","28":"first","29":"instock","30":"shipping-taxable","31":"purchasable","32":"product-type-variable","33":"has-default-attributes"},"yoast_head":"<!-- This site is optimized with the Yoast SEO plugin v27.3 - https:\/\/yoast.com\/product\/yoast-seo-wordpress\/ -->\n<title>Metadonhydroklorid USP PULVER F\u00d6R ORAL ANV\u00c4NDNING<\/title>\n<meta name=\"description\" content=\"K\u00f6p Metho Metadon HCL-pulver Online. Metho Metadon HCL pulver grossist 99,8% ren @ grossistpriser. Metho (metadon HCL) behandlar m\u00e5ttlig till sv\u00e5r sm\u00e4rta.\" \/>\n<meta name=\"robots\" content=\"index, follow, max-snippet:-1, max-image-preview:large, max-video-preview:-1\" \/>\n<link rel=\"canonical\" href=\"https:\/\/medicinasinc.com\/se\/product\/metadon-hydroklorid-usp-pulver-for-oral-bruk\/\" \/>\n<meta property=\"og:locale\" content=\"sv_SE\" \/>\n<meta property=\"og:type\" content=\"article\" \/>\n<meta property=\"og:title\" content=\"Metadonhydroklorid USP PULVER F\u00d6R ORAL ANV\u00c4NDNING\" \/>\n<meta property=\"og:description\" content=\"K\u00f6p Metho Metadon HCL-pulver Online. Metho Metadon HCL pulver grossist 99,8% ren @ grossistpriser. Metho (metadon HCL) behandlar m\u00e5ttlig till sv\u00e5r sm\u00e4rta.\" \/>\n<meta property=\"og:url\" content=\"https:\/\/medicinasinc.com\/se\/product\/metadon-hydroklorid-usp-pulver-for-oral-bruk\/\" \/>\n<meta property=\"og:site_name\" content=\"Medicinas Inc\" \/>\n<meta property=\"article:modified_time\" content=\"2022-07-03T23:21:14+00:00\" \/>\n<meta property=\"og:image\" content=\"https:\/\/medicinasinc.com\/se\/wp-content\/uploads\/sites\/16\/2022\/02\/Buy-Methadone.jpg\" \/>\n\t<meta property=\"og:image:width\" content=\"600\" \/>\n\t<meta property=\"og:image:height\" content=\"600\" \/>\n\t<meta property=\"og:image:type\" content=\"image\/jpeg\" \/>\n<meta name=\"twitter:card\" content=\"summary_large_image\" \/>\n<meta name=\"twitter:label1\" content=\"Ber\u00e4knad l\u00e4stid\" \/>\n\t<meta name=\"twitter:data1\" content=\"2 minuter\" \/>\n<script type=\"application\/ld+json\" class=\"yoast-schema-graph\">{\"@context\":\"https:\\\/\\\/schema.org\",\"@graph\":[{\"@type\":\"WebPage\",\"@id\":\"https:\\\/\\\/medicinasinc.com\\\/se\\\/product\\\/metadon-hydroklorid-usp-pulver-for-oral-bruk\\\/\",\"url\":\"https:\\\/\\\/medicinasinc.com\\\/se\\\/product\\\/metadon-hydroklorid-usp-pulver-for-oral-bruk\\\/\",\"name\":\"Metadonhydroklorid USP PULVER F\u00d6R ORAL ANV\u00c4NDNING\",\"isPartOf\":{\"@id\":\"https:\\\/\\\/medicinasinc.com\\\/se\\\/#website\"},\"primaryImageOfPage\":{\"@id\":\"https:\\\/\\\/medicinasinc.com\\\/se\\\/product\\\/metadon-hydroklorid-usp-pulver-for-oral-bruk\\\/#primaryimage\"},\"image\":{\"@id\":\"https:\\\/\\\/medicinasinc.com\\\/se\\\/product\\\/metadon-hydroklorid-usp-pulver-for-oral-bruk\\\/#primaryimage\"},\"thumbnailUrl\":\"https:\\\/\\\/medicinasinc.com\\\/se\\\/wp-content\\\/uploads\\\/sites\\\/16\\\/2022\\\/02\\\/Buy-Methadone.jpg\",\"datePublished\":\"2022-02-22T01:53:35+00:00\",\"dateModified\":\"2022-07-03T23:21:14+00:00\",\"description\":\"K\u00f6p Metho Metadon HCL-pulver Online. Metho Metadon HCL pulver grossist 99,8% ren @ grossistpriser. Metho (metadon HCL) behandlar m\u00e5ttlig till sv\u00e5r sm\u00e4rta.\",\"breadcrumb\":{\"@id\":\"https:\\\/\\\/medicinasinc.com\\\/se\\\/product\\\/metadon-hydroklorid-usp-pulver-for-oral-bruk\\\/#breadcrumb\"},\"inLanguage\":\"sv-SE\",\"potentialAction\":[{\"@type\":\"ReadAction\",\"target\":[\"https:\\\/\\\/medicinasinc.com\\\/se\\\/product\\\/metadon-hydroklorid-usp-pulver-for-oral-bruk\\\/\"]}]},{\"@type\":\"ImageObject\",\"inLanguage\":\"sv-SE\",\"@id\":\"https:\\\/\\\/medicinasinc.com\\\/se\\\/product\\\/metadon-hydroklorid-usp-pulver-for-oral-bruk\\\/#primaryimage\",\"url\":\"https:\\\/\\\/medicinasinc.com\\\/se\\\/wp-content\\\/uploads\\\/sites\\\/16\\\/2022\\\/02\\\/Buy-Methadone.jpg\",\"contentUrl\":\"https:\\\/\\\/medicinasinc.com\\\/se\\\/wp-content\\\/uploads\\\/sites\\\/16\\\/2022\\\/02\\\/Buy-Methadone.jpg\",\"width\":600,\"height\":600},{\"@type\":\"BreadcrumbList\",\"@id\":\"https:\\\/\\\/medicinasinc.com\\\/se\\\/product\\\/metadon-hydroklorid-usp-pulver-for-oral-bruk\\\/#breadcrumb\",\"itemListElement\":[{\"@type\":\"ListItem\",\"position\":1,\"name\":\"aff\u00e4r\",\"item\":\"https:\\\/\\\/medicinasinc.com\\\/se\\\/affar\\\/\"},{\"@type\":\"ListItem\",\"position\":2,\"name\":\"Metadonhydroklorid USP PULVER F\u00d6R ORAL ANV\u00c4NDNING\"}]},{\"@type\":\"WebSite\",\"@id\":\"https:\\\/\\\/medicinasinc.com\\\/se\\\/#website\",\"url\":\"https:\\\/\\\/medicinasinc.com\\\/se\\\/\",\"name\":\"Medicinas Inc\",\"description\":\"Health Medical Clinic\",\"potentialAction\":[{\"@type\":\"SearchAction\",\"target\":{\"@type\":\"EntryPoint\",\"urlTemplate\":\"https:\\\/\\\/medicinasinc.com\\\/se\\\/?s={search_term_string}\"},\"query-input\":{\"@type\":\"PropertyValueSpecification\",\"valueRequired\":true,\"valueName\":\"search_term_string\"}}],\"inLanguage\":\"sv-SE\"}]}<\/script>\n<!-- \/ Yoast SEO plugin. -->","yoast_head_json":{"title":"Metadonhydroklorid USP PULVER F\u00d6R ORAL ANV\u00c4NDNING","description":"K\u00f6p Metho Metadon HCL-pulver Online. Metho Metadon HCL pulver grossist 99,8% ren @ grossistpriser. Metho (metadon HCL) behandlar m\u00e5ttlig till sv\u00e5r sm\u00e4rta.","robots":{"index":"index","follow":"follow","max-snippet":"max-snippet:-1","max-image-preview":"max-image-preview:large","max-video-preview":"max-video-preview:-1"},"canonical":"https:\/\/medicinasinc.com\/se\/product\/metadon-hydroklorid-usp-pulver-for-oral-bruk\/","og_locale":"sv_SE","og_type":"article","og_title":"Metadonhydroklorid USP PULVER F\u00d6R ORAL ANV\u00c4NDNING","og_description":"K\u00f6p Metho Metadon HCL-pulver Online. Metho Metadon HCL pulver grossist 99,8% ren @ grossistpriser. Metho (metadon HCL) behandlar m\u00e5ttlig till sv\u00e5r sm\u00e4rta.","og_url":"https:\/\/medicinasinc.com\/se\/product\/metadon-hydroklorid-usp-pulver-for-oral-bruk\/","og_site_name":"Medicinas Inc","article_modified_time":"2022-07-03T23:21:14+00:00","og_image":[{"width":600,"height":600,"url":"https:\/\/medicinasinc.com\/se\/wp-content\/uploads\/sites\/16\/2022\/02\/Buy-Methadone.jpg","type":"image\/jpeg"}],"twitter_card":"summary_large_image","twitter_misc":{"Ber\u00e4knad l\u00e4stid":"2 minuter"},"schema":{"@context":"https:\/\/schema.org","@graph":[{"@type":"WebPage","@id":"https:\/\/medicinasinc.com\/se\/product\/metadon-hydroklorid-usp-pulver-for-oral-bruk\/","url":"https:\/\/medicinasinc.com\/se\/product\/metadon-hydroklorid-usp-pulver-for-oral-bruk\/","name":"Metadonhydroklorid USP PULVER F\u00d6R ORAL ANV\u00c4NDNING","isPartOf":{"@id":"https:\/\/medicinasinc.com\/se\/#website"},"primaryImageOfPage":{"@id":"https:\/\/medicinasinc.com\/se\/product\/metadon-hydroklorid-usp-pulver-for-oral-bruk\/#primaryimage"},"image":{"@id":"https:\/\/medicinasinc.com\/se\/product\/metadon-hydroklorid-usp-pulver-for-oral-bruk\/#primaryimage"},"thumbnailUrl":"https:\/\/medicinasinc.com\/se\/wp-content\/uploads\/sites\/16\/2022\/02\/Buy-Methadone.jpg","datePublished":"2022-02-22T01:53:35+00:00","dateModified":"2022-07-03T23:21:14+00:00","description":"K\u00f6p Metho Metadon HCL-pulver Online. Metho Metadon HCL pulver grossist 99,8% ren @ grossistpriser. Metho (metadon HCL) behandlar m\u00e5ttlig till sv\u00e5r sm\u00e4rta.","breadcrumb":{"@id":"https:\/\/medicinasinc.com\/se\/product\/metadon-hydroklorid-usp-pulver-for-oral-bruk\/#breadcrumb"},"inLanguage":"sv-SE","potentialAction":[{"@type":"ReadAction","target":["https:\/\/medicinasinc.com\/se\/product\/metadon-hydroklorid-usp-pulver-for-oral-bruk\/"]}]},{"@type":"ImageObject","inLanguage":"sv-SE","@id":"https:\/\/medicinasinc.com\/se\/product\/metadon-hydroklorid-usp-pulver-for-oral-bruk\/#primaryimage","url":"https:\/\/medicinasinc.com\/se\/wp-content\/uploads\/sites\/16\/2022\/02\/Buy-Methadone.jpg","contentUrl":"https:\/\/medicinasinc.com\/se\/wp-content\/uploads\/sites\/16\/2022\/02\/Buy-Methadone.jpg","width":600,"height":600},{"@type":"BreadcrumbList","@id":"https:\/\/medicinasinc.com\/se\/product\/metadon-hydroklorid-usp-pulver-for-oral-bruk\/#breadcrumb","itemListElement":[{"@type":"ListItem","position":1,"name":"aff\u00e4r","item":"https:\/\/medicinasinc.com\/se\/affar\/"},{"@type":"ListItem","position":2,"name":"Metadonhydroklorid USP PULVER F\u00d6R ORAL ANV\u00c4NDNING"}]},{"@type":"WebSite","@id":"https:\/\/medicinasinc.com\/se\/#website","url":"https:\/\/medicinasinc.com\/se\/","name":"Medicinas Inc","description":"Health Medical Clinic","potentialAction":[{"@type":"SearchAction","target":{"@type":"EntryPoint","urlTemplate":"https:\/\/medicinasinc.com\/se\/?s={search_term_string}"},"query-input":{"@type":"PropertyValueSpecification","valueRequired":true,"valueName":"search_term_string"}}],"inLanguage":"sv-SE"}]}},"_links":{"self":[{"href":"https:\/\/medicinasinc.com\/se\/wp-json\/wp\/v2\/product\/5566","targetHints":{"allow":["GET"]}}],"collection":[{"href":"https:\/\/medicinasinc.com\/se\/wp-json\/wp\/v2\/product"}],"about":[{"href":"https:\/\/medicinasinc.com\/se\/wp-json\/wp\/v2\/types\/product"}],"replies":[{"embeddable":true,"href":"https:\/\/medicinasinc.com\/se\/wp-json\/wp\/v2\/comments?post=5566"}],"wp:featuredmedia":[{"embeddable":true,"href":"https:\/\/medicinasinc.com\/se\/wp-json\/wp\/v2\/media\/5578"}],"wp:attachment":[{"href":"https:\/\/medicinasinc.com\/se\/wp-json\/wp\/v2\/media?parent=5566"}],"wp:term":[{"taxonomy":"product_brand","embeddable":true,"href":"https:\/\/medicinasinc.com\/se\/wp-json\/wp\/v2\/product_brand?post=5566"},{"taxonomy":"product_cat","embeddable":true,"href":"https:\/\/medicinasinc.com\/se\/wp-json\/wp\/v2\/product_cat?post=5566"},{"taxonomy":"product_tag","embeddable":true,"href":"https:\/\/medicinasinc.com\/se\/wp-json\/wp\/v2\/product_tag?post=5566"}],"curies":[{"name":"wp","href":"https:\/\/api.w.org\/{rel}","templated":true}]}}