{"id":5565,"date":"2022-02-22T01:51:04","date_gmt":"2022-02-22T01:51:04","guid":{"rendered":"https:\/\/medicinasinc.com\/se\/?post_type=product&#038;p=5565"},"modified":"2022-07-03T23:21:27","modified_gmt":"2022-07-03T23:21:27","slug":"kop-mdpv-metylendioxipyrovaleron-pulver","status":"publish","type":"product","link":"https:\/\/medicinasinc.com\/se\/product\/kop-mdpv-metylendioxipyrovaleron-pulver\/","title":{"rendered":"K\u00f6p MDPV (Methylenedioxypyrovalerone) Pulver"},"content":{"rendered":"<p>MDPV finns att k\u00f6pa h\u00e4r.<\/p>\n<p>k\u00f6p MDPV online f\u00f6r eget bruk eller f\u00f6r att s\u00e4lja vidare. Vi kan garantera att v\u00e5rt MDPV-pulver till salu \u00e4r av h\u00f6gsta kvalitet som f\u00f6r n\u00e4rvarande finns p\u00e5 marknaden. Western Union, MoneyGram och bitcoins \u00e4r bland de betalningsmetoder vi accepterar. Vi har ocks\u00e5 ett brett utbud av olika forskningskemikalier till salu, inklusive JWH-018. T\u00e4nk p\u00e5 att vi inte \u00e4r ansvariga f\u00f6r hur v\u00e5r MDPV till f\u00f6rs\u00e4ljning i USA anv\u00e4nds av v\u00e5ra kunder.<\/p>\n<p>Ett stimulerande medel av katinonklassen, MDPV (Methylenedioxypyrovalerone)-pulver kan k\u00f6pas online. Det \u00e4r en noradrenalin-dopamin\u00e5terupptagsh\u00e4mmare och ett psykotropiskt stimulerande l\u00e4kemedel. P\u00e5 1960-talet skapade ett team p\u00e5 Boehringer Ingelheim det.<br \/> PULVERFORM AV MDPV (METHYLENEDIOXYPYROVALERONE):<br \/> P\u00e5 grund av dess fina konsistens och tendens att klibba ihop n\u00e4r det uts\u00e4tts f\u00f6r fukt, misstas hydrokloridsaltet ofta f\u00f6r att vara sockerpulver.<br \/> MDPV:s stimulerande egenskaper har j\u00e4mf\u00f6rts med egenskaperna hos kokain, metylfenidat och amfetamin.<\/p>\n<div class=\"entry-content gbtr_product_description\">\n<h3 class=\"fusion-responsive-typography-calculated \" data-fontsize=\"16\" data-lineheight=\"24px\"><\/h3>\n<\/p><\/div>\n","protected":false},"excerpt":{"rendered":"<div class=\"woocommerce-product-details__short-description\">\n<p>K\u00f6p MDPV till salu online i Storbritannien, Europa h\u00e4r p\u00e5 medicinasinc.com\/se. Att k\u00f6pa forskningskemikalier Metylendioxipyrovaleron online \u00e4r mycket sv\u00e5rt. Men vi kan erbjuda MDPV av h\u00f6gsta kvalitet till f\u00f6rs\u00e4ljning till mycket l\u00e5ga priser. Inget bra kommer l\u00e4tt och det tar oss mycket arbete att ha MDPV av b\u00e4sta kvalitet till salu.<\/p>\n<p><b>Methylenedioxypyrovalerone<\/b>\u00a0(MDPV) \u00e4r ett stimulerande medel av katinonklassen som fungerar som en noradrenalin-dopamin \u00e5terupptagsh\u00e4mmare (NDRI). Den utvecklades f\u00f6rst p\u00e5 1960-talet av ett team p\u00e5 Boehringer Ingelheim.<\/p>\n<h3 class=\"fusion-responsive-typography-calculated\" data-fontsize=\"16\" data-lineheight=\"24px\">MDPV (Methylenedioxypyrovalerone) pulver \u00e4r ett stimulerande medel av katinonklassen.<\/h3>\n<\/p><\/div>\n","protected":false},"featured_media":5576,"comment_status":"open","ping_status":"closed","template":"","meta":[],"product_brand":[],"product_cat":[2014],"product_tag":[3136,3138,3139,3140,3141,3146,3147,3148,3149,3154,3159,3160,3161,3162,3137,3143,3145,3151,3157,3158,3155,3144,3156,3142,3152,3163,3164,3165,3168,3169,3166,3167,3174,3175,3176,3177,3182,3183,3179,3170,3171,3172,3173,3178,3180,3181,3150,3185,3188,3184,3186,3187,3153,3189],"class_list":{"0":"post-5565","1":"product","2":"type-product","3":"status-publish","4":"has-post-thumbnail","6":"product_cat-kop-research-chemicals","7":"product_tag-bath-salt-for-sale","8":"product_tag-buy-mdpv","9":"product_tag-buy-mdpv-1g","10":"product_tag-buy-mdpv-cheap","11":"product_tag-buy-mdpv-europe","12":"product_tag-buy-mdpv-powder-online-free","13":"product_tag-buy-mdpv-powdera-online","14":"product_tag-buy-mdpv-powdera-online-casino","15":"product_tag-buy-mdpv-powdera-online-ecouter","16":"product_tag-buy-methylenedioxypyrovalerone-powder-online-indonesia","17":"product_tag-buy-methylenedioxypyrovalerone-powdera-online-com","18":"product_tag-buy-methylenedioxypyrovalerone-powdera-online-fr","19":"product_tag-buy-methylenedioxypyrovalerone-power-online","20":"product_tag-hur-man-kper-mdpv","21":"product_tag-kp-dextrometorfan-pulver-online","22":"product_tag-kp-mdpv-online-usa","23":"product_tag-kp-mdpv-pulver-online-2019","24":"product_tag-kp-mdpv-power-online","25":"product_tag-kp-metylendioxipyrovaleron-pulver-online","26":"product_tag-kp-metylendioxipyrovaleron-pulvera-online-ecouter","27":"product_tag-kp-metylendioxipyrovaleron-pulver-online-recension","28":"product_tag-kpa-mdpv-vxtmat","29":"product_tag-kpa-metylendioxipyrovaleron-pulver-online-recensioner","30":"product_tag-kp-mdpv-online","31":"product_tag-kp-mdpv-uk","32":"product_tag-mdpv-badsalt-kp","33":"product_tag-mdpv-badsalt-kp-online","34":"product_tag-mdpv-badsalt-till-salu","35":"product_tag-mdpv-lkemedel","36":"product_tag-mdpv-online-kp","37":"product_tag-mdpv-buy-uk","38":"product_tag-mdpv-buy-usa","39":"product_tag-mdpv-powder-for-sale-ebay","40":"product_tag-mdpv-powder-for-sale-florida","41":"product_tag-mdpv-powder-for-sale-michigan","42":"product_tag-mdpv-powder-for-sale-near-me","43":"product_tag-mdpv-powder-for-sale-without","44":"product_tag-mdpv-powders","45":"product_tag-mdpv-pulver-till-frsljning-frenta-staterna","46":"product_tag-mdpv-pulver-till-frsljning","47":"product_tag-mdpv-pulver-till-frsljning-2019","48":"product_tag-mdpv-pulver-till-frsljning-amazon","49":"product_tag-mdpv-pulver-till-frsljning-craigslist","50":"product_tag-mdpv-pulver-till-frsljning-uk","51":"product_tag-mdpv-pulver-till-frsljning-usa","52":"product_tag-mdpv-pulver-till-frsljning-walmart","53":"product_tag-buy-mdpv-powdera-online-fr","54":"product_tag-metylendioxipyrovaleron-kp-online","55":"product_tag-methylenedioxypyrovalerone-powder-review","56":"product_tag-metylendioxipyrovaleron-kp","57":"product_tag-metylendioxipyrovaleron-pulver","58":"product_tag-metylendioxipyrovaleron-pulver-foundation","59":"product_tag-kp-mdpv-usa","60":"product_tag-var-att-kpa-mdpv","62":"first","63":"instock","64":"shipping-taxable","65":"purchasable","66":"product-type-variable","67":"has-default-attributes"},"yoast_head":"<!-- This site is optimized with the Yoast SEO plugin v27.3 - https:\/\/yoast.com\/product\/yoast-seo-wordpress\/ -->\n<title>K\u00f6p MDPV (Methylenedioxypyrovalerone) Powder - Best Global Meds<\/title>\n<meta name=\"description\" content=\"K\u00f6p MDPV till salu online i Storbritannien, Europa h\u00e4r p\u00e5 medicinasinc.com\/se. Att k\u00f6pa forskningskemikalier Metylendioxipyrovaleron online \u00e4r mycket sv\u00e5rt. Men vi kan erbjuda MDPV av h\u00f6gsta kvalitet till f\u00f6rs\u00e4ljning till mycket l\u00e5ga priser.\" \/>\n<meta name=\"robots\" content=\"index, follow, max-snippet:-1, max-image-preview:large, max-video-preview:-1\" \/>\n<link rel=\"canonical\" href=\"https:\/\/medicinasinc.com\/se\/product\/kop-mdpv-metylendioxipyrovaleron-pulver\/\" \/>\n<meta property=\"og:locale\" content=\"sv_SE\" \/>\n<meta property=\"og:type\" content=\"article\" \/>\n<meta property=\"og:title\" content=\"K\u00f6p MDPV (Methylenedioxypyrovalerone) Powder - Best Global Meds\" \/>\n<meta property=\"og:description\" content=\"K\u00f6p MDPV till salu online i Storbritannien, Europa h\u00e4r p\u00e5 medicinasinc.com\/se. Att k\u00f6pa forskningskemikalier Metylendioxipyrovaleron online \u00e4r mycket sv\u00e5rt. Men vi kan erbjuda MDPV av h\u00f6gsta kvalitet till f\u00f6rs\u00e4ljning till mycket l\u00e5ga priser.\" \/>\n<meta property=\"og:url\" content=\"https:\/\/medicinasinc.com\/se\/product\/kop-mdpv-metylendioxipyrovaleron-pulver\/\" \/>\n<meta property=\"og:site_name\" content=\"Medicinas Inc\" \/>\n<meta property=\"article:modified_time\" content=\"2022-07-03T23:21:27+00:00\" \/>\n<meta property=\"og:image\" content=\"https:\/\/medicinasinc.com\/se\/wp-content\/uploads\/sites\/16\/2022\/02\/buy-methylenedioxypyrovalerone.jpg\" \/>\n\t<meta property=\"og:image:width\" content=\"1400\" \/>\n\t<meta property=\"og:image:height\" content=\"700\" \/>\n\t<meta property=\"og:image:type\" content=\"image\/jpeg\" \/>\n<meta name=\"twitter:card\" content=\"summary_large_image\" \/>\n<meta name=\"twitter:label1\" content=\"Ber\u00e4knad l\u00e4stid\" \/>\n\t<meta name=\"twitter:data1\" content=\"1 minut\" \/>\n<script type=\"application\/ld+json\" class=\"yoast-schema-graph\">{\"@context\":\"https:\\\/\\\/schema.org\",\"@graph\":[{\"@type\":\"WebPage\",\"@id\":\"https:\\\/\\\/medicinasinc.com\\\/se\\\/product\\\/kop-mdpv-metylendioxipyrovaleron-pulver\\\/\",\"url\":\"https:\\\/\\\/medicinasinc.com\\\/se\\\/product\\\/kop-mdpv-metylendioxipyrovaleron-pulver\\\/\",\"name\":\"K\u00f6p MDPV (Methylenedioxypyrovalerone) Powder - Best Global Meds\",\"isPartOf\":{\"@id\":\"https:\\\/\\\/medicinasinc.com\\\/se\\\/#website\"},\"primaryImageOfPage\":{\"@id\":\"https:\\\/\\\/medicinasinc.com\\\/se\\\/product\\\/kop-mdpv-metylendioxipyrovaleron-pulver\\\/#primaryimage\"},\"image\":{\"@id\":\"https:\\\/\\\/medicinasinc.com\\\/se\\\/product\\\/kop-mdpv-metylendioxipyrovaleron-pulver\\\/#primaryimage\"},\"thumbnailUrl\":\"https:\\\/\\\/medicinasinc.com\\\/se\\\/wp-content\\\/uploads\\\/sites\\\/16\\\/2022\\\/02\\\/buy-methylenedioxypyrovalerone.jpg\",\"datePublished\":\"2022-02-22T01:51:04+00:00\",\"dateModified\":\"2022-07-03T23:21:27+00:00\",\"description\":\"K\u00f6p MDPV till salu online i Storbritannien, Europa h\u00e4r p\u00e5 medicinasinc.com\\\/se. Att k\u00f6pa forskningskemikalier Metylendioxipyrovaleron online \u00e4r mycket sv\u00e5rt. Men vi kan erbjuda MDPV av h\u00f6gsta kvalitet till f\u00f6rs\u00e4ljning till mycket l\u00e5ga priser.\",\"breadcrumb\":{\"@id\":\"https:\\\/\\\/medicinasinc.com\\\/se\\\/product\\\/kop-mdpv-metylendioxipyrovaleron-pulver\\\/#breadcrumb\"},\"inLanguage\":\"sv-SE\",\"potentialAction\":[{\"@type\":\"ReadAction\",\"target\":[\"https:\\\/\\\/medicinasinc.com\\\/se\\\/product\\\/kop-mdpv-metylendioxipyrovaleron-pulver\\\/\"]}]},{\"@type\":\"ImageObject\",\"inLanguage\":\"sv-SE\",\"@id\":\"https:\\\/\\\/medicinasinc.com\\\/se\\\/product\\\/kop-mdpv-metylendioxipyrovaleron-pulver\\\/#primaryimage\",\"url\":\"https:\\\/\\\/medicinasinc.com\\\/se\\\/wp-content\\\/uploads\\\/sites\\\/16\\\/2022\\\/02\\\/buy-methylenedioxypyrovalerone.jpg\",\"contentUrl\":\"https:\\\/\\\/medicinasinc.com\\\/se\\\/wp-content\\\/uploads\\\/sites\\\/16\\\/2022\\\/02\\\/buy-methylenedioxypyrovalerone.jpg\",\"width\":1400,\"height\":700},{\"@type\":\"BreadcrumbList\",\"@id\":\"https:\\\/\\\/medicinasinc.com\\\/se\\\/product\\\/kop-mdpv-metylendioxipyrovaleron-pulver\\\/#breadcrumb\",\"itemListElement\":[{\"@type\":\"ListItem\",\"position\":1,\"name\":\"aff\u00e4r\",\"item\":\"https:\\\/\\\/medicinasinc.com\\\/se\\\/affar\\\/\"},{\"@type\":\"ListItem\",\"position\":2,\"name\":\"K\u00f6p MDPV (Methylenedioxypyrovalerone) Pulver\"}]},{\"@type\":\"WebSite\",\"@id\":\"https:\\\/\\\/medicinasinc.com\\\/se\\\/#website\",\"url\":\"https:\\\/\\\/medicinasinc.com\\\/se\\\/\",\"name\":\"Medicinas Inc\",\"description\":\"Health Medical Clinic\",\"potentialAction\":[{\"@type\":\"SearchAction\",\"target\":{\"@type\":\"EntryPoint\",\"urlTemplate\":\"https:\\\/\\\/medicinasinc.com\\\/se\\\/?s={search_term_string}\"},\"query-input\":{\"@type\":\"PropertyValueSpecification\",\"valueRequired\":true,\"valueName\":\"search_term_string\"}}],\"inLanguage\":\"sv-SE\"}]}<\/script>\n<!-- \/ Yoast SEO plugin. -->","yoast_head_json":{"title":"K\u00f6p MDPV (Methylenedioxypyrovalerone) Powder - Best Global Meds","description":"K\u00f6p MDPV till salu online i Storbritannien, Europa h\u00e4r p\u00e5 medicinasinc.com\/se. Att k\u00f6pa forskningskemikalier Metylendioxipyrovaleron online \u00e4r mycket sv\u00e5rt. Men vi kan erbjuda MDPV av h\u00f6gsta kvalitet till f\u00f6rs\u00e4ljning till mycket l\u00e5ga priser.","robots":{"index":"index","follow":"follow","max-snippet":"max-snippet:-1","max-image-preview":"max-image-preview:large","max-video-preview":"max-video-preview:-1"},"canonical":"https:\/\/medicinasinc.com\/se\/product\/kop-mdpv-metylendioxipyrovaleron-pulver\/","og_locale":"sv_SE","og_type":"article","og_title":"K\u00f6p MDPV (Methylenedioxypyrovalerone) Powder - Best Global Meds","og_description":"K\u00f6p MDPV till salu online i Storbritannien, Europa h\u00e4r p\u00e5 medicinasinc.com\/se. Att k\u00f6pa forskningskemikalier Metylendioxipyrovaleron online \u00e4r mycket sv\u00e5rt. Men vi kan erbjuda MDPV av h\u00f6gsta kvalitet till f\u00f6rs\u00e4ljning till mycket l\u00e5ga priser.","og_url":"https:\/\/medicinasinc.com\/se\/product\/kop-mdpv-metylendioxipyrovaleron-pulver\/","og_site_name":"Medicinas Inc","article_modified_time":"2022-07-03T23:21:27+00:00","og_image":[{"width":1400,"height":700,"url":"https:\/\/medicinasinc.com\/se\/wp-content\/uploads\/sites\/16\/2022\/02\/buy-methylenedioxypyrovalerone.jpg","type":"image\/jpeg"}],"twitter_card":"summary_large_image","twitter_misc":{"Ber\u00e4knad l\u00e4stid":"1 minut"},"schema":{"@context":"https:\/\/schema.org","@graph":[{"@type":"WebPage","@id":"https:\/\/medicinasinc.com\/se\/product\/kop-mdpv-metylendioxipyrovaleron-pulver\/","url":"https:\/\/medicinasinc.com\/se\/product\/kop-mdpv-metylendioxipyrovaleron-pulver\/","name":"K\u00f6p MDPV (Methylenedioxypyrovalerone) Powder - Best Global Meds","isPartOf":{"@id":"https:\/\/medicinasinc.com\/se\/#website"},"primaryImageOfPage":{"@id":"https:\/\/medicinasinc.com\/se\/product\/kop-mdpv-metylendioxipyrovaleron-pulver\/#primaryimage"},"image":{"@id":"https:\/\/medicinasinc.com\/se\/product\/kop-mdpv-metylendioxipyrovaleron-pulver\/#primaryimage"},"thumbnailUrl":"https:\/\/medicinasinc.com\/se\/wp-content\/uploads\/sites\/16\/2022\/02\/buy-methylenedioxypyrovalerone.jpg","datePublished":"2022-02-22T01:51:04+00:00","dateModified":"2022-07-03T23:21:27+00:00","description":"K\u00f6p MDPV till salu online i Storbritannien, Europa h\u00e4r p\u00e5 medicinasinc.com\/se. Att k\u00f6pa forskningskemikalier Metylendioxipyrovaleron online \u00e4r mycket sv\u00e5rt. Men vi kan erbjuda MDPV av h\u00f6gsta kvalitet till f\u00f6rs\u00e4ljning till mycket l\u00e5ga priser.","breadcrumb":{"@id":"https:\/\/medicinasinc.com\/se\/product\/kop-mdpv-metylendioxipyrovaleron-pulver\/#breadcrumb"},"inLanguage":"sv-SE","potentialAction":[{"@type":"ReadAction","target":["https:\/\/medicinasinc.com\/se\/product\/kop-mdpv-metylendioxipyrovaleron-pulver\/"]}]},{"@type":"ImageObject","inLanguage":"sv-SE","@id":"https:\/\/medicinasinc.com\/se\/product\/kop-mdpv-metylendioxipyrovaleron-pulver\/#primaryimage","url":"https:\/\/medicinasinc.com\/se\/wp-content\/uploads\/sites\/16\/2022\/02\/buy-methylenedioxypyrovalerone.jpg","contentUrl":"https:\/\/medicinasinc.com\/se\/wp-content\/uploads\/sites\/16\/2022\/02\/buy-methylenedioxypyrovalerone.jpg","width":1400,"height":700},{"@type":"BreadcrumbList","@id":"https:\/\/medicinasinc.com\/se\/product\/kop-mdpv-metylendioxipyrovaleron-pulver\/#breadcrumb","itemListElement":[{"@type":"ListItem","position":1,"name":"aff\u00e4r","item":"https:\/\/medicinasinc.com\/se\/affar\/"},{"@type":"ListItem","position":2,"name":"K\u00f6p MDPV (Methylenedioxypyrovalerone) Pulver"}]},{"@type":"WebSite","@id":"https:\/\/medicinasinc.com\/se\/#website","url":"https:\/\/medicinasinc.com\/se\/","name":"Medicinas Inc","description":"Health Medical Clinic","potentialAction":[{"@type":"SearchAction","target":{"@type":"EntryPoint","urlTemplate":"https:\/\/medicinasinc.com\/se\/?s={search_term_string}"},"query-input":{"@type":"PropertyValueSpecification","valueRequired":true,"valueName":"search_term_string"}}],"inLanguage":"sv-SE"}]}},"_links":{"self":[{"href":"https:\/\/medicinasinc.com\/se\/wp-json\/wp\/v2\/product\/5565","targetHints":{"allow":["GET"]}}],"collection":[{"href":"https:\/\/medicinasinc.com\/se\/wp-json\/wp\/v2\/product"}],"about":[{"href":"https:\/\/medicinasinc.com\/se\/wp-json\/wp\/v2\/types\/product"}],"replies":[{"embeddable":true,"href":"https:\/\/medicinasinc.com\/se\/wp-json\/wp\/v2\/comments?post=5565"}],"wp:featuredmedia":[{"embeddable":true,"href":"https:\/\/medicinasinc.com\/se\/wp-json\/wp\/v2\/media\/5576"}],"wp:attachment":[{"href":"https:\/\/medicinasinc.com\/se\/wp-json\/wp\/v2\/media?parent=5565"}],"wp:term":[{"taxonomy":"product_brand","embeddable":true,"href":"https:\/\/medicinasinc.com\/se\/wp-json\/wp\/v2\/product_brand?post=5565"},{"taxonomy":"product_cat","embeddable":true,"href":"https:\/\/medicinasinc.com\/se\/wp-json\/wp\/v2\/product_cat?post=5565"},{"taxonomy":"product_tag","embeddable":true,"href":"https:\/\/medicinasinc.com\/se\/wp-json\/wp\/v2\/product_tag?post=5565"}],"curies":[{"name":"wp","href":"https:\/\/api.w.org\/{rel}","templated":true}]}}