{"id":5564,"date":"2022-02-22T01:48:50","date_gmt":"2022-02-22T01:48:50","guid":{"rendered":"https:\/\/medicinasinc.com\/se\/?post_type=product&#038;p=5564"},"modified":"2022-07-03T23:21:39","modified_gmt":"2022-07-03T23:21:39","slug":"kop-mdai-kristall-pulver","status":"publish","type":"product","link":"https:\/\/medicinasinc.com\/se\/product\/kop-mdai-kristall-pulver\/","title":{"rendered":"K\u00f6p MDAI Crystal &amp; Pulver"},"content":{"rendered":"<p>Handla online f\u00f6r MDAI-kristaller och -pulver.<\/p>\n<p>MDAI-kristaller och -pulver till salu till rabatterade priser.<\/p>\n<p>K\u00f6p MDAI fr\u00e5n oss.<\/p>\n<p>V\u00e5rt prim\u00e4ra m\u00e5l \u00e4r att f\u00f6rse kunder med spjutspetsinformation och f\u00f6rstklassiga tj\u00e4nster. Prospekteringsgrupper och fullskaliga tillverkningsanl\u00e4ggningar kan hitta RC i den kvantitet och kvalitet de beh\u00f6ver. En \u00f6versikt \u00f6ver RC som tillgodoser alla dina intressen och m\u00e5l kan hittas h\u00e4r. V\u00e5rt f\u00f6retag f\u00f6resl\u00e5r v\u00e4rldens drivande kemikalier baserat p\u00e5 de senaste tekniska framstegen. Alla objekt p\u00e5 den h\u00e4r listan har ingen praktisk anv\u00e4ndning f\u00f6r m\u00e4nniskor.<\/p>\n<p>Anv\u00e4ndning av mediciner i laboratoriet, f\u00f6r vetenskapliga \u00e4ndam\u00e5l och f\u00f6r studier b\u00f6r uppmuntras. De inspelade kemikalierna kan endast anv\u00e4ndas f\u00f6r unders\u00f6kningar, f\u00f6rs\u00f6k och tester. Paket som nyligen producerats av Kinas ledande forskningsanl\u00e4ggningar p\u00e5 RC-marknaden \u00e4r nu tillg\u00e4ngliga.<\/p>\n<p>Om du g\u00f6r en aff\u00e4r nu kommer vi att leverera ditt paket var som helst i USA, Europa eller v\u00e4rlden. F\u00f6r att m\u00f6ta dina behov samarbetar vi med ett antal ledande globala laboratorier som planerar att bygga upp RC, och din f\u00f6rfr\u00e5gan \u00e4r av yttersta vikt f\u00f6r v\u00e5rt f\u00f6retag.<\/p>\n<p>V\u00e5r leverant\u00f6r \u00e4r baserad i USA och verkar \u00f6ver hela v\u00e4rlden. P\u00e5 webbplatsen kan konsumenter enkelt kontrollera uppskattningen och tillg\u00e4ngligheten f\u00f6r RC f\u00f6r sina egna behov. Kunder. V\u00e4nligen kontakta v\u00e5r v\u00e4nliga och flerspr\u00e5kiga kundtj\u00e4nst f\u00f6r att l\u00e4ra dig hur du g\u00f6r en f\u00f6rfr\u00e5gan. Om du \u00e4r intresserad av att s\u00f6ka blandade eller rabatterade \u00e4mnen, v\u00e4nligen kontakta oss f\u00f6r mer information. Om du inte hittar det du letar efter p\u00e5 v\u00e5r sida, tveka inte att kontakta oss f\u00f6r hj\u00e4lp. Kvalitet \u00e4r den viktigaste faktorn n\u00e4r man skaffar kemikalier f\u00f6r studier.<\/p>\n","protected":false},"excerpt":{"rendered":"<p>K\u00f6p MDAI Crystal &amp; Pulver Till salu i Storbritannien, Europa billigt online. MDAI eller 5,6-metylendioxi-2-aminoindanK\u00f6p MDAI eller 5,6-metylendioxi-2-aminoindan .<\/p>\n","protected":false},"featured_media":5574,"comment_status":"open","ping_status":"closed","template":"","meta":[],"product_brand":[],"product_cat":[2014],"product_tag":[3093,3094,3095,3125,3126,3128,3129,3130,3131,3127,3132,3096,3099,3100,3101,3102,3103,2530,3104,3105,3107,3108,3133,3098,3110,3118,2532,3097,2525,3109,3115,3116,3113,3114,3112,3111,3121,3119,3117,3120,517,2549,3122,2522,3123,3124,3106,3134,3135],"class_list":{"0":"post-5564","1":"product","2":"type-product","3":"status-publish","4":"has-post-thumbnail","6":"product_cat-kop-research-chemicals","7":"product_tag-4mmc-till-salu","8":"product_tag-amfetamin-till-salu","9":"product_tag-badsalt-till-frsljning","10":"product_tag-order-mdai-kristall","11":"product_tag-order-mdma","12":"product_tag-order-mefedron","13":"product_tag-bestlla-mefedron-vxt-mat","14":"product_tag-bestlla-meth-online","15":"product_tag-order-metylon","16":"product_tag-bestlla-mjau-mjau","17":"product_tag-order-mkat","18":"product_tag-buy-amphetamine-speed","19":"product_tag-buy-lsd","20":"product_tag-buy-mdai","21":"product_tag-buy-mdai-crystal","22":"product_tag-buy-mdai-powder","23":"product_tag-buy-meow-meow","24":"product_tag-buy-mephedrone-online","25":"product_tag-buy-methylone","26":"product_tag-buy-mkat","27":"product_tag-buy-tryptamine","28":"product_tag-kristall-met-till-salu","29":"product_tag-fenetylamin-till-salu","30":"product_tag-kpa-kristall-met","31":"product_tag-mdai-kristall-kp","32":"product_tag-mdai-pulver-kp","33":"product_tag-kpa-mefedron-vxt-matta","34":"product_tag-kpa-badsalt","35":"product_tag-kpa-mefedron","36":"product_tag-lsd-till-salu","37":"product_tag-mdai-kristall-detaljhandel","38":"product_tag-mdai-kristall-grossist","39":"product_tag-mdai-crystal-order","40":"product_tag-mdai-crystal-reddit","41":"product_tag-mdai-kristall-till-salu","42":"product_tag-mdai-kristall-effekt","43":"product_tag-mdai-pulver-order","44":"product_tag-mdai-pulver-till-frsljning","45":"product_tag-mdai-till-salu","46":"product_tag-mdai-pulver-online","47":"product_tag-mdma-for-sale","48":"product_tag-mefedron-till-salu","49":"product_tag-mjau-mjau-rea","50":"product_tag-kp-4mmc","51":"product_tag-methylone-for-sale","52":"product_tag-mkat-till-salu","53":"product_tag-kpa-fentylamin","54":"product_tag-tryptamin-till-salu","55":"product_tag-var-att-kpa-mdai-pulver","57":"first","58":"instock","59":"shipping-taxable","60":"purchasable","61":"product-type-variable","62":"has-default-attributes"},"yoast_head":"<!-- This site is optimized with the Yoast SEO plugin v27.3 - https:\/\/yoast.com\/product\/yoast-seo-wordpress\/ -->\n<title>K\u00f6p MDAI Crystal &amp; Puderbilligt online - b\u00e4sta globala mediciner<\/title>\n<meta name=\"description\" content=\"K\u00f6p MDAI Crystal &amp; Pulver Till salu i Storbritannien, Europa billigt online. MDAI eller 5,6-metylendioxi-2-aminoindan K\u00f6p MDAI eller 5,6-metylendioxi-2-aminoindan.\" \/>\n<meta name=\"robots\" content=\"index, follow, max-snippet:-1, max-image-preview:large, max-video-preview:-1\" \/>\n<link rel=\"canonical\" href=\"https:\/\/medicinasinc.com\/se\/product\/kop-mdai-kristall-pulver\/\" \/>\n<meta property=\"og:locale\" content=\"sv_SE\" \/>\n<meta property=\"og:type\" content=\"article\" \/>\n<meta property=\"og:title\" content=\"K\u00f6p MDAI Crystal &amp; Puderbilligt online - b\u00e4sta globala mediciner\" \/>\n<meta property=\"og:description\" content=\"K\u00f6p MDAI Crystal &amp; Pulver Till salu i Storbritannien, Europa billigt online. MDAI eller 5,6-metylendioxi-2-aminoindan K\u00f6p MDAI eller 5,6-metylendioxi-2-aminoindan.\" \/>\n<meta property=\"og:url\" content=\"https:\/\/medicinasinc.com\/se\/product\/kop-mdai-kristall-pulver\/\" \/>\n<meta property=\"og:site_name\" content=\"Medicinas Inc\" \/>\n<meta property=\"article:modified_time\" content=\"2022-07-03T23:21:39+00:00\" \/>\n<meta property=\"og:image\" content=\"https:\/\/medicinasinc.com\/se\/wp-content\/uploads\/sites\/16\/2022\/02\/buy-mdai-crystal-powder-cheap-online.jpg\" \/>\n\t<meta property=\"og:image:width\" content=\"600\" \/>\n\t<meta property=\"og:image:height\" content=\"600\" \/>\n\t<meta property=\"og:image:type\" content=\"image\/jpeg\" \/>\n<meta name=\"twitter:card\" content=\"summary_large_image\" \/>\n<meta name=\"twitter:label1\" content=\"Ber\u00e4knad l\u00e4stid\" \/>\n\t<meta name=\"twitter:data1\" content=\"2 minuter\" \/>\n<script type=\"application\/ld+json\" class=\"yoast-schema-graph\">{\"@context\":\"https:\\\/\\\/schema.org\",\"@graph\":[{\"@type\":\"WebPage\",\"@id\":\"https:\\\/\\\/medicinasinc.com\\\/se\\\/product\\\/kop-mdai-kristall-pulver\\\/\",\"url\":\"https:\\\/\\\/medicinasinc.com\\\/se\\\/product\\\/kop-mdai-kristall-pulver\\\/\",\"name\":\"K\u00f6p MDAI Crystal &amp; Puderbilligt online - b\u00e4sta globala mediciner\",\"isPartOf\":{\"@id\":\"https:\\\/\\\/medicinasinc.com\\\/se\\\/#website\"},\"primaryImageOfPage\":{\"@id\":\"https:\\\/\\\/medicinasinc.com\\\/se\\\/product\\\/kop-mdai-kristall-pulver\\\/#primaryimage\"},\"image\":{\"@id\":\"https:\\\/\\\/medicinasinc.com\\\/se\\\/product\\\/kop-mdai-kristall-pulver\\\/#primaryimage\"},\"thumbnailUrl\":\"https:\\\/\\\/medicinasinc.com\\\/se\\\/wp-content\\\/uploads\\\/sites\\\/16\\\/2022\\\/02\\\/buy-mdai-crystal-powder-cheap-online.jpg\",\"datePublished\":\"2022-02-22T01:48:50+00:00\",\"dateModified\":\"2022-07-03T23:21:39+00:00\",\"description\":\"K\u00f6p MDAI Crystal &amp; Pulver Till salu i Storbritannien, Europa billigt online. MDAI eller 5,6-metylendioxi-2-aminoindan K\u00f6p MDAI eller 5,6-metylendioxi-2-aminoindan.\",\"breadcrumb\":{\"@id\":\"https:\\\/\\\/medicinasinc.com\\\/se\\\/product\\\/kop-mdai-kristall-pulver\\\/#breadcrumb\"},\"inLanguage\":\"sv-SE\",\"potentialAction\":[{\"@type\":\"ReadAction\",\"target\":[\"https:\\\/\\\/medicinasinc.com\\\/se\\\/product\\\/kop-mdai-kristall-pulver\\\/\"]}]},{\"@type\":\"ImageObject\",\"inLanguage\":\"sv-SE\",\"@id\":\"https:\\\/\\\/medicinasinc.com\\\/se\\\/product\\\/kop-mdai-kristall-pulver\\\/#primaryimage\",\"url\":\"https:\\\/\\\/medicinasinc.com\\\/se\\\/wp-content\\\/uploads\\\/sites\\\/16\\\/2022\\\/02\\\/buy-mdai-crystal-powder-cheap-online.jpg\",\"contentUrl\":\"https:\\\/\\\/medicinasinc.com\\\/se\\\/wp-content\\\/uploads\\\/sites\\\/16\\\/2022\\\/02\\\/buy-mdai-crystal-powder-cheap-online.jpg\",\"width\":600,\"height\":600},{\"@type\":\"BreadcrumbList\",\"@id\":\"https:\\\/\\\/medicinasinc.com\\\/se\\\/product\\\/kop-mdai-kristall-pulver\\\/#breadcrumb\",\"itemListElement\":[{\"@type\":\"ListItem\",\"position\":1,\"name\":\"aff\u00e4r\",\"item\":\"https:\\\/\\\/medicinasinc.com\\\/se\\\/affar\\\/\"},{\"@type\":\"ListItem\",\"position\":2,\"name\":\"K\u00f6p MDAI Crystal &amp; Pulver\"}]},{\"@type\":\"WebSite\",\"@id\":\"https:\\\/\\\/medicinasinc.com\\\/se\\\/#website\",\"url\":\"https:\\\/\\\/medicinasinc.com\\\/se\\\/\",\"name\":\"Medicinas Inc\",\"description\":\"Health Medical Clinic\",\"potentialAction\":[{\"@type\":\"SearchAction\",\"target\":{\"@type\":\"EntryPoint\",\"urlTemplate\":\"https:\\\/\\\/medicinasinc.com\\\/se\\\/?s={search_term_string}\"},\"query-input\":{\"@type\":\"PropertyValueSpecification\",\"valueRequired\":true,\"valueName\":\"search_term_string\"}}],\"inLanguage\":\"sv-SE\"}]}<\/script>\n<!-- \/ Yoast SEO plugin. -->","yoast_head_json":{"title":"K\u00f6p MDAI Crystal &amp; Puderbilligt online - b\u00e4sta globala mediciner","description":"K\u00f6p MDAI Crystal &amp; Pulver Till salu i Storbritannien, Europa billigt online. MDAI eller 5,6-metylendioxi-2-aminoindan K\u00f6p MDAI eller 5,6-metylendioxi-2-aminoindan.","robots":{"index":"index","follow":"follow","max-snippet":"max-snippet:-1","max-image-preview":"max-image-preview:large","max-video-preview":"max-video-preview:-1"},"canonical":"https:\/\/medicinasinc.com\/se\/product\/kop-mdai-kristall-pulver\/","og_locale":"sv_SE","og_type":"article","og_title":"K\u00f6p MDAI Crystal &amp; Puderbilligt online - b\u00e4sta globala mediciner","og_description":"K\u00f6p MDAI Crystal &amp; Pulver Till salu i Storbritannien, Europa billigt online. MDAI eller 5,6-metylendioxi-2-aminoindan K\u00f6p MDAI eller 5,6-metylendioxi-2-aminoindan.","og_url":"https:\/\/medicinasinc.com\/se\/product\/kop-mdai-kristall-pulver\/","og_site_name":"Medicinas Inc","article_modified_time":"2022-07-03T23:21:39+00:00","og_image":[{"width":600,"height":600,"url":"https:\/\/medicinasinc.com\/se\/wp-content\/uploads\/sites\/16\/2022\/02\/buy-mdai-crystal-powder-cheap-online.jpg","type":"image\/jpeg"}],"twitter_card":"summary_large_image","twitter_misc":{"Ber\u00e4knad l\u00e4stid":"2 minuter"},"schema":{"@context":"https:\/\/schema.org","@graph":[{"@type":"WebPage","@id":"https:\/\/medicinasinc.com\/se\/product\/kop-mdai-kristall-pulver\/","url":"https:\/\/medicinasinc.com\/se\/product\/kop-mdai-kristall-pulver\/","name":"K\u00f6p MDAI Crystal &amp; Puderbilligt online - b\u00e4sta globala mediciner","isPartOf":{"@id":"https:\/\/medicinasinc.com\/se\/#website"},"primaryImageOfPage":{"@id":"https:\/\/medicinasinc.com\/se\/product\/kop-mdai-kristall-pulver\/#primaryimage"},"image":{"@id":"https:\/\/medicinasinc.com\/se\/product\/kop-mdai-kristall-pulver\/#primaryimage"},"thumbnailUrl":"https:\/\/medicinasinc.com\/se\/wp-content\/uploads\/sites\/16\/2022\/02\/buy-mdai-crystal-powder-cheap-online.jpg","datePublished":"2022-02-22T01:48:50+00:00","dateModified":"2022-07-03T23:21:39+00:00","description":"K\u00f6p MDAI Crystal &amp; Pulver Till salu i Storbritannien, Europa billigt online. MDAI eller 5,6-metylendioxi-2-aminoindan K\u00f6p MDAI eller 5,6-metylendioxi-2-aminoindan.","breadcrumb":{"@id":"https:\/\/medicinasinc.com\/se\/product\/kop-mdai-kristall-pulver\/#breadcrumb"},"inLanguage":"sv-SE","potentialAction":[{"@type":"ReadAction","target":["https:\/\/medicinasinc.com\/se\/product\/kop-mdai-kristall-pulver\/"]}]},{"@type":"ImageObject","inLanguage":"sv-SE","@id":"https:\/\/medicinasinc.com\/se\/product\/kop-mdai-kristall-pulver\/#primaryimage","url":"https:\/\/medicinasinc.com\/se\/wp-content\/uploads\/sites\/16\/2022\/02\/buy-mdai-crystal-powder-cheap-online.jpg","contentUrl":"https:\/\/medicinasinc.com\/se\/wp-content\/uploads\/sites\/16\/2022\/02\/buy-mdai-crystal-powder-cheap-online.jpg","width":600,"height":600},{"@type":"BreadcrumbList","@id":"https:\/\/medicinasinc.com\/se\/product\/kop-mdai-kristall-pulver\/#breadcrumb","itemListElement":[{"@type":"ListItem","position":1,"name":"aff\u00e4r","item":"https:\/\/medicinasinc.com\/se\/affar\/"},{"@type":"ListItem","position":2,"name":"K\u00f6p MDAI Crystal &amp; Pulver"}]},{"@type":"WebSite","@id":"https:\/\/medicinasinc.com\/se\/#website","url":"https:\/\/medicinasinc.com\/se\/","name":"Medicinas Inc","description":"Health Medical Clinic","potentialAction":[{"@type":"SearchAction","target":{"@type":"EntryPoint","urlTemplate":"https:\/\/medicinasinc.com\/se\/?s={search_term_string}"},"query-input":{"@type":"PropertyValueSpecification","valueRequired":true,"valueName":"search_term_string"}}],"inLanguage":"sv-SE"}]}},"_links":{"self":[{"href":"https:\/\/medicinasinc.com\/se\/wp-json\/wp\/v2\/product\/5564","targetHints":{"allow":["GET"]}}],"collection":[{"href":"https:\/\/medicinasinc.com\/se\/wp-json\/wp\/v2\/product"}],"about":[{"href":"https:\/\/medicinasinc.com\/se\/wp-json\/wp\/v2\/types\/product"}],"replies":[{"embeddable":true,"href":"https:\/\/medicinasinc.com\/se\/wp-json\/wp\/v2\/comments?post=5564"}],"wp:featuredmedia":[{"embeddable":true,"href":"https:\/\/medicinasinc.com\/se\/wp-json\/wp\/v2\/media\/5574"}],"wp:attachment":[{"href":"https:\/\/medicinasinc.com\/se\/wp-json\/wp\/v2\/media?parent=5564"}],"wp:term":[{"taxonomy":"product_brand","embeddable":true,"href":"https:\/\/medicinasinc.com\/se\/wp-json\/wp\/v2\/product_brand?post=5564"},{"taxonomy":"product_cat","embeddable":true,"href":"https:\/\/medicinasinc.com\/se\/wp-json\/wp\/v2\/product_cat?post=5564"},{"taxonomy":"product_tag","embeddable":true,"href":"https:\/\/medicinasinc.com\/se\/wp-json\/wp\/v2\/product_tag?post=5564"}],"curies":[{"name":"wp","href":"https:\/\/api.w.org\/{rel}","templated":true}]}}