{"id":5563,"date":"2022-02-22T01:47:13","date_gmt":"2022-02-22T01:47:13","guid":{"rendered":"https:\/\/medicinasinc.com\/se\/?post_type=product&#038;p=5563"},"modified":"2022-07-03T23:21:48","modified_gmt":"2022-07-03T23:21:48","slug":"kopa-elfenben-vag-badsalt","status":"publish","type":"product","link":"https:\/\/medicinasinc.com\/se\/product\/kopa-elfenben-vag-badsalt\/","title":{"rendered":"K\u00f6p elfenben v\u00e5gbadsalt"},"content":{"rendered":"<p>Badsalt fr\u00e5n Best Global Meds \u00e4r av b\u00e4sta kvalitet och g\u00f6r att du k\u00e4nner dig ren och utvilad efter ett avkopplande bl\u00f6t. Eftersom vi bara s\u00e4ljer produkter av h\u00f6gsta kvalitet kan du vara s\u00e4ker p\u00e5 att du vet att ditt &#8221;k\u00f6p elfenbensv\u00e5gbadsalt online&#8221; kommer fram i nyskick. Till rimliga priser i bulk och i detaljhandeln finns \u00e4ven flera typer av koncentrerade badsalt.<\/p>\n<p>Doften av v\u00e5ra badsalt fyller rummet!<\/p>\n<p>The Ivory Wave Bath Salts kan k\u00f6pas online.<\/p>\n<p>Var kan du k\u00f6pa Ivory Wave Bath Salts via Internet? Ivory wave badsalt kan k\u00f6pas online fr\u00e5n Chemicals Lab utan n\u00e5gon anstr\u00e4ngning eller kr\u00e5nglighet. Varje g\u00e5ng du k\u00f6per badsalt av elfenben fr\u00e5n v\u00e5rt onlineapotek g\u00e5r vi ut\u00f6ver det f\u00f6r att se till att du f\u00e5r b\u00e4sta m\u00f6jliga pris. V\u00e5rt uppdrag p\u00e5 Best Global Meds \u00e4r att s\u00e4nka v\u00e5ra kunders kostnader samtidigt som de \u00f6kar v\u00e4rdet de f\u00e5r.<\/p>\n","protected":false},"excerpt":{"rendered":"<div class=\"woocommerce-product-details__short-description\">\n<p>Betalar du f\u00f6r mycket f\u00f6r badsalt av elfenben v\u00e5gor online? K\u00f6p elfenbensv\u00e5gbadsalt till salu i Storbritannien, Europa online p\u00e5 Best Global Meds. L\u00e4r dig mer om elfenbensv\u00e5gbadsalt till salu<\/p>\n<p>&nbsp;<\/p>\n<\/p><\/div>\n","protected":false},"featured_media":5572,"comment_status":"open","ping_status":"closed","template":"","meta":[],"product_brand":[],"product_cat":[2014],"product_tag":[3083,3091,3082,3084,3081,3085,3086,3087,3090,3088,3089,3092],"class_list":{"0":"post-5563","1":"product","2":"type-product","3":"status-publish","4":"has-post-thumbnail","6":"product_cat-kop-research-chemicals","7":"product_tag-elfenben-vg-bad-salter","8":"product_tag-bestll-elfenben-vg-badsalt-online","9":"product_tag-buy-lvory-wave-bath-salt","10":"product_tag-elfenben-vg-badsalt-till-frsljning","11":"product_tag-kp-elfenben-vg-badsalt-online","12":"product_tag-elvory-vg-bad-salt-kp","13":"product_tag-elvory-vg-bad-salt-effekt","14":"product_tag-lvory-vg-bad-salt-europa","15":"product_tag-lvory-vg-bad-salt-grossist","16":"product_tag-lvory-vg-badsalt-online","17":"product_tag-lvory-vg-bad-salt-ordning","18":"product_tag-var-att-kpa-elfenben-vg-bad-salter","20":"first","21":"instock","22":"shipping-taxable","23":"purchasable","24":"product-type-variable"},"yoast_head":"<!-- This site is optimized with the Yoast SEO plugin v27.3 - https:\/\/yoast.com\/product\/yoast-seo-wordpress\/ -->\n<title>K\u00f6p Ivory Wave Bath Salt - Lvory Wave Bath Salt - Best Global Meds<\/title>\n<meta name=\"description\" content=\"Betalar du f\u00f6r mycket f\u00f6r badsalt i elfenben p\u00e5 n\u00e4tet? K\u00f6p elfenbensv\u00e5gbadsalt till salu i Storbritannien, Europa online p\u00e5 Best Global Meds. L\u00e4r dig mer om elfenbensv\u00e5gbadsalt till salu\" \/>\n<meta name=\"robots\" content=\"index, follow, max-snippet:-1, max-image-preview:large, max-video-preview:-1\" \/>\n<link rel=\"canonical\" href=\"https:\/\/medicinasinc.com\/se\/product\/kopa-elfenben-vag-badsalt\/\" \/>\n<meta property=\"og:locale\" content=\"sv_SE\" \/>\n<meta property=\"og:type\" content=\"article\" \/>\n<meta property=\"og:title\" content=\"K\u00f6p Ivory Wave Bath Salt - Lvory Wave Bath Salt - Best Global Meds\" \/>\n<meta property=\"og:description\" content=\"Betalar du f\u00f6r mycket f\u00f6r badsalt i elfenben p\u00e5 n\u00e4tet? K\u00f6p elfenbensv\u00e5gbadsalt till salu i Storbritannien, Europa online p\u00e5 Best Global Meds. L\u00e4r dig mer om elfenbensv\u00e5gbadsalt till salu\" \/>\n<meta property=\"og:url\" content=\"https:\/\/medicinasinc.com\/se\/product\/kopa-elfenben-vag-badsalt\/\" \/>\n<meta property=\"og:site_name\" content=\"Medicinas Inc\" \/>\n<meta property=\"article:modified_time\" content=\"2022-07-03T23:21:48+00:00\" \/>\n<meta property=\"og:image\" content=\"https:\/\/medicinasinc.com\/se\/wp-content\/uploads\/sites\/16\/2022\/02\/Buy-Lvory-Wave-Bath-Salt.jpg\" \/>\n\t<meta property=\"og:image:width\" content=\"450\" \/>\n\t<meta property=\"og:image:height\" content=\"316\" \/>\n\t<meta property=\"og:image:type\" content=\"image\/jpeg\" \/>\n<meta name=\"twitter:card\" content=\"summary_large_image\" \/>\n<meta name=\"twitter:label1\" content=\"Ber\u00e4knad l\u00e4stid\" \/>\n\t<meta name=\"twitter:data1\" content=\"1 minut\" \/>\n<script type=\"application\/ld+json\" class=\"yoast-schema-graph\">{\"@context\":\"https:\\\/\\\/schema.org\",\"@graph\":[{\"@type\":\"WebPage\",\"@id\":\"https:\\\/\\\/medicinasinc.com\\\/se\\\/product\\\/kopa-elfenben-vag-badsalt\\\/\",\"url\":\"https:\\\/\\\/medicinasinc.com\\\/se\\\/product\\\/kopa-elfenben-vag-badsalt\\\/\",\"name\":\"K\u00f6p Ivory Wave Bath Salt - Lvory Wave Bath Salt - Best Global Meds\",\"isPartOf\":{\"@id\":\"https:\\\/\\\/medicinasinc.com\\\/se\\\/#website\"},\"primaryImageOfPage\":{\"@id\":\"https:\\\/\\\/medicinasinc.com\\\/se\\\/product\\\/kopa-elfenben-vag-badsalt\\\/#primaryimage\"},\"image\":{\"@id\":\"https:\\\/\\\/medicinasinc.com\\\/se\\\/product\\\/kopa-elfenben-vag-badsalt\\\/#primaryimage\"},\"thumbnailUrl\":\"https:\\\/\\\/medicinasinc.com\\\/se\\\/wp-content\\\/uploads\\\/sites\\\/16\\\/2022\\\/02\\\/Buy-Lvory-Wave-Bath-Salt.jpg\",\"datePublished\":\"2022-02-22T01:47:13+00:00\",\"dateModified\":\"2022-07-03T23:21:48+00:00\",\"description\":\"Betalar du f\u00f6r mycket f\u00f6r badsalt i elfenben p\u00e5 n\u00e4tet? K\u00f6p elfenbensv\u00e5gbadsalt till salu i Storbritannien, Europa online p\u00e5 Best Global Meds. L\u00e4r dig mer om elfenbensv\u00e5gbadsalt till salu\",\"breadcrumb\":{\"@id\":\"https:\\\/\\\/medicinasinc.com\\\/se\\\/product\\\/kopa-elfenben-vag-badsalt\\\/#breadcrumb\"},\"inLanguage\":\"sv-SE\",\"potentialAction\":[{\"@type\":\"ReadAction\",\"target\":[\"https:\\\/\\\/medicinasinc.com\\\/se\\\/product\\\/kopa-elfenben-vag-badsalt\\\/\"]}]},{\"@type\":\"ImageObject\",\"inLanguage\":\"sv-SE\",\"@id\":\"https:\\\/\\\/medicinasinc.com\\\/se\\\/product\\\/kopa-elfenben-vag-badsalt\\\/#primaryimage\",\"url\":\"https:\\\/\\\/medicinasinc.com\\\/se\\\/wp-content\\\/uploads\\\/sites\\\/16\\\/2022\\\/02\\\/Buy-Lvory-Wave-Bath-Salt.jpg\",\"contentUrl\":\"https:\\\/\\\/medicinasinc.com\\\/se\\\/wp-content\\\/uploads\\\/sites\\\/16\\\/2022\\\/02\\\/Buy-Lvory-Wave-Bath-Salt.jpg\",\"width\":450,\"height\":316},{\"@type\":\"BreadcrumbList\",\"@id\":\"https:\\\/\\\/medicinasinc.com\\\/se\\\/product\\\/kopa-elfenben-vag-badsalt\\\/#breadcrumb\",\"itemListElement\":[{\"@type\":\"ListItem\",\"position\":1,\"name\":\"aff\u00e4r\",\"item\":\"https:\\\/\\\/medicinasinc.com\\\/se\\\/affar\\\/\"},{\"@type\":\"ListItem\",\"position\":2,\"name\":\"K\u00f6p elfenben v\u00e5gbadsalt\"}]},{\"@type\":\"WebSite\",\"@id\":\"https:\\\/\\\/medicinasinc.com\\\/se\\\/#website\",\"url\":\"https:\\\/\\\/medicinasinc.com\\\/se\\\/\",\"name\":\"Medicinas Inc\",\"description\":\"Health Medical Clinic\",\"potentialAction\":[{\"@type\":\"SearchAction\",\"target\":{\"@type\":\"EntryPoint\",\"urlTemplate\":\"https:\\\/\\\/medicinasinc.com\\\/se\\\/?s={search_term_string}\"},\"query-input\":{\"@type\":\"PropertyValueSpecification\",\"valueRequired\":true,\"valueName\":\"search_term_string\"}}],\"inLanguage\":\"sv-SE\"}]}<\/script>\n<!-- \/ Yoast SEO plugin. -->","yoast_head_json":{"title":"K\u00f6p Ivory Wave Bath Salt - Lvory Wave Bath Salt - Best Global Meds","description":"Betalar du f\u00f6r mycket f\u00f6r badsalt i elfenben p\u00e5 n\u00e4tet? K\u00f6p elfenbensv\u00e5gbadsalt till salu i Storbritannien, Europa online p\u00e5 Best Global Meds. L\u00e4r dig mer om elfenbensv\u00e5gbadsalt till salu","robots":{"index":"index","follow":"follow","max-snippet":"max-snippet:-1","max-image-preview":"max-image-preview:large","max-video-preview":"max-video-preview:-1"},"canonical":"https:\/\/medicinasinc.com\/se\/product\/kopa-elfenben-vag-badsalt\/","og_locale":"sv_SE","og_type":"article","og_title":"K\u00f6p Ivory Wave Bath Salt - Lvory Wave Bath Salt - Best Global Meds","og_description":"Betalar du f\u00f6r mycket f\u00f6r badsalt i elfenben p\u00e5 n\u00e4tet? K\u00f6p elfenbensv\u00e5gbadsalt till salu i Storbritannien, Europa online p\u00e5 Best Global Meds. L\u00e4r dig mer om elfenbensv\u00e5gbadsalt till salu","og_url":"https:\/\/medicinasinc.com\/se\/product\/kopa-elfenben-vag-badsalt\/","og_site_name":"Medicinas Inc","article_modified_time":"2022-07-03T23:21:48+00:00","og_image":[{"width":450,"height":316,"url":"https:\/\/medicinasinc.com\/se\/wp-content\/uploads\/sites\/16\/2022\/02\/Buy-Lvory-Wave-Bath-Salt.jpg","type":"image\/jpeg"}],"twitter_card":"summary_large_image","twitter_misc":{"Ber\u00e4knad l\u00e4stid":"1 minut"},"schema":{"@context":"https:\/\/schema.org","@graph":[{"@type":"WebPage","@id":"https:\/\/medicinasinc.com\/se\/product\/kopa-elfenben-vag-badsalt\/","url":"https:\/\/medicinasinc.com\/se\/product\/kopa-elfenben-vag-badsalt\/","name":"K\u00f6p Ivory Wave Bath Salt - Lvory Wave Bath Salt - Best Global Meds","isPartOf":{"@id":"https:\/\/medicinasinc.com\/se\/#website"},"primaryImageOfPage":{"@id":"https:\/\/medicinasinc.com\/se\/product\/kopa-elfenben-vag-badsalt\/#primaryimage"},"image":{"@id":"https:\/\/medicinasinc.com\/se\/product\/kopa-elfenben-vag-badsalt\/#primaryimage"},"thumbnailUrl":"https:\/\/medicinasinc.com\/se\/wp-content\/uploads\/sites\/16\/2022\/02\/Buy-Lvory-Wave-Bath-Salt.jpg","datePublished":"2022-02-22T01:47:13+00:00","dateModified":"2022-07-03T23:21:48+00:00","description":"Betalar du f\u00f6r mycket f\u00f6r badsalt i elfenben p\u00e5 n\u00e4tet? K\u00f6p elfenbensv\u00e5gbadsalt till salu i Storbritannien, Europa online p\u00e5 Best Global Meds. L\u00e4r dig mer om elfenbensv\u00e5gbadsalt till salu","breadcrumb":{"@id":"https:\/\/medicinasinc.com\/se\/product\/kopa-elfenben-vag-badsalt\/#breadcrumb"},"inLanguage":"sv-SE","potentialAction":[{"@type":"ReadAction","target":["https:\/\/medicinasinc.com\/se\/product\/kopa-elfenben-vag-badsalt\/"]}]},{"@type":"ImageObject","inLanguage":"sv-SE","@id":"https:\/\/medicinasinc.com\/se\/product\/kopa-elfenben-vag-badsalt\/#primaryimage","url":"https:\/\/medicinasinc.com\/se\/wp-content\/uploads\/sites\/16\/2022\/02\/Buy-Lvory-Wave-Bath-Salt.jpg","contentUrl":"https:\/\/medicinasinc.com\/se\/wp-content\/uploads\/sites\/16\/2022\/02\/Buy-Lvory-Wave-Bath-Salt.jpg","width":450,"height":316},{"@type":"BreadcrumbList","@id":"https:\/\/medicinasinc.com\/se\/product\/kopa-elfenben-vag-badsalt\/#breadcrumb","itemListElement":[{"@type":"ListItem","position":1,"name":"aff\u00e4r","item":"https:\/\/medicinasinc.com\/se\/affar\/"},{"@type":"ListItem","position":2,"name":"K\u00f6p elfenben v\u00e5gbadsalt"}]},{"@type":"WebSite","@id":"https:\/\/medicinasinc.com\/se\/#website","url":"https:\/\/medicinasinc.com\/se\/","name":"Medicinas Inc","description":"Health Medical Clinic","potentialAction":[{"@type":"SearchAction","target":{"@type":"EntryPoint","urlTemplate":"https:\/\/medicinasinc.com\/se\/?s={search_term_string}"},"query-input":{"@type":"PropertyValueSpecification","valueRequired":true,"valueName":"search_term_string"}}],"inLanguage":"sv-SE"}]}},"_links":{"self":[{"href":"https:\/\/medicinasinc.com\/se\/wp-json\/wp\/v2\/product\/5563","targetHints":{"allow":["GET"]}}],"collection":[{"href":"https:\/\/medicinasinc.com\/se\/wp-json\/wp\/v2\/product"}],"about":[{"href":"https:\/\/medicinasinc.com\/se\/wp-json\/wp\/v2\/types\/product"}],"replies":[{"embeddable":true,"href":"https:\/\/medicinasinc.com\/se\/wp-json\/wp\/v2\/comments?post=5563"}],"wp:featuredmedia":[{"embeddable":true,"href":"https:\/\/medicinasinc.com\/se\/wp-json\/wp\/v2\/media\/5572"}],"wp:attachment":[{"href":"https:\/\/medicinasinc.com\/se\/wp-json\/wp\/v2\/media?parent=5563"}],"wp:term":[{"taxonomy":"product_brand","embeddable":true,"href":"https:\/\/medicinasinc.com\/se\/wp-json\/wp\/v2\/product_brand?post=5563"},{"taxonomy":"product_cat","embeddable":true,"href":"https:\/\/medicinasinc.com\/se\/wp-json\/wp\/v2\/product_cat?post=5563"},{"taxonomy":"product_tag","embeddable":true,"href":"https:\/\/medicinasinc.com\/se\/wp-json\/wp\/v2\/product_tag?post=5563"}],"curies":[{"name":"wp","href":"https:\/\/api.w.org\/{rel}","templated":true}]}}