{"id":5549,"date":"2022-02-22T01:34:03","date_gmt":"2022-02-22T01:34:03","guid":{"rendered":"https:\/\/medicinasinc.com\/se\/?post_type=product&#038;p=5549"},"modified":"2022-07-03T23:21:56","modified_gmt":"2022-07-03T23:21:56","slug":"kop-jwh-210-kemiskt-pulver","status":"publish","type":"product","link":"https:\/\/medicinasinc.com\/se\/product\/kop-jwh-210-kemiskt-pulver\/","title":{"rendered":"K\u00f6p JWH-210 kemiskt pulver"},"content":{"rendered":"<p>Det kemiska pulvret av JWH-210 kan k\u00f6pas online.<\/p>\n<p>Handla JWH-210 Chemical Powder p\u00e5 internet. Ett av de mest anv\u00e4nda antidepressiva medlen i USA \u00e4r JWH-210. Cannabinoiden har en kraftfull effekt.<\/p>\n<p>online WH-210-pulver<\/p>\n<p>F\u00f6r sm\u00e4rtlindring fungerar JWH-210-pulver fr\u00e5n naftoylindolfamiljen som en cannabinoidagonist vid b\u00e5de CB1- och CB2-receptorerna med ett Ki-v\u00e4rde p\u00e5 0,46 nM f\u00f6r CB1 och 0,69 nM f\u00f6r CB2. Som ett 4-substituerat naftoylderivat har det en starkare bindningsaffinitet (dvs l\u00e4gre Ki) vid CB1 \u00e4n b\u00e5de dess 4-metyl- och 4-N-propylhomologer, JWH-122 (CB1 Ki 0,69 nM) s\u00e5v\u00e4l som JWH-182 (CB1 Ki 0,65 nM) och 4-metoximolekylen JWH-081 (CB1 Ki 1,2 nM). John W. Huffman, som gjorde uppt\u00e4ckten, hedrades med \u00e4ran att f\u00e5 sitt fynd uppkallat efter sig.<\/p>\n<p>Det finns tv\u00e5 typer av cannabinoidreceptorer i kroppen: CB1 och CB2. JWH-210 \u00e4r sm\u00e4rtstillande och fungerar som en agonist f\u00f6r b\u00e5da. CB1 Ki \u00e4r vid 0,46 nM och CB2 Ki vid 0,69 nM. Ett starkt 4-substituerat naftoylderivat av naftoylindolserien, det har en h\u00f6gre affinitet f\u00f6r CB1-bindning \u00e4n JWH-122, JWH-182 och JWH-081 av f\u00f6rsta generationens syntetiska cannabinoider (1).<\/p>\n<p> Metaboliska v\u00e4gar: JWH-210 har flera k\u00e4nda metaboliter, inklusive N-pentansyrametabolit (detekterbar i urin), N-(4-hydroxipentyl) metabolit (detekterbar i urin och serum), N-(5-hydroxipentyl) metabolit (detekterbar i urin och serum), och 5 hydroxiindolmetabolit (detekterbar i urin och serum) (detekterbar i urin och serum). Det har ocks\u00e5 konstaterats att naftoylringen har hydroxylerats (2).<\/p>\n<p>N\u00e4r den sprayas p\u00e5 v\u00e4xter har JWH-210 samma effekter och toxicitet som marijuana, enligt anv\u00e4ndarna. Inom 2-5 minuter efter injektionen b\u00f6rjar effekterna m\u00e4rkas. Lite \u00e4r k\u00e4nt om effekterna av enbart JWH-210, men syntetiska cannabinoider orsakar vanligen hum\u00f6r- och perceptuella f\u00f6r\u00e4ndringar, panikattacker och agitation, en niv\u00e5 som liknar cannabis, och mindre hallucinogena effekter (visuella och auditiva).<\/p>\n","protected":false},"excerpt":{"rendered":"<p>K\u00f6p JWH-210 kemiskt pulver till salu online i Storbritannien, Europa, EU. JWH-210 Chemical Powder \u00e4r en sm\u00e4rtstillande kemikalie fr\u00e5n naftoylindolfamiljen.<\/p>\n<h3 class=\"product_title\">JWH-210 pulver online k\u00f6p original JWH-210 99 % renhet<\/h3>\n","protected":false},"featured_media":5560,"comment_status":"open","ping_status":"closed","template":"","meta":[],"product_brand":[],"product_cat":[2014],"product_tag":[3070,3071,3072,3073,3034,3077,3075,3076,3074,3078,3080,3079,3047],"class_list":{"0":"post-5549","1":"product","2":"type-product","3":"status-publish","4":"has-post-thumbnail","6":"product_cat-kop-research-chemicals","7":"product_tag-buy-jwh-210","8":"product_tag-buy-jwh-210-europe","9":"product_tag-buy-jwh-210-uk","10":"product_tag-buy-jwh-210-usa","11":"product_tag-jwh-018","12":"product_tag-jwh-210-bestllning","13":"product_tag-jwh-210-dosering","14":"product_tag-jwh-210-legal-status-usa","15":"product_tag-jwh-210-kp","16":"product_tag-jwh-210-psykonaut","17":"product_tag-jwh-210-recension","18":"product_tag-jwh-210-reddit","19":"product_tag-jwh-250","21":"first","22":"instock","23":"shipping-taxable","24":"purchasable","25":"product-type-variable","26":"has-default-attributes"},"yoast_head":"<!-- This site is optimized with the Yoast SEO plugin v27.3 - https:\/\/yoast.com\/product\/yoast-seo-wordpress\/ -->\n<title>K\u00f6p JWH-210 Chemical Powder - Best Global Meds<\/title>\n<meta name=\"description\" content=\"K\u00f6p JWH-210 kemiskt pulver till salu online i Storbritannien, Europa. JWH-210 Chemical Powder \u00e4r en sm\u00e4rtstillande kemikalie fr\u00e5n naftoylindolfamiljen.\" \/>\n<meta name=\"robots\" content=\"index, follow, max-snippet:-1, max-image-preview:large, max-video-preview:-1\" \/>\n<link rel=\"canonical\" href=\"https:\/\/medicinasinc.com\/se\/product\/kop-jwh-210-kemiskt-pulver\/\" \/>\n<meta property=\"og:locale\" content=\"sv_SE\" \/>\n<meta property=\"og:type\" content=\"article\" \/>\n<meta property=\"og:title\" content=\"K\u00f6p JWH-210 Chemical Powder - Best Global Meds\" \/>\n<meta property=\"og:description\" content=\"K\u00f6p JWH-210 kemiskt pulver till salu online i Storbritannien, Europa. JWH-210 Chemical Powder \u00e4r en sm\u00e4rtstillande kemikalie fr\u00e5n naftoylindolfamiljen.\" \/>\n<meta property=\"og:url\" content=\"https:\/\/medicinasinc.com\/se\/product\/kop-jwh-210-kemiskt-pulver\/\" \/>\n<meta property=\"og:site_name\" content=\"Medicinas Inc\" \/>\n<meta property=\"article:modified_time\" content=\"2022-07-03T23:21:56+00:00\" \/>\n<meta property=\"og:image\" content=\"https:\/\/medicinasinc.com\/se\/wp-content\/uploads\/sites\/16\/2022\/02\/Buy-JWH-210-Chemical-Powder-Online.jpg\" \/>\n\t<meta property=\"og:image:width\" content=\"600\" \/>\n\t<meta property=\"og:image:height\" content=\"600\" \/>\n\t<meta property=\"og:image:type\" content=\"image\/jpeg\" \/>\n<meta name=\"twitter:card\" content=\"summary_large_image\" \/>\n<meta name=\"twitter:label1\" content=\"Ber\u00e4knad l\u00e4stid\" \/>\n\t<meta name=\"twitter:data1\" content=\"2 minuter\" \/>\n<script type=\"application\/ld+json\" class=\"yoast-schema-graph\">{\"@context\":\"https:\\\/\\\/schema.org\",\"@graph\":[{\"@type\":\"WebPage\",\"@id\":\"https:\\\/\\\/medicinasinc.com\\\/se\\\/product\\\/kop-jwh-210-kemiskt-pulver\\\/\",\"url\":\"https:\\\/\\\/medicinasinc.com\\\/se\\\/product\\\/kop-jwh-210-kemiskt-pulver\\\/\",\"name\":\"K\u00f6p JWH-210 Chemical Powder - Best Global Meds\",\"isPartOf\":{\"@id\":\"https:\\\/\\\/medicinasinc.com\\\/se\\\/#website\"},\"primaryImageOfPage\":{\"@id\":\"https:\\\/\\\/medicinasinc.com\\\/se\\\/product\\\/kop-jwh-210-kemiskt-pulver\\\/#primaryimage\"},\"image\":{\"@id\":\"https:\\\/\\\/medicinasinc.com\\\/se\\\/product\\\/kop-jwh-210-kemiskt-pulver\\\/#primaryimage\"},\"thumbnailUrl\":\"https:\\\/\\\/medicinasinc.com\\\/se\\\/wp-content\\\/uploads\\\/sites\\\/16\\\/2022\\\/02\\\/Buy-JWH-210-Chemical-Powder-Online.jpg\",\"datePublished\":\"2022-02-22T01:34:03+00:00\",\"dateModified\":\"2022-07-03T23:21:56+00:00\",\"description\":\"K\u00f6p JWH-210 kemiskt pulver till salu online i Storbritannien, Europa. JWH-210 Chemical Powder \u00e4r en sm\u00e4rtstillande kemikalie fr\u00e5n naftoylindolfamiljen.\",\"breadcrumb\":{\"@id\":\"https:\\\/\\\/medicinasinc.com\\\/se\\\/product\\\/kop-jwh-210-kemiskt-pulver\\\/#breadcrumb\"},\"inLanguage\":\"sv-SE\",\"potentialAction\":[{\"@type\":\"ReadAction\",\"target\":[\"https:\\\/\\\/medicinasinc.com\\\/se\\\/product\\\/kop-jwh-210-kemiskt-pulver\\\/\"]}]},{\"@type\":\"ImageObject\",\"inLanguage\":\"sv-SE\",\"@id\":\"https:\\\/\\\/medicinasinc.com\\\/se\\\/product\\\/kop-jwh-210-kemiskt-pulver\\\/#primaryimage\",\"url\":\"https:\\\/\\\/medicinasinc.com\\\/se\\\/wp-content\\\/uploads\\\/sites\\\/16\\\/2022\\\/02\\\/Buy-JWH-210-Chemical-Powder-Online.jpg\",\"contentUrl\":\"https:\\\/\\\/medicinasinc.com\\\/se\\\/wp-content\\\/uploads\\\/sites\\\/16\\\/2022\\\/02\\\/Buy-JWH-210-Chemical-Powder-Online.jpg\",\"width\":600,\"height\":600},{\"@type\":\"BreadcrumbList\",\"@id\":\"https:\\\/\\\/medicinasinc.com\\\/se\\\/product\\\/kop-jwh-210-kemiskt-pulver\\\/#breadcrumb\",\"itemListElement\":[{\"@type\":\"ListItem\",\"position\":1,\"name\":\"aff\u00e4r\",\"item\":\"https:\\\/\\\/medicinasinc.com\\\/se\\\/affar\\\/\"},{\"@type\":\"ListItem\",\"position\":2,\"name\":\"K\u00f6p JWH-210 kemiskt pulver\"}]},{\"@type\":\"WebSite\",\"@id\":\"https:\\\/\\\/medicinasinc.com\\\/se\\\/#website\",\"url\":\"https:\\\/\\\/medicinasinc.com\\\/se\\\/\",\"name\":\"Medicinas Inc\",\"description\":\"Health Medical Clinic\",\"potentialAction\":[{\"@type\":\"SearchAction\",\"target\":{\"@type\":\"EntryPoint\",\"urlTemplate\":\"https:\\\/\\\/medicinasinc.com\\\/se\\\/?s={search_term_string}\"},\"query-input\":{\"@type\":\"PropertyValueSpecification\",\"valueRequired\":true,\"valueName\":\"search_term_string\"}}],\"inLanguage\":\"sv-SE\"}]}<\/script>\n<!-- \/ Yoast SEO plugin. -->","yoast_head_json":{"title":"K\u00f6p JWH-210 Chemical Powder - Best Global Meds","description":"K\u00f6p JWH-210 kemiskt pulver till salu online i Storbritannien, Europa. JWH-210 Chemical Powder \u00e4r en sm\u00e4rtstillande kemikalie fr\u00e5n naftoylindolfamiljen.","robots":{"index":"index","follow":"follow","max-snippet":"max-snippet:-1","max-image-preview":"max-image-preview:large","max-video-preview":"max-video-preview:-1"},"canonical":"https:\/\/medicinasinc.com\/se\/product\/kop-jwh-210-kemiskt-pulver\/","og_locale":"sv_SE","og_type":"article","og_title":"K\u00f6p JWH-210 Chemical Powder - Best Global Meds","og_description":"K\u00f6p JWH-210 kemiskt pulver till salu online i Storbritannien, Europa. JWH-210 Chemical Powder \u00e4r en sm\u00e4rtstillande kemikalie fr\u00e5n naftoylindolfamiljen.","og_url":"https:\/\/medicinasinc.com\/se\/product\/kop-jwh-210-kemiskt-pulver\/","og_site_name":"Medicinas Inc","article_modified_time":"2022-07-03T23:21:56+00:00","og_image":[{"width":600,"height":600,"url":"https:\/\/medicinasinc.com\/se\/wp-content\/uploads\/sites\/16\/2022\/02\/Buy-JWH-210-Chemical-Powder-Online.jpg","type":"image\/jpeg"}],"twitter_card":"summary_large_image","twitter_misc":{"Ber\u00e4knad l\u00e4stid":"2 minuter"},"schema":{"@context":"https:\/\/schema.org","@graph":[{"@type":"WebPage","@id":"https:\/\/medicinasinc.com\/se\/product\/kop-jwh-210-kemiskt-pulver\/","url":"https:\/\/medicinasinc.com\/se\/product\/kop-jwh-210-kemiskt-pulver\/","name":"K\u00f6p JWH-210 Chemical Powder - Best Global Meds","isPartOf":{"@id":"https:\/\/medicinasinc.com\/se\/#website"},"primaryImageOfPage":{"@id":"https:\/\/medicinasinc.com\/se\/product\/kop-jwh-210-kemiskt-pulver\/#primaryimage"},"image":{"@id":"https:\/\/medicinasinc.com\/se\/product\/kop-jwh-210-kemiskt-pulver\/#primaryimage"},"thumbnailUrl":"https:\/\/medicinasinc.com\/se\/wp-content\/uploads\/sites\/16\/2022\/02\/Buy-JWH-210-Chemical-Powder-Online.jpg","datePublished":"2022-02-22T01:34:03+00:00","dateModified":"2022-07-03T23:21:56+00:00","description":"K\u00f6p JWH-210 kemiskt pulver till salu online i Storbritannien, Europa. JWH-210 Chemical Powder \u00e4r en sm\u00e4rtstillande kemikalie fr\u00e5n naftoylindolfamiljen.","breadcrumb":{"@id":"https:\/\/medicinasinc.com\/se\/product\/kop-jwh-210-kemiskt-pulver\/#breadcrumb"},"inLanguage":"sv-SE","potentialAction":[{"@type":"ReadAction","target":["https:\/\/medicinasinc.com\/se\/product\/kop-jwh-210-kemiskt-pulver\/"]}]},{"@type":"ImageObject","inLanguage":"sv-SE","@id":"https:\/\/medicinasinc.com\/se\/product\/kop-jwh-210-kemiskt-pulver\/#primaryimage","url":"https:\/\/medicinasinc.com\/se\/wp-content\/uploads\/sites\/16\/2022\/02\/Buy-JWH-210-Chemical-Powder-Online.jpg","contentUrl":"https:\/\/medicinasinc.com\/se\/wp-content\/uploads\/sites\/16\/2022\/02\/Buy-JWH-210-Chemical-Powder-Online.jpg","width":600,"height":600},{"@type":"BreadcrumbList","@id":"https:\/\/medicinasinc.com\/se\/product\/kop-jwh-210-kemiskt-pulver\/#breadcrumb","itemListElement":[{"@type":"ListItem","position":1,"name":"aff\u00e4r","item":"https:\/\/medicinasinc.com\/se\/affar\/"},{"@type":"ListItem","position":2,"name":"K\u00f6p JWH-210 kemiskt pulver"}]},{"@type":"WebSite","@id":"https:\/\/medicinasinc.com\/se\/#website","url":"https:\/\/medicinasinc.com\/se\/","name":"Medicinas Inc","description":"Health Medical Clinic","potentialAction":[{"@type":"SearchAction","target":{"@type":"EntryPoint","urlTemplate":"https:\/\/medicinasinc.com\/se\/?s={search_term_string}"},"query-input":{"@type":"PropertyValueSpecification","valueRequired":true,"valueName":"search_term_string"}}],"inLanguage":"sv-SE"}]}},"_links":{"self":[{"href":"https:\/\/medicinasinc.com\/se\/wp-json\/wp\/v2\/product\/5549","targetHints":{"allow":["GET"]}}],"collection":[{"href":"https:\/\/medicinasinc.com\/se\/wp-json\/wp\/v2\/product"}],"about":[{"href":"https:\/\/medicinasinc.com\/se\/wp-json\/wp\/v2\/types\/product"}],"replies":[{"embeddable":true,"href":"https:\/\/medicinasinc.com\/se\/wp-json\/wp\/v2\/comments?post=5549"}],"wp:featuredmedia":[{"embeddable":true,"href":"https:\/\/medicinasinc.com\/se\/wp-json\/wp\/v2\/media\/5560"}],"wp:attachment":[{"href":"https:\/\/medicinasinc.com\/se\/wp-json\/wp\/v2\/media?parent=5549"}],"wp:term":[{"taxonomy":"product_brand","embeddable":true,"href":"https:\/\/medicinasinc.com\/se\/wp-json\/wp\/v2\/product_brand?post=5549"},{"taxonomy":"product_cat","embeddable":true,"href":"https:\/\/medicinasinc.com\/se\/wp-json\/wp\/v2\/product_cat?post=5549"},{"taxonomy":"product_tag","embeddable":true,"href":"https:\/\/medicinasinc.com\/se\/wp-json\/wp\/v2\/product_tag?post=5549"}],"curies":[{"name":"wp","href":"https:\/\/api.w.org\/{rel}","templated":true}]}}