{"id":5548,"date":"2022-02-22T01:32:32","date_gmt":"2022-02-22T01:32:32","guid":{"rendered":"https:\/\/medicinasinc.com\/se\/?post_type=product&#038;p=5548"},"modified":"2022-07-03T23:22:11","modified_gmt":"2022-07-03T23:22:11","slug":"kop-jwh-018-kemikalie","status":"publish","type":"product","link":"https:\/\/medicinasinc.com\/se\/product\/kop-jwh-018-kemikalie\/","title":{"rendered":"K\u00f6p JWH-018 Chemical"},"content":{"rendered":"<p>JWH-018-pulver kan k\u00f6pas med Western Union\/MoneyGram eller bitcoins h\u00e4r p\u00e5 v\u00e5r sida. Den \u00e4r garanterat minst 99,8 procent ren. Varje parti av v\u00e5ra forskningskemikalier kan f\u00f6rses med ett analyscertifikat (COA).<\/p>\n<p>Ett gram JWH-018 varje best\u00e4llningsenhet inneh\u00e5ller minst 99,8 % ren JWH-018.<\/p>\n<p>Till salu \u00e4r JWH 018 spray.<\/p>\n<p>Innan vi b\u00f6rjar med JWH-018 vill vi ge dig en kort introduktion till CBD.<br \/> Enligt US Public Library of Medicine, CBD, f\u00f6rkortning f\u00f6r cannabidiol, \u00e4r en syntetisk kemikalie som kommer fr\u00e5n Cannabis sativa-v\u00e4xten, ibland k\u00e4nd som cannabis eller hj\u00e4lp.<br \/> I produkter som oljor och \u00e4tbara produkter anv\u00e4nds den f\u00f6r att framkalla en k\u00e4nsla av lugn och avslappning. Precis som sin kusin, THC (delta-9-tetrahydrocannabinoids), har CBD ingen psykotrop effekt p\u00e5 kroppen.<br \/> Zests egenodlade blandning &#8221;Zest&#8221; inneh\u00e5ller en konstruerad cannabinoid k\u00e4nd som JWH-018. P\u00e5 grund av dess liknande berusande effekter som 9-THC, anv\u00e4nds denna Zest cannabinoid illegalt. Medan JWH-018 \u00e4r m\u00e4rkbart mer potent \u00e4n likv\u00e4rdiga cannabism\u00e4tningar, erbjuder den ocks\u00e5 enorma utmaningar f\u00f6r detektering genom standard 9-THC-teststudier. JWH-018<br \/> JWH-018 lades till DEA:s lista \u00f6ver l\u00e4kemedel och syntetiska \u00e4mnen i juli 2009. Vissa jurisdiktioner har vidtagit \u00e5tg\u00e4rder f\u00f6r att f\u00f6rbjuda f\u00f6rs\u00e4ljning eller \u00e4gande av Flavour (JWH-018), inklusive Alabama, Arkansas , Georgia, Kansas, Kentucky, North Dakota och Tennessee trots de rapporterade f\u00e5ngsterna av Flavor i Ohio och Florida.<br \/> N\u00e4r det kommer till jwh-018 spray har du kommit till r\u00e4tt plats om du vill ha det b\u00e4sta. Vi skickar h\u00f6gkvalitativa varor i stora kvantiteter \u00f6ver hela v\u00e4rlden. Sprayen jwh-018 kan bli din inom de n\u00e4rmaste fem arbetsdagarna om du best\u00e4ller nu. K\u00f6p jwh-018 online.<\/p>\n","protected":false},"excerpt":{"rendered":"<div class=\"woocommerce-product-details__short-description\">\n<p>Vi har JWH-018 till salu p\u00e5 v\u00e5r webbplats. Aldrig tidigare sk\u00e5dade utgifter. En spray- och pulverversion av Best JWH-018 Essence finns nu att k\u00f6pa. medicinasinc.com\/se \u00e4r platsen f\u00f6r att k\u00f6pa JWH-018 online.<\/p>\n<p>K\u00f6p JWH-018 fr\u00e5n en ansedd \u00e5terf\u00f6rs\u00e4ljare online. Vill k\u00f6pa h\u00f6gkvalitativ jwh-018 till ett billigt pris. Best\u00e4ll fr\u00e5n oss och g\u00e5 med i raden av n\u00f6jda kunder.<\/p>\n<p>JWH-018<\/p>\n<p>Produkten \u00e4r helt ny.<\/p>\n<p>K\u00f6p JWH-018<\/p>\n<p>Aktiv substans:<br \/> Aktiv efter:<br \/> Aktiv tid:<br \/> En best\u00e4llningsenhet:<\/p>\n<p>JWH-018<br \/> 20-30 min. efter anv\u00e4ndning<br \/> 4-5 timmar<br \/> 1g av min 99<\/p>\n<\/p><\/div>\n","protected":false},"featured_media":5558,"comment_status":"open","ping_status":"closed","template":"","meta":[],"product_brand":[],"product_cat":[2014],"product_tag":[3050,3051,3053,3054,3055,3059,3067,3058,3060,3061,3064,3063,3062,3065,3057,3066,3068,3056,3052,3069],"class_list":{"0":"post-5548","1":"product","2":"type-product","3":"status-publish","4":"has-post-thumbnail","6":"product_cat-kop-research-chemicals","7":"product_tag-buy-jwh-018","8":"product_tag-buy-jwh-018-chemical","9":"product_tag-hur-man-gr-jwh-018-spray","10":"product_tag-jwh-pulver","11":"product_tag-jwh-018-alternativ","12":"product_tag-jwh-018-order","13":"product_tag-jwh-018-grossist","14":"product_tag-jwh-018-online-kp","15":"product_tag-jwh-018-powder-price","16":"product_tag-jwh-018-price","17":"product_tag-jwh-018-rea","18":"product_tag-jwh-018-recension","19":"product_tag-jwh-018-reddit","20":"product_tag-jwh-018-spray-till-sale-uk","21":"product_tag-jwh-018-till-salu","22":"product_tag-jwh-018-walmart","23":"product_tag-jwh-250-spray","24":"product_tag-jwh-018-kp","25":"product_tag-kp-jwh-018-pulver","26":"product_tag-produkter-som-innehller-jwh-018","28":"first","29":"instock","30":"shipping-taxable","31":"purchasable","32":"product-type-variable","33":"has-default-attributes"},"yoast_head":"<!-- This site is optimized with the Yoast SEO plugin v27.3 - https:\/\/yoast.com\/product\/yoast-seo-wordpress\/ -->\n<title>K\u00f6p JWH-018 Chemical - JWH-018 Chemical Online - Best Global Meds<\/title>\n<meta name=\"description\" content=\"K\u00f6p JWH-018 Chemical Powder Storbritannien, F\u00f6renade Arabemiraten, Europa, Kina i v\u00e5r medicinasinc.com\/se onlinebutik med snabb leverans \u00f6ver hela v\u00e4rlden! Den b\u00e4sta JWH-018 f\u00f6r best\u00e4llning hittar du h\u00e4r!\" \/>\n<meta name=\"robots\" content=\"index, follow, max-snippet:-1, max-image-preview:large, max-video-preview:-1\" \/>\n<link rel=\"canonical\" href=\"https:\/\/medicinasinc.com\/se\/product\/kop-jwh-018-kemikalie\/\" \/>\n<meta property=\"og:locale\" content=\"sv_SE\" \/>\n<meta property=\"og:type\" content=\"article\" \/>\n<meta property=\"og:title\" content=\"K\u00f6p JWH-018 Chemical - JWH-018 Chemical Online - Best Global Meds\" \/>\n<meta property=\"og:description\" content=\"K\u00f6p JWH-018 Chemical Powder Storbritannien, F\u00f6renade Arabemiraten, Europa, Kina i v\u00e5r medicinasinc.com\/se onlinebutik med snabb leverans \u00f6ver hela v\u00e4rlden! Den b\u00e4sta JWH-018 f\u00f6r best\u00e4llning hittar du h\u00e4r!\" \/>\n<meta property=\"og:url\" content=\"https:\/\/medicinasinc.com\/se\/product\/kop-jwh-018-kemikalie\/\" \/>\n<meta property=\"og:site_name\" content=\"Medicinas Inc\" \/>\n<meta property=\"article:modified_time\" content=\"2022-07-03T23:22:11+00:00\" \/>\n<meta property=\"og:image\" content=\"https:\/\/medicinasinc.com\/se\/wp-content\/uploads\/sites\/16\/2022\/02\/Buy-JWH-018-Chemical.jpg\" \/>\n\t<meta property=\"og:image:width\" content=\"593\" \/>\n\t<meta property=\"og:image:height\" content=\"400\" \/>\n\t<meta property=\"og:image:type\" content=\"image\/jpeg\" \/>\n<meta name=\"twitter:card\" content=\"summary_large_image\" \/>\n<meta name=\"twitter:label1\" content=\"Ber\u00e4knad l\u00e4stid\" \/>\n\t<meta name=\"twitter:data1\" content=\"2 minuter\" \/>\n<script type=\"application\/ld+json\" class=\"yoast-schema-graph\">{\"@context\":\"https:\\\/\\\/schema.org\",\"@graph\":[{\"@type\":\"WebPage\",\"@id\":\"https:\\\/\\\/medicinasinc.com\\\/se\\\/product\\\/kop-jwh-018-kemikalie\\\/\",\"url\":\"https:\\\/\\\/medicinasinc.com\\\/se\\\/product\\\/kop-jwh-018-kemikalie\\\/\",\"name\":\"K\u00f6p JWH-018 Chemical - JWH-018 Chemical Online - Best Global Meds\",\"isPartOf\":{\"@id\":\"https:\\\/\\\/medicinasinc.com\\\/se\\\/#website\"},\"primaryImageOfPage\":{\"@id\":\"https:\\\/\\\/medicinasinc.com\\\/se\\\/product\\\/kop-jwh-018-kemikalie\\\/#primaryimage\"},\"image\":{\"@id\":\"https:\\\/\\\/medicinasinc.com\\\/se\\\/product\\\/kop-jwh-018-kemikalie\\\/#primaryimage\"},\"thumbnailUrl\":\"https:\\\/\\\/medicinasinc.com\\\/se\\\/wp-content\\\/uploads\\\/sites\\\/16\\\/2022\\\/02\\\/Buy-JWH-018-Chemical.jpg\",\"datePublished\":\"2022-02-22T01:32:32+00:00\",\"dateModified\":\"2022-07-03T23:22:11+00:00\",\"description\":\"K\u00f6p JWH-018 Chemical Powder Storbritannien, F\u00f6renade Arabemiraten, Europa, Kina i v\u00e5r medicinasinc.com\\\/se onlinebutik med snabb leverans \u00f6ver hela v\u00e4rlden! Den b\u00e4sta JWH-018 f\u00f6r best\u00e4llning hittar du h\u00e4r!\",\"breadcrumb\":{\"@id\":\"https:\\\/\\\/medicinasinc.com\\\/se\\\/product\\\/kop-jwh-018-kemikalie\\\/#breadcrumb\"},\"inLanguage\":\"sv-SE\",\"potentialAction\":[{\"@type\":\"ReadAction\",\"target\":[\"https:\\\/\\\/medicinasinc.com\\\/se\\\/product\\\/kop-jwh-018-kemikalie\\\/\"]}]},{\"@type\":\"ImageObject\",\"inLanguage\":\"sv-SE\",\"@id\":\"https:\\\/\\\/medicinasinc.com\\\/se\\\/product\\\/kop-jwh-018-kemikalie\\\/#primaryimage\",\"url\":\"https:\\\/\\\/medicinasinc.com\\\/se\\\/wp-content\\\/uploads\\\/sites\\\/16\\\/2022\\\/02\\\/Buy-JWH-018-Chemical.jpg\",\"contentUrl\":\"https:\\\/\\\/medicinasinc.com\\\/se\\\/wp-content\\\/uploads\\\/sites\\\/16\\\/2022\\\/02\\\/Buy-JWH-018-Chemical.jpg\",\"width\":593,\"height\":400},{\"@type\":\"BreadcrumbList\",\"@id\":\"https:\\\/\\\/medicinasinc.com\\\/se\\\/product\\\/kop-jwh-018-kemikalie\\\/#breadcrumb\",\"itemListElement\":[{\"@type\":\"ListItem\",\"position\":1,\"name\":\"aff\u00e4r\",\"item\":\"https:\\\/\\\/medicinasinc.com\\\/se\\\/affar\\\/\"},{\"@type\":\"ListItem\",\"position\":2,\"name\":\"K\u00f6p JWH-018 Chemical\"}]},{\"@type\":\"WebSite\",\"@id\":\"https:\\\/\\\/medicinasinc.com\\\/se\\\/#website\",\"url\":\"https:\\\/\\\/medicinasinc.com\\\/se\\\/\",\"name\":\"Medicinas Inc\",\"description\":\"Health Medical Clinic\",\"potentialAction\":[{\"@type\":\"SearchAction\",\"target\":{\"@type\":\"EntryPoint\",\"urlTemplate\":\"https:\\\/\\\/medicinasinc.com\\\/se\\\/?s={search_term_string}\"},\"query-input\":{\"@type\":\"PropertyValueSpecification\",\"valueRequired\":true,\"valueName\":\"search_term_string\"}}],\"inLanguage\":\"sv-SE\"}]}<\/script>\n<!-- \/ Yoast SEO plugin. -->","yoast_head_json":{"title":"K\u00f6p JWH-018 Chemical - JWH-018 Chemical Online - Best Global Meds","description":"K\u00f6p JWH-018 Chemical Powder Storbritannien, F\u00f6renade Arabemiraten, Europa, Kina i v\u00e5r medicinasinc.com\/se onlinebutik med snabb leverans \u00f6ver hela v\u00e4rlden! Den b\u00e4sta JWH-018 f\u00f6r best\u00e4llning hittar du h\u00e4r!","robots":{"index":"index","follow":"follow","max-snippet":"max-snippet:-1","max-image-preview":"max-image-preview:large","max-video-preview":"max-video-preview:-1"},"canonical":"https:\/\/medicinasinc.com\/se\/product\/kop-jwh-018-kemikalie\/","og_locale":"sv_SE","og_type":"article","og_title":"K\u00f6p JWH-018 Chemical - JWH-018 Chemical Online - Best Global Meds","og_description":"K\u00f6p JWH-018 Chemical Powder Storbritannien, F\u00f6renade Arabemiraten, Europa, Kina i v\u00e5r medicinasinc.com\/se onlinebutik med snabb leverans \u00f6ver hela v\u00e4rlden! Den b\u00e4sta JWH-018 f\u00f6r best\u00e4llning hittar du h\u00e4r!","og_url":"https:\/\/medicinasinc.com\/se\/product\/kop-jwh-018-kemikalie\/","og_site_name":"Medicinas Inc","article_modified_time":"2022-07-03T23:22:11+00:00","og_image":[{"width":593,"height":400,"url":"https:\/\/medicinasinc.com\/se\/wp-content\/uploads\/sites\/16\/2022\/02\/Buy-JWH-018-Chemical.jpg","type":"image\/jpeg"}],"twitter_card":"summary_large_image","twitter_misc":{"Ber\u00e4knad l\u00e4stid":"2 minuter"},"schema":{"@context":"https:\/\/schema.org","@graph":[{"@type":"WebPage","@id":"https:\/\/medicinasinc.com\/se\/product\/kop-jwh-018-kemikalie\/","url":"https:\/\/medicinasinc.com\/se\/product\/kop-jwh-018-kemikalie\/","name":"K\u00f6p JWH-018 Chemical - JWH-018 Chemical Online - Best Global Meds","isPartOf":{"@id":"https:\/\/medicinasinc.com\/se\/#website"},"primaryImageOfPage":{"@id":"https:\/\/medicinasinc.com\/se\/product\/kop-jwh-018-kemikalie\/#primaryimage"},"image":{"@id":"https:\/\/medicinasinc.com\/se\/product\/kop-jwh-018-kemikalie\/#primaryimage"},"thumbnailUrl":"https:\/\/medicinasinc.com\/se\/wp-content\/uploads\/sites\/16\/2022\/02\/Buy-JWH-018-Chemical.jpg","datePublished":"2022-02-22T01:32:32+00:00","dateModified":"2022-07-03T23:22:11+00:00","description":"K\u00f6p JWH-018 Chemical Powder Storbritannien, F\u00f6renade Arabemiraten, Europa, Kina i v\u00e5r medicinasinc.com\/se onlinebutik med snabb leverans \u00f6ver hela v\u00e4rlden! Den b\u00e4sta JWH-018 f\u00f6r best\u00e4llning hittar du h\u00e4r!","breadcrumb":{"@id":"https:\/\/medicinasinc.com\/se\/product\/kop-jwh-018-kemikalie\/#breadcrumb"},"inLanguage":"sv-SE","potentialAction":[{"@type":"ReadAction","target":["https:\/\/medicinasinc.com\/se\/product\/kop-jwh-018-kemikalie\/"]}]},{"@type":"ImageObject","inLanguage":"sv-SE","@id":"https:\/\/medicinasinc.com\/se\/product\/kop-jwh-018-kemikalie\/#primaryimage","url":"https:\/\/medicinasinc.com\/se\/wp-content\/uploads\/sites\/16\/2022\/02\/Buy-JWH-018-Chemical.jpg","contentUrl":"https:\/\/medicinasinc.com\/se\/wp-content\/uploads\/sites\/16\/2022\/02\/Buy-JWH-018-Chemical.jpg","width":593,"height":400},{"@type":"BreadcrumbList","@id":"https:\/\/medicinasinc.com\/se\/product\/kop-jwh-018-kemikalie\/#breadcrumb","itemListElement":[{"@type":"ListItem","position":1,"name":"aff\u00e4r","item":"https:\/\/medicinasinc.com\/se\/affar\/"},{"@type":"ListItem","position":2,"name":"K\u00f6p JWH-018 Chemical"}]},{"@type":"WebSite","@id":"https:\/\/medicinasinc.com\/se\/#website","url":"https:\/\/medicinasinc.com\/se\/","name":"Medicinas Inc","description":"Health Medical Clinic","potentialAction":[{"@type":"SearchAction","target":{"@type":"EntryPoint","urlTemplate":"https:\/\/medicinasinc.com\/se\/?s={search_term_string}"},"query-input":{"@type":"PropertyValueSpecification","valueRequired":true,"valueName":"search_term_string"}}],"inLanguage":"sv-SE"}]}},"_links":{"self":[{"href":"https:\/\/medicinasinc.com\/se\/wp-json\/wp\/v2\/product\/5548","targetHints":{"allow":["GET"]}}],"collection":[{"href":"https:\/\/medicinasinc.com\/se\/wp-json\/wp\/v2\/product"}],"about":[{"href":"https:\/\/medicinasinc.com\/se\/wp-json\/wp\/v2\/types\/product"}],"replies":[{"embeddable":true,"href":"https:\/\/medicinasinc.com\/se\/wp-json\/wp\/v2\/comments?post=5548"}],"wp:featuredmedia":[{"embeddable":true,"href":"https:\/\/medicinasinc.com\/se\/wp-json\/wp\/v2\/media\/5558"}],"wp:attachment":[{"href":"https:\/\/medicinasinc.com\/se\/wp-json\/wp\/v2\/media?parent=5548"}],"wp:term":[{"taxonomy":"product_brand","embeddable":true,"href":"https:\/\/medicinasinc.com\/se\/wp-json\/wp\/v2\/product_brand?post=5548"},{"taxonomy":"product_cat","embeddable":true,"href":"https:\/\/medicinasinc.com\/se\/wp-json\/wp\/v2\/product_cat?post=5548"},{"taxonomy":"product_tag","embeddable":true,"href":"https:\/\/medicinasinc.com\/se\/wp-json\/wp\/v2\/product_tag?post=5548"}],"curies":[{"name":"wp","href":"https:\/\/api.w.org\/{rel}","templated":true}]}}