{"id":5547,"date":"2022-02-22T01:30:48","date_gmt":"2022-02-22T01:30:48","guid":{"rendered":"https:\/\/medicinasinc.com\/se\/?post_type=product&#038;p=5547"},"modified":"2022-07-03T23:22:21","modified_gmt":"2022-07-03T23:22:21","slug":"kop-jwh-200-kemikalie","status":"publish","type":"product","link":"https:\/\/medicinasinc.com\/se\/product\/kop-jwh-200-kemikalie\/","title":{"rendered":"K\u00f6p JWH-200 Chemical"},"content":{"rendered":"<p>Fr\u00e5ga om k\u00f6p av kemikalien JWH-200<\/p>\n<p>Inom naftoylindolfamiljen \u00e4r AM-678 (1-pentyl-3-(1-naftoyl)indol) ett sm\u00e4rtstillande medel som \u00e4r en komplett agonist vid b\u00e5de CB1- och CB2-cannabinoidreceptorerna, med en liten preferens f\u00f6r CB2-receptorn. Det anv\u00e4nds i syntetiska cannabisprodukter som s\u00e4ljs lagligt som &#8221;r\u00f6kelseblandningar&#8221; i vissa l\u00e4nder eftersom det har effekter p\u00e5 djur som \u00e4r j\u00e4mf\u00f6rbara med tetrahydrocannabinol (THC), en cannabinoid som finns naturligt i cannabis. Forskningskemikalier JWH-200<\/p>\n<p>Med Wistar-r\u00e5ttor som hade f\u00e5tt ett etanolextrakt inneh\u00e5llande JWH-200 studerades l\u00e4kemedlets metaboliska aktivitet. Detta f\u00f6ljdes av extraktion av JWH-200-metaboliter fr\u00e5n 24-timmarsurinprover med anv\u00e4ndning av b\u00e5de flytande och fast separationsfas. De extraherade kemikalierna separerades och identifierades med GC-MS. Huvudsignalen var hydroxylerade N-dealkylerade metaboliter, inte JWH-200 eller dess N-dealkylerade metabolit. Det observerade massskiftet tyder p\u00e5 att molekylens naftalen- och indolhydroxylgrupper sannolikt kommer att genomg\u00e5 hydroxylering. De hydroxylerade metaboliterna var allm\u00e4nt konjugerade med glukuronid hos m\u00e4nniskor, \u00e4ven om indolringen och pentylsidokedjan var de prim\u00e4ra st\u00e4llena f\u00f6r metabolism.<\/p>\n<p>Kemisk anv\u00e4ndning av JWH-200<\/p>\n<p>Media har rapporterade minst ett fall av JWH-200-beroende. Under \u00e5tta m\u00e5nader drack anv\u00e4ndaren JWH-018 dagligen. J\u00e4mf\u00f6rt med effekterna av cannabisberoende var abstinenssymptomen h\u00e4r allvarligare. Efter behandling har JWH-200 visats generera betydande f\u00f6r\u00e4ndringar i CB1-receptordensitet. Mindre snabbt \u00e4n j\u00e4mf\u00f6rbara cannabinoider, orsakar den tolerans mot dess effekter.<\/p>\n","protected":false},"excerpt":{"rendered":"<div class=\"woocommerce-product-details__short-description\">\n<p>K\u00f6p JWH-200 kemiskt pulver\u00a0till salu i Storbritannien, Europa online. (1-(2-morfolin-4-yletyl)indol-3-yl)-naftalen-1-ylmetanon \u00e4r ett annat namn. Kom och k\u00f6p nu!. Vi har den b\u00e4sta diskreta f\u00f6rpacknings- och fraktmetoden.<\/p>\n<\/p><\/div>\n","protected":false},"featured_media":5556,"comment_status":"open","ping_status":"closed","template":"","meta":[],"product_brand":[],"product_cat":[2014],"product_tag":[3029,3033,3034,3035,3042,3037,3038,3046,3040,3044,3043,3041,3045,3039,3047,3036,3031,3032,3048,3030,3049],"class_list":{"0":"post-5547","1":"product","2":"type-product","3":"status-publish","4":"has-post-thumbnail","6":"product_cat-kop-research-chemicals","7":"product_tag-am-2233","8":"product_tag-how-to-order-jwh-200-online","9":"product_tag-jwh-018","10":"product_tag-jwh-073","11":"product_tag-jwh-200-detaljhandel","12":"product_tag-jwh-200-effekt","13":"product_tag-jwh-200-effekter","14":"product_tag-jwh-200-grossist","15":"product_tag-jwh-200-order","16":"product_tag-jwh-200-rea","17":"product_tag-jwh-200-recension","18":"product_tag-jwh-200-reddit","19":"product_tag-jwh-200-slj","20":"product_tag-jwh-200-till-salu","21":"product_tag-jwh-250","22":"product_tag-jwh-200-kp","23":"product_tag-kp-jwh-200-online","24":"product_tag-k-c3-b6pa-jwh-200-forskningskemikalier","25":"product_tag-kp-jwh-200-forskningskemikalier","26":"product_tag-kp-jwh-200-kemikalie","27":"product_tag-var-att-bestlla-jwh-200-forskningskemikalier","29":"first","30":"instock","31":"shipping-taxable","32":"purchasable","33":"product-type-variable","34":"has-default-attributes"},"yoast_head":"<!-- This site is optimized with the Yoast SEO plugin v27.3 - https:\/\/yoast.com\/product\/yoast-seo-wordpress\/ -->\n<title>K\u00f6p JWH-200 Chemical - JWH-200 Chemical - Best Global Meds<\/title>\n<meta name=\"description\" content=\"K\u00f6p JWH-200 kemiskt pulver till salu i Storbritannien, Europa online. (1-(2-morfolin-4-yletyl)indol-3-yl)-naftalen-1-ylmetanon \u00e4r ett annat namn. Kom och k\u00f6p nu!. Vi har den b\u00e4sta diskreta f\u00f6rpacknings- och fraktmetoden.\" \/>\n<meta name=\"robots\" content=\"index, follow, max-snippet:-1, max-image-preview:large, max-video-preview:-1\" \/>\n<link rel=\"canonical\" href=\"https:\/\/medicinasinc.com\/se\/product\/kop-jwh-200-kemikalie\/\" \/>\n<meta property=\"og:locale\" content=\"sv_SE\" \/>\n<meta property=\"og:type\" content=\"article\" \/>\n<meta property=\"og:title\" content=\"K\u00f6p JWH-200 Chemical - JWH-200 Chemical - Best Global Meds\" \/>\n<meta property=\"og:description\" content=\"K\u00f6p JWH-200 kemiskt pulver till salu i Storbritannien, Europa online. (1-(2-morfolin-4-yletyl)indol-3-yl)-naftalen-1-ylmetanon \u00e4r ett annat namn. Kom och k\u00f6p nu!. Vi har den b\u00e4sta diskreta f\u00f6rpacknings- och fraktmetoden.\" \/>\n<meta property=\"og:url\" content=\"https:\/\/medicinasinc.com\/se\/product\/kop-jwh-200-kemikalie\/\" \/>\n<meta property=\"og:site_name\" content=\"Medicinas Inc\" \/>\n<meta property=\"article:modified_time\" content=\"2022-07-03T23:22:21+00:00\" \/>\n<meta property=\"og:image\" content=\"https:\/\/medicinasinc.com\/se\/wp-content\/uploads\/sites\/16\/2022\/02\/Buy-JWH-200-Chemical.jpg\" \/>\n\t<meta property=\"og:image:width\" content=\"458\" \/>\n\t<meta property=\"og:image:height\" content=\"458\" \/>\n\t<meta property=\"og:image:type\" content=\"image\/jpeg\" \/>\n<meta name=\"twitter:card\" content=\"summary_large_image\" \/>\n<meta name=\"twitter:label1\" content=\"Ber\u00e4knad l\u00e4stid\" \/>\n\t<meta name=\"twitter:data1\" content=\"2 minuter\" \/>\n<script type=\"application\/ld+json\" class=\"yoast-schema-graph\">{\"@context\":\"https:\\\/\\\/schema.org\",\"@graph\":[{\"@type\":\"WebPage\",\"@id\":\"https:\\\/\\\/medicinasinc.com\\\/se\\\/product\\\/kop-jwh-200-kemikalie\\\/\",\"url\":\"https:\\\/\\\/medicinasinc.com\\\/se\\\/product\\\/kop-jwh-200-kemikalie\\\/\",\"name\":\"K\u00f6p JWH-200 Chemical - JWH-200 Chemical - Best Global Meds\",\"isPartOf\":{\"@id\":\"https:\\\/\\\/medicinasinc.com\\\/se\\\/#website\"},\"primaryImageOfPage\":{\"@id\":\"https:\\\/\\\/medicinasinc.com\\\/se\\\/product\\\/kop-jwh-200-kemikalie\\\/#primaryimage\"},\"image\":{\"@id\":\"https:\\\/\\\/medicinasinc.com\\\/se\\\/product\\\/kop-jwh-200-kemikalie\\\/#primaryimage\"},\"thumbnailUrl\":\"https:\\\/\\\/medicinasinc.com\\\/se\\\/wp-content\\\/uploads\\\/sites\\\/16\\\/2022\\\/02\\\/Buy-JWH-200-Chemical.jpg\",\"datePublished\":\"2022-02-22T01:30:48+00:00\",\"dateModified\":\"2022-07-03T23:22:21+00:00\",\"description\":\"K\u00f6p JWH-200 kemiskt pulver till salu i Storbritannien, Europa online. (1-(2-morfolin-4-yletyl)indol-3-yl)-naftalen-1-ylmetanon \u00e4r ett annat namn. Kom och k\u00f6p nu!. Vi har den b\u00e4sta diskreta f\u00f6rpacknings- och fraktmetoden.\",\"breadcrumb\":{\"@id\":\"https:\\\/\\\/medicinasinc.com\\\/se\\\/product\\\/kop-jwh-200-kemikalie\\\/#breadcrumb\"},\"inLanguage\":\"sv-SE\",\"potentialAction\":[{\"@type\":\"ReadAction\",\"target\":[\"https:\\\/\\\/medicinasinc.com\\\/se\\\/product\\\/kop-jwh-200-kemikalie\\\/\"]}]},{\"@type\":\"ImageObject\",\"inLanguage\":\"sv-SE\",\"@id\":\"https:\\\/\\\/medicinasinc.com\\\/se\\\/product\\\/kop-jwh-200-kemikalie\\\/#primaryimage\",\"url\":\"https:\\\/\\\/medicinasinc.com\\\/se\\\/wp-content\\\/uploads\\\/sites\\\/16\\\/2022\\\/02\\\/Buy-JWH-200-Chemical.jpg\",\"contentUrl\":\"https:\\\/\\\/medicinasinc.com\\\/se\\\/wp-content\\\/uploads\\\/sites\\\/16\\\/2022\\\/02\\\/Buy-JWH-200-Chemical.jpg\",\"width\":458,\"height\":458},{\"@type\":\"BreadcrumbList\",\"@id\":\"https:\\\/\\\/medicinasinc.com\\\/se\\\/product\\\/kop-jwh-200-kemikalie\\\/#breadcrumb\",\"itemListElement\":[{\"@type\":\"ListItem\",\"position\":1,\"name\":\"aff\u00e4r\",\"item\":\"https:\\\/\\\/medicinasinc.com\\\/se\\\/affar\\\/\"},{\"@type\":\"ListItem\",\"position\":2,\"name\":\"K\u00f6p JWH-200 Chemical\"}]},{\"@type\":\"WebSite\",\"@id\":\"https:\\\/\\\/medicinasinc.com\\\/se\\\/#website\",\"url\":\"https:\\\/\\\/medicinasinc.com\\\/se\\\/\",\"name\":\"Medicinas Inc\",\"description\":\"Health Medical Clinic\",\"potentialAction\":[{\"@type\":\"SearchAction\",\"target\":{\"@type\":\"EntryPoint\",\"urlTemplate\":\"https:\\\/\\\/medicinasinc.com\\\/se\\\/?s={search_term_string}\"},\"query-input\":{\"@type\":\"PropertyValueSpecification\",\"valueRequired\":true,\"valueName\":\"search_term_string\"}}],\"inLanguage\":\"sv-SE\"}]}<\/script>\n<!-- \/ Yoast SEO plugin. -->","yoast_head_json":{"title":"K\u00f6p JWH-200 Chemical - JWH-200 Chemical - Best Global Meds","description":"K\u00f6p JWH-200 kemiskt pulver till salu i Storbritannien, Europa online. (1-(2-morfolin-4-yletyl)indol-3-yl)-naftalen-1-ylmetanon \u00e4r ett annat namn. Kom och k\u00f6p nu!. Vi har den b\u00e4sta diskreta f\u00f6rpacknings- och fraktmetoden.","robots":{"index":"index","follow":"follow","max-snippet":"max-snippet:-1","max-image-preview":"max-image-preview:large","max-video-preview":"max-video-preview:-1"},"canonical":"https:\/\/medicinasinc.com\/se\/product\/kop-jwh-200-kemikalie\/","og_locale":"sv_SE","og_type":"article","og_title":"K\u00f6p JWH-200 Chemical - JWH-200 Chemical - Best Global Meds","og_description":"K\u00f6p JWH-200 kemiskt pulver till salu i Storbritannien, Europa online. (1-(2-morfolin-4-yletyl)indol-3-yl)-naftalen-1-ylmetanon \u00e4r ett annat namn. Kom och k\u00f6p nu!. Vi har den b\u00e4sta diskreta f\u00f6rpacknings- och fraktmetoden.","og_url":"https:\/\/medicinasinc.com\/se\/product\/kop-jwh-200-kemikalie\/","og_site_name":"Medicinas Inc","article_modified_time":"2022-07-03T23:22:21+00:00","og_image":[{"width":458,"height":458,"url":"https:\/\/medicinasinc.com\/se\/wp-content\/uploads\/sites\/16\/2022\/02\/Buy-JWH-200-Chemical.jpg","type":"image\/jpeg"}],"twitter_card":"summary_large_image","twitter_misc":{"Ber\u00e4knad l\u00e4stid":"2 minuter"},"schema":{"@context":"https:\/\/schema.org","@graph":[{"@type":"WebPage","@id":"https:\/\/medicinasinc.com\/se\/product\/kop-jwh-200-kemikalie\/","url":"https:\/\/medicinasinc.com\/se\/product\/kop-jwh-200-kemikalie\/","name":"K\u00f6p JWH-200 Chemical - JWH-200 Chemical - Best Global Meds","isPartOf":{"@id":"https:\/\/medicinasinc.com\/se\/#website"},"primaryImageOfPage":{"@id":"https:\/\/medicinasinc.com\/se\/product\/kop-jwh-200-kemikalie\/#primaryimage"},"image":{"@id":"https:\/\/medicinasinc.com\/se\/product\/kop-jwh-200-kemikalie\/#primaryimage"},"thumbnailUrl":"https:\/\/medicinasinc.com\/se\/wp-content\/uploads\/sites\/16\/2022\/02\/Buy-JWH-200-Chemical.jpg","datePublished":"2022-02-22T01:30:48+00:00","dateModified":"2022-07-03T23:22:21+00:00","description":"K\u00f6p JWH-200 kemiskt pulver till salu i Storbritannien, Europa online. (1-(2-morfolin-4-yletyl)indol-3-yl)-naftalen-1-ylmetanon \u00e4r ett annat namn. Kom och k\u00f6p nu!. Vi har den b\u00e4sta diskreta f\u00f6rpacknings- och fraktmetoden.","breadcrumb":{"@id":"https:\/\/medicinasinc.com\/se\/product\/kop-jwh-200-kemikalie\/#breadcrumb"},"inLanguage":"sv-SE","potentialAction":[{"@type":"ReadAction","target":["https:\/\/medicinasinc.com\/se\/product\/kop-jwh-200-kemikalie\/"]}]},{"@type":"ImageObject","inLanguage":"sv-SE","@id":"https:\/\/medicinasinc.com\/se\/product\/kop-jwh-200-kemikalie\/#primaryimage","url":"https:\/\/medicinasinc.com\/se\/wp-content\/uploads\/sites\/16\/2022\/02\/Buy-JWH-200-Chemical.jpg","contentUrl":"https:\/\/medicinasinc.com\/se\/wp-content\/uploads\/sites\/16\/2022\/02\/Buy-JWH-200-Chemical.jpg","width":458,"height":458},{"@type":"BreadcrumbList","@id":"https:\/\/medicinasinc.com\/se\/product\/kop-jwh-200-kemikalie\/#breadcrumb","itemListElement":[{"@type":"ListItem","position":1,"name":"aff\u00e4r","item":"https:\/\/medicinasinc.com\/se\/affar\/"},{"@type":"ListItem","position":2,"name":"K\u00f6p JWH-200 Chemical"}]},{"@type":"WebSite","@id":"https:\/\/medicinasinc.com\/se\/#website","url":"https:\/\/medicinasinc.com\/se\/","name":"Medicinas Inc","description":"Health Medical Clinic","potentialAction":[{"@type":"SearchAction","target":{"@type":"EntryPoint","urlTemplate":"https:\/\/medicinasinc.com\/se\/?s={search_term_string}"},"query-input":{"@type":"PropertyValueSpecification","valueRequired":true,"valueName":"search_term_string"}}],"inLanguage":"sv-SE"}]}},"_links":{"self":[{"href":"https:\/\/medicinasinc.com\/se\/wp-json\/wp\/v2\/product\/5547","targetHints":{"allow":["GET"]}}],"collection":[{"href":"https:\/\/medicinasinc.com\/se\/wp-json\/wp\/v2\/product"}],"about":[{"href":"https:\/\/medicinasinc.com\/se\/wp-json\/wp\/v2\/types\/product"}],"replies":[{"embeddable":true,"href":"https:\/\/medicinasinc.com\/se\/wp-json\/wp\/v2\/comments?post=5547"}],"wp:featuredmedia":[{"embeddable":true,"href":"https:\/\/medicinasinc.com\/se\/wp-json\/wp\/v2\/media\/5556"}],"wp:attachment":[{"href":"https:\/\/medicinasinc.com\/se\/wp-json\/wp\/v2\/media?parent=5547"}],"wp:term":[{"taxonomy":"product_brand","embeddable":true,"href":"https:\/\/medicinasinc.com\/se\/wp-json\/wp\/v2\/product_brand?post=5547"},{"taxonomy":"product_cat","embeddable":true,"href":"https:\/\/medicinasinc.com\/se\/wp-json\/wp\/v2\/product_cat?post=5547"},{"taxonomy":"product_tag","embeddable":true,"href":"https:\/\/medicinasinc.com\/se\/wp-json\/wp\/v2\/product_tag?post=5547"}],"curies":[{"name":"wp","href":"https:\/\/api.w.org\/{rel}","templated":true}]}}