{"id":5523,"date":"2022-02-22T01:06:52","date_gmt":"2022-02-22T01:06:52","guid":{"rendered":"https:\/\/medicinasinc.com\/se\/?post_type=product&#038;p=5523"},"modified":"2022-07-03T23:22:30","modified_gmt":"2022-07-03T23:22:30","slug":"kop-hdep-28-roman-etylnaftidat","status":"publish","type":"product","link":"https:\/\/medicinasinc.com\/se\/product\/kop-hdep-28-roman-etylnaftidat\/","title":{"rendered":"K\u00f6p hdep-28 Novel Ethylnaphtidate"},"content":{"rendered":"<p>Etylnaphtidate HDEP-28 Till salu<\/p>\n<p>3,4-metylendioxi-N-etylkatinon n\u00e4mns ofta som en entaktogen energigivare. 1-(1,3-bensodioxol-5-yl)-2-(etylamino)-1-propanon \u00e4r namnet p\u00e5 etylon. Den ordinarie massan av C12H15NO3 \u00e4r 221,251999 Da, medan den monoisotopiska massan \u00e4r 221,104996 Da. Detta \u00e4r den subnukle\u00e4ra formeln. K\u00f6p kinesisk etylen. Etylon \u00e4r en ov\u00e4rderlig \u00e4delsten som kan k\u00f6pas. Eten\u00e4delstenar kan k\u00f6pas. Leverant\u00f6r av Ethylone. Etylon \u00e4r till rea. rabatt Ethylone<\/p>\n<p>ACD\/Labs och ChemAxon samarbetade f\u00f6r att genomf\u00f6ra en utv\u00e4rdering av Ethylone. N\u00e4r det g\u00e4ller egenskaperna som ACD\/Labs f\u00f6rutsp\u00e5dde, fann de fyra #H-s\u00e4kerhetsacceptorer, fyra #Fritt vridande v\u00e4rdepapper, ett refraktionsrekord p\u00e5 1,54 med en ytpressningsfaktor p\u00e5 44,3470001220703dyne\/cm, en burstmotivation p\u00e5 172,845\u00b0C, och en begr\u00e4nsning p\u00e5 362,188\u00b0C vid 760 mmHg.<\/p>\n<p>Detta \u00e4r vanligt f\u00f6rekommande i logik och vetenskaplig programvara.<\/p>\n<p>Denna produkt utvecklades i ett f\u00f6rs\u00f6k att uppfylla kraven i ISO17025:2005 och Guide 34:2009.<\/p>\n<p>Du kan lita p\u00e5 att vi f\u00e5r jobbet gjort snabbt och effektivt eftersom vi \u00e4r den b\u00e4sta organisationen i v\u00e4rlden. Kunder kan bara f\u00f6rv\u00e4nta sig de b\u00e4sta kvalitetsprodukterna fr\u00e5n oss! P\u00e5 ett s\u00e4tt som i huvudsak \u00f6verensst\u00e4mmer med vad vi ofta f\u00f6rv\u00e4ntar oss n\u00e4r vi k\u00f6per n\u00e5got<\/p>\n<p>S\u00e5 vi kan k\u00f6pa produkter av h\u00f6gsta kvalitet till de mest rimliga priserna, och vi kan f\u00f6ra \u00f6ver besparingarna till dig!<\/p>\n<p>Som ett resultat kr\u00e4ver vi av alla v\u00e5ra kunder att GC\/MS sina varor f\u00f6r att s\u00e4kerst\u00e4lla noggrannhet och laglighet. Eftersom vi bryr oss om v\u00e5ra kunder och deras tillfredsst\u00e4llelse genomf\u00f6r vi v\u00e5ra egna tester p\u00e5 varje f\u00f6rs\u00e4ndelse f\u00f6r att verifiera att kvaliteten p\u00e5 de \u00e5terst\u00e5ende delarna \u00e4r 100 %.<\/p>\n<p>V\u00e5rt f\u00f6retags framtid beror p\u00e5 att vi svarar p\u00e5 din uppmaning i ett v\u00e4nligt s\u00e4tt, hur br\u00e5dskande det \u00e4n kan vara. Oavsett situation kan du alltid r\u00e4kna med att vi f\u00f6rser dig med de b\u00e4sta medicinerna och k\u00e4nsliga fyrverkerier till de b\u00e4sta priserna, allt levererat p\u00e5 det mest diskreta s\u00e4tt du kan t\u00e4nka dig! Om det inte \u00e4r f\u00f6r mycket besv\u00e4r, ha tro och st\u00e4ll in din beg\u00e4ran med \u00f6vertygelse!<\/p>\n<p>P\u00e5 grund av v\u00e5r bevisade styrka kan du lita p\u00e5 oss och forts\u00e4tta g\u00f6ra aff\u00e4rer med oss \u200b\u200bn\u00e4r du vill s\u00e5 l\u00e4nge vi \u00e4r runt. Ditt fall kommer inte att tolereras.<\/p>\n<p>Det \u00e4r enkelt att f\u00f6lja ditt pakets resa tack vare de medf\u00f6ljande numren som vi inkluderar med din f\u00f6rs\u00e4ndelse.<\/p>\n","protected":false},"excerpt":{"rendered":"<p>K\u00f6p Etylnaftidat HDEP-28 till salu i Storbritannien, Europa. Acetat av etyl-2-(naftalen-2-yl)-2-(piperidin-2-yl). Fr\u00e5ga om hdep-28, det nya etylnaftidatet.<\/p>\n<p>K\u00f6p hdep-28 Novel Ethylnaphtidate 1 oz p\u00e5 Amazon.com<\/p>\n<p>Etylnaftidat, eller HDEP-28, \u00e4r en ers\u00e4ttning f\u00f6r det f\u00f6rbjudna fenidatet serien.<\/p>\n<p>Kunder kan nu k\u00f6pa Etylnaftidat.<br \/> HDEP-28, \u00e4ven k\u00e4nd som etylnaftidat, \u00e4r avsedd att ta rollen som den nyligen f\u00f6rbjudna kemikalieserien fenidat.<br \/> J\u00e4mf\u00f6rt med &amp; #8216;Fenidater,&#8217; kunder som anv\u00e4nder den h\u00e4r produkten i labbet b\u00f6r f\u00f6rv\u00e4nta sig ett liknande spektrum av resultat.<br \/> IUPAC f\u00f6rutsp\u00e5r att forskare kommer att finna HDEP 28 \/ Etylnafidat som ett utm\u00e4rkt substitut f\u00f6r etylfenidat. 2-(naftalen-2-yl)-2-(piperidin-2-yl)acetat<br \/> N\/A<br \/> Formel C19H23NO2<br \/> Molekylvikten \u00e4r 297,40<\/p>\n","protected":false},"featured_media":5535,"comment_status":"open","ping_status":"closed","template":"","meta":[],"product_brand":[],"product_cat":[2014],"product_tag":[],"class_list":{"0":"post-5523","1":"product","2":"type-product","3":"status-publish","4":"has-post-thumbnail","6":"product_cat-kop-research-chemicals","8":"first","9":"instock","10":"shipping-taxable","11":"purchasable","12":"product-type-variable","13":"has-default-attributes"},"yoast_head":"<!-- This site is optimized with the Yoast SEO plugin v27.3 - https:\/\/yoast.com\/product\/yoast-seo-wordpress\/ -->\n<title>K\u00f6p hdep-28 Novel Ethylnaphtidate - Best Global Meds<\/title>\n<meta name=\"description\" content=\"K\u00f6p hdep-28 Novel Ethylnaphtidate till salu i Storbritannien, Europa Online. IUPAC: etyl-2-(naftalen-2-yl)-2-(piperidin-2-yl)acetat. Best\u00e4ll hdep-28 Novel Ethylnaphtidate\" \/>\n<meta name=\"robots\" content=\"index, follow, max-snippet:-1, max-image-preview:large, max-video-preview:-1\" \/>\n<link rel=\"canonical\" href=\"https:\/\/medicinasinc.com\/se\/product\/kop-hdep-28-roman-etylnaftidat\/\" \/>\n<meta property=\"og:locale\" content=\"sv_SE\" \/>\n<meta property=\"og:type\" content=\"article\" \/>\n<meta property=\"og:title\" content=\"K\u00f6p hdep-28 Novel Ethylnaphtidate - Best Global Meds\" \/>\n<meta property=\"og:description\" content=\"K\u00f6p hdep-28 Novel Ethylnaphtidate till salu i Storbritannien, Europa Online. IUPAC: etyl-2-(naftalen-2-yl)-2-(piperidin-2-yl)acetat. Best\u00e4ll hdep-28 Novel Ethylnaphtidate\" \/>\n<meta property=\"og:url\" content=\"https:\/\/medicinasinc.com\/se\/product\/kop-hdep-28-roman-etylnaftidat\/\" \/>\n<meta property=\"og:site_name\" content=\"Medicinas Inc\" \/>\n<meta property=\"article:modified_time\" content=\"2022-07-03T23:22:30+00:00\" \/>\n<meta property=\"og:image\" content=\"https:\/\/medicinasinc.com\/se\/wp-content\/uploads\/sites\/16\/2022\/02\/Buy-hdep-28-Novel-Ethylnaphthidate.jpg\" \/>\n\t<meta property=\"og:image:width\" content=\"600\" \/>\n\t<meta property=\"og:image:height\" content=\"600\" \/>\n\t<meta property=\"og:image:type\" content=\"image\/jpeg\" \/>\n<meta name=\"twitter:card\" content=\"summary_large_image\" \/>\n<meta name=\"twitter:label1\" content=\"Ber\u00e4knad l\u00e4stid\" \/>\n\t<meta name=\"twitter:data1\" content=\"2 minuter\" \/>\n<script type=\"application\/ld+json\" class=\"yoast-schema-graph\">{\"@context\":\"https:\\\/\\\/schema.org\",\"@graph\":[{\"@type\":\"WebPage\",\"@id\":\"https:\\\/\\\/medicinasinc.com\\\/se\\\/product\\\/kop-hdep-28-roman-etylnaftidat\\\/\",\"url\":\"https:\\\/\\\/medicinasinc.com\\\/se\\\/product\\\/kop-hdep-28-roman-etylnaftidat\\\/\",\"name\":\"K\u00f6p hdep-28 Novel Ethylnaphtidate - Best Global Meds\",\"isPartOf\":{\"@id\":\"https:\\\/\\\/medicinasinc.com\\\/se\\\/#website\"},\"primaryImageOfPage\":{\"@id\":\"https:\\\/\\\/medicinasinc.com\\\/se\\\/product\\\/kop-hdep-28-roman-etylnaftidat\\\/#primaryimage\"},\"image\":{\"@id\":\"https:\\\/\\\/medicinasinc.com\\\/se\\\/product\\\/kop-hdep-28-roman-etylnaftidat\\\/#primaryimage\"},\"thumbnailUrl\":\"https:\\\/\\\/medicinasinc.com\\\/se\\\/wp-content\\\/uploads\\\/sites\\\/16\\\/2022\\\/02\\\/Buy-hdep-28-Novel-Ethylnaphthidate.jpg\",\"datePublished\":\"2022-02-22T01:06:52+00:00\",\"dateModified\":\"2022-07-03T23:22:30+00:00\",\"description\":\"K\u00f6p hdep-28 Novel Ethylnaphtidate till salu i Storbritannien, Europa Online. IUPAC: etyl-2-(naftalen-2-yl)-2-(piperidin-2-yl)acetat. Best\u00e4ll hdep-28 Novel Ethylnaphtidate\",\"breadcrumb\":{\"@id\":\"https:\\\/\\\/medicinasinc.com\\\/se\\\/product\\\/kop-hdep-28-roman-etylnaftidat\\\/#breadcrumb\"},\"inLanguage\":\"sv-SE\",\"potentialAction\":[{\"@type\":\"ReadAction\",\"target\":[\"https:\\\/\\\/medicinasinc.com\\\/se\\\/product\\\/kop-hdep-28-roman-etylnaftidat\\\/\"]}]},{\"@type\":\"ImageObject\",\"inLanguage\":\"sv-SE\",\"@id\":\"https:\\\/\\\/medicinasinc.com\\\/se\\\/product\\\/kop-hdep-28-roman-etylnaftidat\\\/#primaryimage\",\"url\":\"https:\\\/\\\/medicinasinc.com\\\/se\\\/wp-content\\\/uploads\\\/sites\\\/16\\\/2022\\\/02\\\/Buy-hdep-28-Novel-Ethylnaphthidate.jpg\",\"contentUrl\":\"https:\\\/\\\/medicinasinc.com\\\/se\\\/wp-content\\\/uploads\\\/sites\\\/16\\\/2022\\\/02\\\/Buy-hdep-28-Novel-Ethylnaphthidate.jpg\",\"width\":600,\"height\":600},{\"@type\":\"BreadcrumbList\",\"@id\":\"https:\\\/\\\/medicinasinc.com\\\/se\\\/product\\\/kop-hdep-28-roman-etylnaftidat\\\/#breadcrumb\",\"itemListElement\":[{\"@type\":\"ListItem\",\"position\":1,\"name\":\"aff\u00e4r\",\"item\":\"https:\\\/\\\/medicinasinc.com\\\/se\\\/affar\\\/\"},{\"@type\":\"ListItem\",\"position\":2,\"name\":\"K\u00f6p hdep-28 Novel Ethylnaphtidate\"}]},{\"@type\":\"WebSite\",\"@id\":\"https:\\\/\\\/medicinasinc.com\\\/se\\\/#website\",\"url\":\"https:\\\/\\\/medicinasinc.com\\\/se\\\/\",\"name\":\"Medicinas Inc\",\"description\":\"Health Medical Clinic\",\"potentialAction\":[{\"@type\":\"SearchAction\",\"target\":{\"@type\":\"EntryPoint\",\"urlTemplate\":\"https:\\\/\\\/medicinasinc.com\\\/se\\\/?s={search_term_string}\"},\"query-input\":{\"@type\":\"PropertyValueSpecification\",\"valueRequired\":true,\"valueName\":\"search_term_string\"}}],\"inLanguage\":\"sv-SE\"}]}<\/script>\n<!-- \/ Yoast SEO plugin. -->","yoast_head_json":{"title":"K\u00f6p hdep-28 Novel Ethylnaphtidate - Best Global Meds","description":"K\u00f6p hdep-28 Novel Ethylnaphtidate till salu i Storbritannien, Europa Online. IUPAC: etyl-2-(naftalen-2-yl)-2-(piperidin-2-yl)acetat. Best\u00e4ll hdep-28 Novel Ethylnaphtidate","robots":{"index":"index","follow":"follow","max-snippet":"max-snippet:-1","max-image-preview":"max-image-preview:large","max-video-preview":"max-video-preview:-1"},"canonical":"https:\/\/medicinasinc.com\/se\/product\/kop-hdep-28-roman-etylnaftidat\/","og_locale":"sv_SE","og_type":"article","og_title":"K\u00f6p hdep-28 Novel Ethylnaphtidate - Best Global Meds","og_description":"K\u00f6p hdep-28 Novel Ethylnaphtidate till salu i Storbritannien, Europa Online. IUPAC: etyl-2-(naftalen-2-yl)-2-(piperidin-2-yl)acetat. Best\u00e4ll hdep-28 Novel Ethylnaphtidate","og_url":"https:\/\/medicinasinc.com\/se\/product\/kop-hdep-28-roman-etylnaftidat\/","og_site_name":"Medicinas Inc","article_modified_time":"2022-07-03T23:22:30+00:00","og_image":[{"width":600,"height":600,"url":"https:\/\/medicinasinc.com\/se\/wp-content\/uploads\/sites\/16\/2022\/02\/Buy-hdep-28-Novel-Ethylnaphthidate.jpg","type":"image\/jpeg"}],"twitter_card":"summary_large_image","twitter_misc":{"Ber\u00e4knad l\u00e4stid":"2 minuter"},"schema":{"@context":"https:\/\/schema.org","@graph":[{"@type":"WebPage","@id":"https:\/\/medicinasinc.com\/se\/product\/kop-hdep-28-roman-etylnaftidat\/","url":"https:\/\/medicinasinc.com\/se\/product\/kop-hdep-28-roman-etylnaftidat\/","name":"K\u00f6p hdep-28 Novel Ethylnaphtidate - Best Global Meds","isPartOf":{"@id":"https:\/\/medicinasinc.com\/se\/#website"},"primaryImageOfPage":{"@id":"https:\/\/medicinasinc.com\/se\/product\/kop-hdep-28-roman-etylnaftidat\/#primaryimage"},"image":{"@id":"https:\/\/medicinasinc.com\/se\/product\/kop-hdep-28-roman-etylnaftidat\/#primaryimage"},"thumbnailUrl":"https:\/\/medicinasinc.com\/se\/wp-content\/uploads\/sites\/16\/2022\/02\/Buy-hdep-28-Novel-Ethylnaphthidate.jpg","datePublished":"2022-02-22T01:06:52+00:00","dateModified":"2022-07-03T23:22:30+00:00","description":"K\u00f6p hdep-28 Novel Ethylnaphtidate till salu i Storbritannien, Europa Online. IUPAC: etyl-2-(naftalen-2-yl)-2-(piperidin-2-yl)acetat. Best\u00e4ll hdep-28 Novel Ethylnaphtidate","breadcrumb":{"@id":"https:\/\/medicinasinc.com\/se\/product\/kop-hdep-28-roman-etylnaftidat\/#breadcrumb"},"inLanguage":"sv-SE","potentialAction":[{"@type":"ReadAction","target":["https:\/\/medicinasinc.com\/se\/product\/kop-hdep-28-roman-etylnaftidat\/"]}]},{"@type":"ImageObject","inLanguage":"sv-SE","@id":"https:\/\/medicinasinc.com\/se\/product\/kop-hdep-28-roman-etylnaftidat\/#primaryimage","url":"https:\/\/medicinasinc.com\/se\/wp-content\/uploads\/sites\/16\/2022\/02\/Buy-hdep-28-Novel-Ethylnaphthidate.jpg","contentUrl":"https:\/\/medicinasinc.com\/se\/wp-content\/uploads\/sites\/16\/2022\/02\/Buy-hdep-28-Novel-Ethylnaphthidate.jpg","width":600,"height":600},{"@type":"BreadcrumbList","@id":"https:\/\/medicinasinc.com\/se\/product\/kop-hdep-28-roman-etylnaftidat\/#breadcrumb","itemListElement":[{"@type":"ListItem","position":1,"name":"aff\u00e4r","item":"https:\/\/medicinasinc.com\/se\/affar\/"},{"@type":"ListItem","position":2,"name":"K\u00f6p hdep-28 Novel Ethylnaphtidate"}]},{"@type":"WebSite","@id":"https:\/\/medicinasinc.com\/se\/#website","url":"https:\/\/medicinasinc.com\/se\/","name":"Medicinas Inc","description":"Health Medical Clinic","potentialAction":[{"@type":"SearchAction","target":{"@type":"EntryPoint","urlTemplate":"https:\/\/medicinasinc.com\/se\/?s={search_term_string}"},"query-input":{"@type":"PropertyValueSpecification","valueRequired":true,"valueName":"search_term_string"}}],"inLanguage":"sv-SE"}]}},"_links":{"self":[{"href":"https:\/\/medicinasinc.com\/se\/wp-json\/wp\/v2\/product\/5523","targetHints":{"allow":["GET"]}}],"collection":[{"href":"https:\/\/medicinasinc.com\/se\/wp-json\/wp\/v2\/product"}],"about":[{"href":"https:\/\/medicinasinc.com\/se\/wp-json\/wp\/v2\/types\/product"}],"replies":[{"embeddable":true,"href":"https:\/\/medicinasinc.com\/se\/wp-json\/wp\/v2\/comments?post=5523"}],"wp:featuredmedia":[{"embeddable":true,"href":"https:\/\/medicinasinc.com\/se\/wp-json\/wp\/v2\/media\/5535"}],"wp:attachment":[{"href":"https:\/\/medicinasinc.com\/se\/wp-json\/wp\/v2\/media?parent=5523"}],"wp:term":[{"taxonomy":"product_brand","embeddable":true,"href":"https:\/\/medicinasinc.com\/se\/wp-json\/wp\/v2\/product_brand?post=5523"},{"taxonomy":"product_cat","embeddable":true,"href":"https:\/\/medicinasinc.com\/se\/wp-json\/wp\/v2\/product_cat?post=5523"},{"taxonomy":"product_tag","embeddable":true,"href":"https:\/\/medicinasinc.com\/se\/wp-json\/wp\/v2\/product_tag?post=5523"}],"curies":[{"name":"wp","href":"https:\/\/api.w.org\/{rel}","templated":true}]}}