{"id":5522,"date":"2022-02-22T01:05:36","date_gmt":"2022-02-22T01:05:36","guid":{"rendered":"https:\/\/medicinasinc.com\/se\/?post_type=product&#038;p=5522"},"modified":"2022-07-03T23:22:43","modified_gmt":"2022-07-03T23:22:43","slug":"kop-fub-akb48-pulver","status":"publish","type":"product","link":"https:\/\/medicinasinc.com\/se\/product\/kop-fub-akb48-pulver\/","title":{"rendered":"K\u00f6p Fub Akb48 Powder"},"content":{"rendered":"<p>Rent Fub Akb48-pulver att k\u00f6pa<\/p>\n<p>Om du vill veta mer om effekterna av FUB-AKB48 (\u00e4ven k\u00e4nd som AFUBINACA eller FUB-APINACA) p\u00e5 CB1-receptorn, \u00e4r detta den syntetiska cannabinoid f\u00f6r dig.<\/p>\n<p>F\u00f6r den kemiska formeln, anv\u00e4nd f\u00f6ljande: C25H26FN3O.<br \/> I IUPAC-nomenklaturen: N-[(4-fluorfenyl)metyl]-1-adamantan-1-yl<br \/> -1H-indazol<br \/> -3-karboxamid<br \/> Utseende:<br \/> Renhet:<\/p>\n","protected":false},"excerpt":{"rendered":"<p>Betala med Bitcoin f\u00f6r FUB-AKB48-pulverleverans till Europa. K\u00f6p FUB-AKB48-pulver i Europa fr\u00e5n en brittisk leverant\u00f6r till ett l\u00e5gt pris. En europeisk FUB-AKB48-pulverbutik, d\u00e4r du kan f\u00e5 FUB-AKB48-pulver med 99 procent renhet.<\/p>\n<p>F\u00e5 1 oz. av Pure Fub Akb48 Powder fr\u00e5n oss idag! Fake weed \u00e4r en indol som har anv\u00e4nts f\u00f6r att skapa l\u00e4kemedel och som nu \u00e4r tillg\u00e4nglig f\u00f6r f\u00f6rs\u00e4ljning med syntetiska marijuana kombinerade aktiva komponenter.<\/p>\n<p>Med Bitcoin kan du f\u00e5 rent och h\u00f6gkvalitativt FUB-AKB48-pulver online, som s\u00e5v\u00e4l som lagliga mediciner, forskningskemikalier och r\u00e5a medicinska pulver.<\/p>\n","protected":false},"featured_media":5533,"comment_status":"open","ping_status":"closed","template":"","meta":[],"product_brand":[],"product_cat":[2596],"product_tag":[3013,3016,3027,3028,3015,3019,3020,3022,3024,3021,3018,3023,3026,3025,3017,3014],"class_list":{"0":"post-5522","1":"product","2":"type-product","3":"status-publish","4":"has-post-thumbnail","6":"product_cat-cannabinoider-till-salu","7":"product_tag-buy-fub-akb48-eu","8":"product_tag-fub-akb48-effekt","9":"product_tag-fub-akb48-frakt","10":"product_tag-fub-akb48-grossist","11":"product_tag-fub-akb48-kina-leverantr","12":"product_tag-fub-akb48-powder-buy","13":"product_tag-fub-akb48-powder-effect","14":"product_tag-fub-akb48-powder-online","15":"product_tag-fub-akb48-powder-reddit","16":"product_tag-fub-akb48-pulver-till-frsljning","17":"product_tag-fub-akb48-pulver","18":"product_tag-fub-akb48-powder-order","19":"product_tag-fub-akb48-recension","20":"product_tag-fub-akb48-renderar","21":"product_tag-fub-akb48-till-salu","22":"product_tag-k-c3-b6p-fub-akb48-pulver","24":"first","25":"instock","26":"shipping-taxable","27":"purchasable","28":"product-type-variable","29":"has-default-attributes"},"yoast_head":"<!-- This site is optimized with the Yoast SEO plugin v27.3 - https:\/\/yoast.com\/product\/yoast-seo-wordpress\/ -->\n<title>K\u00f6p Fub Akb48 Powder - Fub Akb48 Online - B\u00e4sta globala medicinerna<\/title>\n<meta name=\"description\" content=\"K\u00f6p FUB-AKB48 Pulver till salu EU-frakt, Bitcoin-betalning. Billig FUB-AKB48 Pulverleverant\u00f6r Storbritannien - k\u00f6p forskningskemikalier i Europa. FUB-AKB48 Pulverbutik i Europa\" \/>\n<meta name=\"robots\" content=\"index, follow, max-snippet:-1, max-image-preview:large, max-video-preview:-1\" \/>\n<link rel=\"canonical\" href=\"https:\/\/medicinasinc.com\/se\/product\/kop-fub-akb48-pulver\/\" \/>\n<meta property=\"og:locale\" content=\"sv_SE\" \/>\n<meta property=\"og:type\" content=\"article\" \/>\n<meta property=\"og:title\" content=\"K\u00f6p Fub Akb48 Powder - Fub Akb48 Online - B\u00e4sta globala medicinerna\" \/>\n<meta property=\"og:description\" content=\"K\u00f6p FUB-AKB48 Pulver till salu EU-frakt, Bitcoin-betalning. Billig FUB-AKB48 Pulverleverant\u00f6r Storbritannien - k\u00f6p forskningskemikalier i Europa. FUB-AKB48 Pulverbutik i Europa\" \/>\n<meta property=\"og:url\" content=\"https:\/\/medicinasinc.com\/se\/product\/kop-fub-akb48-pulver\/\" \/>\n<meta property=\"og:site_name\" content=\"Medicinas Inc\" \/>\n<meta property=\"article:modified_time\" content=\"2022-07-03T23:22:43+00:00\" \/>\n<meta property=\"og:image\" content=\"https:\/\/medicinasinc.com\/se\/wp-content\/uploads\/sites\/16\/2022\/02\/Buy-Fub-Akb48-Powder.jpeg\" \/>\n\t<meta property=\"og:image:width\" content=\"800\" \/>\n\t<meta property=\"og:image:height\" content=\"438\" \/>\n\t<meta property=\"og:image:type\" content=\"image\/jpeg\" \/>\n<meta name=\"twitter:card\" content=\"summary_large_image\" \/>\n<meta name=\"twitter:label1\" content=\"Ber\u00e4knad l\u00e4stid\" \/>\n\t<meta name=\"twitter:data1\" content=\"1 minut\" \/>\n<script type=\"application\/ld+json\" class=\"yoast-schema-graph\">{\"@context\":\"https:\\\/\\\/schema.org\",\"@graph\":[{\"@type\":\"WebPage\",\"@id\":\"https:\\\/\\\/medicinasinc.com\\\/se\\\/product\\\/kop-fub-akb48-pulver\\\/\",\"url\":\"https:\\\/\\\/medicinasinc.com\\\/se\\\/product\\\/kop-fub-akb48-pulver\\\/\",\"name\":\"K\u00f6p Fub Akb48 Powder - Fub Akb48 Online - B\u00e4sta globala medicinerna\",\"isPartOf\":{\"@id\":\"https:\\\/\\\/medicinasinc.com\\\/se\\\/#website\"},\"primaryImageOfPage\":{\"@id\":\"https:\\\/\\\/medicinasinc.com\\\/se\\\/product\\\/kop-fub-akb48-pulver\\\/#primaryimage\"},\"image\":{\"@id\":\"https:\\\/\\\/medicinasinc.com\\\/se\\\/product\\\/kop-fub-akb48-pulver\\\/#primaryimage\"},\"thumbnailUrl\":\"https:\\\/\\\/medicinasinc.com\\\/se\\\/wp-content\\\/uploads\\\/sites\\\/16\\\/2022\\\/02\\\/Buy-Fub-Akb48-Powder.jpeg\",\"datePublished\":\"2022-02-22T01:05:36+00:00\",\"dateModified\":\"2022-07-03T23:22:43+00:00\",\"description\":\"K\u00f6p FUB-AKB48 Pulver till salu EU-frakt, Bitcoin-betalning. Billig FUB-AKB48 Pulverleverant\u00f6r Storbritannien - k\u00f6p forskningskemikalier i Europa. FUB-AKB48 Pulverbutik i Europa\",\"breadcrumb\":{\"@id\":\"https:\\\/\\\/medicinasinc.com\\\/se\\\/product\\\/kop-fub-akb48-pulver\\\/#breadcrumb\"},\"inLanguage\":\"sv-SE\",\"potentialAction\":[{\"@type\":\"ReadAction\",\"target\":[\"https:\\\/\\\/medicinasinc.com\\\/se\\\/product\\\/kop-fub-akb48-pulver\\\/\"]}]},{\"@type\":\"ImageObject\",\"inLanguage\":\"sv-SE\",\"@id\":\"https:\\\/\\\/medicinasinc.com\\\/se\\\/product\\\/kop-fub-akb48-pulver\\\/#primaryimage\",\"url\":\"https:\\\/\\\/medicinasinc.com\\\/se\\\/wp-content\\\/uploads\\\/sites\\\/16\\\/2022\\\/02\\\/Buy-Fub-Akb48-Powder.jpeg\",\"contentUrl\":\"https:\\\/\\\/medicinasinc.com\\\/se\\\/wp-content\\\/uploads\\\/sites\\\/16\\\/2022\\\/02\\\/Buy-Fub-Akb48-Powder.jpeg\",\"width\":800,\"height\":438},{\"@type\":\"BreadcrumbList\",\"@id\":\"https:\\\/\\\/medicinasinc.com\\\/se\\\/product\\\/kop-fub-akb48-pulver\\\/#breadcrumb\",\"itemListElement\":[{\"@type\":\"ListItem\",\"position\":1,\"name\":\"aff\u00e4r\",\"item\":\"https:\\\/\\\/medicinasinc.com\\\/se\\\/affar\\\/\"},{\"@type\":\"ListItem\",\"position\":2,\"name\":\"K\u00f6p Fub Akb48 Powder\"}]},{\"@type\":\"WebSite\",\"@id\":\"https:\\\/\\\/medicinasinc.com\\\/se\\\/#website\",\"url\":\"https:\\\/\\\/medicinasinc.com\\\/se\\\/\",\"name\":\"Medicinas Inc\",\"description\":\"Health Medical Clinic\",\"potentialAction\":[{\"@type\":\"SearchAction\",\"target\":{\"@type\":\"EntryPoint\",\"urlTemplate\":\"https:\\\/\\\/medicinasinc.com\\\/se\\\/?s={search_term_string}\"},\"query-input\":{\"@type\":\"PropertyValueSpecification\",\"valueRequired\":true,\"valueName\":\"search_term_string\"}}],\"inLanguage\":\"sv-SE\"}]}<\/script>\n<!-- \/ Yoast SEO plugin. -->","yoast_head_json":{"title":"K\u00f6p Fub Akb48 Powder - Fub Akb48 Online - B\u00e4sta globala medicinerna","description":"K\u00f6p FUB-AKB48 Pulver till salu EU-frakt, Bitcoin-betalning. Billig FUB-AKB48 Pulverleverant\u00f6r Storbritannien - k\u00f6p forskningskemikalier i Europa. FUB-AKB48 Pulverbutik i Europa","robots":{"index":"index","follow":"follow","max-snippet":"max-snippet:-1","max-image-preview":"max-image-preview:large","max-video-preview":"max-video-preview:-1"},"canonical":"https:\/\/medicinasinc.com\/se\/product\/kop-fub-akb48-pulver\/","og_locale":"sv_SE","og_type":"article","og_title":"K\u00f6p Fub Akb48 Powder - Fub Akb48 Online - B\u00e4sta globala medicinerna","og_description":"K\u00f6p FUB-AKB48 Pulver till salu EU-frakt, Bitcoin-betalning. Billig FUB-AKB48 Pulverleverant\u00f6r Storbritannien - k\u00f6p forskningskemikalier i Europa. FUB-AKB48 Pulverbutik i Europa","og_url":"https:\/\/medicinasinc.com\/se\/product\/kop-fub-akb48-pulver\/","og_site_name":"Medicinas Inc","article_modified_time":"2022-07-03T23:22:43+00:00","og_image":[{"width":800,"height":438,"url":"https:\/\/medicinasinc.com\/se\/wp-content\/uploads\/sites\/16\/2022\/02\/Buy-Fub-Akb48-Powder.jpeg","type":"image\/jpeg"}],"twitter_card":"summary_large_image","twitter_misc":{"Ber\u00e4knad l\u00e4stid":"1 minut"},"schema":{"@context":"https:\/\/schema.org","@graph":[{"@type":"WebPage","@id":"https:\/\/medicinasinc.com\/se\/product\/kop-fub-akb48-pulver\/","url":"https:\/\/medicinasinc.com\/se\/product\/kop-fub-akb48-pulver\/","name":"K\u00f6p Fub Akb48 Powder - Fub Akb48 Online - B\u00e4sta globala medicinerna","isPartOf":{"@id":"https:\/\/medicinasinc.com\/se\/#website"},"primaryImageOfPage":{"@id":"https:\/\/medicinasinc.com\/se\/product\/kop-fub-akb48-pulver\/#primaryimage"},"image":{"@id":"https:\/\/medicinasinc.com\/se\/product\/kop-fub-akb48-pulver\/#primaryimage"},"thumbnailUrl":"https:\/\/medicinasinc.com\/se\/wp-content\/uploads\/sites\/16\/2022\/02\/Buy-Fub-Akb48-Powder.jpeg","datePublished":"2022-02-22T01:05:36+00:00","dateModified":"2022-07-03T23:22:43+00:00","description":"K\u00f6p FUB-AKB48 Pulver till salu EU-frakt, Bitcoin-betalning. Billig FUB-AKB48 Pulverleverant\u00f6r Storbritannien - k\u00f6p forskningskemikalier i Europa. FUB-AKB48 Pulverbutik i Europa","breadcrumb":{"@id":"https:\/\/medicinasinc.com\/se\/product\/kop-fub-akb48-pulver\/#breadcrumb"},"inLanguage":"sv-SE","potentialAction":[{"@type":"ReadAction","target":["https:\/\/medicinasinc.com\/se\/product\/kop-fub-akb48-pulver\/"]}]},{"@type":"ImageObject","inLanguage":"sv-SE","@id":"https:\/\/medicinasinc.com\/se\/product\/kop-fub-akb48-pulver\/#primaryimage","url":"https:\/\/medicinasinc.com\/se\/wp-content\/uploads\/sites\/16\/2022\/02\/Buy-Fub-Akb48-Powder.jpeg","contentUrl":"https:\/\/medicinasinc.com\/se\/wp-content\/uploads\/sites\/16\/2022\/02\/Buy-Fub-Akb48-Powder.jpeg","width":800,"height":438},{"@type":"BreadcrumbList","@id":"https:\/\/medicinasinc.com\/se\/product\/kop-fub-akb48-pulver\/#breadcrumb","itemListElement":[{"@type":"ListItem","position":1,"name":"aff\u00e4r","item":"https:\/\/medicinasinc.com\/se\/affar\/"},{"@type":"ListItem","position":2,"name":"K\u00f6p Fub Akb48 Powder"}]},{"@type":"WebSite","@id":"https:\/\/medicinasinc.com\/se\/#website","url":"https:\/\/medicinasinc.com\/se\/","name":"Medicinas Inc","description":"Health Medical Clinic","potentialAction":[{"@type":"SearchAction","target":{"@type":"EntryPoint","urlTemplate":"https:\/\/medicinasinc.com\/se\/?s={search_term_string}"},"query-input":{"@type":"PropertyValueSpecification","valueRequired":true,"valueName":"search_term_string"}}],"inLanguage":"sv-SE"}]}},"_links":{"self":[{"href":"https:\/\/medicinasinc.com\/se\/wp-json\/wp\/v2\/product\/5522","targetHints":{"allow":["GET"]}}],"collection":[{"href":"https:\/\/medicinasinc.com\/se\/wp-json\/wp\/v2\/product"}],"about":[{"href":"https:\/\/medicinasinc.com\/se\/wp-json\/wp\/v2\/types\/product"}],"replies":[{"embeddable":true,"href":"https:\/\/medicinasinc.com\/se\/wp-json\/wp\/v2\/comments?post=5522"}],"wp:featuredmedia":[{"embeddable":true,"href":"https:\/\/medicinasinc.com\/se\/wp-json\/wp\/v2\/media\/5533"}],"wp:attachment":[{"href":"https:\/\/medicinasinc.com\/se\/wp-json\/wp\/v2\/media?parent=5522"}],"wp:term":[{"taxonomy":"product_brand","embeddable":true,"href":"https:\/\/medicinasinc.com\/se\/wp-json\/wp\/v2\/product_brand?post=5522"},{"taxonomy":"product_cat","embeddable":true,"href":"https:\/\/medicinasinc.com\/se\/wp-json\/wp\/v2\/product_cat?post=5522"},{"taxonomy":"product_tag","embeddable":true,"href":"https:\/\/medicinasinc.com\/se\/wp-json\/wp\/v2\/product_tag?post=5522"}],"curies":[{"name":"wp","href":"https:\/\/api.w.org\/{rel}","templated":true}]}}