{"id":5520,"date":"2022-02-22T01:02:44","date_gmt":"2022-02-22T01:02:44","guid":{"rendered":"https:\/\/medicinasinc.com\/se\/?post_type=product&#038;p=5520"},"modified":"2022-07-03T23:23:13","modified_gmt":"2022-07-03T23:23:13","slug":"kopa-fentanyl-tabletter","status":"publish","type":"product","link":"https:\/\/medicinasinc.com\/se\/product\/kopa-fentanyl-tabletter\/","title":{"rendered":"K\u00f6p fentanyltabletter"},"content":{"rendered":"<p>Fentanylpiller, \u00e4ven k\u00e4nd som fentanil, \u00e4r ett mycket starkt syntetiskt opioidsm\u00e4rtstillande medel med kort verkan och snabbt ins\u00e4ttande. Opioidreceptorer stimuleras starkt av detta l\u00e4kemedel. Potensen hos fentanyl s\u00e4gs vara 50-100 g\u00e5nger st\u00f6rre \u00e4n den hos morfin.<\/p>\n<p>Paul Janssens Fentanyl Pills, som bildades 1960, blev en omedelbar framg\u00e5ng och f\u00f6ljde i fotsp\u00e5ren av Demerols petidin. Fentanyl skapades genom att testa analoger av den opioidaktiva substansen petidin, som \u00e4r strukturellt kopplad till fentanyl.<\/p>\n<p>Fentonisk citrat (fentanylcitrat, som \u00e4r saltet som genereras genom att blanda fentanyl och citronsyra med en 1:1 ratio) kom ut p\u00e5 den medicinska marknaden i b\u00f6rjan av 60-talet under varum\u00e4rket Sublimaze p\u00e5 grund av dess omfattande anv\u00e4ndning. Sufentanil, alfentanil, remifentanil och lofentanil \u00e4r bara ett f\u00e5tal av de m\u00e5nga fentanylanaloger som sedan dess har skapats och tagits i klinisk anv\u00e4ndning.<\/p>\n<p>Piller som inneh\u00e5ller fentanyl Palliativ anv\u00e4ndning av fentanyl b\u00f6rjade i mitten av 1990-talet med utveckling av fentanylpl\u00e5stret, som snabbt f\u00f6ljdes av fentanylpastiller, uppl\u00f6sande tabletter och sublingual spray, som alla absorberas via munytan. Fentanyl var den vanligaste f\u00f6rskrivna syntetiska opioiden i USA 2012. \u00d6ver hela v\u00e4rlden ber\u00e4knades det att 1700 kg plast f\u00f6rbrukades 2013.<\/p>\n<p>Rekreationsanv\u00e4ndningen av fentanyl har resulterat i tusentals d\u00f6dsfall i \u00f6verdoser pr. \u00e5r. Ol\u00e4mplig medicinsk anv\u00e4ndning har ocks\u00e5 lett till d\u00f6dsfall. P\u00e5 grund av sitt h\u00f6ga terapeutiska index (270) \u00e4r fentanyl ett mycket s\u00e4kert kirurgiskt bed\u00f6vningsmedel n\u00e4r det administreras under noggrann \u00f6vervakning; men p\u00e5 grund av dess enorma styrka kr\u00e4vs exakta m\u00e4tningar av extremt utsp\u00e4dd l\u00f6sning.<\/p>\n<p>en effektiv dos och d\u00f6dlig dos av pulverformig fentanyl skulle vara sv\u00e5r eller om\u00f6jlig att s\u00e4rskilja med blotta \u00f6gat om de placerades bredvid varandra; det \u00e4r d\u00e4rf\u00f6r det \u00e4r opraktiskt att exakt kvantifiera en dos av rent fentanylpulver utan modern vetenskaplig utrustning.<\/p>\n<p>Best\u00e4ll fentanylpiller, pulver, pl\u00e5ster och v\u00e4tska online nu!<\/p>\n<div class=\"product -next-previous\">\n<div class=\"product-prev\"><\/div><\/div>\n","protected":false},"excerpt":{"rendered":"<p>V\u00e5rt onlinef\u00f6retag s\u00e4ljer fentanyltabletter till f\u00f6rs\u00e4ljning i Storbritannien, EU och Europa med snabb leverans \u00f6ver hela v\u00e4rlden! Du hittar den b\u00e4sta fentanylen f\u00f6r onlinek\u00f6p h\u00e4r!<\/p>\n<p>K\u00f6p fentanylpiller online i Storbritannien, Europa och resten av v\u00e4rlden med snabb internationell leverans fr\u00e5n v\u00e5rt onlineapotek idag! Du hittar den b\u00e4sta fentanylen f\u00f6r onlinek\u00f6p h\u00e4r! Fr\u00e5ga var du kan k\u00f6pa fentanyltabletter.<\/p>\n<p>Piller som inneh\u00e5ller fentanyl Fentanylpl\u00e5stret erbj\u00f6ds f\u00f6rst f\u00f6r palliativ anv\u00e4ndning i mitten av 1990-talet, och fentanylklubban, uppl\u00f6sande piller och sublingual spray sl\u00e4pptes i f\u00f6ljande decennium genom absorption genom huden i munnen.<\/p>\n","protected":false},"featured_media":5529,"comment_status":"open","ping_status":"closed","template":"","meta":[],"product_brand":[],"product_cat":[2014],"product_tag":[2990,2991,2992,2973,2841,2976,2977,2979,2996,2982,2983,2984,2986,2850,2981,2985,2987,2988,2994,2975,2843,2978,2980,2974,2989,2993,2995,2997],"class_list":{"0":"post-5520","1":"product","2":"type-product","3":"status-publish","4":"has-post-thumbnail","6":"product_cat-kop-research-chemicals","7":"product_tag-bestll-fentanyl-vtska-online","8":"product_tag-bestll-fentanyl-online","9":"product_tag-bestll-fentanyl-plster-online","10":"product_tag-buy-fentanyl-citrate-online","11":"product_tag-buy-fentanyl-online","12":"product_tag-buy-fentanyl-online-uk","13":"product_tag-buy-fentanyl-powder","14":"product_tag-carfentanil-for-sale","15":"product_tag-det-bsta-stllet-att-kpa-fentanyl-vtska-online","16":"product_tag-fentanyl-for-sale-online","17":"product_tag-fentanyl-liquid-for-sale","18":"product_tag-fentanyl-patch-online-pharmacy","19":"product_tag-fentanyl-pills-for-sale","20":"product_tag-fentanyl-powder-for-sale","21":"product_tag-fentanyl-till-salu","22":"product_tag-fentanyl-plster-till-frsljning","23":"product_tag-fentanylpulver-pris","24":"product_tag-how-to-buy-fentanyl-liquid-online","25":"product_tag-kp-fentanyl-online","26":"product_tag-kpa-fentanyl-receptfritt","27":"product_tag-kp-fentanyl-pulver-online","28":"product_tag-kpa-fentanyl-online","29":"product_tag-fentanyl-kp-online","30":"product_tag-kp-fentanyl-vtska-online","31":"product_tag-opiat-forskning-kemikalier-till-frsljning","32":"product_tag-purchase-fentanyl-liquid-online","33":"product_tag-ren-fentanyl","34":"product_tag-var-att-kpa-fentanyl-vtska-online","36":"first","37":"instock","38":"shipping-taxable","39":"purchasable","40":"product-type-variable","41":"has-default-attributes"},"yoast_head":"<!-- This site is optimized with the Yoast SEO plugin v27.3 - https:\/\/yoast.com\/product\/yoast-seo-wordpress\/ -->\n<title>K\u00f6p Fentanyl Tabletter - Fentanyl piller - Best Global Meds<\/title>\n<meta name=\"description\" content=\"K\u00f6p Fentanyl-tabletter till salu Storbritannien, EU Europa i v\u00e5r onlinebutik med snabb leverans \u00f6ver hela v\u00e4rlden! Den b\u00e4sta fentanylen f\u00f6r best\u00e4llning hittar du h\u00e4r!\" \/>\n<meta name=\"robots\" content=\"index, follow, max-snippet:-1, max-image-preview:large, max-video-preview:-1\" \/>\n<link rel=\"canonical\" href=\"https:\/\/medicinasinc.com\/se\/product\/kopa-fentanyl-tabletter\/\" \/>\n<meta property=\"og:locale\" content=\"sv_SE\" \/>\n<meta property=\"og:type\" content=\"article\" \/>\n<meta property=\"og:title\" content=\"K\u00f6p Fentanyl Tabletter - Fentanyl piller - Best Global Meds\" \/>\n<meta property=\"og:description\" content=\"K\u00f6p Fentanyl-tabletter till salu Storbritannien, EU Europa i v\u00e5r onlinebutik med snabb leverans \u00f6ver hela v\u00e4rlden! Den b\u00e4sta fentanylen f\u00f6r best\u00e4llning hittar du h\u00e4r!\" \/>\n<meta property=\"og:url\" content=\"https:\/\/medicinasinc.com\/se\/product\/kopa-fentanyl-tabletter\/\" \/>\n<meta property=\"og:site_name\" content=\"Medicinas Inc\" \/>\n<meta property=\"article:modified_time\" content=\"2022-07-03T23:23:13+00:00\" \/>\n<meta property=\"og:image\" content=\"https:\/\/medicinasinc.com\/se\/wp-content\/uploads\/sites\/16\/2022\/02\/Buy-Fentanyl-Tablets.jpg\" \/>\n\t<meta property=\"og:image:width\" content=\"600\" \/>\n\t<meta property=\"og:image:height\" content=\"600\" \/>\n\t<meta property=\"og:image:type\" content=\"image\/jpeg\" \/>\n<meta name=\"twitter:card\" content=\"summary_large_image\" \/>\n<meta name=\"twitter:label1\" content=\"Ber\u00e4knad l\u00e4stid\" \/>\n\t<meta name=\"twitter:data1\" content=\"2 minuter\" \/>\n<script type=\"application\/ld+json\" class=\"yoast-schema-graph\">{\"@context\":\"https:\\\/\\\/schema.org\",\"@graph\":[{\"@type\":\"WebPage\",\"@id\":\"https:\\\/\\\/medicinasinc.com\\\/se\\\/product\\\/kopa-fentanyl-tabletter\\\/\",\"url\":\"https:\\\/\\\/medicinasinc.com\\\/se\\\/product\\\/kopa-fentanyl-tabletter\\\/\",\"name\":\"K\u00f6p Fentanyl Tabletter - Fentanyl piller - Best Global Meds\",\"isPartOf\":{\"@id\":\"https:\\\/\\\/medicinasinc.com\\\/se\\\/#website\"},\"primaryImageOfPage\":{\"@id\":\"https:\\\/\\\/medicinasinc.com\\\/se\\\/product\\\/kopa-fentanyl-tabletter\\\/#primaryimage\"},\"image\":{\"@id\":\"https:\\\/\\\/medicinasinc.com\\\/se\\\/product\\\/kopa-fentanyl-tabletter\\\/#primaryimage\"},\"thumbnailUrl\":\"https:\\\/\\\/medicinasinc.com\\\/se\\\/wp-content\\\/uploads\\\/sites\\\/16\\\/2022\\\/02\\\/Buy-Fentanyl-Tablets.jpg\",\"datePublished\":\"2022-02-22T01:02:44+00:00\",\"dateModified\":\"2022-07-03T23:23:13+00:00\",\"description\":\"K\u00f6p Fentanyl-tabletter till salu Storbritannien, EU Europa i v\u00e5r onlinebutik med snabb leverans \u00f6ver hela v\u00e4rlden! Den b\u00e4sta fentanylen f\u00f6r best\u00e4llning hittar du h\u00e4r!\",\"breadcrumb\":{\"@id\":\"https:\\\/\\\/medicinasinc.com\\\/se\\\/product\\\/kopa-fentanyl-tabletter\\\/#breadcrumb\"},\"inLanguage\":\"sv-SE\",\"potentialAction\":[{\"@type\":\"ReadAction\",\"target\":[\"https:\\\/\\\/medicinasinc.com\\\/se\\\/product\\\/kopa-fentanyl-tabletter\\\/\"]}]},{\"@type\":\"ImageObject\",\"inLanguage\":\"sv-SE\",\"@id\":\"https:\\\/\\\/medicinasinc.com\\\/se\\\/product\\\/kopa-fentanyl-tabletter\\\/#primaryimage\",\"url\":\"https:\\\/\\\/medicinasinc.com\\\/se\\\/wp-content\\\/uploads\\\/sites\\\/16\\\/2022\\\/02\\\/Buy-Fentanyl-Tablets.jpg\",\"contentUrl\":\"https:\\\/\\\/medicinasinc.com\\\/se\\\/wp-content\\\/uploads\\\/sites\\\/16\\\/2022\\\/02\\\/Buy-Fentanyl-Tablets.jpg\",\"width\":600,\"height\":600},{\"@type\":\"BreadcrumbList\",\"@id\":\"https:\\\/\\\/medicinasinc.com\\\/se\\\/product\\\/kopa-fentanyl-tabletter\\\/#breadcrumb\",\"itemListElement\":[{\"@type\":\"ListItem\",\"position\":1,\"name\":\"aff\u00e4r\",\"item\":\"https:\\\/\\\/medicinasinc.com\\\/se\\\/affar\\\/\"},{\"@type\":\"ListItem\",\"position\":2,\"name\":\"K\u00f6p fentanyltabletter\"}]},{\"@type\":\"WebSite\",\"@id\":\"https:\\\/\\\/medicinasinc.com\\\/se\\\/#website\",\"url\":\"https:\\\/\\\/medicinasinc.com\\\/se\\\/\",\"name\":\"Medicinas Inc\",\"description\":\"Health Medical Clinic\",\"potentialAction\":[{\"@type\":\"SearchAction\",\"target\":{\"@type\":\"EntryPoint\",\"urlTemplate\":\"https:\\\/\\\/medicinasinc.com\\\/se\\\/?s={search_term_string}\"},\"query-input\":{\"@type\":\"PropertyValueSpecification\",\"valueRequired\":true,\"valueName\":\"search_term_string\"}}],\"inLanguage\":\"sv-SE\"}]}<\/script>\n<!-- \/ Yoast SEO plugin. -->","yoast_head_json":{"title":"K\u00f6p Fentanyl Tabletter - Fentanyl piller - Best Global Meds","description":"K\u00f6p Fentanyl-tabletter till salu Storbritannien, EU Europa i v\u00e5r onlinebutik med snabb leverans \u00f6ver hela v\u00e4rlden! Den b\u00e4sta fentanylen f\u00f6r best\u00e4llning hittar du h\u00e4r!","robots":{"index":"index","follow":"follow","max-snippet":"max-snippet:-1","max-image-preview":"max-image-preview:large","max-video-preview":"max-video-preview:-1"},"canonical":"https:\/\/medicinasinc.com\/se\/product\/kopa-fentanyl-tabletter\/","og_locale":"sv_SE","og_type":"article","og_title":"K\u00f6p Fentanyl Tabletter - Fentanyl piller - Best Global Meds","og_description":"K\u00f6p Fentanyl-tabletter till salu Storbritannien, EU Europa i v\u00e5r onlinebutik med snabb leverans \u00f6ver hela v\u00e4rlden! Den b\u00e4sta fentanylen f\u00f6r best\u00e4llning hittar du h\u00e4r!","og_url":"https:\/\/medicinasinc.com\/se\/product\/kopa-fentanyl-tabletter\/","og_site_name":"Medicinas Inc","article_modified_time":"2022-07-03T23:23:13+00:00","og_image":[{"width":600,"height":600,"url":"https:\/\/medicinasinc.com\/se\/wp-content\/uploads\/sites\/16\/2022\/02\/Buy-Fentanyl-Tablets.jpg","type":"image\/jpeg"}],"twitter_card":"summary_large_image","twitter_misc":{"Ber\u00e4knad l\u00e4stid":"2 minuter"},"schema":{"@context":"https:\/\/schema.org","@graph":[{"@type":"WebPage","@id":"https:\/\/medicinasinc.com\/se\/product\/kopa-fentanyl-tabletter\/","url":"https:\/\/medicinasinc.com\/se\/product\/kopa-fentanyl-tabletter\/","name":"K\u00f6p Fentanyl Tabletter - Fentanyl piller - Best Global Meds","isPartOf":{"@id":"https:\/\/medicinasinc.com\/se\/#website"},"primaryImageOfPage":{"@id":"https:\/\/medicinasinc.com\/se\/product\/kopa-fentanyl-tabletter\/#primaryimage"},"image":{"@id":"https:\/\/medicinasinc.com\/se\/product\/kopa-fentanyl-tabletter\/#primaryimage"},"thumbnailUrl":"https:\/\/medicinasinc.com\/se\/wp-content\/uploads\/sites\/16\/2022\/02\/Buy-Fentanyl-Tablets.jpg","datePublished":"2022-02-22T01:02:44+00:00","dateModified":"2022-07-03T23:23:13+00:00","description":"K\u00f6p Fentanyl-tabletter till salu Storbritannien, EU Europa i v\u00e5r onlinebutik med snabb leverans \u00f6ver hela v\u00e4rlden! Den b\u00e4sta fentanylen f\u00f6r best\u00e4llning hittar du h\u00e4r!","breadcrumb":{"@id":"https:\/\/medicinasinc.com\/se\/product\/kopa-fentanyl-tabletter\/#breadcrumb"},"inLanguage":"sv-SE","potentialAction":[{"@type":"ReadAction","target":["https:\/\/medicinasinc.com\/se\/product\/kopa-fentanyl-tabletter\/"]}]},{"@type":"ImageObject","inLanguage":"sv-SE","@id":"https:\/\/medicinasinc.com\/se\/product\/kopa-fentanyl-tabletter\/#primaryimage","url":"https:\/\/medicinasinc.com\/se\/wp-content\/uploads\/sites\/16\/2022\/02\/Buy-Fentanyl-Tablets.jpg","contentUrl":"https:\/\/medicinasinc.com\/se\/wp-content\/uploads\/sites\/16\/2022\/02\/Buy-Fentanyl-Tablets.jpg","width":600,"height":600},{"@type":"BreadcrumbList","@id":"https:\/\/medicinasinc.com\/se\/product\/kopa-fentanyl-tabletter\/#breadcrumb","itemListElement":[{"@type":"ListItem","position":1,"name":"aff\u00e4r","item":"https:\/\/medicinasinc.com\/se\/affar\/"},{"@type":"ListItem","position":2,"name":"K\u00f6p fentanyltabletter"}]},{"@type":"WebSite","@id":"https:\/\/medicinasinc.com\/se\/#website","url":"https:\/\/medicinasinc.com\/se\/","name":"Medicinas Inc","description":"Health Medical Clinic","potentialAction":[{"@type":"SearchAction","target":{"@type":"EntryPoint","urlTemplate":"https:\/\/medicinasinc.com\/se\/?s={search_term_string}"},"query-input":{"@type":"PropertyValueSpecification","valueRequired":true,"valueName":"search_term_string"}}],"inLanguage":"sv-SE"}]}},"_links":{"self":[{"href":"https:\/\/medicinasinc.com\/se\/wp-json\/wp\/v2\/product\/5520","targetHints":{"allow":["GET"]}}],"collection":[{"href":"https:\/\/medicinasinc.com\/se\/wp-json\/wp\/v2\/product"}],"about":[{"href":"https:\/\/medicinasinc.com\/se\/wp-json\/wp\/v2\/types\/product"}],"replies":[{"embeddable":true,"href":"https:\/\/medicinasinc.com\/se\/wp-json\/wp\/v2\/comments?post=5520"}],"wp:featuredmedia":[{"embeddable":true,"href":"https:\/\/medicinasinc.com\/se\/wp-json\/wp\/v2\/media\/5529"}],"wp:attachment":[{"href":"https:\/\/medicinasinc.com\/se\/wp-json\/wp\/v2\/media?parent=5520"}],"wp:term":[{"taxonomy":"product_brand","embeddable":true,"href":"https:\/\/medicinasinc.com\/se\/wp-json\/wp\/v2\/product_brand?post=5520"},{"taxonomy":"product_cat","embeddable":true,"href":"https:\/\/medicinasinc.com\/se\/wp-json\/wp\/v2\/product_cat?post=5520"},{"taxonomy":"product_tag","embeddable":true,"href":"https:\/\/medicinasinc.com\/se\/wp-json\/wp\/v2\/product_tag?post=5520"}],"curies":[{"name":"wp","href":"https:\/\/api.w.org\/{rel}","templated":true}]}}