{"id":5497,"date":"2022-02-22T00:36:43","date_gmt":"2022-02-22T00:36:43","guid":{"rendered":"https:\/\/medicinasinc.com\/se\/?post_type=product&#038;p=5497"},"modified":"2022-07-03T23:23:26","modified_gmt":"2022-07-03T23:23:26","slug":"kopa-etizolam-pulver","status":"publish","type":"product","link":"https:\/\/medicinasinc.com\/se\/product\/kopa-etizolam-pulver\/","title":{"rendered":"K\u00f6p Etizolam pulver"},"content":{"rendered":"<p>Etizolams kemi<\/p>\n<p>Etizolams kemiska namn \u00e4r &#8221;4-(2-klorfenyl)-2-etyl-9-metyl-6H-tieno[3,2-f][1,2,4] triazolo[4,3-a][1,4]diazepin.&#8221; Detta l\u00e4kemedels molekylvikt best\u00e4mdes till 342,07 g\/mol, och dess renhet uppskattades till 99,5 procent eller h\u00f6gre i dess finaste former. Detta l\u00e4kemedels molekyl har visat sig vara stabil i minst tv\u00e5 eller tre \u00e5r vid rumstemperatur eller mellan 20oC och 25oC, vilket \u00e4r den rekommenderade lagringstemperaturen. Trots dess status som forskningskemikalie har l\u00e4kare skrivit ut Etizol f\u00f6r att behandla \u00e5ngestpatienter.<\/p>\n<p>Etizolams ursprung och utveckling<\/p>\n<p>Etizolam, en gr\u00e5 forskningskemikalie, gjorde sin debut 2011 som en \u00f6ver- receptfria lugnande medel. P\u00e5 grund av dess billiga kostnad, stora utbud av produkter och m\u00e5nga applikationer har det sedan blivit ett popul\u00e4rt val f\u00f6r m\u00e5nga m\u00e4nniskor. Det \u00e4r inte k\u00e4nt var formeln kom ifr\u00e5n, men den har varit knuten till forskning fr\u00e5n 1990-talet.<\/p>\n<p>F\u00f6r att behandla det som besv\u00e4rar dig kan Etizolam f\u00f6rskrivas.<\/p>\n<p>Anti-depressivt l\u00e4kemedel. , muskelavslappnande och \u00e5ngestd\u00e4mpande effekter \u00e4r k\u00e4nda f\u00f6r att uppst\u00e5 n\u00e4r Etizolam administreras, och det har ordinerats f\u00f6r medicinsk anv\u00e4ndning i s\u00e5dana fall. \u00c4ven om denna effekt inte visar sig hos alla anv\u00e4ndare, har l\u00e4kemedlet potential att \u00f6ka hungern. Stresslindring och minnesreorganisering \u00e4r ytterligare tv\u00e5 v\u00e4ldokumenterade anv\u00e4ndningsomr\u00e5den f\u00f6r denna medicin. Av rekreationssk\u00e4l \u00e4r drogen k\u00e4nd f\u00f6r att orsaka effekter som egouppbl\u00e5sning, k\u00e4nslom\u00e4ssigt f\u00f6rtryck och en \u00f6kad k\u00e4nsla av nykterhet, bland annat. M\u00e4nniskor har ocks\u00e5 anv\u00e4nt det f\u00f6r rekreations\u00e4ndam\u00e5l.<\/p>\n<p>Vad Etizolam g\u00f6r med din kropp<\/p>\n<p>En m\u00e4ngd olika m\u00e4nniskor, fr\u00e5n forskare till allm\u00e4nheten, har anv\u00e4nt medicinen. N\u00e4r det anv\u00e4nds har l\u00e4kemedlet en m\u00e4ngd olika effekter p\u00e5 kroppen, sinnet och uppfattningarna om ens eget jag. L\u00e4kemedlet f\u00e5r dig att k\u00e4nna dig svag och of\u00f6rm\u00f6gen att reglera din kropp. Det finns en \u00f6kning av personens f\u00f6rm\u00e5ga att andas fritt, s\u00e5v\u00e4l som fysisk lycka. S\u00f6mnighet och s\u00f6mnbrist kan ocks\u00e5 f\u00f6rekomma som en biverkning av l\u00e4kemedlet. Dessutom har \u00e4mnet kognitiva effekter eftersom det p\u00e5verkar kroppens f\u00f6rm\u00e5ga att genomf\u00f6ra regelbundna operationer genom att st\u00f6ra motornervens funktion. Hj\u00e4rnans hippocampusregion kan p\u00e5verkas, vilket kan leda till korttidsminnesf\u00f6rlust.<\/p>\n<p>Medicinen s\u00e4nker \u00e4ven motivationen och energiniv\u00e5n, och den har \u00e4ven effekt p\u00e5 hj\u00e4rnans f\u00f6rm\u00e5ga att f\u00f6rst\u00e5 tankar .<\/p>\n<p>Toxicitet kan ocks\u00e5 orsakas av f\u00f6rekomsten av f\u00f6roreningar i l\u00e4kemedlet.<\/p>\n<p>Etizolam: Rekommenderad dosering och biverkningar i klinisk praxis<\/p>\n<p>Fr\u00e5n 0,2 mg till 5 mg, l\u00e4kemedlets dosalternativ \u00e4r omfattande. L\u00e4tta doser av l\u00e4kemedlet \u00e4r mellan 0,2 mg och 1 mg, medan den vanligaste ordinerade m\u00e4ngden \u00e4r mellan 1-2 mg. En h\u00f6g dos \u00e4r en som \u00f6verstiger eller \u00e4r lika med 5 milligram.<\/p>\n<p>Som ett resultat slutar m\u00e5nga m\u00e4nniskor med att ta en h\u00f6gre dos f\u00f6r att uppleva hela spektrumet av gynnsamma effekter som l\u00e4kemedlet har listats f\u00f6r . En h\u00f6gre dos kan ha ett bredare spektrum av effekter, men det har ocks\u00e5 farligare biverkningar, s\u00e5som stora skador eller d\u00f6dsfall under de mest extrema omst\u00e4ndigheterna.<\/p>\n<p>Det \u00e4r lagligt att ta Etizolam<\/p>\n<p>Trots dess klassificering som en kontrollerad och schemalagd I-substans \u00e4r tillverkning, leverans och innehav av l\u00e4kemedlet inte f\u00f6rbjudet i de flesta l\u00e4nder.<\/p>\n<p>Vet du var man kan f\u00e5 tag i Etizolam-pulver?<\/p>\n<p>F\u00f6r laboratorier, apotek, forskningsinstitutioner och m\u00e4nniskor erbjuder v\u00e5r onlinel\u00e4kemedelsbutik h\u00f6gkvalitativ FUB \u2013 AKB48 till ett rimligt pris.<\/p>\n","protected":false},"excerpt":{"rendered":"<div class=\"woocommerce-product-details__short-description\">\n<p>K\u00f6p Etizolam-pulver till salu Storbritannien, EU, Europa\u00a0till det l\u00e4gsta priset. Etizolampulver anv\u00e4nds som medicin f\u00f6r att behandla \u00e5ngest, s\u00f6mnl\u00f6shet och panikattacker.<\/p>\n<p>Etizolampulver kan k\u00f6pas online. Var kan man k\u00f6pa Etizolam-pulver online?<\/p>\n<p>Etizolam-pulver av h\u00f6gsta kvalitet \u00e4r tillg\u00e4ngligt fr\u00e5n BestGlobalMeds.com, det mest p\u00e5litliga internetapoteket.<\/p>\n<p>F\u00f6rutom Etizolam finns det andra varum\u00e4rken f\u00f6r det inkluderar Etilaam och Etizest. Etizolam \u00e4r en syntetisk designeranalog av thienodiazepin som har depressiva egenskaper som \u00e4r j\u00e4mf\u00f6rbara med bensodiazepiner n\u00e4r det g\u00e4ller att minska \u00e5ngest, stress och fr\u00e4mja muskelavslappning. F\u00f6rutom tabletter, pulver och l\u00f6sning \u00e4r det en popul\u00e4r forskningskemikalie.<\/p>\n<\/p><\/div>\n","protected":false},"featured_media":5509,"comment_status":"open","ping_status":"closed","template":"","meta":[],"product_brand":[],"product_cat":[2014],"product_tag":[2898,2958,2959,2899,2900,2905,2906,2907,2908,2909,2913,2915,2916,2917,2920,2921,2926,2927,2928,2929,2934,2935,2936,2937,2942,2943,2944,2945,2949,2950,2951,2941,2953,2930,2952,2922,2923,2925,2946,2940,2939,2924,2931,2932,2933,2947,2948,2955,2918,2919,2956,2967,2966,2957,2965,2961,2972,2910,2954,2903,2904,2911,2912,2901,2914,2902,2938,2960,2962,2964,2969,2970,2971,2963,2968],"class_list":{"0":"post-5497","1":"product","2":"type-product","3":"status-publish","4":"has-post-thumbnail","6":"product_cat-kop-research-chemicals","7":"product_tag-etizolam-pulver-1g","8":"product_tag-r-etizolam-beroendeframkallande-och-varfr-missbrukas-etizolam","9":"product_tag-r-etizolam-sker","10":"product_tag-buy-aniracetam-powder","11":"product_tag-buy-etizolam-japan","12":"product_tag-buy-etizolam-powder-online","13":"product_tag-buy-etizolam-powder-uk","14":"product_tag-buy-etizolam-powder-usa","15":"product_tag-buy-etizolam-powder-usa-with-credit-card","16":"product_tag-buy-etizolam-powders","17":"product_tag-buy-etizolam-with-paypal","18":"product_tag-etizolam-1","19":"product_tag-etizolam-30-ml","20":"product_tag-etizol-dosering","21":"product_tag-etizolam-powder-australia","22":"product_tag-etizolam-powder-buy","23":"product_tag-etizolam-powder-dosage","24":"product_tag-etizolam-powder-dose","25":"product_tag-etizolam-powder-dosing","26":"product_tag-etizolam-powder-eu","27":"product_tag-etizolam-powder-high","28":"product_tag-etizolam-powder-measurement","29":"product_tag-etizolam-powder-online","30":"product_tag-etizolam-powder-price","31":"product_tag-etizolam-powder-solubility","32":"product_tag-etizolam-powder-taste","33":"product_tag-etizolam-powder-to-solution","34":"product_tag-etizolam-powder-uk","35":"product_tag-etizolam-powder-usa-vendor","36":"product_tag-etizolam-powder-uses","37":"product_tag-etizolam-powder-vendor","38":"product_tag-etizolam-pulver-stlle","39":"product_tag-etizolam-pulver","40":"product_tag-etizolam-pulver-europa","41":"product_tag-etizolam-pulver-grossist","42":"product_tag-etizolam-pulver-kanada","43":"product_tag-etizolam-pulver-kina","44":"product_tag-etizolam-pulver-kreditkort","45":"product_tag-etizolam-pulver-us","46":"product_tag-etizolam-pulver-recension","47":"product_tag-etizolam-powder-reddit","48":"product_tag-etizolam-pulver-stad","49":"product_tag-etizolam-pulver-till-salu","50":"product_tag-etizolam-pulver-till-frsljning-kina","51":"product_tag-etizolam-pulver-till-frsljning-recensioner","52":"product_tag-etizolam-pulver-usa","53":"product_tag-etizolam-pulver-usa-leverantr","54":"product_tag-etizolam-tabletter","55":"product_tag-etizolam-till-frsljning-usa","56":"product_tag-etizolam-vtska","57":"product_tag-etizolam-xanax-powder","58":"product_tag-vad-r-etizolam-hg-liknande","59":"product_tag-vad-r-etizolam-liknande","60":"product_tag-hur-man-fr-i-sig-etizolam-pulver","61":"product_tag-vad-smakar-etizolam-pulver","62":"product_tag-rent-etizol-pulver","63":"product_tag-kommer-etizolam-pulver-lses-i-olivolja","64":"product_tag-kpa-etizol-kraft","65":"product_tag-etizolam-lsning-kp","66":"product_tag-kpa-etizolam-pulver","67":"product_tag-k-c3-b6pa-etizolam-pulver-av-gram-usa","68":"product_tag-kpa-etizolam-usa-inrikes","69":"product_tag-kp-etizolam-usa-vernattningsleverans","70":"product_tag-kp-etizolam-online-frenta-staterna","71":"product_tag-kpa-vtska-etizolam-usa","72":"product_tag-kp-etizolam-online-usa","73":"product_tag-priser-p-etizolampulver","74":"product_tag-pulver-i-1-c3-b6sning","75":"product_tag-reddit-etizolam-vendors","76":"product_tag-vad-brukar-folk-anvnder-etizolam-till","77":"product_tag-var-att-kpa-etizolam","78":"product_tag-var-att-kpa-etizolam-online","79":"product_tag-var-att-kpa-etizolam-pulver","80":"product_tag-vilka-anvnds-lsningsmedel-fr-att-konvertera-etizolam","81":"product_tag-vad-r-vikten-av-etizolam-vtska","83":"first","84":"instock","85":"shipping-taxable","86":"purchasable","87":"product-type-variable","88":"has-default-attributes"},"yoast_head":"<!-- This site is optimized with the Yoast SEO plugin v27.3 - https:\/\/yoast.com\/product\/yoast-seo-wordpress\/ -->\n<title>K\u00f6p Etizolam pulver - Etizolam pulver Europa- B\u00e4sta globala mediciner<\/title>\n<meta name=\"description\" content=\"K\u00f6p Etizolam-pulver till salu Storbritannien, EU, Europa\u00a0till det l\u00e4gsta priset. Etizolampulver anv\u00e4nds som medicin f\u00f6r att behandla \u00e5ngest, s\u00f6mnl\u00f6shet och panikattacker.\" \/>\n<meta name=\"robots\" content=\"index, follow, max-snippet:-1, max-image-preview:large, max-video-preview:-1\" \/>\n<link rel=\"canonical\" href=\"https:\/\/medicinasinc.com\/se\/product\/kopa-etizolam-pulver\/\" \/>\n<meta property=\"og:locale\" content=\"sv_SE\" \/>\n<meta property=\"og:type\" content=\"article\" \/>\n<meta property=\"og:title\" content=\"K\u00f6p Etizolam pulver - Etizolam pulver Europa- B\u00e4sta globala mediciner\" \/>\n<meta property=\"og:description\" content=\"K\u00f6p Etizolam-pulver till salu Storbritannien, EU, Europa\u00a0till det l\u00e4gsta priset. Etizolampulver anv\u00e4nds som medicin f\u00f6r att behandla \u00e5ngest, s\u00f6mnl\u00f6shet och panikattacker.\" \/>\n<meta property=\"og:url\" content=\"https:\/\/medicinasinc.com\/se\/product\/kopa-etizolam-pulver\/\" \/>\n<meta property=\"og:site_name\" content=\"Medicinas Inc\" \/>\n<meta property=\"article:modified_time\" content=\"2022-07-03T23:23:26+00:00\" \/>\n<meta property=\"og:image\" content=\"https:\/\/medicinasinc.com\/se\/wp-content\/uploads\/sites\/16\/2022\/02\/Buy_Etizolam_powder.jpg\" \/>\n\t<meta property=\"og:image:width\" content=\"500\" \/>\n\t<meta property=\"og:image:height\" content=\"500\" \/>\n\t<meta property=\"og:image:type\" content=\"image\/jpeg\" \/>\n<meta name=\"twitter:card\" content=\"summary_large_image\" \/>\n<meta name=\"twitter:label1\" content=\"Ber\u00e4knad l\u00e4stid\" \/>\n\t<meta name=\"twitter:data1\" content=\"3 minuter\" \/>\n<script type=\"application\/ld+json\" class=\"yoast-schema-graph\">{\"@context\":\"https:\\\/\\\/schema.org\",\"@graph\":[{\"@type\":\"WebPage\",\"@id\":\"https:\\\/\\\/medicinasinc.com\\\/se\\\/product\\\/kopa-etizolam-pulver\\\/\",\"url\":\"https:\\\/\\\/medicinasinc.com\\\/se\\\/product\\\/kopa-etizolam-pulver\\\/\",\"name\":\"K\u00f6p Etizolam pulver - Etizolam pulver Europa- B\u00e4sta globala mediciner\",\"isPartOf\":{\"@id\":\"https:\\\/\\\/medicinasinc.com\\\/se\\\/#website\"},\"primaryImageOfPage\":{\"@id\":\"https:\\\/\\\/medicinasinc.com\\\/se\\\/product\\\/kopa-etizolam-pulver\\\/#primaryimage\"},\"image\":{\"@id\":\"https:\\\/\\\/medicinasinc.com\\\/se\\\/product\\\/kopa-etizolam-pulver\\\/#primaryimage\"},\"thumbnailUrl\":\"https:\\\/\\\/medicinasinc.com\\\/se\\\/wp-content\\\/uploads\\\/sites\\\/16\\\/2022\\\/02\\\/Buy_Etizolam_powder.jpg\",\"datePublished\":\"2022-02-22T00:36:43+00:00\",\"dateModified\":\"2022-07-03T23:23:26+00:00\",\"description\":\"K\u00f6p Etizolam-pulver till salu Storbritannien, EU, Europa\u00a0till det l\u00e4gsta priset. Etizolampulver anv\u00e4nds som medicin f\u00f6r att behandla \u00e5ngest, s\u00f6mnl\u00f6shet och panikattacker.\",\"breadcrumb\":{\"@id\":\"https:\\\/\\\/medicinasinc.com\\\/se\\\/product\\\/kopa-etizolam-pulver\\\/#breadcrumb\"},\"inLanguage\":\"sv-SE\",\"potentialAction\":[{\"@type\":\"ReadAction\",\"target\":[\"https:\\\/\\\/medicinasinc.com\\\/se\\\/product\\\/kopa-etizolam-pulver\\\/\"]}]},{\"@type\":\"ImageObject\",\"inLanguage\":\"sv-SE\",\"@id\":\"https:\\\/\\\/medicinasinc.com\\\/se\\\/product\\\/kopa-etizolam-pulver\\\/#primaryimage\",\"url\":\"https:\\\/\\\/medicinasinc.com\\\/se\\\/wp-content\\\/uploads\\\/sites\\\/16\\\/2022\\\/02\\\/Buy_Etizolam_powder.jpg\",\"contentUrl\":\"https:\\\/\\\/medicinasinc.com\\\/se\\\/wp-content\\\/uploads\\\/sites\\\/16\\\/2022\\\/02\\\/Buy_Etizolam_powder.jpg\",\"width\":500,\"height\":500},{\"@type\":\"BreadcrumbList\",\"@id\":\"https:\\\/\\\/medicinasinc.com\\\/se\\\/product\\\/kopa-etizolam-pulver\\\/#breadcrumb\",\"itemListElement\":[{\"@type\":\"ListItem\",\"position\":1,\"name\":\"aff\u00e4r\",\"item\":\"https:\\\/\\\/medicinasinc.com\\\/se\\\/affar\\\/\"},{\"@type\":\"ListItem\",\"position\":2,\"name\":\"K\u00f6p Etizolam pulver\"}]},{\"@type\":\"WebSite\",\"@id\":\"https:\\\/\\\/medicinasinc.com\\\/se\\\/#website\",\"url\":\"https:\\\/\\\/medicinasinc.com\\\/se\\\/\",\"name\":\"Medicinas Inc\",\"description\":\"Health Medical Clinic\",\"potentialAction\":[{\"@type\":\"SearchAction\",\"target\":{\"@type\":\"EntryPoint\",\"urlTemplate\":\"https:\\\/\\\/medicinasinc.com\\\/se\\\/?s={search_term_string}\"},\"query-input\":{\"@type\":\"PropertyValueSpecification\",\"valueRequired\":true,\"valueName\":\"search_term_string\"}}],\"inLanguage\":\"sv-SE\"}]}<\/script>\n<!-- \/ Yoast SEO plugin. -->","yoast_head_json":{"title":"K\u00f6p Etizolam pulver - Etizolam pulver Europa- B\u00e4sta globala mediciner","description":"K\u00f6p Etizolam-pulver till salu Storbritannien, EU, Europa\u00a0till det l\u00e4gsta priset. Etizolampulver anv\u00e4nds som medicin f\u00f6r att behandla \u00e5ngest, s\u00f6mnl\u00f6shet och panikattacker.","robots":{"index":"index","follow":"follow","max-snippet":"max-snippet:-1","max-image-preview":"max-image-preview:large","max-video-preview":"max-video-preview:-1"},"canonical":"https:\/\/medicinasinc.com\/se\/product\/kopa-etizolam-pulver\/","og_locale":"sv_SE","og_type":"article","og_title":"K\u00f6p Etizolam pulver - Etizolam pulver Europa- B\u00e4sta globala mediciner","og_description":"K\u00f6p Etizolam-pulver till salu Storbritannien, EU, Europa\u00a0till det l\u00e4gsta priset. Etizolampulver anv\u00e4nds som medicin f\u00f6r att behandla \u00e5ngest, s\u00f6mnl\u00f6shet och panikattacker.","og_url":"https:\/\/medicinasinc.com\/se\/product\/kopa-etizolam-pulver\/","og_site_name":"Medicinas Inc","article_modified_time":"2022-07-03T23:23:26+00:00","og_image":[{"width":500,"height":500,"url":"https:\/\/medicinasinc.com\/se\/wp-content\/uploads\/sites\/16\/2022\/02\/Buy_Etizolam_powder.jpg","type":"image\/jpeg"}],"twitter_card":"summary_large_image","twitter_misc":{"Ber\u00e4knad l\u00e4stid":"3 minuter"},"schema":{"@context":"https:\/\/schema.org","@graph":[{"@type":"WebPage","@id":"https:\/\/medicinasinc.com\/se\/product\/kopa-etizolam-pulver\/","url":"https:\/\/medicinasinc.com\/se\/product\/kopa-etizolam-pulver\/","name":"K\u00f6p Etizolam pulver - Etizolam pulver Europa- B\u00e4sta globala mediciner","isPartOf":{"@id":"https:\/\/medicinasinc.com\/se\/#website"},"primaryImageOfPage":{"@id":"https:\/\/medicinasinc.com\/se\/product\/kopa-etizolam-pulver\/#primaryimage"},"image":{"@id":"https:\/\/medicinasinc.com\/se\/product\/kopa-etizolam-pulver\/#primaryimage"},"thumbnailUrl":"https:\/\/medicinasinc.com\/se\/wp-content\/uploads\/sites\/16\/2022\/02\/Buy_Etizolam_powder.jpg","datePublished":"2022-02-22T00:36:43+00:00","dateModified":"2022-07-03T23:23:26+00:00","description":"K\u00f6p Etizolam-pulver till salu Storbritannien, EU, Europa\u00a0till det l\u00e4gsta priset. Etizolampulver anv\u00e4nds som medicin f\u00f6r att behandla \u00e5ngest, s\u00f6mnl\u00f6shet och panikattacker.","breadcrumb":{"@id":"https:\/\/medicinasinc.com\/se\/product\/kopa-etizolam-pulver\/#breadcrumb"},"inLanguage":"sv-SE","potentialAction":[{"@type":"ReadAction","target":["https:\/\/medicinasinc.com\/se\/product\/kopa-etizolam-pulver\/"]}]},{"@type":"ImageObject","inLanguage":"sv-SE","@id":"https:\/\/medicinasinc.com\/se\/product\/kopa-etizolam-pulver\/#primaryimage","url":"https:\/\/medicinasinc.com\/se\/wp-content\/uploads\/sites\/16\/2022\/02\/Buy_Etizolam_powder.jpg","contentUrl":"https:\/\/medicinasinc.com\/se\/wp-content\/uploads\/sites\/16\/2022\/02\/Buy_Etizolam_powder.jpg","width":500,"height":500},{"@type":"BreadcrumbList","@id":"https:\/\/medicinasinc.com\/se\/product\/kopa-etizolam-pulver\/#breadcrumb","itemListElement":[{"@type":"ListItem","position":1,"name":"aff\u00e4r","item":"https:\/\/medicinasinc.com\/se\/affar\/"},{"@type":"ListItem","position":2,"name":"K\u00f6p Etizolam pulver"}]},{"@type":"WebSite","@id":"https:\/\/medicinasinc.com\/se\/#website","url":"https:\/\/medicinasinc.com\/se\/","name":"Medicinas Inc","description":"Health Medical Clinic","potentialAction":[{"@type":"SearchAction","target":{"@type":"EntryPoint","urlTemplate":"https:\/\/medicinasinc.com\/se\/?s={search_term_string}"},"query-input":{"@type":"PropertyValueSpecification","valueRequired":true,"valueName":"search_term_string"}}],"inLanguage":"sv-SE"}]}},"_links":{"self":[{"href":"https:\/\/medicinasinc.com\/se\/wp-json\/wp\/v2\/product\/5497","targetHints":{"allow":["GET"]}}],"collection":[{"href":"https:\/\/medicinasinc.com\/se\/wp-json\/wp\/v2\/product"}],"about":[{"href":"https:\/\/medicinasinc.com\/se\/wp-json\/wp\/v2\/types\/product"}],"replies":[{"embeddable":true,"href":"https:\/\/medicinasinc.com\/se\/wp-json\/wp\/v2\/comments?post=5497"}],"wp:featuredmedia":[{"embeddable":true,"href":"https:\/\/medicinasinc.com\/se\/wp-json\/wp\/v2\/media\/5509"}],"wp:attachment":[{"href":"https:\/\/medicinasinc.com\/se\/wp-json\/wp\/v2\/media?parent=5497"}],"wp:term":[{"taxonomy":"product_brand","embeddable":true,"href":"https:\/\/medicinasinc.com\/se\/wp-json\/wp\/v2\/product_brand?post=5497"},{"taxonomy":"product_cat","embeddable":true,"href":"https:\/\/medicinasinc.com\/se\/wp-json\/wp\/v2\/product_cat?post=5497"},{"taxonomy":"product_tag","embeddable":true,"href":"https:\/\/medicinasinc.com\/se\/wp-json\/wp\/v2\/product_tag?post=5497"}],"curies":[{"name":"wp","href":"https:\/\/api.w.org\/{rel}","templated":true}]}}