{"id":5496,"date":"2022-02-22T00:34:51","date_gmt":"2022-02-22T00:34:51","guid":{"rendered":"https:\/\/medicinasinc.com\/se\/?post_type=product&#038;p=5496"},"modified":"2022-07-03T23:23:46","modified_gmt":"2022-07-03T23:23:46","slug":"kopa-fentanyl-citrat-injektion","status":"publish","type":"product","link":"https:\/\/medicinasinc.com\/se\/product\/kopa-fentanyl-citrat-injektion\/","title":{"rendered":"K\u00f6p Fentanyl Citrate Injection"},"content":{"rendered":"<p>Den inneh\u00e5ller ett fentanylcitrat motsvarande en dos p\u00e5 50 mikrogram per milliliter.<\/p>\n<p>Fentanylcitrat, 100 mikrogram per 2 ml ampull, \u00e4r den aktiva ingrediensen i varje ampull.<\/p>\n<p> Cirka 500 mikrogram fentanylcitrat finns i varje 10 ml ampull.<\/p>\n<p>Fentanylcitrat, 2500 mikrogram per injektionsflaska, finns i varje injektionsflaska.<\/p>\n<p>&nbsp;<\/p>\n<p> F\u00f6ljande finns i detta l\u00e4kemedel:<\/p>\n<p>\u2022 Varje 2 ml ampull inneh\u00e5ller 7,1 mg (eller 0,31 mmol) natrium, vilket g\u00f6r den i princip &#8221;natriumfri.&#8221;<\/p>\n<p>Varje 10 ml ampull inneh\u00e5ller 35,4 mg (eller 1,54 mmol) natrium, vilket motsvarar 2 % av WHO:s rekommenderade maximala dagliga intag f\u00f6r en vuxen av 2 g natrium.<\/p>\n<p>9 procent av V\u00e4rldsh\u00e4lsoorganisationens rekommenderade maximala dagliga konsumtion 2 gram natrium f\u00f6r en vuxen finns i en 50 ml injektionsflaska inneh\u00e5llande 177 mg natrium.<\/p>\n<p>Opioidanalgetikum fentanyl anv\u00e4nds:<\/p>\n<p>&#8211; i blygsamma doser f\u00f6r korta kirurgiska ingrepp f\u00f6r att ge sm\u00e4rtstillande<\/p>\n<p>under livet -sparbehandling f\u00f6r patienter som \u00e4r beroende av ventilatorer<\/p>\n<p>som anv\u00e4nder neuroleptika som en del av neuroleptanalgesimetoden<\/p>\n<p>hj\u00e4rtinfarktens sm\u00e4rtsamma symtom kan lindras med anv\u00e4ndning av opioider<\/p>\n<p>Diskutera med patienter behovet av en behandlingsslutstrategi med fentanyl innan opioidbehandling p\u00e5b\u00f6rjas, f\u00f6r att minimera risken f\u00f6r missbruk och drogabstinenssyndrom (se avsnitt 4.4).<\/p>\n<p>Intraven\u00f6s bolus eller infusion administrering.<\/p>\n<p>Subkutan injektion.<\/p>\n<p>S\u00e5 l\u00e4nge patientens luftv\u00e4gar kan regleras b\u00f6r fentanyl endast administreras i en kontrollerad milj\u00f6 (se avsnitt 4.4 Varningar och f\u00f6rsiktighetsm\u00e5tt vid anv\u00e4ndning). <\/p>\n<p>Det f\u00f6resl\u00e5s att en kort intraven\u00f6s dos av ett antikolinergikum administreras strax f\u00f6re anestesiinduktion f\u00f6r att undvika bradykardi.<\/p>\n<p>Det rekommenderas att b\u00e4ra handskar n\u00e4r du \u00f6ppnar ampullen.<\/p>\n","protected":false},"excerpt":{"rendered":"<p>K\u00f6p Fentanyl Citrate Injection 50 mikrogram\/ml Injection till salu fr\u00e5n de b\u00e4sta forskningslaboratorierna i Storbritannien, Europa, Kina, EU. Diskret frakt p\u00e5 alla best\u00e4llningar %100 garanti, Best\u00e4ll Fentanyl 50ml<\/p>\n<p>K\u00f6p 50 mikrogram\/ml Fentanyl Citrate Injection fr\u00e5n de ledande forskningslabben i Storbritannien, Europa, Kina och EU. Best\u00e4ll Fentanyl 50mg med full tillf\u00f6rsikt i vetskap om att ditt paket kommer fram diskret.<\/p>\n<p>Injektion av Fentanyl 50 mikrogram\/ml.<br \/> Injektion av Fentanyl, 100 mikrogram i 2 milliliter v\u00e4tska<br \/> Injektion av Fentanyl 250 mikrogram\/ml.<br \/> Injektion av Fentanyl 500 mikrogram\/10ml<br \/> Injektion av Fentanyl 1000 mikrogram\/20ml<br \/> Injektion av Fentanyl 2500 mikrogram\/50 ml<\/p>\n<p>Den inneh\u00e5ller en fentanylcitrat motsvarande en dos p\u00e5 50 mikrogram per milliliter.<\/p>\n<p>Fentanylcitrat, 100 mikrogram per 2 ml ampull, \u00e4r den aktiva ingrediensen i varje ampull.<\/p>\n<p>Ungef\u00e4r 500 mikrogram fentanylcitrat finns i varje 10 ml ampull.<\/p>\n<p>Fentanylcitrat, 2500 mikrogram per injektionsflaska, finns i varje injektionsflaska.<\/p>\n","protected":false},"featured_media":5507,"comment_status":"open","ping_status":"closed","template":"","meta":[],"product_brand":[],"product_cat":[2014],"product_tag":[2892,2893,2869,2870,2871,2872,2877,2878,2879,2880,2881,2882,2883,2885,2884,2886,2887,2889,2888,2891,2890,2868,2873,2874,2875,2876,2867,2894,2896,2897,2895],"class_list":{"0":"post-5496","1":"product","2":"type-product","3":"status-publish","4":"has-post-thumbnail","6":"product_cat-kop-research-chemicals","7":"product_tag-order-fentanyl-citrat-injektion","8":"product_tag-bestll-fentanyl-citrat-injektion-online","9":"product_tag-buy-fentanyl-1000-microgram-20ml-injection","10":"product_tag-buy-fentanyl-1000-microgram-20ml-injection-online","11":"product_tag-buy-fentanyl-250-microgram-5ml-injection","12":"product_tag-buy-fentanyl-250-microgram-5ml-injection-online","13":"product_tag-buy-fentanyl-500-microgram-10ml-injection-online","14":"product_tag-buy-fentanyl-citrate-injection","15":"product_tag-buy-fentanyl-citrate-injection-online","16":"product_tag-fentanyl-100-mikrogram-2ml-injektion","17":"product_tag-fentanyl-1000-mikrogram-20ml-injektion","18":"product_tag-fentanyl-250-microgram-5ml-injection","19":"product_tag-fentanyl-2500-microgram-50ml-injection","20":"product_tag-fentanyl-50-micrograms-ml-injection","21":"product_tag-fentanyl-50-mikrogram-ml-injektion","22":"product_tag-fentanyl-50-mikrogram-ml-lsning-fr-injektion","23":"product_tag-fentanyl-500-mikrogram-10ml-injektion","24":"product_tag-fentanyl-citrat-injektion-priser","25":"product_tag-fentanyl-citrat-injektion","26":"product_tag-how-to-order-fentanyl-citrate-injection-online","27":"product_tag-hur-man-kper-fentanyl-citrat-injektion-online","28":"product_tag-kp-fentanyl-100-mikrogram-2ml-injektion-online","29":"product_tag-kpa-fentanyl-2500-mikrogram-50ml-injektion","30":"product_tag-k-c3-b6p-fentanyl-2500-mikrogram-50ml-injektion-online","31":"product_tag-k-c3-b6p-fentanyl-50-mikrogram-ml-injektion-online","32":"product_tag-k-c3-b6pa-fentanyl-500-mikrogram-10ml-injektion","33":"product_tag-k-c3-b6pa-fentanyl-100-mikrogram-2ml-injektion","34":"product_tag-priser-p-fentanyl-citrat-injektion","35":"product_tag-var-att-kpa-fentanyl-citrat-injektion-online","36":"product_tag-var-att-bestlla-fentanyl-citrat-injektion-online","37":"product_tag-var-att-kpa-fentanyl-citrat-injektion","39":"first","40":"instock","41":"shipping-taxable","42":"purchasable","43":"product-type-variable"},"yoast_head":"<!-- This site is optimized with the Yoast SEO plugin v27.3 - https:\/\/yoast.com\/product\/yoast-seo-wordpress\/ -->\n<title>K\u00f6p Fentanyl Citrate Injection - B\u00e4sta b\u00e4sta globala medicinerna<\/title>\n<meta name=\"description\" content=\"K\u00f6p Fentanyl Citrate Injection 50 mikrogram\/ml Injection till salu fr\u00e5n de b\u00e4sta forskningslaboratorierna i Storbritannien, Europa, Kina, EU. Diskret frakt p\u00e5 all order 0 garanti, Best\u00e4ll Fentanyl 50ml\" \/>\n<meta name=\"robots\" content=\"index, follow, max-snippet:-1, max-image-preview:large, max-video-preview:-1\" \/>\n<link rel=\"canonical\" href=\"https:\/\/medicinasinc.com\/se\/product\/kopa-fentanyl-citrat-injektion\/\" \/>\n<meta property=\"og:locale\" content=\"sv_SE\" \/>\n<meta property=\"og:type\" content=\"article\" \/>\n<meta property=\"og:title\" content=\"K\u00f6p Fentanyl Citrate Injection - B\u00e4sta b\u00e4sta globala medicinerna\" \/>\n<meta property=\"og:description\" content=\"K\u00f6p Fentanyl Citrate Injection 50 mikrogram\/ml Injection till salu fr\u00e5n de b\u00e4sta forskningslaboratorierna i Storbritannien, Europa, Kina, EU. Diskret frakt p\u00e5 all order 0 garanti, Best\u00e4ll Fentanyl 50ml\" \/>\n<meta property=\"og:url\" content=\"https:\/\/medicinasinc.com\/se\/product\/kopa-fentanyl-citrat-injektion\/\" \/>\n<meta property=\"og:site_name\" content=\"Medicinas Inc\" \/>\n<meta property=\"article:modified_time\" content=\"2022-07-03T23:23:46+00:00\" \/>\n<meta property=\"og:image\" content=\"https:\/\/medicinasinc.com\/se\/wp-content\/uploads\/sites\/16\/2022\/02\/Fentanyl-50-microgram.jpg\" \/>\n\t<meta property=\"og:image:width\" content=\"1996\" \/>\n\t<meta property=\"og:image:height\" content=\"1128\" \/>\n\t<meta property=\"og:image:type\" content=\"image\/jpeg\" \/>\n<meta name=\"twitter:card\" content=\"summary_large_image\" \/>\n<meta name=\"twitter:label1\" content=\"Ber\u00e4knad l\u00e4stid\" \/>\n\t<meta name=\"twitter:data1\" content=\"2 minuter\" \/>\n<script type=\"application\/ld+json\" class=\"yoast-schema-graph\">{\"@context\":\"https:\\\/\\\/schema.org\",\"@graph\":[{\"@type\":\"WebPage\",\"@id\":\"https:\\\/\\\/medicinasinc.com\\\/se\\\/product\\\/kopa-fentanyl-citrat-injektion\\\/\",\"url\":\"https:\\\/\\\/medicinasinc.com\\\/se\\\/product\\\/kopa-fentanyl-citrat-injektion\\\/\",\"name\":\"K\u00f6p Fentanyl Citrate Injection - B\u00e4sta b\u00e4sta globala medicinerna\",\"isPartOf\":{\"@id\":\"https:\\\/\\\/medicinasinc.com\\\/se\\\/#website\"},\"primaryImageOfPage\":{\"@id\":\"https:\\\/\\\/medicinasinc.com\\\/se\\\/product\\\/kopa-fentanyl-citrat-injektion\\\/#primaryimage\"},\"image\":{\"@id\":\"https:\\\/\\\/medicinasinc.com\\\/se\\\/product\\\/kopa-fentanyl-citrat-injektion\\\/#primaryimage\"},\"thumbnailUrl\":\"https:\\\/\\\/medicinasinc.com\\\/se\\\/wp-content\\\/uploads\\\/sites\\\/16\\\/2022\\\/02\\\/Fentanyl-50-microgram.jpg\",\"datePublished\":\"2022-02-22T00:34:51+00:00\",\"dateModified\":\"2022-07-03T23:23:46+00:00\",\"description\":\"K\u00f6p Fentanyl Citrate Injection 50 mikrogram\\\/ml Injection till salu fr\u00e5n de b\u00e4sta forskningslaboratorierna i Storbritannien, Europa, Kina, EU. Diskret frakt p\u00e5 all order 0 garanti, Best\u00e4ll Fentanyl 50ml\",\"breadcrumb\":{\"@id\":\"https:\\\/\\\/medicinasinc.com\\\/se\\\/product\\\/kopa-fentanyl-citrat-injektion\\\/#breadcrumb\"},\"inLanguage\":\"sv-SE\",\"potentialAction\":[{\"@type\":\"ReadAction\",\"target\":[\"https:\\\/\\\/medicinasinc.com\\\/se\\\/product\\\/kopa-fentanyl-citrat-injektion\\\/\"]}]},{\"@type\":\"ImageObject\",\"inLanguage\":\"sv-SE\",\"@id\":\"https:\\\/\\\/medicinasinc.com\\\/se\\\/product\\\/kopa-fentanyl-citrat-injektion\\\/#primaryimage\",\"url\":\"https:\\\/\\\/medicinasinc.com\\\/se\\\/wp-content\\\/uploads\\\/sites\\\/16\\\/2022\\\/02\\\/Fentanyl-50-microgram.jpg\",\"contentUrl\":\"https:\\\/\\\/medicinasinc.com\\\/se\\\/wp-content\\\/uploads\\\/sites\\\/16\\\/2022\\\/02\\\/Fentanyl-50-microgram.jpg\",\"width\":1996,\"height\":1128},{\"@type\":\"BreadcrumbList\",\"@id\":\"https:\\\/\\\/medicinasinc.com\\\/se\\\/product\\\/kopa-fentanyl-citrat-injektion\\\/#breadcrumb\",\"itemListElement\":[{\"@type\":\"ListItem\",\"position\":1,\"name\":\"aff\u00e4r\",\"item\":\"https:\\\/\\\/medicinasinc.com\\\/se\\\/affar\\\/\"},{\"@type\":\"ListItem\",\"position\":2,\"name\":\"K\u00f6p Fentanyl Citrate Injection\"}]},{\"@type\":\"WebSite\",\"@id\":\"https:\\\/\\\/medicinasinc.com\\\/se\\\/#website\",\"url\":\"https:\\\/\\\/medicinasinc.com\\\/se\\\/\",\"name\":\"Medicinas Inc\",\"description\":\"Health Medical Clinic\",\"potentialAction\":[{\"@type\":\"SearchAction\",\"target\":{\"@type\":\"EntryPoint\",\"urlTemplate\":\"https:\\\/\\\/medicinasinc.com\\\/se\\\/?s={search_term_string}\"},\"query-input\":{\"@type\":\"PropertyValueSpecification\",\"valueRequired\":true,\"valueName\":\"search_term_string\"}}],\"inLanguage\":\"sv-SE\"}]}<\/script>\n<!-- \/ Yoast SEO plugin. -->","yoast_head_json":{"title":"K\u00f6p Fentanyl Citrate Injection - B\u00e4sta b\u00e4sta globala medicinerna","description":"K\u00f6p Fentanyl Citrate Injection 50 mikrogram\/ml Injection till salu fr\u00e5n de b\u00e4sta forskningslaboratorierna i Storbritannien, Europa, Kina, EU. Diskret frakt p\u00e5 all order 0 garanti, Best\u00e4ll Fentanyl 50ml","robots":{"index":"index","follow":"follow","max-snippet":"max-snippet:-1","max-image-preview":"max-image-preview:large","max-video-preview":"max-video-preview:-1"},"canonical":"https:\/\/medicinasinc.com\/se\/product\/kopa-fentanyl-citrat-injektion\/","og_locale":"sv_SE","og_type":"article","og_title":"K\u00f6p Fentanyl Citrate Injection - B\u00e4sta b\u00e4sta globala medicinerna","og_description":"K\u00f6p Fentanyl Citrate Injection 50 mikrogram\/ml Injection till salu fr\u00e5n de b\u00e4sta forskningslaboratorierna i Storbritannien, Europa, Kina, EU. Diskret frakt p\u00e5 all order 0 garanti, Best\u00e4ll Fentanyl 50ml","og_url":"https:\/\/medicinasinc.com\/se\/product\/kopa-fentanyl-citrat-injektion\/","og_site_name":"Medicinas Inc","article_modified_time":"2022-07-03T23:23:46+00:00","og_image":[{"width":1996,"height":1128,"url":"https:\/\/medicinasinc.com\/se\/wp-content\/uploads\/sites\/16\/2022\/02\/Fentanyl-50-microgram.jpg","type":"image\/jpeg"}],"twitter_card":"summary_large_image","twitter_misc":{"Ber\u00e4knad l\u00e4stid":"2 minuter"},"schema":{"@context":"https:\/\/schema.org","@graph":[{"@type":"WebPage","@id":"https:\/\/medicinasinc.com\/se\/product\/kopa-fentanyl-citrat-injektion\/","url":"https:\/\/medicinasinc.com\/se\/product\/kopa-fentanyl-citrat-injektion\/","name":"K\u00f6p Fentanyl Citrate Injection - B\u00e4sta b\u00e4sta globala medicinerna","isPartOf":{"@id":"https:\/\/medicinasinc.com\/se\/#website"},"primaryImageOfPage":{"@id":"https:\/\/medicinasinc.com\/se\/product\/kopa-fentanyl-citrat-injektion\/#primaryimage"},"image":{"@id":"https:\/\/medicinasinc.com\/se\/product\/kopa-fentanyl-citrat-injektion\/#primaryimage"},"thumbnailUrl":"https:\/\/medicinasinc.com\/se\/wp-content\/uploads\/sites\/16\/2022\/02\/Fentanyl-50-microgram.jpg","datePublished":"2022-02-22T00:34:51+00:00","dateModified":"2022-07-03T23:23:46+00:00","description":"K\u00f6p Fentanyl Citrate Injection 50 mikrogram\/ml Injection till salu fr\u00e5n de b\u00e4sta forskningslaboratorierna i Storbritannien, Europa, Kina, EU. Diskret frakt p\u00e5 all order 0 garanti, Best\u00e4ll Fentanyl 50ml","breadcrumb":{"@id":"https:\/\/medicinasinc.com\/se\/product\/kopa-fentanyl-citrat-injektion\/#breadcrumb"},"inLanguage":"sv-SE","potentialAction":[{"@type":"ReadAction","target":["https:\/\/medicinasinc.com\/se\/product\/kopa-fentanyl-citrat-injektion\/"]}]},{"@type":"ImageObject","inLanguage":"sv-SE","@id":"https:\/\/medicinasinc.com\/se\/product\/kopa-fentanyl-citrat-injektion\/#primaryimage","url":"https:\/\/medicinasinc.com\/se\/wp-content\/uploads\/sites\/16\/2022\/02\/Fentanyl-50-microgram.jpg","contentUrl":"https:\/\/medicinasinc.com\/se\/wp-content\/uploads\/sites\/16\/2022\/02\/Fentanyl-50-microgram.jpg","width":1996,"height":1128},{"@type":"BreadcrumbList","@id":"https:\/\/medicinasinc.com\/se\/product\/kopa-fentanyl-citrat-injektion\/#breadcrumb","itemListElement":[{"@type":"ListItem","position":1,"name":"aff\u00e4r","item":"https:\/\/medicinasinc.com\/se\/affar\/"},{"@type":"ListItem","position":2,"name":"K\u00f6p Fentanyl Citrate Injection"}]},{"@type":"WebSite","@id":"https:\/\/medicinasinc.com\/se\/#website","url":"https:\/\/medicinasinc.com\/se\/","name":"Medicinas Inc","description":"Health Medical Clinic","potentialAction":[{"@type":"SearchAction","target":{"@type":"EntryPoint","urlTemplate":"https:\/\/medicinasinc.com\/se\/?s={search_term_string}"},"query-input":{"@type":"PropertyValueSpecification","valueRequired":true,"valueName":"search_term_string"}}],"inLanguage":"sv-SE"}]}},"_links":{"self":[{"href":"https:\/\/medicinasinc.com\/se\/wp-json\/wp\/v2\/product\/5496","targetHints":{"allow":["GET"]}}],"collection":[{"href":"https:\/\/medicinasinc.com\/se\/wp-json\/wp\/v2\/product"}],"about":[{"href":"https:\/\/medicinasinc.com\/se\/wp-json\/wp\/v2\/types\/product"}],"replies":[{"embeddable":true,"href":"https:\/\/medicinasinc.com\/se\/wp-json\/wp\/v2\/comments?post=5496"}],"wp:featuredmedia":[{"embeddable":true,"href":"https:\/\/medicinasinc.com\/se\/wp-json\/wp\/v2\/media\/5507"}],"wp:attachment":[{"href":"https:\/\/medicinasinc.com\/se\/wp-json\/wp\/v2\/media?parent=5496"}],"wp:term":[{"taxonomy":"product_brand","embeddable":true,"href":"https:\/\/medicinasinc.com\/se\/wp-json\/wp\/v2\/product_brand?post=5496"},{"taxonomy":"product_cat","embeddable":true,"href":"https:\/\/medicinasinc.com\/se\/wp-json\/wp\/v2\/product_cat?post=5496"},{"taxonomy":"product_tag","embeddable":true,"href":"https:\/\/medicinasinc.com\/se\/wp-json\/wp\/v2\/product_tag?post=5496"}],"curies":[{"name":"wp","href":"https:\/\/api.w.org\/{rel}","templated":true}]}}