{"id":5494,"date":"2022-02-22T00:31:52","date_gmt":"2022-02-22T00:31:52","guid":{"rendered":"https:\/\/medicinasinc.com\/se\/?post_type=product&#038;p=5494"},"modified":"2022-07-03T23:24:20","modified_gmt":"2022-07-03T23:24:20","slug":"kop-diklazepam-2-mg-pellets","status":"publish","type":"product","link":"https:\/\/medicinasinc.com\/se\/product\/kop-diklazepam-2-mg-pellets\/","title":{"rendered":"K\u00f6p Diklazepam 2 mg pellets"},"content":{"rendered":"<p><strong>VAR KAN JAG F\u00c5 DICLAZEPAM 2MG PELLETS I EU?<\/strong><\/p>\n<p>2 mg Diclazepam I Europa kanske du hittar en anl\u00e4ggning som lagrar pellets. Bitcoin kan anv\u00e4ndas f\u00f6r att k\u00f6pa 2mg diklazepampellets online.<\/p>\n<p>En av de senaste bensodiazepinerna som gjorts tillg\u00e4ngliga f\u00f6r test \u00e4r diklazepam eller klorodiazepam. Detta \u00e4mne \u00e4r ocks\u00e5 diazepam och deklorazepams 1-metylhomolog. Dess fullst\u00e4ndiga kemiska namn \u00e4r 7-klor-5-(2-klorofenyl)-1-metyl-1,3-dihydro-2H-1,4-bensodiazepin-2-on. Eftersom den h\u00e4r molekylen \u00e4r s\u00e5 ny finns det m\u00e5nga m\u00f6jligheter till forskning.<\/p>\n<p>IUPAC-nomenklaturen f\u00f6r denna f\u00f6rening lyder som f\u00f6ljer: 7,5-klor-5-(2-klorfenyl)-1-metyl-1 ,3-dihydro-2H-1,4-bensodiazepin-2-on<br \/> CAS-nummer: 2894-68-0 0<br \/> Synonymer: Bensodiazepinet klorodiazepoxid (2&#8242;-kloro-diazepoxid)<br \/> Detta \u00e4r den kemiska formeln f\u00f6r C16H12Cl2-N2O<br \/> 95,8 procent av dess ursprungliga form.<br \/> Vita pellets \u00e4r den vanligaste f\u00e4rgen.<\/p>\n<p>Att k\u00f6pa Diklazepam 2mg pellets online med Bitcoin \u00e4r enkelt.<\/p>\n<p>Kostnaden f\u00f6r Diklazepam 2 mg pellets<\/p>\n","protected":false},"excerpt":{"rendered":"<p>K\u00f6p diklazepampellet, billig diklazepampellet 2mg till salu Storbritannien, Europa, k\u00f6p h\u00f6gkvalitativt diklazepam i Storbritannien \u00f6vernattningsleverans, diklazepampris.<\/p>\n<p>K\u00f6p diklazepampellets 2mg med fri frakt till Europeiska unionen. Europas st\u00f6rsta \u00e5terf\u00f6rs\u00e4ljare av Diclazepam 2mg Pellets. 2mg Diclazepam Pellets kan k\u00f6pas online med Bitcoin.<\/p>\n<p>Diclazepam erbjuds vanligtvis online av &#8216;headshops&#8217; eller&#8217;forskningskemikalie&#8217; leverant\u00f6rer i form av vita, 1 mg pellets och, i s\u00e4llsynta fall, lila, 2 mg pellets.<\/p>\n<p>K\u00f6p Diclazepam 2 mg pellets online \u00e4r en vardaglig term f\u00f6r 7-klor-5-1-metyl-1 ,3-dihydro-2H-1,4-bensodiazepin-2-on.<\/p>\n<p>Ink\u00f6p online av diklazepampellets 2mg. Diklazepam (\u00e4ven k\u00e4nd som Klorodiazepam) \u00e4r ett syntetiskt bensodiazepin-d\u00e4mpande medel som, n\u00e4r det tas, uppvisar j\u00e4mf\u00f6rbara effekter som diazepam, inklusive \u00e5ngestd\u00e4mpande, disinhibition, antikonvulsivt medel, hypnotiskt, muskelavslappnande och minnesf\u00f6rlust. [2<\/p>\n","protected":false},"featured_media":5503,"comment_status":"open","ping_status":"closed","template":"","meta":[],"product_brand":[],"product_cat":[1117],"product_tag":[2836,2834,2835,2837,2838],"class_list":{"0":"post-5494","1":"product","2":"type-product","3":"status-publish","4":"has-post-thumbnail","6":"product_cat-kop-smarta-somn-sextabletter","7":"product_tag-ordning-diklazepam-2-mg","8":"product_tag-kp-diklazepam-2-mg-pellets","9":"product_tag-diklazepam-2-mg","10":"product_tag-kvalitets-diklazepam-2-mg","11":"product_tag-var-att-kpa-diklazepam-2-mg-pellets","13":"first","14":"instock","15":"shipping-taxable","16":"purchasable","17":"product-type-variable","18":"has-default-attributes"},"yoast_head":"<!-- This site is optimized with the Yoast SEO plugin v27.3 - https:\/\/yoast.com\/product\/yoast-seo-wordpress\/ -->\n<title>K\u00f6p Diklazepam 2 mg pellets - Diklazepam till salu - B\u00e4sta globala medicinerna<\/title>\n<meta name=\"description\" content=\"K\u00f6p diklazepampellet, billig diklazepampellet 2mg till salu Storbritannien, Europa, k\u00f6p h\u00f6gkvalitativ diklazepam i Storbritannien \u00f6vernattningsleverans, diklazepampris.\" \/>\n<meta name=\"robots\" content=\"index, follow, max-snippet:-1, max-image-preview:large, max-video-preview:-1\" \/>\n<link rel=\"canonical\" href=\"https:\/\/medicinasinc.com\/se\/product\/kop-diklazepam-2-mg-pellets\/\" \/>\n<meta property=\"og:locale\" content=\"sv_SE\" \/>\n<meta property=\"og:type\" content=\"article\" \/>\n<meta property=\"og:title\" content=\"K\u00f6p Diklazepam 2 mg pellets - Diklazepam till salu - B\u00e4sta globala medicinerna\" \/>\n<meta property=\"og:description\" content=\"K\u00f6p diklazepampellet, billig diklazepampellet 2mg till salu Storbritannien, Europa, k\u00f6p h\u00f6gkvalitativ diklazepam i Storbritannien \u00f6vernattningsleverans, diklazepampris.\" \/>\n<meta property=\"og:url\" content=\"https:\/\/medicinasinc.com\/se\/product\/kop-diklazepam-2-mg-pellets\/\" \/>\n<meta property=\"og:site_name\" content=\"Medicinas Inc\" \/>\n<meta property=\"article:modified_time\" content=\"2022-07-03T23:24:20+00:00\" \/>\n<meta property=\"og:image\" content=\"https:\/\/medicinasinc.com\/se\/wp-content\/uploads\/sites\/16\/2022\/02\/Buy-Diclazepam-Pellets-2mg.jpg\" \/>\n\t<meta property=\"og:image:width\" content=\"566\" \/>\n\t<meta property=\"og:image:height\" content=\"462\" \/>\n\t<meta property=\"og:image:type\" content=\"image\/jpeg\" \/>\n<meta name=\"twitter:card\" content=\"summary_large_image\" \/>\n<meta name=\"twitter:label1\" content=\"Ber\u00e4knad l\u00e4stid\" \/>\n\t<meta name=\"twitter:data1\" content=\"1 minut\" \/>\n<script type=\"application\/ld+json\" class=\"yoast-schema-graph\">{\"@context\":\"https:\\\/\\\/schema.org\",\"@graph\":[{\"@type\":\"WebPage\",\"@id\":\"https:\\\/\\\/medicinasinc.com\\\/se\\\/product\\\/kop-diklazepam-2-mg-pellets\\\/\",\"url\":\"https:\\\/\\\/medicinasinc.com\\\/se\\\/product\\\/kop-diklazepam-2-mg-pellets\\\/\",\"name\":\"K\u00f6p Diklazepam 2 mg pellets - Diklazepam till salu - B\u00e4sta globala medicinerna\",\"isPartOf\":{\"@id\":\"https:\\\/\\\/medicinasinc.com\\\/se\\\/#website\"},\"primaryImageOfPage\":{\"@id\":\"https:\\\/\\\/medicinasinc.com\\\/se\\\/product\\\/kop-diklazepam-2-mg-pellets\\\/#primaryimage\"},\"image\":{\"@id\":\"https:\\\/\\\/medicinasinc.com\\\/se\\\/product\\\/kop-diklazepam-2-mg-pellets\\\/#primaryimage\"},\"thumbnailUrl\":\"https:\\\/\\\/medicinasinc.com\\\/se\\\/wp-content\\\/uploads\\\/sites\\\/16\\\/2022\\\/02\\\/Buy-Diclazepam-Pellets-2mg.jpg\",\"datePublished\":\"2022-02-22T00:31:52+00:00\",\"dateModified\":\"2022-07-03T23:24:20+00:00\",\"description\":\"K\u00f6p diklazepampellet, billig diklazepampellet 2mg till salu Storbritannien, Europa, k\u00f6p h\u00f6gkvalitativ diklazepam i Storbritannien \u00f6vernattningsleverans, diklazepampris.\",\"breadcrumb\":{\"@id\":\"https:\\\/\\\/medicinasinc.com\\\/se\\\/product\\\/kop-diklazepam-2-mg-pellets\\\/#breadcrumb\"},\"inLanguage\":\"sv-SE\",\"potentialAction\":[{\"@type\":\"ReadAction\",\"target\":[\"https:\\\/\\\/medicinasinc.com\\\/se\\\/product\\\/kop-diklazepam-2-mg-pellets\\\/\"]}]},{\"@type\":\"ImageObject\",\"inLanguage\":\"sv-SE\",\"@id\":\"https:\\\/\\\/medicinasinc.com\\\/se\\\/product\\\/kop-diklazepam-2-mg-pellets\\\/#primaryimage\",\"url\":\"https:\\\/\\\/medicinasinc.com\\\/se\\\/wp-content\\\/uploads\\\/sites\\\/16\\\/2022\\\/02\\\/Buy-Diclazepam-Pellets-2mg.jpg\",\"contentUrl\":\"https:\\\/\\\/medicinasinc.com\\\/se\\\/wp-content\\\/uploads\\\/sites\\\/16\\\/2022\\\/02\\\/Buy-Diclazepam-Pellets-2mg.jpg\",\"width\":566,\"height\":462},{\"@type\":\"BreadcrumbList\",\"@id\":\"https:\\\/\\\/medicinasinc.com\\\/se\\\/product\\\/kop-diklazepam-2-mg-pellets\\\/#breadcrumb\",\"itemListElement\":[{\"@type\":\"ListItem\",\"position\":1,\"name\":\"aff\u00e4r\",\"item\":\"https:\\\/\\\/medicinasinc.com\\\/se\\\/affar\\\/\"},{\"@type\":\"ListItem\",\"position\":2,\"name\":\"K\u00f6p Diklazepam 2 mg pellets\"}]},{\"@type\":\"WebSite\",\"@id\":\"https:\\\/\\\/medicinasinc.com\\\/se\\\/#website\",\"url\":\"https:\\\/\\\/medicinasinc.com\\\/se\\\/\",\"name\":\"Medicinas Inc\",\"description\":\"Health Medical Clinic\",\"potentialAction\":[{\"@type\":\"SearchAction\",\"target\":{\"@type\":\"EntryPoint\",\"urlTemplate\":\"https:\\\/\\\/medicinasinc.com\\\/se\\\/?s={search_term_string}\"},\"query-input\":{\"@type\":\"PropertyValueSpecification\",\"valueRequired\":true,\"valueName\":\"search_term_string\"}}],\"inLanguage\":\"sv-SE\"}]}<\/script>\n<!-- \/ Yoast SEO plugin. -->","yoast_head_json":{"title":"K\u00f6p Diklazepam 2 mg pellets - Diklazepam till salu - B\u00e4sta globala medicinerna","description":"K\u00f6p diklazepampellet, billig diklazepampellet 2mg till salu Storbritannien, Europa, k\u00f6p h\u00f6gkvalitativ diklazepam i Storbritannien \u00f6vernattningsleverans, diklazepampris.","robots":{"index":"index","follow":"follow","max-snippet":"max-snippet:-1","max-image-preview":"max-image-preview:large","max-video-preview":"max-video-preview:-1"},"canonical":"https:\/\/medicinasinc.com\/se\/product\/kop-diklazepam-2-mg-pellets\/","og_locale":"sv_SE","og_type":"article","og_title":"K\u00f6p Diklazepam 2 mg pellets - Diklazepam till salu - B\u00e4sta globala medicinerna","og_description":"K\u00f6p diklazepampellet, billig diklazepampellet 2mg till salu Storbritannien, Europa, k\u00f6p h\u00f6gkvalitativ diklazepam i Storbritannien \u00f6vernattningsleverans, diklazepampris.","og_url":"https:\/\/medicinasinc.com\/se\/product\/kop-diklazepam-2-mg-pellets\/","og_site_name":"Medicinas Inc","article_modified_time":"2022-07-03T23:24:20+00:00","og_image":[{"width":566,"height":462,"url":"https:\/\/medicinasinc.com\/se\/wp-content\/uploads\/sites\/16\/2022\/02\/Buy-Diclazepam-Pellets-2mg.jpg","type":"image\/jpeg"}],"twitter_card":"summary_large_image","twitter_misc":{"Ber\u00e4knad l\u00e4stid":"1 minut"},"schema":{"@context":"https:\/\/schema.org","@graph":[{"@type":"WebPage","@id":"https:\/\/medicinasinc.com\/se\/product\/kop-diklazepam-2-mg-pellets\/","url":"https:\/\/medicinasinc.com\/se\/product\/kop-diklazepam-2-mg-pellets\/","name":"K\u00f6p Diklazepam 2 mg pellets - Diklazepam till salu - B\u00e4sta globala medicinerna","isPartOf":{"@id":"https:\/\/medicinasinc.com\/se\/#website"},"primaryImageOfPage":{"@id":"https:\/\/medicinasinc.com\/se\/product\/kop-diklazepam-2-mg-pellets\/#primaryimage"},"image":{"@id":"https:\/\/medicinasinc.com\/se\/product\/kop-diklazepam-2-mg-pellets\/#primaryimage"},"thumbnailUrl":"https:\/\/medicinasinc.com\/se\/wp-content\/uploads\/sites\/16\/2022\/02\/Buy-Diclazepam-Pellets-2mg.jpg","datePublished":"2022-02-22T00:31:52+00:00","dateModified":"2022-07-03T23:24:20+00:00","description":"K\u00f6p diklazepampellet, billig diklazepampellet 2mg till salu Storbritannien, Europa, k\u00f6p h\u00f6gkvalitativ diklazepam i Storbritannien \u00f6vernattningsleverans, diklazepampris.","breadcrumb":{"@id":"https:\/\/medicinasinc.com\/se\/product\/kop-diklazepam-2-mg-pellets\/#breadcrumb"},"inLanguage":"sv-SE","potentialAction":[{"@type":"ReadAction","target":["https:\/\/medicinasinc.com\/se\/product\/kop-diklazepam-2-mg-pellets\/"]}]},{"@type":"ImageObject","inLanguage":"sv-SE","@id":"https:\/\/medicinasinc.com\/se\/product\/kop-diklazepam-2-mg-pellets\/#primaryimage","url":"https:\/\/medicinasinc.com\/se\/wp-content\/uploads\/sites\/16\/2022\/02\/Buy-Diclazepam-Pellets-2mg.jpg","contentUrl":"https:\/\/medicinasinc.com\/se\/wp-content\/uploads\/sites\/16\/2022\/02\/Buy-Diclazepam-Pellets-2mg.jpg","width":566,"height":462},{"@type":"BreadcrumbList","@id":"https:\/\/medicinasinc.com\/se\/product\/kop-diklazepam-2-mg-pellets\/#breadcrumb","itemListElement":[{"@type":"ListItem","position":1,"name":"aff\u00e4r","item":"https:\/\/medicinasinc.com\/se\/affar\/"},{"@type":"ListItem","position":2,"name":"K\u00f6p Diklazepam 2 mg pellets"}]},{"@type":"WebSite","@id":"https:\/\/medicinasinc.com\/se\/#website","url":"https:\/\/medicinasinc.com\/se\/","name":"Medicinas Inc","description":"Health Medical Clinic","potentialAction":[{"@type":"SearchAction","target":{"@type":"EntryPoint","urlTemplate":"https:\/\/medicinasinc.com\/se\/?s={search_term_string}"},"query-input":{"@type":"PropertyValueSpecification","valueRequired":true,"valueName":"search_term_string"}}],"inLanguage":"sv-SE"}]}},"_links":{"self":[{"href":"https:\/\/medicinasinc.com\/se\/wp-json\/wp\/v2\/product\/5494","targetHints":{"allow":["GET"]}}],"collection":[{"href":"https:\/\/medicinasinc.com\/se\/wp-json\/wp\/v2\/product"}],"about":[{"href":"https:\/\/medicinasinc.com\/se\/wp-json\/wp\/v2\/types\/product"}],"replies":[{"embeddable":true,"href":"https:\/\/medicinasinc.com\/se\/wp-json\/wp\/v2\/comments?post=5494"}],"wp:featuredmedia":[{"embeddable":true,"href":"https:\/\/medicinasinc.com\/se\/wp-json\/wp\/v2\/media\/5503"}],"wp:attachment":[{"href":"https:\/\/medicinasinc.com\/se\/wp-json\/wp\/v2\/media?parent=5494"}],"wp:term":[{"taxonomy":"product_brand","embeddable":true,"href":"https:\/\/medicinasinc.com\/se\/wp-json\/wp\/v2\/product_brand?post=5494"},{"taxonomy":"product_cat","embeddable":true,"href":"https:\/\/medicinasinc.com\/se\/wp-json\/wp\/v2\/product_cat?post=5494"},{"taxonomy":"product_tag","embeddable":true,"href":"https:\/\/medicinasinc.com\/se\/wp-json\/wp\/v2\/product_tag?post=5494"}],"curies":[{"name":"wp","href":"https:\/\/api.w.org\/{rel}","templated":true}]}}