{"id":5471,"date":"2022-02-22T00:08:30","date_gmt":"2022-02-22T00:08:30","guid":{"rendered":"https:\/\/medicinasinc.com\/se\/?post_type=product&#038;p=5471"},"modified":"2022-07-03T23:24:54","modified_gmt":"2022-07-03T23:24:54","slug":"kopa-kristall-met-metamfetamin","status":"publish","type":"product","link":"https:\/\/medicinasinc.com\/se\/product\/kopa-kristall-met-metamfetamin\/","title":{"rendered":"K\u00f6p Crystal Meth (metamfetamin)"},"content":{"rendered":"<p><strong>Var kan man k\u00f6pa Crystal Meth &#8211; Metamfetamin<\/strong><\/p>\n<p>Vill k\u00f6pa Crystal Meth, ofta k\u00e4nd som \u00e4delstensmeth, \u00e4r en stimulerande medicin f\u00f6r centrala nervsystemet (CNS) som har betydande likheter med amfetamin, v\u00e4rldens n\u00e4st mest popul\u00e4ra klass av illegala mediciner, bakom maryjane.<br \/> Precis som med amfetamin fr\u00e4mjar det \u00f6kad aktivitet, minskad aptit och en allm\u00e4n k\u00e4nsla av v\u00e4lbefinnande.<\/p>\n<p>Det finns \u00e4r n\u00e5gra erk\u00e4nda farmaceutiska anv\u00e4ndningsomr\u00e5den f\u00f6r Crystal Meth \u2013 Metamfetamin, inklusive behandling av narkolepsi, bristande f\u00f6rm\u00e5ga att koncentrera sig regelbundet och f\u00f6r tillf\u00e4llig anv\u00e4ndning, s\u00e5som kraftighet; trots detta \u00e4r dessa medicinska anv\u00e4ndningsomr\u00e5den begr\u00e4nsade.<\/p>\n<p>Crystal Meth, liksom kokain, kan r\u00f6kas. Chemical Inc. s\u00e4ljer Crystal Meth &#8211; Metamfetamin.<\/p>\n<p>Vilka egenskaper har Crystal Meth \u2013 Metamfetamin?<\/p>\n<p>Metamfetamin anv\u00e4nds f\u00f6r att behandla f\u00f6ljande tillst\u00e5nd:<\/p>\n<p>ADHDNarkolepsi<\/p>\n<p>Medicinska till\u00e4mpningar \u00e4r begr\u00e4nsade.<\/p>\n<p>Crystal Meth &#8211; Metamfetamin, som kokain, kan r\u00f6kas.<\/p>\n<figure class=\"wp-caption alignleft\"><img loading=\"lazy\" decoding=\"async\" class=\" n3VNCb\" src=\"https:\/\/www.detoxplusuk.com\/wp-content\/uploads\/sites\/16\/2019\/01\/Crystal-meth-e1546508093797.png\" alt=\"Crystal Meth - Metamfetamin | chemical Inc\" width=\"600\" height=\"351\" data-iml=\"71374\" \/><figcaption class=\"wp-caption-text\">K\u00f6p Crystal Meth med Bitcoins<\/figcaption><\/figure>\n<h2><strong>Vad \u00e4r egenskaperna hos metamfetamin?<\/strong><\/h2>\n<p><span class=\"tagify__tag-text\">Crystal Meth \u2013 Metamfetamin<\/span>\u00a0\u00e4r f\u00f6r behandling av:<\/p>\n<ul>\n<li> ADHD Narkolepsi<\/li>\n<li>Fetma Det orsakar allts\u00e5 ut\u00f6kad handling, minskad hunger och allm\u00e4n k\u00e4nsla av v\u00e4lst\u00e5nd. Vid den tidpunkt d\u00e5 den anv\u00e4nds i \u00f6verfl\u00f6d har den gradvis destruktiva effekter p\u00e5 det fokala sensoriska systemet.<\/li>\n<\/ul>\n<h2><\/h2>\n<h2><\/h2>\n<h2><strong>Vad \u00e4r f\u00f6rsiktighets\u00e5tg\u00e4rder f\u00f6r\u00a0<\/strong>Crystal Meth<strong>?<\/strong><\/h2>\n<ul>\n<li>Om du tror att du har visat sig vara gravid medan du anv\u00e4nder l\u00e4kemedlet, ber\u00e4tta omedelbart f\u00f6r din specialist f\u00f6r att uppr\u00e4tth\u00e5lla en strategiskt avst\u00e5nd fr\u00e5n sv\u00e5righeter.<\/li>\n<li>Om du lider av hj\u00e4rtsjukdomar,<\/li>\n<\/ul>\n<h2><strong>Vilka \u00e4r biverkningarna av\u00a0<\/strong>Crystal Meth<strong>? <\/strong><\/h2>\n<p>Ov\u00e4nliga effekter av metamfetamin inkluderar:<\/p>\n<ul>\n<li>En \u00f6kning av pulsen<\/li>\n<li>\u00d6kande kroppstemperatur<\/li>\n<li>En \u00f6kning i takt av avslappnande<\/li>\n<li>Utvidgade elever<\/li>\n<li>skakningar K\u00e4nslor av h\u00e4nryckning<\/li>\n<li>\u00d6kad \u00e5ngest<\/li>\n<li>Irritabilitet<\/li>\n<li>Paranoia<\/li>\n<li>V\u00e5ldsamt och flyktigt beteende<\/li>\n<li>Tillf\u00e4llig hyperaktivitet S\u00f6k efter specialist f\u00f6r terapeutiskt \u00f6verv\u00e4gande.<\/li>\n<\/ul>\n<h2><strong>Vad h\u00e4nder n om du missar eller \u00f6verdoserar\u00a0<\/strong>Crystal Meth<strong>?<\/strong><\/h2>\n<p>Att g\u00e5 \u00f6ver en portion metamfetamin \u00e4r allt annat \u00e4n en stor pr\u00f6vning, men du kan ta den tid du kommer ih\u00e5g det, \u00e4nd\u00e5 b\u00f6r avst\u00e5 fr\u00e5n att ta tv\u00e5faldiga m\u00e4tningar.<\/p>\n<p>&nbsp;<\/p>\n<p><span class=\"tagify__tag-text\">Metamfetamin<\/span>\u00a0f\u00f6reslagna att h\u00e5lla centrum, n\u00e4rhelst \u00f6verdosering, det kan enkelt leda till \u00e4kta medicinska tillst\u00e5nd, s\u00e5 att s\u00f6ka efter krishj\u00e4lp fr\u00e5n experter p\u00e5 v\u00e4lbefinnande \u00e4r det b\u00e4sta valet. <span class=\"tagify__tag-text\"><a href=\"https:\/\/www.bestglobalmeds.com\/product\/research-chemicals\/buy-crystal-meth\/\">Best\u00e4ll Crystal Meth<\/a>\u00a0\u2013 Metamfetamin online<\/span>\u00a0p\u00e5 Chemical Inc<\/p>\n<h2><strong>Hur f\u00f6rvarar man metamfetamin?<\/strong><\/h2>\n<p>Dessutom, d\u00e4r det inte finns n\u00e5got ljus och v\u00e4rme, f\u00f6rvara metamfetamin d\u00e4r i rumstemperatur. Spola inte heller detta l\u00e4kemedel. Dina barn och husdjur f\u00e5r inte koppla ihop denna medicin p\u00e5 n\u00e5got s\u00e4tt.<\/p>\n<h2><strong>Var kan man k\u00f6pa\u00a0<\/strong>Crystal Meth\u00a0<strong>online?<\/strong><\/h2>\n<p>Men, du kan k\u00f6pa Crystal Meth \u2013 Metamfetamin online i den mest trodda n\u00e4tbutiken \u2013 Chemical Inc.<\/p>\n<p>K\u00f6p metamfetamin utan botemedel, Metamfetamin finns att k\u00f6pa online, b\u00e4sta m\u00f6jliga kostnad.<br \/> K\u00f6p det b\u00e4sta mediciner h\u00e4r vid det h\u00e4r laget! <span class=\"tagify__tag-text\">K\u00f6p Crystal Meth Online<\/span><\/p>\n<h3><b>Meth-anv\u00e4ndare b\u00f6r inte v\u00e4nta med att s\u00f6ka behandling<\/b><\/h3>\n<p>Medan m\u00e5nga fysiska symtomen kan v\u00e4ndas med r\u00e4tt behandling, de framskridna \u00e5ldrandeeffekterna och tandf\u00f6rfall \u00e4r sv\u00e5ra att v\u00e4nda och skadan ofta permanent.<\/p>\n<p>Dessutom kan metamfetaminanv\u00e4ndning orsaka psykos, eller psykotiskt beteende, d\u00e4r anv\u00e4ndare f\u00f6rlorar kontakten med verkligheten och uppleva starka vanf\u00f6rest\u00e4llningar, paranoia, hallucinationer och tv\u00e5ngsm\u00e4ssigt beteende som hindrar dem fr\u00e5n att verkligen inse vilken skada de g\u00f6r p\u00e5 sig sj\u00e4lva.<\/p>\n<p>Det \u00e4r absolut n\u00f6dv\u00e4ndigt att missbrukaren str\u00e4cker sig ut och hittar hj\u00e4lp omedelbart, eller lider av dessa. fysiska och psykologiska effekter och andra vanliga symtom som f\u00f6rst\u00f6rda relationer, ekonomisk n\u00f6d och anklagelser f\u00f6r brott.<\/p>\n<p>Beroende ber\u00f6r n\u00e4stan varje familj och h\u00e4rjar fysisk och psykisk h\u00e4lsa, relationer och privatekonomi. M\u00f6drar, f\u00e4der, br\u00f6der, systrar, d\u00f6ttrar och s\u00f6ner.<\/p>\n<p>Ingen \u00e4r immun mot de skr\u00e4mmande l\u00e5ngtidseffekterna av h\u00e5rt drogmissbruk.<br \/> Det som f\u00f6ljer \u00e4r en nykter skildring av VERKLIGA individer.<\/p>\n<p>Vi har fallit offer f\u00f6r frestelsen att anv\u00e4nda droger \u2013 i det h\u00e4r fallet metamfetamin \u2013 med dess f\u00f6r\u00f6dande effekter \u00e4r alltf\u00f6r uppenbara.<br \/> Om du eller en n\u00e4ra och k\u00e4ra lider av ett metamfetaminberoende, eller Om du vill veta mer, kolla in f\u00f6ljande webbplatser f\u00f6r hj\u00e4lp med att f\u00e5 hj\u00e4lp med \u00e5terst\u00e4llning.<\/p>\n","protected":false},"excerpt":{"rendered":"<div class=\"woocommerce-product-details__short-description\">\n<p>K\u00f6p Crystal Meth till salu Storbritannien, EU, Europa, USA, Kina f\u00f6r att behandla cancer med hj\u00e4lp av medicinasinc.com\/se . Det b\u00e4sta st\u00e4llet d\u00e4r du kan k\u00f6pa metamfetamin billigt online.<\/p>\n<p>K\u00f6p billigt Crystal Meth online Utan recept s\u00e4ljer vi Crystal Meth online och skickar globalt inom 24\/48 timmar. Best\u00e4ll nu.<\/p>\n<p>Termen &#8220;crystal meth&#8221; syftar p\u00e5 kristallmetamfetamin, ett kraftfullt och starkt beroendeframkallande stimulerande medel som p\u00e5verkar det centrala nervsystemet.<\/p>\n<p>Nu kan du k\u00f6pa kristallmetam online och f\u00e5 det levererat n\u00e4sta dag. Den mest aktuella eller renaste formen av kristallmetamfetamin \u00e4r n\u00e4stan ren. Det \u00e4r luktfritt och icke-giftigt.<\/p>\n<p>Methamrhet, jag \u00e4r en ganska centralnerv\u00f6s men stimulerande medel som jag ofta anv\u00e4nde som en god drog och ibland<\/b>m.<\/p>\n","protected":false},"featured_media":5483,"comment_status":"open","ping_status":"closed","template":"","meta":[],"product_brand":[],"product_cat":[2014],"product_tag":[2830,2816,2802,2804,2811,2832,2806,2807,2808,2812,2810,2813,2809,2815,2803,2829,2817,2818,2819,2820,2800,2801,2799,2821,2823,2822,2824,2825,2814,2826,2827,2805,2828,2831,2833],"class_list":{"0":"post-5471","1":"product","2":"type-product","3":"status-publish","4":"has-post-thumbnail","6":"product_cat-kop-research-chemicals","7":"product_tag-rdr-rtl-mth-n-drknt","8":"product_tag-fr","9":"product_tag-chrtn","10":"product_tag-cotton-candy","11":"product_tag-crystal-mth-reddit","12":"product_tag-rtl-mth-for-l-online","13":"product_tag-crystal-mth-australien","14":"product_tag-kristall-me-effekt","15":"product_tag-crystal-mth-europe","16":"product_tag-crystal-mth-shipping","17":"product_tag-crystal-mth-germany","18":"product_tag-crystal-mth-uk","19":"product_tag-crystal-mth-till-salu","20":"product_tag-dunka","21":"product_tag-chlk","22":"product_tag-rdr-crystal-mth-n-tr","23":"product_tag-g-snabbt","24":"product_tag-go-go-ju","25":"product_tag-gk","26":"product_tag-is","27":"product_tag-bu-crystal-mth-nln","28":"product_tag-bu-rtl-meth-on-deepweb","29":"product_tag-buy-crystal-med-in-australiaale-nra-dig","30":"product_tag-l-a-gl","31":"product_tag-n-dz","32":"product_tag-meth","33":"product_tag-pk","34":"product_tag-raketbrnsle","35":"product_tag-ck","36":"product_tag-sb-snacks","37":"product_tag-tweek","38":"product_tag-vev","39":"product_tag-wh","40":"product_tag-rtl-meth-h","41":"product_tag-rtl-mth-vndr-n-usa","43":"first","44":"instock","45":"shipping-taxable","46":"purchasable","47":"product-type-variable","48":"has-default-attributes"},"yoast_head":"<!-- This site is optimized with the Yoast SEO plugin v27.3 - https:\/\/yoast.com\/product\/yoast-seo-wordpress\/ -->\n<title>K\u00f6p Crystal Meth (metamfetamin) - B\u00e4sta b\u00e4sta globala medicinerna<\/title>\n<meta name=\"description\" content=\"K\u00f6p Crystal Meth till salu Storbritannien, EU, Europa, USA, Kina f\u00f6r att behandla cancer med hj\u00e4lp av medicinasinc.com\/se . Det b\u00e4sta st\u00e4llet d\u00e4r du kan k\u00f6pa metamfetamin billigt online.\" \/>\n<meta name=\"robots\" content=\"index, follow, max-snippet:-1, max-image-preview:large, max-video-preview:-1\" \/>\n<link rel=\"canonical\" href=\"https:\/\/medicinasinc.com\/se\/product\/kopa-kristall-met-metamfetamin\/\" \/>\n<meta property=\"og:locale\" content=\"sv_SE\" \/>\n<meta property=\"og:type\" content=\"article\" \/>\n<meta property=\"og:title\" content=\"K\u00f6p Crystal Meth (metamfetamin) - B\u00e4sta b\u00e4sta globala medicinerna\" \/>\n<meta property=\"og:description\" content=\"K\u00f6p Crystal Meth till salu Storbritannien, EU, Europa, USA, Kina f\u00f6r att behandla cancer med hj\u00e4lp av medicinasinc.com\/se . Det b\u00e4sta st\u00e4llet d\u00e4r du kan k\u00f6pa metamfetamin billigt online.\" \/>\n<meta property=\"og:url\" content=\"https:\/\/medicinasinc.com\/se\/product\/kopa-kristall-met-metamfetamin\/\" \/>\n<meta property=\"og:site_name\" content=\"Medicinas Inc\" \/>\n<meta property=\"article:modified_time\" content=\"2022-07-03T23:24:54+00:00\" \/>\n<meta property=\"og:image\" content=\"https:\/\/medicinasinc.com\/se\/wp-content\/uploads\/sites\/16\/2022\/02\/Buy-Crystal-Meth.jpg\" \/>\n\t<meta property=\"og:image:width\" content=\"1024\" \/>\n\t<meta property=\"og:image:height\" content=\"768\" \/>\n\t<meta property=\"og:image:type\" content=\"image\/jpeg\" \/>\n<meta name=\"twitter:card\" content=\"summary_large_image\" \/>\n<meta name=\"twitter:label1\" content=\"Ber\u00e4knad l\u00e4stid\" \/>\n\t<meta name=\"twitter:data1\" content=\"3 minuter\" \/>\n<script type=\"application\/ld+json\" class=\"yoast-schema-graph\">{\"@context\":\"https:\\\/\\\/schema.org\",\"@graph\":[{\"@type\":\"WebPage\",\"@id\":\"https:\\\/\\\/medicinasinc.com\\\/se\\\/product\\\/kopa-kristall-met-metamfetamin\\\/\",\"url\":\"https:\\\/\\\/medicinasinc.com\\\/se\\\/product\\\/kopa-kristall-met-metamfetamin\\\/\",\"name\":\"K\u00f6p Crystal Meth (metamfetamin) - B\u00e4sta b\u00e4sta globala medicinerna\",\"isPartOf\":{\"@id\":\"https:\\\/\\\/medicinasinc.com\\\/se\\\/#website\"},\"primaryImageOfPage\":{\"@id\":\"https:\\\/\\\/medicinasinc.com\\\/se\\\/product\\\/kopa-kristall-met-metamfetamin\\\/#primaryimage\"},\"image\":{\"@id\":\"https:\\\/\\\/medicinasinc.com\\\/se\\\/product\\\/kopa-kristall-met-metamfetamin\\\/#primaryimage\"},\"thumbnailUrl\":\"https:\\\/\\\/medicinasinc.com\\\/se\\\/wp-content\\\/uploads\\\/sites\\\/16\\\/2022\\\/02\\\/Buy-Crystal-Meth.jpg\",\"datePublished\":\"2022-02-22T00:08:30+00:00\",\"dateModified\":\"2022-07-03T23:24:54+00:00\",\"description\":\"K\u00f6p Crystal Meth till salu Storbritannien, EU, Europa, USA, Kina f\u00f6r att behandla cancer med hj\u00e4lp av medicinasinc.com\\\/se . Det b\u00e4sta st\u00e4llet d\u00e4r du kan k\u00f6pa metamfetamin billigt online.\",\"breadcrumb\":{\"@id\":\"https:\\\/\\\/medicinasinc.com\\\/se\\\/product\\\/kopa-kristall-met-metamfetamin\\\/#breadcrumb\"},\"inLanguage\":\"sv-SE\",\"potentialAction\":[{\"@type\":\"ReadAction\",\"target\":[\"https:\\\/\\\/medicinasinc.com\\\/se\\\/product\\\/kopa-kristall-met-metamfetamin\\\/\"]}]},{\"@type\":\"ImageObject\",\"inLanguage\":\"sv-SE\",\"@id\":\"https:\\\/\\\/medicinasinc.com\\\/se\\\/product\\\/kopa-kristall-met-metamfetamin\\\/#primaryimage\",\"url\":\"https:\\\/\\\/medicinasinc.com\\\/se\\\/wp-content\\\/uploads\\\/sites\\\/16\\\/2022\\\/02\\\/Buy-Crystal-Meth.jpg\",\"contentUrl\":\"https:\\\/\\\/medicinasinc.com\\\/se\\\/wp-content\\\/uploads\\\/sites\\\/16\\\/2022\\\/02\\\/Buy-Crystal-Meth.jpg\",\"width\":1024,\"height\":768},{\"@type\":\"BreadcrumbList\",\"@id\":\"https:\\\/\\\/medicinasinc.com\\\/se\\\/product\\\/kopa-kristall-met-metamfetamin\\\/#breadcrumb\",\"itemListElement\":[{\"@type\":\"ListItem\",\"position\":1,\"name\":\"aff\u00e4r\",\"item\":\"https:\\\/\\\/medicinasinc.com\\\/se\\\/affar\\\/\"},{\"@type\":\"ListItem\",\"position\":2,\"name\":\"K\u00f6p Crystal Meth (metamfetamin)\"}]},{\"@type\":\"WebSite\",\"@id\":\"https:\\\/\\\/medicinasinc.com\\\/se\\\/#website\",\"url\":\"https:\\\/\\\/medicinasinc.com\\\/se\\\/\",\"name\":\"Medicinas Inc\",\"description\":\"Health Medical Clinic\",\"potentialAction\":[{\"@type\":\"SearchAction\",\"target\":{\"@type\":\"EntryPoint\",\"urlTemplate\":\"https:\\\/\\\/medicinasinc.com\\\/se\\\/?s={search_term_string}\"},\"query-input\":{\"@type\":\"PropertyValueSpecification\",\"valueRequired\":true,\"valueName\":\"search_term_string\"}}],\"inLanguage\":\"sv-SE\"}]}<\/script>\n<!-- \/ Yoast SEO plugin. -->","yoast_head_json":{"title":"K\u00f6p Crystal Meth (metamfetamin) - B\u00e4sta b\u00e4sta globala medicinerna","description":"K\u00f6p Crystal Meth till salu Storbritannien, EU, Europa, USA, Kina f\u00f6r att behandla cancer med hj\u00e4lp av medicinasinc.com\/se . Det b\u00e4sta st\u00e4llet d\u00e4r du kan k\u00f6pa metamfetamin billigt online.","robots":{"index":"index","follow":"follow","max-snippet":"max-snippet:-1","max-image-preview":"max-image-preview:large","max-video-preview":"max-video-preview:-1"},"canonical":"https:\/\/medicinasinc.com\/se\/product\/kopa-kristall-met-metamfetamin\/","og_locale":"sv_SE","og_type":"article","og_title":"K\u00f6p Crystal Meth (metamfetamin) - B\u00e4sta b\u00e4sta globala medicinerna","og_description":"K\u00f6p Crystal Meth till salu Storbritannien, EU, Europa, USA, Kina f\u00f6r att behandla cancer med hj\u00e4lp av medicinasinc.com\/se . Det b\u00e4sta st\u00e4llet d\u00e4r du kan k\u00f6pa metamfetamin billigt online.","og_url":"https:\/\/medicinasinc.com\/se\/product\/kopa-kristall-met-metamfetamin\/","og_site_name":"Medicinas Inc","article_modified_time":"2022-07-03T23:24:54+00:00","og_image":[{"width":1024,"height":768,"url":"https:\/\/medicinasinc.com\/se\/wp-content\/uploads\/sites\/16\/2022\/02\/Buy-Crystal-Meth.jpg","type":"image\/jpeg"}],"twitter_card":"summary_large_image","twitter_misc":{"Ber\u00e4knad l\u00e4stid":"3 minuter"},"schema":{"@context":"https:\/\/schema.org","@graph":[{"@type":"WebPage","@id":"https:\/\/medicinasinc.com\/se\/product\/kopa-kristall-met-metamfetamin\/","url":"https:\/\/medicinasinc.com\/se\/product\/kopa-kristall-met-metamfetamin\/","name":"K\u00f6p Crystal Meth (metamfetamin) - B\u00e4sta b\u00e4sta globala medicinerna","isPartOf":{"@id":"https:\/\/medicinasinc.com\/se\/#website"},"primaryImageOfPage":{"@id":"https:\/\/medicinasinc.com\/se\/product\/kopa-kristall-met-metamfetamin\/#primaryimage"},"image":{"@id":"https:\/\/medicinasinc.com\/se\/product\/kopa-kristall-met-metamfetamin\/#primaryimage"},"thumbnailUrl":"https:\/\/medicinasinc.com\/se\/wp-content\/uploads\/sites\/16\/2022\/02\/Buy-Crystal-Meth.jpg","datePublished":"2022-02-22T00:08:30+00:00","dateModified":"2022-07-03T23:24:54+00:00","description":"K\u00f6p Crystal Meth till salu Storbritannien, EU, Europa, USA, Kina f\u00f6r att behandla cancer med hj\u00e4lp av medicinasinc.com\/se . Det b\u00e4sta st\u00e4llet d\u00e4r du kan k\u00f6pa metamfetamin billigt online.","breadcrumb":{"@id":"https:\/\/medicinasinc.com\/se\/product\/kopa-kristall-met-metamfetamin\/#breadcrumb"},"inLanguage":"sv-SE","potentialAction":[{"@type":"ReadAction","target":["https:\/\/medicinasinc.com\/se\/product\/kopa-kristall-met-metamfetamin\/"]}]},{"@type":"ImageObject","inLanguage":"sv-SE","@id":"https:\/\/medicinasinc.com\/se\/product\/kopa-kristall-met-metamfetamin\/#primaryimage","url":"https:\/\/medicinasinc.com\/se\/wp-content\/uploads\/sites\/16\/2022\/02\/Buy-Crystal-Meth.jpg","contentUrl":"https:\/\/medicinasinc.com\/se\/wp-content\/uploads\/sites\/16\/2022\/02\/Buy-Crystal-Meth.jpg","width":1024,"height":768},{"@type":"BreadcrumbList","@id":"https:\/\/medicinasinc.com\/se\/product\/kopa-kristall-met-metamfetamin\/#breadcrumb","itemListElement":[{"@type":"ListItem","position":1,"name":"aff\u00e4r","item":"https:\/\/medicinasinc.com\/se\/affar\/"},{"@type":"ListItem","position":2,"name":"K\u00f6p Crystal Meth (metamfetamin)"}]},{"@type":"WebSite","@id":"https:\/\/medicinasinc.com\/se\/#website","url":"https:\/\/medicinasinc.com\/se\/","name":"Medicinas Inc","description":"Health Medical Clinic","potentialAction":[{"@type":"SearchAction","target":{"@type":"EntryPoint","urlTemplate":"https:\/\/medicinasinc.com\/se\/?s={search_term_string}"},"query-input":{"@type":"PropertyValueSpecification","valueRequired":true,"valueName":"search_term_string"}}],"inLanguage":"sv-SE"}]}},"_links":{"self":[{"href":"https:\/\/medicinasinc.com\/se\/wp-json\/wp\/v2\/product\/5471","targetHints":{"allow":["GET"]}}],"collection":[{"href":"https:\/\/medicinasinc.com\/se\/wp-json\/wp\/v2\/product"}],"about":[{"href":"https:\/\/medicinasinc.com\/se\/wp-json\/wp\/v2\/types\/product"}],"replies":[{"embeddable":true,"href":"https:\/\/medicinasinc.com\/se\/wp-json\/wp\/v2\/comments?post=5471"}],"wp:featuredmedia":[{"embeddable":true,"href":"https:\/\/medicinasinc.com\/se\/wp-json\/wp\/v2\/media\/5483"}],"wp:attachment":[{"href":"https:\/\/medicinasinc.com\/se\/wp-json\/wp\/v2\/media?parent=5471"}],"wp:term":[{"taxonomy":"product_brand","embeddable":true,"href":"https:\/\/medicinasinc.com\/se\/wp-json\/wp\/v2\/product_brand?post=5471"},{"taxonomy":"product_cat","embeddable":true,"href":"https:\/\/medicinasinc.com\/se\/wp-json\/wp\/v2\/product_cat?post=5471"},{"taxonomy":"product_tag","embeddable":true,"href":"https:\/\/medicinasinc.com\/se\/wp-json\/wp\/v2\/product_tag?post=5471"}],"curies":[{"name":"wp","href":"https:\/\/api.w.org\/{rel}","templated":true}]}}