{"id":5469,"date":"2022-02-22T00:05:12","date_gmt":"2022-02-22T00:05:12","guid":{"rendered":"https:\/\/medicinasinc.com\/se\/?post_type=product&#038;p=5469"},"modified":"2022-07-03T23:27:34","modified_gmt":"2022-07-03T23:27:34","slug":"kopa-klonazolam-pulver","status":"publish","type":"product","link":"https:\/\/medicinasinc.com\/se\/product\/kopa-klonazolam-pulver\/","title":{"rendered":"K\u00f6p Clonazolam Powder"},"content":{"rendered":"<h1 style=\"font-weight: 600\"><b><strong>K\u00f6p Clonazolam Powder\u00a0<\/strong><\/b><\/h1>\n<p style=\"font-weight: 400\">High Store Europas ledande klonazolam Kemikaliegrossistleverant\u00f6r<\/p>\n<h2 style=\"font-weight: 600\">CLONAZOLAM Powder EU-leverant\u00f6r, Storbritannien<\/h2>\n<ul style=\"font-weight: 400\">\n<li>Sp\u00e5rad\u00a0 &#8211; sp\u00e5rad f\u00f6rs\u00e4krad eller normal leverans<\/li>\n<li>Information om bank\u00f6verf\u00f6ring eller bitcoinbetalning vid utcheckning .<\/li>\n<li>Leverans m\u00e5ndag till fredag<\/li>\n<li><b><strong>Observera att du endast \u00e4r t\u00e4ckt f\u00f6r f\u00f6rlust efter 30 dagar 1 x gratis \u00e5ters\u00e4ndning p\u00e5 en sp\u00e5rad f\u00f6rs\u00e4krad tj\u00e4nst &#8211; Tyv\u00e4rr inga undantag!<\/strong><\/b><\/li>\n<\/ul>\n<h3 style=\"font-weight: 600\"><\/h3>\n<h3 style=\"font-weight: 600\"><b><strong>Klonazolampulver\u00a0<\/strong><\/b><\/h3>\n<ul style=\"font-weight: 400\">\n<li><b><a href=\"https:\/\/psychonautwiki.org\/wiki\/Sedation\">Sedation<\/a><\/b>\u00a0\u2013 Clonazolam har potential att vara extremt lugnande och resulterar ofta i ett \u00f6verv\u00e4ldigande sl\u00f6 tillst\u00e5nd. P\u00e5 h\u00f6gre niv\u00e5er g\u00f6r detta att anv\u00e4ndarna pl\u00f6tsligt k\u00e4nner sig extremt s\u00f6mnl\u00f6sa och inte har sovit p\u00e5 flera dagar, vilket tvingar dem att sitta ner och i allm\u00e4nhet k\u00e4nnas som om de st\u00e4ndigt \u00e4r p\u00e5 gr\u00e4nsen till att svimma ist\u00e4llet f\u00f6r att \u00e4gna sig \u00e5t fysiska aktiviteter. Denna k\u00e4nsla av s\u00f6mnbrist \u00f6kar proportionellt mot doseringen och blir s\u00e5 sm\u00e5ningom kraftfull nog att tvinga en person till fullst\u00e4ndigt medvetsl\u00f6shet.<\/li>\n<li><b><a href=\"https:\/\/psychonautwiki.org\/wiki\/Muscle_relaxation\"> Muskelavslappning<\/a><\/b>\u00a0\u2013 Denna effekt \u00e4r s\u00e4rskilt stark j\u00e4mf\u00f6rt med andra bensodiazepiner som\u00a0<a href=\"https:\/\/psychonautwiki.org\/wiki\/Alprazolam\">alprazolam<\/a>.<\/li>\n<li><b><a href=\"https:\/\/psychonautwiki.org\/wiki\/Motor_control_loss\">Motorkontrollf\u00f6rlust<\/a><\/b><\/li>\n<li><b><a href=\"https:\/\/psychonautwiki.org\/wiki\/Dizziness\">Yrsel<\/a><\/b><\/li>\n<li><b><a href=\"https:\/\/psychonautwiki.org\/wiki\/Increased_libido\">\u00d6kad libido<\/a><\/b><\/li>\n<li><b><a href=\"https:\/\/psychonautwiki.org\/wiki\/Respiratory_depression\">Andningsdepression<\/a><\/b><\/li>\n<\/ul>\n<p style=\"font-weight: 400\"><b><strong>Klonazolam\u00a0<\/strong><\/b>\u00e4r i bensodiazepinklassen. Bensodiazepiner inneh\u00e5ller en bensenring sammansm\u00e4lt med en diazepinring, som \u00e4r en sjuledad ring som har de tv\u00e5 kv\u00e4vebest\u00e5ndsdelarna placerade vid R1 och R4. Bensylringen av klonazolam \u00e4r substituerad vid R8 med en nitrogrupp N02-. Diazepinringen \u00e4r ocks\u00e5 bunden vid R6, till en 2-klorerad fenylring.<\/p>\n<p style=\"font-weight: 400\"><a href=\"https:\/\/www.bestglobalmeds.com\/product\/ research-chemicals\/buy-clonazolam-powder\/\">Klonazolam<\/a> inneh\u00e5ller en 1-metylerad triazolring sammansm\u00e4lt med och inneh\u00e5ller R1 och R2 i dess diazepinring. Klonazolam tillh\u00f6r en klass av bensodiazepiner som inneh\u00e5ller denna sammansm\u00e4lta triazolring, som kallas triazolobensodiazepiner, som k\u00e4nnetecknas av suffixet -zolam. Andra nitrobensodiazepiner inkluderar klonazepam och flunitrazepam.<\/p>\n<p style=\"font-weight: 400\">6-(2-klorfenyl)-1-metyl-8-nitro-4H-s-triazolo- (4,3- a)-(1,4)-bensodiazepin<\/p>\n<p>Denna produkt s\u00e4ljs endast f\u00f6r forsknings\u00e4ndam\u00e5l och ska inte anv\u00e4ndas f\u00f6r n\u00e5gra andra \u00e4ndam\u00e5l, inklusive, men inte begr\u00e4nsat till, in vivo diagnostiska \u00e4ndam\u00e5l, i livsmedel, i l\u00e4kemedel, i medicintekniska produkter och\/eller kosmetika f\u00f6r m\u00e4nniskor och\/eller djur.<\/p>\n<p style=\"font-weight: 400\">Innan du best\u00e4ller, se till att du \u00e4r ordentligt utrustad f\u00f6r forskningskemikalier och att ditt arbetsomr\u00e5de \u00e4r v\u00e4l ventilerat.<\/p>\n<p style=\"font-weight: 400\">Du m\u00e5ste vara 18 \u00e5r eller \u00e4ldre f\u00f6r att best\u00e4lla den h\u00e4r produkten.<\/p>\n","protected":false},"excerpt":{"rendered":"<div class=\"woocommerce-product-details__short-description\">\n<p>K\u00f6p rent h\u00f6gkvalitativt Clonazolam-pulver Europa, Storbritannien, EU online med Bitcoin &#8211; K\u00f6p lagliga droger online, k\u00f6p klonazolamkemikalier, k\u00f6p r\u00e5a farmaceutiska pulver.<\/p>\n<p>Med Bitcoin kan du k\u00f6pa rent, h\u00f6gkvalitativt Clonazolam-pulver online. Du kan k\u00f6pa lagliga mediciner, forskningskemikalier och farmaceutiska r\u00e5pulver \u00f6ver hela internet.<\/p>\n<p>K\u00f6p Clonazolam f\u00f6r att lindra din \u00e5ngest och panikattacker. Det har en positiv effekt p\u00e5 ditt mentala v\u00e4lbefinnande.<\/p>\n<p>Var kan jag f\u00e5 klonazolam i USA? F\u00f6rs\u00e4ljare av klonazolam, snabb leverans, bra kvalitet och m\u00f6jlighet att enkelt undvika tull<\/p>\n<p>Handla klonazolampulver p\u00e5 internet. Klonazolam \u00e4r strukturellt identisk med Clonazepam, med undantag f\u00f6r 1,2,4-triazolringen sammansm\u00e4lt med bensenringen. Vad anv\u00e4nds Clonazolam f\u00f6r och hur hj\u00e4lper det m\u00e4nniskor? Under tiden \u00e4r Clonazolam endast tillg\u00e4nglig f\u00f6r forsknings\u00e4ndam\u00e5l och inte f\u00f6r m\u00e4nsklig konsumtion.<\/p>\n<\/p><\/div>\n","protected":false},"featured_media":5479,"comment_status":"open","ping_status":"closed","template":"","meta":[],"product_brand":[],"product_cat":[2014],"product_tag":[2772,2748,2752,2753,2756,2758,2759,2760,2764,2765,2757,2766,2768,2755,2769,2770,2771,2762,2763,2774,2761,2749,2751,2754,2750,2767,2773,2776,2777,2775],"class_list":{"0":"post-5469","1":"product","2":"type-product","3":"status-publish","4":"has-post-thumbnail","6":"product_cat-kop-research-chemicals","7":"product_tag-bestll-c-lam-trott-2019-pulver","8":"product_tag-buy-cheap-clonazolam-powder-online","9":"product_tag-buy-clonazolam-powder","10":"product_tag-buy-clonazolam-powder-online","11":"product_tag-klonazolam-kp","12":"product_tag-clonazolam-powder","13":"product_tag-clonazolam-powder-education","14":"product_tag-clonazolam-powder-eu","15":"product_tag-klonazolam-pris","16":"product_tag-clonazolam-research","17":"product_tag-klonazolam-till-salu","18":"product_tag-clonitrazolam-powder-best-price-online","19":"product_tag-eklonazolam-pulver-till-frsljning","20":"product_tag-fr-klonazol","21":"product_tag-how-to-consume-clonazolam-powder","22":"product_tag-how-to-get-pure-clonazolam-powder-online","23":"product_tag-how-to-order-clonazolam-powder-online","24":"product_tag-klonazolam-pulver-online","25":"product_tag-klonazolam-pulver-pris","26":"product_tag-kvalitets-klonazolam-pulver","27":"product_tag-klonazolam-pulver-i-kanada","28":"product_tag-kp-klon-mussla-pulver","29":"product_tag-kp-klonazolam-online","30":"product_tag-kp-hyra-klonazolam-pulver-online","31":"product_tag-kpa-klonazolam","32":"product_tag-kristallint-klonazolampulver","33":"product_tag-pure-clonazolam-powder","34":"product_tag-var-att-kpa-klonazolam-pulver-online","35":"product_tag-var-att-kpa-klonitrazolam-pulver-online","36":"product_tag-var-man-kan-kpa-klonazolam-pulver","38":"first","39":"instock","40":"shipping-taxable","41":"purchasable","42":"product-type-variable","43":"has-default-attributes"},"yoast_head":"<!-- This site is optimized with the Yoast SEO plugin v27.3 - https:\/\/yoast.com\/product\/yoast-seo-wordpress\/ -->\n<title>K\u00f6p Clonazolam Powder - Clonazolam Powder - Best Best Global Meds<\/title>\n<meta name=\"description\" content=\"K\u00f6p rent h\u00f6gkvalitativt klonazolampulver Europa, Storbritannien, EU online med Bitcoin - K\u00f6p lagliga droger online, k\u00f6p klonazolamkemikalier, k\u00f6p r\u00e5a farmaceutiska pulver.\" \/>\n<meta name=\"robots\" content=\"index, follow, max-snippet:-1, max-image-preview:large, max-video-preview:-1\" \/>\n<link rel=\"canonical\" href=\"https:\/\/medicinasinc.com\/se\/product\/kopa-klonazolam-pulver\/\" \/>\n<meta property=\"og:locale\" content=\"sv_SE\" \/>\n<meta property=\"og:type\" content=\"article\" \/>\n<meta property=\"og:title\" content=\"K\u00f6p Clonazolam Powder - Clonazolam Powder - Best Best Global Meds\" \/>\n<meta property=\"og:description\" content=\"K\u00f6p rent h\u00f6gkvalitativt klonazolampulver Europa, Storbritannien, EU online med Bitcoin - K\u00f6p lagliga droger online, k\u00f6p klonazolamkemikalier, k\u00f6p r\u00e5a farmaceutiska pulver.\" \/>\n<meta property=\"og:url\" content=\"https:\/\/medicinasinc.com\/se\/product\/kopa-klonazolam-pulver\/\" \/>\n<meta property=\"og:site_name\" content=\"Medicinas Inc\" \/>\n<meta property=\"article:modified_time\" content=\"2022-07-03T23:27:34+00:00\" \/>\n<meta property=\"og:image\" content=\"https:\/\/medicinasinc.com\/se\/wp-content\/uploads\/sites\/16\/2022\/02\/Buy-Clonazolam-Powder.jpeg\" \/>\n\t<meta property=\"og:image:width\" content=\"566\" \/>\n\t<meta property=\"og:image:height\" content=\"600\" \/>\n\t<meta property=\"og:image:type\" content=\"image\/jpeg\" \/>\n<meta name=\"twitter:card\" content=\"summary_large_image\" \/>\n<meta name=\"twitter:label1\" content=\"Ber\u00e4knad l\u00e4stid\" \/>\n\t<meta name=\"twitter:data1\" content=\"2 minuter\" \/>\n<script type=\"application\/ld+json\" class=\"yoast-schema-graph\">{\"@context\":\"https:\\\/\\\/schema.org\",\"@graph\":[{\"@type\":\"WebPage\",\"@id\":\"https:\\\/\\\/medicinasinc.com\\\/se\\\/product\\\/kopa-klonazolam-pulver\\\/\",\"url\":\"https:\\\/\\\/medicinasinc.com\\\/se\\\/product\\\/kopa-klonazolam-pulver\\\/\",\"name\":\"K\u00f6p Clonazolam Powder - Clonazolam Powder - Best Best Global Meds\",\"isPartOf\":{\"@id\":\"https:\\\/\\\/medicinasinc.com\\\/se\\\/#website\"},\"primaryImageOfPage\":{\"@id\":\"https:\\\/\\\/medicinasinc.com\\\/se\\\/product\\\/kopa-klonazolam-pulver\\\/#primaryimage\"},\"image\":{\"@id\":\"https:\\\/\\\/medicinasinc.com\\\/se\\\/product\\\/kopa-klonazolam-pulver\\\/#primaryimage\"},\"thumbnailUrl\":\"https:\\\/\\\/medicinasinc.com\\\/se\\\/wp-content\\\/uploads\\\/sites\\\/16\\\/2022\\\/02\\\/Buy-Clonazolam-Powder.jpeg\",\"datePublished\":\"2022-02-22T00:05:12+00:00\",\"dateModified\":\"2022-07-03T23:27:34+00:00\",\"description\":\"K\u00f6p rent h\u00f6gkvalitativt klonazolampulver Europa, Storbritannien, EU online med Bitcoin - K\u00f6p lagliga droger online, k\u00f6p klonazolamkemikalier, k\u00f6p r\u00e5a farmaceutiska pulver.\",\"breadcrumb\":{\"@id\":\"https:\\\/\\\/medicinasinc.com\\\/se\\\/product\\\/kopa-klonazolam-pulver\\\/#breadcrumb\"},\"inLanguage\":\"sv-SE\",\"potentialAction\":[{\"@type\":\"ReadAction\",\"target\":[\"https:\\\/\\\/medicinasinc.com\\\/se\\\/product\\\/kopa-klonazolam-pulver\\\/\"]}]},{\"@type\":\"ImageObject\",\"inLanguage\":\"sv-SE\",\"@id\":\"https:\\\/\\\/medicinasinc.com\\\/se\\\/product\\\/kopa-klonazolam-pulver\\\/#primaryimage\",\"url\":\"https:\\\/\\\/medicinasinc.com\\\/se\\\/wp-content\\\/uploads\\\/sites\\\/16\\\/2022\\\/02\\\/Buy-Clonazolam-Powder.jpeg\",\"contentUrl\":\"https:\\\/\\\/medicinasinc.com\\\/se\\\/wp-content\\\/uploads\\\/sites\\\/16\\\/2022\\\/02\\\/Buy-Clonazolam-Powder.jpeg\",\"width\":566,\"height\":600},{\"@type\":\"BreadcrumbList\",\"@id\":\"https:\\\/\\\/medicinasinc.com\\\/se\\\/product\\\/kopa-klonazolam-pulver\\\/#breadcrumb\",\"itemListElement\":[{\"@type\":\"ListItem\",\"position\":1,\"name\":\"aff\u00e4r\",\"item\":\"https:\\\/\\\/medicinasinc.com\\\/se\\\/affar\\\/\"},{\"@type\":\"ListItem\",\"position\":2,\"name\":\"K\u00f6p Clonazolam Powder\"}]},{\"@type\":\"WebSite\",\"@id\":\"https:\\\/\\\/medicinasinc.com\\\/se\\\/#website\",\"url\":\"https:\\\/\\\/medicinasinc.com\\\/se\\\/\",\"name\":\"Medicinas Inc\",\"description\":\"Health Medical Clinic\",\"potentialAction\":[{\"@type\":\"SearchAction\",\"target\":{\"@type\":\"EntryPoint\",\"urlTemplate\":\"https:\\\/\\\/medicinasinc.com\\\/se\\\/?s={search_term_string}\"},\"query-input\":{\"@type\":\"PropertyValueSpecification\",\"valueRequired\":true,\"valueName\":\"search_term_string\"}}],\"inLanguage\":\"sv-SE\"}]}<\/script>\n<!-- \/ Yoast SEO plugin. -->","yoast_head_json":{"title":"K\u00f6p Clonazolam Powder - Clonazolam Powder - Best Best Global Meds","description":"K\u00f6p rent h\u00f6gkvalitativt klonazolampulver Europa, Storbritannien, EU online med Bitcoin - K\u00f6p lagliga droger online, k\u00f6p klonazolamkemikalier, k\u00f6p r\u00e5a farmaceutiska pulver.","robots":{"index":"index","follow":"follow","max-snippet":"max-snippet:-1","max-image-preview":"max-image-preview:large","max-video-preview":"max-video-preview:-1"},"canonical":"https:\/\/medicinasinc.com\/se\/product\/kopa-klonazolam-pulver\/","og_locale":"sv_SE","og_type":"article","og_title":"K\u00f6p Clonazolam Powder - Clonazolam Powder - Best Best Global Meds","og_description":"K\u00f6p rent h\u00f6gkvalitativt klonazolampulver Europa, Storbritannien, EU online med Bitcoin - K\u00f6p lagliga droger online, k\u00f6p klonazolamkemikalier, k\u00f6p r\u00e5a farmaceutiska pulver.","og_url":"https:\/\/medicinasinc.com\/se\/product\/kopa-klonazolam-pulver\/","og_site_name":"Medicinas Inc","article_modified_time":"2022-07-03T23:27:34+00:00","og_image":[{"width":566,"height":600,"url":"https:\/\/medicinasinc.com\/se\/wp-content\/uploads\/sites\/16\/2022\/02\/Buy-Clonazolam-Powder.jpeg","type":"image\/jpeg"}],"twitter_card":"summary_large_image","twitter_misc":{"Ber\u00e4knad l\u00e4stid":"2 minuter"},"schema":{"@context":"https:\/\/schema.org","@graph":[{"@type":"WebPage","@id":"https:\/\/medicinasinc.com\/se\/product\/kopa-klonazolam-pulver\/","url":"https:\/\/medicinasinc.com\/se\/product\/kopa-klonazolam-pulver\/","name":"K\u00f6p Clonazolam Powder - Clonazolam Powder - Best Best Global Meds","isPartOf":{"@id":"https:\/\/medicinasinc.com\/se\/#website"},"primaryImageOfPage":{"@id":"https:\/\/medicinasinc.com\/se\/product\/kopa-klonazolam-pulver\/#primaryimage"},"image":{"@id":"https:\/\/medicinasinc.com\/se\/product\/kopa-klonazolam-pulver\/#primaryimage"},"thumbnailUrl":"https:\/\/medicinasinc.com\/se\/wp-content\/uploads\/sites\/16\/2022\/02\/Buy-Clonazolam-Powder.jpeg","datePublished":"2022-02-22T00:05:12+00:00","dateModified":"2022-07-03T23:27:34+00:00","description":"K\u00f6p rent h\u00f6gkvalitativt klonazolampulver Europa, Storbritannien, EU online med Bitcoin - K\u00f6p lagliga droger online, k\u00f6p klonazolamkemikalier, k\u00f6p r\u00e5a farmaceutiska pulver.","breadcrumb":{"@id":"https:\/\/medicinasinc.com\/se\/product\/kopa-klonazolam-pulver\/#breadcrumb"},"inLanguage":"sv-SE","potentialAction":[{"@type":"ReadAction","target":["https:\/\/medicinasinc.com\/se\/product\/kopa-klonazolam-pulver\/"]}]},{"@type":"ImageObject","inLanguage":"sv-SE","@id":"https:\/\/medicinasinc.com\/se\/product\/kopa-klonazolam-pulver\/#primaryimage","url":"https:\/\/medicinasinc.com\/se\/wp-content\/uploads\/sites\/16\/2022\/02\/Buy-Clonazolam-Powder.jpeg","contentUrl":"https:\/\/medicinasinc.com\/se\/wp-content\/uploads\/sites\/16\/2022\/02\/Buy-Clonazolam-Powder.jpeg","width":566,"height":600},{"@type":"BreadcrumbList","@id":"https:\/\/medicinasinc.com\/se\/product\/kopa-klonazolam-pulver\/#breadcrumb","itemListElement":[{"@type":"ListItem","position":1,"name":"aff\u00e4r","item":"https:\/\/medicinasinc.com\/se\/affar\/"},{"@type":"ListItem","position":2,"name":"K\u00f6p Clonazolam Powder"}]},{"@type":"WebSite","@id":"https:\/\/medicinasinc.com\/se\/#website","url":"https:\/\/medicinasinc.com\/se\/","name":"Medicinas Inc","description":"Health Medical Clinic","potentialAction":[{"@type":"SearchAction","target":{"@type":"EntryPoint","urlTemplate":"https:\/\/medicinasinc.com\/se\/?s={search_term_string}"},"query-input":{"@type":"PropertyValueSpecification","valueRequired":true,"valueName":"search_term_string"}}],"inLanguage":"sv-SE"}]}},"_links":{"self":[{"href":"https:\/\/medicinasinc.com\/se\/wp-json\/wp\/v2\/product\/5469","targetHints":{"allow":["GET"]}}],"collection":[{"href":"https:\/\/medicinasinc.com\/se\/wp-json\/wp\/v2\/product"}],"about":[{"href":"https:\/\/medicinasinc.com\/se\/wp-json\/wp\/v2\/types\/product"}],"replies":[{"embeddable":true,"href":"https:\/\/medicinasinc.com\/se\/wp-json\/wp\/v2\/comments?post=5469"}],"wp:featuredmedia":[{"embeddable":true,"href":"https:\/\/medicinasinc.com\/se\/wp-json\/wp\/v2\/media\/5479"}],"wp:attachment":[{"href":"https:\/\/medicinasinc.com\/se\/wp-json\/wp\/v2\/media?parent=5469"}],"wp:term":[{"taxonomy":"product_brand","embeddable":true,"href":"https:\/\/medicinasinc.com\/se\/wp-json\/wp\/v2\/product_brand?post=5469"},{"taxonomy":"product_cat","embeddable":true,"href":"https:\/\/medicinasinc.com\/se\/wp-json\/wp\/v2\/product_cat?post=5469"},{"taxonomy":"product_tag","embeddable":true,"href":"https:\/\/medicinasinc.com\/se\/wp-json\/wp\/v2\/product_tag?post=5469"}],"curies":[{"name":"wp","href":"https:\/\/api.w.org\/{rel}","templated":true}]}}