{"id":5443,"date":"2022-02-21T23:37:16","date_gmt":"2022-02-21T23:37:16","guid":{"rendered":"https:\/\/medicinasinc.com\/se\/?post_type=product&#038;p=5443"},"modified":"2022-08-07T05:48:27","modified_gmt":"2022-08-07T05:48:27","slug":"kop-bufedron-pulver","status":"publish","type":"product","link":"https:\/\/medicinasinc.com\/se\/product\/kop-bufedron-pulver\/","title":{"rendered":"K\u00f6p Bufedron pulver"},"content":{"rendered":"<p>K\u00f6p Buphedronpulver<\/p>\n<p>Bl\u00e4ddra i v\u00e5r online K\u00f6p Buphedronpulver eller kristallkatalog. Vi erbjuder h\u00f6gkvalitativa produkter till rimliga priser. Best\u00e4llningar med en &#8221;delsumma&#8221; p\u00e5 minst 10 g kommer att f\u00e5 25 % rabatt.<\/p>\n<p>Vad \u00e4r egentligen Buphedrone?<br \/>\nDenna v\u00e4lk\u00e4nda forskningskemikalie \u00e4r ett stimulerande medel i kemiska klasserna fenetylamin och katinon. Bufedron \u00e4r en beta-keton som \u00e4r relaterad till de naturligt f\u00f6rekommande f\u00f6reningarna katinon och katin. Det \u00e4r ocks\u00e5 k\u00e4nt som -metylamino-butyrofenon eller fenylacetoetyl-metylamin.<\/p>\n<p>Bufedronpulver\/K\u00f6p bufedronpulver<\/p>\n<p>Pulverformigt bufedron<\/p>\n<p>Det \u00e4r ocks\u00e5 besl\u00e4ktat med metamfetamin, med -ketonsubstituenten (vid beta-kolet) och en etylgrupp som ers\u00e4tter metylgruppen vid aminens kol-alfa. Dess effekter p\u00e5 f\u00f6rs\u00f6kspersoner har j\u00e4mf\u00f6rts med metamfetamins effekter, med mer eufori och mindre fysisk stimulans som observerats i studier. Det \u00f6kar dopaminfris\u00e4ttningen fr\u00e5n dopaminerga nervterminaler i hj\u00e4rnan.<\/p>\n<p>Pulverformad bufedron<\/p>\n<p>Katinonsubstitut, som etkatinon, \u00e4r psykoaktiva f\u00f6reningar som vanligtvis anv\u00e4nds som fritidsdroger.<\/p>\n<p>En del av dem har amfetaminliknande effekter.<\/p>\n<p>3 Bufedron (hydroklorid) \u00e4r en substituerad katinon med en etylgrupp i alfapositionen och en metylgrupp i N-terminalen. Denna f\u00f6rening har hittats i stimulantia-relaterade produkter. 2 Dess biologiska och toxikologiska egenskaper har \u00e4nnu inte fastst\u00e4llts. Denna produkt \u00e4r avsedd f\u00f6r kriminalteknisk anv\u00e4ndning.<\/p>\n","protected":false},"excerpt":{"rendered":"<div class=\"woocommerce-product-details__short-description\">\n<p><em>K\u00f6p<\/em>\u00a0rent h\u00f6gkvalitativt\u00a0<em>Buphedrone Powder<\/em>\u00a0online med Bitcoin \u2013 <em>K\u00f6p<\/em>\u00a0lagliga droger online,\u00a0<em>k\u00f6p<\/em>\u00a0forskningskemikalier,\u00a0<em>k\u00f6p<\/em>\u00a0r\u00e5l\u00e4kemedel\u00a0<em>pulver<\/em>.<\/p>\n<p>K\u00f6p Bufedronpulver i USA Ink\u00f6p i bulk Bufedron, \u00e4ven k\u00e4nt som MABP, \u00e4r en kemisk klass av fenetylamin och katinon.<\/p>\n<p>K\u00f6p bufedronpulver online.<\/p>\n<p>Bufedron, \u00e4ven k\u00e4nd som -metylamino -butyrophenone (MABP), \u00e4r ett fenetylamin- och katinonstimulerande medel som syntetiserades f\u00f6rsta g\u00e5ngen 1928.<\/p>\n<\/div>\n","protected":false},"featured_media":5455,"comment_status":"open","ping_status":"closed","template":"","meta":[],"product_brand":[],"product_cat":[2014],"product_tag":[2735,2726,2736,2728,2731,2732,2733,2729,2730,2727,2734,2737],"class_list":{"0":"post-5443","1":"product","2":"type-product","3":"status-publish","4":"has-post-thumbnail","6":"product_cat-kop-research-chemicals","7":"product_tag-bestlla-bufedron-pulver","8":"product_tag-bufedron-pulver","9":"product_tag-kvalitets-bufedron-pulver","10":"product_tag-bufedron-pulver-europa","11":"product_tag-bufedron-pulver-italien","12":"product_tag-buphedrone-powder-reddit","13":"product_tag-bufedron-pulver-uk","14":"product_tag-bufedron-pulver-till-salu","15":"product_tag-bufedron-pulver-tyskland","16":"product_tag-bufedron-pulver-effekt","17":"product_tag-buy-buphedrone-powder","18":"product_tag-var-att-kpa-bufedron-pulver","20":"first","21":"instock","22":"shipping-taxable","23":"purchasable","24":"product-type-variable"},"yoast_head":"<!-- This site is optimized with the Yoast SEO plugin v27.3 - https:\/\/yoast.com\/product\/yoast-seo-wordpress\/ -->\n<title>K\u00f6p Buphedrone pulver - Buphedrone pulver - Best Global Meds<\/title>\n<meta name=\"description\" content=\"K\u00f6p bufedronpulver till salu Storbritannien, EU, Europa (\u03b1-metylamino-butyrofenon eller MABP) Kristall och pulver med 99,9 % renhet online med s\u00e4ker .\" \/>\n<meta name=\"robots\" content=\"index, follow, max-snippet:-1, max-image-preview:large, max-video-preview:-1\" \/>\n<link rel=\"canonical\" href=\"https:\/\/medicinasinc.com\/se\/product\/kop-bufedron-pulver\/\" \/>\n<meta property=\"og:locale\" content=\"sv_SE\" \/>\n<meta property=\"og:type\" content=\"article\" \/>\n<meta property=\"og:title\" content=\"K\u00f6p Buphedrone pulver - Buphedrone pulver - Best Global Meds\" \/>\n<meta property=\"og:description\" content=\"K\u00f6p bufedronpulver till salu Storbritannien, EU, Europa (\u03b1-metylamino-butyrofenon eller MABP) Kristall och pulver med 99,9 % renhet online med s\u00e4ker .\" \/>\n<meta property=\"og:url\" content=\"https:\/\/medicinasinc.com\/se\/product\/kop-bufedron-pulver\/\" \/>\n<meta property=\"og:site_name\" content=\"Medicinas Inc\" \/>\n<meta property=\"article:modified_time\" content=\"2022-08-07T05:48:27+00:00\" \/>\n<meta property=\"og:image\" content=\"https:\/\/medicinasinc.com\/se\/wp-content\/uploads\/sites\/16\/2022\/02\/Buy-Buphedrone-powder.png\" \/>\n\t<meta property=\"og:image:width\" content=\"600\" \/>\n\t<meta property=\"og:image:height\" content=\"400\" \/>\n\t<meta property=\"og:image:type\" content=\"image\/png\" \/>\n<meta name=\"twitter:card\" content=\"summary_large_image\" \/>\n<meta name=\"twitter:label1\" content=\"Ber\u00e4knad l\u00e4stid\" \/>\n\t<meta name=\"twitter:data1\" content=\"1 minut\" \/>\n<script type=\"application\/ld+json\" class=\"yoast-schema-graph\">{\"@context\":\"https:\\\/\\\/schema.org\",\"@graph\":[{\"@type\":\"WebPage\",\"@id\":\"https:\\\/\\\/medicinasinc.com\\\/se\\\/product\\\/kop-bufedron-pulver\\\/\",\"url\":\"https:\\\/\\\/medicinasinc.com\\\/se\\\/product\\\/kop-bufedron-pulver\\\/\",\"name\":\"K\u00f6p Buphedrone pulver - Buphedrone pulver - Best Global Meds\",\"isPartOf\":{\"@id\":\"https:\\\/\\\/medicinasinc.com\\\/se\\\/#website\"},\"primaryImageOfPage\":{\"@id\":\"https:\\\/\\\/medicinasinc.com\\\/se\\\/product\\\/kop-bufedron-pulver\\\/#primaryimage\"},\"image\":{\"@id\":\"https:\\\/\\\/medicinasinc.com\\\/se\\\/product\\\/kop-bufedron-pulver\\\/#primaryimage\"},\"thumbnailUrl\":\"https:\\\/\\\/medicinasinc.com\\\/se\\\/wp-content\\\/uploads\\\/sites\\\/16\\\/2022\\\/02\\\/Buy-Buphedrone-powder.png\",\"datePublished\":\"2022-02-21T23:37:16+00:00\",\"dateModified\":\"2022-08-07T05:48:27+00:00\",\"description\":\"K\u00f6p bufedronpulver till salu Storbritannien, EU, Europa (\u03b1-metylamino-butyrofenon eller MABP) Kristall och pulver med 99,9 % renhet online med s\u00e4ker .\",\"breadcrumb\":{\"@id\":\"https:\\\/\\\/medicinasinc.com\\\/se\\\/product\\\/kop-bufedron-pulver\\\/#breadcrumb\"},\"inLanguage\":\"sv-SE\",\"potentialAction\":[{\"@type\":\"ReadAction\",\"target\":[\"https:\\\/\\\/medicinasinc.com\\\/se\\\/product\\\/kop-bufedron-pulver\\\/\"]}]},{\"@type\":\"ImageObject\",\"inLanguage\":\"sv-SE\",\"@id\":\"https:\\\/\\\/medicinasinc.com\\\/se\\\/product\\\/kop-bufedron-pulver\\\/#primaryimage\",\"url\":\"https:\\\/\\\/medicinasinc.com\\\/se\\\/wp-content\\\/uploads\\\/sites\\\/16\\\/2022\\\/02\\\/Buy-Buphedrone-powder.png\",\"contentUrl\":\"https:\\\/\\\/medicinasinc.com\\\/se\\\/wp-content\\\/uploads\\\/sites\\\/16\\\/2022\\\/02\\\/Buy-Buphedrone-powder.png\",\"width\":600,\"height\":400},{\"@type\":\"BreadcrumbList\",\"@id\":\"https:\\\/\\\/medicinasinc.com\\\/se\\\/product\\\/kop-bufedron-pulver\\\/#breadcrumb\",\"itemListElement\":[{\"@type\":\"ListItem\",\"position\":1,\"name\":\"aff\u00e4r\",\"item\":\"https:\\\/\\\/medicinasinc.com\\\/se\\\/affar\\\/\"},{\"@type\":\"ListItem\",\"position\":2,\"name\":\"K\u00f6p Bufedron pulver\"}]},{\"@type\":\"WebSite\",\"@id\":\"https:\\\/\\\/medicinasinc.com\\\/se\\\/#website\",\"url\":\"https:\\\/\\\/medicinasinc.com\\\/se\\\/\",\"name\":\"Medicinas Inc\",\"description\":\"Health Medical Clinic\",\"potentialAction\":[{\"@type\":\"SearchAction\",\"target\":{\"@type\":\"EntryPoint\",\"urlTemplate\":\"https:\\\/\\\/medicinasinc.com\\\/se\\\/?s={search_term_string}\"},\"query-input\":{\"@type\":\"PropertyValueSpecification\",\"valueRequired\":true,\"valueName\":\"search_term_string\"}}],\"inLanguage\":\"sv-SE\"}]}<\/script>\n<!-- \/ Yoast SEO plugin. -->","yoast_head_json":{"title":"K\u00f6p Buphedrone pulver - Buphedrone pulver - Best Global Meds","description":"K\u00f6p bufedronpulver till salu Storbritannien, EU, Europa (\u03b1-metylamino-butyrofenon eller MABP) Kristall och pulver med 99,9 % renhet online med s\u00e4ker .","robots":{"index":"index","follow":"follow","max-snippet":"max-snippet:-1","max-image-preview":"max-image-preview:large","max-video-preview":"max-video-preview:-1"},"canonical":"https:\/\/medicinasinc.com\/se\/product\/kop-bufedron-pulver\/","og_locale":"sv_SE","og_type":"article","og_title":"K\u00f6p Buphedrone pulver - Buphedrone pulver - Best Global Meds","og_description":"K\u00f6p bufedronpulver till salu Storbritannien, EU, Europa (\u03b1-metylamino-butyrofenon eller MABP) Kristall och pulver med 99,9 % renhet online med s\u00e4ker .","og_url":"https:\/\/medicinasinc.com\/se\/product\/kop-bufedron-pulver\/","og_site_name":"Medicinas Inc","article_modified_time":"2022-08-07T05:48:27+00:00","og_image":[{"width":600,"height":400,"url":"https:\/\/medicinasinc.com\/se\/wp-content\/uploads\/sites\/16\/2022\/02\/Buy-Buphedrone-powder.png","type":"image\/png"}],"twitter_card":"summary_large_image","twitter_misc":{"Ber\u00e4knad l\u00e4stid":"1 minut"},"schema":{"@context":"https:\/\/schema.org","@graph":[{"@type":"WebPage","@id":"https:\/\/medicinasinc.com\/se\/product\/kop-bufedron-pulver\/","url":"https:\/\/medicinasinc.com\/se\/product\/kop-bufedron-pulver\/","name":"K\u00f6p Buphedrone pulver - Buphedrone pulver - Best Global Meds","isPartOf":{"@id":"https:\/\/medicinasinc.com\/se\/#website"},"primaryImageOfPage":{"@id":"https:\/\/medicinasinc.com\/se\/product\/kop-bufedron-pulver\/#primaryimage"},"image":{"@id":"https:\/\/medicinasinc.com\/se\/product\/kop-bufedron-pulver\/#primaryimage"},"thumbnailUrl":"https:\/\/medicinasinc.com\/se\/wp-content\/uploads\/sites\/16\/2022\/02\/Buy-Buphedrone-powder.png","datePublished":"2022-02-21T23:37:16+00:00","dateModified":"2022-08-07T05:48:27+00:00","description":"K\u00f6p bufedronpulver till salu Storbritannien, EU, Europa (\u03b1-metylamino-butyrofenon eller MABP) Kristall och pulver med 99,9 % renhet online med s\u00e4ker .","breadcrumb":{"@id":"https:\/\/medicinasinc.com\/se\/product\/kop-bufedron-pulver\/#breadcrumb"},"inLanguage":"sv-SE","potentialAction":[{"@type":"ReadAction","target":["https:\/\/medicinasinc.com\/se\/product\/kop-bufedron-pulver\/"]}]},{"@type":"ImageObject","inLanguage":"sv-SE","@id":"https:\/\/medicinasinc.com\/se\/product\/kop-bufedron-pulver\/#primaryimage","url":"https:\/\/medicinasinc.com\/se\/wp-content\/uploads\/sites\/16\/2022\/02\/Buy-Buphedrone-powder.png","contentUrl":"https:\/\/medicinasinc.com\/se\/wp-content\/uploads\/sites\/16\/2022\/02\/Buy-Buphedrone-powder.png","width":600,"height":400},{"@type":"BreadcrumbList","@id":"https:\/\/medicinasinc.com\/se\/product\/kop-bufedron-pulver\/#breadcrumb","itemListElement":[{"@type":"ListItem","position":1,"name":"aff\u00e4r","item":"https:\/\/medicinasinc.com\/se\/affar\/"},{"@type":"ListItem","position":2,"name":"K\u00f6p Bufedron pulver"}]},{"@type":"WebSite","@id":"https:\/\/medicinasinc.com\/se\/#website","url":"https:\/\/medicinasinc.com\/se\/","name":"Medicinas Inc","description":"Health Medical Clinic","potentialAction":[{"@type":"SearchAction","target":{"@type":"EntryPoint","urlTemplate":"https:\/\/medicinasinc.com\/se\/?s={search_term_string}"},"query-input":{"@type":"PropertyValueSpecification","valueRequired":true,"valueName":"search_term_string"}}],"inLanguage":"sv-SE"}]}},"_links":{"self":[{"href":"https:\/\/medicinasinc.com\/se\/wp-json\/wp\/v2\/product\/5443","targetHints":{"allow":["GET"]}}],"collection":[{"href":"https:\/\/medicinasinc.com\/se\/wp-json\/wp\/v2\/product"}],"about":[{"href":"https:\/\/medicinasinc.com\/se\/wp-json\/wp\/v2\/types\/product"}],"replies":[{"embeddable":true,"href":"https:\/\/medicinasinc.com\/se\/wp-json\/wp\/v2\/comments?post=5443"}],"wp:featuredmedia":[{"embeddable":true,"href":"https:\/\/medicinasinc.com\/se\/wp-json\/wp\/v2\/media\/5455"}],"wp:attachment":[{"href":"https:\/\/medicinasinc.com\/se\/wp-json\/wp\/v2\/media?parent=5443"}],"wp:term":[{"taxonomy":"product_brand","embeddable":true,"href":"https:\/\/medicinasinc.com\/se\/wp-json\/wp\/v2\/product_brand?post=5443"},{"taxonomy":"product_cat","embeddable":true,"href":"https:\/\/medicinasinc.com\/se\/wp-json\/wp\/v2\/product_cat?post=5443"},{"taxonomy":"product_tag","embeddable":true,"href":"https:\/\/medicinasinc.com\/se\/wp-json\/wp\/v2\/product_tag?post=5443"}],"curies":[{"name":"wp","href":"https:\/\/api.w.org\/{rel}","templated":true}]}}