{"id":5442,"date":"2022-02-21T23:35:16","date_gmt":"2022-02-21T23:35:16","guid":{"rendered":"https:\/\/medicinasinc.com\/se\/?post_type=product&#038;p=5442"},"modified":"2022-07-03T23:28:00","modified_gmt":"2022-07-03T23:28:00","slug":"kop-alprazolam-pulver","status":"publish","type":"product","link":"https:\/\/medicinasinc.com\/se\/product\/kop-alprazolam-pulver\/","title":{"rendered":"K\u00f6p Alprazolam pulver"},"content":{"rendered":"<p>F\u00f6rs\u00e4ljning av Alprazolam<\/p>\n<p>Alprazolam \u00e4r ett kraftfullt bensodiazepin med kort halveringstid som slappnar av det centrala nervsystemet. Detta l\u00e4kemedel anv\u00e4nds mest f\u00f6r att behandla \u00e5ngest och panikst\u00f6rningar. Den \u00f6kade geriatriska befolkningen som \u00e4r s\u00e5rbar f\u00f6r depression, liksom f\u00f6rekomsten av \u00e5ngestsjukdomar som fobi och generaliserad \u00e5ngest, driver efterfr\u00e5gan p\u00e5 Alprazolampulver. Dessutom drivs branschens tillv\u00e4xt av den snabba och stressiga livsstilen som leder till depression. Under prognosperioden planeras dessutom forsknings- och utvecklingsarbete p\u00e5 Alprazolam f\u00f6r att utforska nya m\u00f6jligheter. Strikta statliga regleringar och ogynnsamma l\u00e4kemedelseffekter som drogberoende hindrar \u00e5 andra sidan tillv\u00e4xten. ALPRAZOLAM kan k\u00f6pas online, liksom ALPRAZOLAM till salu.<\/p>\n<p>Anv\u00e4ndning<\/p>\n<p>Alprazolam anv\u00e4nds f\u00f6r att behandla \u00e5ngest- och panikst\u00f6rningar (pl\u00f6tsliga, of\u00f6ruts\u00e4gbara episoder av intensiv r\u00e4dsla och oro f\u00f6r dessa episoder ). Alprazolam tillh\u00f6r l\u00e4kemedelsklassen bensodiazepiner. Detta minskar \u00f6verdriven upphetsning i hj\u00e4rnan. Alprazolam anv\u00e4nds ocks\u00e5 f\u00f6r att behandla depression, \u00e5ngest hos allm\u00e4nheten och premenstruellt syndrom. Det kan anv\u00e4ndas i sm\u00e4rtsamma situationer. Diskutera med din l\u00e4kare om de potentiella riskerna f\u00f6r ditt tillst\u00e5nd om du anv\u00e4nder denna medicin.<\/p>\n<p>Dosering<\/p>\n<p>Alprazolam finns i tabletter, tabletter med f\u00f6rl\u00e4ngd fris\u00e4ttning och oralt s\u00f6nderfallande tabletter (en tablett som snabbt l\u00f6ses i munnen). Tabletten, den oralt s\u00f6nderfallande tabletten och koncentrerade l\u00f6sningar tas vanligtvis tv\u00e5 till fyra g\u00e5nger per dag. Fj\u00e4rrtabletten tas vanligtvis en g\u00e5ng om dagen, p\u00e5 morgonen. Var noga uppm\u00e4rksam p\u00e5 anteckningarna p\u00e5 din recepttabell och be din farmaceut eller l\u00e4kare att f\u00f6rklara allt du inte f\u00f6rst\u00e5r. Ta alprazolam exakt enligt anvisningarna. F\u00f6r att ta den koncentrerade v\u00e4tskan, anv\u00e4nd endast dropparen som f\u00f6ljde med receptet. Fyll dropparen med den dos som kr\u00e4vs. Pressa ut droppen i flytande eller halvfast mat som te, mj\u00f6lk, l\u00e4sk, \u00e4ppelsoppa eller pudding. Blanda v\u00e4tska eller mat f\u00f6rsiktigt i n\u00e5gra sekunder. V\u00e4tskan absorberas helt av maten. Drick eller \u00e4t hela blandningen direkt. Ta tabletten oralt fr\u00e5n flaskan precis innan din dos ska. \u00d6ppna flaskan med torra handflator, ta bort tabletten och l\u00e4gg den direkt p\u00e5 tungan. Tabletten kan l\u00f6sas upp och sv\u00e4ljas med saliv.<\/p>\n","protected":false},"excerpt":{"rendered":"<div class=\"woocommerce-product-details__short-description\">\n<p><em>K\u00f6p<\/em> Alprazolam Online &#8211; medicinasinc.com\/se \u00e4r den b\u00e4sta leverant\u00f6ren och leverant\u00f6ren av <em>Alprazolam-pulver<\/em>\u00a0d\u00e4r du kan\u00a0<em>k\u00f6pa<\/em>\u00a0Xanax-pulver i grossistledet. <em>Best\u00e4ll<\/em>\u00a0Nu!<\/p>\n<p>Alprazolampulver kan k\u00f6pas online. \u00c4kta Alprazolam pulver till salu online \u2013 Alprazolam pulver till salu online | K\u00f6p Alprazolam pulver online | K\u00f6p Alprazolam pulver till salu online | K\u00f6p billigt Alprazolam pulver online | Var kan man k\u00f6pa Alprazolam-pulver online<\/p>\n<\/p><\/div>\n","protected":false},"featured_media":5453,"comment_status":"open","ping_status":"closed","template":"","meta":[],"product_brand":[],"product_cat":[2014],"product_tag":[2719,2720,1152,2721,2722,1153,2723,2724,2725],"class_list":{"0":"post-5442","1":"product","2":"type-product","3":"status-publish","4":"has-post-thumbnail","6":"product_cat-kop-research-chemicals","7":"product_tag-alprazolam-powder-buy","8":"product_tag-alprazolam-powder-effect","9":"product_tag-alprazolam-pulver","10":"product_tag-alprazolam-pulver-europa","11":"product_tag-alprazolam-powder-reddit","12":"product_tag-alprazolam-pulver-till-frsljning","13":"product_tag-alprazolam-pulver-uk","14":"product_tag-kp-alprazolam-pulver","15":"product_tag-kp-alprazolam-pulver-europa","17":"first","18":"instock","19":"shipping-taxable","20":"purchasable","21":"product-type-variable","22":"has-default-attributes"},"yoast_head":"<!-- This site is optimized with the Yoast SEO plugin v27.3 - https:\/\/yoast.com\/product\/yoast-seo-wordpress\/ -->\n<title>K\u00f6p Alprazolam pulver - Alprazolam pulver - Best Global Meds<\/title>\n<meta name=\"description\" content=\"K\u00f6p Alprazolam pulver online. \u00c4kta Alprazolam pulver online \u2013 Alprazolam pulver till salu | K\u00f6p Alprazolam pulver online | K\u00f6p Alprazolam pulver till salu| K\u00f6p billigt Alprazolam pulver | Var kan man k\u00f6pa Alprazolam-pulver online\" \/>\n<meta name=\"robots\" content=\"index, follow, max-snippet:-1, max-image-preview:large, max-video-preview:-1\" \/>\n<link rel=\"canonical\" href=\"https:\/\/medicinasinc.com\/se\/product\/kop-alprazolam-pulver\/\" \/>\n<meta property=\"og:locale\" content=\"sv_SE\" \/>\n<meta property=\"og:type\" content=\"article\" \/>\n<meta property=\"og:title\" content=\"K\u00f6p Alprazolam pulver - Alprazolam pulver - Best Global Meds\" \/>\n<meta property=\"og:description\" content=\"K\u00f6p Alprazolam pulver online. \u00c4kta Alprazolam pulver online \u2013 Alprazolam pulver till salu | K\u00f6p Alprazolam pulver online | K\u00f6p Alprazolam pulver till salu| K\u00f6p billigt Alprazolam pulver | Var kan man k\u00f6pa Alprazolam-pulver online\" \/>\n<meta property=\"og:url\" content=\"https:\/\/medicinasinc.com\/se\/product\/kop-alprazolam-pulver\/\" \/>\n<meta property=\"og:site_name\" content=\"Medicinas Inc\" \/>\n<meta property=\"article:modified_time\" content=\"2022-07-03T23:28:00+00:00\" \/>\n<meta property=\"og:image\" content=\"https:\/\/medicinasinc.com\/se\/wp-content\/uploads\/sites\/16\/2022\/02\/Buy-Alprazolam-powder.jpg\" \/>\n\t<meta property=\"og:image:width\" content=\"259\" \/>\n\t<meta property=\"og:image:height\" content=\"194\" \/>\n\t<meta property=\"og:image:type\" content=\"image\/jpeg\" \/>\n<meta name=\"twitter:card\" content=\"summary_large_image\" \/>\n<meta name=\"twitter:label1\" content=\"Ber\u00e4knad l\u00e4stid\" \/>\n\t<meta name=\"twitter:data1\" content=\"2 minuter\" \/>\n<script type=\"application\/ld+json\" class=\"yoast-schema-graph\">{\"@context\":\"https:\\\/\\\/schema.org\",\"@graph\":[{\"@type\":\"WebPage\",\"@id\":\"https:\\\/\\\/medicinasinc.com\\\/se\\\/product\\\/kop-alprazolam-pulver\\\/\",\"url\":\"https:\\\/\\\/medicinasinc.com\\\/se\\\/product\\\/kop-alprazolam-pulver\\\/\",\"name\":\"K\u00f6p Alprazolam pulver - Alprazolam pulver - Best Global Meds\",\"isPartOf\":{\"@id\":\"https:\\\/\\\/medicinasinc.com\\\/se\\\/#website\"},\"primaryImageOfPage\":{\"@id\":\"https:\\\/\\\/medicinasinc.com\\\/se\\\/product\\\/kop-alprazolam-pulver\\\/#primaryimage\"},\"image\":{\"@id\":\"https:\\\/\\\/medicinasinc.com\\\/se\\\/product\\\/kop-alprazolam-pulver\\\/#primaryimage\"},\"thumbnailUrl\":\"https:\\\/\\\/medicinasinc.com\\\/se\\\/wp-content\\\/uploads\\\/sites\\\/16\\\/2022\\\/02\\\/Buy-Alprazolam-powder.jpg\",\"datePublished\":\"2022-02-21T23:35:16+00:00\",\"dateModified\":\"2022-07-03T23:28:00+00:00\",\"description\":\"K\u00f6p Alprazolam pulver online. \u00c4kta Alprazolam pulver online \u2013 Alprazolam pulver till salu | K\u00f6p Alprazolam pulver online | K\u00f6p Alprazolam pulver till salu| K\u00f6p billigt Alprazolam pulver | Var kan man k\u00f6pa Alprazolam-pulver online\",\"breadcrumb\":{\"@id\":\"https:\\\/\\\/medicinasinc.com\\\/se\\\/product\\\/kop-alprazolam-pulver\\\/#breadcrumb\"},\"inLanguage\":\"sv-SE\",\"potentialAction\":[{\"@type\":\"ReadAction\",\"target\":[\"https:\\\/\\\/medicinasinc.com\\\/se\\\/product\\\/kop-alprazolam-pulver\\\/\"]}]},{\"@type\":\"ImageObject\",\"inLanguage\":\"sv-SE\",\"@id\":\"https:\\\/\\\/medicinasinc.com\\\/se\\\/product\\\/kop-alprazolam-pulver\\\/#primaryimage\",\"url\":\"https:\\\/\\\/medicinasinc.com\\\/se\\\/wp-content\\\/uploads\\\/sites\\\/16\\\/2022\\\/02\\\/Buy-Alprazolam-powder.jpg\",\"contentUrl\":\"https:\\\/\\\/medicinasinc.com\\\/se\\\/wp-content\\\/uploads\\\/sites\\\/16\\\/2022\\\/02\\\/Buy-Alprazolam-powder.jpg\",\"width\":259,\"height\":194},{\"@type\":\"BreadcrumbList\",\"@id\":\"https:\\\/\\\/medicinasinc.com\\\/se\\\/product\\\/kop-alprazolam-pulver\\\/#breadcrumb\",\"itemListElement\":[{\"@type\":\"ListItem\",\"position\":1,\"name\":\"aff\u00e4r\",\"item\":\"https:\\\/\\\/medicinasinc.com\\\/se\\\/affar\\\/\"},{\"@type\":\"ListItem\",\"position\":2,\"name\":\"K\u00f6p Alprazolam pulver\"}]},{\"@type\":\"WebSite\",\"@id\":\"https:\\\/\\\/medicinasinc.com\\\/se\\\/#website\",\"url\":\"https:\\\/\\\/medicinasinc.com\\\/se\\\/\",\"name\":\"Medicinas Inc\",\"description\":\"Health Medical Clinic\",\"potentialAction\":[{\"@type\":\"SearchAction\",\"target\":{\"@type\":\"EntryPoint\",\"urlTemplate\":\"https:\\\/\\\/medicinasinc.com\\\/se\\\/?s={search_term_string}\"},\"query-input\":{\"@type\":\"PropertyValueSpecification\",\"valueRequired\":true,\"valueName\":\"search_term_string\"}}],\"inLanguage\":\"sv-SE\"}]}<\/script>\n<!-- \/ Yoast SEO plugin. -->","yoast_head_json":{"title":"K\u00f6p Alprazolam pulver - Alprazolam pulver - Best Global Meds","description":"K\u00f6p Alprazolam pulver online. \u00c4kta Alprazolam pulver online \u2013 Alprazolam pulver till salu | K\u00f6p Alprazolam pulver online | K\u00f6p Alprazolam pulver till salu| K\u00f6p billigt Alprazolam pulver | Var kan man k\u00f6pa Alprazolam-pulver online","robots":{"index":"index","follow":"follow","max-snippet":"max-snippet:-1","max-image-preview":"max-image-preview:large","max-video-preview":"max-video-preview:-1"},"canonical":"https:\/\/medicinasinc.com\/se\/product\/kop-alprazolam-pulver\/","og_locale":"sv_SE","og_type":"article","og_title":"K\u00f6p Alprazolam pulver - Alprazolam pulver - Best Global Meds","og_description":"K\u00f6p Alprazolam pulver online. \u00c4kta Alprazolam pulver online \u2013 Alprazolam pulver till salu | K\u00f6p Alprazolam pulver online | K\u00f6p Alprazolam pulver till salu| K\u00f6p billigt Alprazolam pulver | Var kan man k\u00f6pa Alprazolam-pulver online","og_url":"https:\/\/medicinasinc.com\/se\/product\/kop-alprazolam-pulver\/","og_site_name":"Medicinas Inc","article_modified_time":"2022-07-03T23:28:00+00:00","og_image":[{"width":259,"height":194,"url":"https:\/\/medicinasinc.com\/se\/wp-content\/uploads\/sites\/16\/2022\/02\/Buy-Alprazolam-powder.jpg","type":"image\/jpeg"}],"twitter_card":"summary_large_image","twitter_misc":{"Ber\u00e4knad l\u00e4stid":"2 minuter"},"schema":{"@context":"https:\/\/schema.org","@graph":[{"@type":"WebPage","@id":"https:\/\/medicinasinc.com\/se\/product\/kop-alprazolam-pulver\/","url":"https:\/\/medicinasinc.com\/se\/product\/kop-alprazolam-pulver\/","name":"K\u00f6p Alprazolam pulver - Alprazolam pulver - Best Global Meds","isPartOf":{"@id":"https:\/\/medicinasinc.com\/se\/#website"},"primaryImageOfPage":{"@id":"https:\/\/medicinasinc.com\/se\/product\/kop-alprazolam-pulver\/#primaryimage"},"image":{"@id":"https:\/\/medicinasinc.com\/se\/product\/kop-alprazolam-pulver\/#primaryimage"},"thumbnailUrl":"https:\/\/medicinasinc.com\/se\/wp-content\/uploads\/sites\/16\/2022\/02\/Buy-Alprazolam-powder.jpg","datePublished":"2022-02-21T23:35:16+00:00","dateModified":"2022-07-03T23:28:00+00:00","description":"K\u00f6p Alprazolam pulver online. \u00c4kta Alprazolam pulver online \u2013 Alprazolam pulver till salu | K\u00f6p Alprazolam pulver online | K\u00f6p Alprazolam pulver till salu| K\u00f6p billigt Alprazolam pulver | Var kan man k\u00f6pa Alprazolam-pulver online","breadcrumb":{"@id":"https:\/\/medicinasinc.com\/se\/product\/kop-alprazolam-pulver\/#breadcrumb"},"inLanguage":"sv-SE","potentialAction":[{"@type":"ReadAction","target":["https:\/\/medicinasinc.com\/se\/product\/kop-alprazolam-pulver\/"]}]},{"@type":"ImageObject","inLanguage":"sv-SE","@id":"https:\/\/medicinasinc.com\/se\/product\/kop-alprazolam-pulver\/#primaryimage","url":"https:\/\/medicinasinc.com\/se\/wp-content\/uploads\/sites\/16\/2022\/02\/Buy-Alprazolam-powder.jpg","contentUrl":"https:\/\/medicinasinc.com\/se\/wp-content\/uploads\/sites\/16\/2022\/02\/Buy-Alprazolam-powder.jpg","width":259,"height":194},{"@type":"BreadcrumbList","@id":"https:\/\/medicinasinc.com\/se\/product\/kop-alprazolam-pulver\/#breadcrumb","itemListElement":[{"@type":"ListItem","position":1,"name":"aff\u00e4r","item":"https:\/\/medicinasinc.com\/se\/affar\/"},{"@type":"ListItem","position":2,"name":"K\u00f6p Alprazolam pulver"}]},{"@type":"WebSite","@id":"https:\/\/medicinasinc.com\/se\/#website","url":"https:\/\/medicinasinc.com\/se\/","name":"Medicinas Inc","description":"Health Medical Clinic","potentialAction":[{"@type":"SearchAction","target":{"@type":"EntryPoint","urlTemplate":"https:\/\/medicinasinc.com\/se\/?s={search_term_string}"},"query-input":{"@type":"PropertyValueSpecification","valueRequired":true,"valueName":"search_term_string"}}],"inLanguage":"sv-SE"}]}},"_links":{"self":[{"href":"https:\/\/medicinasinc.com\/se\/wp-json\/wp\/v2\/product\/5442","targetHints":{"allow":["GET"]}}],"collection":[{"href":"https:\/\/medicinasinc.com\/se\/wp-json\/wp\/v2\/product"}],"about":[{"href":"https:\/\/medicinasinc.com\/se\/wp-json\/wp\/v2\/types\/product"}],"replies":[{"embeddable":true,"href":"https:\/\/medicinasinc.com\/se\/wp-json\/wp\/v2\/comments?post=5442"}],"wp:featuredmedia":[{"embeddable":true,"href":"https:\/\/medicinasinc.com\/se\/wp-json\/wp\/v2\/media\/5453"}],"wp:attachment":[{"href":"https:\/\/medicinasinc.com\/se\/wp-json\/wp\/v2\/media?parent=5442"}],"wp:term":[{"taxonomy":"product_brand","embeddable":true,"href":"https:\/\/medicinasinc.com\/se\/wp-json\/wp\/v2\/product_brand?post=5442"},{"taxonomy":"product_cat","embeddable":true,"href":"https:\/\/medicinasinc.com\/se\/wp-json\/wp\/v2\/product_cat?post=5442"},{"taxonomy":"product_tag","embeddable":true,"href":"https:\/\/medicinasinc.com\/se\/wp-json\/wp\/v2\/product_tag?post=5442"}],"curies":[{"name":"wp","href":"https:\/\/api.w.org\/{rel}","templated":true}]}}