{"id":5441,"date":"2022-02-21T23:32:20","date_gmt":"2022-02-21T23:32:20","guid":{"rendered":"https:\/\/medicinasinc.com\/se\/?post_type=product&#038;p=5441"},"modified":"2022-07-03T23:28:28","modified_gmt":"2022-07-03T23:28:28","slug":"kop-alfa-pvp","status":"publish","type":"product","link":"https:\/\/medicinasinc.com\/se\/product\/kop-alfa-pvp\/","title":{"rendered":"K\u00f6p Alpha-PVP"},"content":{"rendered":"<p>Onlinek\u00f6p av Alpha-PVP<\/p>\n<p>Alpha-PVP \u00e4r ett syntetiskt stimulerande medel som anv\u00e4nds inom det medicinska omr\u00e5det f\u00f6r att behandla en m\u00e4ngd olika sjukdomar. Alpha klassas som en prodrug i katinonklassen. Alpha PVP skapades f\u00f6rst som ett designerl\u00e4kemedel. Det \u00e4r nu mycket popul\u00e4rt bland m\u00e4nniskor f\u00f6r andra \u00e4ndam\u00e5l, s\u00e5som sm\u00e4rtlindring. Detta syntetiska stimulerande medel anv\u00e4nds f\u00f6r att tillfredsst\u00e4lla droganv\u00e4ndarnas behov. Den blev popul\u00e4r 40 \u00e5r efter lanseringen av sin f\u00f6rsta produkt, \u00e5r 2000. Det viktigaste att komma ih\u00e5g \u00e4r att den inte anv\u00e4ndes av ens en liten grupp m\u00e4nniskor mellan dessa \u00e5r. Men sedan 2000 och fram till nu har den vuxit i popularitet till den grad att den anv\u00e4nds av n\u00e4stan 70 % av v\u00e4rldens befolkning.<\/p>\n<p>Orsaken till populariteten f\u00f6r Alpha-PVP psykedeliska droger<\/p>\n<p>Var kan jag f\u00e5 PVP? Alpha-PVP<\/p>\n<p>Alpha-PVP \u00e4r en medlem av den vanligaste klassen av prodrugs och anv\u00e4nds flitigt. Den fr\u00e4msta anledningen till dess popularitet \u00e4r dess h\u00f6ga styrka och snabba verkan. Det fungerar p\u00e5 samma s\u00e4tt som andra stimulantia genom att det verkar direkt p\u00e5 det centrala nervsystemet.<\/p>\n<p>Den fungerar dock snabbt och fris\u00e4tter hormoner f\u00f6r att utf\u00f6ra \u00f6nskade \u00e5tg\u00e4rder. P\u00e5 grund av sitt verkningss\u00e4tt \u00e4r Alpha PVP ocks\u00e5 k\u00e4nt som ett stimulerande medel f\u00f6r centrala nervsystemet.<\/p>\n<p>Alpha-PVP psykedeliska l\u00e4kemedel f\u00f6r medicinska \u00e4ndam\u00e5l<\/p>\n<p>Alpha-PVP hj\u00e4lper ocks\u00e5 det m\u00e4nskliga sinnet i kontrollera flyktiga k\u00e4nslor som gl\u00e4dje, sorg eller sm\u00e4rta. Detta l\u00e4kemedel hj\u00e4lper sinnet att f\u00f6rest\u00e4lla sig en normal ram f\u00f6r att fungera normalt och utan sv\u00e5righet. P\u00e5 detta s\u00e4tt anv\u00e4nds Alpha-PVP f\u00f6r att lindra alla typer av chock.<\/p>\n<p>Denna prodrug anv\u00e4nds p\u00e5 dansklubbar och barer. Detta anv\u00e4nds dock endast i vissa behandlingar enligt l\u00e4kares order.<\/p>\n<p>L\u00e4karna behandlar patienterna med Alpha-PVP-baserade l\u00e4kemedel. Den prim\u00e4ra applikationen \u00e4r att behandla depression och \u00e5ngest.<\/p>\n<p>Detta \u00e4r n\u00e5gra av de viktigaste funktionerna som driver \u00f6kningen av Alpha-PVP-anv\u00e4ndningen. Det blir allt mer popul\u00e4rt inom b\u00e5da verksamhetsomr\u00e5dena.<\/p>\n<p>Hur man k\u00f6per a-PVP s\u00e4kert \u2013 Beskrivning<\/p>\n<p>Systematisk IUPAC-namn: 1-Phenyl-2-(1-pyrrolidinyl)-1 -pentanon Fullst\u00e4ndigt kemiskt namn: alfa-Pyrrolidinopentiofenon<br \/> CAS-nr 14530-33-7<br \/> MolekylformelC15H21NO Molekylmassa231,333 g\/mol ChemSpider Number9324063<\/p>\n<p>Pyrrolidinovapentiofenon, (Pyrrolidinovapentiofenon, PVP, alfa-PVP, O-2387, -keton-prolintan) \u00e4r en stimulerande f\u00f6rening som uppt\u00e4cktes p\u00e5 1960-talet och som \u00e4r relaterad till pyrovaleron och \u00e4r ketonanalogen till prolintan.<\/p>\n<p>I stor skala, v\u00e5r online butikserbjudanden med Alpha-PVP. Du kan f\u00e5 de produkter du vill ha till mycket l\u00e5ga priser. Du kommer ocks\u00e5 att f\u00e5 produkten p\u00e5 kort tid tack vare v\u00e5ra onlineleveranstj\u00e4nster.<\/p>\n","protected":false},"excerpt":{"rendered":"<div class=\"woocommerce-product-details__short-description\">\n<p>letar efter att k\u00f6pa billig A-pvp, k\u00f6pa alpha-Pyrrolidinopentiophenone till salu Storbritannien, Europa i v\u00e5r medicinasinc.com\/se-butik med snabb v\u00e4rldsomsp\u00e4nnande leverans! Den b\u00e4sta A-pvp f\u00f6r best\u00e4llning hittar du h\u00e4r! <em>\u03b1<\/em>&#8211;<em>PVP<\/em>(fullst\u00e4ndigt namn \u00e4r:<em>\u03b1<\/em>&#8211;<em>Pyrrolidinopentiofenon<\/em>) \u00e4ven k\u00e4nd som\u00a0<em>alfa<\/em>-pyrrolidinovalerofenon, A-<em>PVP<\/em>,\u00a0<em>alfa<\/em>&#8211;<em>PVP<\/em>,<\/p>\n<p>Vad exakt \u00e4r a-PVP?<br \/> A-PVP (alfa-pyrrolidinovalerofenon, -PVP, alfa-PVP, O-2387, -keton-prolintan) \u00e4r en stimulerande f\u00f6rening som utvecklades p\u00e5 1960-talet och som \u00e4r relaterad till pyrovaleron och \u00e4r ketonanalog av prolintan.<\/p>\n<\/p><\/div>\n","protected":false},"featured_media":5451,"comment_status":"open","ping_status":"closed","template":"","meta":[],"product_brand":[],"product_cat":[2014],"product_tag":[2665,2666,2667,2669,2670,2671,2674,2676,2675,2677,2680,2668,2678,2673,2672,2681,2683,2682,2685,2679,2684,2688,2686,2687,2689,2711,2712,2713,2690,2691,2692,2699,2700,2701,2702,2707,2708,2716,2663,2664,2694,2714,2697,2696,2698,2695,2693,2705,2703,2706,2709,2704,2710,2715,2717,2718],"class_list":{"0":"post-5441","1":"product","2":"type-product","3":"status-publish","4":"has-post-thumbnail","6":"product_cat-kop-research-chemicals","7":"product_tag-a-pvp-powder-or-crystals","8":"product_tag-a-pvp","9":"product_tag-a-pvp-pulver","10":"product_tag-a-pvp-crystal","11":"product_tag-a-pvp-kristall-australien","12":"product_tag-a-pvp-kristall-kanada","13":"product_tag-a-pvp-crystal-review","14":"product_tag-a-pvp-crystal-uk","15":"product_tag-a-pvp-crystal-supplier","16":"product_tag-a-pvp-crystal-usa","17":"product_tag-a-pvp-for-sale-online","18":"product_tag-a-pvp-buy-usa","19":"product_tag-en-pvp-kristall-frsljure","20":"product_tag-a-pvp-kristall-till-salu","21":"product_tag--pvp-kristalldosering","22":"product_tag-a-pvp-powders","23":"product_tag-a-pvp-recension","24":"product_tag-a-pvp-reddit","25":"product_tag-a-pvp-stimulanter-till-salu","26":"product_tag-a-pvp-till-salu","27":"product_tag-a-pvp-stimulator","28":"product_tag-alfa-pvp-effekt","29":"product_tag-alpha-pvp-till-salu","30":"product_tag-alpha-pvp-wiki","31":"product_tag-apvp-pulver","32":"product_tag-bestlla-en-pvp","33":"product_tag-bestll-en-pvp-kristall","34":"product_tag-bestll-en-pvp-online","35":"product_tag-buy-a-pvp","36":"product_tag-buy-a-pvp-powder-for-sale","37":"product_tag-buy-a-pvp-big-crystal","38":"product_tag-buy-a-pvp-big-crystalxp-net","39":"product_tag-buy-a-pvp-crystal-online","40":"product_tag-buy-a-pvp-online","41":"product_tag-buy-a-pvp-powder","42":"product_tag-buy-alpha-pvp","43":"product_tag-buy-apvp-overnight-shipping","44":"product_tag-det-bsta-stllet-att-kpa-en-pvp-online","45":"product_tag-a-pvp-kp","46":"product_tag-a-pvp-pulver-till-frsljning","47":"product_tag-kp-en-pvp-stora-kristaller","48":"product_tag-kp-en-pvp-online","49":"product_tag-kp-en-pvp-big-crystals-made","50":"product_tag-kp-en-pvp-stora-kristaller-fri","51":"product_tag-kp-en-pvp-stora-kristaller-online","52":"product_tag-kp-en-pvp-stora-kristaller-till-frsljning","53":"product_tag-kp-en-pvp-big-crystal-rapportr","54":"product_tag-k-c3-b6p-och-pvp-pulver","55":"product_tag-k-c3-b6p-a-pvp-pulverprodukter","56":"product_tag-kp-en-pvp-stimulant","57":"product_tag-kp-apvp-usa-kreditkort","58":"product_tag-buy-a-pvp-powder-recensioner","59":"product_tag-mail-a-pvp","60":"product_tag-ren-en-pvp-kristall","61":"product_tag-var-att-kpa-en-pvp","62":"product_tag-var-att-kpa-en-pvp-online","64":"first","65":"instock","66":"shipping-taxable","67":"purchasable","68":"product-type-variable"},"yoast_head":"<!-- This site is optimized with the Yoast SEO plugin v27.3 - https:\/\/yoast.com\/product\/yoast-seo-wordpress\/ -->\n<title>K\u00f6p Alpha-PVP - Alpha-PVP Till salu - B\u00e4sta b\u00e4sta globala medicinerna<\/title>\n<meta name=\"description\" content=\"K\u00f6p A-pvp, k\u00f6p alpha-Pyrrolidinopentiophenone till salu Storbritannien, Europa i v\u00e5r medicinasinc.com\/se-butik med snabb v\u00e4rldsomsp\u00e4nnande frakt! Den b\u00e4sta A-pvp f\u00f6r best\u00e4llning hittar du h\u00e4r!\" \/>\n<meta name=\"robots\" content=\"index, follow, max-snippet:-1, max-image-preview:large, max-video-preview:-1\" \/>\n<link rel=\"canonical\" href=\"https:\/\/medicinasinc.com\/se\/product\/kop-alfa-pvp\/\" \/>\n<meta property=\"og:locale\" content=\"sv_SE\" \/>\n<meta property=\"og:type\" content=\"article\" \/>\n<meta property=\"og:title\" content=\"K\u00f6p Alpha-PVP - Alpha-PVP Till salu - B\u00e4sta b\u00e4sta globala medicinerna\" \/>\n<meta property=\"og:description\" content=\"K\u00f6p A-pvp, k\u00f6p alpha-Pyrrolidinopentiophenone till salu Storbritannien, Europa i v\u00e5r medicinasinc.com\/se-butik med snabb v\u00e4rldsomsp\u00e4nnande frakt! Den b\u00e4sta A-pvp f\u00f6r best\u00e4llning hittar du h\u00e4r!\" \/>\n<meta property=\"og:url\" content=\"https:\/\/medicinasinc.com\/se\/product\/kop-alfa-pvp\/\" \/>\n<meta property=\"og:site_name\" content=\"Medicinas Inc\" \/>\n<meta property=\"article:modified_time\" content=\"2022-07-03T23:28:28+00:00\" \/>\n<meta property=\"og:image\" content=\"https:\/\/medicinasinc.com\/se\/wp-content\/uploads\/sites\/16\/2022\/02\/Buy-alpha-pvp.jpg\" \/>\n\t<meta property=\"og:image:width\" content=\"458\" \/>\n\t<meta property=\"og:image:height\" content=\"458\" \/>\n\t<meta property=\"og:image:type\" content=\"image\/jpeg\" \/>\n<meta name=\"twitter:card\" content=\"summary_large_image\" \/>\n<meta name=\"twitter:label1\" content=\"Ber\u00e4knad l\u00e4stid\" \/>\n\t<meta name=\"twitter:data1\" content=\"2 minuter\" \/>\n<script type=\"application\/ld+json\" class=\"yoast-schema-graph\">{\"@context\":\"https:\\\/\\\/schema.org\",\"@graph\":[{\"@type\":\"WebPage\",\"@id\":\"https:\\\/\\\/medicinasinc.com\\\/se\\\/product\\\/kop-alfa-pvp\\\/\",\"url\":\"https:\\\/\\\/medicinasinc.com\\\/se\\\/product\\\/kop-alfa-pvp\\\/\",\"name\":\"K\u00f6p Alpha-PVP - Alpha-PVP Till salu - B\u00e4sta b\u00e4sta globala medicinerna\",\"isPartOf\":{\"@id\":\"https:\\\/\\\/medicinasinc.com\\\/se\\\/#website\"},\"primaryImageOfPage\":{\"@id\":\"https:\\\/\\\/medicinasinc.com\\\/se\\\/product\\\/kop-alfa-pvp\\\/#primaryimage\"},\"image\":{\"@id\":\"https:\\\/\\\/medicinasinc.com\\\/se\\\/product\\\/kop-alfa-pvp\\\/#primaryimage\"},\"thumbnailUrl\":\"https:\\\/\\\/medicinasinc.com\\\/se\\\/wp-content\\\/uploads\\\/sites\\\/16\\\/2022\\\/02\\\/Buy-alpha-pvp.jpg\",\"datePublished\":\"2022-02-21T23:32:20+00:00\",\"dateModified\":\"2022-07-03T23:28:28+00:00\",\"description\":\"K\u00f6p A-pvp, k\u00f6p alpha-Pyrrolidinopentiophenone till salu Storbritannien, Europa i v\u00e5r medicinasinc.com\\\/se-butik med snabb v\u00e4rldsomsp\u00e4nnande frakt! Den b\u00e4sta A-pvp f\u00f6r best\u00e4llning hittar du h\u00e4r!\",\"breadcrumb\":{\"@id\":\"https:\\\/\\\/medicinasinc.com\\\/se\\\/product\\\/kop-alfa-pvp\\\/#breadcrumb\"},\"inLanguage\":\"sv-SE\",\"potentialAction\":[{\"@type\":\"ReadAction\",\"target\":[\"https:\\\/\\\/medicinasinc.com\\\/se\\\/product\\\/kop-alfa-pvp\\\/\"]}]},{\"@type\":\"ImageObject\",\"inLanguage\":\"sv-SE\",\"@id\":\"https:\\\/\\\/medicinasinc.com\\\/se\\\/product\\\/kop-alfa-pvp\\\/#primaryimage\",\"url\":\"https:\\\/\\\/medicinasinc.com\\\/se\\\/wp-content\\\/uploads\\\/sites\\\/16\\\/2022\\\/02\\\/Buy-alpha-pvp.jpg\",\"contentUrl\":\"https:\\\/\\\/medicinasinc.com\\\/se\\\/wp-content\\\/uploads\\\/sites\\\/16\\\/2022\\\/02\\\/Buy-alpha-pvp.jpg\",\"width\":458,\"height\":458},{\"@type\":\"BreadcrumbList\",\"@id\":\"https:\\\/\\\/medicinasinc.com\\\/se\\\/product\\\/kop-alfa-pvp\\\/#breadcrumb\",\"itemListElement\":[{\"@type\":\"ListItem\",\"position\":1,\"name\":\"aff\u00e4r\",\"item\":\"https:\\\/\\\/medicinasinc.com\\\/se\\\/affar\\\/\"},{\"@type\":\"ListItem\",\"position\":2,\"name\":\"K\u00f6p Alpha-PVP\"}]},{\"@type\":\"WebSite\",\"@id\":\"https:\\\/\\\/medicinasinc.com\\\/se\\\/#website\",\"url\":\"https:\\\/\\\/medicinasinc.com\\\/se\\\/\",\"name\":\"Medicinas Inc\",\"description\":\"Health Medical Clinic\",\"potentialAction\":[{\"@type\":\"SearchAction\",\"target\":{\"@type\":\"EntryPoint\",\"urlTemplate\":\"https:\\\/\\\/medicinasinc.com\\\/se\\\/?s={search_term_string}\"},\"query-input\":{\"@type\":\"PropertyValueSpecification\",\"valueRequired\":true,\"valueName\":\"search_term_string\"}}],\"inLanguage\":\"sv-SE\"}]}<\/script>\n<!-- \/ Yoast SEO plugin. -->","yoast_head_json":{"title":"K\u00f6p Alpha-PVP - Alpha-PVP Till salu - B\u00e4sta b\u00e4sta globala medicinerna","description":"K\u00f6p A-pvp, k\u00f6p alpha-Pyrrolidinopentiophenone till salu Storbritannien, Europa i v\u00e5r medicinasinc.com\/se-butik med snabb v\u00e4rldsomsp\u00e4nnande frakt! Den b\u00e4sta A-pvp f\u00f6r best\u00e4llning hittar du h\u00e4r!","robots":{"index":"index","follow":"follow","max-snippet":"max-snippet:-1","max-image-preview":"max-image-preview:large","max-video-preview":"max-video-preview:-1"},"canonical":"https:\/\/medicinasinc.com\/se\/product\/kop-alfa-pvp\/","og_locale":"sv_SE","og_type":"article","og_title":"K\u00f6p Alpha-PVP - Alpha-PVP Till salu - B\u00e4sta b\u00e4sta globala medicinerna","og_description":"K\u00f6p A-pvp, k\u00f6p alpha-Pyrrolidinopentiophenone till salu Storbritannien, Europa i v\u00e5r medicinasinc.com\/se-butik med snabb v\u00e4rldsomsp\u00e4nnande frakt! Den b\u00e4sta A-pvp f\u00f6r best\u00e4llning hittar du h\u00e4r!","og_url":"https:\/\/medicinasinc.com\/se\/product\/kop-alfa-pvp\/","og_site_name":"Medicinas Inc","article_modified_time":"2022-07-03T23:28:28+00:00","og_image":[{"width":458,"height":458,"url":"https:\/\/medicinasinc.com\/se\/wp-content\/uploads\/sites\/16\/2022\/02\/Buy-alpha-pvp.jpg","type":"image\/jpeg"}],"twitter_card":"summary_large_image","twitter_misc":{"Ber\u00e4knad l\u00e4stid":"2 minuter"},"schema":{"@context":"https:\/\/schema.org","@graph":[{"@type":"WebPage","@id":"https:\/\/medicinasinc.com\/se\/product\/kop-alfa-pvp\/","url":"https:\/\/medicinasinc.com\/se\/product\/kop-alfa-pvp\/","name":"K\u00f6p Alpha-PVP - Alpha-PVP Till salu - B\u00e4sta b\u00e4sta globala medicinerna","isPartOf":{"@id":"https:\/\/medicinasinc.com\/se\/#website"},"primaryImageOfPage":{"@id":"https:\/\/medicinasinc.com\/se\/product\/kop-alfa-pvp\/#primaryimage"},"image":{"@id":"https:\/\/medicinasinc.com\/se\/product\/kop-alfa-pvp\/#primaryimage"},"thumbnailUrl":"https:\/\/medicinasinc.com\/se\/wp-content\/uploads\/sites\/16\/2022\/02\/Buy-alpha-pvp.jpg","datePublished":"2022-02-21T23:32:20+00:00","dateModified":"2022-07-03T23:28:28+00:00","description":"K\u00f6p A-pvp, k\u00f6p alpha-Pyrrolidinopentiophenone till salu Storbritannien, Europa i v\u00e5r medicinasinc.com\/se-butik med snabb v\u00e4rldsomsp\u00e4nnande frakt! Den b\u00e4sta A-pvp f\u00f6r best\u00e4llning hittar du h\u00e4r!","breadcrumb":{"@id":"https:\/\/medicinasinc.com\/se\/product\/kop-alfa-pvp\/#breadcrumb"},"inLanguage":"sv-SE","potentialAction":[{"@type":"ReadAction","target":["https:\/\/medicinasinc.com\/se\/product\/kop-alfa-pvp\/"]}]},{"@type":"ImageObject","inLanguage":"sv-SE","@id":"https:\/\/medicinasinc.com\/se\/product\/kop-alfa-pvp\/#primaryimage","url":"https:\/\/medicinasinc.com\/se\/wp-content\/uploads\/sites\/16\/2022\/02\/Buy-alpha-pvp.jpg","contentUrl":"https:\/\/medicinasinc.com\/se\/wp-content\/uploads\/sites\/16\/2022\/02\/Buy-alpha-pvp.jpg","width":458,"height":458},{"@type":"BreadcrumbList","@id":"https:\/\/medicinasinc.com\/se\/product\/kop-alfa-pvp\/#breadcrumb","itemListElement":[{"@type":"ListItem","position":1,"name":"aff\u00e4r","item":"https:\/\/medicinasinc.com\/se\/affar\/"},{"@type":"ListItem","position":2,"name":"K\u00f6p Alpha-PVP"}]},{"@type":"WebSite","@id":"https:\/\/medicinasinc.com\/se\/#website","url":"https:\/\/medicinasinc.com\/se\/","name":"Medicinas Inc","description":"Health Medical Clinic","potentialAction":[{"@type":"SearchAction","target":{"@type":"EntryPoint","urlTemplate":"https:\/\/medicinasinc.com\/se\/?s={search_term_string}"},"query-input":{"@type":"PropertyValueSpecification","valueRequired":true,"valueName":"search_term_string"}}],"inLanguage":"sv-SE"}]}},"_links":{"self":[{"href":"https:\/\/medicinasinc.com\/se\/wp-json\/wp\/v2\/product\/5441","targetHints":{"allow":["GET"]}}],"collection":[{"href":"https:\/\/medicinasinc.com\/se\/wp-json\/wp\/v2\/product"}],"about":[{"href":"https:\/\/medicinasinc.com\/se\/wp-json\/wp\/v2\/types\/product"}],"replies":[{"embeddable":true,"href":"https:\/\/medicinasinc.com\/se\/wp-json\/wp\/v2\/comments?post=5441"}],"wp:featuredmedia":[{"embeddable":true,"href":"https:\/\/medicinasinc.com\/se\/wp-json\/wp\/v2\/media\/5451"}],"wp:attachment":[{"href":"https:\/\/medicinasinc.com\/se\/wp-json\/wp\/v2\/media?parent=5441"}],"wp:term":[{"taxonomy":"product_brand","embeddable":true,"href":"https:\/\/medicinasinc.com\/se\/wp-json\/wp\/v2\/product_brand?post=5441"},{"taxonomy":"product_cat","embeddable":true,"href":"https:\/\/medicinasinc.com\/se\/wp-json\/wp\/v2\/product_cat?post=5441"},{"taxonomy":"product_tag","embeddable":true,"href":"https:\/\/medicinasinc.com\/se\/wp-json\/wp\/v2\/product_tag?post=5441"}],"curies":[{"name":"wp","href":"https:\/\/api.w.org\/{rel}","templated":true}]}}