{"id":5440,"date":"2022-02-21T23:30:16","date_gmt":"2022-02-21T23:30:16","guid":{"rendered":"https:\/\/medicinasinc.com\/se\/?post_type=product&#038;p=5440"},"modified":"2022-07-03T23:28:40","modified_gmt":"2022-07-03T23:28:40","slug":"buy-ald-52-blotters","status":"publish","type":"product","link":"https:\/\/medicinasinc.com\/se\/product\/buy-ald-52-blotters\/","title":{"rendered":"K\u00f6p ALD-52 Blotters"},"content":{"rendered":"<p>ALD-52 Blotters kan k\u00f6pas online. Blotters inneh\u00e5llande 100mcg ALD-52<\/p>\n<p>ALD-52 Blotters kan k\u00f6pas online.<\/p>\n<p>Blotters inneh\u00e5llande 100mcg ALD-52<\/p>\n<p>ALD 52 Blotter, K\u00f6p ALD 52 Blotter <\/p>\n<p>ALD-52 \u00e4r ett modernare l\u00e4kemedel som har konsoliderats av olika l\u00e4kemedel p\u00e5 grund av en f\u00f6rsenad ALD-52-historia och olika andra ALD-52-namn. ALD-52 k\u00f6ps online av forskare f\u00f6r anv\u00e4ndning inom l\u00e4kemedels-, rekreations- och forskningsdom\u00e4nerna. De psykotropa egenskaperna hos ALD-52 gjorde det otvivelaktigt bland labbarbetare och \u00e4mnesexperter. Ett brett utbud av typiska kunder v\u00e4ljer att k\u00f6pa tillg\u00e4ngliga f\u00f6r att kunna k\u00f6pas f\u00f6r att f\u00e5 sp\u00e4nning, tillfredsst\u00e4llelse, beh\u00e5lla energin och \u00f6ka sexuell aktivitet.<\/p>\n<p>Det \u00e4r viktigt att v\u00e4lja ALD-52 tillverkad med de b\u00e4sta typerna av framsteg genom metoder f\u00f6r helt kontrollerad insamlings\u00e5tg\u00e4rd. Omfattande bidrag p\u00e5 unders\u00f6kningstillverkade blandningar som \u00e4r tillg\u00e4ngliga f\u00f6r ink\u00f6p g\u00f6rs p\u00e5 marknaden m\u00f6jliga f\u00f6r att kontrollera tillst\u00e5ndet f\u00f6r utf\u00f6rande skapande \u00e5tg\u00e4rder i kinesiska labb d\u00e4r alla duschsalter tillverkas.<\/p>\n<p>Som en o\u00f6vertr\u00e4ffad leverant\u00f6r arbetar v\u00e5r organisation direkt med legitima kinesiska organisationer. Det l\u00e5ter dig byta duschsalter av h\u00f6gsta felfrihet och kvalitet. ALD-52 blandas under strikt \u00f6vervakning och i enlighet med alla principer. Att anv\u00e4nda de senaste konsekventa tillg\u00e4ngliga uppgifterna f\u00f6r att ge det mest bl\u00e4ndande priset p\u00e5 den b\u00e4sta platsen f\u00f6r att k\u00f6pa forskningstekniskt material. ALD-52 pellets, ALD-52 fl\u00e4ckytor och ALD-52 pulver transporteras i kinesiska laboratorier. Avs\u00e4ndare av ALD-52 skickar ALD-52 till vilket land som helst. Ett n\u00e4ra samarbete med legitima ALD-52-leverant\u00f6rer s\u00e4kerst\u00e4ller att resultaten av dina tester och unders\u00f6kningar realiseras i tid.<\/p>\n<p>Under l\u00e5ng tid har leverant\u00f6ren varit en p\u00e5litlig tillverkare av utv\u00e4rderingskemikalier. Kunder har gett sajten ett \u00f6verv\u00e4ldigande rykte i hela res chems n\u00e4tverk. ald 52 till salu, ald 52 k\u00f6p, ald 52 k\u00f6p, ald-52 k\u00f6p Som p\u00e5litliga RC-leverant\u00f6rer tillhandah\u00e5ller hela dagen hj\u00e4lp till organisationen med erfarna chefer via livechatt, som har betydande data f\u00f6r att hj\u00e4lpa dig med alla besv\u00e4rliga tillst\u00e5nd.<\/p>\n<p>P\u00e5 enast\u00e5ende unders\u00f6kningskonversationer som \u00e4r tillg\u00e4ngliga att k\u00f6pa onlinekonversationer, kan du hitta positiva reaktioner fr\u00e5n v\u00e5ra k\u00f6pare, som f\u00f6r n\u00e4rvarande \u00e4r n\u00f6jda med de erbjudna typerna av hj\u00e4lp och de b\u00e4sta sakerna som k\u00f6pts fr\u00e5n denna online.<\/p>\n","protected":false},"excerpt":{"rendered":"<div class=\"char\">SPECIFIKATION<\/div>\n<div class=\"specification\">\n<div class=\"sprow\"><span class=\"spname\">Produktnamn:<\/span><span class=\"sptext \">ALD-52<\/span><\/div>\n<div class=\"sprow\"><span class=\"spname\">IUPAC-namn:<\/span><span class=\"sptext\">1-Acetyl-N, N-dietyllysergamide, ALD<\/span><\/div>\n<div class=\"sprow\"><span class=\"spname\">Andra namn:<\/span><span class=\"sptext\">N-acetyl-LSD, Acetyllysergsyradietylamid, d-acetyllysergsyradietylamid, d-acetyldietyllysergamid<\/span><\/div>\n<div class=\"sprow\"><span class=\"spname\">Casnummer:<\/span><span class=\"sptext\">3270-02-8<\/span><\/div>\n<div class=\"sprow\"><span class=\"spname\">Molekylformel:<\/span><span class=\"sptext\">C22H27N3O2<\/span><\/div>\n<div class=\"sprow\"><span class=\"spname\">Molar massa:<\/span><span class=\"sptext\">365,477 g\u2022mol-1<\/span><\/div>\n<div class=\"sprow\"><span class=\"spname\">Effekt:<\/span><span class=\"sptext\">psykedelisk, hallucinogen<\/span><\/div>\n<div class=\"sprow\"><\/div>\n<\/p><\/div>\n<p>K\u00f6p ALD-52 Blotters online. <em>ALD<\/em>\u2013<em>52<\/em>\u00a0\u00e4r N-acetylderivatet av LSD. <strong>100mcg<\/strong>\u00a0ALD-52 Blotters.<\/p>\n<p>ALD-52 till salu i Europa, k\u00f6p med Bitcoin och f\u00e5 diskret frakt fr\u00e5n EU. ALD-52 Blotters till salu, ALD-52 r\u00e5pulver till salu, leverant\u00f6r av forskningskemikalier<\/p>\n<p>Best\u00e4ll ett prov f\u00f6r testning eller k\u00f6p ALD-52 f\u00f6r f\u00f6rs\u00e4ljning med gratis leverans i Storbritannien, USA eller Europa.<\/p>\n","protected":false},"featured_media":5449,"comment_status":"open","ping_status":"closed","template":"","meta":[],"product_brand":[],"product_cat":[2014],"product_tag":[2651,2650,2652,2659,2656,2658,2657,2653,2654,2655,2660,2661,2662],"class_list":{"0":"post-5440","1":"product","2":"type-product","3":"status-publish","4":"has-post-thumbnail","6":"product_cat-kop-research-chemicals","7":"product_tag-ald-52-blotters-online-sales","8":"product_tag-ald-52-blotters-till-salu","9":"product_tag-best-ald-52-blotters-online","10":"product_tag-order-ald-52-blotters-online","11":"product_tag-buy-pure-ald-52-blotters-online","12":"product_tag-diskret-leverantr-ald-52","13":"product_tag-kp-order-ald-52-blsare-online","14":"product_tag-buy-ald-52-blotters-for-resale","15":"product_tag-buy-ald-52-blotters-online","16":"product_tag-buy-legit-ald-52-blotters-online","17":"product_tag-var-att-kpa-ald-52-blotters-online","18":"product_tag-var-att-kpa-rena-ald-52-blotters-online","19":"product_tag-var-att-bestlla-legit-ald-52-blotters-online","21":"first","22":"instock","23":"shipping-taxable","24":"purchasable","25":"product-type-variable","26":"has-default-attributes"},"yoast_head":"<!-- This site is optimized with the Yoast SEO plugin v27.3 - https:\/\/yoast.com\/product\/yoast-seo-wordpress\/ -->\n<title>K\u00f6p ALD-52 Blotters - Kvalitet ALD-52 Blotters - Best Global Meds<\/title>\n<meta name=\"description\" content=\"K\u00f6p ALD-52 Blotters online. k\u00f6p ALD-52 f\u00f6r f\u00f6rs\u00e4ljning och f\u00e5 gratis leverans i Storbritannien, USA eller Europa. ALD-52 \u00e4r N-acetylderivatet av LSD. 100mcg ALD-52 Blotters.\" \/>\n<meta name=\"robots\" content=\"index, follow, max-snippet:-1, max-image-preview:large, max-video-preview:-1\" \/>\n<link rel=\"canonical\" href=\"https:\/\/medicinasinc.com\/se\/product\/buy-ald-52-blotters\/\" \/>\n<meta property=\"og:locale\" content=\"sv_SE\" \/>\n<meta property=\"og:type\" content=\"article\" \/>\n<meta property=\"og:title\" content=\"K\u00f6p ALD-52 Blotters - Kvalitet ALD-52 Blotters - Best Global Meds\" \/>\n<meta property=\"og:description\" content=\"K\u00f6p ALD-52 Blotters online. k\u00f6p ALD-52 f\u00f6r f\u00f6rs\u00e4ljning och f\u00e5 gratis leverans i Storbritannien, USA eller Europa. ALD-52 \u00e4r N-acetylderivatet av LSD. 100mcg ALD-52 Blotters.\" \/>\n<meta property=\"og:url\" content=\"https:\/\/medicinasinc.com\/se\/product\/buy-ald-52-blotters\/\" \/>\n<meta property=\"og:site_name\" content=\"Medicinas Inc\" \/>\n<meta property=\"article:modified_time\" content=\"2022-07-03T23:28:40+00:00\" \/>\n<meta property=\"og:image\" content=\"https:\/\/medicinasinc.com\/se\/wp-content\/uploads\/sites\/16\/2022\/02\/Buy-ALD-52-Blotters.jpg\" \/>\n\t<meta property=\"og:image:width\" content=\"350\" \/>\n\t<meta property=\"og:image:height\" content=\"350\" \/>\n\t<meta property=\"og:image:type\" content=\"image\/jpeg\" \/>\n<meta name=\"twitter:card\" content=\"summary_large_image\" \/>\n<meta name=\"twitter:label1\" content=\"Ber\u00e4knad l\u00e4stid\" \/>\n\t<meta name=\"twitter:data1\" content=\"2 minuter\" \/>\n<script type=\"application\/ld+json\" class=\"yoast-schema-graph\">{\"@context\":\"https:\\\/\\\/schema.org\",\"@graph\":[{\"@type\":\"WebPage\",\"@id\":\"https:\\\/\\\/medicinasinc.com\\\/se\\\/product\\\/buy-ald-52-blotters\\\/\",\"url\":\"https:\\\/\\\/medicinasinc.com\\\/se\\\/product\\\/buy-ald-52-blotters\\\/\",\"name\":\"K\u00f6p ALD-52 Blotters - Kvalitet ALD-52 Blotters - Best Global Meds\",\"isPartOf\":{\"@id\":\"https:\\\/\\\/medicinasinc.com\\\/se\\\/#website\"},\"primaryImageOfPage\":{\"@id\":\"https:\\\/\\\/medicinasinc.com\\\/se\\\/product\\\/buy-ald-52-blotters\\\/#primaryimage\"},\"image\":{\"@id\":\"https:\\\/\\\/medicinasinc.com\\\/se\\\/product\\\/buy-ald-52-blotters\\\/#primaryimage\"},\"thumbnailUrl\":\"https:\\\/\\\/medicinasinc.com\\\/se\\\/wp-content\\\/uploads\\\/sites\\\/16\\\/2022\\\/02\\\/Buy-ALD-52-Blotters.jpg\",\"datePublished\":\"2022-02-21T23:30:16+00:00\",\"dateModified\":\"2022-07-03T23:28:40+00:00\",\"description\":\"K\u00f6p ALD-52 Blotters online. k\u00f6p ALD-52 f\u00f6r f\u00f6rs\u00e4ljning och f\u00e5 gratis leverans i Storbritannien, USA eller Europa. ALD-52 \u00e4r N-acetylderivatet av LSD. 100mcg ALD-52 Blotters.\",\"breadcrumb\":{\"@id\":\"https:\\\/\\\/medicinasinc.com\\\/se\\\/product\\\/buy-ald-52-blotters\\\/#breadcrumb\"},\"inLanguage\":\"sv-SE\",\"potentialAction\":[{\"@type\":\"ReadAction\",\"target\":[\"https:\\\/\\\/medicinasinc.com\\\/se\\\/product\\\/buy-ald-52-blotters\\\/\"]}]},{\"@type\":\"ImageObject\",\"inLanguage\":\"sv-SE\",\"@id\":\"https:\\\/\\\/medicinasinc.com\\\/se\\\/product\\\/buy-ald-52-blotters\\\/#primaryimage\",\"url\":\"https:\\\/\\\/medicinasinc.com\\\/se\\\/wp-content\\\/uploads\\\/sites\\\/16\\\/2022\\\/02\\\/Buy-ALD-52-Blotters.jpg\",\"contentUrl\":\"https:\\\/\\\/medicinasinc.com\\\/se\\\/wp-content\\\/uploads\\\/sites\\\/16\\\/2022\\\/02\\\/Buy-ALD-52-Blotters.jpg\",\"width\":350,\"height\":350},{\"@type\":\"BreadcrumbList\",\"@id\":\"https:\\\/\\\/medicinasinc.com\\\/se\\\/product\\\/buy-ald-52-blotters\\\/#breadcrumb\",\"itemListElement\":[{\"@type\":\"ListItem\",\"position\":1,\"name\":\"aff\u00e4r\",\"item\":\"https:\\\/\\\/medicinasinc.com\\\/se\\\/affar\\\/\"},{\"@type\":\"ListItem\",\"position\":2,\"name\":\"K\u00f6p ALD-52 Blotters\"}]},{\"@type\":\"WebSite\",\"@id\":\"https:\\\/\\\/medicinasinc.com\\\/se\\\/#website\",\"url\":\"https:\\\/\\\/medicinasinc.com\\\/se\\\/\",\"name\":\"Medicinas Inc\",\"description\":\"Health Medical Clinic\",\"potentialAction\":[{\"@type\":\"SearchAction\",\"target\":{\"@type\":\"EntryPoint\",\"urlTemplate\":\"https:\\\/\\\/medicinasinc.com\\\/se\\\/?s={search_term_string}\"},\"query-input\":{\"@type\":\"PropertyValueSpecification\",\"valueRequired\":true,\"valueName\":\"search_term_string\"}}],\"inLanguage\":\"sv-SE\"}]}<\/script>\n<!-- \/ Yoast SEO plugin. -->","yoast_head_json":{"title":"K\u00f6p ALD-52 Blotters - Kvalitet ALD-52 Blotters - Best Global Meds","description":"K\u00f6p ALD-52 Blotters online. k\u00f6p ALD-52 f\u00f6r f\u00f6rs\u00e4ljning och f\u00e5 gratis leverans i Storbritannien, USA eller Europa. ALD-52 \u00e4r N-acetylderivatet av LSD. 100mcg ALD-52 Blotters.","robots":{"index":"index","follow":"follow","max-snippet":"max-snippet:-1","max-image-preview":"max-image-preview:large","max-video-preview":"max-video-preview:-1"},"canonical":"https:\/\/medicinasinc.com\/se\/product\/buy-ald-52-blotters\/","og_locale":"sv_SE","og_type":"article","og_title":"K\u00f6p ALD-52 Blotters - Kvalitet ALD-52 Blotters - Best Global Meds","og_description":"K\u00f6p ALD-52 Blotters online. k\u00f6p ALD-52 f\u00f6r f\u00f6rs\u00e4ljning och f\u00e5 gratis leverans i Storbritannien, USA eller Europa. ALD-52 \u00e4r N-acetylderivatet av LSD. 100mcg ALD-52 Blotters.","og_url":"https:\/\/medicinasinc.com\/se\/product\/buy-ald-52-blotters\/","og_site_name":"Medicinas Inc","article_modified_time":"2022-07-03T23:28:40+00:00","og_image":[{"width":350,"height":350,"url":"https:\/\/medicinasinc.com\/se\/wp-content\/uploads\/sites\/16\/2022\/02\/Buy-ALD-52-Blotters.jpg","type":"image\/jpeg"}],"twitter_card":"summary_large_image","twitter_misc":{"Ber\u00e4knad l\u00e4stid":"2 minuter"},"schema":{"@context":"https:\/\/schema.org","@graph":[{"@type":"WebPage","@id":"https:\/\/medicinasinc.com\/se\/product\/buy-ald-52-blotters\/","url":"https:\/\/medicinasinc.com\/se\/product\/buy-ald-52-blotters\/","name":"K\u00f6p ALD-52 Blotters - Kvalitet ALD-52 Blotters - Best Global Meds","isPartOf":{"@id":"https:\/\/medicinasinc.com\/se\/#website"},"primaryImageOfPage":{"@id":"https:\/\/medicinasinc.com\/se\/product\/buy-ald-52-blotters\/#primaryimage"},"image":{"@id":"https:\/\/medicinasinc.com\/se\/product\/buy-ald-52-blotters\/#primaryimage"},"thumbnailUrl":"https:\/\/medicinasinc.com\/se\/wp-content\/uploads\/sites\/16\/2022\/02\/Buy-ALD-52-Blotters.jpg","datePublished":"2022-02-21T23:30:16+00:00","dateModified":"2022-07-03T23:28:40+00:00","description":"K\u00f6p ALD-52 Blotters online. k\u00f6p ALD-52 f\u00f6r f\u00f6rs\u00e4ljning och f\u00e5 gratis leverans i Storbritannien, USA eller Europa. ALD-52 \u00e4r N-acetylderivatet av LSD. 100mcg ALD-52 Blotters.","breadcrumb":{"@id":"https:\/\/medicinasinc.com\/se\/product\/buy-ald-52-blotters\/#breadcrumb"},"inLanguage":"sv-SE","potentialAction":[{"@type":"ReadAction","target":["https:\/\/medicinasinc.com\/se\/product\/buy-ald-52-blotters\/"]}]},{"@type":"ImageObject","inLanguage":"sv-SE","@id":"https:\/\/medicinasinc.com\/se\/product\/buy-ald-52-blotters\/#primaryimage","url":"https:\/\/medicinasinc.com\/se\/wp-content\/uploads\/sites\/16\/2022\/02\/Buy-ALD-52-Blotters.jpg","contentUrl":"https:\/\/medicinasinc.com\/se\/wp-content\/uploads\/sites\/16\/2022\/02\/Buy-ALD-52-Blotters.jpg","width":350,"height":350},{"@type":"BreadcrumbList","@id":"https:\/\/medicinasinc.com\/se\/product\/buy-ald-52-blotters\/#breadcrumb","itemListElement":[{"@type":"ListItem","position":1,"name":"aff\u00e4r","item":"https:\/\/medicinasinc.com\/se\/affar\/"},{"@type":"ListItem","position":2,"name":"K\u00f6p ALD-52 Blotters"}]},{"@type":"WebSite","@id":"https:\/\/medicinasinc.com\/se\/#website","url":"https:\/\/medicinasinc.com\/se\/","name":"Medicinas Inc","description":"Health Medical Clinic","potentialAction":[{"@type":"SearchAction","target":{"@type":"EntryPoint","urlTemplate":"https:\/\/medicinasinc.com\/se\/?s={search_term_string}"},"query-input":{"@type":"PropertyValueSpecification","valueRequired":true,"valueName":"search_term_string"}}],"inLanguage":"sv-SE"}]}},"_links":{"self":[{"href":"https:\/\/medicinasinc.com\/se\/wp-json\/wp\/v2\/product\/5440","targetHints":{"allow":["GET"]}}],"collection":[{"href":"https:\/\/medicinasinc.com\/se\/wp-json\/wp\/v2\/product"}],"about":[{"href":"https:\/\/medicinasinc.com\/se\/wp-json\/wp\/v2\/types\/product"}],"replies":[{"embeddable":true,"href":"https:\/\/medicinasinc.com\/se\/wp-json\/wp\/v2\/comments?post=5440"}],"wp:featuredmedia":[{"embeddable":true,"href":"https:\/\/medicinasinc.com\/se\/wp-json\/wp\/v2\/media\/5449"}],"wp:attachment":[{"href":"https:\/\/medicinasinc.com\/se\/wp-json\/wp\/v2\/media?parent=5440"}],"wp:term":[{"taxonomy":"product_brand","embeddable":true,"href":"https:\/\/medicinasinc.com\/se\/wp-json\/wp\/v2\/product_brand?post=5440"},{"taxonomy":"product_cat","embeddable":true,"href":"https:\/\/medicinasinc.com\/se\/wp-json\/wp\/v2\/product_cat?post=5440"},{"taxonomy":"product_tag","embeddable":true,"href":"https:\/\/medicinasinc.com\/se\/wp-json\/wp\/v2\/product_tag?post=5440"}],"curies":[{"name":"wp","href":"https:\/\/api.w.org\/{rel}","templated":true}]}}