{"id":5419,"date":"2022-02-21T23:00:46","date_gmt":"2022-02-21T23:00:46","guid":{"rendered":"https:\/\/medicinasinc.com\/se\/?post_type=product&#038;p=5419"},"modified":"2022-07-03T23:28:48","modified_gmt":"2022-07-03T23:28:48","slug":"kop-adb-pinaca-pulver","status":"publish","type":"product","link":"https:\/\/medicinasinc.com\/se\/product\/kop-adb-pinaca-pulver\/","title":{"rendered":"K\u00f6p ADB-PINACA-pulver"},"content":{"rendered":"<p><strong>ADB-Pinaca-pulver med h\u00f6g renhet \u00e4r tillg\u00e4ngligt<\/strong><\/p>\n<p>Pulver och kristall Methiopropamin \/ MPA kan k\u00f6pas fr\u00e5n ADB-Pinaca Powder Purity 98% Chemical Stock<\/p>\n<p>Renhet f\u00f6r ADB-Pinaca-pulver<\/p>\n<p>ProName: 5F-MDMB-PINACA 5F-ADB 5FADB ADB-pulver<br \/> CasNo: 68585-34-2<br \/> Molekylformel: ADB<br \/> Utseende: vitt kristallint pulver<br \/> Anv\u00e4ndning: farmaceutisk mellanprodukt<br \/> Leveranstid: 4-7 dagar f\u00f6r f\u00e4rdiga varor<br \/> F\u00f6rpackning: 1kg\/Aluminiumsfoliep\u00e5se<br \/> Port: Tianjin<br \/> Produktionskapacitet : 10 000 kilogram\/m\u00e5nad<br \/> Renhet: &gt;99,5 %<br \/> F\u00f6rvaring: f\u00f6rvaras svalt, torrt och v\u00e4l f\u00f6rseglat<br \/> Transport: med EMS, DHL, FEDEX<br \/> Fuktinneh\u00e5ll: \u2264 0,01<\/p>\n<p>K\u00f6p <a href=\"https:\/\/en.wikipedia.org\/wiki\/ADB-PINACA\">ADB-Pinaca<\/a> Powder Purity 98% till salu, unders\u00f6k kemikalieleverant\u00f6rer, k\u00f6p forskning kemikalier Kina,b\u00e4sta webbplatsen att k\u00f6pa forskning kemikalier,forskningskemikalier reddit,bodybuilding forskning kemikalier,billiga forskning kemikalier usa,k\u00f6p forskning c hemicals online europa<\/p>\n<p>&nbsp;<\/p>\n<div class=\"product-next-previous\">\n<div class=\"product-prev\"><\/div><\/div>\n","protected":false},"excerpt":{"rendered":"<p>K\u00f6p ADB-Pinaca Powder High Purity. K\u00f6p ADB-Pinaca Powder Purity 98% Chemical Stock tillg\u00e4ngligt i Powder &amp; Kristall<\/p>\n<p>K\u00f6p ADB-Pinaca Powder\u00a0f\u00f6r f\u00f6rs\u00e4ljning i Europa, Storbritannien, EU, Kina Renhet 98 % kemiskt lager tillg\u00e4ngligt i\u00a0Powder\u00a0&amp; CrystalMethiopropamine \/ MPA\u00a0ADB-Pinaca Powder\u00a0Purity.<\/p>\n","protected":false},"featured_media":5431,"comment_status":"open","ping_status":"closed","template":"","meta":[],"product_brand":[],"product_cat":[2014],"product_tag":[2635,2632,2633,2634,2638,2648,2636,2637,2640,2641,2642,2643,2645,2644,2646,2647,2649,2639],"class_list":{"0":"post-5419","1":"product","2":"type-product","3":"status-publish","4":"has-post-thumbnail","6":"product_cat-kop-research-chemicals","7":"product_tag-adb-fubinaca-leverantrer","8":"product_tag-adb-fubinaca-per-gram","9":"product_tag-adb-fubinaca-price","10":"product_tag-adb-fubinaca-review","11":"product_tag-description-adb-fubinaca","12":"product_tag-order-adb-fubinaca","13":"product_tag-buy-adb-fubinaca","14":"product_tag-buy-online-adb-fubinaca","15":"product_tag-fubinaca-effekter","16":"product_tag-how-much-does-speed-cost-adb-fubinaca","17":"product_tag-how-to-buy-adb-fubinaca","18":"product_tag-hur-man-kper-adb-fubinaca","19":"product_tag-lghastighets-adb-fubinaca","20":"product_tag-lgpris-adb-fubinaca","21":"product_tag-mdmb-fubinaca","22":"product_tag-online-kp-adb-fubinaca","23":"product_tag-recension-adb-fubinaca","24":"product_tag-till-salu-adb-fubinaca","26":"first","27":"instock","28":"shipping-taxable","29":"purchasable","30":"product-type-variable","31":"has-default-attributes"},"yoast_head":"<!-- This site is optimized with the Yoast SEO plugin v27.3 - https:\/\/yoast.com\/product\/yoast-seo-wordpress\/ -->\n<title>K\u00f6p ADB-PINACA-pulver - ADB-PINACA - B\u00e4sta b\u00e4sta globala medicinerna<\/title>\n<meta name=\"description\" content=\"K\u00f6p ADB-Pinaca Powder\u00a0till salu i Europa, Storbritannien, EU, Kina Renhet 98 % kemiskt lager i\u00a0Powder\u00a0&amp; CrystalMethiopropamine \/ MPA\u00a0ADB-Pinaca-pulver.\" \/>\n<meta name=\"robots\" content=\"index, follow, max-snippet:-1, max-image-preview:large, max-video-preview:-1\" \/>\n<link rel=\"canonical\" href=\"https:\/\/medicinasinc.com\/se\/product\/kop-adb-pinaca-pulver\/\" \/>\n<meta property=\"og:locale\" content=\"sv_SE\" \/>\n<meta property=\"og:type\" content=\"article\" \/>\n<meta property=\"og:title\" content=\"K\u00f6p ADB-PINACA-pulver - ADB-PINACA - B\u00e4sta b\u00e4sta globala medicinerna\" \/>\n<meta property=\"og:description\" content=\"K\u00f6p ADB-Pinaca Powder\u00a0till salu i Europa, Storbritannien, EU, Kina Renhet 98 % kemiskt lager i\u00a0Powder\u00a0&amp; CrystalMethiopropamine \/ MPA\u00a0ADB-Pinaca-pulver.\" \/>\n<meta property=\"og:url\" content=\"https:\/\/medicinasinc.com\/se\/product\/kop-adb-pinaca-pulver\/\" \/>\n<meta property=\"og:site_name\" content=\"Medicinas Inc\" \/>\n<meta property=\"article:modified_time\" content=\"2022-07-03T23:28:48+00:00\" \/>\n<meta property=\"og:image\" content=\"https:\/\/medicinasinc.com\/se\/wp-content\/uploads\/sites\/16\/2022\/02\/Buy-ADB-Pinaca-Powder.png\" \/>\n\t<meta property=\"og:image:width\" content=\"600\" \/>\n\t<meta property=\"og:image:height\" content=\"400\" \/>\n\t<meta property=\"og:image:type\" content=\"image\/png\" \/>\n<meta name=\"twitter:card\" content=\"summary_large_image\" \/>\n<meta name=\"twitter:label1\" content=\"Ber\u00e4knad l\u00e4stid\" \/>\n\t<meta name=\"twitter:data1\" content=\"1 minut\" \/>\n<script type=\"application\/ld+json\" class=\"yoast-schema-graph\">{\"@context\":\"https:\\\/\\\/schema.org\",\"@graph\":[{\"@type\":\"WebPage\",\"@id\":\"https:\\\/\\\/medicinasinc.com\\\/se\\\/product\\\/kop-adb-pinaca-pulver\\\/\",\"url\":\"https:\\\/\\\/medicinasinc.com\\\/se\\\/product\\\/kop-adb-pinaca-pulver\\\/\",\"name\":\"K\u00f6p ADB-PINACA-pulver - ADB-PINACA - B\u00e4sta b\u00e4sta globala medicinerna\",\"isPartOf\":{\"@id\":\"https:\\\/\\\/medicinasinc.com\\\/se\\\/#website\"},\"primaryImageOfPage\":{\"@id\":\"https:\\\/\\\/medicinasinc.com\\\/se\\\/product\\\/kop-adb-pinaca-pulver\\\/#primaryimage\"},\"image\":{\"@id\":\"https:\\\/\\\/medicinasinc.com\\\/se\\\/product\\\/kop-adb-pinaca-pulver\\\/#primaryimage\"},\"thumbnailUrl\":\"https:\\\/\\\/medicinasinc.com\\\/se\\\/wp-content\\\/uploads\\\/sites\\\/16\\\/2022\\\/02\\\/Buy-ADB-Pinaca-Powder.png\",\"datePublished\":\"2022-02-21T23:00:46+00:00\",\"dateModified\":\"2022-07-03T23:28:48+00:00\",\"description\":\"K\u00f6p ADB-Pinaca Powder\u00a0till salu i Europa, Storbritannien, EU, Kina Renhet 98 % kemiskt lager i\u00a0Powder\u00a0&amp; CrystalMethiopropamine \\\/ MPA\u00a0ADB-Pinaca-pulver.\",\"breadcrumb\":{\"@id\":\"https:\\\/\\\/medicinasinc.com\\\/se\\\/product\\\/kop-adb-pinaca-pulver\\\/#breadcrumb\"},\"inLanguage\":\"sv-SE\",\"potentialAction\":[{\"@type\":\"ReadAction\",\"target\":[\"https:\\\/\\\/medicinasinc.com\\\/se\\\/product\\\/kop-adb-pinaca-pulver\\\/\"]}]},{\"@type\":\"ImageObject\",\"inLanguage\":\"sv-SE\",\"@id\":\"https:\\\/\\\/medicinasinc.com\\\/se\\\/product\\\/kop-adb-pinaca-pulver\\\/#primaryimage\",\"url\":\"https:\\\/\\\/medicinasinc.com\\\/se\\\/wp-content\\\/uploads\\\/sites\\\/16\\\/2022\\\/02\\\/Buy-ADB-Pinaca-Powder.png\",\"contentUrl\":\"https:\\\/\\\/medicinasinc.com\\\/se\\\/wp-content\\\/uploads\\\/sites\\\/16\\\/2022\\\/02\\\/Buy-ADB-Pinaca-Powder.png\",\"width\":600,\"height\":400},{\"@type\":\"BreadcrumbList\",\"@id\":\"https:\\\/\\\/medicinasinc.com\\\/se\\\/product\\\/kop-adb-pinaca-pulver\\\/#breadcrumb\",\"itemListElement\":[{\"@type\":\"ListItem\",\"position\":1,\"name\":\"aff\u00e4r\",\"item\":\"https:\\\/\\\/medicinasinc.com\\\/se\\\/affar\\\/\"},{\"@type\":\"ListItem\",\"position\":2,\"name\":\"K\u00f6p ADB-PINACA-pulver\"}]},{\"@type\":\"WebSite\",\"@id\":\"https:\\\/\\\/medicinasinc.com\\\/se\\\/#website\",\"url\":\"https:\\\/\\\/medicinasinc.com\\\/se\\\/\",\"name\":\"Medicinas Inc\",\"description\":\"Health Medical Clinic\",\"potentialAction\":[{\"@type\":\"SearchAction\",\"target\":{\"@type\":\"EntryPoint\",\"urlTemplate\":\"https:\\\/\\\/medicinasinc.com\\\/se\\\/?s={search_term_string}\"},\"query-input\":{\"@type\":\"PropertyValueSpecification\",\"valueRequired\":true,\"valueName\":\"search_term_string\"}}],\"inLanguage\":\"sv-SE\"}]}<\/script>\n<!-- \/ Yoast SEO plugin. -->","yoast_head_json":{"title":"K\u00f6p ADB-PINACA-pulver - ADB-PINACA - B\u00e4sta b\u00e4sta globala medicinerna","description":"K\u00f6p ADB-Pinaca Powder\u00a0till salu i Europa, Storbritannien, EU, Kina Renhet 98 % kemiskt lager i\u00a0Powder\u00a0&amp; CrystalMethiopropamine \/ MPA\u00a0ADB-Pinaca-pulver.","robots":{"index":"index","follow":"follow","max-snippet":"max-snippet:-1","max-image-preview":"max-image-preview:large","max-video-preview":"max-video-preview:-1"},"canonical":"https:\/\/medicinasinc.com\/se\/product\/kop-adb-pinaca-pulver\/","og_locale":"sv_SE","og_type":"article","og_title":"K\u00f6p ADB-PINACA-pulver - ADB-PINACA - B\u00e4sta b\u00e4sta globala medicinerna","og_description":"K\u00f6p ADB-Pinaca Powder\u00a0till salu i Europa, Storbritannien, EU, Kina Renhet 98 % kemiskt lager i\u00a0Powder\u00a0&amp; CrystalMethiopropamine \/ MPA\u00a0ADB-Pinaca-pulver.","og_url":"https:\/\/medicinasinc.com\/se\/product\/kop-adb-pinaca-pulver\/","og_site_name":"Medicinas Inc","article_modified_time":"2022-07-03T23:28:48+00:00","og_image":[{"width":600,"height":400,"url":"https:\/\/medicinasinc.com\/se\/wp-content\/uploads\/sites\/16\/2022\/02\/Buy-ADB-Pinaca-Powder.png","type":"image\/png"}],"twitter_card":"summary_large_image","twitter_misc":{"Ber\u00e4knad l\u00e4stid":"1 minut"},"schema":{"@context":"https:\/\/schema.org","@graph":[{"@type":"WebPage","@id":"https:\/\/medicinasinc.com\/se\/product\/kop-adb-pinaca-pulver\/","url":"https:\/\/medicinasinc.com\/se\/product\/kop-adb-pinaca-pulver\/","name":"K\u00f6p ADB-PINACA-pulver - ADB-PINACA - B\u00e4sta b\u00e4sta globala medicinerna","isPartOf":{"@id":"https:\/\/medicinasinc.com\/se\/#website"},"primaryImageOfPage":{"@id":"https:\/\/medicinasinc.com\/se\/product\/kop-adb-pinaca-pulver\/#primaryimage"},"image":{"@id":"https:\/\/medicinasinc.com\/se\/product\/kop-adb-pinaca-pulver\/#primaryimage"},"thumbnailUrl":"https:\/\/medicinasinc.com\/se\/wp-content\/uploads\/sites\/16\/2022\/02\/Buy-ADB-Pinaca-Powder.png","datePublished":"2022-02-21T23:00:46+00:00","dateModified":"2022-07-03T23:28:48+00:00","description":"K\u00f6p ADB-Pinaca Powder\u00a0till salu i Europa, Storbritannien, EU, Kina Renhet 98 % kemiskt lager i\u00a0Powder\u00a0&amp; CrystalMethiopropamine \/ MPA\u00a0ADB-Pinaca-pulver.","breadcrumb":{"@id":"https:\/\/medicinasinc.com\/se\/product\/kop-adb-pinaca-pulver\/#breadcrumb"},"inLanguage":"sv-SE","potentialAction":[{"@type":"ReadAction","target":["https:\/\/medicinasinc.com\/se\/product\/kop-adb-pinaca-pulver\/"]}]},{"@type":"ImageObject","inLanguage":"sv-SE","@id":"https:\/\/medicinasinc.com\/se\/product\/kop-adb-pinaca-pulver\/#primaryimage","url":"https:\/\/medicinasinc.com\/se\/wp-content\/uploads\/sites\/16\/2022\/02\/Buy-ADB-Pinaca-Powder.png","contentUrl":"https:\/\/medicinasinc.com\/se\/wp-content\/uploads\/sites\/16\/2022\/02\/Buy-ADB-Pinaca-Powder.png","width":600,"height":400},{"@type":"BreadcrumbList","@id":"https:\/\/medicinasinc.com\/se\/product\/kop-adb-pinaca-pulver\/#breadcrumb","itemListElement":[{"@type":"ListItem","position":1,"name":"aff\u00e4r","item":"https:\/\/medicinasinc.com\/se\/affar\/"},{"@type":"ListItem","position":2,"name":"K\u00f6p ADB-PINACA-pulver"}]},{"@type":"WebSite","@id":"https:\/\/medicinasinc.com\/se\/#website","url":"https:\/\/medicinasinc.com\/se\/","name":"Medicinas Inc","description":"Health Medical Clinic","potentialAction":[{"@type":"SearchAction","target":{"@type":"EntryPoint","urlTemplate":"https:\/\/medicinasinc.com\/se\/?s={search_term_string}"},"query-input":{"@type":"PropertyValueSpecification","valueRequired":true,"valueName":"search_term_string"}}],"inLanguage":"sv-SE"}]}},"_links":{"self":[{"href":"https:\/\/medicinasinc.com\/se\/wp-json\/wp\/v2\/product\/5419","targetHints":{"allow":["GET"]}}],"collection":[{"href":"https:\/\/medicinasinc.com\/se\/wp-json\/wp\/v2\/product"}],"about":[{"href":"https:\/\/medicinasinc.com\/se\/wp-json\/wp\/v2\/types\/product"}],"replies":[{"embeddable":true,"href":"https:\/\/medicinasinc.com\/se\/wp-json\/wp\/v2\/comments?post=5419"}],"wp:featuredmedia":[{"embeddable":true,"href":"https:\/\/medicinasinc.com\/se\/wp-json\/wp\/v2\/media\/5431"}],"wp:attachment":[{"href":"https:\/\/medicinasinc.com\/se\/wp-json\/wp\/v2\/media?parent=5419"}],"wp:term":[{"taxonomy":"product_brand","embeddable":true,"href":"https:\/\/medicinasinc.com\/se\/wp-json\/wp\/v2\/product_brand?post=5419"},{"taxonomy":"product_cat","embeddable":true,"href":"https:\/\/medicinasinc.com\/se\/wp-json\/wp\/v2\/product_cat?post=5419"},{"taxonomy":"product_tag","embeddable":true,"href":"https:\/\/medicinasinc.com\/se\/wp-json\/wp\/v2\/product_tag?post=5419"}],"curies":[{"name":"wp","href":"https:\/\/api.w.org\/{rel}","templated":true}]}}