{"id":5418,"date":"2022-02-21T22:59:50","date_gmt":"2022-02-21T22:59:50","guid":{"rendered":"https:\/\/medicinasinc.com\/se\/?post_type=product&#038;p=5418"},"modified":"2022-07-03T23:29:00","modified_gmt":"2022-07-03T23:29:00","slug":"kop-acetyl-fentanyl-pulver-99-ren-online","status":"publish","type":"product","link":"https:\/\/medicinasinc.com\/se\/product\/kop-acetyl-fentanyl-pulver-99-ren-online\/","title":{"rendered":"K\u00f6p acetylfentanylpulver (99%+ rent) online"},"content":{"rendered":"<p>K\u00f6p acetylfentanylpulver (99%+ rent) online<\/p>\n<p>K\u00d6P ACETYLFENTANYL (HYDROCHLORID)<\/p>\n<p>Acetylfentanyl (hydroklorid) \u00e4r en vanlig f\u00f6reskriven syntetisk opioid.<\/p>\n<p>ACETYL FENTANYLS EFFEKTER (HYDROKLORID)<\/p>\n<p>N\u00e4r man tar Acetyl Fentanyl (Hydrochloride), kan en anv\u00e4ndare uppleva betydande eufori, hum\u00f6rh\u00f6jning, sm\u00e4rtlindring och sedering.<\/p>\n<p>F\u00f6rstoppning, s\u00f6mnighet , medvetsl\u00f6shet och andningsdepression \u00e4r alla m\u00f6jliga biverkningar av denna medicin.<\/p>\n<p>ACETYL FENTANYL (HYDROKLORID) &#8211; VAR MAN K\u00d6PES?<\/p>\n<p>Acetyl Fentanyl (Hydrochloride) finns att k\u00f6pa online p\u00e5 All Care Express onlineapotek. Denna produkt kan k\u00f6pas utan recept till de b\u00e4sta priserna som finns h\u00e4r. Best\u00e4ll Acetyl Fentanyl (Hydrochloride) online nu och f\u00e5 det levererat till din d\u00f6rr i tid.<\/p>\n","protected":false},"excerpt":{"rendered":"<p>K\u00f6p acetylfentanylpulver (99%+ rent) online. Anv\u00e4nds f\u00f6r sv\u00e5r, p\u00e5g\u00e5ende sm\u00e4rta som inte kan kontrolleras med andra l\u00e4kemedel. Detta l\u00e4kemedel \u00e4r en stark narkotisk sm\u00e4rtlindring.<\/p>\n<p>K\u00f6p Acetyl Fentanyl Online -Fr\u00e5n medicinasinc.com\/se onlineapotek till billiga och \u00f6verkomliga priser med s\u00e4ker och snabb frakt utan avgift<\/p>\n","protected":false},"featured_media":5429,"comment_status":"open","ping_status":"closed","template":"","meta":[],"product_brand":[],"product_cat":[2014],"product_tag":[],"class_list":{"0":"post-5418","1":"product","2":"type-product","3":"status-publish","4":"has-post-thumbnail","6":"product_cat-kop-research-chemicals","8":"first","9":"instock","10":"shipping-taxable","11":"purchasable","12":"product-type-variable","13":"has-default-attributes"},"yoast_head":"<!-- This site is optimized with the Yoast SEO plugin v27.3 - https:\/\/yoast.com\/product\/yoast-seo-wordpress\/ -->\n<title>K\u00f6p acetylfentanylpulver (99%+ rent) online - b\u00e4sta globala mediciner<\/title>\n<meta name=\"description\" content=\"K\u00f6p acetylfentanylpulver (99%+ rent) online. Anv\u00e4nds f\u00f6r sv\u00e5r, p\u00e5g\u00e5ende sm\u00e4rta som inte kan kontrolleras med andra l\u00e4kemedel. Detta l\u00e4kemedel \u00e4r ett starkt narkotiskt sm\u00e4rtstillande medel.\" \/>\n<meta name=\"robots\" content=\"index, follow, max-snippet:-1, max-image-preview:large, max-video-preview:-1\" \/>\n<link rel=\"canonical\" href=\"https:\/\/medicinasinc.com\/se\/product\/kop-acetyl-fentanyl-pulver-99-ren-online\/\" \/>\n<meta property=\"og:locale\" content=\"sv_SE\" \/>\n<meta property=\"og:type\" content=\"article\" \/>\n<meta property=\"og:title\" content=\"K\u00f6p acetylfentanylpulver (99%+ rent) online - b\u00e4sta globala mediciner\" \/>\n<meta property=\"og:description\" content=\"K\u00f6p acetylfentanylpulver (99%+ rent) online. Anv\u00e4nds f\u00f6r sv\u00e5r, p\u00e5g\u00e5ende sm\u00e4rta som inte kan kontrolleras med andra l\u00e4kemedel. Detta l\u00e4kemedel \u00e4r ett starkt narkotiskt sm\u00e4rtstillande medel.\" \/>\n<meta property=\"og:url\" content=\"https:\/\/medicinasinc.com\/se\/product\/kop-acetyl-fentanyl-pulver-99-ren-online\/\" \/>\n<meta property=\"og:site_name\" content=\"Medicinas Inc\" \/>\n<meta property=\"article:modified_time\" content=\"2022-07-03T23:29:00+00:00\" \/>\n<meta property=\"og:image\" content=\"https:\/\/medicinasinc.com\/se\/wp-content\/uploads\/sites\/16\/2022\/02\/Buy-Acetyl-Fentanyl-Powder-99-Pure-online.jpg\" \/>\n\t<meta property=\"og:image:width\" content=\"600\" \/>\n\t<meta property=\"og:image:height\" content=\"600\" \/>\n\t<meta property=\"og:image:type\" content=\"image\/jpeg\" \/>\n<meta name=\"twitter:card\" content=\"summary_large_image\" \/>\n<meta name=\"twitter:label1\" content=\"Ber\u00e4knad l\u00e4stid\" \/>\n\t<meta name=\"twitter:data1\" content=\"1 minut\" \/>\n<script type=\"application\/ld+json\" class=\"yoast-schema-graph\">{\"@context\":\"https:\\\/\\\/schema.org\",\"@graph\":[{\"@type\":\"WebPage\",\"@id\":\"https:\\\/\\\/medicinasinc.com\\\/se\\\/product\\\/kop-acetyl-fentanyl-pulver-99-ren-online\\\/\",\"url\":\"https:\\\/\\\/medicinasinc.com\\\/se\\\/product\\\/kop-acetyl-fentanyl-pulver-99-ren-online\\\/\",\"name\":\"K\u00f6p acetylfentanylpulver (99%+ rent) online - b\u00e4sta globala mediciner\",\"isPartOf\":{\"@id\":\"https:\\\/\\\/medicinasinc.com\\\/se\\\/#website\"},\"primaryImageOfPage\":{\"@id\":\"https:\\\/\\\/medicinasinc.com\\\/se\\\/product\\\/kop-acetyl-fentanyl-pulver-99-ren-online\\\/#primaryimage\"},\"image\":{\"@id\":\"https:\\\/\\\/medicinasinc.com\\\/se\\\/product\\\/kop-acetyl-fentanyl-pulver-99-ren-online\\\/#primaryimage\"},\"thumbnailUrl\":\"https:\\\/\\\/medicinasinc.com\\\/se\\\/wp-content\\\/uploads\\\/sites\\\/16\\\/2022\\\/02\\\/Buy-Acetyl-Fentanyl-Powder-99-Pure-online.jpg\",\"datePublished\":\"2022-02-21T22:59:50+00:00\",\"dateModified\":\"2022-07-03T23:29:00+00:00\",\"description\":\"K\u00f6p acetylfentanylpulver (99%+ rent) online. Anv\u00e4nds f\u00f6r sv\u00e5r, p\u00e5g\u00e5ende sm\u00e4rta som inte kan kontrolleras med andra l\u00e4kemedel. Detta l\u00e4kemedel \u00e4r ett starkt narkotiskt sm\u00e4rtstillande medel.\",\"breadcrumb\":{\"@id\":\"https:\\\/\\\/medicinasinc.com\\\/se\\\/product\\\/kop-acetyl-fentanyl-pulver-99-ren-online\\\/#breadcrumb\"},\"inLanguage\":\"sv-SE\",\"potentialAction\":[{\"@type\":\"ReadAction\",\"target\":[\"https:\\\/\\\/medicinasinc.com\\\/se\\\/product\\\/kop-acetyl-fentanyl-pulver-99-ren-online\\\/\"]}]},{\"@type\":\"ImageObject\",\"inLanguage\":\"sv-SE\",\"@id\":\"https:\\\/\\\/medicinasinc.com\\\/se\\\/product\\\/kop-acetyl-fentanyl-pulver-99-ren-online\\\/#primaryimage\",\"url\":\"https:\\\/\\\/medicinasinc.com\\\/se\\\/wp-content\\\/uploads\\\/sites\\\/16\\\/2022\\\/02\\\/Buy-Acetyl-Fentanyl-Powder-99-Pure-online.jpg\",\"contentUrl\":\"https:\\\/\\\/medicinasinc.com\\\/se\\\/wp-content\\\/uploads\\\/sites\\\/16\\\/2022\\\/02\\\/Buy-Acetyl-Fentanyl-Powder-99-Pure-online.jpg\",\"width\":600,\"height\":600},{\"@type\":\"BreadcrumbList\",\"@id\":\"https:\\\/\\\/medicinasinc.com\\\/se\\\/product\\\/kop-acetyl-fentanyl-pulver-99-ren-online\\\/#breadcrumb\",\"itemListElement\":[{\"@type\":\"ListItem\",\"position\":1,\"name\":\"aff\u00e4r\",\"item\":\"https:\\\/\\\/medicinasinc.com\\\/se\\\/affar\\\/\"},{\"@type\":\"ListItem\",\"position\":2,\"name\":\"K\u00f6p acetylfentanylpulver (99%+ rent) online\"}]},{\"@type\":\"WebSite\",\"@id\":\"https:\\\/\\\/medicinasinc.com\\\/se\\\/#website\",\"url\":\"https:\\\/\\\/medicinasinc.com\\\/se\\\/\",\"name\":\"Medicinas Inc\",\"description\":\"Health Medical Clinic\",\"potentialAction\":[{\"@type\":\"SearchAction\",\"target\":{\"@type\":\"EntryPoint\",\"urlTemplate\":\"https:\\\/\\\/medicinasinc.com\\\/se\\\/?s={search_term_string}\"},\"query-input\":{\"@type\":\"PropertyValueSpecification\",\"valueRequired\":true,\"valueName\":\"search_term_string\"}}],\"inLanguage\":\"sv-SE\"}]}<\/script>\n<!-- \/ Yoast SEO plugin. -->","yoast_head_json":{"title":"K\u00f6p acetylfentanylpulver (99%+ rent) online - b\u00e4sta globala mediciner","description":"K\u00f6p acetylfentanylpulver (99%+ rent) online. Anv\u00e4nds f\u00f6r sv\u00e5r, p\u00e5g\u00e5ende sm\u00e4rta som inte kan kontrolleras med andra l\u00e4kemedel. Detta l\u00e4kemedel \u00e4r ett starkt narkotiskt sm\u00e4rtstillande medel.","robots":{"index":"index","follow":"follow","max-snippet":"max-snippet:-1","max-image-preview":"max-image-preview:large","max-video-preview":"max-video-preview:-1"},"canonical":"https:\/\/medicinasinc.com\/se\/product\/kop-acetyl-fentanyl-pulver-99-ren-online\/","og_locale":"sv_SE","og_type":"article","og_title":"K\u00f6p acetylfentanylpulver (99%+ rent) online - b\u00e4sta globala mediciner","og_description":"K\u00f6p acetylfentanylpulver (99%+ rent) online. Anv\u00e4nds f\u00f6r sv\u00e5r, p\u00e5g\u00e5ende sm\u00e4rta som inte kan kontrolleras med andra l\u00e4kemedel. Detta l\u00e4kemedel \u00e4r ett starkt narkotiskt sm\u00e4rtstillande medel.","og_url":"https:\/\/medicinasinc.com\/se\/product\/kop-acetyl-fentanyl-pulver-99-ren-online\/","og_site_name":"Medicinas Inc","article_modified_time":"2022-07-03T23:29:00+00:00","og_image":[{"width":600,"height":600,"url":"https:\/\/medicinasinc.com\/se\/wp-content\/uploads\/sites\/16\/2022\/02\/Buy-Acetyl-Fentanyl-Powder-99-Pure-online.jpg","type":"image\/jpeg"}],"twitter_card":"summary_large_image","twitter_misc":{"Ber\u00e4knad l\u00e4stid":"1 minut"},"schema":{"@context":"https:\/\/schema.org","@graph":[{"@type":"WebPage","@id":"https:\/\/medicinasinc.com\/se\/product\/kop-acetyl-fentanyl-pulver-99-ren-online\/","url":"https:\/\/medicinasinc.com\/se\/product\/kop-acetyl-fentanyl-pulver-99-ren-online\/","name":"K\u00f6p acetylfentanylpulver (99%+ rent) online - b\u00e4sta globala mediciner","isPartOf":{"@id":"https:\/\/medicinasinc.com\/se\/#website"},"primaryImageOfPage":{"@id":"https:\/\/medicinasinc.com\/se\/product\/kop-acetyl-fentanyl-pulver-99-ren-online\/#primaryimage"},"image":{"@id":"https:\/\/medicinasinc.com\/se\/product\/kop-acetyl-fentanyl-pulver-99-ren-online\/#primaryimage"},"thumbnailUrl":"https:\/\/medicinasinc.com\/se\/wp-content\/uploads\/sites\/16\/2022\/02\/Buy-Acetyl-Fentanyl-Powder-99-Pure-online.jpg","datePublished":"2022-02-21T22:59:50+00:00","dateModified":"2022-07-03T23:29:00+00:00","description":"K\u00f6p acetylfentanylpulver (99%+ rent) online. Anv\u00e4nds f\u00f6r sv\u00e5r, p\u00e5g\u00e5ende sm\u00e4rta som inte kan kontrolleras med andra l\u00e4kemedel. Detta l\u00e4kemedel \u00e4r ett starkt narkotiskt sm\u00e4rtstillande medel.","breadcrumb":{"@id":"https:\/\/medicinasinc.com\/se\/product\/kop-acetyl-fentanyl-pulver-99-ren-online\/#breadcrumb"},"inLanguage":"sv-SE","potentialAction":[{"@type":"ReadAction","target":["https:\/\/medicinasinc.com\/se\/product\/kop-acetyl-fentanyl-pulver-99-ren-online\/"]}]},{"@type":"ImageObject","inLanguage":"sv-SE","@id":"https:\/\/medicinasinc.com\/se\/product\/kop-acetyl-fentanyl-pulver-99-ren-online\/#primaryimage","url":"https:\/\/medicinasinc.com\/se\/wp-content\/uploads\/sites\/16\/2022\/02\/Buy-Acetyl-Fentanyl-Powder-99-Pure-online.jpg","contentUrl":"https:\/\/medicinasinc.com\/se\/wp-content\/uploads\/sites\/16\/2022\/02\/Buy-Acetyl-Fentanyl-Powder-99-Pure-online.jpg","width":600,"height":600},{"@type":"BreadcrumbList","@id":"https:\/\/medicinasinc.com\/se\/product\/kop-acetyl-fentanyl-pulver-99-ren-online\/#breadcrumb","itemListElement":[{"@type":"ListItem","position":1,"name":"aff\u00e4r","item":"https:\/\/medicinasinc.com\/se\/affar\/"},{"@type":"ListItem","position":2,"name":"K\u00f6p acetylfentanylpulver (99%+ rent) online"}]},{"@type":"WebSite","@id":"https:\/\/medicinasinc.com\/se\/#website","url":"https:\/\/medicinasinc.com\/se\/","name":"Medicinas Inc","description":"Health Medical Clinic","potentialAction":[{"@type":"SearchAction","target":{"@type":"EntryPoint","urlTemplate":"https:\/\/medicinasinc.com\/se\/?s={search_term_string}"},"query-input":{"@type":"PropertyValueSpecification","valueRequired":true,"valueName":"search_term_string"}}],"inLanguage":"sv-SE"}]}},"_links":{"self":[{"href":"https:\/\/medicinasinc.com\/se\/wp-json\/wp\/v2\/product\/5418","targetHints":{"allow":["GET"]}}],"collection":[{"href":"https:\/\/medicinasinc.com\/se\/wp-json\/wp\/v2\/product"}],"about":[{"href":"https:\/\/medicinasinc.com\/se\/wp-json\/wp\/v2\/types\/product"}],"replies":[{"embeddable":true,"href":"https:\/\/medicinasinc.com\/se\/wp-json\/wp\/v2\/comments?post=5418"}],"wp:featuredmedia":[{"embeddable":true,"href":"https:\/\/medicinasinc.com\/se\/wp-json\/wp\/v2\/media\/5429"}],"wp:attachment":[{"href":"https:\/\/medicinasinc.com\/se\/wp-json\/wp\/v2\/media?parent=5418"}],"wp:term":[{"taxonomy":"product_brand","embeddable":true,"href":"https:\/\/medicinasinc.com\/se\/wp-json\/wp\/v2\/product_brand?post=5418"},{"taxonomy":"product_cat","embeddable":true,"href":"https:\/\/medicinasinc.com\/se\/wp-json\/wp\/v2\/product_cat?post=5418"},{"taxonomy":"product_tag","embeddable":true,"href":"https:\/\/medicinasinc.com\/se\/wp-json\/wp\/v2\/product_tag?post=5418"}],"curies":[{"name":"wp","href":"https:\/\/api.w.org\/{rel}","templated":true}]}}