{"id":5417,"date":"2022-02-21T22:57:54","date_gmt":"2022-02-21T22:57:54","guid":{"rendered":"https:\/\/medicinasinc.com\/se\/?post_type=product&#038;p=5417"},"modified":"2022-07-03T23:29:12","modified_gmt":"2022-07-03T23:29:12","slug":"kop-5f-mdmb-2201-5f-mmb-pica-5f-amb-pica","status":"publish","type":"product","link":"https:\/\/medicinasinc.com\/se\/product\/kop-5f-mdmb-2201-5f-mmb-pica-5f-amb-pica\/","title":{"rendered":"K\u00f6p 5F MDMB 2201 &#8211; 5F-MMB-PICA, 5F-AMB-PICA"},"content":{"rendered":"<h1>K\u00f6p 5f MDMB 2201 Crystals Online.<\/h1>\n<p>K\u00f6p 5f MDMB 2201 Crystals Online.<\/p>\n<p>Det \u00e4r en indazol 3-karboxamid som b\u00f6rjar synas i syntetiska cannabisprodukter runt om i v\u00e4rlden .<\/p>\n<p>Farmakologi:<br \/> 5F-MDMB-2201 anses vara en mycket potent CB1-agonist, men det \u00e4r inte k\u00e4nt om den har en stark selektivitet f\u00f6r CB1, eller faktiskt om den \u00e4r selektiv vid Allt. Mer testning kommer att kr\u00e4vas inom detta omr\u00e5de.<\/p>\n<p>Liknande f\u00f6reningar:<br \/> 5F-AB-PINACA<br \/> PX-3<br \/> MDMB-FUBINACA<br \/> MDMB-CHMICA<br \/> APINACA<br \/> APICA<br \/> ADB-PINACA<br \/> ADBICA<br \/> ADB-FUBINACA<br \/> ADB-CHMINACA<br \/> AB-PINACA<br \/> AB-FUBINACA<br \/> AB-CHMINACA<br \/> AB-CHFUPYCA<br \/> 5F-APINACA<br \/> 5F-AMB<\/p>\n<p>Laglighet:<br \/> 5F-MDMB-2201 \u00e4r inte k\u00e4nt f\u00f6r att vara anses vara ett kontrollerat \u00e4mne i vilket land eller st\u00f6rre jurisdiktion som helst f\u00f6r tillf\u00e4llet, men det kan anses vara en analog till 5F-ADB eller relaterade f\u00f6reningar. Det kan g\u00f6ra att f\u00f6rs\u00e4ljningen eller innehavet \u00e4r olagligt i vissa jurisdiktioner, s\u00e5 f\u00f6rsiktighet b\u00f6r iakttas vid import av denna kemikalie.<br \/> 5F-MDMB-2201 s\u00e4ljs enbart som en forskningskemikalie och \u00e4r d\u00e4rf\u00f6r ol\u00e4mplig f\u00f6r m\u00e4nniskor eller djur. Den ska endast anv\u00e4ndas av utbildad personal i en labb eller kriminalteknisk milj\u00f6.<\/p>\n","protected":false},"excerpt":{"rendered":"<p>K\u00f6p MMB-2201, 5F MDMB 2201 till salu Storbritannien, Europa (\u00e4ven k\u00e4nd som 5F-MMB-PICA, 5F-AMB-PICA och I-AMB) \u00e4r en potent indol-3-karboxamidbaserad syntetisk cannabinoid, som har s\u00e5lts som designerdrog och som aktiv ingrediens i syntetiska cannabisblandningar<\/p>\n<p>Onlinek\u00f6p av 5f MDMB 2201 Crystals. 5F-MDMB-2201 \u00e4r en syntetisk cannabinoid fr\u00e5n indazolfamiljen som \u00e4r mycket lik den mer v\u00e4lk\u00e4nda 5F-MDMB-PINACA.<\/p>\n<p>K\u00f6p rent h\u00f6gkvalitativt 5F-MDMB-2201 Powder online med Bitcoin &amp; #8211; K\u00f6p lagliga droger, forskningskemikalier och r\u00e5a farmaceutiska pulver online.<\/p>\n<p>5F-MDMB-2201<\/p>\n<p>Best\u00e4ll ett prov f\u00f6r testning eller k\u00f6p 5f-mdmb-2201 f\u00f6r f\u00f6rs\u00e4ljning med fri frakt till Storbritannien, USA eller Europa.<\/p>\n","protected":false},"featured_media":5427,"comment_status":"open","ping_status":"closed","template":"","meta":[],"product_brand":[],"product_cat":[2596],"product_tag":[2597,2598,2599,2600,2601,2602,2605,2606,2607,2612,2613,2614,2610,2609,2608,2611,2616,2615,2603,2604,2617,2618,2626,2627,2628,2624,2629,2619,2620,2622,2625,2621,2623,2630,2631],"class_list":{"0":"post-5417","1":"product","2":"type-product","3":"status-publish","4":"has-post-thumbnail","6":"product_cat-cannabinoider-till-salu","7":"product_tag-4f-adb-recension","8":"product_tag-4f-mdmb-binaca-uk","9":"product_tag-5f-pulver","10":"product_tag-5f-mdmb-2201","11":"product_tag-5f-mdmb-2201-cannabinoider","12":"product_tag-5f-mdmb-2201-cannabinoider-till-frsljning","13":"product_tag-5f-mdmb-2201-powder","14":"product_tag-5f-mdmb-2201-powder-australia","15":"product_tag-5f-mdmb-2201-powder-canada","16":"product_tag-5f-mdmb-2201-powder-uk","17":"product_tag-5f-mdmb-2201-powder-usa","18":"product_tag-5f-mdmb-2201-powder-vendor","19":"product_tag-5f-mdmb-2201-powder-review","20":"product_tag-5f-mdmb-2201-pulver-till-frsljning","21":"product_tag-5f-mdmb-2201-pulverdosering","22":"product_tag-5f-mdmb-2201-pulverleverantr","23":"product_tag-5f-mdmb-2201-recension","24":"product_tag-5f-mdmb-2201-reddit","25":"product_tag-5f-mdmb-2201-till-salu","26":"product_tag-5f-mdmb-2201-till-frsljning-online","27":"product_tag-5f-mdmb-pinaca-kp","28":"product_tag-5f-sgt-151","29":"product_tag-order-5f-mdmb-2201","30":"product_tag-order-5f-mdmb-2201-online","31":"product_tag-order-5f-mdmb-2201-pulver","32":"product_tag-c-vtske-kemisk-suspension","33":"product_tag-ren-5f-mdmb-2201-pulver","34":"product_tag-kp-5f-mdmb-2201","35":"product_tag-kp-5f-mdmb-2201-cannabinoider","36":"product_tag-kp-5f-mdmb-2201-pulver-online","37":"product_tag-mail-5f-mdmb-2201","38":"product_tag-kp-5f-mdmb-2201-online","39":"product_tag-kp-diclazepam-uk","40":"product_tag-sgt-151-legal","41":"product_tag-var-att-kpa-5f-mdmb-2201","43":"first","44":"instock","45":"shipping-taxable","46":"purchasable","47":"product-type-variable","48":"has-default-attributes"},"yoast_head":"<!-- This site is optimized with the Yoast SEO plugin v27.3 - https:\/\/yoast.com\/product\/yoast-seo-wordpress\/ -->\n<title>K\u00f6p 5F MDMB 2201 - 5F-MMB-PICA, 5F-AMB-PICA och I-AMB<\/title>\n<meta name=\"description\" content=\"K\u00f6p MMB-2201, 5F MDMB 2201 till salu Storbritannien, Europa (\u00e4ven k\u00e4nd som 5F-MMB-PICA, 5F-AMB-PICA och I-AMB) \u00e4r en potent indol-3-karboxamidbaserad syntetisk cannabinoid, som har s\u00e5lts som designerdrog och som aktiv ingrediens i syntetiska cannabisblandningar\" \/>\n<meta name=\"robots\" content=\"index, follow, max-snippet:-1, max-image-preview:large, max-video-preview:-1\" \/>\n<link rel=\"canonical\" href=\"https:\/\/medicinasinc.com\/se\/product\/kop-5f-mdmb-2201-5f-mmb-pica-5f-amb-pica\/\" \/>\n<meta property=\"og:locale\" content=\"sv_SE\" \/>\n<meta property=\"og:type\" content=\"article\" \/>\n<meta property=\"og:title\" content=\"K\u00f6p 5F MDMB 2201 - 5F-MMB-PICA, 5F-AMB-PICA och I-AMB\" \/>\n<meta property=\"og:description\" content=\"K\u00f6p MMB-2201, 5F MDMB 2201 till salu Storbritannien, Europa (\u00e4ven k\u00e4nd som 5F-MMB-PICA, 5F-AMB-PICA och I-AMB) \u00e4r en potent indol-3-karboxamidbaserad syntetisk cannabinoid, som har s\u00e5lts som designerdrog och som aktiv ingrediens i syntetiska cannabisblandningar\" \/>\n<meta property=\"og:url\" content=\"https:\/\/medicinasinc.com\/se\/product\/kop-5f-mdmb-2201-5f-mmb-pica-5f-amb-pica\/\" \/>\n<meta property=\"og:site_name\" content=\"Medicinas Inc\" \/>\n<meta property=\"article:modified_time\" content=\"2022-07-03T23:29:12+00:00\" \/>\n<meta property=\"og:image\" content=\"https:\/\/medicinasinc.com\/se\/wp-content\/uploads\/sites\/16\/2022\/02\/Buy-5f-MDMB-2201.jpg\" \/>\n\t<meta property=\"og:image:width\" content=\"232\" \/>\n\t<meta property=\"og:image:height\" content=\"217\" \/>\n\t<meta property=\"og:image:type\" content=\"image\/jpeg\" \/>\n<meta name=\"twitter:card\" content=\"summary_large_image\" \/>\n<meta name=\"twitter:label1\" content=\"Ber\u00e4knad l\u00e4stid\" \/>\n\t<meta name=\"twitter:data1\" content=\"1 minut\" \/>\n<script type=\"application\/ld+json\" class=\"yoast-schema-graph\">{\"@context\":\"https:\\\/\\\/schema.org\",\"@graph\":[{\"@type\":\"WebPage\",\"@id\":\"https:\\\/\\\/medicinasinc.com\\\/se\\\/product\\\/kop-5f-mdmb-2201-5f-mmb-pica-5f-amb-pica\\\/\",\"url\":\"https:\\\/\\\/medicinasinc.com\\\/se\\\/product\\\/kop-5f-mdmb-2201-5f-mmb-pica-5f-amb-pica\\\/\",\"name\":\"K\u00f6p 5F MDMB 2201 - 5F-MMB-PICA, 5F-AMB-PICA och I-AMB\",\"isPartOf\":{\"@id\":\"https:\\\/\\\/medicinasinc.com\\\/se\\\/#website\"},\"primaryImageOfPage\":{\"@id\":\"https:\\\/\\\/medicinasinc.com\\\/se\\\/product\\\/kop-5f-mdmb-2201-5f-mmb-pica-5f-amb-pica\\\/#primaryimage\"},\"image\":{\"@id\":\"https:\\\/\\\/medicinasinc.com\\\/se\\\/product\\\/kop-5f-mdmb-2201-5f-mmb-pica-5f-amb-pica\\\/#primaryimage\"},\"thumbnailUrl\":\"https:\\\/\\\/medicinasinc.com\\\/se\\\/wp-content\\\/uploads\\\/sites\\\/16\\\/2022\\\/02\\\/Buy-5f-MDMB-2201.jpg\",\"datePublished\":\"2022-02-21T22:57:54+00:00\",\"dateModified\":\"2022-07-03T23:29:12+00:00\",\"description\":\"K\u00f6p MMB-2201, 5F MDMB 2201 till salu Storbritannien, Europa (\u00e4ven k\u00e4nd som 5F-MMB-PICA, 5F-AMB-PICA och I-AMB) \u00e4r en potent indol-3-karboxamidbaserad syntetisk cannabinoid, som har s\u00e5lts som designerdrog och som aktiv ingrediens i syntetiska cannabisblandningar\",\"breadcrumb\":{\"@id\":\"https:\\\/\\\/medicinasinc.com\\\/se\\\/product\\\/kop-5f-mdmb-2201-5f-mmb-pica-5f-amb-pica\\\/#breadcrumb\"},\"inLanguage\":\"sv-SE\",\"potentialAction\":[{\"@type\":\"ReadAction\",\"target\":[\"https:\\\/\\\/medicinasinc.com\\\/se\\\/product\\\/kop-5f-mdmb-2201-5f-mmb-pica-5f-amb-pica\\\/\"]}]},{\"@type\":\"ImageObject\",\"inLanguage\":\"sv-SE\",\"@id\":\"https:\\\/\\\/medicinasinc.com\\\/se\\\/product\\\/kop-5f-mdmb-2201-5f-mmb-pica-5f-amb-pica\\\/#primaryimage\",\"url\":\"https:\\\/\\\/medicinasinc.com\\\/se\\\/wp-content\\\/uploads\\\/sites\\\/16\\\/2022\\\/02\\\/Buy-5f-MDMB-2201.jpg\",\"contentUrl\":\"https:\\\/\\\/medicinasinc.com\\\/se\\\/wp-content\\\/uploads\\\/sites\\\/16\\\/2022\\\/02\\\/Buy-5f-MDMB-2201.jpg\",\"width\":232,\"height\":217},{\"@type\":\"BreadcrumbList\",\"@id\":\"https:\\\/\\\/medicinasinc.com\\\/se\\\/product\\\/kop-5f-mdmb-2201-5f-mmb-pica-5f-amb-pica\\\/#breadcrumb\",\"itemListElement\":[{\"@type\":\"ListItem\",\"position\":1,\"name\":\"aff\u00e4r\",\"item\":\"https:\\\/\\\/medicinasinc.com\\\/se\\\/affar\\\/\"},{\"@type\":\"ListItem\",\"position\":2,\"name\":\"K\u00f6p 5F MDMB 2201 &#8211; 5F-MMB-PICA, 5F-AMB-PICA\"}]},{\"@type\":\"WebSite\",\"@id\":\"https:\\\/\\\/medicinasinc.com\\\/se\\\/#website\",\"url\":\"https:\\\/\\\/medicinasinc.com\\\/se\\\/\",\"name\":\"Medicinas Inc\",\"description\":\"Health Medical Clinic\",\"potentialAction\":[{\"@type\":\"SearchAction\",\"target\":{\"@type\":\"EntryPoint\",\"urlTemplate\":\"https:\\\/\\\/medicinasinc.com\\\/se\\\/?s={search_term_string}\"},\"query-input\":{\"@type\":\"PropertyValueSpecification\",\"valueRequired\":true,\"valueName\":\"search_term_string\"}}],\"inLanguage\":\"sv-SE\"}]}<\/script>\n<!-- \/ Yoast SEO plugin. -->","yoast_head_json":{"title":"K\u00f6p 5F MDMB 2201 - 5F-MMB-PICA, 5F-AMB-PICA och I-AMB","description":"K\u00f6p MMB-2201, 5F MDMB 2201 till salu Storbritannien, Europa (\u00e4ven k\u00e4nd som 5F-MMB-PICA, 5F-AMB-PICA och I-AMB) \u00e4r en potent indol-3-karboxamidbaserad syntetisk cannabinoid, som har s\u00e5lts som designerdrog och som aktiv ingrediens i syntetiska cannabisblandningar","robots":{"index":"index","follow":"follow","max-snippet":"max-snippet:-1","max-image-preview":"max-image-preview:large","max-video-preview":"max-video-preview:-1"},"canonical":"https:\/\/medicinasinc.com\/se\/product\/kop-5f-mdmb-2201-5f-mmb-pica-5f-amb-pica\/","og_locale":"sv_SE","og_type":"article","og_title":"K\u00f6p 5F MDMB 2201 - 5F-MMB-PICA, 5F-AMB-PICA och I-AMB","og_description":"K\u00f6p MMB-2201, 5F MDMB 2201 till salu Storbritannien, Europa (\u00e4ven k\u00e4nd som 5F-MMB-PICA, 5F-AMB-PICA och I-AMB) \u00e4r en potent indol-3-karboxamidbaserad syntetisk cannabinoid, som har s\u00e5lts som designerdrog och som aktiv ingrediens i syntetiska cannabisblandningar","og_url":"https:\/\/medicinasinc.com\/se\/product\/kop-5f-mdmb-2201-5f-mmb-pica-5f-amb-pica\/","og_site_name":"Medicinas Inc","article_modified_time":"2022-07-03T23:29:12+00:00","og_image":[{"width":232,"height":217,"url":"https:\/\/medicinasinc.com\/se\/wp-content\/uploads\/sites\/16\/2022\/02\/Buy-5f-MDMB-2201.jpg","type":"image\/jpeg"}],"twitter_card":"summary_large_image","twitter_misc":{"Ber\u00e4knad l\u00e4stid":"1 minut"},"schema":{"@context":"https:\/\/schema.org","@graph":[{"@type":"WebPage","@id":"https:\/\/medicinasinc.com\/se\/product\/kop-5f-mdmb-2201-5f-mmb-pica-5f-amb-pica\/","url":"https:\/\/medicinasinc.com\/se\/product\/kop-5f-mdmb-2201-5f-mmb-pica-5f-amb-pica\/","name":"K\u00f6p 5F MDMB 2201 - 5F-MMB-PICA, 5F-AMB-PICA och I-AMB","isPartOf":{"@id":"https:\/\/medicinasinc.com\/se\/#website"},"primaryImageOfPage":{"@id":"https:\/\/medicinasinc.com\/se\/product\/kop-5f-mdmb-2201-5f-mmb-pica-5f-amb-pica\/#primaryimage"},"image":{"@id":"https:\/\/medicinasinc.com\/se\/product\/kop-5f-mdmb-2201-5f-mmb-pica-5f-amb-pica\/#primaryimage"},"thumbnailUrl":"https:\/\/medicinasinc.com\/se\/wp-content\/uploads\/sites\/16\/2022\/02\/Buy-5f-MDMB-2201.jpg","datePublished":"2022-02-21T22:57:54+00:00","dateModified":"2022-07-03T23:29:12+00:00","description":"K\u00f6p MMB-2201, 5F MDMB 2201 till salu Storbritannien, Europa (\u00e4ven k\u00e4nd som 5F-MMB-PICA, 5F-AMB-PICA och I-AMB) \u00e4r en potent indol-3-karboxamidbaserad syntetisk cannabinoid, som har s\u00e5lts som designerdrog och som aktiv ingrediens i syntetiska cannabisblandningar","breadcrumb":{"@id":"https:\/\/medicinasinc.com\/se\/product\/kop-5f-mdmb-2201-5f-mmb-pica-5f-amb-pica\/#breadcrumb"},"inLanguage":"sv-SE","potentialAction":[{"@type":"ReadAction","target":["https:\/\/medicinasinc.com\/se\/product\/kop-5f-mdmb-2201-5f-mmb-pica-5f-amb-pica\/"]}]},{"@type":"ImageObject","inLanguage":"sv-SE","@id":"https:\/\/medicinasinc.com\/se\/product\/kop-5f-mdmb-2201-5f-mmb-pica-5f-amb-pica\/#primaryimage","url":"https:\/\/medicinasinc.com\/se\/wp-content\/uploads\/sites\/16\/2022\/02\/Buy-5f-MDMB-2201.jpg","contentUrl":"https:\/\/medicinasinc.com\/se\/wp-content\/uploads\/sites\/16\/2022\/02\/Buy-5f-MDMB-2201.jpg","width":232,"height":217},{"@type":"BreadcrumbList","@id":"https:\/\/medicinasinc.com\/se\/product\/kop-5f-mdmb-2201-5f-mmb-pica-5f-amb-pica\/#breadcrumb","itemListElement":[{"@type":"ListItem","position":1,"name":"aff\u00e4r","item":"https:\/\/medicinasinc.com\/se\/affar\/"},{"@type":"ListItem","position":2,"name":"K\u00f6p 5F MDMB 2201 &#8211; 5F-MMB-PICA, 5F-AMB-PICA"}]},{"@type":"WebSite","@id":"https:\/\/medicinasinc.com\/se\/#website","url":"https:\/\/medicinasinc.com\/se\/","name":"Medicinas Inc","description":"Health Medical Clinic","potentialAction":[{"@type":"SearchAction","target":{"@type":"EntryPoint","urlTemplate":"https:\/\/medicinasinc.com\/se\/?s={search_term_string}"},"query-input":{"@type":"PropertyValueSpecification","valueRequired":true,"valueName":"search_term_string"}}],"inLanguage":"sv-SE"}]}},"_links":{"self":[{"href":"https:\/\/medicinasinc.com\/se\/wp-json\/wp\/v2\/product\/5417","targetHints":{"allow":["GET"]}}],"collection":[{"href":"https:\/\/medicinasinc.com\/se\/wp-json\/wp\/v2\/product"}],"about":[{"href":"https:\/\/medicinasinc.com\/se\/wp-json\/wp\/v2\/types\/product"}],"replies":[{"embeddable":true,"href":"https:\/\/medicinasinc.com\/se\/wp-json\/wp\/v2\/comments?post=5417"}],"wp:featuredmedia":[{"embeddable":true,"href":"https:\/\/medicinasinc.com\/se\/wp-json\/wp\/v2\/media\/5427"}],"wp:attachment":[{"href":"https:\/\/medicinasinc.com\/se\/wp-json\/wp\/v2\/media?parent=5417"}],"wp:term":[{"taxonomy":"product_brand","embeddable":true,"href":"https:\/\/medicinasinc.com\/se\/wp-json\/wp\/v2\/product_brand?post=5417"},{"taxonomy":"product_cat","embeddable":true,"href":"https:\/\/medicinasinc.com\/se\/wp-json\/wp\/v2\/product_cat?post=5417"},{"taxonomy":"product_tag","embeddable":true,"href":"https:\/\/medicinasinc.com\/se\/wp-json\/wp\/v2\/product_tag?post=5417"}],"curies":[{"name":"wp","href":"https:\/\/api.w.org\/{rel}","templated":true}]}}