{"id":5416,"date":"2022-02-21T22:57:03","date_gmt":"2022-02-21T22:57:03","guid":{"rendered":"https:\/\/medicinasinc.com\/se\/?post_type=product&#038;p=5416"},"modified":"2022-07-03T23:29:22","modified_gmt":"2022-07-03T23:29:22","slug":"kop-50mcg-lsd-tabletter-online","status":"publish","type":"product","link":"https:\/\/medicinasinc.com\/se\/product\/kop-50mcg-lsd-tabletter-online\/","title":{"rendered":"K\u00f6p 50mcg LSD-tabletter online"},"content":{"rendered":"<p><strong>K\u00f6p LSD 50mcg piller online.<\/strong><\/p>\n<p>LSD 50mcg tabletter kan k\u00f6pas online.<\/p>\n<p>F\u00f6r att k\u00f6pa eller best\u00e4lla LSD tabletter kan du g\u00f6ra det p\u00e5 v\u00e5r butik f\u00f6r LSD-surfplattor: Om du letar efter h\u00f6gkvalitativa LSD-surfplattor, g\u00e5 inte l\u00e4ngre. Du har hittat den. De b\u00e4sta LSD-tabletterna p\u00e5 marknaden just nu \u00e4r de som tillverkas av oss.<br \/> Lysergsyradietylamid \u00e4r dess generiska namn.<br \/> \u00d6ver 80 vanliga namn eller gatunamn anv\u00e4nds f\u00f6r att beskriva LSD. Dessa inkluderar syra, blotter (a.k.a. &#8221;cid&#8221;), doser (a.k.a. &#8221;prickarna&#8221;) och resor (a.k.a. resorna).<\/p>\n","protected":false},"excerpt":{"rendered":"<div class=\"woocommerce-product-details__short-description\">\n<p>\u00c4kta 50mcg LSD tabletter online \u2013 50mcg LSD tabletter till salu | K\u00f6p LSD-tabletter online | K\u00f6p 50mcg LSD-tabletter till salu| K\u00f6p billiga 50mcg LSD-tabletter | Var kan man k\u00f6pa 50mcg LSD-tabletter online.<\/p>\n<\/p><\/div>\n","protected":false},"featured_media":5425,"comment_status":"open","ping_status":"closed","template":"","meta":[],"product_brand":[],"product_cat":[703],"product_tag":[],"class_list":{"0":"post-5416","1":"product","2":"type-product","3":"status-publish","4":"has-post-thumbnail","6":"product_cat-kop-psykedeliska-droger","8":"first","9":"instock","10":"shipping-taxable","11":"purchasable","12":"product-type-variable","13":"has-default-attributes"},"yoast_head":"<!-- This site is optimized with the Yoast SEO plugin v27.3 - https:\/\/yoast.com\/product\/yoast-seo-wordpress\/ -->\n<title>K\u00f6p 50mcg LSD-tabletter online - Best Best Global Meds<\/title>\n<meta name=\"description\" content=\"Riktiga 50mcg LSD tabletter online \u2013 50mcg LSD tabletter till salu | K\u00f6p LSD-tabletter online | K\u00f6p 50mcg LSD-tabletter till salu| K\u00f6p billiga 50mcg LSD-tabletter | Var kan man k\u00f6pa 50mcg LSD-tabletter online.\" \/>\n<meta name=\"robots\" content=\"index, follow, max-snippet:-1, max-image-preview:large, max-video-preview:-1\" \/>\n<link rel=\"canonical\" href=\"https:\/\/medicinasinc.com\/se\/product\/kop-50mcg-lsd-tabletter-online\/\" \/>\n<meta property=\"og:locale\" content=\"sv_SE\" \/>\n<meta property=\"og:type\" content=\"article\" \/>\n<meta property=\"og:title\" content=\"K\u00f6p 50mcg LSD-tabletter online - Best Best Global Meds\" \/>\n<meta property=\"og:description\" content=\"Riktiga 50mcg LSD tabletter online \u2013 50mcg LSD tabletter till salu | K\u00f6p LSD-tabletter online | K\u00f6p 50mcg LSD-tabletter till salu| K\u00f6p billiga 50mcg LSD-tabletter | Var kan man k\u00f6pa 50mcg LSD-tabletter online.\" \/>\n<meta property=\"og:url\" content=\"https:\/\/medicinasinc.com\/se\/product\/kop-50mcg-lsd-tabletter-online\/\" \/>\n<meta property=\"og:site_name\" content=\"Medicinas Inc\" \/>\n<meta property=\"article:modified_time\" content=\"2022-07-03T23:29:22+00:00\" \/>\n<meta property=\"og:image\" content=\"https:\/\/medicinasinc.com\/se\/wp-content\/uploads\/sites\/16\/2022\/02\/buy-50mcg-lsd-tablets-online.jpg\" \/>\n\t<meta property=\"og:image:width\" content=\"600\" \/>\n\t<meta property=\"og:image:height\" content=\"600\" \/>\n\t<meta property=\"og:image:type\" content=\"image\/jpeg\" \/>\n<meta name=\"twitter:card\" content=\"summary_large_image\" \/>\n<meta name=\"twitter:label1\" content=\"Ber\u00e4knad l\u00e4stid\" \/>\n\t<meta name=\"twitter:data1\" content=\"1 minut\" \/>\n<script type=\"application\/ld+json\" class=\"yoast-schema-graph\">{\"@context\":\"https:\\\/\\\/schema.org\",\"@graph\":[{\"@type\":\"WebPage\",\"@id\":\"https:\\\/\\\/medicinasinc.com\\\/se\\\/product\\\/kop-50mcg-lsd-tabletter-online\\\/\",\"url\":\"https:\\\/\\\/medicinasinc.com\\\/se\\\/product\\\/kop-50mcg-lsd-tabletter-online\\\/\",\"name\":\"K\u00f6p 50mcg LSD-tabletter online - Best Best Global Meds\",\"isPartOf\":{\"@id\":\"https:\\\/\\\/medicinasinc.com\\\/se\\\/#website\"},\"primaryImageOfPage\":{\"@id\":\"https:\\\/\\\/medicinasinc.com\\\/se\\\/product\\\/kop-50mcg-lsd-tabletter-online\\\/#primaryimage\"},\"image\":{\"@id\":\"https:\\\/\\\/medicinasinc.com\\\/se\\\/product\\\/kop-50mcg-lsd-tabletter-online\\\/#primaryimage\"},\"thumbnailUrl\":\"https:\\\/\\\/medicinasinc.com\\\/se\\\/wp-content\\\/uploads\\\/sites\\\/16\\\/2022\\\/02\\\/buy-50mcg-lsd-tablets-online.jpg\",\"datePublished\":\"2022-02-21T22:57:03+00:00\",\"dateModified\":\"2022-07-03T23:29:22+00:00\",\"description\":\"Riktiga 50mcg LSD tabletter online \u2013 50mcg LSD tabletter till salu | K\u00f6p LSD-tabletter online | K\u00f6p 50mcg LSD-tabletter till salu| K\u00f6p billiga 50mcg LSD-tabletter | Var kan man k\u00f6pa 50mcg LSD-tabletter online.\",\"breadcrumb\":{\"@id\":\"https:\\\/\\\/medicinasinc.com\\\/se\\\/product\\\/kop-50mcg-lsd-tabletter-online\\\/#breadcrumb\"},\"inLanguage\":\"sv-SE\",\"potentialAction\":[{\"@type\":\"ReadAction\",\"target\":[\"https:\\\/\\\/medicinasinc.com\\\/se\\\/product\\\/kop-50mcg-lsd-tabletter-online\\\/\"]}]},{\"@type\":\"ImageObject\",\"inLanguage\":\"sv-SE\",\"@id\":\"https:\\\/\\\/medicinasinc.com\\\/se\\\/product\\\/kop-50mcg-lsd-tabletter-online\\\/#primaryimage\",\"url\":\"https:\\\/\\\/medicinasinc.com\\\/se\\\/wp-content\\\/uploads\\\/sites\\\/16\\\/2022\\\/02\\\/buy-50mcg-lsd-tablets-online.jpg\",\"contentUrl\":\"https:\\\/\\\/medicinasinc.com\\\/se\\\/wp-content\\\/uploads\\\/sites\\\/16\\\/2022\\\/02\\\/buy-50mcg-lsd-tablets-online.jpg\",\"width\":600,\"height\":600},{\"@type\":\"BreadcrumbList\",\"@id\":\"https:\\\/\\\/medicinasinc.com\\\/se\\\/product\\\/kop-50mcg-lsd-tabletter-online\\\/#breadcrumb\",\"itemListElement\":[{\"@type\":\"ListItem\",\"position\":1,\"name\":\"aff\u00e4r\",\"item\":\"https:\\\/\\\/medicinasinc.com\\\/se\\\/affar\\\/\"},{\"@type\":\"ListItem\",\"position\":2,\"name\":\"K\u00f6p 50mcg LSD-tabletter online\"}]},{\"@type\":\"WebSite\",\"@id\":\"https:\\\/\\\/medicinasinc.com\\\/se\\\/#website\",\"url\":\"https:\\\/\\\/medicinasinc.com\\\/se\\\/\",\"name\":\"Medicinas Inc\",\"description\":\"Health Medical Clinic\",\"potentialAction\":[{\"@type\":\"SearchAction\",\"target\":{\"@type\":\"EntryPoint\",\"urlTemplate\":\"https:\\\/\\\/medicinasinc.com\\\/se\\\/?s={search_term_string}\"},\"query-input\":{\"@type\":\"PropertyValueSpecification\",\"valueRequired\":true,\"valueName\":\"search_term_string\"}}],\"inLanguage\":\"sv-SE\"}]}<\/script>\n<!-- \/ Yoast SEO plugin. -->","yoast_head_json":{"title":"K\u00f6p 50mcg LSD-tabletter online - Best Best Global Meds","description":"Riktiga 50mcg LSD tabletter online \u2013 50mcg LSD tabletter till salu | K\u00f6p LSD-tabletter online | K\u00f6p 50mcg LSD-tabletter till salu| K\u00f6p billiga 50mcg LSD-tabletter | Var kan man k\u00f6pa 50mcg LSD-tabletter online.","robots":{"index":"index","follow":"follow","max-snippet":"max-snippet:-1","max-image-preview":"max-image-preview:large","max-video-preview":"max-video-preview:-1"},"canonical":"https:\/\/medicinasinc.com\/se\/product\/kop-50mcg-lsd-tabletter-online\/","og_locale":"sv_SE","og_type":"article","og_title":"K\u00f6p 50mcg LSD-tabletter online - Best Best Global Meds","og_description":"Riktiga 50mcg LSD tabletter online \u2013 50mcg LSD tabletter till salu | K\u00f6p LSD-tabletter online | K\u00f6p 50mcg LSD-tabletter till salu| K\u00f6p billiga 50mcg LSD-tabletter | Var kan man k\u00f6pa 50mcg LSD-tabletter online.","og_url":"https:\/\/medicinasinc.com\/se\/product\/kop-50mcg-lsd-tabletter-online\/","og_site_name":"Medicinas Inc","article_modified_time":"2022-07-03T23:29:22+00:00","og_image":[{"width":600,"height":600,"url":"https:\/\/medicinasinc.com\/se\/wp-content\/uploads\/sites\/16\/2022\/02\/buy-50mcg-lsd-tablets-online.jpg","type":"image\/jpeg"}],"twitter_card":"summary_large_image","twitter_misc":{"Ber\u00e4knad l\u00e4stid":"1 minut"},"schema":{"@context":"https:\/\/schema.org","@graph":[{"@type":"WebPage","@id":"https:\/\/medicinasinc.com\/se\/product\/kop-50mcg-lsd-tabletter-online\/","url":"https:\/\/medicinasinc.com\/se\/product\/kop-50mcg-lsd-tabletter-online\/","name":"K\u00f6p 50mcg LSD-tabletter online - Best Best Global Meds","isPartOf":{"@id":"https:\/\/medicinasinc.com\/se\/#website"},"primaryImageOfPage":{"@id":"https:\/\/medicinasinc.com\/se\/product\/kop-50mcg-lsd-tabletter-online\/#primaryimage"},"image":{"@id":"https:\/\/medicinasinc.com\/se\/product\/kop-50mcg-lsd-tabletter-online\/#primaryimage"},"thumbnailUrl":"https:\/\/medicinasinc.com\/se\/wp-content\/uploads\/sites\/16\/2022\/02\/buy-50mcg-lsd-tablets-online.jpg","datePublished":"2022-02-21T22:57:03+00:00","dateModified":"2022-07-03T23:29:22+00:00","description":"Riktiga 50mcg LSD tabletter online \u2013 50mcg LSD tabletter till salu | K\u00f6p LSD-tabletter online | K\u00f6p 50mcg LSD-tabletter till salu| K\u00f6p billiga 50mcg LSD-tabletter | Var kan man k\u00f6pa 50mcg LSD-tabletter online.","breadcrumb":{"@id":"https:\/\/medicinasinc.com\/se\/product\/kop-50mcg-lsd-tabletter-online\/#breadcrumb"},"inLanguage":"sv-SE","potentialAction":[{"@type":"ReadAction","target":["https:\/\/medicinasinc.com\/se\/product\/kop-50mcg-lsd-tabletter-online\/"]}]},{"@type":"ImageObject","inLanguage":"sv-SE","@id":"https:\/\/medicinasinc.com\/se\/product\/kop-50mcg-lsd-tabletter-online\/#primaryimage","url":"https:\/\/medicinasinc.com\/se\/wp-content\/uploads\/sites\/16\/2022\/02\/buy-50mcg-lsd-tablets-online.jpg","contentUrl":"https:\/\/medicinasinc.com\/se\/wp-content\/uploads\/sites\/16\/2022\/02\/buy-50mcg-lsd-tablets-online.jpg","width":600,"height":600},{"@type":"BreadcrumbList","@id":"https:\/\/medicinasinc.com\/se\/product\/kop-50mcg-lsd-tabletter-online\/#breadcrumb","itemListElement":[{"@type":"ListItem","position":1,"name":"aff\u00e4r","item":"https:\/\/medicinasinc.com\/se\/affar\/"},{"@type":"ListItem","position":2,"name":"K\u00f6p 50mcg LSD-tabletter online"}]},{"@type":"WebSite","@id":"https:\/\/medicinasinc.com\/se\/#website","url":"https:\/\/medicinasinc.com\/se\/","name":"Medicinas Inc","description":"Health Medical Clinic","potentialAction":[{"@type":"SearchAction","target":{"@type":"EntryPoint","urlTemplate":"https:\/\/medicinasinc.com\/se\/?s={search_term_string}"},"query-input":{"@type":"PropertyValueSpecification","valueRequired":true,"valueName":"search_term_string"}}],"inLanguage":"sv-SE"}]}},"_links":{"self":[{"href":"https:\/\/medicinasinc.com\/se\/wp-json\/wp\/v2\/product\/5416","targetHints":{"allow":["GET"]}}],"collection":[{"href":"https:\/\/medicinasinc.com\/se\/wp-json\/wp\/v2\/product"}],"about":[{"href":"https:\/\/medicinasinc.com\/se\/wp-json\/wp\/v2\/types\/product"}],"replies":[{"embeddable":true,"href":"https:\/\/medicinasinc.com\/se\/wp-json\/wp\/v2\/comments?post=5416"}],"wp:featuredmedia":[{"embeddable":true,"href":"https:\/\/medicinasinc.com\/se\/wp-json\/wp\/v2\/media\/5425"}],"wp:attachment":[{"href":"https:\/\/medicinasinc.com\/se\/wp-json\/wp\/v2\/media?parent=5416"}],"wp:term":[{"taxonomy":"product_brand","embeddable":true,"href":"https:\/\/medicinasinc.com\/se\/wp-json\/wp\/v2\/product_brand?post=5416"},{"taxonomy":"product_cat","embeddable":true,"href":"https:\/\/medicinasinc.com\/se\/wp-json\/wp\/v2\/product_cat?post=5416"},{"taxonomy":"product_tag","embeddable":true,"href":"https:\/\/medicinasinc.com\/se\/wp-json\/wp\/v2\/product_tag?post=5416"}],"curies":[{"name":"wp","href":"https:\/\/api.w.org\/{rel}","templated":true}]}}