{"id":5389,"date":"2022-02-21T22:26:02","date_gmt":"2022-02-21T22:26:02","guid":{"rendered":"https:\/\/medicinasinc.com\/se\/?post_type=product&#038;p=5389"},"modified":"2022-07-03T23:29:41","modified_gmt":"2022-07-03T23:29:41","slug":"kop-5-mapb-pulverkristall","status":"publish","type":"product","link":"https:\/\/medicinasinc.com\/se\/product\/kop-5-mapb-pulverkristall\/","title":{"rendered":"K\u00f6p 5-MAPB Powder &amp; Kristall"},"content":{"rendered":"<p>Har du behov av 5-mapb-kristall och vill k\u00f6pa den till ett rimligt pris? Du kan d\u00e5 bes\u00f6ka v\u00e5r onlinebutik f\u00f6r kemikalier just nu. Med hj\u00e4lp av Bestglobalmed.com kan du k\u00f6pa 5-mapb-kristall online till \u00f6verkomliga kostnader. P\u00e5 v\u00e5r kemibutik online \u00e4r vi en v\u00e4lk\u00e4nd leverant\u00f6r och leverant\u00f6r som alltid st\u00e5r till din tj\u00e4nst. Best\u00e4ll\u00a05-mapb-crystal\u00a0i dag!<\/p>\n<p>5-mapb-crystal \u00e4r en typ av kristall.<\/p>\n<p>I struktur och effekter, 5-MAPB (1-(bensofuran-5-yl) )-N-metylpropan-2-amin) liknar MDMA, en syntetisk entaktogen. 5&#8242;-(2-metylaminopropyl)bensofuran \u00e4r en syntetisk entaktogen fr\u00e5n den bensosubstituerade kemifamiljen (f\u00f6rkortat 5-MAPB).<\/p>\n<p>Hur p\u00e5verkar 5-mapb-kristallen kroppen?<\/p>\n<p>5-mapb-kristall har en euforisk, entaktogen, stimulerande och m\u00e5ttligt psykedelisk inverkan p\u00e5 m\u00e4nniskokroppen n\u00e4r den tas oralt.<\/p>\n<p>5 MAPB Crystal \u00e4r k\u00e4nd som vad mer?<\/p>\n<p>5 MAPB Crystal \u00e4r ocks\u00e5 k\u00e4nd som 5-MAPB.<\/p>\n<p>Hur skulle du beskriva 5 MAPB Crystal?<\/p>\n<p>Kemiskt sett \u00e4r 5 MAPB Crystal en bensofuran (amfetamin) molekyl. <\/p>\n<p>Hur kan jag f\u00e5 tag p\u00e5 n\u00e5gra 5-mapb-kristaller?<\/p>\n<p>Du kan f\u00e5 5-mapb-kristaller fr\u00e5n v\u00e5r officiella webbplats och f\u00e5 dem levererade till din angivna adress inom en n\u00e5gra dagar. Endast i USA, Storbritannien, Kanada, Tyskland och Australien har vi att g\u00f6ra med 5-mapb-kristall. Anslut nu!<\/p>\n<p>Vi \u00e4r den fr\u00e4msta leverant\u00f6ren och distribut\u00f6ren av h\u00f6gkvalitativa kemikalier till ett rimligt pris. Det \u00e4r l\u00e4tt f\u00f6r kunder att k\u00e4nna sig bekv\u00e4ma n\u00e4r de arbetar med v\u00e5rt team av experter. Som ett resultat kan de uppr\u00e4tth\u00e5lla ett tillr\u00e4ckligt utbud och f\u00e5 snabb leverans f\u00f6r att tillfredsst\u00e4lla deras behov. Kunder \u00e4lskar och respekterar oss eftersom vi erbjuder h\u00f6gkvalitativa produkter till rimliga priser och utm\u00e4rkt kundservice. Det \u00e4r inte bara v\u00e5r plikt, utan v\u00e5rt ansvar, att uppfylla eller \u00f6vertr\u00e4ffa dina f\u00f6rv\u00e4ntningar. Innan du k\u00f6per mdpt beh\u00f6ver du inte tr\u00e4ffa en l\u00e4kare.<\/p>\n<p>Vi g\u00e5r ut\u00f6ver det vanliga f\u00f6r att s\u00e4kerst\u00e4lla att kunden \u00e4r helt n\u00f6jd. Att sikta p\u00e5 globalt rykte f\u00f6r sina produkter och tj\u00e4nster inneb\u00e4r att s\u00e4tta priser i linje med branschnormer.<\/p>\n<p>Dessutom erbjuder vi lika stor uppm\u00e4rksamhet \u00e5t alla dina best\u00e4llningar, oavsett hur stora eller sm\u00e5 de \u00e4r, och vi str\u00e4var efter f\u00f6r att f\u00e5 din best\u00e4llning skickad s\u00e5 snabbt som m\u00f6jligt.<\/p>\n<p>N\u00e4r du har slutf\u00f6rt dina k\u00f6p \u00e4r vi \u00f6vertygade om att du inte kommer att bli besviken. F\u00f6r att ge dig h\u00f6gsta m\u00f6jliga kvalitetsniv\u00e5 anv\u00e4nder vi endast material som har upphandlats fr\u00e5n b\u00e4sta m\u00f6jliga k\u00e4llor. Du kommer att f\u00e5 produktens f\u00f6rpackning i en diskret f\u00f6rpackning.<\/p>\n<p>Vi har kunnat etablera ett stabilt fotf\u00e4ste p\u00e5 den kemiska forskningsmarknaden tack vare v\u00e5r stora kunskap. Som en ledande leverant\u00f6r av forskningskemikalier tror vi p\u00e5 att bygga l\u00e5ngsiktiga relationer med v\u00e5ra kunder baserat p\u00e5 f\u00f6rtroende.<\/p>\n","protected":false},"excerpt":{"rendered":"<p>Du kan k\u00f6pa 5-MAPB Powder Crystal fr\u00e5n medicinasinc.com\/se till ett rimligt pris, samt 5-MAPB Research Chemicals till f\u00f6rs\u00e4ljning. K\u00e4nd kemiskt som 1-(bensofuran-5-yl), 5-MAPB \u00e4r en syntetisk entaktogen med effekter och egenskaper som \u00e4r mycket lika MDMA.<\/p>\n<p>5-MAPB Powder &amp; Kristall 1 oz. finns att k\u00f6pa. En dos p\u00e5 100-200 milligram 5-MAPB, ett pulver som liknar MDMA, rekommenderas.<\/p>\n<p>K\u00f6p Crystal 5-MAPB Om du letar efter 5-mapb-kristall till ett bra pris , kolla inte vidare. Ta d\u00e5 direkt kontakt med v\u00e5r kemikaliebutik via internet.<\/p>\n","protected":false},"featured_media":5400,"comment_status":"open","ping_status":"closed","template":"","meta":[],"product_brand":[],"product_cat":[2014],"product_tag":[2569,2583,2584,2573,2574,2575,2580,2581,2572,2577,2579,2576,2578,2585,2582,2570,2571,2591,2592,2593,2586,2587,2588,2589,2590,2594,2595],"class_list":{"0":"post-5389","1":"product","2":"type-product","3":"status-publish","4":"has-post-thumbnail","6":"product_cat-kop-research-chemicals","7":"product_tag-5-mapb","8":"product_tag-5-mapb-forskningskemikalier","9":"product_tag-5-mapb-forskningskemikalier-till-frsljning","10":"product_tag-5-mapb-powder-australia","11":"product_tag-5-mapb-powder-canada","12":"product_tag-5-mapb-powder-dosage","13":"product_tag-5-mapb-powder-usa","14":"product_tag-5-mapb-powder-vendor","15":"product_tag-5-mapb-pulver","16":"product_tag-5-mapb-powder-recension","17":"product_tag-5-mapb-powder-uk","18":"product_tag-5-mapb-pulver-till-frsljning","19":"product_tag-5-mapb-pulverleverantr","20":"product_tag-5-mapb-recension","21":"product_tag-5-mapb-reddit","22":"product_tag-5-mapb-till-salu","23":"product_tag-5-mapb-till-frsljning-online","24":"product_tag-order-5-mapb","25":"product_tag-order-5-mapb-online","26":"product_tag-order-5-mapb-pulver","27":"product_tag-buy-5-mapb","28":"product_tag-buy-5-mapb-online","29":"product_tag-buy-5-mapb-powder-online","30":"product_tag-buy-5-mapb-research-chemicals","31":"product_tag-mail-5-mapb","32":"product_tag-rent-5-mapb-pulver","33":"product_tag-var-att-kpa-5-mapb","35":"first","36":"instock","37":"shipping-taxable","38":"purchasable","39":"product-type-variable","40":"has-default-attributes"},"yoast_head":"<!-- This site is optimized with the Yoast SEO plugin v27.3 - https:\/\/yoast.com\/product\/yoast-seo-wordpress\/ -->\n<title>K\u00f6p 5-MAPB Powder &amp; Crystal - B\u00e4sta b\u00e4sta globala medicinerna<\/title>\n<meta name=\"description\" content=\"K\u00f6p 5-MAPB Powder Crystal Online, 5-MAPB Research Chemicals till salu, best\u00e4ll 5-MAPB Crystal i USA, Storbritannien till ett \u00f6verkomligt pris fr\u00e5n medicinasinc.com\/se. 5-MAPB (1-(bensofuran-5-yl)-N-metylpropan-2-amin) \u00e4r ett entaktogent designerl\u00e4kemedel som liknar MDMA i dess struktur och effekter\" \/>\n<meta name=\"robots\" content=\"index, follow, max-snippet:-1, max-image-preview:large, max-video-preview:-1\" \/>\n<link rel=\"canonical\" href=\"https:\/\/medicinasinc.com\/se\/product\/kop-5-mapb-pulverkristall\/\" \/>\n<meta property=\"og:locale\" content=\"sv_SE\" \/>\n<meta property=\"og:type\" content=\"article\" \/>\n<meta property=\"og:title\" content=\"K\u00f6p 5-MAPB Powder &amp; Crystal - B\u00e4sta b\u00e4sta globala medicinerna\" \/>\n<meta property=\"og:description\" content=\"K\u00f6p 5-MAPB Powder Crystal Online, 5-MAPB Research Chemicals till salu, best\u00e4ll 5-MAPB Crystal i USA, Storbritannien till ett \u00f6verkomligt pris fr\u00e5n medicinasinc.com\/se. 5-MAPB (1-(bensofuran-5-yl)-N-metylpropan-2-amin) \u00e4r ett entaktogent designerl\u00e4kemedel som liknar MDMA i dess struktur och effekter\" \/>\n<meta property=\"og:url\" content=\"https:\/\/medicinasinc.com\/se\/product\/kop-5-mapb-pulverkristall\/\" \/>\n<meta property=\"og:site_name\" content=\"Medicinas Inc\" \/>\n<meta property=\"article:modified_time\" content=\"2022-07-03T23:29:41+00:00\" \/>\n<meta property=\"og:image\" content=\"https:\/\/medicinasinc.com\/se\/wp-content\/uploads\/sites\/16\/2022\/02\/Buy-5-MAPB-Powder-Crystal.jpg\" \/>\n\t<meta property=\"og:image:width\" content=\"600\" \/>\n\t<meta property=\"og:image:height\" content=\"488\" \/>\n\t<meta property=\"og:image:type\" content=\"image\/jpeg\" \/>\n<meta name=\"twitter:card\" content=\"summary_large_image\" \/>\n<meta name=\"twitter:label1\" content=\"Ber\u00e4knad l\u00e4stid\" \/>\n\t<meta name=\"twitter:data1\" content=\"2 minuter\" \/>\n<script type=\"application\/ld+json\" class=\"yoast-schema-graph\">{\"@context\":\"https:\\\/\\\/schema.org\",\"@graph\":[{\"@type\":\"WebPage\",\"@id\":\"https:\\\/\\\/medicinasinc.com\\\/se\\\/product\\\/kop-5-mapb-pulverkristall\\\/\",\"url\":\"https:\\\/\\\/medicinasinc.com\\\/se\\\/product\\\/kop-5-mapb-pulverkristall\\\/\",\"name\":\"K\u00f6p 5-MAPB Powder & Crystal - B\u00e4sta b\u00e4sta globala medicinerna\",\"isPartOf\":{\"@id\":\"https:\\\/\\\/medicinasinc.com\\\/se\\\/#website\"},\"primaryImageOfPage\":{\"@id\":\"https:\\\/\\\/medicinasinc.com\\\/se\\\/product\\\/kop-5-mapb-pulverkristall\\\/#primaryimage\"},\"image\":{\"@id\":\"https:\\\/\\\/medicinasinc.com\\\/se\\\/product\\\/kop-5-mapb-pulverkristall\\\/#primaryimage\"},\"thumbnailUrl\":\"https:\\\/\\\/medicinasinc.com\\\/se\\\/wp-content\\\/uploads\\\/sites\\\/16\\\/2022\\\/02\\\/Buy-5-MAPB-Powder-Crystal.jpg\",\"datePublished\":\"2022-02-21T22:26:02+00:00\",\"dateModified\":\"2022-07-03T23:29:41+00:00\",\"description\":\"K\u00f6p 5-MAPB Powder Crystal Online, 5-MAPB Research Chemicals till salu, best\u00e4ll 5-MAPB Crystal i USA, Storbritannien till ett \u00f6verkomligt pris fr\u00e5n medicinasinc.com\\\/se. 5-MAPB (1-(bensofuran-5-yl)-N-metylpropan-2-amin) \u00e4r ett entaktogent designerl\u00e4kemedel som liknar MDMA i dess struktur och effekter\",\"breadcrumb\":{\"@id\":\"https:\\\/\\\/medicinasinc.com\\\/se\\\/product\\\/kop-5-mapb-pulverkristall\\\/#breadcrumb\"},\"inLanguage\":\"sv-SE\",\"potentialAction\":[{\"@type\":\"ReadAction\",\"target\":[\"https:\\\/\\\/medicinasinc.com\\\/se\\\/product\\\/kop-5-mapb-pulverkristall\\\/\"]}]},{\"@type\":\"ImageObject\",\"inLanguage\":\"sv-SE\",\"@id\":\"https:\\\/\\\/medicinasinc.com\\\/se\\\/product\\\/kop-5-mapb-pulverkristall\\\/#primaryimage\",\"url\":\"https:\\\/\\\/medicinasinc.com\\\/se\\\/wp-content\\\/uploads\\\/sites\\\/16\\\/2022\\\/02\\\/Buy-5-MAPB-Powder-Crystal.jpg\",\"contentUrl\":\"https:\\\/\\\/medicinasinc.com\\\/se\\\/wp-content\\\/uploads\\\/sites\\\/16\\\/2022\\\/02\\\/Buy-5-MAPB-Powder-Crystal.jpg\",\"width\":600,\"height\":488},{\"@type\":\"BreadcrumbList\",\"@id\":\"https:\\\/\\\/medicinasinc.com\\\/se\\\/product\\\/kop-5-mapb-pulverkristall\\\/#breadcrumb\",\"itemListElement\":[{\"@type\":\"ListItem\",\"position\":1,\"name\":\"aff\u00e4r\",\"item\":\"https:\\\/\\\/medicinasinc.com\\\/se\\\/affar\\\/\"},{\"@type\":\"ListItem\",\"position\":2,\"name\":\"K\u00f6p 5-MAPB Powder &amp; Kristall\"}]},{\"@type\":\"WebSite\",\"@id\":\"https:\\\/\\\/medicinasinc.com\\\/se\\\/#website\",\"url\":\"https:\\\/\\\/medicinasinc.com\\\/se\\\/\",\"name\":\"Medicinas Inc\",\"description\":\"Health Medical Clinic\",\"potentialAction\":[{\"@type\":\"SearchAction\",\"target\":{\"@type\":\"EntryPoint\",\"urlTemplate\":\"https:\\\/\\\/medicinasinc.com\\\/se\\\/?s={search_term_string}\"},\"query-input\":{\"@type\":\"PropertyValueSpecification\",\"valueRequired\":true,\"valueName\":\"search_term_string\"}}],\"inLanguage\":\"sv-SE\"}]}<\/script>\n<!-- \/ Yoast SEO plugin. -->","yoast_head_json":{"title":"K\u00f6p 5-MAPB Powder & Crystal - B\u00e4sta b\u00e4sta globala medicinerna","description":"K\u00f6p 5-MAPB Powder Crystal Online, 5-MAPB Research Chemicals till salu, best\u00e4ll 5-MAPB Crystal i USA, Storbritannien till ett \u00f6verkomligt pris fr\u00e5n medicinasinc.com\/se. 5-MAPB (1-(bensofuran-5-yl)-N-metylpropan-2-amin) \u00e4r ett entaktogent designerl\u00e4kemedel som liknar MDMA i dess struktur och effekter","robots":{"index":"index","follow":"follow","max-snippet":"max-snippet:-1","max-image-preview":"max-image-preview:large","max-video-preview":"max-video-preview:-1"},"canonical":"https:\/\/medicinasinc.com\/se\/product\/kop-5-mapb-pulverkristall\/","og_locale":"sv_SE","og_type":"article","og_title":"K\u00f6p 5-MAPB Powder & Crystal - B\u00e4sta b\u00e4sta globala medicinerna","og_description":"K\u00f6p 5-MAPB Powder Crystal Online, 5-MAPB Research Chemicals till salu, best\u00e4ll 5-MAPB Crystal i USA, Storbritannien till ett \u00f6verkomligt pris fr\u00e5n medicinasinc.com\/se. 5-MAPB (1-(bensofuran-5-yl)-N-metylpropan-2-amin) \u00e4r ett entaktogent designerl\u00e4kemedel som liknar MDMA i dess struktur och effekter","og_url":"https:\/\/medicinasinc.com\/se\/product\/kop-5-mapb-pulverkristall\/","og_site_name":"Medicinas Inc","article_modified_time":"2022-07-03T23:29:41+00:00","og_image":[{"width":600,"height":488,"url":"https:\/\/medicinasinc.com\/se\/wp-content\/uploads\/sites\/16\/2022\/02\/Buy-5-MAPB-Powder-Crystal.jpg","type":"image\/jpeg"}],"twitter_card":"summary_large_image","twitter_misc":{"Ber\u00e4knad l\u00e4stid":"2 minuter"},"schema":{"@context":"https:\/\/schema.org","@graph":[{"@type":"WebPage","@id":"https:\/\/medicinasinc.com\/se\/product\/kop-5-mapb-pulverkristall\/","url":"https:\/\/medicinasinc.com\/se\/product\/kop-5-mapb-pulverkristall\/","name":"K\u00f6p 5-MAPB Powder & Crystal - B\u00e4sta b\u00e4sta globala medicinerna","isPartOf":{"@id":"https:\/\/medicinasinc.com\/se\/#website"},"primaryImageOfPage":{"@id":"https:\/\/medicinasinc.com\/se\/product\/kop-5-mapb-pulverkristall\/#primaryimage"},"image":{"@id":"https:\/\/medicinasinc.com\/se\/product\/kop-5-mapb-pulverkristall\/#primaryimage"},"thumbnailUrl":"https:\/\/medicinasinc.com\/se\/wp-content\/uploads\/sites\/16\/2022\/02\/Buy-5-MAPB-Powder-Crystal.jpg","datePublished":"2022-02-21T22:26:02+00:00","dateModified":"2022-07-03T23:29:41+00:00","description":"K\u00f6p 5-MAPB Powder Crystal Online, 5-MAPB Research Chemicals till salu, best\u00e4ll 5-MAPB Crystal i USA, Storbritannien till ett \u00f6verkomligt pris fr\u00e5n medicinasinc.com\/se. 5-MAPB (1-(bensofuran-5-yl)-N-metylpropan-2-amin) \u00e4r ett entaktogent designerl\u00e4kemedel som liknar MDMA i dess struktur och effekter","breadcrumb":{"@id":"https:\/\/medicinasinc.com\/se\/product\/kop-5-mapb-pulverkristall\/#breadcrumb"},"inLanguage":"sv-SE","potentialAction":[{"@type":"ReadAction","target":["https:\/\/medicinasinc.com\/se\/product\/kop-5-mapb-pulverkristall\/"]}]},{"@type":"ImageObject","inLanguage":"sv-SE","@id":"https:\/\/medicinasinc.com\/se\/product\/kop-5-mapb-pulverkristall\/#primaryimage","url":"https:\/\/medicinasinc.com\/se\/wp-content\/uploads\/sites\/16\/2022\/02\/Buy-5-MAPB-Powder-Crystal.jpg","contentUrl":"https:\/\/medicinasinc.com\/se\/wp-content\/uploads\/sites\/16\/2022\/02\/Buy-5-MAPB-Powder-Crystal.jpg","width":600,"height":488},{"@type":"BreadcrumbList","@id":"https:\/\/medicinasinc.com\/se\/product\/kop-5-mapb-pulverkristall\/#breadcrumb","itemListElement":[{"@type":"ListItem","position":1,"name":"aff\u00e4r","item":"https:\/\/medicinasinc.com\/se\/affar\/"},{"@type":"ListItem","position":2,"name":"K\u00f6p 5-MAPB Powder &amp; Kristall"}]},{"@type":"WebSite","@id":"https:\/\/medicinasinc.com\/se\/#website","url":"https:\/\/medicinasinc.com\/se\/","name":"Medicinas Inc","description":"Health Medical Clinic","potentialAction":[{"@type":"SearchAction","target":{"@type":"EntryPoint","urlTemplate":"https:\/\/medicinasinc.com\/se\/?s={search_term_string}"},"query-input":{"@type":"PropertyValueSpecification","valueRequired":true,"valueName":"search_term_string"}}],"inLanguage":"sv-SE"}]}},"_links":{"self":[{"href":"https:\/\/medicinasinc.com\/se\/wp-json\/wp\/v2\/product\/5389","targetHints":{"allow":["GET"]}}],"collection":[{"href":"https:\/\/medicinasinc.com\/se\/wp-json\/wp\/v2\/product"}],"about":[{"href":"https:\/\/medicinasinc.com\/se\/wp-json\/wp\/v2\/types\/product"}],"replies":[{"embeddable":true,"href":"https:\/\/medicinasinc.com\/se\/wp-json\/wp\/v2\/comments?post=5389"}],"wp:featuredmedia":[{"embeddable":true,"href":"https:\/\/medicinasinc.com\/se\/wp-json\/wp\/v2\/media\/5400"}],"wp:attachment":[{"href":"https:\/\/medicinasinc.com\/se\/wp-json\/wp\/v2\/media?parent=5389"}],"wp:term":[{"taxonomy":"product_brand","embeddable":true,"href":"https:\/\/medicinasinc.com\/se\/wp-json\/wp\/v2\/product_brand?post=5389"},{"taxonomy":"product_cat","embeddable":true,"href":"https:\/\/medicinasinc.com\/se\/wp-json\/wp\/v2\/product_cat?post=5389"},{"taxonomy":"product_tag","embeddable":true,"href":"https:\/\/medicinasinc.com\/se\/wp-json\/wp\/v2\/product_tag?post=5389"}],"curies":[{"name":"wp","href":"https:\/\/api.w.org\/{rel}","templated":true}]}}