{"id":5387,"date":"2022-02-21T22:22:34","date_gmt":"2022-02-21T22:22:34","guid":{"rendered":"https:\/\/medicinasinc.com\/se\/?post_type=product&#038;p=5387"},"modified":"2022-07-03T23:31:22","modified_gmt":"2022-07-03T23:31:22","slug":"kop-4-fa-pulver","status":"publish","type":"product","link":"https:\/\/medicinasinc.com\/se\/product\/kop-4-fa-pulver\/","title":{"rendered":"K\u00f6p 4-FA Powder"},"content":{"rendered":"<p>K\u00f6p 4-FA Powder.<\/p>\n<p>K\u00f6p billigt 4-FA Powder 1 oz Pure Online.<\/p>\n<p>4-FA (4-fluoramfetamin) \u00e4r ett amfetaminliknande l\u00e4kemedel som har bara nyligen d\u00f6k upp p\u00e5 den holl\u00e4ndska marknaden. Fr\u00e5n 2007 till 2009 marknadsf\u00f6rdes den fr\u00e4mst som speed eller MDMA. Detta berodde p\u00e5 att det fanns en brist p\u00e5 r\u00e5varor f\u00f6r dessa specialister vid den tiden, s\u00e5 4-FA anv\u00e4ndes som sk\u00e4rspecialist. Hur som helst, sedan 2010 har s\u00e4ljare i allt st\u00f6rre utstr\u00e4ckning s\u00e5lt 4-FA som 4-FA, vilket antyder att k\u00f6pare betraktar det som ett &#8221;beslutsfattande l\u00e4kemedel&#8221;.<\/p>\n<p>4-FA \u00e4r ocks\u00e5 k\u00e4nt som 4-FMP , 4-Fluor, 4-Flava, 4-F och Flux. Det \u00e4r ett \u00e4mne som klassificeras som ett nytt psykoaktivt \u00e4mne (NPS). Det \u00e4r substanser som nyligen blivit tillg\u00e4ngliga och har utvecklats som ett alternativ till traditionella olagliga substanser. NPS \u00e4r ocks\u00e5 k\u00e4nt som forskningssyntetiska eller ursprungsdroger. Genom att g\u00f6ra mindre \u00e4ndringar i en nuvarande sammans\u00e4ttningsstruktur \u00e4ndras \u00e4mnesnamnet och omfattas som en f\u00f6ljd av det inte l\u00e4ngre av opiumlagen och d\u00e4rmed olagligt. Detta g\u00f6r det sv\u00e5rare att f\u00f6rhindra skapande, transaktioner och \u00e4gande.<\/p>\n<p>4-FA finns oftast som ett pulver eller piller. 4-FA tas oralt i pillerform. Kunder placerar antingen pulvret i ett fodral eller ett r\u00f6rligt papper (bomb) eller, i vissa fall, l\u00f6ser det upp det i en dryck. Det finns ingen grundl\u00e4ggande skillnad mellan 4-FA-piller, 4-FA-pulver och 4-FA-fodral.<\/p>\n<p>Beh\u00e5llare \u00e4r gjorda av en tr\u00e5kig eller s\u00f6t substans och kan vara enkla eller ha en m\u00e4ngd olika toner. Ett fodral kan fyllas med en m\u00e4ngd olika \u00e4mnen. 4-FA, samt diverse andra \u00e4mnen, till exempel amfetamin (hastighet), MDMA, koffein eller ingenting alls. Vissa smarta butiksartiklar finns ocks\u00e5 i fodral. V\u00e4skorna ligger vanligtvis i en s\u00e4ck och p\u00e5 f\u00f6rpackningen st\u00e5r det vad som finns inuti. Om kunder fyller sina egna beh\u00e5llare kan de anv\u00e4nda en mg-skala f\u00f6r att best\u00e4mma en exakt portion. 4-fa till salu, var man kan k\u00f6pa 4fa, k\u00f6pa 4-fa, 4-fa till salu, 4-fa till salu, 4-fa k\u00f6pa, k\u00f6pa 4fa, 4-fa k\u00f6pa, 4-fa till salu, 4-fa till salu, 4 -fa till salu, 4-fa till salu, 4-fa till salu, 4-fa till salu, 4-fa till salu, 4-fa till salu, 4-fa till salu, 4-fa till salu<\/p>\n<p>Vad n\u00e5gon k\u00e4nner efter att ha tagit 4-FA till en b\u00f6rjan best\u00e4ms av m\u00e4tningarna. F\u00f6r att l\u00e4ra dig mer kan 4-FA testas p\u00e5 en testadministration (se meny). Effekterna av att inta 4-FA tar mellan 20 och en timme att manifestera. 4-FA slutf\u00f6rs p\u00e5 4 till 8 timmar, \u00e4ven om vissa kunder rapporterar att de slutliga resultaten kan vara i upp till 12 timmar.<\/p>\n<p>h\u00e4ftig, tydlig, v\u00e4ltr\u00e4nad och f\u00f6rsiktig<\/p>\n<p>A stark k\u00e4nsla av tillh\u00f6righet<\/p>\n<p>Ber\u00f6ring och musik ger en extrem sensorisk upplevelse.<\/p>\n<p>Kontakt, samtal och n\u00e4rhet \u00e4r viktigt.<\/p>\n","protected":false},"excerpt":{"rendered":"<p>K\u00f6p 4-FA Powder 1 oz Pure online billigt. 4-FA-pulver som liknar MDMA &amp; Oralt metamfetamin<br \/> Rekommenderad dosering: 200mg.<\/p>\n<p>I v\u00e5r butik kan du k\u00f6pa 4-FMA ren. P\u00e5 samma s\u00e4tt som pulver tillverkas \u00e4r 4-FMA, \u00e4ven k\u00e4nd som 4-Fluorometamfetamin, ocks\u00e5 ett psykoaktivt \u00e4mne.<\/p>\n<p>4-FA-pulver \u00e4r ocks\u00e5 k\u00e4nt som para-fluoramfetamin eller 4-fluoramfetamin, men dessa \u00e4r inte samma sak. M\u00e4nniskor som studerar medicin s\u00e4ger att den h\u00e4r \u00e4r mycket bra.<\/p>\n","protected":false},"featured_media":5396,"comment_status":"open","ping_status":"closed","template":"","meta":[],"product_brand":[],"product_cat":[2014],"product_tag":[2502,2503,2504,2505,2506,2507,2508],"class_list":{"0":"post-5387","1":"product","2":"type-product","3":"status-publish","4":"has-post-thumbnail","6":"product_cat-kop-research-chemicals","7":"product_tag-2-fluoramfetamin","8":"product_tag-4-fa-effekter","9":"product_tag-4-fa-forskningskemikalie","10":"product_tag-4-fluoramfetamin-laglig-status","11":"product_tag-4-fluoramfetamin-syntes","12":"product_tag-is-4-fa-legal-in-the-us-2020","13":"product_tag-r-4-fma-lagligt","15":"first","16":"instock","17":"shipping-taxable","18":"purchasable","19":"product-type-variable","20":"has-default-attributes"},"yoast_head":"<!-- This site is optimized with the Yoast SEO plugin v27.3 - https:\/\/yoast.com\/product\/yoast-seo-wordpress\/ -->\n<title>K\u00f6p 4-FA-pulver - 4-fluoramfetamin - B\u00e4sta b\u00e4sta globala medicinerna<\/title>\n<meta name=\"description\" content=\"K\u00f6p 4-FA Powder 4-Fluoroamfetamin till salu Pure Online Cheap. 4-FA-pulver som liknar MDMA &amp; Oralt metamfetamin\" \/>\n<meta name=\"robots\" content=\"index, follow, max-snippet:-1, max-image-preview:large, max-video-preview:-1\" \/>\n<link rel=\"canonical\" href=\"https:\/\/medicinasinc.com\/se\/product\/kop-4-fa-pulver\/\" \/>\n<meta property=\"og:locale\" content=\"sv_SE\" \/>\n<meta property=\"og:type\" content=\"article\" \/>\n<meta property=\"og:title\" content=\"K\u00f6p 4-FA-pulver - 4-fluoramfetamin - B\u00e4sta b\u00e4sta globala medicinerna\" \/>\n<meta property=\"og:description\" content=\"K\u00f6p 4-FA Powder 4-Fluoroamfetamin till salu Pure Online Cheap. 4-FA-pulver som liknar MDMA &amp; Oralt metamfetamin\" \/>\n<meta property=\"og:url\" content=\"https:\/\/medicinasinc.com\/se\/product\/kop-4-fa-pulver\/\" \/>\n<meta property=\"og:site_name\" content=\"Medicinas Inc\" \/>\n<meta property=\"article:modified_time\" content=\"2022-07-03T23:31:22+00:00\" \/>\n<meta property=\"og:image\" content=\"https:\/\/medicinasinc.com\/se\/wp-content\/uploads\/sites\/16\/2022\/02\/Buy-4-FA-Powder.jpeg\" \/>\n\t<meta property=\"og:image:width\" content=\"510\" \/>\n\t<meta property=\"og:image:height\" content=\"365\" \/>\n\t<meta property=\"og:image:type\" content=\"image\/jpeg\" \/>\n<meta name=\"twitter:card\" content=\"summary_large_image\" \/>\n<meta name=\"twitter:label1\" content=\"Ber\u00e4knad l\u00e4stid\" \/>\n\t<meta name=\"twitter:data1\" content=\"2 minuter\" \/>\n<script type=\"application\/ld+json\" class=\"yoast-schema-graph\">{\"@context\":\"https:\\\/\\\/schema.org\",\"@graph\":[{\"@type\":\"WebPage\",\"@id\":\"https:\\\/\\\/medicinasinc.com\\\/se\\\/product\\\/kop-4-fa-pulver\\\/\",\"url\":\"https:\\\/\\\/medicinasinc.com\\\/se\\\/product\\\/kop-4-fa-pulver\\\/\",\"name\":\"K\u00f6p 4-FA-pulver - 4-fluoramfetamin - B\u00e4sta b\u00e4sta globala medicinerna\",\"isPartOf\":{\"@id\":\"https:\\\/\\\/medicinasinc.com\\\/se\\\/#website\"},\"primaryImageOfPage\":{\"@id\":\"https:\\\/\\\/medicinasinc.com\\\/se\\\/product\\\/kop-4-fa-pulver\\\/#primaryimage\"},\"image\":{\"@id\":\"https:\\\/\\\/medicinasinc.com\\\/se\\\/product\\\/kop-4-fa-pulver\\\/#primaryimage\"},\"thumbnailUrl\":\"https:\\\/\\\/medicinasinc.com\\\/se\\\/wp-content\\\/uploads\\\/sites\\\/16\\\/2022\\\/02\\\/Buy-4-FA-Powder.jpeg\",\"datePublished\":\"2022-02-21T22:22:34+00:00\",\"dateModified\":\"2022-07-03T23:31:22+00:00\",\"description\":\"K\u00f6p 4-FA Powder 4-Fluoroamfetamin till salu Pure Online Cheap. 4-FA-pulver som liknar MDMA &amp; Oralt metamfetamin\",\"breadcrumb\":{\"@id\":\"https:\\\/\\\/medicinasinc.com\\\/se\\\/product\\\/kop-4-fa-pulver\\\/#breadcrumb\"},\"inLanguage\":\"sv-SE\",\"potentialAction\":[{\"@type\":\"ReadAction\",\"target\":[\"https:\\\/\\\/medicinasinc.com\\\/se\\\/product\\\/kop-4-fa-pulver\\\/\"]}]},{\"@type\":\"ImageObject\",\"inLanguage\":\"sv-SE\",\"@id\":\"https:\\\/\\\/medicinasinc.com\\\/se\\\/product\\\/kop-4-fa-pulver\\\/#primaryimage\",\"url\":\"https:\\\/\\\/medicinasinc.com\\\/se\\\/wp-content\\\/uploads\\\/sites\\\/16\\\/2022\\\/02\\\/Buy-4-FA-Powder.jpeg\",\"contentUrl\":\"https:\\\/\\\/medicinasinc.com\\\/se\\\/wp-content\\\/uploads\\\/sites\\\/16\\\/2022\\\/02\\\/Buy-4-FA-Powder.jpeg\",\"width\":510,\"height\":365},{\"@type\":\"BreadcrumbList\",\"@id\":\"https:\\\/\\\/medicinasinc.com\\\/se\\\/product\\\/kop-4-fa-pulver\\\/#breadcrumb\",\"itemListElement\":[{\"@type\":\"ListItem\",\"position\":1,\"name\":\"aff\u00e4r\",\"item\":\"https:\\\/\\\/medicinasinc.com\\\/se\\\/affar\\\/\"},{\"@type\":\"ListItem\",\"position\":2,\"name\":\"K\u00f6p 4-FA Powder\"}]},{\"@type\":\"WebSite\",\"@id\":\"https:\\\/\\\/medicinasinc.com\\\/se\\\/#website\",\"url\":\"https:\\\/\\\/medicinasinc.com\\\/se\\\/\",\"name\":\"Medicinas Inc\",\"description\":\"Health Medical Clinic\",\"potentialAction\":[{\"@type\":\"SearchAction\",\"target\":{\"@type\":\"EntryPoint\",\"urlTemplate\":\"https:\\\/\\\/medicinasinc.com\\\/se\\\/?s={search_term_string}\"},\"query-input\":{\"@type\":\"PropertyValueSpecification\",\"valueRequired\":true,\"valueName\":\"search_term_string\"}}],\"inLanguage\":\"sv-SE\"}]}<\/script>\n<!-- \/ Yoast SEO plugin. -->","yoast_head_json":{"title":"K\u00f6p 4-FA-pulver - 4-fluoramfetamin - B\u00e4sta b\u00e4sta globala medicinerna","description":"K\u00f6p 4-FA Powder 4-Fluoroamfetamin till salu Pure Online Cheap. 4-FA-pulver som liknar MDMA &amp; Oralt metamfetamin","robots":{"index":"index","follow":"follow","max-snippet":"max-snippet:-1","max-image-preview":"max-image-preview:large","max-video-preview":"max-video-preview:-1"},"canonical":"https:\/\/medicinasinc.com\/se\/product\/kop-4-fa-pulver\/","og_locale":"sv_SE","og_type":"article","og_title":"K\u00f6p 4-FA-pulver - 4-fluoramfetamin - B\u00e4sta b\u00e4sta globala medicinerna","og_description":"K\u00f6p 4-FA Powder 4-Fluoroamfetamin till salu Pure Online Cheap. 4-FA-pulver som liknar MDMA &amp; Oralt metamfetamin","og_url":"https:\/\/medicinasinc.com\/se\/product\/kop-4-fa-pulver\/","og_site_name":"Medicinas Inc","article_modified_time":"2022-07-03T23:31:22+00:00","og_image":[{"width":510,"height":365,"url":"https:\/\/medicinasinc.com\/se\/wp-content\/uploads\/sites\/16\/2022\/02\/Buy-4-FA-Powder.jpeg","type":"image\/jpeg"}],"twitter_card":"summary_large_image","twitter_misc":{"Ber\u00e4knad l\u00e4stid":"2 minuter"},"schema":{"@context":"https:\/\/schema.org","@graph":[{"@type":"WebPage","@id":"https:\/\/medicinasinc.com\/se\/product\/kop-4-fa-pulver\/","url":"https:\/\/medicinasinc.com\/se\/product\/kop-4-fa-pulver\/","name":"K\u00f6p 4-FA-pulver - 4-fluoramfetamin - B\u00e4sta b\u00e4sta globala medicinerna","isPartOf":{"@id":"https:\/\/medicinasinc.com\/se\/#website"},"primaryImageOfPage":{"@id":"https:\/\/medicinasinc.com\/se\/product\/kop-4-fa-pulver\/#primaryimage"},"image":{"@id":"https:\/\/medicinasinc.com\/se\/product\/kop-4-fa-pulver\/#primaryimage"},"thumbnailUrl":"https:\/\/medicinasinc.com\/se\/wp-content\/uploads\/sites\/16\/2022\/02\/Buy-4-FA-Powder.jpeg","datePublished":"2022-02-21T22:22:34+00:00","dateModified":"2022-07-03T23:31:22+00:00","description":"K\u00f6p 4-FA Powder 4-Fluoroamfetamin till salu Pure Online Cheap. 4-FA-pulver som liknar MDMA &amp; Oralt metamfetamin","breadcrumb":{"@id":"https:\/\/medicinasinc.com\/se\/product\/kop-4-fa-pulver\/#breadcrumb"},"inLanguage":"sv-SE","potentialAction":[{"@type":"ReadAction","target":["https:\/\/medicinasinc.com\/se\/product\/kop-4-fa-pulver\/"]}]},{"@type":"ImageObject","inLanguage":"sv-SE","@id":"https:\/\/medicinasinc.com\/se\/product\/kop-4-fa-pulver\/#primaryimage","url":"https:\/\/medicinasinc.com\/se\/wp-content\/uploads\/sites\/16\/2022\/02\/Buy-4-FA-Powder.jpeg","contentUrl":"https:\/\/medicinasinc.com\/se\/wp-content\/uploads\/sites\/16\/2022\/02\/Buy-4-FA-Powder.jpeg","width":510,"height":365},{"@type":"BreadcrumbList","@id":"https:\/\/medicinasinc.com\/se\/product\/kop-4-fa-pulver\/#breadcrumb","itemListElement":[{"@type":"ListItem","position":1,"name":"aff\u00e4r","item":"https:\/\/medicinasinc.com\/se\/affar\/"},{"@type":"ListItem","position":2,"name":"K\u00f6p 4-FA Powder"}]},{"@type":"WebSite","@id":"https:\/\/medicinasinc.com\/se\/#website","url":"https:\/\/medicinasinc.com\/se\/","name":"Medicinas Inc","description":"Health Medical Clinic","potentialAction":[{"@type":"SearchAction","target":{"@type":"EntryPoint","urlTemplate":"https:\/\/medicinasinc.com\/se\/?s={search_term_string}"},"query-input":{"@type":"PropertyValueSpecification","valueRequired":true,"valueName":"search_term_string"}}],"inLanguage":"sv-SE"}]}},"_links":{"self":[{"href":"https:\/\/medicinasinc.com\/se\/wp-json\/wp\/v2\/product\/5387","targetHints":{"allow":["GET"]}}],"collection":[{"href":"https:\/\/medicinasinc.com\/se\/wp-json\/wp\/v2\/product"}],"about":[{"href":"https:\/\/medicinasinc.com\/se\/wp-json\/wp\/v2\/types\/product"}],"replies":[{"embeddable":true,"href":"https:\/\/medicinasinc.com\/se\/wp-json\/wp\/v2\/comments?post=5387"}],"wp:featuredmedia":[{"embeddable":true,"href":"https:\/\/medicinasinc.com\/se\/wp-json\/wp\/v2\/media\/5396"}],"wp:attachment":[{"href":"https:\/\/medicinasinc.com\/se\/wp-json\/wp\/v2\/media?parent=5387"}],"wp:term":[{"taxonomy":"product_brand","embeddable":true,"href":"https:\/\/medicinasinc.com\/se\/wp-json\/wp\/v2\/product_brand?post=5387"},{"taxonomy":"product_cat","embeddable":true,"href":"https:\/\/medicinasinc.com\/se\/wp-json\/wp\/v2\/product_cat?post=5387"},{"taxonomy":"product_tag","embeddable":true,"href":"https:\/\/medicinasinc.com\/se\/wp-json\/wp\/v2\/product_tag?post=5387"}],"curies":[{"name":"wp","href":"https:\/\/api.w.org\/{rel}","templated":true}]}}