{"id":5368,"date":"2022-02-21T21:54:21","date_gmt":"2022-02-21T21:54:21","guid":{"rendered":"https:\/\/medicinasinc.com\/se\/?post_type=product&#038;p=5368"},"modified":"2022-07-03T23:32:49","modified_gmt":"2022-07-03T23:32:49","slug":"kopa-4-emc-4-etylmetkatinon","status":"publish","type":"product","link":"https:\/\/medicinasinc.com\/se\/product\/kopa-4-emc-4-etylmetkatinon\/","title":{"rendered":"K\u00f6p 4-EMC 4-Etylmethcathinone"},"content":{"rendered":"<h1 class=\"product_title entry-title\">K\u00f6p 4-EMC 4-Ethylmethcathinone Powder Online<\/h1>\n<p><strong>4-EMC finns att k\u00f6pa online.<\/strong><\/p>\n<p> 2-metylaminopropan-1-on, monohydroklorid \u00e4r det fullst\u00e4ndiga IUPAC-namnet f\u00f6r 4-EMC, som tillh\u00f6r den klass av forskningsf\u00f6reningar som kallas stimulantia f\u00f6r centrala nervsystemet. 4-EMC \u00e4r ocks\u00e5 k\u00e4nd som 4-etylfenol.<\/p>\n<p>En entaktogen och ett stimulerande medel, 4-Ethylmethcathinone (4-EMC) \u00e4r en designdrog f\u00f6r rekreation. \u00e4r en 4-MEC-strukturisomer<\/p>\n<p>C12H17NO \u00e4r molekylformeln f\u00f6r 4-EMC, som tillh\u00f6r de kemiska fenetylamin- och amfetaminfamiljerna. Det finns 191.270 g\/m\u00e5nad i receptet. Var kan man k\u00f6pa 4-EMC<\/p>\n<p>Vi introducerar en ny katinonprodukt som kan anv\u00e4ndas f\u00f6r sofistikerade vetenskapliga studier p\u00e5 grund av den h\u00f6ga efterfr\u00e5gan fr\u00e5n marknaden. 4-etylmetkatinon \u00e4r en isomer version av mefedron, som f\u00f6r n\u00e4rvarande \u00e4r f\u00f6rbjuden, och alla de n\u00e4mnda f\u00f6reningarna har stimulerande och entaktogena effekter.<\/p>\n<p>Dopamin och serotonin \u00e4r de mest troliga prim\u00e4ra m\u00e5len f\u00f6r 4-EMC, vilket \u00e4r typisk f\u00f6r denna kemiska klass och anses f\u00f6rsv\u00e5ra \u00e5terupptagningen av viktiga signalsubstanser i den synaptiska klyftan.<\/p>\n<p>Ett kristallint pulver kan \u00e4mnet enkelt tillverkas f\u00f6r testning utan risk f\u00f6r att f\u00f6roreningar inf\u00f6rs under normala f\u00f6rh\u00e5llanden. Vattenl\u00f6sligt 4-EMC m\u00e5ste f\u00f6rvaras i en torr, luftt\u00e4t milj\u00f6.<\/p>\n<p>Forskare har en unik m\u00f6jlighet att kartl\u00e4gga \u00e4mnets profil fr\u00e5n grunden eftersom det tidigare inte har unders\u00f6kts noggrant och det mesta vi vet om det kommer genom paralleller till liknande \u00e4mnen. N\u00e4r man genomf\u00f6r experiment \u00e4r det viktigt att t\u00e4nka p\u00e5 kemikaliens nyhet och att ge utrymme f\u00f6r fel. Anknytning till 4-EMC<\/p>\n","protected":false},"excerpt":{"rendered":"<p>Var kan man k\u00f6pa pulveriserad 4-EMC 4-etylmetkatinon? En stimulant och en entaktogen, det faller i den senare kategorin. Strukturella isomerer av 4-MEC finns h\u00e4r.<\/p>\n<p>4-EMC 4-Ethylmethcathinone Crystal Powder till salu i Europa, EU och Storbritannien. En stimulant och en entaktogen, det faller i den senare kategorin. 4-MEC \u00e4r en strukturell isomer av denna f\u00f6rening.<\/p>\n<p>Katinonfamiljen inkluderar 4-EMC (\u00e4ven k\u00e4nd som 4-Ethylmethcathinone), en ny forskningsmolekyl. Bland kemiska forskare \u00e4r 4-EMC ett f\u00f6redraget val p\u00e5 grund av dess stimulerande och entaktogena egenskaper.<\/p>\n<h1>K\u00f6p 4-EMC online<\/h1>\n<p>n\u00e4r du k\u00f6per 4-EMC online, \u00f6nskan \u00e4r en kvalitet Drug Online \u00e4r h\u00f6gkvalitativa forskningskemikalier. Du kan k\u00f6pa 4-EMC till salu online till grossistpris fr\u00e5n leverant\u00f6r Topmark chemical.com S\u00e4ker frakt 4-EMC till USA, Nederl\u00e4nderna, Irland, EU, Storbritannien och andra l\u00e4nder. <a href=\"https:\/\/www.bestglobalmeds.com\/product\/research-chemicals\/4-emc\/\">K\u00f6p 4-EMC online<\/a><\/p>\n<p>Cas nr: 1225622-14- 9<br \/> Formel: C12H17NO<br \/> IUPAC: 1-(4-etylfenyl)-2-(metylamino)propan-1-on<br \/> Utseende: Vita\/gulaktiga kristaller<br \/> Renhet:<\/p>\n","protected":false},"featured_media":5380,"comment_status":"open","ping_status":"closed","template":"","meta":[],"product_brand":[],"product_cat":[2014],"product_tag":[2486,2485,2487,2497,2498,2490,2491,2492,2493,2495,2488,2496,2494,2489,2499,2501,2500],"class_list":{"0":"post-5368","1":"product","2":"type-product","3":"status-publish","4":"has-post-thumbnail","6":"product_cat-kop-research-chemicals","7":"product_tag-4-mec-supplier","8":"product_tag-4-mec-till-salu","9":"product_tag-4-mecs-leverantr-online","10":"product_tag-order-4-mec-online","11":"product_tag-bestll-billigt-4-mec-online","12":"product_tag-buy-4-mec-crystals-with-worldwide-shipping","13":"product_tag-buy-4-mec-online","14":"product_tag-buy-4-mec-online-for-sale","15":"product_tag-buy-4-mec-research-chemicals-online","16":"product_tag-buy-research-chemicals-for-sale-online","17":"product_tag-kp-4-mec","18":"product_tag-hur-kan-jag-f-4-mec-forskningskemikalier","19":"product_tag-buy-4-meconline-usa","20":"product_tag-kp-4-mec-kristall-online","21":"product_tag-betrodd-leverantr-fr-4-mec-online","22":"product_tag-var-att-f-4-mec-kristaller-online","23":"product_tag-var-att-kpa-4-mec-online","25":"first","26":"instock","27":"shipping-taxable","28":"purchasable","29":"product-type-variable","30":"has-default-attributes"},"yoast_head":"<!-- This site is optimized with the Yoast SEO plugin v27.3 - https:\/\/yoast.com\/product\/yoast-seo-wordpress\/ -->\n<title>K\u00f6p 4-Ethylmethcathinone - K\u00f6p 4-EMC - B\u00e4sta b\u00e4sta globala medicinerna<\/title>\n<meta name=\"description\" content=\"K\u00f6p 4-EMC 4-Ethylmethcathinone Crystal Powder till salu online i Europa, EU, Storbritannien. Det tillh\u00f6r klassen av stimulantia och entaktogener. Det \u00e4r en strukturell isomer av 4-MEC.\" \/>\n<meta name=\"robots\" content=\"index, follow, max-snippet:-1, max-image-preview:large, max-video-preview:-1\" \/>\n<link rel=\"canonical\" href=\"https:\/\/medicinasinc.com\/se\/product\/kopa-4-emc-4-etylmetkatinon\/\" \/>\n<meta property=\"og:locale\" content=\"sv_SE\" \/>\n<meta property=\"og:type\" content=\"article\" \/>\n<meta property=\"og:title\" content=\"K\u00f6p 4-Ethylmethcathinone - K\u00f6p 4-EMC - B\u00e4sta b\u00e4sta globala medicinerna\" \/>\n<meta property=\"og:description\" content=\"K\u00f6p 4-EMC 4-Ethylmethcathinone Crystal Powder till salu online i Europa, EU, Storbritannien. Det tillh\u00f6r klassen av stimulantia och entaktogener. Det \u00e4r en strukturell isomer av 4-MEC.\" \/>\n<meta property=\"og:url\" content=\"https:\/\/medicinasinc.com\/se\/product\/kopa-4-emc-4-etylmetkatinon\/\" \/>\n<meta property=\"og:site_name\" content=\"Medicinas Inc\" \/>\n<meta property=\"article:modified_time\" content=\"2022-07-03T23:32:49+00:00\" \/>\n<meta property=\"og:image\" content=\"https:\/\/medicinasinc.com\/se\/wp-content\/uploads\/sites\/16\/2022\/02\/Buy-4-EMC.jpg\" \/>\n\t<meta property=\"og:image:width\" content=\"230\" \/>\n\t<meta property=\"og:image:height\" content=\"230\" \/>\n\t<meta property=\"og:image:type\" content=\"image\/jpeg\" \/>\n<meta name=\"twitter:card\" content=\"summary_large_image\" \/>\n<meta name=\"twitter:label1\" content=\"Ber\u00e4knad l\u00e4stid\" \/>\n\t<meta name=\"twitter:data1\" content=\"2 minuter\" \/>\n<script type=\"application\/ld+json\" class=\"yoast-schema-graph\">{\"@context\":\"https:\\\/\\\/schema.org\",\"@graph\":[{\"@type\":\"WebPage\",\"@id\":\"https:\\\/\\\/medicinasinc.com\\\/se\\\/product\\\/kopa-4-emc-4-etylmetkatinon\\\/\",\"url\":\"https:\\\/\\\/medicinasinc.com\\\/se\\\/product\\\/kopa-4-emc-4-etylmetkatinon\\\/\",\"name\":\"K\u00f6p 4-Ethylmethcathinone - K\u00f6p 4-EMC - B\u00e4sta b\u00e4sta globala medicinerna\",\"isPartOf\":{\"@id\":\"https:\\\/\\\/medicinasinc.com\\\/se\\\/#website\"},\"primaryImageOfPage\":{\"@id\":\"https:\\\/\\\/medicinasinc.com\\\/se\\\/product\\\/kopa-4-emc-4-etylmetkatinon\\\/#primaryimage\"},\"image\":{\"@id\":\"https:\\\/\\\/medicinasinc.com\\\/se\\\/product\\\/kopa-4-emc-4-etylmetkatinon\\\/#primaryimage\"},\"thumbnailUrl\":\"https:\\\/\\\/medicinasinc.com\\\/se\\\/wp-content\\\/uploads\\\/sites\\\/16\\\/2022\\\/02\\\/Buy-4-EMC.jpg\",\"datePublished\":\"2022-02-21T21:54:21+00:00\",\"dateModified\":\"2022-07-03T23:32:49+00:00\",\"description\":\"K\u00f6p 4-EMC 4-Ethylmethcathinone Crystal Powder till salu online i Europa, EU, Storbritannien. Det tillh\u00f6r klassen av stimulantia och entaktogener. Det \u00e4r en strukturell isomer av 4-MEC.\",\"breadcrumb\":{\"@id\":\"https:\\\/\\\/medicinasinc.com\\\/se\\\/product\\\/kopa-4-emc-4-etylmetkatinon\\\/#breadcrumb\"},\"inLanguage\":\"sv-SE\",\"potentialAction\":[{\"@type\":\"ReadAction\",\"target\":[\"https:\\\/\\\/medicinasinc.com\\\/se\\\/product\\\/kopa-4-emc-4-etylmetkatinon\\\/\"]}]},{\"@type\":\"ImageObject\",\"inLanguage\":\"sv-SE\",\"@id\":\"https:\\\/\\\/medicinasinc.com\\\/se\\\/product\\\/kopa-4-emc-4-etylmetkatinon\\\/#primaryimage\",\"url\":\"https:\\\/\\\/medicinasinc.com\\\/se\\\/wp-content\\\/uploads\\\/sites\\\/16\\\/2022\\\/02\\\/Buy-4-EMC.jpg\",\"contentUrl\":\"https:\\\/\\\/medicinasinc.com\\\/se\\\/wp-content\\\/uploads\\\/sites\\\/16\\\/2022\\\/02\\\/Buy-4-EMC.jpg\",\"width\":230,\"height\":230},{\"@type\":\"BreadcrumbList\",\"@id\":\"https:\\\/\\\/medicinasinc.com\\\/se\\\/product\\\/kopa-4-emc-4-etylmetkatinon\\\/#breadcrumb\",\"itemListElement\":[{\"@type\":\"ListItem\",\"position\":1,\"name\":\"aff\u00e4r\",\"item\":\"https:\\\/\\\/medicinasinc.com\\\/se\\\/affar\\\/\"},{\"@type\":\"ListItem\",\"position\":2,\"name\":\"K\u00f6p 4-EMC 4-Etylmethcathinone\"}]},{\"@type\":\"WebSite\",\"@id\":\"https:\\\/\\\/medicinasinc.com\\\/se\\\/#website\",\"url\":\"https:\\\/\\\/medicinasinc.com\\\/se\\\/\",\"name\":\"Medicinas Inc\",\"description\":\"Health Medical Clinic\",\"potentialAction\":[{\"@type\":\"SearchAction\",\"target\":{\"@type\":\"EntryPoint\",\"urlTemplate\":\"https:\\\/\\\/medicinasinc.com\\\/se\\\/?s={search_term_string}\"},\"query-input\":{\"@type\":\"PropertyValueSpecification\",\"valueRequired\":true,\"valueName\":\"search_term_string\"}}],\"inLanguage\":\"sv-SE\"}]}<\/script>\n<!-- \/ Yoast SEO plugin. -->","yoast_head_json":{"title":"K\u00f6p 4-Ethylmethcathinone - K\u00f6p 4-EMC - B\u00e4sta b\u00e4sta globala medicinerna","description":"K\u00f6p 4-EMC 4-Ethylmethcathinone Crystal Powder till salu online i Europa, EU, Storbritannien. Det tillh\u00f6r klassen av stimulantia och entaktogener. Det \u00e4r en strukturell isomer av 4-MEC.","robots":{"index":"index","follow":"follow","max-snippet":"max-snippet:-1","max-image-preview":"max-image-preview:large","max-video-preview":"max-video-preview:-1"},"canonical":"https:\/\/medicinasinc.com\/se\/product\/kopa-4-emc-4-etylmetkatinon\/","og_locale":"sv_SE","og_type":"article","og_title":"K\u00f6p 4-Ethylmethcathinone - K\u00f6p 4-EMC - B\u00e4sta b\u00e4sta globala medicinerna","og_description":"K\u00f6p 4-EMC 4-Ethylmethcathinone Crystal Powder till salu online i Europa, EU, Storbritannien. Det tillh\u00f6r klassen av stimulantia och entaktogener. Det \u00e4r en strukturell isomer av 4-MEC.","og_url":"https:\/\/medicinasinc.com\/se\/product\/kopa-4-emc-4-etylmetkatinon\/","og_site_name":"Medicinas Inc","article_modified_time":"2022-07-03T23:32:49+00:00","og_image":[{"width":230,"height":230,"url":"https:\/\/medicinasinc.com\/se\/wp-content\/uploads\/sites\/16\/2022\/02\/Buy-4-EMC.jpg","type":"image\/jpeg"}],"twitter_card":"summary_large_image","twitter_misc":{"Ber\u00e4knad l\u00e4stid":"2 minuter"},"schema":{"@context":"https:\/\/schema.org","@graph":[{"@type":"WebPage","@id":"https:\/\/medicinasinc.com\/se\/product\/kopa-4-emc-4-etylmetkatinon\/","url":"https:\/\/medicinasinc.com\/se\/product\/kopa-4-emc-4-etylmetkatinon\/","name":"K\u00f6p 4-Ethylmethcathinone - K\u00f6p 4-EMC - B\u00e4sta b\u00e4sta globala medicinerna","isPartOf":{"@id":"https:\/\/medicinasinc.com\/se\/#website"},"primaryImageOfPage":{"@id":"https:\/\/medicinasinc.com\/se\/product\/kopa-4-emc-4-etylmetkatinon\/#primaryimage"},"image":{"@id":"https:\/\/medicinasinc.com\/se\/product\/kopa-4-emc-4-etylmetkatinon\/#primaryimage"},"thumbnailUrl":"https:\/\/medicinasinc.com\/se\/wp-content\/uploads\/sites\/16\/2022\/02\/Buy-4-EMC.jpg","datePublished":"2022-02-21T21:54:21+00:00","dateModified":"2022-07-03T23:32:49+00:00","description":"K\u00f6p 4-EMC 4-Ethylmethcathinone Crystal Powder till salu online i Europa, EU, Storbritannien. Det tillh\u00f6r klassen av stimulantia och entaktogener. Det \u00e4r en strukturell isomer av 4-MEC.","breadcrumb":{"@id":"https:\/\/medicinasinc.com\/se\/product\/kopa-4-emc-4-etylmetkatinon\/#breadcrumb"},"inLanguage":"sv-SE","potentialAction":[{"@type":"ReadAction","target":["https:\/\/medicinasinc.com\/se\/product\/kopa-4-emc-4-etylmetkatinon\/"]}]},{"@type":"ImageObject","inLanguage":"sv-SE","@id":"https:\/\/medicinasinc.com\/se\/product\/kopa-4-emc-4-etylmetkatinon\/#primaryimage","url":"https:\/\/medicinasinc.com\/se\/wp-content\/uploads\/sites\/16\/2022\/02\/Buy-4-EMC.jpg","contentUrl":"https:\/\/medicinasinc.com\/se\/wp-content\/uploads\/sites\/16\/2022\/02\/Buy-4-EMC.jpg","width":230,"height":230},{"@type":"BreadcrumbList","@id":"https:\/\/medicinasinc.com\/se\/product\/kopa-4-emc-4-etylmetkatinon\/#breadcrumb","itemListElement":[{"@type":"ListItem","position":1,"name":"aff\u00e4r","item":"https:\/\/medicinasinc.com\/se\/affar\/"},{"@type":"ListItem","position":2,"name":"K\u00f6p 4-EMC 4-Etylmethcathinone"}]},{"@type":"WebSite","@id":"https:\/\/medicinasinc.com\/se\/#website","url":"https:\/\/medicinasinc.com\/se\/","name":"Medicinas Inc","description":"Health Medical Clinic","potentialAction":[{"@type":"SearchAction","target":{"@type":"EntryPoint","urlTemplate":"https:\/\/medicinasinc.com\/se\/?s={search_term_string}"},"query-input":{"@type":"PropertyValueSpecification","valueRequired":true,"valueName":"search_term_string"}}],"inLanguage":"sv-SE"}]}},"_links":{"self":[{"href":"https:\/\/medicinasinc.com\/se\/wp-json\/wp\/v2\/product\/5368","targetHints":{"allow":["GET"]}}],"collection":[{"href":"https:\/\/medicinasinc.com\/se\/wp-json\/wp\/v2\/product"}],"about":[{"href":"https:\/\/medicinasinc.com\/se\/wp-json\/wp\/v2\/types\/product"}],"replies":[{"embeddable":true,"href":"https:\/\/medicinasinc.com\/se\/wp-json\/wp\/v2\/comments?post=5368"}],"wp:featuredmedia":[{"embeddable":true,"href":"https:\/\/medicinasinc.com\/se\/wp-json\/wp\/v2\/media\/5380"}],"wp:attachment":[{"href":"https:\/\/medicinasinc.com\/se\/wp-json\/wp\/v2\/media?parent=5368"}],"wp:term":[{"taxonomy":"product_brand","embeddable":true,"href":"https:\/\/medicinasinc.com\/se\/wp-json\/wp\/v2\/product_brand?post=5368"},{"taxonomy":"product_cat","embeddable":true,"href":"https:\/\/medicinasinc.com\/se\/wp-json\/wp\/v2\/product_cat?post=5368"},{"taxonomy":"product_tag","embeddable":true,"href":"https:\/\/medicinasinc.com\/se\/wp-json\/wp\/v2\/product_tag?post=5368"}],"curies":[{"name":"wp","href":"https:\/\/api.w.org\/{rel}","templated":true}]}}