{"id":5366,"date":"2022-02-21T21:52:02","date_gmt":"2022-02-21T21:52:02","guid":{"rendered":"https:\/\/medicinasinc.com\/se\/?post_type=product&#038;p=5366"},"modified":"2022-07-03T23:33:25","modified_gmt":"2022-07-03T23:33:25","slug":"kop-3f-fenmetrazin","status":"publish","type":"product","link":"https:\/\/medicinasinc.com\/se\/product\/kop-3f-fenmetrazin\/","title":{"rendered":"K\u00f6p 3F-Fenmetrazin"},"content":{"rendered":"<p>Vad st\u00e5r 3-FPM f\u00f6r?<\/p>\n<p>3-FPM \u00e4r en f\u00f6rkortning f\u00f6r 3-Fluorophenmetrazin, och det betyder 3-Fluorophenmetrazin. 3-FPM \u00e4r en kemikalie som anv\u00e4nds i forskning som har mycket kraft f\u00f6r att f\u00e5 ig\u00e5ng m\u00e4nniskor. 3-FPM \u00e4r en del av klassen av kemikalier som kallas fenolmorfolin, och det kan skada din kropp. Resultaten av 3-FPM-experiment anses vanligtvis vara mycket lika eller n\u00e4stan desamma som resultaten av amfetaminexperiment. Experiment med 3-FPM visar vanligtvis att m\u00e4nniskor \u00e4r mer fokuserade och motiverade, deras tankar r\u00f6r sig snabbare och de k\u00e4nner sig glada. Dessa resultat s\u00e4gs dock ofta vara mindre intensiva \u00e4n de av amfetamin eller andra droger som g\u00f6r dig piggare. M\u00e5nga m\u00e4nniskor blir inte nerv\u00f6sa eller s\u00f6mniga n\u00e4r de anv\u00e4nder 3-FPM.<\/p>\n<p>Var kan jag k\u00f6pa 3-FPM?<\/p>\n<p>P\u00e5 Best Globel Med har vi m\u00e5nga mycket bra 3-FPM till salu. V\u00e5r 3-FPM kommer i b\u00e5de pulver- och pelletsform, s\u00e5 du kan f\u00e5 det. Det spelar ingen roll vilket av dessa tv\u00e5 kemiska tillst\u00e5nd du f\u00f6redrar. Vi har dig t\u00e4ckt.<\/p>\n<p>Vi har en 3-FPM till salu som endast \u00e4r till f\u00f6r forskning, inte f\u00f6r f\u00f6rs\u00e4ljning. Det \u00e4r inte f\u00f6r anv\u00e4ndning hemma. Personer som k\u00f6per 3-FPM av oss m\u00e5ste vara minst 18 \u00e5r gamla och i full \u00f6verensst\u00e4mmelse med lagarna i sitt land.<\/p>\n<p>3-FPM \u00e4r lagligt.<\/p>\n<p>3-FPM \u00e4r lagligt. inte lagligt att k\u00f6pa, s\u00e4lja eller \u00e4ga i Israel, Schweiz eller USA, s\u00e5 du kan inte g\u00f6ra det. I Storbritannien tros det likna fenmetrazin, vilket \u00e4r ett l\u00e4kemedel som inte \u00e4r s\u00e4kert f\u00f6r m\u00e4nniskor att ta.<\/p>\n<p>En sval, torr plats \u00e4r alltid b\u00e4st f\u00f6r b\u00e4sta h\u00e5llbarhet. Denna produkt \u00e4r endast avsedd f\u00f6r kriminalteknisk och forskningsanv\u00e4ndning. Det \u00e4r inte menat att \u00e4tas av m\u00e4nniskor eller testas p\u00e5 djur eller n\u00e5gon annan levande varelse.<\/p>\n","protected":false},"excerpt":{"rendered":"<div class=\"woocommerce-product-details__short-description\">\n<p>K\u00d6P 3-FPM3-FPM (\u00e4ven k\u00e4nd som 3-Fluorophenmetrazine, 3F-Phenmetrazine och PAL-593) \u00e4r ett nytt fenylmorfolinbaserat stimulantia.<\/p>\n<p>3-Fluorophenmetrazin, \u00e4ven k\u00e4nd som 3F-Fenmetrazin, PAL-593 och 3-FPM, \u00e4r ett nytt stimulerande medel av fenylmorfolinklassen.<\/p>\n<p>K\u00f6p 3-FPM online<\/p>\n<p>3F-phenmetrazine kan k\u00f6pas online.<\/p>\n<p>3F-phenmetrazine finns som ett kristallint eller pulveriserat vitt \u00e4mne. 3F-fenmetrazin \u00e4r l\u00f6sligt i organiska l\u00f6sningsmedel som metanol, etanol, dimetylformamid (DMF) och diklormetan (DCM), som b\u00f6r renas med en inert gas.<\/p>\n<\/p><\/div>\n","protected":false},"featured_media":5376,"comment_status":"open","ping_status":"closed","template":"","meta":[],"product_brand":[],"product_cat":[2014],"product_tag":[],"class_list":{"0":"post-5366","1":"product","2":"type-product","3":"status-publish","4":"has-post-thumbnail","6":"product_cat-kop-research-chemicals","8":"first","9":"instock","10":"shipping-taxable","11":"purchasable","12":"product-type-variable","13":"has-default-attributes"},"yoast_head":"<!-- This site is optimized with the Yoast SEO plugin v27.3 - https:\/\/yoast.com\/product\/yoast-seo-wordpress\/ -->\n<title>K\u00f6p 3F-phenmetrazine - Best Best Global Meds<\/title>\n<meta name=\"description\" content=\"K\u00d6P 3-FPM3-FPM till salu (\u00e4ven k\u00e4nd som 3-Fluorophenmetrazine, 3F-Phenmetrazine och PAL-593) \u00e4r en ny stimulerande substans av fenylmorfolinklassen.\" \/>\n<meta name=\"robots\" content=\"index, follow, max-snippet:-1, max-image-preview:large, max-video-preview:-1\" \/>\n<link rel=\"canonical\" href=\"https:\/\/medicinasinc.com\/se\/product\/kop-3f-fenmetrazin\/\" \/>\n<meta property=\"og:locale\" content=\"sv_SE\" \/>\n<meta property=\"og:type\" content=\"article\" \/>\n<meta property=\"og:title\" content=\"K\u00f6p 3F-phenmetrazine - Best Best Global Meds\" \/>\n<meta property=\"og:description\" content=\"K\u00d6P 3-FPM3-FPM till salu (\u00e4ven k\u00e4nd som 3-Fluorophenmetrazine, 3F-Phenmetrazine och PAL-593) \u00e4r en ny stimulerande substans av fenylmorfolinklassen.\" \/>\n<meta property=\"og:url\" content=\"https:\/\/medicinasinc.com\/se\/product\/kop-3f-fenmetrazin\/\" \/>\n<meta property=\"og:site_name\" content=\"Medicinas Inc\" \/>\n<meta property=\"article:modified_time\" content=\"2022-07-03T23:33:25+00:00\" \/>\n<meta property=\"og:image\" content=\"https:\/\/medicinasinc.com\/se\/wp-content\/uploads\/sites\/16\/2022\/02\/3fpm.jpg\" \/>\n\t<meta property=\"og:image:width\" content=\"600\" \/>\n\t<meta property=\"og:image:height\" content=\"600\" \/>\n\t<meta property=\"og:image:type\" content=\"image\/jpeg\" \/>\n<meta name=\"twitter:card\" content=\"summary_large_image\" \/>\n<meta name=\"twitter:label1\" content=\"Ber\u00e4knad l\u00e4stid\" \/>\n\t<meta name=\"twitter:data1\" content=\"2 minuter\" \/>\n<script type=\"application\/ld+json\" class=\"yoast-schema-graph\">{\"@context\":\"https:\\\/\\\/schema.org\",\"@graph\":[{\"@type\":\"WebPage\",\"@id\":\"https:\\\/\\\/medicinasinc.com\\\/se\\\/product\\\/kop-3f-fenmetrazin\\\/\",\"url\":\"https:\\\/\\\/medicinasinc.com\\\/se\\\/product\\\/kop-3f-fenmetrazin\\\/\",\"name\":\"K\u00f6p 3F-phenmetrazine - Best Best Global Meds\",\"isPartOf\":{\"@id\":\"https:\\\/\\\/medicinasinc.com\\\/se\\\/#website\"},\"primaryImageOfPage\":{\"@id\":\"https:\\\/\\\/medicinasinc.com\\\/se\\\/product\\\/kop-3f-fenmetrazin\\\/#primaryimage\"},\"image\":{\"@id\":\"https:\\\/\\\/medicinasinc.com\\\/se\\\/product\\\/kop-3f-fenmetrazin\\\/#primaryimage\"},\"thumbnailUrl\":\"https:\\\/\\\/medicinasinc.com\\\/se\\\/wp-content\\\/uploads\\\/sites\\\/16\\\/2022\\\/02\\\/3fpm.jpg\",\"datePublished\":\"2022-02-21T21:52:02+00:00\",\"dateModified\":\"2022-07-03T23:33:25+00:00\",\"description\":\"K\u00d6P 3-FPM3-FPM till salu (\u00e4ven k\u00e4nd som 3-Fluorophenmetrazine, 3F-Phenmetrazine och PAL-593) \u00e4r en ny stimulerande substans av fenylmorfolinklassen.\",\"breadcrumb\":{\"@id\":\"https:\\\/\\\/medicinasinc.com\\\/se\\\/product\\\/kop-3f-fenmetrazin\\\/#breadcrumb\"},\"inLanguage\":\"sv-SE\",\"potentialAction\":[{\"@type\":\"ReadAction\",\"target\":[\"https:\\\/\\\/medicinasinc.com\\\/se\\\/product\\\/kop-3f-fenmetrazin\\\/\"]}]},{\"@type\":\"ImageObject\",\"inLanguage\":\"sv-SE\",\"@id\":\"https:\\\/\\\/medicinasinc.com\\\/se\\\/product\\\/kop-3f-fenmetrazin\\\/#primaryimage\",\"url\":\"https:\\\/\\\/medicinasinc.com\\\/se\\\/wp-content\\\/uploads\\\/sites\\\/16\\\/2022\\\/02\\\/3fpm.jpg\",\"contentUrl\":\"https:\\\/\\\/medicinasinc.com\\\/se\\\/wp-content\\\/uploads\\\/sites\\\/16\\\/2022\\\/02\\\/3fpm.jpg\",\"width\":600,\"height\":600},{\"@type\":\"BreadcrumbList\",\"@id\":\"https:\\\/\\\/medicinasinc.com\\\/se\\\/product\\\/kop-3f-fenmetrazin\\\/#breadcrumb\",\"itemListElement\":[{\"@type\":\"ListItem\",\"position\":1,\"name\":\"aff\u00e4r\",\"item\":\"https:\\\/\\\/medicinasinc.com\\\/se\\\/affar\\\/\"},{\"@type\":\"ListItem\",\"position\":2,\"name\":\"K\u00f6p 3F-Fenmetrazin\"}]},{\"@type\":\"WebSite\",\"@id\":\"https:\\\/\\\/medicinasinc.com\\\/se\\\/#website\",\"url\":\"https:\\\/\\\/medicinasinc.com\\\/se\\\/\",\"name\":\"Medicinas Inc\",\"description\":\"Health Medical Clinic\",\"potentialAction\":[{\"@type\":\"SearchAction\",\"target\":{\"@type\":\"EntryPoint\",\"urlTemplate\":\"https:\\\/\\\/medicinasinc.com\\\/se\\\/?s={search_term_string}\"},\"query-input\":{\"@type\":\"PropertyValueSpecification\",\"valueRequired\":true,\"valueName\":\"search_term_string\"}}],\"inLanguage\":\"sv-SE\"}]}<\/script>\n<!-- \/ Yoast SEO plugin. -->","yoast_head_json":{"title":"K\u00f6p 3F-phenmetrazine - Best Best Global Meds","description":"K\u00d6P 3-FPM3-FPM till salu (\u00e4ven k\u00e4nd som 3-Fluorophenmetrazine, 3F-Phenmetrazine och PAL-593) \u00e4r en ny stimulerande substans av fenylmorfolinklassen.","robots":{"index":"index","follow":"follow","max-snippet":"max-snippet:-1","max-image-preview":"max-image-preview:large","max-video-preview":"max-video-preview:-1"},"canonical":"https:\/\/medicinasinc.com\/se\/product\/kop-3f-fenmetrazin\/","og_locale":"sv_SE","og_type":"article","og_title":"K\u00f6p 3F-phenmetrazine - Best Best Global Meds","og_description":"K\u00d6P 3-FPM3-FPM till salu (\u00e4ven k\u00e4nd som 3-Fluorophenmetrazine, 3F-Phenmetrazine och PAL-593) \u00e4r en ny stimulerande substans av fenylmorfolinklassen.","og_url":"https:\/\/medicinasinc.com\/se\/product\/kop-3f-fenmetrazin\/","og_site_name":"Medicinas Inc","article_modified_time":"2022-07-03T23:33:25+00:00","og_image":[{"width":600,"height":600,"url":"https:\/\/medicinasinc.com\/se\/wp-content\/uploads\/sites\/16\/2022\/02\/3fpm.jpg","type":"image\/jpeg"}],"twitter_card":"summary_large_image","twitter_misc":{"Ber\u00e4knad l\u00e4stid":"2 minuter"},"schema":{"@context":"https:\/\/schema.org","@graph":[{"@type":"WebPage","@id":"https:\/\/medicinasinc.com\/se\/product\/kop-3f-fenmetrazin\/","url":"https:\/\/medicinasinc.com\/se\/product\/kop-3f-fenmetrazin\/","name":"K\u00f6p 3F-phenmetrazine - Best Best Global Meds","isPartOf":{"@id":"https:\/\/medicinasinc.com\/se\/#website"},"primaryImageOfPage":{"@id":"https:\/\/medicinasinc.com\/se\/product\/kop-3f-fenmetrazin\/#primaryimage"},"image":{"@id":"https:\/\/medicinasinc.com\/se\/product\/kop-3f-fenmetrazin\/#primaryimage"},"thumbnailUrl":"https:\/\/medicinasinc.com\/se\/wp-content\/uploads\/sites\/16\/2022\/02\/3fpm.jpg","datePublished":"2022-02-21T21:52:02+00:00","dateModified":"2022-07-03T23:33:25+00:00","description":"K\u00d6P 3-FPM3-FPM till salu (\u00e4ven k\u00e4nd som 3-Fluorophenmetrazine, 3F-Phenmetrazine och PAL-593) \u00e4r en ny stimulerande substans av fenylmorfolinklassen.","breadcrumb":{"@id":"https:\/\/medicinasinc.com\/se\/product\/kop-3f-fenmetrazin\/#breadcrumb"},"inLanguage":"sv-SE","potentialAction":[{"@type":"ReadAction","target":["https:\/\/medicinasinc.com\/se\/product\/kop-3f-fenmetrazin\/"]}]},{"@type":"ImageObject","inLanguage":"sv-SE","@id":"https:\/\/medicinasinc.com\/se\/product\/kop-3f-fenmetrazin\/#primaryimage","url":"https:\/\/medicinasinc.com\/se\/wp-content\/uploads\/sites\/16\/2022\/02\/3fpm.jpg","contentUrl":"https:\/\/medicinasinc.com\/se\/wp-content\/uploads\/sites\/16\/2022\/02\/3fpm.jpg","width":600,"height":600},{"@type":"BreadcrumbList","@id":"https:\/\/medicinasinc.com\/se\/product\/kop-3f-fenmetrazin\/#breadcrumb","itemListElement":[{"@type":"ListItem","position":1,"name":"aff\u00e4r","item":"https:\/\/medicinasinc.com\/se\/affar\/"},{"@type":"ListItem","position":2,"name":"K\u00f6p 3F-Fenmetrazin"}]},{"@type":"WebSite","@id":"https:\/\/medicinasinc.com\/se\/#website","url":"https:\/\/medicinasinc.com\/se\/","name":"Medicinas Inc","description":"Health Medical Clinic","potentialAction":[{"@type":"SearchAction","target":{"@type":"EntryPoint","urlTemplate":"https:\/\/medicinasinc.com\/se\/?s={search_term_string}"},"query-input":{"@type":"PropertyValueSpecification","valueRequired":true,"valueName":"search_term_string"}}],"inLanguage":"sv-SE"}]}},"_links":{"self":[{"href":"https:\/\/medicinasinc.com\/se\/wp-json\/wp\/v2\/product\/5366","targetHints":{"allow":["GET"]}}],"collection":[{"href":"https:\/\/medicinasinc.com\/se\/wp-json\/wp\/v2\/product"}],"about":[{"href":"https:\/\/medicinasinc.com\/se\/wp-json\/wp\/v2\/types\/product"}],"replies":[{"embeddable":true,"href":"https:\/\/medicinasinc.com\/se\/wp-json\/wp\/v2\/comments?post=5366"}],"wp:featuredmedia":[{"embeddable":true,"href":"https:\/\/medicinasinc.com\/se\/wp-json\/wp\/v2\/media\/5376"}],"wp:attachment":[{"href":"https:\/\/medicinasinc.com\/se\/wp-json\/wp\/v2\/media?parent=5366"}],"wp:term":[{"taxonomy":"product_brand","embeddable":true,"href":"https:\/\/medicinasinc.com\/se\/wp-json\/wp\/v2\/product_brand?post=5366"},{"taxonomy":"product_cat","embeddable":true,"href":"https:\/\/medicinasinc.com\/se\/wp-json\/wp\/v2\/product_cat?post=5366"},{"taxonomy":"product_tag","embeddable":true,"href":"https:\/\/medicinasinc.com\/se\/wp-json\/wp\/v2\/product_tag?post=5366"}],"curies":[{"name":"wp","href":"https:\/\/api.w.org\/{rel}","templated":true}]}}