{"id":5341,"date":"2022-02-21T21:16:40","date_gmt":"2022-02-21T21:16:40","guid":{"rendered":"https:\/\/medicinasinc.com\/se\/?post_type=product&#038;p=5341"},"modified":"2022-07-03T23:33:54","modified_gmt":"2022-07-03T23:33:54","slug":"buy-2c-e-research-chemical","status":"publish","type":"product","link":"https:\/\/medicinasinc.com\/se\/product\/buy-2c-e-research-chemical\/","title":{"rendered":"K\u00f6p 2C-E Research Chemical"},"content":{"rendered":"<p>2C-E forskningskemikalie kan k\u00f6pas online.<\/p>\n<p>2C-E forskningskemikalie kan k\u00f6pas online.<\/p>\n<p>S\u00e4ljare av 2c e, 2ce research chemical, 2c e buyer, 2c e till salu<\/p>\n<p>Ink\u00f6p online av 2C-E forskningskemikalier<\/p>\n<p>Alexander Shulgin uppt\u00e4cker l\u00e4kemedlet 2C-E och f\u00e5r ett stort antal f\u00f6ljare.<\/p>\n<p>Ink\u00f6p online av 2C-E forskningskemikalier<\/p>\n<p>Det kemiska medlet 2C-E (resa) \u00e4r en medlem av 2C-familjen, som \u00e4ven inkluderar 2C-I och 2C-H. 2C-E \u00e4r en hallucinogen f\u00f6rening som h\u00e4rr\u00f6r fr\u00e5n fenyletylamin. Efter en rad forskningstester vet vi nu att den typiska dosen av 2C-E-pulver f\u00f6r intranasal administrering inte b\u00f6r \u00f6verstiga 5 milligram. \u00c4nd\u00e5 b\u00f6r dosen inte \u00f6verstiga ungef\u00e4r 10-20 milligram vid oral anv\u00e4ndning. Det rapporteras att efter cirka 10 minuters inandning genom n\u00e4san uppst\u00e5r en betydande sveda. Shulgin h\u00e4nvisar till 2C-E, tillsammans med meskalin, 2C-T-2, 2C-B och 2C-T-7, som det &#8221;magiska halvdussinet&#8221; i sin bok PiHKAL. Onlinek\u00f6p av 2C-E-forskningskemikalier<\/p>\n<p>2C-E har f\u00f6ljande effekter: en explosion av energi, en \u00f6kad uppfinningsrikedom, visuella effekter och en \u00f6kad taktik. Dessutom sker f\u00f6r\u00e4ndringar i medvetandet, koncentrationssv\u00e5righeter, pulsen \u00f6kar och kroppstemperaturen kan stiga n\u00e5got. Dessutom orsakar 2C-E yrsel, illam\u00e5ende, \u00f6verk\u00e4nslighet f\u00f6r buller och panik. 2C-E till salu p\u00e5 internet<\/p>\n<p>Verksamhetstiden f\u00f6r 2C-E \u00e4r vanligtvis mellan 4 och 9 timmar. N\u00e4r vi j\u00e4mf\u00f6r 2C-E med 2C-I under testning uppt\u00e4cker vi att 2C-E ger mer m\u00e4rkbara visuella och auditiva effekter.<\/p>\n<p>Du kan k\u00f6pa 2C-E (tripp) p\u00e5 v\u00e5r webbplats bara f\u00f6r kemiska unders\u00f6kningar och laboratorietester; Du b\u00f6r dock f\u00f6rst avg\u00f6ra om detta preparat \u00e4r lagligt p\u00e5 din plats. Vi tillhandah\u00e5ller material av h\u00f6g kvalitet.<\/p>\n","protected":false},"excerpt":{"rendered":"<p>&nbsp;<\/p>\n<p>K\u00f6p 2C-E Research kemikalie till salu online i Europa, Storbritannien, EU. K\u00f6p 2C-E Research kemikalie. 2C-E (4-etyl-2,5-dimetoxi) salt\/pulver: ett psykedeliskt amfetamin.<\/p>\n<p><em>K\u00f6p 2C<\/em>&#8211;<em>E<\/em> Forskning Kemikaliegodk\u00e4nd leverant\u00f6r. H\u00f6gklassig renhet, rimliga priser, snabb garanterad leverans, \u00e5terbetalnings-\/returpolicy, bra kundservice.<\/p>\n","protected":false},"featured_media":5352,"comment_status":"open","ping_status":"closed","template":"","meta":[],"product_brand":[],"product_cat":[2014],"product_tag":[2027,2028,2031,2032,2033,2034,2037,2035,2036,2041,2042,2043,2044,2030,2046,2047,2048,2049,2029,2050,2038,2039,2040,2051,2052,2053,2054,2055,2057,2058,2059,2087,2088,2064,2065,2066,2067,2072,2073,2091,2076,2077,2080,2084,2081,2082,2083,2062,2063,2068,2070,2045,2069,2071,2090,2075,2074,2085,2056,2086,2060,2089,2079,2061,2078,2092,2094,2093,2095,2096],"class_list":{"0":"post-5341","1":"product","2":"type-product","3":"status-publish","4":"has-post-thumbnail","6":"product_cat-kop-research-chemicals","7":"product_tag-2c-e-buy-online","8":"product_tag-2c-e","9":"product_tag-2c-e-drug-for-sale","10":"product_tag-2c-e-drug-test","11":"product_tag-2c-e-effekter","12":"product_tag-2c-e-erfarenhet","13":"product_tag-2c-e-upplevelse","14":"product_tag-2c-e-erowid","15":"product_tag-2c-e-europe","16":"product_tag-2c-e-heroic-dose","17":"product_tag-2c-e-is-a-psychedelic-phenethylamine-of-the-2c-family-it-was-first-synthesized-by-alexander-shulgin","18":"product_tag-2c-e-kaufen","19":"product_tag-2c-e-kopen","20":"product_tag-2c-e-drog","21":"product_tag-2c-e-online","22":"product_tag-2c-e-psychonaut","23":"product_tag-2c-e-reddit","24":"product_tag-2c-e-slja","25":"product_tag-2c-e-kp","26":"product_tag-2c-e-syntes","27":"product_tag-2c-e-till-salu","28":"product_tag-2c-e-till-frsljning-kemiskt-element","29":"product_tag-2c-e-till-frsljning-online","30":"product_tag-2c-e-wiki","31":"product_tag-2c-e-wikipedia","32":"product_tag-2c-e-nbome","33":"product_tag-2c-ef-frsljare","34":"product_tag-2c-i","35":"product_tag-4-etyl-2","36":"product_tag-4-metyl-2-5-dimetoxiamfetamin","37":"product_tag-5-dimetoxi","38":"product_tag-order-2c-e-online","39":"product_tag-order-2c-i","40":"product_tag-buy-2c-e-drug","41":"product_tag-buy-2c-e-muscle-tension-online","42":"product_tag-buy-2c-e-online","43":"product_tag-buy-2c-e-online-usa","44":"product_tag-buy-2c-i","45":"product_tag-buy-hallucinogenic-drug-2c-e-online","46":"product_tag-det-bsta-stllet-att-kpa-2c-i","47":"product_tag-dmt","48":"product_tag-dmt-nexus-2c-e","49":"product_tag-how-to-buy-2c-e-online","50":"product_tag-how-to-take-2c-e-research-chemicals","51":"product_tag-hur-man-kper-2c-i","52":"product_tag-how-to-k-c3-b6per-research-chemicals-online","53":"product_tag-hur-man-skaffar-forskningskemikalier","54":"product_tag-kp-2c-e-4-etyl-2","55":"product_tag-k-c3-b6p-2c-e-dosage-online","56":"product_tag-buy-2c-e-research-chemical","57":"product_tag-kp-2c-e-med-nsta-dag-eu-leverans","58":"product_tag-2c-e-netherlands-buy-rc","59":"product_tag-buy-2c-e-research-chemicals-online","60":"product_tag-kp-2c-e2c-online-usa","61":"product_tag-kp-2c-i","62":"product_tag-buy-research-chemicals-nederland-doc-2c-e-online","63":"product_tag-k-c3-b6pa-online-2c-e-forskningskemikalier","64":"product_tag-life-boostr-2c-e-rc-leverantr","65":"product_tag-2ce-kp","66":"product_tag-meskalin","67":"product_tag-och-andra-psykedelika","68":"product_tag-pris-per-gram-av-2c-e","69":"product_tag-get-2c-e-research-chemical-online","70":"product_tag-kp-2c-e","71":"product_tag-gr-ssris-str-med-svampar","72":"product_tag-vad-exakt-r-2c-es-effekter-och-varfr-r-det-populrt-bland-mnniskor-som-anvnder-droger","73":"product_tag-vad-r-gatuvrdet-av-en-flaska-av-2c-e","74":"product_tag-vad-r-skillnaden-mellan-2c-i-och-2c-e","75":"product_tag-var-kan-jag-kpa-2c-e-online","76":"product_tag-var-att-kpa-2c-i","78":"first","79":"instock","80":"shipping-taxable","81":"purchasable","82":"product-type-variable","83":"has-default-attributes"},"yoast_head":"<!-- This site is optimized with the Yoast SEO plugin v27.3 - https:\/\/yoast.com\/product\/yoast-seo-wordpress\/ -->\n<title>K\u00f6p 2C-E Research Chemical - B\u00e4sta b\u00e4sta globala medicinerna<\/title>\n<meta name=\"description\" content=\"K\u00f6p 2C-E Research kemikalie till salu online i Europa, Storbritannien, EU. K\u00f6p 2C-E Research kemikalie. 2C-E (4-etyl-2,5-dimetoxi) salt\/pulver: ett psykedeliskt amfetamin.\" \/>\n<meta name=\"robots\" content=\"index, follow, max-snippet:-1, max-image-preview:large, max-video-preview:-1\" \/>\n<link rel=\"canonical\" href=\"https:\/\/medicinasinc.com\/se\/product\/buy-2c-e-research-chemical\/\" \/>\n<meta property=\"og:locale\" content=\"sv_SE\" \/>\n<meta property=\"og:type\" content=\"article\" \/>\n<meta property=\"og:title\" content=\"K\u00f6p 2C-E Research Chemical - B\u00e4sta b\u00e4sta globala medicinerna\" \/>\n<meta property=\"og:description\" content=\"K\u00f6p 2C-E Research kemikalie till salu online i Europa, Storbritannien, EU. K\u00f6p 2C-E Research kemikalie. 2C-E (4-etyl-2,5-dimetoxi) salt\/pulver: ett psykedeliskt amfetamin.\" \/>\n<meta property=\"og:url\" content=\"https:\/\/medicinasinc.com\/se\/product\/buy-2c-e-research-chemical\/\" \/>\n<meta property=\"og:site_name\" content=\"Medicinas Inc\" \/>\n<meta property=\"article:modified_time\" content=\"2022-07-03T23:33:54+00:00\" \/>\n<meta property=\"og:image\" content=\"https:\/\/medicinasinc.com\/se\/wp-content\/uploads\/sites\/16\/2022\/02\/Buy-2C-E.jpg\" \/>\n\t<meta property=\"og:image:width\" content=\"234\" \/>\n\t<meta property=\"og:image:height\" content=\"215\" \/>\n\t<meta property=\"og:image:type\" content=\"image\/jpeg\" \/>\n<meta name=\"twitter:card\" content=\"summary_large_image\" \/>\n<meta name=\"twitter:label1\" content=\"Ber\u00e4knad l\u00e4stid\" \/>\n\t<meta name=\"twitter:data1\" content=\"2 minuter\" \/>\n<script type=\"application\/ld+json\" class=\"yoast-schema-graph\">{\"@context\":\"https:\\\/\\\/schema.org\",\"@graph\":[{\"@type\":\"WebPage\",\"@id\":\"https:\\\/\\\/medicinasinc.com\\\/se\\\/product\\\/buy-2c-e-research-chemical\\\/\",\"url\":\"https:\\\/\\\/medicinasinc.com\\\/se\\\/product\\\/buy-2c-e-research-chemical\\\/\",\"name\":\"K\u00f6p 2C-E Research Chemical - B\u00e4sta b\u00e4sta globala medicinerna\",\"isPartOf\":{\"@id\":\"https:\\\/\\\/medicinasinc.com\\\/se\\\/#website\"},\"primaryImageOfPage\":{\"@id\":\"https:\\\/\\\/medicinasinc.com\\\/se\\\/product\\\/buy-2c-e-research-chemical\\\/#primaryimage\"},\"image\":{\"@id\":\"https:\\\/\\\/medicinasinc.com\\\/se\\\/product\\\/buy-2c-e-research-chemical\\\/#primaryimage\"},\"thumbnailUrl\":\"https:\\\/\\\/medicinasinc.com\\\/se\\\/wp-content\\\/uploads\\\/sites\\\/16\\\/2022\\\/02\\\/Buy-2C-E.jpg\",\"datePublished\":\"2022-02-21T21:16:40+00:00\",\"dateModified\":\"2022-07-03T23:33:54+00:00\",\"description\":\"K\u00f6p 2C-E Research kemikalie till salu online i Europa, Storbritannien, EU. K\u00f6p 2C-E Research kemikalie. 2C-E (4-etyl-2,5-dimetoxi) salt\\\/pulver: ett psykedeliskt amfetamin.\",\"breadcrumb\":{\"@id\":\"https:\\\/\\\/medicinasinc.com\\\/se\\\/product\\\/buy-2c-e-research-chemical\\\/#breadcrumb\"},\"inLanguage\":\"sv-SE\",\"potentialAction\":[{\"@type\":\"ReadAction\",\"target\":[\"https:\\\/\\\/medicinasinc.com\\\/se\\\/product\\\/buy-2c-e-research-chemical\\\/\"]}]},{\"@type\":\"ImageObject\",\"inLanguage\":\"sv-SE\",\"@id\":\"https:\\\/\\\/medicinasinc.com\\\/se\\\/product\\\/buy-2c-e-research-chemical\\\/#primaryimage\",\"url\":\"https:\\\/\\\/medicinasinc.com\\\/se\\\/wp-content\\\/uploads\\\/sites\\\/16\\\/2022\\\/02\\\/Buy-2C-E.jpg\",\"contentUrl\":\"https:\\\/\\\/medicinasinc.com\\\/se\\\/wp-content\\\/uploads\\\/sites\\\/16\\\/2022\\\/02\\\/Buy-2C-E.jpg\",\"width\":234,\"height\":215},{\"@type\":\"BreadcrumbList\",\"@id\":\"https:\\\/\\\/medicinasinc.com\\\/se\\\/product\\\/buy-2c-e-research-chemical\\\/#breadcrumb\",\"itemListElement\":[{\"@type\":\"ListItem\",\"position\":1,\"name\":\"aff\u00e4r\",\"item\":\"https:\\\/\\\/medicinasinc.com\\\/se\\\/affar\\\/\"},{\"@type\":\"ListItem\",\"position\":2,\"name\":\"K\u00f6p 2C-E Research Chemical\"}]},{\"@type\":\"WebSite\",\"@id\":\"https:\\\/\\\/medicinasinc.com\\\/se\\\/#website\",\"url\":\"https:\\\/\\\/medicinasinc.com\\\/se\\\/\",\"name\":\"Medicinas Inc\",\"description\":\"Health Medical Clinic\",\"potentialAction\":[{\"@type\":\"SearchAction\",\"target\":{\"@type\":\"EntryPoint\",\"urlTemplate\":\"https:\\\/\\\/medicinasinc.com\\\/se\\\/?s={search_term_string}\"},\"query-input\":{\"@type\":\"PropertyValueSpecification\",\"valueRequired\":true,\"valueName\":\"search_term_string\"}}],\"inLanguage\":\"sv-SE\"}]}<\/script>\n<!-- \/ Yoast SEO plugin. -->","yoast_head_json":{"title":"K\u00f6p 2C-E Research Chemical - B\u00e4sta b\u00e4sta globala medicinerna","description":"K\u00f6p 2C-E Research kemikalie till salu online i Europa, Storbritannien, EU. K\u00f6p 2C-E Research kemikalie. 2C-E (4-etyl-2,5-dimetoxi) salt\/pulver: ett psykedeliskt amfetamin.","robots":{"index":"index","follow":"follow","max-snippet":"max-snippet:-1","max-image-preview":"max-image-preview:large","max-video-preview":"max-video-preview:-1"},"canonical":"https:\/\/medicinasinc.com\/se\/product\/buy-2c-e-research-chemical\/","og_locale":"sv_SE","og_type":"article","og_title":"K\u00f6p 2C-E Research Chemical - B\u00e4sta b\u00e4sta globala medicinerna","og_description":"K\u00f6p 2C-E Research kemikalie till salu online i Europa, Storbritannien, EU. K\u00f6p 2C-E Research kemikalie. 2C-E (4-etyl-2,5-dimetoxi) salt\/pulver: ett psykedeliskt amfetamin.","og_url":"https:\/\/medicinasinc.com\/se\/product\/buy-2c-e-research-chemical\/","og_site_name":"Medicinas Inc","article_modified_time":"2022-07-03T23:33:54+00:00","og_image":[{"width":234,"height":215,"url":"https:\/\/medicinasinc.com\/se\/wp-content\/uploads\/sites\/16\/2022\/02\/Buy-2C-E.jpg","type":"image\/jpeg"}],"twitter_card":"summary_large_image","twitter_misc":{"Ber\u00e4knad l\u00e4stid":"2 minuter"},"schema":{"@context":"https:\/\/schema.org","@graph":[{"@type":"WebPage","@id":"https:\/\/medicinasinc.com\/se\/product\/buy-2c-e-research-chemical\/","url":"https:\/\/medicinasinc.com\/se\/product\/buy-2c-e-research-chemical\/","name":"K\u00f6p 2C-E Research Chemical - B\u00e4sta b\u00e4sta globala medicinerna","isPartOf":{"@id":"https:\/\/medicinasinc.com\/se\/#website"},"primaryImageOfPage":{"@id":"https:\/\/medicinasinc.com\/se\/product\/buy-2c-e-research-chemical\/#primaryimage"},"image":{"@id":"https:\/\/medicinasinc.com\/se\/product\/buy-2c-e-research-chemical\/#primaryimage"},"thumbnailUrl":"https:\/\/medicinasinc.com\/se\/wp-content\/uploads\/sites\/16\/2022\/02\/Buy-2C-E.jpg","datePublished":"2022-02-21T21:16:40+00:00","dateModified":"2022-07-03T23:33:54+00:00","description":"K\u00f6p 2C-E Research kemikalie till salu online i Europa, Storbritannien, EU. K\u00f6p 2C-E Research kemikalie. 2C-E (4-etyl-2,5-dimetoxi) salt\/pulver: ett psykedeliskt amfetamin.","breadcrumb":{"@id":"https:\/\/medicinasinc.com\/se\/product\/buy-2c-e-research-chemical\/#breadcrumb"},"inLanguage":"sv-SE","potentialAction":[{"@type":"ReadAction","target":["https:\/\/medicinasinc.com\/se\/product\/buy-2c-e-research-chemical\/"]}]},{"@type":"ImageObject","inLanguage":"sv-SE","@id":"https:\/\/medicinasinc.com\/se\/product\/buy-2c-e-research-chemical\/#primaryimage","url":"https:\/\/medicinasinc.com\/se\/wp-content\/uploads\/sites\/16\/2022\/02\/Buy-2C-E.jpg","contentUrl":"https:\/\/medicinasinc.com\/se\/wp-content\/uploads\/sites\/16\/2022\/02\/Buy-2C-E.jpg","width":234,"height":215},{"@type":"BreadcrumbList","@id":"https:\/\/medicinasinc.com\/se\/product\/buy-2c-e-research-chemical\/#breadcrumb","itemListElement":[{"@type":"ListItem","position":1,"name":"aff\u00e4r","item":"https:\/\/medicinasinc.com\/se\/affar\/"},{"@type":"ListItem","position":2,"name":"K\u00f6p 2C-E Research Chemical"}]},{"@type":"WebSite","@id":"https:\/\/medicinasinc.com\/se\/#website","url":"https:\/\/medicinasinc.com\/se\/","name":"Medicinas Inc","description":"Health Medical Clinic","potentialAction":[{"@type":"SearchAction","target":{"@type":"EntryPoint","urlTemplate":"https:\/\/medicinasinc.com\/se\/?s={search_term_string}"},"query-input":{"@type":"PropertyValueSpecification","valueRequired":true,"valueName":"search_term_string"}}],"inLanguage":"sv-SE"}]}},"_links":{"self":[{"href":"https:\/\/medicinasinc.com\/se\/wp-json\/wp\/v2\/product\/5341","targetHints":{"allow":["GET"]}}],"collection":[{"href":"https:\/\/medicinasinc.com\/se\/wp-json\/wp\/v2\/product"}],"about":[{"href":"https:\/\/medicinasinc.com\/se\/wp-json\/wp\/v2\/types\/product"}],"replies":[{"embeddable":true,"href":"https:\/\/medicinasinc.com\/se\/wp-json\/wp\/v2\/comments?post=5341"}],"wp:featuredmedia":[{"embeddable":true,"href":"https:\/\/medicinasinc.com\/se\/wp-json\/wp\/v2\/media\/5352"}],"wp:attachment":[{"href":"https:\/\/medicinasinc.com\/se\/wp-json\/wp\/v2\/media?parent=5341"}],"wp:term":[{"taxonomy":"product_brand","embeddable":true,"href":"https:\/\/medicinasinc.com\/se\/wp-json\/wp\/v2\/product_brand?post=5341"},{"taxonomy":"product_cat","embeddable":true,"href":"https:\/\/medicinasinc.com\/se\/wp-json\/wp\/v2\/product_cat?post=5341"},{"taxonomy":"product_tag","embeddable":true,"href":"https:\/\/medicinasinc.com\/se\/wp-json\/wp\/v2\/product_tag?post=5341"}],"curies":[{"name":"wp","href":"https:\/\/api.w.org\/{rel}","templated":true}]}}