{"id":5340,"date":"2022-02-21T21:15:28","date_gmt":"2022-02-21T21:15:28","guid":{"rendered":"https:\/\/medicinasinc.com\/se\/?post_type=product&#038;p=5340"},"modified":"2022-07-03T23:34:06","modified_gmt":"2022-07-03T23:34:06","slug":"kop-2-mppp-online","status":"publish","type":"product","link":"https:\/\/medicinasinc.com\/se\/product\/kop-2-mppp-online\/","title":{"rendered":"K\u00f6p 2-MPPP online"},"content":{"rendered":"<p>K\u00f6p 2-MPPP online<\/p>\n<p>K\u00f6p 2-MPPP online<\/p>\n<p>2-metyl-1-fenyl-3-(piperidin-1-yl)<\/p>\n<p>Propan-1-on \u00e4r en strukturellt relaterad kemikalie till 2-aminopropan-1-on, f\u00f6rutom att kv\u00e4vet \u00e4r bundet till kolet i den tredje positionen. Denna f\u00f6renings fysiologiska och toxikologiska effekter har inte unders\u00f6kts.<\/p>\n<p>2-metyl-1-fenyl-3-(piperidin-1-yl)<\/p>\n<p>Propan-1-on kan anv\u00e4ndas som referensprov f\u00f6r forskare som g\u00f6r gaskromatografi\/masspektrometri (GC\/MS), Fouriertransform infrar\u00f6d spektroskopi (FTIR) eller k\u00e4rnmagnetisk resonans (NMR) analyser.<\/p>\n<p>Procedurer i laboratoriet<\/p>\n<p>Vi rekommenderar att f\u00f6rvara 2-metyl-1-fenyl-3-(piperidin-1-yl)propan-1-on vid -20\u00b0C f\u00f6r l\u00e5ngtidsf\u00f6rvaring. Den b\u00f6r f\u00f6rbli stabil i minst tv\u00e5 \u00e5r.<\/p>\n<p>Den vita kristallina substansen 2-metyl-1-fenyl-3-(piperidin-1-yl)propan-1-on medf\u00f6ljer. 2-metyl-1-fenyl-3-(piperidin-1-yl) Propan-1-on \u00e4r l\u00f6sligt i organiska l\u00f6sningsmedel som metanol, dimetylsulfoxid (DMSO) och diklormetan (DCM), som b\u00f6r renas med en inert gas f\u00f6re anv\u00e4ndning. 2-metyl-1-fenyl-3-(piperidin-1-yl)propan-1-on l\u00f6ser sig vid cirka 22 mg\/ml i etanol och DMF och vid cirka 15 mg\/ml i DMSO.<\/p>\n<p> Innan tester utf\u00f6rs b\u00f6r ytterligare sp\u00e4dningar av staml\u00f6sningen g\u00f6ras i vattenhaltiga buffertar eller isoton saltl\u00f6sning. Kontrollera att det inte finns n\u00e5gra rester av organiskt l\u00f6sningsmedel, eftersom organiska l\u00f6sningsmedel kan ha fysiologiska konsekvenser vid l\u00e5ga koncentrationer. Vattenhaltiga l\u00f6sningar fria fr\u00e5n organiska l\u00f6sningsmedel. Den kristallina fasta 2-metyl-1-fenyl-3-(piperidin-1-yl)propan-1-on kan framst\u00e4llas omedelbart i vattenhaltiga buffertar. 2-metyl-l-fenyl-3-(piperidin-1-yl)propan-1-on l\u00f6ses vid en l\u00f6slighet av ungef\u00e4r 11 mg\/ml i PBS, pH 6,4. Vi rekommenderar inte att vattenl\u00f6sningen f\u00f6rvaras i kylen i mer \u00e4n en dag.<\/p>\n<div id=\"wb_Text13\"><strong>Specifikationer<\/strong><\/div>\n<table id=\"Table1\" cellspacing=\"1\" cellpadding=\"0\">\n<tbody>\n<tr>\n<td class=\"cell0\">Synonymer<\/td>\n<td class=\"cell1\">2-MPPP<\/td>\n<\/tr>\n<tr>\n<td class=\"cell2\">IUPAC<\/td>\n<td class=\"cell3\">2-metyl-1-fenyl-3-(piperidin-1-yl)propan-1-on<\/td>\n<\/tr>\n<tr>\n<td class=\"cell0\">PubChem<\/td>\n<td class=\"cell1\">N\/A<\/td>\n<\/tr>\n<tr>\n<td class=\"cell4\">Cas#<\/td>\n<td class=\"cell5\">N\/A<\/td>\n<\/tr>\n<tr>\n<td class=\"cell0\">Molekylformel<\/td>\n<td class=\"cell1\">C15H21NO<\/td>\n<\/tr>\n<tr>\n<td class=\"cell0\">Renhet<\/td>\n<td class=\"cell1\">99 %<\/td>\n<\/tr>\n<tr>\n<td class=\"cell0\">Forum\/Utseende<\/td>\n<td class=\"cell1\">Vit kristallpulver<\/td>\n<\/tr>\n<\/tbody>\n<\/table>\n<p><strong>Referenser<\/strong><\/p>\n<p>Indian journal of chemistry, 1981, vol. 20 B,\u00a0 # 4\u00a0 sid. 303 \u2013 307<\/p>\n<p>Ruddy; Buckley<br \/> Journal of the American Chemical Society, 1950 , vol. 72, sid. 718 719<\/p>\n<p>Kjaer; Petersen<br \/> Acta Chemica Scandinavica (1947-1973), 1951 ,\u00a0 vol. 5, sid. 1145,1148<\/p>\n<p>Nasarow; Tscherkasowa<br \/> Zhurnal Obshchei Khimii, 1958 ,\u00a0 vol. 28, sid. 122 124, 125<\/p>\n<div class=\"product-next-previous\">\n<div class=\"product-prev\"><\/div><\/div>\n","protected":false},"excerpt":{"rendered":"<div class=\"woocommerce-product-details__short-description\">\n<p>K\u00f6p 2-MPPP online. K\u00f6p 2-MPPP online p\u00e5 bestglobalmeds.com \u2013 2-metyl-1-fenyl-3-(piperidin-1-yl)propan-1-on, 2mpp vitt kristallpulver till salu. vi har den b\u00e4sta kvaliteten och de b\u00e4sta priserna ocks\u00e5.<\/p>\n<p><em>K\u00f6p 2<\/em>&#8211;<em>MPPP Online online<\/em> fr\u00e5n ett licensierat apotek Best Global Meds. Vi erbjuder ett brett utbud av l\u00e4kemedel till f\u00f6rs\u00e4ljning. V\u00e4rldsomfattande leverans!<\/p>\n<\/p><\/div>\n","protected":false},"featured_media":5350,"comment_status":"open","ping_status":"closed","template":"","meta":[],"product_brand":[],"product_cat":[2014],"product_tag":[],"class_list":{"0":"post-5340","1":"product","2":"type-product","3":"status-publish","4":"has-post-thumbnail","6":"product_cat-kop-research-chemicals","8":"first","9":"instock","10":"shipping-taxable","11":"purchasable","12":"product-type-variable"},"yoast_head":"<!-- This site is optimized with the Yoast SEO plugin v27.3 - https:\/\/yoast.com\/product\/yoast-seo-wordpress\/ -->\n<title>K\u00f6p 2-MPPP online - B\u00e4sta b\u00e4sta globala medicinerna<\/title>\n<meta name=\"description\" content=\"K\u00f6p 2-MPPP online. K\u00f6p 2-MPPP online p\u00e5 bestglobalmeds.com \u2013 2-metyl-1-fenyl-3-(piperidin-1-yl)propan-1-on, 2mpp vitt kristallpulver till salu. vi har den b\u00e4sta kvaliteten och b\u00e4sta priserna\" \/>\n<meta name=\"robots\" content=\"index, follow, max-snippet:-1, max-image-preview:large, max-video-preview:-1\" \/>\n<link rel=\"canonical\" href=\"https:\/\/medicinasinc.com\/se\/product\/kop-2-mppp-online\/\" \/>\n<meta property=\"og:locale\" content=\"sv_SE\" \/>\n<meta property=\"og:type\" content=\"article\" \/>\n<meta property=\"og:title\" content=\"K\u00f6p 2-MPPP online - B\u00e4sta b\u00e4sta globala medicinerna\" \/>\n<meta property=\"og:description\" content=\"K\u00f6p 2-MPPP online. K\u00f6p 2-MPPP online p\u00e5 bestglobalmeds.com \u2013 2-metyl-1-fenyl-3-(piperidin-1-yl)propan-1-on, 2mpp vitt kristallpulver till salu. vi har den b\u00e4sta kvaliteten och b\u00e4sta priserna\" \/>\n<meta property=\"og:url\" content=\"https:\/\/medicinasinc.com\/se\/product\/kop-2-mppp-online\/\" \/>\n<meta property=\"og:site_name\" content=\"Medicinas Inc\" \/>\n<meta property=\"article:modified_time\" content=\"2022-07-03T23:34:06+00:00\" \/>\n<meta property=\"og:image\" content=\"https:\/\/medicinasinc.com\/se\/wp-content\/uploads\/sites\/16\/2022\/02\/2mppp.jpg\" \/>\n\t<meta property=\"og:image:width\" content=\"600\" \/>\n\t<meta property=\"og:image:height\" content=\"600\" \/>\n\t<meta property=\"og:image:type\" content=\"image\/jpeg\" \/>\n<meta name=\"twitter:card\" content=\"summary_large_image\" \/>\n<meta name=\"twitter:label1\" content=\"Ber\u00e4knad l\u00e4stid\" \/>\n\t<meta name=\"twitter:data1\" content=\"2 minuter\" \/>\n<script type=\"application\/ld+json\" class=\"yoast-schema-graph\">{\"@context\":\"https:\\\/\\\/schema.org\",\"@graph\":[{\"@type\":\"WebPage\",\"@id\":\"https:\\\/\\\/medicinasinc.com\\\/se\\\/product\\\/kop-2-mppp-online\\\/\",\"url\":\"https:\\\/\\\/medicinasinc.com\\\/se\\\/product\\\/kop-2-mppp-online\\\/\",\"name\":\"K\u00f6p 2-MPPP online - B\u00e4sta b\u00e4sta globala medicinerna\",\"isPartOf\":{\"@id\":\"https:\\\/\\\/medicinasinc.com\\\/se\\\/#website\"},\"primaryImageOfPage\":{\"@id\":\"https:\\\/\\\/medicinasinc.com\\\/se\\\/product\\\/kop-2-mppp-online\\\/#primaryimage\"},\"image\":{\"@id\":\"https:\\\/\\\/medicinasinc.com\\\/se\\\/product\\\/kop-2-mppp-online\\\/#primaryimage\"},\"thumbnailUrl\":\"https:\\\/\\\/medicinasinc.com\\\/se\\\/wp-content\\\/uploads\\\/sites\\\/16\\\/2022\\\/02\\\/2mppp.jpg\",\"datePublished\":\"2022-02-21T21:15:28+00:00\",\"dateModified\":\"2022-07-03T23:34:06+00:00\",\"description\":\"K\u00f6p 2-MPPP online. K\u00f6p 2-MPPP online p\u00e5 bestglobalmeds.com \u2013 2-metyl-1-fenyl-3-(piperidin-1-yl)propan-1-on, 2mpp vitt kristallpulver till salu. vi har den b\u00e4sta kvaliteten och b\u00e4sta priserna\",\"breadcrumb\":{\"@id\":\"https:\\\/\\\/medicinasinc.com\\\/se\\\/product\\\/kop-2-mppp-online\\\/#breadcrumb\"},\"inLanguage\":\"sv-SE\",\"potentialAction\":[{\"@type\":\"ReadAction\",\"target\":[\"https:\\\/\\\/medicinasinc.com\\\/se\\\/product\\\/kop-2-mppp-online\\\/\"]}]},{\"@type\":\"ImageObject\",\"inLanguage\":\"sv-SE\",\"@id\":\"https:\\\/\\\/medicinasinc.com\\\/se\\\/product\\\/kop-2-mppp-online\\\/#primaryimage\",\"url\":\"https:\\\/\\\/medicinasinc.com\\\/se\\\/wp-content\\\/uploads\\\/sites\\\/16\\\/2022\\\/02\\\/2mppp.jpg\",\"contentUrl\":\"https:\\\/\\\/medicinasinc.com\\\/se\\\/wp-content\\\/uploads\\\/sites\\\/16\\\/2022\\\/02\\\/2mppp.jpg\",\"width\":600,\"height\":600},{\"@type\":\"BreadcrumbList\",\"@id\":\"https:\\\/\\\/medicinasinc.com\\\/se\\\/product\\\/kop-2-mppp-online\\\/#breadcrumb\",\"itemListElement\":[{\"@type\":\"ListItem\",\"position\":1,\"name\":\"aff\u00e4r\",\"item\":\"https:\\\/\\\/medicinasinc.com\\\/se\\\/affar\\\/\"},{\"@type\":\"ListItem\",\"position\":2,\"name\":\"K\u00f6p 2-MPPP online\"}]},{\"@type\":\"WebSite\",\"@id\":\"https:\\\/\\\/medicinasinc.com\\\/se\\\/#website\",\"url\":\"https:\\\/\\\/medicinasinc.com\\\/se\\\/\",\"name\":\"Medicinas Inc\",\"description\":\"Health Medical Clinic\",\"potentialAction\":[{\"@type\":\"SearchAction\",\"target\":{\"@type\":\"EntryPoint\",\"urlTemplate\":\"https:\\\/\\\/medicinasinc.com\\\/se\\\/?s={search_term_string}\"},\"query-input\":{\"@type\":\"PropertyValueSpecification\",\"valueRequired\":true,\"valueName\":\"search_term_string\"}}],\"inLanguage\":\"sv-SE\"}]}<\/script>\n<!-- \/ Yoast SEO plugin. -->","yoast_head_json":{"title":"K\u00f6p 2-MPPP online - B\u00e4sta b\u00e4sta globala medicinerna","description":"K\u00f6p 2-MPPP online. K\u00f6p 2-MPPP online p\u00e5 bestglobalmeds.com \u2013 2-metyl-1-fenyl-3-(piperidin-1-yl)propan-1-on, 2mpp vitt kristallpulver till salu. vi har den b\u00e4sta kvaliteten och b\u00e4sta priserna","robots":{"index":"index","follow":"follow","max-snippet":"max-snippet:-1","max-image-preview":"max-image-preview:large","max-video-preview":"max-video-preview:-1"},"canonical":"https:\/\/medicinasinc.com\/se\/product\/kop-2-mppp-online\/","og_locale":"sv_SE","og_type":"article","og_title":"K\u00f6p 2-MPPP online - B\u00e4sta b\u00e4sta globala medicinerna","og_description":"K\u00f6p 2-MPPP online. K\u00f6p 2-MPPP online p\u00e5 bestglobalmeds.com \u2013 2-metyl-1-fenyl-3-(piperidin-1-yl)propan-1-on, 2mpp vitt kristallpulver till salu. vi har den b\u00e4sta kvaliteten och b\u00e4sta priserna","og_url":"https:\/\/medicinasinc.com\/se\/product\/kop-2-mppp-online\/","og_site_name":"Medicinas Inc","article_modified_time":"2022-07-03T23:34:06+00:00","og_image":[{"width":600,"height":600,"url":"https:\/\/medicinasinc.com\/se\/wp-content\/uploads\/sites\/16\/2022\/02\/2mppp.jpg","type":"image\/jpeg"}],"twitter_card":"summary_large_image","twitter_misc":{"Ber\u00e4knad l\u00e4stid":"2 minuter"},"schema":{"@context":"https:\/\/schema.org","@graph":[{"@type":"WebPage","@id":"https:\/\/medicinasinc.com\/se\/product\/kop-2-mppp-online\/","url":"https:\/\/medicinasinc.com\/se\/product\/kop-2-mppp-online\/","name":"K\u00f6p 2-MPPP online - B\u00e4sta b\u00e4sta globala medicinerna","isPartOf":{"@id":"https:\/\/medicinasinc.com\/se\/#website"},"primaryImageOfPage":{"@id":"https:\/\/medicinasinc.com\/se\/product\/kop-2-mppp-online\/#primaryimage"},"image":{"@id":"https:\/\/medicinasinc.com\/se\/product\/kop-2-mppp-online\/#primaryimage"},"thumbnailUrl":"https:\/\/medicinasinc.com\/se\/wp-content\/uploads\/sites\/16\/2022\/02\/2mppp.jpg","datePublished":"2022-02-21T21:15:28+00:00","dateModified":"2022-07-03T23:34:06+00:00","description":"K\u00f6p 2-MPPP online. K\u00f6p 2-MPPP online p\u00e5 bestglobalmeds.com \u2013 2-metyl-1-fenyl-3-(piperidin-1-yl)propan-1-on, 2mpp vitt kristallpulver till salu. vi har den b\u00e4sta kvaliteten och b\u00e4sta priserna","breadcrumb":{"@id":"https:\/\/medicinasinc.com\/se\/product\/kop-2-mppp-online\/#breadcrumb"},"inLanguage":"sv-SE","potentialAction":[{"@type":"ReadAction","target":["https:\/\/medicinasinc.com\/se\/product\/kop-2-mppp-online\/"]}]},{"@type":"ImageObject","inLanguage":"sv-SE","@id":"https:\/\/medicinasinc.com\/se\/product\/kop-2-mppp-online\/#primaryimage","url":"https:\/\/medicinasinc.com\/se\/wp-content\/uploads\/sites\/16\/2022\/02\/2mppp.jpg","contentUrl":"https:\/\/medicinasinc.com\/se\/wp-content\/uploads\/sites\/16\/2022\/02\/2mppp.jpg","width":600,"height":600},{"@type":"BreadcrumbList","@id":"https:\/\/medicinasinc.com\/se\/product\/kop-2-mppp-online\/#breadcrumb","itemListElement":[{"@type":"ListItem","position":1,"name":"aff\u00e4r","item":"https:\/\/medicinasinc.com\/se\/affar\/"},{"@type":"ListItem","position":2,"name":"K\u00f6p 2-MPPP online"}]},{"@type":"WebSite","@id":"https:\/\/medicinasinc.com\/se\/#website","url":"https:\/\/medicinasinc.com\/se\/","name":"Medicinas Inc","description":"Health Medical Clinic","potentialAction":[{"@type":"SearchAction","target":{"@type":"EntryPoint","urlTemplate":"https:\/\/medicinasinc.com\/se\/?s={search_term_string}"},"query-input":{"@type":"PropertyValueSpecification","valueRequired":true,"valueName":"search_term_string"}}],"inLanguage":"sv-SE"}]}},"_links":{"self":[{"href":"https:\/\/medicinasinc.com\/se\/wp-json\/wp\/v2\/product\/5340","targetHints":{"allow":["GET"]}}],"collection":[{"href":"https:\/\/medicinasinc.com\/se\/wp-json\/wp\/v2\/product"}],"about":[{"href":"https:\/\/medicinasinc.com\/se\/wp-json\/wp\/v2\/types\/product"}],"replies":[{"embeddable":true,"href":"https:\/\/medicinasinc.com\/se\/wp-json\/wp\/v2\/comments?post=5340"}],"wp:featuredmedia":[{"embeddable":true,"href":"https:\/\/medicinasinc.com\/se\/wp-json\/wp\/v2\/media\/5350"}],"wp:attachment":[{"href":"https:\/\/medicinasinc.com\/se\/wp-json\/wp\/v2\/media?parent=5340"}],"wp:term":[{"taxonomy":"product_brand","embeddable":true,"href":"https:\/\/medicinasinc.com\/se\/wp-json\/wp\/v2\/product_brand?post=5340"},{"taxonomy":"product_cat","embeddable":true,"href":"https:\/\/medicinasinc.com\/se\/wp-json\/wp\/v2\/product_cat?post=5340"},{"taxonomy":"product_tag","embeddable":true,"href":"https:\/\/medicinasinc.com\/se\/wp-json\/wp\/v2\/product_tag?post=5340"}],"curies":[{"name":"wp","href":"https:\/\/api.w.org\/{rel}","templated":true}]}}