{"id":5324,"date":"2022-02-21T20:59:08","date_gmt":"2022-02-21T20:59:08","guid":{"rendered":"https:\/\/medicinasinc.com\/se\/?post_type=product&#038;p=5324"},"modified":"2022-07-03T23:35:26","modified_gmt":"2022-07-03T23:35:26","slug":"kop-vicodin","status":"publish","type":"product","link":"https:\/\/medicinasinc.com\/se\/product\/kop-vicodin\/","title":{"rendered":"K\u00f6p Vicodin"},"content":{"rendered":"<p>Onlinek\u00f6p av Vicodin hydrocodone piller<\/p>\n<p>VICODIN\u00ae (Hydrocodone Bitartrate and Acetaminophen Tablets, USP 5 mg\/300 mg): En eller tv\u00e5 tabletter var fj\u00e4rde till sj\u00e4tte timme efter behov f\u00f6r sm\u00e4rta hos vuxna. Den dagliga maximala dosen b\u00f6r inte \u00f6verstiga \u00e5tta piller.<\/p>\n<p>Onlinek\u00f6p av Vicodin hydrokodonpiller<br \/> K\u00f6p Vicodin Online<\/p>\n<p>Vicodin inneh\u00e5ller en kombination av hydrokodon och paracetamol. Hydrokodon \u00e4r en opioid sm\u00e4rtstillande medicin. Ofta kallas opioider f\u00f6r narkotika. Paracetamol \u00e4r ett mindre potent analgetikum som f\u00f6rst\u00e4rker effekterna av hydrokodon. Vicodin kan k\u00f6pas online och vicodin finns \u00e4ven till f\u00f6rs\u00e4ljning online. Vicodin-piller anv\u00e4nds f\u00f6r att behandla mild till m\u00e5ttligt sv\u00e5r sm\u00e4rta. Vicodin kan ocks\u00e5 inkluderas f\u00f6r anv\u00e4ndning som inte anges i denna l\u00e4kemedelsguide.<\/p>\n<p>Anv\u00e4ndning<\/p>\n<p>Kombinationsl\u00e4kemedlet \u00e4r avsett att behandla mild till m\u00e5ttligt sv\u00e5r sm\u00e4rta. Detta ger sm\u00e4rtlindring via morfin (hydrokodon) och icke-opioid (paracetamol). Hydrokodon f\u00f6r\u00e4ndrar din kropps uppfattning och svar p\u00e5 sm\u00e4rta i hj\u00e4rnan. Acetaminophen kan ocks\u00e5 hj\u00e4lpa till att minska sv\u00e5righetsgraden av feber. L\u00e4kemedlet \u00e4r inte till\u00e5tet f\u00f6r barn yngre \u00e4n sex \u00e5r p\u00e5 grund av en \u00f6kad risk f\u00f6r biverkningar (som l\u00e5ngsam och ytlig andning).<\/p>\n<p>Vad \u00e4r syftet med denna medicin?<\/p>\n<p>Hydrocodone kombineras med andra kemikalier, och f\u00f6r olika indikationer ges m\u00e5nga kombinationsl\u00e4kemedel. Vissa hydrokodonkombinationsl\u00e4kemedel anv\u00e4nds f\u00f6r att behandla mild till sv\u00e5r sm\u00e4rta. Andra mediciner som inneh\u00e5ller en hydrokodonkombination anv\u00e4nds f\u00f6r att minska hosta. Hydrokodon \u00e4r ett opioid (narkotiskt) sm\u00e4rtstillande medel och en familj av mediciner som kallas hostd\u00e4mpande medel. Hydrokodon lindrar sm\u00e4rta genom att modifiera hj\u00e4rnans och nervsystemets svar p\u00e5 sm\u00e4rta. Hydrokodon lindrar hosta genom att h\u00e4mma hj\u00e4rnaktivitet i samband med hosta. Du tar hydrokodon i kombination med minst en annan medicin, men monografin ger bara information om hydrokodon. L\u00e4s om de ytterligare substanserna i hydrokodonl\u00e4kemedlet som du tar.<\/p>\n<p>Hur ska man anv\u00e4nda?<\/p>\n<p>Hydrokodonkombinationsprodukter finns i f\u00f6ljande former: piller, gel, pasta, l\u00f6sning ( klarning av v\u00e4tska), f\u00f6rl\u00e4ngd fris\u00e4ttningsgel (l\u00e5ngverkande) och l\u00e5ngtidsverkande suspens (flytande) f\u00f6r oral administrering. Tabletten, kapseln, sirapen eller l\u00f6sningen kan tas upp till var 4:e till 6:e timme efter behov. Normalt, var 12:e timme, tas kapslar med f\u00f6rl\u00e4ngd fris\u00e4ttning och suspensioner med f\u00f6rl\u00e4ngd fris\u00e4ttning vid behov. Om du tar hydrokodon regelbundet b\u00f6r det tas vid samma tidpunkt varje dag. F\u00f6lj anvisningarna p\u00e5 din receptetikett noggrant och f\u00e5 ett f\u00f6rtydligande fr\u00e5n din apotekspersonal eller l\u00e4kare om det beh\u00f6vs. Skaka suspensionen med f\u00f6rl\u00e4ngd t\u00f6mning v\u00e4l f\u00f6re anv\u00e4ndning f\u00f6r att s\u00e4kerst\u00e4lla att \u00e4mnet \u00e4r j\u00e4mnt f\u00f6rdelat. Det rekommenderas inte att kombinera depotsuspensionen med andra \u00e4mnen eller v\u00e4tskor, s\u00e5som vatten.<\/p>\n<p>Om du anv\u00e4nder en hydrokodonkombination, sirap eller suspension med f\u00f6rl\u00e4ngd fris\u00e4ttning, anv\u00e4nd inte en tekopp f\u00f6r hush\u00e5llsbruk f\u00f6r att m\u00e4ta din dos. Hemmetskedar \u00e4r inte exakta m\u00e4tinstrument, och om du testar dina doser med hj\u00e4lp av en hush\u00e5llstesked riskerar du att ta f\u00f6r m\u00e5nga eller f\u00f6r lite piller. Anv\u00e4nd ist\u00e4llet en v\u00e4ldefinierad m\u00e4tanordning, s\u00e5som en droppare, skedmedicin eller oral spruta.<\/p>\n<p>Detta kombinationsl\u00e4kemedel anv\u00e4nds f\u00f6r att behandla sm\u00e4rta som str\u00e4cker sig fr\u00e5n mild till sv\u00e5r. Den best\u00e5r av ett opioidanalgetikum (hydrokodon) samt ett icke-opioidanalgetikum (acetaminophen). Hydrokodon f\u00f6r\u00e4ndrar hur din kropp uppfattar och reagerar p\u00e5 sm\u00e4rta genom att verka p\u00e5 hj\u00e4rnan. Paracetamol kan ocks\u00e5 hj\u00e4lpa till att minska febern.<\/p>\n<p>Denna produkt rekommenderas inte f\u00f6r barn under sex \u00e5r p\u00e5 grund av en \u00f6kad risk f\u00f6r allvarliga biverkningar (som ytlig\/l\u00e5ngsam andning).<\/p>\n<p>\u00c4r hydrokodon vicodin?, \u00c4r hydrokodon vicodin?, \u00c4r hydrokodon vicodin?, \u00c4r hydrokodon vicodin?, \u00c4r hydrokodon vicodin?, \u00c4r hydrokodon vicodin?, \u00c4r hydrokodon vicodin?, \u00c4r hydrokodon vicodin?, \u00c4r hydrokodon vicodin? \u00e4r vicodin hydrocodone, \u00e4r vicodin hydrocodone, \u00e4r vicodin hydrocodone, \u00e4r vicodin hydrocodone, \u00e4r vicodin hydrocodone, \u00e4r vicodin hydrocodone, \u00e4r hydrocodone samma som vicodin, vad \u00e4r skillnaden mellan vicodin och hydrocodone, vad \u00e4r skillnaden mellan vicodin och hydrocodone, vicodin vs hydrokodon \u00c4r vicodin och hydrokodon utbytbara? \u00e4r hydrokodon ekvivalent med vicodin eller percocet? \u00c4r vicodin starkare \u00e4n hydrokodon? \u00c4r hydrokodon och vicodin samma sak? Vad \u00e4r skillnaden mellan vicodin och hydrocodon, hydrocodone och vicodin, vicodin hydrocodone, \u00e4r hydrocodone detsamma som vicodin, \u00e4r vicodin detsamma som hydrocodone, hydrocodone eller vicodin, vicodin kontra hydrocodone, \u00e4r hydrocodone vicodin?<\/p>\n","protected":false},"excerpt":{"rendered":"<div class=\"woocommerce-product-details__short-description\">\n<p>Varje Vicodin-tablett inneh\u00e5ller 300 mg Acetaminophen och tre olika hydrokodondosniv\u00e5er: 5 mg, 7,5 mg och 10 mg.<\/p>\n<p>Online apotek d\u00e4r du kan k\u00f6pa Vicodin hydrocodone tabletter.<\/p>\n<p>Informera din l\u00e4kare eller apotekspersonal innan du tar detta l\u00e4kemedel om du \u00e4r allergisk mot det; eller till andra narkotika (s\u00e5som morfin, kodein); eller till andra mediciner.<\/p>\n<\/p><\/div>\n","protected":false},"featured_media":5335,"comment_status":"open","ping_status":"closed","template":"","meta":[],"product_brand":[],"product_cat":[1117],"product_tag":[1916,1917,1918,1963,1919,1920,1942,1943,1944,1951,1952,1922,1923,1924,1927,1928,1929,1925,1930,1931,1932,1953,1933,1934,1935,1939,1936,1937,1938,2008,2010,1940,1941,1926,1921,1945,1946,1947,1948,1949,1950,1778,1954,1955,1956,2013,2012,2011,2009,1994,1957,1958,1959,1960,1961,1962,1964,1965,1966,1967,1969,1970,1972,1973,2000,1982,1968,1998,1977,1978,1975,1976,1979,1980,1981,1984,1985,1997,1986,1988,1987,1989,1983,1971,1974,1990,1991,1992,1995,1996,1993,1999,2006,2001,2002,1787,2003,2004,2005,2007],"class_list":{"0":"post-5324","1":"product","2":"type-product","3":"status-publish","4":"has-post-thumbnail","6":"product_cat-kop-smarta-somn-sextabletter","7":"product_tag-1p466-vicodin","8":"product_tag-20-mg-vicodin","9":"product_tag-2172-piller-vicodin","10":"product_tag-vicodin-5-300","11":"product_tag-5-325-vicodin","12":"product_tag-5-mg-vikodin","13":"product_tag-r-hydrokodon-vikodin","14":"product_tag-r-percocet-starkare-n-vicodin","15":"product_tag-r-vikodin-en-opioid","16":"product_tag-bilder-av-vicodin","17":"product_tag-biverkningar-av-vicodin","18":"product_tag-buy-vicodin-from-canada","19":"product_tag-buy-vicodin-online","20":"product_tag-buy-vicodin-overnight-delivery","21":"product_tag-cwe-vicodin","22":"product_tag-darvocet-mot-vicodin","23":"product_tag-difference-between-norco-and-vicodin","24":"product_tag-kan-du-ta-advil-med-vicodin","25":"product_tag-effects-of-vicodin","26":"product_tag-erowid-vicodin","27":"product_tag-flexeril-and-vicodin","28":"product_tag-snorting-vicodin","29":"product_tag-gabapentin-och-vikodin","30":"product_tag-generiskt-namn-fr-vicodin","31":"product_tag-how-do-you-spell-vicodin","32":"product_tag-hur-lng-tid-tar-vicodin-jobba","33":"product_tag-hur-lnge-varar-vicodin","34":"product_tag-hur-lnge-blir-vicodin-i-ditt-system","35":"product_tag-hur-lnge-hller-vicodin-i-ditt-system-fr-ett-drogtest","36":"product_tag-hur-ser-ett-vicodin-piller-ut","37":"product_tag-hur-ser-vicodin-ut","38":"product_tag-hydrokodon-vikodin","39":"product_tag-ip-109-piller-vicodin","40":"product_tag-kan-du-ta-vicodin-och-ibuprofen-tillsammans","41":"product_tag-kp-vicodin","42":"product_tag-naturligt-vikodin","43":"product_tag-norco-5-325-vs-vicodin","44":"product_tag-norco-vicodin","45":"product_tag-norco-vs-vicodin","46":"product_tag-oxikodon-vs-vicodin","47":"product_tag-percocet-and-vicodin","48":"product_tag-percocet-vs-vicodin","49":"product_tag-symptom-av-vicodin-abstinens","50":"product_tag-tramadol-hcl-50mg-vs-vicodin","51":"product_tag-tramadol-vs-vicodin","52":"product_tag-vad-r-skillnaden-mellan-vicodin-och-percocet","53":"product_tag-vad-r-vicodin","54":"product_tag-vad-finns-i-vicodin","55":"product_tag-vad-gr-vicodin-gr","56":"product_tag-vicodin-piller","57":"product_tag-vicodin","58":"product_tag-vicodin-10","59":"product_tag-vicodin-10-milligram","60":"product_tag-vicodin-10mg","61":"product_tag-vicodin-30-mg","62":"product_tag-vicodin-5","63":"product_tag-vicodin-5-300-mg","64":"product_tag-vicodin-5-325-mg","65":"product_tag-vicodin-7-5","66":"product_tag-vicodin-750","67":"product_tag-vicodin-alkohol","68":"product_tag-vicodin-alternativ","69":"product_tag-vicodin-and-alcohol","70":"product_tag-vicodin-and-oxycontin-are-examples-of","71":"product_tag-vicodin-anvnder","72":"product_tag-vicodin-es","73":"product_tag-vicodin-beroende","74":"product_tag-vicodin-biverkningar","75":"product_tag-vicodin-dose","76":"product_tag-vicodin-doser","77":"product_tag-vicodin-dosering","78":"product_tag-vicodin-dosering-5-325","79":"product_tag-vicodin-lkemedlet","80":"product_tag-vicodin-droger","81":"product_tag-vicodin-effekter","82":"product_tag-vicodin-generisk","83":"product_tag-vicodin-generiskt-namn","84":"product_tag-vicodin-hllbarhet","85":"product_tag-vicodin-high","86":"product_tag-vicodin-hp","87":"product_tag-vicodin-huset","88":"product_tag-vicodin-mexico","89":"product_tag-vicodin-fr-migrn","90":"product_tag-vicodin-och-advil","91":"product_tag-vicodin-och-xanax","92":"product_tag-vicodin-online","93":"product_tag-vicodin-online-ver-natten","94":"product_tag-vicodin-verdos","95":"product_tag-vicodin-pills","96":"product_tag-vicodin-schedule","97":"product_tag-vicodin-smrttabletter","98":"product_tag-vicodin-styrkor","99":"product_tag-vicodin-uttag","100":"product_tag-vicodin-vs-norco","101":"product_tag-vicodin-vs-oxikodon","102":"product_tag-vicodin-vs-percocet","103":"product_tag-vicodin-vs-kodein","104":"product_tag-vicodin-vs-tramadol","105":"product_tag-vicodin-vs-tylenol-3","106":"product_tag-vicodin-xanax","108":"first","109":"instock","110":"shipping-taxable","111":"purchasable","112":"product-type-variable","113":"has-default-attributes"},"yoast_head":"<!-- This site is optimized with the Yoast SEO plugin v27.3 - https:\/\/yoast.com\/product\/yoast-seo-wordpress\/ -->\n<title>K\u00f6p Vicodin hydrocodone piller online - Best Global Meds<\/title>\n<meta name=\"description\" content=\"K\u00f6p Vicodin hydrocodone piller online. Varje\u00a0Vicodin\u00a0tablett har 300\u00a0mg\u00a0paracetamol och kommer i tre olika\u00a0doseringsniv\u00e5er av\u00a0Hydrocodone: 5\u00a0mg, 7,5\u00a0mg och 10\u00a0mg.\" \/>\n<meta name=\"robots\" content=\"index, follow, max-snippet:-1, max-image-preview:large, max-video-preview:-1\" \/>\n<link rel=\"canonical\" href=\"https:\/\/medicinasinc.com\/se\/product\/kop-vicodin\/\" \/>\n<meta property=\"og:locale\" content=\"sv_SE\" \/>\n<meta property=\"og:type\" content=\"article\" \/>\n<meta property=\"og:title\" content=\"K\u00f6p Vicodin hydrocodone piller online - Best Global Meds\" \/>\n<meta property=\"og:description\" content=\"K\u00f6p Vicodin hydrocodone piller online. Varje\u00a0Vicodin\u00a0tablett har 300\u00a0mg\u00a0paracetamol och kommer i tre olika\u00a0doseringsniv\u00e5er av\u00a0Hydrocodone: 5\u00a0mg, 7,5\u00a0mg och 10\u00a0mg.\" \/>\n<meta property=\"og:url\" content=\"https:\/\/medicinasinc.com\/se\/product\/kop-vicodin\/\" \/>\n<meta property=\"og:site_name\" content=\"Medicinas Inc\" \/>\n<meta property=\"article:modified_time\" content=\"2022-07-03T23:35:26+00:00\" \/>\n<meta property=\"og:image\" content=\"https:\/\/medicinasinc.com\/se\/wp-content\/uploads\/sites\/16\/2022\/02\/Buy-Vicodin.jpg\" \/>\n\t<meta property=\"og:image:width\" content=\"428\" \/>\n\t<meta property=\"og:image:height\" content=\"293\" \/>\n\t<meta property=\"og:image:type\" content=\"image\/jpeg\" \/>\n<meta name=\"twitter:card\" content=\"summary_large_image\" \/>\n<meta name=\"twitter:label1\" content=\"Ber\u00e4knad l\u00e4stid\" \/>\n\t<meta name=\"twitter:data1\" content=\"4 minuter\" \/>\n<script type=\"application\/ld+json\" class=\"yoast-schema-graph\">{\"@context\":\"https:\\\/\\\/schema.org\",\"@graph\":[{\"@type\":\"WebPage\",\"@id\":\"https:\\\/\\\/medicinasinc.com\\\/se\\\/product\\\/kop-vicodin\\\/\",\"url\":\"https:\\\/\\\/medicinasinc.com\\\/se\\\/product\\\/kop-vicodin\\\/\",\"name\":\"K\u00f6p Vicodin hydrocodone piller online - Best Global Meds\",\"isPartOf\":{\"@id\":\"https:\\\/\\\/medicinasinc.com\\\/se\\\/#website\"},\"primaryImageOfPage\":{\"@id\":\"https:\\\/\\\/medicinasinc.com\\\/se\\\/product\\\/kop-vicodin\\\/#primaryimage\"},\"image\":{\"@id\":\"https:\\\/\\\/medicinasinc.com\\\/se\\\/product\\\/kop-vicodin\\\/#primaryimage\"},\"thumbnailUrl\":\"https:\\\/\\\/medicinasinc.com\\\/se\\\/wp-content\\\/uploads\\\/sites\\\/16\\\/2022\\\/02\\\/Buy-Vicodin.jpg\",\"datePublished\":\"2022-02-21T20:59:08+00:00\",\"dateModified\":\"2022-07-03T23:35:26+00:00\",\"description\":\"K\u00f6p Vicodin hydrocodone piller online. Varje\u00a0Vicodin\u00a0tablett har 300\u00a0mg\u00a0paracetamol och kommer i tre olika\u00a0doseringsniv\u00e5er av\u00a0Hydrocodone: 5\u00a0mg, 7,5\u00a0mg och 10\u00a0mg.\",\"breadcrumb\":{\"@id\":\"https:\\\/\\\/medicinasinc.com\\\/se\\\/product\\\/kop-vicodin\\\/#breadcrumb\"},\"inLanguage\":\"sv-SE\",\"potentialAction\":[{\"@type\":\"ReadAction\",\"target\":[\"https:\\\/\\\/medicinasinc.com\\\/se\\\/product\\\/kop-vicodin\\\/\"]}]},{\"@type\":\"ImageObject\",\"inLanguage\":\"sv-SE\",\"@id\":\"https:\\\/\\\/medicinasinc.com\\\/se\\\/product\\\/kop-vicodin\\\/#primaryimage\",\"url\":\"https:\\\/\\\/medicinasinc.com\\\/se\\\/wp-content\\\/uploads\\\/sites\\\/16\\\/2022\\\/02\\\/Buy-Vicodin.jpg\",\"contentUrl\":\"https:\\\/\\\/medicinasinc.com\\\/se\\\/wp-content\\\/uploads\\\/sites\\\/16\\\/2022\\\/02\\\/Buy-Vicodin.jpg\",\"width\":428,\"height\":293},{\"@type\":\"BreadcrumbList\",\"@id\":\"https:\\\/\\\/medicinasinc.com\\\/se\\\/product\\\/kop-vicodin\\\/#breadcrumb\",\"itemListElement\":[{\"@type\":\"ListItem\",\"position\":1,\"name\":\"aff\u00e4r\",\"item\":\"https:\\\/\\\/medicinasinc.com\\\/se\\\/affar\\\/\"},{\"@type\":\"ListItem\",\"position\":2,\"name\":\"K\u00f6p Vicodin\"}]},{\"@type\":\"WebSite\",\"@id\":\"https:\\\/\\\/medicinasinc.com\\\/se\\\/#website\",\"url\":\"https:\\\/\\\/medicinasinc.com\\\/se\\\/\",\"name\":\"Medicinas Inc\",\"description\":\"Health Medical Clinic\",\"potentialAction\":[{\"@type\":\"SearchAction\",\"target\":{\"@type\":\"EntryPoint\",\"urlTemplate\":\"https:\\\/\\\/medicinasinc.com\\\/se\\\/?s={search_term_string}\"},\"query-input\":{\"@type\":\"PropertyValueSpecification\",\"valueRequired\":true,\"valueName\":\"search_term_string\"}}],\"inLanguage\":\"sv-SE\"}]}<\/script>\n<!-- \/ Yoast SEO plugin. -->","yoast_head_json":{"title":"K\u00f6p Vicodin hydrocodone piller online - Best Global Meds","description":"K\u00f6p Vicodin hydrocodone piller online. Varje\u00a0Vicodin\u00a0tablett har 300\u00a0mg\u00a0paracetamol och kommer i tre olika\u00a0doseringsniv\u00e5er av\u00a0Hydrocodone: 5\u00a0mg, 7,5\u00a0mg och 10\u00a0mg.","robots":{"index":"index","follow":"follow","max-snippet":"max-snippet:-1","max-image-preview":"max-image-preview:large","max-video-preview":"max-video-preview:-1"},"canonical":"https:\/\/medicinasinc.com\/se\/product\/kop-vicodin\/","og_locale":"sv_SE","og_type":"article","og_title":"K\u00f6p Vicodin hydrocodone piller online - Best Global Meds","og_description":"K\u00f6p Vicodin hydrocodone piller online. Varje\u00a0Vicodin\u00a0tablett har 300\u00a0mg\u00a0paracetamol och kommer i tre olika\u00a0doseringsniv\u00e5er av\u00a0Hydrocodone: 5\u00a0mg, 7,5\u00a0mg och 10\u00a0mg.","og_url":"https:\/\/medicinasinc.com\/se\/product\/kop-vicodin\/","og_site_name":"Medicinas Inc","article_modified_time":"2022-07-03T23:35:26+00:00","og_image":[{"width":428,"height":293,"url":"https:\/\/medicinasinc.com\/se\/wp-content\/uploads\/sites\/16\/2022\/02\/Buy-Vicodin.jpg","type":"image\/jpeg"}],"twitter_card":"summary_large_image","twitter_misc":{"Ber\u00e4knad l\u00e4stid":"4 minuter"},"schema":{"@context":"https:\/\/schema.org","@graph":[{"@type":"WebPage","@id":"https:\/\/medicinasinc.com\/se\/product\/kop-vicodin\/","url":"https:\/\/medicinasinc.com\/se\/product\/kop-vicodin\/","name":"K\u00f6p Vicodin hydrocodone piller online - Best Global Meds","isPartOf":{"@id":"https:\/\/medicinasinc.com\/se\/#website"},"primaryImageOfPage":{"@id":"https:\/\/medicinasinc.com\/se\/product\/kop-vicodin\/#primaryimage"},"image":{"@id":"https:\/\/medicinasinc.com\/se\/product\/kop-vicodin\/#primaryimage"},"thumbnailUrl":"https:\/\/medicinasinc.com\/se\/wp-content\/uploads\/sites\/16\/2022\/02\/Buy-Vicodin.jpg","datePublished":"2022-02-21T20:59:08+00:00","dateModified":"2022-07-03T23:35:26+00:00","description":"K\u00f6p Vicodin hydrocodone piller online. Varje\u00a0Vicodin\u00a0tablett har 300\u00a0mg\u00a0paracetamol och kommer i tre olika\u00a0doseringsniv\u00e5er av\u00a0Hydrocodone: 5\u00a0mg, 7,5\u00a0mg och 10\u00a0mg.","breadcrumb":{"@id":"https:\/\/medicinasinc.com\/se\/product\/kop-vicodin\/#breadcrumb"},"inLanguage":"sv-SE","potentialAction":[{"@type":"ReadAction","target":["https:\/\/medicinasinc.com\/se\/product\/kop-vicodin\/"]}]},{"@type":"ImageObject","inLanguage":"sv-SE","@id":"https:\/\/medicinasinc.com\/se\/product\/kop-vicodin\/#primaryimage","url":"https:\/\/medicinasinc.com\/se\/wp-content\/uploads\/sites\/16\/2022\/02\/Buy-Vicodin.jpg","contentUrl":"https:\/\/medicinasinc.com\/se\/wp-content\/uploads\/sites\/16\/2022\/02\/Buy-Vicodin.jpg","width":428,"height":293},{"@type":"BreadcrumbList","@id":"https:\/\/medicinasinc.com\/se\/product\/kop-vicodin\/#breadcrumb","itemListElement":[{"@type":"ListItem","position":1,"name":"aff\u00e4r","item":"https:\/\/medicinasinc.com\/se\/affar\/"},{"@type":"ListItem","position":2,"name":"K\u00f6p Vicodin"}]},{"@type":"WebSite","@id":"https:\/\/medicinasinc.com\/se\/#website","url":"https:\/\/medicinasinc.com\/se\/","name":"Medicinas Inc","description":"Health Medical Clinic","potentialAction":[{"@type":"SearchAction","target":{"@type":"EntryPoint","urlTemplate":"https:\/\/medicinasinc.com\/se\/?s={search_term_string}"},"query-input":{"@type":"PropertyValueSpecification","valueRequired":true,"valueName":"search_term_string"}}],"inLanguage":"sv-SE"}]}},"_links":{"self":[{"href":"https:\/\/medicinasinc.com\/se\/wp-json\/wp\/v2\/product\/5324","targetHints":{"allow":["GET"]}}],"collection":[{"href":"https:\/\/medicinasinc.com\/se\/wp-json\/wp\/v2\/product"}],"about":[{"href":"https:\/\/medicinasinc.com\/se\/wp-json\/wp\/v2\/types\/product"}],"replies":[{"embeddable":true,"href":"https:\/\/medicinasinc.com\/se\/wp-json\/wp\/v2\/comments?post=5324"}],"wp:featuredmedia":[{"embeddable":true,"href":"https:\/\/medicinasinc.com\/se\/wp-json\/wp\/v2\/media\/5335"}],"wp:attachment":[{"href":"https:\/\/medicinasinc.com\/se\/wp-json\/wp\/v2\/media?parent=5324"}],"wp:term":[{"taxonomy":"product_brand","embeddable":true,"href":"https:\/\/medicinasinc.com\/se\/wp-json\/wp\/v2\/product_brand?post=5324"},{"taxonomy":"product_cat","embeddable":true,"href":"https:\/\/medicinasinc.com\/se\/wp-json\/wp\/v2\/product_cat?post=5324"},{"taxonomy":"product_tag","embeddable":true,"href":"https:\/\/medicinasinc.com\/se\/wp-json\/wp\/v2\/product_tag?post=5324"}],"curies":[{"name":"wp","href":"https:\/\/api.w.org\/{rel}","templated":true}]}}