{"id":5323,"date":"2022-02-21T20:57:56","date_gmt":"2022-02-21T20:57:56","guid":{"rendered":"https:\/\/medicinasinc.com\/se\/?post_type=product&#038;p=5323"},"modified":"2022-07-03T23:36:02","modified_gmt":"2022-07-03T23:36:02","slug":"kop-ultram-tramadol-200-mg","status":"publish","type":"product","link":"https:\/\/medicinasinc.com\/se\/product\/kop-ultram-tramadol-200-mg\/","title":{"rendered":"K\u00f6p Ultram Tramadol 200 mg"},"content":{"rendered":"<p>200mg tramadol<\/p>\n<p>Tramadol \u00e4r ett verkligt unikt muskelavslappnande medel med en mild mu-opioideffekt (i j\u00e4mf\u00f6relse med andra opioider) och en mild monoaminerg effekt (i j\u00e4mf\u00f6relse med tricykliska antidepressiva). Tramadol har en tolerabel biverkningsprofil j\u00e4mf\u00f6rt med tricykliska antidepressiva och antiepileptika.<\/p>\n<p>Tolerans och tillit \u00e4r ovanliga medicinska konsekvenser, \u00e4ven om de existerar. Tramadols aktivitet \u00e4r inte begr\u00e4nsad till neuropati; det minskar ocks\u00e5 obehagliga (nociceptiva) f\u00f6rnimmelser, vilket g\u00f6r det till en av de fyra typerna av sm\u00e4rta.<\/p>\n<p>Beskrivning:<\/p>\n<p>Tramadol \u00e4r inte f\u00f6r svaga hj\u00e4rtan, eftersom det \u00e4r ett potent psykoaktivt medel. \u00e4mne. Den sm\u00e4rtstillande effekten tar 15-30 minuter att f\u00e5 effekt och varar i 6 timmar. Det kan ocks\u00e5 anv\u00e4ndas med paracetamol. Tramadol \u00e4r ett lugnande medel.<\/p>\n<p>Tramadol, som ett extremt potent l\u00e4kemedel, m\u00e5ste tas exakt enligt ordination. L\u00e4karen \u00e4r ytterst ansvarig f\u00f6r att best\u00e4mma behandlingens varaktighet. Olaglig droganv\u00e4ndning kan f\u00e5 allvarliga, till och med d\u00f6dliga, \u00e5terverkningar. N\u00e4r du \u00e4r p\u00e5 Tramadol-terapi b\u00f6r du undvika att k\u00f6ra bil eller andra uppgifter som kr\u00e4ver en h\u00f6g koncentrationsniv\u00e5.<\/p>\n<p>P\u00e5 grund av att tramadol \u00e4r en opioidagonist har det potential att skapa b\u00e5de mental och fysisk beroende. Den internationella konventionen klassificerar denna kemikalie som ett narkotika. Som ett resultat \u00e4r det endast tillg\u00e4ngligt p\u00e5 recept fr\u00e5n en l\u00e4kare. Icke-opioida sm\u00e4rtstillande medel ordineras endast n\u00e4r icke-opioida mediciner \u00e4r ineffektiva.<\/p>\n<p>Medicinering:<\/p>\n<p>Ta tramadol genom munnen som din l\u00e4kare ordinerar, ofta var 4:e till 6:e timme efter behov. Tramadol \u00e4r s\u00e4kert att ta med eller utan mat. Om du upplever illam\u00e5ende kan tramadol tas med mat hj\u00e4lpa. Ytterligare \u00e5tg\u00e4rder f\u00f6r att lindra illam\u00e5ende kan \u00e5tg\u00e4rdas med din l\u00e4kare eller apotekspersonal (som att ligga ner i 1 till 2 timmar med s\u00e5 lite huvudr\u00f6relse som m\u00f6jligt). P\u00e5 v\u00e5r webbplats kan du k\u00f6pa tramadol 200mg online.<\/p>\n<p>Dosen baseras p\u00e5 ditt medicinska tillst\u00e5nd och reaktion p\u00e5 behandlingen. F\u00f6r att minimera risken f\u00f6r o\u00f6nskade effekter kan din l\u00e4kare f\u00f6resl\u00e5 dig att b\u00f6rja med en l\u00e5g dos tramadol och gradvis \u00f6ka den. F\u00f6lj din l\u00e4kares r\u00e5d. Den h\u00f6gsta rekommenderade dagliga dosen \u00e4r 400 mg. Den rekommenderade maximala dosen f\u00f6r personer \u00f6ver 75 \u00e5r \u00e4r 300 mg per dag. \u00d6ka inte din tramadoldos, anv\u00e4nd den oftare eller under en l\u00e4ngre tid \u00e4n vad som f\u00f6reskrivs. N\u00e4r tramadol ordineras b\u00f6r det omedelbart avbrytas.<\/p>\n<p>Det rekommenderas att billig tramadol online anv\u00e4nds extremt f\u00f6rsiktigt hos<\/p>\n<p>individer som \u00e4r opioidberoende; de som har \u00e5dragit sig en hj\u00e4rnskada, chock eller nedsatt medvetandeniv\u00e5 av ok\u00e4nd anledning; och<\/p>\n<p>Ut\u00f6ver st\u00f6rningar i andningscentrum eller andningsfunktioner,<\/p>\n<p>en motsvarande \u00f6kning av intrakraniellt tryck (ICP).<br \/> funktionsfel i njur- och leversystemen<\/p>\n<p>Tramadolhydroklorid b\u00f6r tas med f\u00f6rsiktighet hos personer som \u00e4r opiatk\u00e4nsliga.<\/p>\n","protected":false},"excerpt":{"rendered":"<p>Onlineapotek f\u00f6r att k\u00f6pa Ultram Tramadol 200mg tabletter<\/p>\n<p>Tramadol Ultram K\u00f6p online.<\/p>\n<p>Best\u00e4ll Tramadol Cod \u00f6ver natten. Billig Tramadol leverans \u00f6ver natten<\/p>\n<p>L\u00e4s om var du kan best\u00e4lla Tramadol online utan recept till l\u00e4gsta kostnad. &#8230; Tabletter tillg\u00e4ngliga i f\u00f6ljande styrkor: 50 mg, 100 mg, 150 mg och 200 mg.<\/p>\n<div class=\"product-next-previous\">\n<div class=\"product-prev\"><\/div>\n<\/p><\/div>\n","protected":false},"featured_media":5333,"comment_status":"open","ping_status":"closed","template":"","meta":[],"product_brand":[],"product_cat":[1117],"product_tag":[1907,1908,1909,1905,1906,1904,1913,1911,1912,1910,1915,1914],"class_list":{"0":"post-5323","1":"product","2":"type-product","3":"status-publish","4":"has-post-thumbnail","6":"product_cat-kop-smarta-somn-sextabletter","7":"product_tag-billig-tramadol-utan-recept","8":"product_tag-billigt-ultram-receptfritt","9":"product_tag-generic-ultram-er","10":"product_tag-k-c3-b6pa-tramadol-online-billigt","11":"product_tag-k-c3-b6pa-tramadol-online-c3-b6ver-night","12":"product_tag-kp-tramadol-i-florida","13":"product_tag-tramadol-biverkningar-hundar","14":"product_tag-tramadol-hcl-50mg-anvnds","15":"product_tag-tramadol-hydroklorid-paracetamol","16":"product_tag-c3-b6ver-natt-tramadol","17":"product_tag-ultram-er-200","18":"product_tag-ultram-l-c3-a4kemedelsinteraktioner","20":"first","21":"instock","22":"shipping-taxable","23":"purchasable","24":"product-type-variable","25":"has-default-attributes"},"yoast_head":"<!-- This site is optimized with the Yoast SEO plugin v27.3 - https:\/\/yoast.com\/product\/yoast-seo-wordpress\/ -->\n<title>K\u00f6p Ultram Tramadol 200 mg piller online - Best Global Meds<\/title>\n<meta name=\"description\" content=\"K\u00f6p Tramadol Ultram 200 mg\u00a0online. Best\u00e4ll Tramadol\u00a0Overnight Cod. Detaljer:\u00a0Billig Tramadol\u00a0onlineleverans \u00f6ver natten\" \/>\n<meta name=\"robots\" content=\"index, follow, max-snippet:-1, max-image-preview:large, max-video-preview:-1\" \/>\n<link rel=\"canonical\" href=\"https:\/\/medicinasinc.com\/se\/product\/kop-ultram-tramadol-200-mg\/\" \/>\n<meta property=\"og:locale\" content=\"sv_SE\" \/>\n<meta property=\"og:type\" content=\"article\" \/>\n<meta property=\"og:title\" content=\"K\u00f6p Ultram Tramadol 200 mg piller online - Best Global Meds\" \/>\n<meta property=\"og:description\" content=\"K\u00f6p Tramadol Ultram 200 mg\u00a0online. Best\u00e4ll Tramadol\u00a0Overnight Cod. Detaljer:\u00a0Billig Tramadol\u00a0onlineleverans \u00f6ver natten\" \/>\n<meta property=\"og:url\" content=\"https:\/\/medicinasinc.com\/se\/product\/kop-ultram-tramadol-200-mg\/\" \/>\n<meta property=\"og:site_name\" content=\"Medicinas Inc\" \/>\n<meta property=\"article:modified_time\" content=\"2022-07-03T23:36:02+00:00\" \/>\n<meta property=\"og:image\" content=\"https:\/\/medicinasinc.com\/se\/wp-content\/uploads\/sites\/16\/2022\/02\/Buy-Ultram-Tramadol-200mg.jpg\" \/>\n\t<meta property=\"og:image:width\" content=\"300\" \/>\n\t<meta property=\"og:image:height\" content=\"225\" \/>\n\t<meta property=\"og:image:type\" content=\"image\/jpeg\" \/>\n<meta name=\"twitter:card\" content=\"summary_large_image\" \/>\n<meta name=\"twitter:label1\" content=\"Ber\u00e4knad l\u00e4stid\" \/>\n\t<meta name=\"twitter:data1\" content=\"2 minuter\" \/>\n<script type=\"application\/ld+json\" class=\"yoast-schema-graph\">{\"@context\":\"https:\\\/\\\/schema.org\",\"@graph\":[{\"@type\":\"WebPage\",\"@id\":\"https:\\\/\\\/medicinasinc.com\\\/se\\\/product\\\/kop-ultram-tramadol-200-mg\\\/\",\"url\":\"https:\\\/\\\/medicinasinc.com\\\/se\\\/product\\\/kop-ultram-tramadol-200-mg\\\/\",\"name\":\"K\u00f6p Ultram Tramadol 200 mg piller online - Best Global Meds\",\"isPartOf\":{\"@id\":\"https:\\\/\\\/medicinasinc.com\\\/se\\\/#website\"},\"primaryImageOfPage\":{\"@id\":\"https:\\\/\\\/medicinasinc.com\\\/se\\\/product\\\/kop-ultram-tramadol-200-mg\\\/#primaryimage\"},\"image\":{\"@id\":\"https:\\\/\\\/medicinasinc.com\\\/se\\\/product\\\/kop-ultram-tramadol-200-mg\\\/#primaryimage\"},\"thumbnailUrl\":\"https:\\\/\\\/medicinasinc.com\\\/se\\\/wp-content\\\/uploads\\\/sites\\\/16\\\/2022\\\/02\\\/Buy-Ultram-Tramadol-200mg.jpg\",\"datePublished\":\"2022-02-21T20:57:56+00:00\",\"dateModified\":\"2022-07-03T23:36:02+00:00\",\"description\":\"K\u00f6p Tramadol Ultram 200 mg\u00a0online. Best\u00e4ll Tramadol\u00a0Overnight Cod. Detaljer:\u00a0Billig Tramadol\u00a0onlineleverans \u00f6ver natten\",\"breadcrumb\":{\"@id\":\"https:\\\/\\\/medicinasinc.com\\\/se\\\/product\\\/kop-ultram-tramadol-200-mg\\\/#breadcrumb\"},\"inLanguage\":\"sv-SE\",\"potentialAction\":[{\"@type\":\"ReadAction\",\"target\":[\"https:\\\/\\\/medicinasinc.com\\\/se\\\/product\\\/kop-ultram-tramadol-200-mg\\\/\"]}]},{\"@type\":\"ImageObject\",\"inLanguage\":\"sv-SE\",\"@id\":\"https:\\\/\\\/medicinasinc.com\\\/se\\\/product\\\/kop-ultram-tramadol-200-mg\\\/#primaryimage\",\"url\":\"https:\\\/\\\/medicinasinc.com\\\/se\\\/wp-content\\\/uploads\\\/sites\\\/16\\\/2022\\\/02\\\/Buy-Ultram-Tramadol-200mg.jpg\",\"contentUrl\":\"https:\\\/\\\/medicinasinc.com\\\/se\\\/wp-content\\\/uploads\\\/sites\\\/16\\\/2022\\\/02\\\/Buy-Ultram-Tramadol-200mg.jpg\",\"width\":300,\"height\":225},{\"@type\":\"BreadcrumbList\",\"@id\":\"https:\\\/\\\/medicinasinc.com\\\/se\\\/product\\\/kop-ultram-tramadol-200-mg\\\/#breadcrumb\",\"itemListElement\":[{\"@type\":\"ListItem\",\"position\":1,\"name\":\"aff\u00e4r\",\"item\":\"https:\\\/\\\/medicinasinc.com\\\/se\\\/affar\\\/\"},{\"@type\":\"ListItem\",\"position\":2,\"name\":\"K\u00f6p Ultram Tramadol 200 mg\"}]},{\"@type\":\"WebSite\",\"@id\":\"https:\\\/\\\/medicinasinc.com\\\/se\\\/#website\",\"url\":\"https:\\\/\\\/medicinasinc.com\\\/se\\\/\",\"name\":\"Medicinas Inc\",\"description\":\"Health Medical Clinic\",\"potentialAction\":[{\"@type\":\"SearchAction\",\"target\":{\"@type\":\"EntryPoint\",\"urlTemplate\":\"https:\\\/\\\/medicinasinc.com\\\/se\\\/?s={search_term_string}\"},\"query-input\":{\"@type\":\"PropertyValueSpecification\",\"valueRequired\":true,\"valueName\":\"search_term_string\"}}],\"inLanguage\":\"sv-SE\"}]}<\/script>\n<!-- \/ Yoast SEO plugin. -->","yoast_head_json":{"title":"K\u00f6p Ultram Tramadol 200 mg piller online - Best Global Meds","description":"K\u00f6p Tramadol Ultram 200 mg\u00a0online. Best\u00e4ll Tramadol\u00a0Overnight Cod. Detaljer:\u00a0Billig Tramadol\u00a0onlineleverans \u00f6ver natten","robots":{"index":"index","follow":"follow","max-snippet":"max-snippet:-1","max-image-preview":"max-image-preview:large","max-video-preview":"max-video-preview:-1"},"canonical":"https:\/\/medicinasinc.com\/se\/product\/kop-ultram-tramadol-200-mg\/","og_locale":"sv_SE","og_type":"article","og_title":"K\u00f6p Ultram Tramadol 200 mg piller online - Best Global Meds","og_description":"K\u00f6p Tramadol Ultram 200 mg\u00a0online. Best\u00e4ll Tramadol\u00a0Overnight Cod. Detaljer:\u00a0Billig Tramadol\u00a0onlineleverans \u00f6ver natten","og_url":"https:\/\/medicinasinc.com\/se\/product\/kop-ultram-tramadol-200-mg\/","og_site_name":"Medicinas Inc","article_modified_time":"2022-07-03T23:36:02+00:00","og_image":[{"width":300,"height":225,"url":"https:\/\/medicinasinc.com\/se\/wp-content\/uploads\/sites\/16\/2022\/02\/Buy-Ultram-Tramadol-200mg.jpg","type":"image\/jpeg"}],"twitter_card":"summary_large_image","twitter_misc":{"Ber\u00e4knad l\u00e4stid":"2 minuter"},"schema":{"@context":"https:\/\/schema.org","@graph":[{"@type":"WebPage","@id":"https:\/\/medicinasinc.com\/se\/product\/kop-ultram-tramadol-200-mg\/","url":"https:\/\/medicinasinc.com\/se\/product\/kop-ultram-tramadol-200-mg\/","name":"K\u00f6p Ultram Tramadol 200 mg piller online - Best Global Meds","isPartOf":{"@id":"https:\/\/medicinasinc.com\/se\/#website"},"primaryImageOfPage":{"@id":"https:\/\/medicinasinc.com\/se\/product\/kop-ultram-tramadol-200-mg\/#primaryimage"},"image":{"@id":"https:\/\/medicinasinc.com\/se\/product\/kop-ultram-tramadol-200-mg\/#primaryimage"},"thumbnailUrl":"https:\/\/medicinasinc.com\/se\/wp-content\/uploads\/sites\/16\/2022\/02\/Buy-Ultram-Tramadol-200mg.jpg","datePublished":"2022-02-21T20:57:56+00:00","dateModified":"2022-07-03T23:36:02+00:00","description":"K\u00f6p Tramadol Ultram 200 mg\u00a0online. Best\u00e4ll Tramadol\u00a0Overnight Cod. Detaljer:\u00a0Billig Tramadol\u00a0onlineleverans \u00f6ver natten","breadcrumb":{"@id":"https:\/\/medicinasinc.com\/se\/product\/kop-ultram-tramadol-200-mg\/#breadcrumb"},"inLanguage":"sv-SE","potentialAction":[{"@type":"ReadAction","target":["https:\/\/medicinasinc.com\/se\/product\/kop-ultram-tramadol-200-mg\/"]}]},{"@type":"ImageObject","inLanguage":"sv-SE","@id":"https:\/\/medicinasinc.com\/se\/product\/kop-ultram-tramadol-200-mg\/#primaryimage","url":"https:\/\/medicinasinc.com\/se\/wp-content\/uploads\/sites\/16\/2022\/02\/Buy-Ultram-Tramadol-200mg.jpg","contentUrl":"https:\/\/medicinasinc.com\/se\/wp-content\/uploads\/sites\/16\/2022\/02\/Buy-Ultram-Tramadol-200mg.jpg","width":300,"height":225},{"@type":"BreadcrumbList","@id":"https:\/\/medicinasinc.com\/se\/product\/kop-ultram-tramadol-200-mg\/#breadcrumb","itemListElement":[{"@type":"ListItem","position":1,"name":"aff\u00e4r","item":"https:\/\/medicinasinc.com\/se\/affar\/"},{"@type":"ListItem","position":2,"name":"K\u00f6p Ultram Tramadol 200 mg"}]},{"@type":"WebSite","@id":"https:\/\/medicinasinc.com\/se\/#website","url":"https:\/\/medicinasinc.com\/se\/","name":"Medicinas Inc","description":"Health Medical Clinic","potentialAction":[{"@type":"SearchAction","target":{"@type":"EntryPoint","urlTemplate":"https:\/\/medicinasinc.com\/se\/?s={search_term_string}"},"query-input":{"@type":"PropertyValueSpecification","valueRequired":true,"valueName":"search_term_string"}}],"inLanguage":"sv-SE"}]}},"_links":{"self":[{"href":"https:\/\/medicinasinc.com\/se\/wp-json\/wp\/v2\/product\/5323","targetHints":{"allow":["GET"]}}],"collection":[{"href":"https:\/\/medicinasinc.com\/se\/wp-json\/wp\/v2\/product"}],"about":[{"href":"https:\/\/medicinasinc.com\/se\/wp-json\/wp\/v2\/types\/product"}],"replies":[{"embeddable":true,"href":"https:\/\/medicinasinc.com\/se\/wp-json\/wp\/v2\/comments?post=5323"}],"wp:featuredmedia":[{"embeddable":true,"href":"https:\/\/medicinasinc.com\/se\/wp-json\/wp\/v2\/media\/5333"}],"wp:attachment":[{"href":"https:\/\/medicinasinc.com\/se\/wp-json\/wp\/v2\/media?parent=5323"}],"wp:term":[{"taxonomy":"product_brand","embeddable":true,"href":"https:\/\/medicinasinc.com\/se\/wp-json\/wp\/v2\/product_brand?post=5323"},{"taxonomy":"product_cat","embeddable":true,"href":"https:\/\/medicinasinc.com\/se\/wp-json\/wp\/v2\/product_cat?post=5323"},{"taxonomy":"product_tag","embeddable":true,"href":"https:\/\/medicinasinc.com\/se\/wp-json\/wp\/v2\/product_tag?post=5323"}],"curies":[{"name":"wp","href":"https:\/\/api.w.org\/{rel}","templated":true}]}}