{"id":5322,"date":"2022-02-21T20:57:13","date_gmt":"2022-02-21T20:57:13","guid":{"rendered":"https:\/\/medicinasinc.com\/se\/?post_type=product&#038;p=5322"},"modified":"2022-07-03T23:36:13","modified_gmt":"2022-07-03T23:36:13","slug":"tramadol-100mg","status":"publish","type":"product","link":"https:\/\/medicinasinc.com\/se\/product\/tramadol-100mg\/","title":{"rendered":"Tramadol 100mg"},"content":{"rendered":"<p>Tramadol 100 mg mot sv\u00e5r sm\u00e4rta<\/p>\n<p>Vissa skador kr\u00e4ver \u00e5r f\u00f6r att l\u00e4ka, under vilken tid offret m\u00e5ste utst\u00e5 obehag. Sm\u00e4rtan i samband med skadan kan variera fr\u00e5n mild till sv\u00e5r, beroende p\u00e5 s\u00e5rets djup och storlek. Dock kan skottsm\u00e4rtan ibland st\u00f6ra individens vanliga rutin. I s\u00e5dana fall m\u00e5ste m\u00e4nniskor hitta ett s\u00e4tt att \u00f6verleva. De kan uppn\u00e5 den avsedda \u00f6verlevnaden genom att lindra en del av sm\u00e4rtan. De kan k\u00f6pa tramadol 100mg online fr\u00e5n en m\u00e4ngd olika k\u00e4llor f\u00f6r att f\u00e5 omedelbar sm\u00e4rtlindring.<\/p>\n<p>Tramadol 100mg \u00e4r effektivt<\/p>\n<p>K\u00f6p Tramadol 100mg online f\u00f6r att hj\u00e4lpa till att lindra sm\u00e4rta och l\u00e5ta dem forts\u00e4tta med deras rutin. Men tramadol fungerar annorlunda \u00e4n de andra medicinerna. Tablettens prim\u00e4ra funktion \u00e4r att lindra sm\u00e4rta, inte att l\u00e4ka skadan. Tabletterna har effekt p\u00e5 hj\u00e4rnans sm\u00e4rtnerver. Det bed\u00f6var venerna och hindrar dem fr\u00e5n att uppleva sm\u00e4rta. Som ett resultat kommer domningar att hj\u00e4lpa dem att \u00f6verleva dagen utan att st\u00f6ra deras normala rutiner.<\/p>\n<p>Allvarliga biverkningar<\/p>\n<p>Sm\u00e4rtan blir bed\u00f6vad i hj\u00e4rnan, och tabletterna \u00e4ndrar s\u00e4ttet hj\u00e4rnans funktioner, vilket resulterar i en m\u00e4ngd olika sv\u00e5righeter. Allvarliga biverkningar inkluderar domningar i hj\u00e4rnan, \u00f6verg\u00e5ende minnesf\u00f6rlust och andra st\u00f6rningar av detta slag. Yrsel och andra sv\u00e5righeter kommer att vara en vanlig f\u00f6reteelse. Som ett resultat av detta kommer individens dos av tabletterna att beh\u00f6va justeras f\u00f6r att undvika allvarliga biverkningar.<\/p>\n<p>Den rekommenderade dagliga dosen av tabletten \u00e4r mellan 50 och 300 mg, och den ska endast anv\u00e4ndas en g\u00e5ng om dagen. Du kan f\u00e5 tramadol online fr\u00e5n en m\u00e4ngd olika webbplatser, men intag b\u00f6r baseras p\u00e5 en l\u00e4kares rekommendation. L\u00e4karens r\u00e5d kommer att vara avg\u00f6rande f\u00f6r att f\u00f6rhindra negativa konsekvenser.<\/p>\n","protected":false},"excerpt":{"rendered":"<div class=\"woocommerce-product-details__short-description\">\n<p>Tramadol SR 100 mg piller kan k\u00f6pas online. K\u00f6p Tramadol online Tramal SR 100mg utan recept till ett pris som \u00e4r 80 % l\u00e4gre \u00e4n vad du skulle betala p\u00e5 ett amerikanskt apotek.<\/p>\n<\/p><\/div>\n","protected":false},"featured_media":5331,"comment_status":"open","ping_status":"closed","template":"","meta":[],"product_brand":[],"product_cat":[1117],"product_tag":[],"class_list":{"0":"post-5322","1":"product","2":"type-product","3":"status-publish","4":"has-post-thumbnail","6":"product_cat-kop-smarta-somn-sextabletter","8":"first","9":"instock","10":"shipping-taxable","11":"purchasable","12":"product-type-variable","13":"has-default-attributes"},"yoast_head":"<!-- This site is optimized with the Yoast SEO plugin v27.3 - https:\/\/yoast.com\/product\/yoast-seo-wordpress\/ -->\n<title>K\u00f6p Tramal SR 100mg piller online - Best Best Global Meds<\/title>\n<meta name=\"description\" content=\"K\u00f6p Tramal SR 100mg piller online. K\u00f6p Tramadol Online Tramal SR 100mg utan recept till 80 % l\u00e4gre pris \u00e4n amerikanska apotek.\" \/>\n<meta name=\"robots\" content=\"index, follow, max-snippet:-1, max-image-preview:large, max-video-preview:-1\" \/>\n<link rel=\"canonical\" href=\"https:\/\/medicinasinc.com\/se\/product\/tramadol-100mg\/\" \/>\n<meta property=\"og:locale\" content=\"sv_SE\" \/>\n<meta property=\"og:type\" content=\"article\" \/>\n<meta property=\"og:title\" content=\"K\u00f6p Tramal SR 100mg piller online - Best Best Global Meds\" \/>\n<meta property=\"og:description\" content=\"K\u00f6p Tramal SR 100mg piller online. K\u00f6p Tramadol Online Tramal SR 100mg utan recept till 80 % l\u00e4gre pris \u00e4n amerikanska apotek.\" \/>\n<meta property=\"og:url\" content=\"https:\/\/medicinasinc.com\/se\/product\/tramadol-100mg\/\" \/>\n<meta property=\"og:site_name\" content=\"Medicinas Inc\" \/>\n<meta property=\"article:modified_time\" content=\"2022-07-03T23:36:13+00:00\" \/>\n<meta property=\"og:image\" content=\"https:\/\/medicinasinc.com\/se\/wp-content\/uploads\/sites\/16\/2022\/02\/Tramadol-100mg-1.jpg\" \/>\n\t<meta property=\"og:image:width\" content=\"600\" \/>\n\t<meta property=\"og:image:height\" content=\"358\" \/>\n\t<meta property=\"og:image:type\" content=\"image\/jpeg\" \/>\n<meta name=\"twitter:card\" content=\"summary_large_image\" \/>\n<meta name=\"twitter:label1\" content=\"Ber\u00e4knad l\u00e4stid\" \/>\n\t<meta name=\"twitter:data1\" content=\"2 minuter\" \/>\n<script type=\"application\/ld+json\" class=\"yoast-schema-graph\">{\"@context\":\"https:\\\/\\\/schema.org\",\"@graph\":[{\"@type\":\"WebPage\",\"@id\":\"https:\\\/\\\/medicinasinc.com\\\/se\\\/product\\\/tramadol-100mg\\\/\",\"url\":\"https:\\\/\\\/medicinasinc.com\\\/se\\\/product\\\/tramadol-100mg\\\/\",\"name\":\"K\u00f6p Tramal SR 100mg piller online - Best Best Global Meds\",\"isPartOf\":{\"@id\":\"https:\\\/\\\/medicinasinc.com\\\/se\\\/#website\"},\"primaryImageOfPage\":{\"@id\":\"https:\\\/\\\/medicinasinc.com\\\/se\\\/product\\\/tramadol-100mg\\\/#primaryimage\"},\"image\":{\"@id\":\"https:\\\/\\\/medicinasinc.com\\\/se\\\/product\\\/tramadol-100mg\\\/#primaryimage\"},\"thumbnailUrl\":\"https:\\\/\\\/medicinasinc.com\\\/se\\\/wp-content\\\/uploads\\\/sites\\\/16\\\/2022\\\/02\\\/Tramadol-100mg-1.jpg\",\"datePublished\":\"2022-02-21T20:57:13+00:00\",\"dateModified\":\"2022-07-03T23:36:13+00:00\",\"description\":\"K\u00f6p Tramal SR 100mg piller online. K\u00f6p Tramadol Online Tramal SR 100mg utan recept till 80 % l\u00e4gre pris \u00e4n amerikanska apotek.\",\"breadcrumb\":{\"@id\":\"https:\\\/\\\/medicinasinc.com\\\/se\\\/product\\\/tramadol-100mg\\\/#breadcrumb\"},\"inLanguage\":\"sv-SE\",\"potentialAction\":[{\"@type\":\"ReadAction\",\"target\":[\"https:\\\/\\\/medicinasinc.com\\\/se\\\/product\\\/tramadol-100mg\\\/\"]}]},{\"@type\":\"ImageObject\",\"inLanguage\":\"sv-SE\",\"@id\":\"https:\\\/\\\/medicinasinc.com\\\/se\\\/product\\\/tramadol-100mg\\\/#primaryimage\",\"url\":\"https:\\\/\\\/medicinasinc.com\\\/se\\\/wp-content\\\/uploads\\\/sites\\\/16\\\/2022\\\/02\\\/Tramadol-100mg-1.jpg\",\"contentUrl\":\"https:\\\/\\\/medicinasinc.com\\\/se\\\/wp-content\\\/uploads\\\/sites\\\/16\\\/2022\\\/02\\\/Tramadol-100mg-1.jpg\",\"width\":600,\"height\":358},{\"@type\":\"BreadcrumbList\",\"@id\":\"https:\\\/\\\/medicinasinc.com\\\/se\\\/product\\\/tramadol-100mg\\\/#breadcrumb\",\"itemListElement\":[{\"@type\":\"ListItem\",\"position\":1,\"name\":\"aff\u00e4r\",\"item\":\"https:\\\/\\\/medicinasinc.com\\\/se\\\/affar\\\/\"},{\"@type\":\"ListItem\",\"position\":2,\"name\":\"Tramadol 100mg\"}]},{\"@type\":\"WebSite\",\"@id\":\"https:\\\/\\\/medicinasinc.com\\\/se\\\/#website\",\"url\":\"https:\\\/\\\/medicinasinc.com\\\/se\\\/\",\"name\":\"Medicinas Inc\",\"description\":\"Health Medical Clinic\",\"potentialAction\":[{\"@type\":\"SearchAction\",\"target\":{\"@type\":\"EntryPoint\",\"urlTemplate\":\"https:\\\/\\\/medicinasinc.com\\\/se\\\/?s={search_term_string}\"},\"query-input\":{\"@type\":\"PropertyValueSpecification\",\"valueRequired\":true,\"valueName\":\"search_term_string\"}}],\"inLanguage\":\"sv-SE\"}]}<\/script>\n<!-- \/ Yoast SEO plugin. -->","yoast_head_json":{"title":"K\u00f6p Tramal SR 100mg piller online - Best Best Global Meds","description":"K\u00f6p Tramal SR 100mg piller online. K\u00f6p Tramadol Online Tramal SR 100mg utan recept till 80 % l\u00e4gre pris \u00e4n amerikanska apotek.","robots":{"index":"index","follow":"follow","max-snippet":"max-snippet:-1","max-image-preview":"max-image-preview:large","max-video-preview":"max-video-preview:-1"},"canonical":"https:\/\/medicinasinc.com\/se\/product\/tramadol-100mg\/","og_locale":"sv_SE","og_type":"article","og_title":"K\u00f6p Tramal SR 100mg piller online - Best Best Global Meds","og_description":"K\u00f6p Tramal SR 100mg piller online. K\u00f6p Tramadol Online Tramal SR 100mg utan recept till 80 % l\u00e4gre pris \u00e4n amerikanska apotek.","og_url":"https:\/\/medicinasinc.com\/se\/product\/tramadol-100mg\/","og_site_name":"Medicinas Inc","article_modified_time":"2022-07-03T23:36:13+00:00","og_image":[{"width":600,"height":358,"url":"https:\/\/medicinasinc.com\/se\/wp-content\/uploads\/sites\/16\/2022\/02\/Tramadol-100mg-1.jpg","type":"image\/jpeg"}],"twitter_card":"summary_large_image","twitter_misc":{"Ber\u00e4knad l\u00e4stid":"2 minuter"},"schema":{"@context":"https:\/\/schema.org","@graph":[{"@type":"WebPage","@id":"https:\/\/medicinasinc.com\/se\/product\/tramadol-100mg\/","url":"https:\/\/medicinasinc.com\/se\/product\/tramadol-100mg\/","name":"K\u00f6p Tramal SR 100mg piller online - Best Best Global Meds","isPartOf":{"@id":"https:\/\/medicinasinc.com\/se\/#website"},"primaryImageOfPage":{"@id":"https:\/\/medicinasinc.com\/se\/product\/tramadol-100mg\/#primaryimage"},"image":{"@id":"https:\/\/medicinasinc.com\/se\/product\/tramadol-100mg\/#primaryimage"},"thumbnailUrl":"https:\/\/medicinasinc.com\/se\/wp-content\/uploads\/sites\/16\/2022\/02\/Tramadol-100mg-1.jpg","datePublished":"2022-02-21T20:57:13+00:00","dateModified":"2022-07-03T23:36:13+00:00","description":"K\u00f6p Tramal SR 100mg piller online. K\u00f6p Tramadol Online Tramal SR 100mg utan recept till 80 % l\u00e4gre pris \u00e4n amerikanska apotek.","breadcrumb":{"@id":"https:\/\/medicinasinc.com\/se\/product\/tramadol-100mg\/#breadcrumb"},"inLanguage":"sv-SE","potentialAction":[{"@type":"ReadAction","target":["https:\/\/medicinasinc.com\/se\/product\/tramadol-100mg\/"]}]},{"@type":"ImageObject","inLanguage":"sv-SE","@id":"https:\/\/medicinasinc.com\/se\/product\/tramadol-100mg\/#primaryimage","url":"https:\/\/medicinasinc.com\/se\/wp-content\/uploads\/sites\/16\/2022\/02\/Tramadol-100mg-1.jpg","contentUrl":"https:\/\/medicinasinc.com\/se\/wp-content\/uploads\/sites\/16\/2022\/02\/Tramadol-100mg-1.jpg","width":600,"height":358},{"@type":"BreadcrumbList","@id":"https:\/\/medicinasinc.com\/se\/product\/tramadol-100mg\/#breadcrumb","itemListElement":[{"@type":"ListItem","position":1,"name":"aff\u00e4r","item":"https:\/\/medicinasinc.com\/se\/affar\/"},{"@type":"ListItem","position":2,"name":"Tramadol 100mg"}]},{"@type":"WebSite","@id":"https:\/\/medicinasinc.com\/se\/#website","url":"https:\/\/medicinasinc.com\/se\/","name":"Medicinas Inc","description":"Health Medical Clinic","potentialAction":[{"@type":"SearchAction","target":{"@type":"EntryPoint","urlTemplate":"https:\/\/medicinasinc.com\/se\/?s={search_term_string}"},"query-input":{"@type":"PropertyValueSpecification","valueRequired":true,"valueName":"search_term_string"}}],"inLanguage":"sv-SE"}]}},"_links":{"self":[{"href":"https:\/\/medicinasinc.com\/se\/wp-json\/wp\/v2\/product\/5322","targetHints":{"allow":["GET"]}}],"collection":[{"href":"https:\/\/medicinasinc.com\/se\/wp-json\/wp\/v2\/product"}],"about":[{"href":"https:\/\/medicinasinc.com\/se\/wp-json\/wp\/v2\/types\/product"}],"replies":[{"embeddable":true,"href":"https:\/\/medicinasinc.com\/se\/wp-json\/wp\/v2\/comments?post=5322"}],"wp:featuredmedia":[{"embeddable":true,"href":"https:\/\/medicinasinc.com\/se\/wp-json\/wp\/v2\/media\/5331"}],"wp:attachment":[{"href":"https:\/\/medicinasinc.com\/se\/wp-json\/wp\/v2\/media?parent=5322"}],"wp:term":[{"taxonomy":"product_brand","embeddable":true,"href":"https:\/\/medicinasinc.com\/se\/wp-json\/wp\/v2\/product_brand?post=5322"},{"taxonomy":"product_cat","embeddable":true,"href":"https:\/\/medicinasinc.com\/se\/wp-json\/wp\/v2\/product_cat?post=5322"},{"taxonomy":"product_tag","embeddable":true,"href":"https:\/\/medicinasinc.com\/se\/wp-json\/wp\/v2\/product_tag?post=5322"}],"curies":[{"name":"wp","href":"https:\/\/api.w.org\/{rel}","templated":true}]}}