{"id":5310,"date":"2022-02-21T18:38:01","date_gmt":"2022-02-21T18:38:01","guid":{"rendered":"https:\/\/medicinasinc.com\/se\/?post_type=product&#038;p=5310"},"modified":"2022-07-03T23:36:45","modified_gmt":"2022-07-03T23:36:45","slug":"kop-roxikodon-30-mg","status":"publish","type":"product","link":"https:\/\/medicinasinc.com\/se\/product\/kop-roxikodon-30-mg\/","title":{"rendered":"K\u00f6p Roxikodon 30 mg"},"content":{"rendered":"<p>Onlinek\u00f6p av Roxikodon 30 mg piller<\/p>\n<p>ROXICODONE (oxikodon HCl) tabletter \u00e4r avsedda f\u00f6r behandling av m\u00e5ttlig till sv\u00e5r sm\u00e4rta som kr\u00e4ver ett opioidanalgetikum och f\u00f6r vilka icke-opioida alternativ \u00e4r ineffektiva.<\/p>\n<p>Anv\u00e4ndningsrestriktioner<\/p>\n<p>P\u00e5 grund av farorna med opioidberoende, missbruk och missbruk, \u00e4ven vid godk\u00e4nda doser, reservera ROXICODONE f\u00f6r patienter som inte svarar p\u00e5 alternativa behandlingsval (t.ex. icke-opioida analgetika eller opioidkombinationsprodukter):<\/p>\n<p>Har inte tolererats och kommer sannolikt inte att till\u00e5tas<br \/> Har misslyckats med att administrera l\u00e4mplig analgesi eller sannolikt inte kommer att administrera adekvat analgesi<\/p>\n<p>Detta material \u00e4r endast avsedd f\u00f6r sjukv\u00e5rdspersonal i USA.<br \/> Komplett receptinformation f\u00f6r USA, inklusive en varning i ruta.<\/p>\n<p>Guide till medicinering<\/p>\n<div class=\"product -next-previous\">\n<div class=\"product-prev\">\n<div class=\"contraindica\">\n<div class=\"contraindica tion\">\n<div class=\"kontraindikation\">\n<div class=\"kontraindikation\">\n<div class=\"kontraindikation\">\n<div class=\"kontraindikation\">\n<div class=\"kontraindikation\">\n<h2><b>VIKTIGT S\u00c4KERHETSINFORMATION<\/b><\/h2>\n<div class=\"scroll-wrapper scrolling-table scrollbar-chrome\">\n<div class=\"scrolling-table scrollbar-chrome scroll-content\">\n<table border=\"1\">\n<tbody>\n<tr>\n<td valign=\"top\" width=\"623\">\n<ul>\n<li>VARNING: BEROENDE, MISSBRUK OCH MISSBRUK; STRATEGI F\u00d6R RISKUTV\u00c4RDERING OCH BEGR\u00c4NSNING (REMS); LIVSHOTANDE ANDNINGSDEPRESSION; OAVSIKTLIGT F\u00d6RT\u00c4RING; NEONATALT OPIOIDAVBART\u00c4NSSYNDROM; INTERAKTION MED CYTOCHROM P450 3A4; och RISKER FR\u00c5N SAMTIDIGT ANV\u00c4NDNING MED BENSubstance Abuse, Abuse och MissuseROXICODONE uts\u00e4tter patienter och andra anv\u00e4ndare f\u00f6r farorna med opioidberoende, missbruk och missbruk, som alla kan leda till d\u00f6dsfall p\u00e5 grund av \u00f6verdosering. Innan du tillhandah\u00e5ller ROXICODONE, utv\u00e4rdera varje patients risk och \u00f6vervaka alla patienter regelbundet f\u00f6r utveckling av vissa beteenden och tillst\u00e5nd.\n<p>Riskbed\u00f6mning och begr\u00e4nsningsstrategi f\u00f6r opioidanalgetika (REMS)<\/p>\n<p>Food and Drug Administration (FDA) kr\u00e4ver en REMS f\u00f6r opioidanalgetika f\u00f6r att verifiera att f\u00f6rdelarna \u00f6verv\u00e4ger farorna med beroende, missbruk och missbruk . L\u00e4kemedelsf\u00f6retag som har godk\u00e4nt analgetiska opioidprodukter m\u00e5ste g\u00f6ra REMS-kompatibla utbildningsprogram tillg\u00e4ngliga f\u00f6r v\u00e5rdgivare. V\u00e5rdgivare uppmuntras starkt att: \u2022 slutf\u00f6ra ett REMS-kompatibelt utbildningsprogram; \u2022 ge patienter och\/eller v\u00e5rdgivare r\u00e5d om s\u00e4ker anv\u00e4ndning, allvarliga risker, f\u00f6rvaring och kassering av dessa produkter med varje recept; \u2022 betona f\u00f6r patienter och v\u00e5rdgivare vikten av att l\u00e4sa l\u00e4kemedelsguiden varje g\u00e5ng den tillhandah\u00e5lls av deras farmaceut; och \u2022 \u00f6verv\u00e4ga ytterligare verktyg f\u00f6r att f\u00f6rb\u00e4ttra s\u00e4kerheten f\u00f6r patienter, hush\u00e5ll och samh\u00e4llet.<\/p>\n<p>Livshotande andningsdepression<\/p>\n<p>ROXICODONE kan orsaka allvarlig, livshotande eller d\u00f6dlig andningsdepression. H\u00e5ll utkik efter andningsdepression, s\u00e4rskilt n\u00e4r du b\u00f6rjar med ROXICODONE eller \u00f6kar dosen.<\/p>\n<p>Intag av misstag<\/p>\n<p>Oavsiktligt intag av ROXICODONE, s\u00e4rskilt av ungdomar, kan resultera i en d\u00f6dlig \u00f6verdos av ROXICODONE. <\/p>\n<p>Syndrom av neonatal opioidabstinens<\/p>\n<p>L\u00e5ngvarig anv\u00e4ndning av ROXICODONE under graviditet kan resultera i abstinenssyndrom f\u00f6r nyf\u00f6dda opioid, vilket kan vara d\u00f6dligt om det inte diagnostiseras och behandlas omedelbart, och beh\u00f6ver terapi enligt neonatologi -specifika f\u00f6rfaranden. Om l\u00e5ngvarig opioidanv\u00e4ndning \u00e4r n\u00f6dv\u00e4ndig hos en gravid kvinna, informera henne om faran med neonatalt opioidabstinenssyndrom och se till att r\u00e4tt behandling finns tillg\u00e4nglig.<\/p>\n<p>Interaktion med Cytochrome P450 3A4<\/p>\n<p>Samtidig anv\u00e4ndning av ROXICODONE och alla cytokrom P450 3A4-h\u00e4mmare kan resultera i en \u00f6kning av plasmaoxikodonkoncentrationerna, vilket kan f\u00f6rv\u00e4rra eller f\u00f6rl\u00e4nga obehagliga svar och kan resultera i potentiellt d\u00f6dlig andningsdepression. Att stoppa en samtidigt anv\u00e4nda cytokrom P450 3A4-inducerare kan dessutom leda till en \u00f6kning av plasmaniv\u00e5er av oxikodon. Patienter som f\u00e5r ROXICODONE och n\u00e5gon CYP3A4-h\u00e4mmare eller inducerare b\u00f6r \u00f6vervakas noggrant.<\/p>\n<p>Konsekvenser av samtidig anv\u00e4ndning med bensodiazepiner eller andra l\u00e4kemedel som d\u00e4mpar centrala nervsystemet<\/p>\n<p>Samtidig anv\u00e4ndning av opioider med bensodiazepiner eller andra CNS-depressiva medel. alkohol, kan resultera i extrem d\u00e5sighet, andningsdepression, koma eller d\u00f6dsfall.<\/p>\n<p>Samtidig administrering av ROXICODONE och bensodiazepiner eller andra CNS-d\u00e4mpande medel b\u00f6r reserveras f\u00f6r personer som inte svarar p\u00e5 alternativa terapeutiska alternativ. <br \/> H\u00e5ll doser och varaktigheter till ett minimum.<br \/> H\u00e5ll utkik efter tecken och symtom p\u00e5 andningsdepression och sedering hos patienter.<\/li>\n<\/ul>\n<\/td>\n<\/tr>\n<\/li>\n<p> tbody&gt; <\/table>\n<\/p><\/div><\/div>\n<p>&nbsp;<\/p>\n<h2>KOTRAINDIKATIONER<\/h2>\n<p>ROXICODONE \u00e4r kontraindicerat hos patienter med:<\/p>\n<ul>\n<li>Betydande andningsdepression<\/li>\n<li>Akut eller sv\u00e5r bronkialastma i en o\u00f6vervakad milj\u00f6 eller i fr\u00e5nvaro av \u00e5terupplivnings\u00e5tg\u00e4rder utrustning<\/li>\n<li>K\u00e4nd eller misst\u00e4nkt gastrointestinal obstruktion, inklusive paralytisk ileus<\/li>\n<li>K\u00e4nd \u00f6verk\u00e4nslighet mot oxikodon<\/li>\n<\/ul>\n<h2>\u00a0VARNINGAR OCH F\u00d6RSIKTIGHETS\u00c5TG\u00c4RDER<\/h2>\n<ul>\n<li>ROXICODONE inneh\u00e5ller oxikodon, ett schema II-kontrollerat \u00e4mne. Som en opioid uts\u00e4tter ROXICODONE anv\u00e4ndarna f\u00f6r riskerna f\u00f6r beroende, missbruk och missbruk.<\/li>\n<li>Bed\u00f6m varje patients risk f\u00f6r opioidberoende, missbruk eller missbruk innan ROXICODONE f\u00f6rskrivs och \u00f6vervaka alla patienter som f\u00e5r ROXICODONE f\u00f6r utveckling av dessa beteenden och tillst\u00e5nd.<\/li>\n<li>F\u00f6r att s\u00e4kerst\u00e4lla att f\u00f6rdelarna med opioidanalgetika uppv\u00e4ger riskerna f\u00f6r missbruk, missbruk och missbruk har Food and Drug Administration (FDA) kr\u00e4vt en riskbed\u00f6mnings- och begr\u00e4nsningsstrategi ( REMS) f\u00f6r dessa produkter. Enligt kraven i REMS m\u00e5ste l\u00e4kemedelsf\u00f6retag med godk\u00e4nda opioidanalgetika g\u00f6ra REMS-kompatibla utbildningsprogram tillg\u00e4ngliga f\u00f6r v\u00e5rdgivare.<\/li>\n<li>Allvarlig, livshotande eller d\u00f6dlig andningsdepression har rapporterats med anv\u00e4ndning av opioider, \u00e4ven n\u00e4r de anv\u00e4nds enligt rekommendation. Patienter med kronisk lungsjukdom, \u00e4ldre, kakektiska eller f\u00f6rsvagade patienter kan l\u00f6pa \u00f6kad risk. \u00d6vervaka noga, s\u00e4rskilt under initiering och titrering.<\/li>\n<li>Opioider kan orsaka s\u00f6mnrelaterade andningsst\u00f6rningar inklusive central s\u00f6mnapn\u00e9 (CSA) och s\u00f6mnrelaterad hypoxemi. Opioidanv\u00e4ndning \u00f6kar risken f\u00f6r CSA p\u00e5 ett dosberoende s\u00e4tt.<\/li>\n<li>Oavsiktligt intag av ens en dos ROXICODONE, s\u00e4rskilt av barn, kan resultera i andningsdepression och d\u00f6dsfall p\u00e5 grund av en \u00f6verdos av ROXICODONE. Instruera patienterna att vidta \u00e5tg\u00e4rder f\u00f6r att f\u00f6rvara ROXICODONE s\u00e4kert. Utg\u00e5tt, o\u00f6nskat eller oanv\u00e4nt ROXICODONE ska kasseras genom att spola ned det oanv\u00e4nda l\u00e4kemedlet i toaletten om ett l\u00e4kemedels\u00e5tertagningsalternativ inte \u00e4r l\u00e4ttillg\u00e4ngligt.<\/li>\n<li>Neonatalt opioidabstinenssyndrom (NOWS) kan uppst\u00e5 efter l\u00e5ngvarig anv\u00e4ndning av opioider under graviditeten. Observera nyf\u00f6dda f\u00f6r tecken p\u00e5 NUUS och hantera d\u00e4refter; NOWS kan vara livshotande om det inte uppt\u00e4cks och behandlas hos nyf\u00f6dda.<\/li>\n<li>N\u00e4r du anv\u00e4nder CYP3A4-h\u00e4mmare eller avbryter behandlingen med CYP3A4-inducerare hos patienter som behandlats med ROXICODONE, \u00f6vervaka patienterna noggrant med frekventa intervall och \u00f6verv\u00e4g att minska dosen av ROXICODONE tills det stabila l\u00e4kemedlet effekter uppn\u00e5s. Vid anv\u00e4ndning av ROXICODONE med CYP3A4-inducerare eller avbrytande av CYP3A4-h\u00e4mmare, \u00f6vervaka patienter noggrant med frekventa intervall och \u00f6verv\u00e4g att \u00f6ka opioiddosen om det beh\u00f6vs f\u00f6r att uppr\u00e4tth\u00e5lla adekvat analgesi eller om symtom p\u00e5 abstinens av opioid uppst\u00e5r.<\/li>\n<li>Grundig sedering, andningsdepression, koma, och d\u00f6dsfall kan bli f\u00f6ljden av samtidig anv\u00e4ndning av ROXICODONE och bensodiazepiner eller andra CNS-depressiva medel (inklusive alkohol och\u00a0olagliga droger).<\/li>\n<li>Fall av binjurebarksvikt har rapporterats med opioidanv\u00e4ndning, oftare efter mer \u00e4n en g\u00e5ng m\u00e5nads anv\u00e4ndning. Om binjurebarksvikt diagnostiseras, behandla med fysiologisk ers\u00e4ttning av kortikosteroider och avv\u00e4nja patienten fr\u00e5n opioiden tills binjurefunktionen \u00e5terh\u00e4mtar sig.<\/li>\n<li><strong>ROXICODONE<\/strong>\u00a0kan orsaka allvarlig hypotoni inklusive ortostatisk hypotoni och synkope hos ambulerande patienter. \u00d6vervaka under initiering och\/eller titrering av ROXICODONE. Undvik anv\u00e4ndning till patienter med cirkulatorisk chock.<\/li>\n<li>Anv\u00e4ndning till patienter med \u00f6kat intrakraniellt tryck, hj\u00e4rntum\u00f6rer, huvudskada eller nedsatt medvetande kan minska andningsdriften och den resulterande CO<sub>2<\/sub>-retentionen kan ytterligare \u00f6ka det intrakraniella trycket. Anv\u00e4ndning av\u00a0<strong>ROXICODONE<\/strong>\u00a0b\u00f6r undvikas hos patienter med nedsatt medvetande eller koma.<\/li>\n<li>ROXICODONE \u00e4r kontraindicerat till patienter med k\u00e4nd eller misst\u00e4nkt gastrointestinala obstruktion, inklusive paralytisk ileus. Oxykodonet i ROXICODONE kan orsaka spasmer i sfinktern p\u00e5 Oddi.<\/li>\n<li>Oxikodonet i ROXICODONE kan \u00f6ka frekvensen av anfall hos patienter med anfallsrubbningar och kan \u00f6ka risken f\u00f6r anfall i andra kliniska sammanhang i samband med anfall . \u00d6vervaka patienter med en historia av anfallsst\u00f6rningar f\u00f6r f\u00f6rs\u00e4mrad anfallskontroll.<\/li>\n<li>Sluta inte abrupt med\u00a0<strong>ROXICODONE<\/strong>\u00a0p\u00e5 en patient som \u00e4r fysiskt beroende av opioider. N\u00e4r du avbryter behandlingen med ROXICODONE hos en fysiskt beroende patient, minska gradvis dosen. Snabb nedtrappning av oxikodon hos en patient som \u00e4r fysiskt beroende av opioider kan leda till abstinenssyndrom och \u00e5terkommande sm\u00e4rta.<\/li>\n<li>Undvik anv\u00e4ndningen av ROXICODONE med blandade agonister\/antagonister eller partiella agonistanalgetika p\u00e5 grund av risken f\u00f6r utf\u00e4llning av abstinenssymptom.<\/li>\n<li>Varna patienter att inte k\u00f6ra bil eller anv\u00e4nda farliga maskiner om de inte \u00e4r toleranta f\u00f6r effekterna av ROXICODONE och vet hur de kommer att reagera p\u00e5 medicinen.<\/li>\n<li>Opioider kan orsaka en s\u00e4llsynt men potentiellt livshotande tillst\u00e5nd till f\u00f6ljd av samtidig administrering av serotonerga l\u00e4kemedel. Varna patienter f\u00f6r symtomen p\u00e5 serotonergt syndrom och upps\u00f6k omedelbart l\u00e4kare om symtom utvecklas.<\/li>\n<li>Anv\u00e4ndning av ROXICODONE rekommenderas inte f\u00f6r patienter som tar MAO-h\u00e4mmare eller inom 14 dagar efter att behandlingen avslutats.<\/li>\n<\/ul>\n<h2>Effekter av roxikodon<\/h2>\n<p>Allvarliga biverkningar i samband med anv\u00e4ndning av ROXICODONE inkluderar andningsdepression, andningsstillest\u00e5nd, cirkulationsdepression, hj\u00e4rtstillest\u00e5nd, hypotoni och\/eller chock. De vanligaste biverkningarna inkluderar illam\u00e5ende, f\u00f6rstoppning, kr\u00e4kningar, huvudv\u00e4rk, kl\u00e5da, s\u00f6mnl\u00f6shet, yrsel, asteni och somnolens.<\/p>\n<p>Detta \u00e4r inte en fullst\u00e4ndig lista \u00f6ver potentiella biverkningar associerade med ROXICODONE. Se fullst\u00e4ndig f\u00f6rskrivningsinformation f\u00f6r en fullst\u00e4ndig lista.<\/p>\n<p>&nbsp;<\/p>\n<p>&nbsp;<\/p>\n<\/p><\/div><\/div><\/div><\/div><\/div><\/div><\/div>\n<div class=\"scroll-wrapper scrolling-table scrollbar-chrome\">\n<div class=\"scrolling-table scrollbar-chrome scroll-content\">\n<table>\n<tbody>\n<tr>\n<td><strong>Beskrivning<\/strong><\/td>\n<td>Bl\u00e5 tabletter sk\u00e5rade<\/td>\n<\/tr>\n<tr>\n<td><strong>Allm\u00e4nt namn<\/strong><\/td>\n<td>Oxikodonhydrokloridtabletter USP<\/td>\n<\/tr>\n<tr>\n<td><strong>Dosstyrka<\/strong><\/td>\n<td>30 mg<\/td>\n<\/tr>\n<tr>\n<td><strong>Identifieringskod<\/strong><\/td>\n<td>Bl\u00e5 surfplatta med sk\u00e5ror (identifierad 54 199) [pr\u00e4glat 54 199 p\u00e5 ena sidan]<\/td>\n<\/tr>\n<\/tbody>\n<\/table>\n<p><strong>roxikodon piller, k\u00f6p roxikodon piller, lista \u00f6ver runda bl\u00e5 roxikodon piller, piller som ser ut som roxikodon, roxikodon piller byter, roxikodon piller 30, roxikodon piller roxikodon, hur man \u00e4r en droghandlare som s\u00e4ljer piller, piller som inneh\u00e5ller roxikodon, kodeinsirap piller roxikodon, hur mycket \u00e4r roxikodon 30 mg piller i Mexiko, vad finns i de falska k 9 roxikodon piller?, 30 mg roxikodon bl\u00e5 piller, roxikodon, oxikodon 5 mg, rosa piller, m 30 piller, m 30 bl\u00e5tt piller, k 56 piller, rtoxycodone 14, rtoxycodone piller, percocet 30 mg, molly priser, kan du ta, roxy 30, oxicodona, u17 piller, oxikodon dosering<\/strong><\/p>\n<\/p><\/div><\/div><\/div><\/div>\n<div>\n<div class=\"product-prev\"><\/div><\/div>\n","protected":false},"excerpt":{"rendered":"<p>K\u00f6p Roxicodone 30 mg tabletter i Storbritannien och Europa fr\u00e5n v\u00e5rt onlineapotek medicinasinc.com\/se med snabb v\u00e4rldsomsp\u00e4nnande leverans! Det b\u00e4sta st\u00e4llet att skaffa OxyContin \u00e4r h\u00e4r!<\/p>\n","protected":false},"featured_media":5321,"comment_status":"open","ping_status":"closed","template":"","meta":[],"product_brand":[],"product_cat":[1117],"product_tag":[1879,1880,1881,1884,1885,1886,1882,1883,1887,1888,1889,1890,1648,1670,1891,1750,1892,1893,1894,1895,1896,1897,1898,1899,1900,1901,1902,1903],"class_list":{"0":"post-5310","1":"product","2":"type-product","3":"status-publish","4":"has-post-thumbnail","6":"product_cat-kop-smarta-somn-sextabletter","7":"product_tag-30mg-roxikodon-bl-piller","8":"product_tag-breaking-time-free-c3-a4ttning-piller-roxicodon","9":"product_tag-buy-roxicodone-pills","10":"product_tag-how-much-are-roxicodone-30mg-pills-in-mexico","11":"product_tag-how-to-be-a-drug-dealer-selling-roxicodone-pills","12":"product_tag-k-56-piller","13":"product_tag-kan-du-ta","14":"product_tag-kodein-sirap-piller-roxikodon","15":"product_tag-lista-ver-runda-bl-roxikodon-piller","16":"product_tag-m-30-bltt-piller","17":"product_tag-m-30-piller","18":"product_tag-molly-priser","19":"product_tag-oxicodona","20":"product_tag-oxikodon-5-mg","21":"product_tag-oxikodon-dosering","22":"product_tag-percocet-30-mg","23":"product_tag-piller-som-innehller-roxikodon","24":"product_tag-piller-som-liknar-roxikodon","25":"product_tag-pink-pill","26":"product_tag-roxikodon","27":"product_tag-roxikodon-piller","28":"product_tag-roxikodon-piller-30","29":"product_tag-roxikodon-piller-byte","30":"product_tag-roxy-30","31":"product_tag-roxycodone","32":"product_tag-t-194-piller","33":"product_tag-u17-piller","34":"product_tag-vad-finns-i-de-falska-k-9-roxikodon-piller","36":"first","37":"instock","38":"shipping-taxable","39":"purchasable","40":"product-type-variable","41":"has-default-attributes"},"yoast_head":"<!-- This site is optimized with the Yoast SEO plugin v27.3 - https:\/\/yoast.com\/product\/yoast-seo-wordpress\/ -->\n<title>K\u00f6p Roxikodon 30 mg - B\u00e4sta b\u00e4sta globala medicinerna<\/title>\n<meta name=\"description\" content=\"K\u00f6p Roxicodone 30 mg tabletter Storbritannien, Europa i v\u00e5r medicinasinc.com\/se onlinebutik med snabb leverans \u00f6ver hela v\u00e4rlden! Den b\u00e4sta OxyContin f\u00f6r best\u00e4llning hittar du h\u00e4r!\" \/>\n<meta name=\"robots\" content=\"index, follow, max-snippet:-1, max-image-preview:large, max-video-preview:-1\" \/>\n<link rel=\"canonical\" href=\"https:\/\/medicinasinc.com\/se\/product\/kop-roxikodon-30-mg\/\" \/>\n<meta property=\"og:locale\" content=\"sv_SE\" \/>\n<meta property=\"og:type\" content=\"article\" \/>\n<meta property=\"og:title\" content=\"K\u00f6p Roxikodon 30 mg - B\u00e4sta b\u00e4sta globala medicinerna\" \/>\n<meta property=\"og:description\" content=\"K\u00f6p Roxicodone 30 mg tabletter Storbritannien, Europa i v\u00e5r medicinasinc.com\/se onlinebutik med snabb leverans \u00f6ver hela v\u00e4rlden! Den b\u00e4sta OxyContin f\u00f6r best\u00e4llning hittar du h\u00e4r!\" \/>\n<meta property=\"og:url\" content=\"https:\/\/medicinasinc.com\/se\/product\/kop-roxikodon-30-mg\/\" \/>\n<meta property=\"og:site_name\" content=\"Medicinas Inc\" \/>\n<meta property=\"article:modified_time\" content=\"2022-07-03T23:36:45+00:00\" \/>\n<meta property=\"og:image\" content=\"https:\/\/medicinasinc.com\/se\/wp-content\/uploads\/sites\/16\/2022\/02\/Roxicodone-30-mg.png\" \/>\n\t<meta property=\"og:image:width\" content=\"400\" \/>\n\t<meta property=\"og:image:height\" content=\"300\" \/>\n\t<meta property=\"og:image:type\" content=\"image\/png\" \/>\n<meta name=\"twitter:card\" content=\"summary_large_image\" \/>\n<meta name=\"twitter:label1\" content=\"Ber\u00e4knad l\u00e4stid\" \/>\n\t<meta name=\"twitter:data1\" content=\"7 minuter\" \/>\n<script type=\"application\/ld+json\" class=\"yoast-schema-graph\">{\"@context\":\"https:\\\/\\\/schema.org\",\"@graph\":[{\"@type\":\"WebPage\",\"@id\":\"https:\\\/\\\/medicinasinc.com\\\/se\\\/product\\\/kop-roxikodon-30-mg\\\/\",\"url\":\"https:\\\/\\\/medicinasinc.com\\\/se\\\/product\\\/kop-roxikodon-30-mg\\\/\",\"name\":\"K\u00f6p Roxikodon 30 mg - B\u00e4sta b\u00e4sta globala medicinerna\",\"isPartOf\":{\"@id\":\"https:\\\/\\\/medicinasinc.com\\\/se\\\/#website\"},\"primaryImageOfPage\":{\"@id\":\"https:\\\/\\\/medicinasinc.com\\\/se\\\/product\\\/kop-roxikodon-30-mg\\\/#primaryimage\"},\"image\":{\"@id\":\"https:\\\/\\\/medicinasinc.com\\\/se\\\/product\\\/kop-roxikodon-30-mg\\\/#primaryimage\"},\"thumbnailUrl\":\"https:\\\/\\\/medicinasinc.com\\\/se\\\/wp-content\\\/uploads\\\/sites\\\/16\\\/2022\\\/02\\\/Roxicodone-30-mg.png\",\"datePublished\":\"2022-02-21T18:38:01+00:00\",\"dateModified\":\"2022-07-03T23:36:45+00:00\",\"description\":\"K\u00f6p Roxicodone 30 mg tabletter Storbritannien, Europa i v\u00e5r medicinasinc.com\\\/se onlinebutik med snabb leverans \u00f6ver hela v\u00e4rlden! Den b\u00e4sta OxyContin f\u00f6r best\u00e4llning hittar du h\u00e4r!\",\"breadcrumb\":{\"@id\":\"https:\\\/\\\/medicinasinc.com\\\/se\\\/product\\\/kop-roxikodon-30-mg\\\/#breadcrumb\"},\"inLanguage\":\"sv-SE\",\"potentialAction\":[{\"@type\":\"ReadAction\",\"target\":[\"https:\\\/\\\/medicinasinc.com\\\/se\\\/product\\\/kop-roxikodon-30-mg\\\/\"]}]},{\"@type\":\"ImageObject\",\"inLanguage\":\"sv-SE\",\"@id\":\"https:\\\/\\\/medicinasinc.com\\\/se\\\/product\\\/kop-roxikodon-30-mg\\\/#primaryimage\",\"url\":\"https:\\\/\\\/medicinasinc.com\\\/se\\\/wp-content\\\/uploads\\\/sites\\\/16\\\/2022\\\/02\\\/Roxicodone-30-mg.png\",\"contentUrl\":\"https:\\\/\\\/medicinasinc.com\\\/se\\\/wp-content\\\/uploads\\\/sites\\\/16\\\/2022\\\/02\\\/Roxicodone-30-mg.png\",\"width\":400,\"height\":300},{\"@type\":\"BreadcrumbList\",\"@id\":\"https:\\\/\\\/medicinasinc.com\\\/se\\\/product\\\/kop-roxikodon-30-mg\\\/#breadcrumb\",\"itemListElement\":[{\"@type\":\"ListItem\",\"position\":1,\"name\":\"aff\u00e4r\",\"item\":\"https:\\\/\\\/medicinasinc.com\\\/se\\\/affar\\\/\"},{\"@type\":\"ListItem\",\"position\":2,\"name\":\"K\u00f6p Roxikodon 30 mg\"}]},{\"@type\":\"WebSite\",\"@id\":\"https:\\\/\\\/medicinasinc.com\\\/se\\\/#website\",\"url\":\"https:\\\/\\\/medicinasinc.com\\\/se\\\/\",\"name\":\"Medicinas Inc\",\"description\":\"Health Medical Clinic\",\"potentialAction\":[{\"@type\":\"SearchAction\",\"target\":{\"@type\":\"EntryPoint\",\"urlTemplate\":\"https:\\\/\\\/medicinasinc.com\\\/se\\\/?s={search_term_string}\"},\"query-input\":{\"@type\":\"PropertyValueSpecification\",\"valueRequired\":true,\"valueName\":\"search_term_string\"}}],\"inLanguage\":\"sv-SE\"}]}<\/script>\n<!-- \/ Yoast SEO plugin. -->","yoast_head_json":{"title":"K\u00f6p Roxikodon 30 mg - B\u00e4sta b\u00e4sta globala medicinerna","description":"K\u00f6p Roxicodone 30 mg tabletter Storbritannien, Europa i v\u00e5r medicinasinc.com\/se onlinebutik med snabb leverans \u00f6ver hela v\u00e4rlden! Den b\u00e4sta OxyContin f\u00f6r best\u00e4llning hittar du h\u00e4r!","robots":{"index":"index","follow":"follow","max-snippet":"max-snippet:-1","max-image-preview":"max-image-preview:large","max-video-preview":"max-video-preview:-1"},"canonical":"https:\/\/medicinasinc.com\/se\/product\/kop-roxikodon-30-mg\/","og_locale":"sv_SE","og_type":"article","og_title":"K\u00f6p Roxikodon 30 mg - B\u00e4sta b\u00e4sta globala medicinerna","og_description":"K\u00f6p Roxicodone 30 mg tabletter Storbritannien, Europa i v\u00e5r medicinasinc.com\/se onlinebutik med snabb leverans \u00f6ver hela v\u00e4rlden! Den b\u00e4sta OxyContin f\u00f6r best\u00e4llning hittar du h\u00e4r!","og_url":"https:\/\/medicinasinc.com\/se\/product\/kop-roxikodon-30-mg\/","og_site_name":"Medicinas Inc","article_modified_time":"2022-07-03T23:36:45+00:00","og_image":[{"width":400,"height":300,"url":"https:\/\/medicinasinc.com\/se\/wp-content\/uploads\/sites\/16\/2022\/02\/Roxicodone-30-mg.png","type":"image\/png"}],"twitter_card":"summary_large_image","twitter_misc":{"Ber\u00e4knad l\u00e4stid":"7 minuter"},"schema":{"@context":"https:\/\/schema.org","@graph":[{"@type":"WebPage","@id":"https:\/\/medicinasinc.com\/se\/product\/kop-roxikodon-30-mg\/","url":"https:\/\/medicinasinc.com\/se\/product\/kop-roxikodon-30-mg\/","name":"K\u00f6p Roxikodon 30 mg - B\u00e4sta b\u00e4sta globala medicinerna","isPartOf":{"@id":"https:\/\/medicinasinc.com\/se\/#website"},"primaryImageOfPage":{"@id":"https:\/\/medicinasinc.com\/se\/product\/kop-roxikodon-30-mg\/#primaryimage"},"image":{"@id":"https:\/\/medicinasinc.com\/se\/product\/kop-roxikodon-30-mg\/#primaryimage"},"thumbnailUrl":"https:\/\/medicinasinc.com\/se\/wp-content\/uploads\/sites\/16\/2022\/02\/Roxicodone-30-mg.png","datePublished":"2022-02-21T18:38:01+00:00","dateModified":"2022-07-03T23:36:45+00:00","description":"K\u00f6p Roxicodone 30 mg tabletter Storbritannien, Europa i v\u00e5r medicinasinc.com\/se onlinebutik med snabb leverans \u00f6ver hela v\u00e4rlden! Den b\u00e4sta OxyContin f\u00f6r best\u00e4llning hittar du h\u00e4r!","breadcrumb":{"@id":"https:\/\/medicinasinc.com\/se\/product\/kop-roxikodon-30-mg\/#breadcrumb"},"inLanguage":"sv-SE","potentialAction":[{"@type":"ReadAction","target":["https:\/\/medicinasinc.com\/se\/product\/kop-roxikodon-30-mg\/"]}]},{"@type":"ImageObject","inLanguage":"sv-SE","@id":"https:\/\/medicinasinc.com\/se\/product\/kop-roxikodon-30-mg\/#primaryimage","url":"https:\/\/medicinasinc.com\/se\/wp-content\/uploads\/sites\/16\/2022\/02\/Roxicodone-30-mg.png","contentUrl":"https:\/\/medicinasinc.com\/se\/wp-content\/uploads\/sites\/16\/2022\/02\/Roxicodone-30-mg.png","width":400,"height":300},{"@type":"BreadcrumbList","@id":"https:\/\/medicinasinc.com\/se\/product\/kop-roxikodon-30-mg\/#breadcrumb","itemListElement":[{"@type":"ListItem","position":1,"name":"aff\u00e4r","item":"https:\/\/medicinasinc.com\/se\/affar\/"},{"@type":"ListItem","position":2,"name":"K\u00f6p Roxikodon 30 mg"}]},{"@type":"WebSite","@id":"https:\/\/medicinasinc.com\/se\/#website","url":"https:\/\/medicinasinc.com\/se\/","name":"Medicinas Inc","description":"Health Medical Clinic","potentialAction":[{"@type":"SearchAction","target":{"@type":"EntryPoint","urlTemplate":"https:\/\/medicinasinc.com\/se\/?s={search_term_string}"},"query-input":{"@type":"PropertyValueSpecification","valueRequired":true,"valueName":"search_term_string"}}],"inLanguage":"sv-SE"}]}},"_links":{"self":[{"href":"https:\/\/medicinasinc.com\/se\/wp-json\/wp\/v2\/product\/5310","targetHints":{"allow":["GET"]}}],"collection":[{"href":"https:\/\/medicinasinc.com\/se\/wp-json\/wp\/v2\/product"}],"about":[{"href":"https:\/\/medicinasinc.com\/se\/wp-json\/wp\/v2\/types\/product"}],"replies":[{"embeddable":true,"href":"https:\/\/medicinasinc.com\/se\/wp-json\/wp\/v2\/comments?post=5310"}],"wp:featuredmedia":[{"embeddable":true,"href":"https:\/\/medicinasinc.com\/se\/wp-json\/wp\/v2\/media\/5321"}],"wp:attachment":[{"href":"https:\/\/medicinasinc.com\/se\/wp-json\/wp\/v2\/media?parent=5310"}],"wp:term":[{"taxonomy":"product_brand","embeddable":true,"href":"https:\/\/medicinasinc.com\/se\/wp-json\/wp\/v2\/product_brand?post=5310"},{"taxonomy":"product_cat","embeddable":true,"href":"https:\/\/medicinasinc.com\/se\/wp-json\/wp\/v2\/product_cat?post=5310"},{"taxonomy":"product_tag","embeddable":true,"href":"https:\/\/medicinasinc.com\/se\/wp-json\/wp\/v2\/product_tag?post=5310"}],"curies":[{"name":"wp","href":"https:\/\/api.w.org\/{rel}","templated":true}]}}