{"id":5309,"date":"2022-02-21T18:36:34","date_gmt":"2022-02-21T18:36:34","guid":{"rendered":"https:\/\/medicinasinc.com\/se\/?post_type=product&#038;p=5309"},"modified":"2022-07-03T23:36:53","modified_gmt":"2022-07-03T23:36:53","slug":"kop-restoril-30-mg-temazepam-piller","status":"publish","type":"product","link":"https:\/\/medicinasinc.com\/se\/product\/kop-restoril-30-mg-temazepam-piller\/","title":{"rendered":"K\u00f6p Restoril 30 mg Temazepam piller"},"content":{"rendered":"<div class=\"product-next-previous\">\n<div>\n<p>Onlineapotek f\u00f6r att k\u00f6pa Restoril Temezepam-tabletter (30Mg)<br \/> Restoril: Vad \u00e4r det och hur anv\u00e4nds det?<\/p>\n<p> Restoril \u00e4r ett receptbelagt l\u00e4kemedel som anv\u00e4nds f\u00f6r att behandla s\u00f6mnl\u00f6shetsproblem. Restoril kan tas ensamt eller i kombination med andra l\u00e4kemedel.<\/p>\n<p>Restoril \u00e4r ett lugnande\/s\u00f6mnmedel.<\/p>\n<p>Restoril \u00e4r inte k\u00e4nt f\u00f6r att vara s\u00e4kert eller effektivt hos barn.<\/p>\n<p>Vilka \u00e4r de troliga riskerna f\u00f6rknippade med Restoril?<\/p>\n<p>Restoril kan ha stora skadliga effekter, inklusive f\u00f6ljande:<\/p>\n<p>F\u00f6rvirring, agitation, aggressivitet, hallucinationer, \u00e5ngest, minnesproblem, och sorgligt hum\u00f6r \u00e4r alla symptom p\u00e5 schizofreni.<\/p>\n<p>&nbsp;<\/p>\n<p>Temazepam, liksom m\u00e5nga andra liknande och relaterade bensodiazepiner, fungerar som en GABA-modulator och kan inducera ett antal effekter, inklusive d\u00e5sighet, hypnos, avslappning av skelettmuskulaturen, antikonvulsiv aktivitet och anxiolytisk verkan 6,7,13,14.<\/p>\n<p>\u00c4ven om den kemiska syntesen av temazepam uppt\u00e4cktes 1965 9, b\u00f6rjade dess utbredda moderna anv\u00e4ndning inte f\u00f6rr\u00e4n L\u00e4kemedlets verkliga anv\u00e4ndning som en s\u00f6mnl\u00f6shetsbehandling erk\u00e4ndes och licensierades senare. Innan temazepam blev ett vanligt f\u00f6reskrivet l\u00e4kemedel f\u00f6r civila anv\u00e4ndes det \u2013 och forts\u00e4tter att anv\u00e4ndas \u2013 av den amerikanska milit\u00e4ren som en lugnande-hypnotisk medicin som skulle tas av soldater, piloter och andra f\u00f6r att f\u00e5 den n\u00f6dv\u00e4ndiga vilan f\u00f6r medicinsk \u00e5terh\u00e4mtning eller schemalagda man\u00f6vrar och operationer 10. Oavsett vilket har temazepam vuxit till att bli ett av de mest utskrivna l\u00e4kemedlen i v\u00e4rlden, med miljontals recept som skrivs ut varje \u00e5r. Tyv\u00e4rr, p\u00e5 grund av dess utbredda anv\u00e4ndning och den inneboende karakt\u00e4ren hos dess farmakologiska effekter, har temazepam \u2013 liksom m\u00e5nga andra bensodiazepiner \u2013 en betydande potential f\u00f6r missbruk och kan f\u00e5 anv\u00e4ndare att utveckla drogtolerans, fysiskt beroende och beroende.<\/p>\n<p>Gruppergodk\u00e4nda, utredningsstrukturSm\u00e5 molekyler<\/p>\n<div class=\"structure\"><a class=\"moldbi-vector-thumbnail\" href=\"https:\/\/go.drugbank.com\/structures\/DB00231\/image.svg\"><img decoding=\"async\" src=\"https:\/\/go.drugbank.com\/structures\/DB00231\/thumb.svg\" alt=\"Tumme\" \/><\/a><\/div>\n<dl class=\"right-dl col- xl-6 col-lg-12\"><\/dl>\n<\/p><\/div>\n<div class=\"product-prev\"><strong>temazepam (restoril), temazepam restoril, restoril temazepam, temazepam (restoril) biverkningar, temazepam (restoril, k\u00f6p restoril temazepam online, k\u00f6p temazepam (restoril), generisk restoril temazepam, temazepam restoril k\u00f6p, restoril (temazepam) 30mg till salu, \u00e4r temazepam detsamma som restoril, temazepam (restoril) davis, temazepam (restoril) pillerflaska e, var kan du k\u00f6pa temazepam (restoril), temazepam (restoril) cvs, temazepam (restoril) buy, temazepam samma som restoril, temazepam (restoril)\u00a0<img decoding=\"async\" class=\"emoji\" role=\"img\" src=\"https:\/ \/s.w.org\/images\/core\/emoji\/13.1.0\/svg\/2714.svg\" alt=\"\u2714\" \/>\u00a0<img decoding=\"async\" class=\"emoji\" role=\"img\" src=\"https:\/\/s.w.org\/images \/core\/emoji\/13.1.0\/svg\/2714.svg\" alt=\"\u2714\" \/>\u00a0<img decoding=\"async\" class=\"emoji\" role=\"img\" src=\"https:\/\/s.w.org\/images\/core\/emoji\/ 13.1.0\/svg\/2714.svg\" alt=\"\u2714\" \/>, restoril temazepam 30mg, s\u00e4kert alternativ till restoril (temazepam), temazepam (restoril) pris, temazepam (restoril) otc, temazepam restoril biverkningar, temazepam (m\u00e4rke) namn restoril), restoril (temazepam)<\/strong><\/div><\/div>\n<div class=\"product-next-previous\">\n<div class=\"product-prev\"><\/div><\/div>\n","protected":false},"excerpt":{"rendered":"<p>K\u00f6p Restoril 30mg Temezepam-tabletter kan k\u00f6pas online.<\/p>\n<p>Varunamn:\u00a0<strong>Restoril<\/strong><br \/> Generisk:\u00a0<strong>Temazepam<\/strong><br \/> Styrka Tillg\u00e4nglig: 30mg<br \/> F\u00f6rpackning: Blister<br \/> Tillverkad av: Novartis<\/p>\n<p>&nbsp;<\/p>\n","protected":false},"featured_media":5319,"comment_status":"open","ping_status":"closed","template":"","meta":[],"product_brand":[],"product_cat":[1117],"product_tag":[1854,1853,1851,1852,1875,1855,1856,1857,1858,1859,1860,1861,1862,1863,1865,1866,1872,1867,1868,1869,1870,1871,1864,1873,1874,1876,1877,1878],"class_list":{"0":"post-5309","1":"product","2":"type-product","3":"status-publish","4":"has-post-thumbnail","6":"product_cat-kop-smarta-somn-sextabletter","7":"product_tag-r-temazepam-samma-som-restoril","8":"product_tag-generic-restoril-temazepam","9":"product_tag-kp-restoril-temazepam-online","10":"product_tag-kp-temazepam-restoril","11":"product_tag-temazepam-restoril-kp","12":"product_tag-receptfritt-substitut-mot-temazepam","13":"product_tag-restoril-temazepam-30mg-till-salu","14":"product_tag-restoril-15-mg","15":"product_tag-restoril-15-mg-online","16":"product_tag-restoril-30-mg-pris","17":"product_tag-restoril-surfplatta-online","18":"product_tag-restoril-temazepam","19":"product_tag-restoril-temazepam-30mg","20":"product_tag-skert-alternativ-till-restoril-temazepam","21":"product_tag-temazepam-restoril","22":"product_tag-temazepam-restoril---","23":"product_tag-temazepam-restoril-biverkningar","24":"product_tag-temazepam-restoril-cvs","25":"product_tag-temazepam-restoril-davis","26":"product_tag-temazepam-restoril-otc","27":"product_tag-temazepam-restoril-piller-flaska","28":"product_tag-temazepam-restoril-pris","29":"product_tag-temazepam-brand-name-restoril","30":"product_tag-temazepam-30-mg","31":"product_tag-temazepam-30-mg-biverkningar","32":"product_tag-temazepam-samma-som-restoril","33":"product_tag-temazepam-viktminskning","34":"product_tag-var-kan-du-kpa-temazepam-restoril","36":"first","37":"instock","38":"shipping-taxable","39":"purchasable","40":"product-type-variable","41":"has-default-attributes"},"yoast_head":"<!-- This site is optimized with the Yoast SEO plugin v27.2 - https:\/\/yoast.com\/product\/yoast-seo-wordpress\/ -->\n<title>K\u00f6p Restoril 30 mg Temazepam piller - Best Best Global Meds<\/title>\n<meta name=\"description\" content=\"Piller med tryck RESTORIL 30 mg M F\u00d6R S\u00d6MN \u00e4r bl\u00e5\/r\u00f6dbrun, kapselformad och har identifierats som Restoril 30 mg. K\u00f6p RESTORIL 30 mg M F\u00d6R S\u00d6VN.\" \/>\n<meta name=\"robots\" content=\"index, follow, max-snippet:-1, max-image-preview:large, max-video-preview:-1\" \/>\n<link rel=\"canonical\" href=\"https:\/\/medicinasinc.com\/se\/product\/kop-restoril-30-mg-temazepam-piller\/\" \/>\n<meta property=\"og:locale\" content=\"sv_SE\" \/>\n<meta property=\"og:type\" content=\"article\" \/>\n<meta property=\"og:title\" content=\"K\u00f6p Restoril 30 mg Temazepam piller - Best Best Global Meds\" \/>\n<meta property=\"og:description\" content=\"Piller med tryck RESTORIL 30 mg M F\u00d6R S\u00d6MN \u00e4r bl\u00e5\/r\u00f6dbrun, kapselformad och har identifierats som Restoril 30 mg. K\u00f6p RESTORIL 30 mg M F\u00d6R S\u00d6VN.\" \/>\n<meta property=\"og:url\" content=\"https:\/\/medicinasinc.com\/se\/product\/kop-restoril-30-mg-temazepam-piller\/\" \/>\n<meta property=\"og:site_name\" content=\"Medicinas Inc\" \/>\n<meta property=\"article:modified_time\" content=\"2022-07-03T23:36:53+00:00\" \/>\n<meta property=\"og:image\" content=\"https:\/\/medicinasinc.com\/se\/wp-content\/uploads\/sites\/16\/2022\/02\/Buy-Restoril-30-mg-Temazepam-pills.jpg\" \/>\n\t<meta property=\"og:image:width\" content=\"2064\" \/>\n\t<meta property=\"og:image:height\" content=\"1073\" \/>\n\t<meta property=\"og:image:type\" content=\"image\/jpeg\" \/>\n<meta name=\"twitter:card\" content=\"summary_large_image\" \/>\n<meta name=\"twitter:label1\" content=\"Ber\u00e4knad l\u00e4stid\" \/>\n\t<meta name=\"twitter:data1\" content=\"3 minuter\" \/>\n<script type=\"application\/ld+json\" class=\"yoast-schema-graph\">{\"@context\":\"https:\/\/schema.org\",\"@graph\":[{\"@type\":\"WebPage\",\"@id\":\"https:\/\/medicinasinc.com\/se\/product\/kop-restoril-30-mg-temazepam-piller\/\",\"url\":\"https:\/\/medicinasinc.com\/se\/product\/kop-restoril-30-mg-temazepam-piller\/\",\"name\":\"K\u00f6p Restoril 30 mg Temazepam piller - Best Best Global Meds\",\"isPartOf\":{\"@id\":\"https:\/\/medicinasinc.com\/se\/#website\"},\"primaryImageOfPage\":{\"@id\":\"https:\/\/medicinasinc.com\/se\/product\/kop-restoril-30-mg-temazepam-piller\/#primaryimage\"},\"image\":{\"@id\":\"https:\/\/medicinasinc.com\/se\/product\/kop-restoril-30-mg-temazepam-piller\/#primaryimage\"},\"thumbnailUrl\":\"https:\/\/medicinasinc.com\/se\/wp-content\/uploads\/sites\/16\/2022\/02\/Buy-Restoril-30-mg-Temazepam-pills.jpg\",\"datePublished\":\"2022-02-21T18:36:34+00:00\",\"dateModified\":\"2022-07-03T23:36:53+00:00\",\"description\":\"Piller med tryck RESTORIL 30 mg M F\u00d6R S\u00d6MN \u00e4r bl\u00e5\/r\u00f6dbrun, kapselformad och har identifierats som Restoril 30 mg. K\u00f6p RESTORIL 30 mg M F\u00d6R S\u00d6VN.\",\"breadcrumb\":{\"@id\":\"https:\/\/medicinasinc.com\/se\/product\/kop-restoril-30-mg-temazepam-piller\/#breadcrumb\"},\"inLanguage\":\"sv-SE\",\"potentialAction\":[{\"@type\":\"ReadAction\",\"target\":[\"https:\/\/medicinasinc.com\/se\/product\/kop-restoril-30-mg-temazepam-piller\/\"]}]},{\"@type\":\"ImageObject\",\"inLanguage\":\"sv-SE\",\"@id\":\"https:\/\/medicinasinc.com\/se\/product\/kop-restoril-30-mg-temazepam-piller\/#primaryimage\",\"url\":\"https:\/\/medicinasinc.com\/se\/wp-content\/uploads\/sites\/16\/2022\/02\/Buy-Restoril-30-mg-Temazepam-pills.jpg\",\"contentUrl\":\"https:\/\/medicinasinc.com\/se\/wp-content\/uploads\/sites\/16\/2022\/02\/Buy-Restoril-30-mg-Temazepam-pills.jpg\",\"width\":2064,\"height\":1073},{\"@type\":\"BreadcrumbList\",\"@id\":\"https:\/\/medicinasinc.com\/se\/product\/kop-restoril-30-mg-temazepam-piller\/#breadcrumb\",\"itemListElement\":[{\"@type\":\"ListItem\",\"position\":1,\"name\":\"aff\u00e4r\",\"item\":\"https:\/\/medicinasinc.com\/se\/affar\/\"},{\"@type\":\"ListItem\",\"position\":2,\"name\":\"K\u00f6p Restoril 30 mg Temazepam piller\"}]},{\"@type\":\"WebSite\",\"@id\":\"https:\/\/medicinasinc.com\/se\/#website\",\"url\":\"https:\/\/medicinasinc.com\/se\/\",\"name\":\"Medicinas Inc\",\"description\":\"Health Medical Clinic\",\"potentialAction\":[{\"@type\":\"SearchAction\",\"target\":{\"@type\":\"EntryPoint\",\"urlTemplate\":\"https:\/\/medicinasinc.com\/se\/?s={search_term_string}\"},\"query-input\":{\"@type\":\"PropertyValueSpecification\",\"valueRequired\":true,\"valueName\":\"search_term_string\"}}],\"inLanguage\":\"sv-SE\"}]}<\/script>\n<!-- \/ Yoast SEO plugin. -->","yoast_head_json":{"title":"K\u00f6p Restoril 30 mg Temazepam piller - Best Best Global Meds","description":"Piller med tryck RESTORIL 30 mg M F\u00d6R S\u00d6MN \u00e4r bl\u00e5\/r\u00f6dbrun, kapselformad och har identifierats som Restoril 30 mg. K\u00f6p RESTORIL 30 mg M F\u00d6R S\u00d6VN.","robots":{"index":"index","follow":"follow","max-snippet":"max-snippet:-1","max-image-preview":"max-image-preview:large","max-video-preview":"max-video-preview:-1"},"canonical":"https:\/\/medicinasinc.com\/se\/product\/kop-restoril-30-mg-temazepam-piller\/","og_locale":"sv_SE","og_type":"article","og_title":"K\u00f6p Restoril 30 mg Temazepam piller - Best Best Global Meds","og_description":"Piller med tryck RESTORIL 30 mg M F\u00d6R S\u00d6MN \u00e4r bl\u00e5\/r\u00f6dbrun, kapselformad och har identifierats som Restoril 30 mg. K\u00f6p RESTORIL 30 mg M F\u00d6R S\u00d6VN.","og_url":"https:\/\/medicinasinc.com\/se\/product\/kop-restoril-30-mg-temazepam-piller\/","og_site_name":"Medicinas Inc","article_modified_time":"2022-07-03T23:36:53+00:00","og_image":[{"width":2064,"height":1073,"url":"https:\/\/medicinasinc.com\/se\/wp-content\/uploads\/sites\/16\/2022\/02\/Buy-Restoril-30-mg-Temazepam-pills.jpg","type":"image\/jpeg"}],"twitter_card":"summary_large_image","twitter_misc":{"Ber\u00e4knad l\u00e4stid":"3 minuter"},"schema":{"@context":"https:\/\/schema.org","@graph":[{"@type":"WebPage","@id":"https:\/\/medicinasinc.com\/se\/product\/kop-restoril-30-mg-temazepam-piller\/","url":"https:\/\/medicinasinc.com\/se\/product\/kop-restoril-30-mg-temazepam-piller\/","name":"K\u00f6p Restoril 30 mg Temazepam piller - Best Best Global Meds","isPartOf":{"@id":"https:\/\/medicinasinc.com\/se\/#website"},"primaryImageOfPage":{"@id":"https:\/\/medicinasinc.com\/se\/product\/kop-restoril-30-mg-temazepam-piller\/#primaryimage"},"image":{"@id":"https:\/\/medicinasinc.com\/se\/product\/kop-restoril-30-mg-temazepam-piller\/#primaryimage"},"thumbnailUrl":"https:\/\/medicinasinc.com\/se\/wp-content\/uploads\/sites\/16\/2022\/02\/Buy-Restoril-30-mg-Temazepam-pills.jpg","datePublished":"2022-02-21T18:36:34+00:00","dateModified":"2022-07-03T23:36:53+00:00","description":"Piller med tryck RESTORIL 30 mg M F\u00d6R S\u00d6MN \u00e4r bl\u00e5\/r\u00f6dbrun, kapselformad och har identifierats som Restoril 30 mg. K\u00f6p RESTORIL 30 mg M F\u00d6R S\u00d6VN.","breadcrumb":{"@id":"https:\/\/medicinasinc.com\/se\/product\/kop-restoril-30-mg-temazepam-piller\/#breadcrumb"},"inLanguage":"sv-SE","potentialAction":[{"@type":"ReadAction","target":["https:\/\/medicinasinc.com\/se\/product\/kop-restoril-30-mg-temazepam-piller\/"]}]},{"@type":"ImageObject","inLanguage":"sv-SE","@id":"https:\/\/medicinasinc.com\/se\/product\/kop-restoril-30-mg-temazepam-piller\/#primaryimage","url":"https:\/\/medicinasinc.com\/se\/wp-content\/uploads\/sites\/16\/2022\/02\/Buy-Restoril-30-mg-Temazepam-pills.jpg","contentUrl":"https:\/\/medicinasinc.com\/se\/wp-content\/uploads\/sites\/16\/2022\/02\/Buy-Restoril-30-mg-Temazepam-pills.jpg","width":2064,"height":1073},{"@type":"BreadcrumbList","@id":"https:\/\/medicinasinc.com\/se\/product\/kop-restoril-30-mg-temazepam-piller\/#breadcrumb","itemListElement":[{"@type":"ListItem","position":1,"name":"aff\u00e4r","item":"https:\/\/medicinasinc.com\/se\/affar\/"},{"@type":"ListItem","position":2,"name":"K\u00f6p Restoril 30 mg Temazepam piller"}]},{"@type":"WebSite","@id":"https:\/\/medicinasinc.com\/se\/#website","url":"https:\/\/medicinasinc.com\/se\/","name":"Medicinas Inc","description":"Health Medical Clinic","potentialAction":[{"@type":"SearchAction","target":{"@type":"EntryPoint","urlTemplate":"https:\/\/medicinasinc.com\/se\/?s={search_term_string}"},"query-input":{"@type":"PropertyValueSpecification","valueRequired":true,"valueName":"search_term_string"}}],"inLanguage":"sv-SE"}]}},"_links":{"self":[{"href":"https:\/\/medicinasinc.com\/se\/wp-json\/wp\/v2\/product\/5309","targetHints":{"allow":["GET"]}}],"collection":[{"href":"https:\/\/medicinasinc.com\/se\/wp-json\/wp\/v2\/product"}],"about":[{"href":"https:\/\/medicinasinc.com\/se\/wp-json\/wp\/v2\/types\/product"}],"replies":[{"embeddable":true,"href":"https:\/\/medicinasinc.com\/se\/wp-json\/wp\/v2\/comments?post=5309"}],"wp:featuredmedia":[{"embeddable":true,"href":"https:\/\/medicinasinc.com\/se\/wp-json\/wp\/v2\/media\/5319"}],"wp:attachment":[{"href":"https:\/\/medicinasinc.com\/se\/wp-json\/wp\/v2\/media?parent=5309"}],"wp:term":[{"taxonomy":"product_brand","embeddable":true,"href":"https:\/\/medicinasinc.com\/se\/wp-json\/wp\/v2\/product_brand?post=5309"},{"taxonomy":"product_cat","embeddable":true,"href":"https:\/\/medicinasinc.com\/se\/wp-json\/wp\/v2\/product_cat?post=5309"},{"taxonomy":"product_tag","embeddable":true,"href":"https:\/\/medicinasinc.com\/se\/wp-json\/wp\/v2\/product_tag?post=5309"}],"curies":[{"name":"wp","href":"https:\/\/api.w.org\/{rel}","templated":true}]}}