{"id":5296,"date":"2022-02-21T18:20:49","date_gmt":"2022-02-21T18:20:49","guid":{"rendered":"https:\/\/medicinasinc.com\/se\/?post_type=product&#038;p=5296"},"modified":"2022-07-03T23:37:03","modified_gmt":"2022-07-03T23:37:03","slug":"kop-phenida-10mg-piller","status":"publish","type":"product","link":"https:\/\/medicinasinc.com\/se\/product\/kop-phenida-10mg-piller\/","title":{"rendered":"K\u00f6p Phenida 10mg piller"},"content":{"rendered":"<p>Phenida (metylfenidat hcl) 10 mg piller kan k\u00f6pas p\u00e5 internet.<\/p>\n<p>Vi har det b\u00e4sta onlineapoteket d\u00e4r du kan k\u00f6pa Phenida, s\u00e5 k\u00f6p det nu.<\/p>\n<p>PHENIDA \u00e4r ett l\u00e4kemedel som hj\u00e4lper personer med ADD\/ADHD. Det \u00e4r h\u00e4r du kan hitta mer information om ADD\/ADHD och andra fenida.<\/p>\n<p>ADD\/ADHD:<\/p>\n<p>Om du har ADHD kanske du inte kan beh\u00e5lla din uppm\u00e4rksamhet, vara f\u00f6r aktiv eller inte kunna kontrollera ditt beteende. En persons \u00e5lder och utveckling kan inte g\u00f6ra dessa problem till ADHD om de ligger utanf\u00f6r det normala intervallet f\u00f6r den personens \u00e5lder eller utveckling.<\/p>\n<p>Medicinering f\u00f6r ADD och ADHD? Den h\u00e4r webbplatsen s\u00e4ljer phenida (metylfenidat hcl) 10 mg.<\/p>\n<p>Den uppm\u00e4rksamhetsbrist och hyperaktivitetsst\u00f6rning (ADHD) \u00e4r en av de vanligaste sjukdomarna i barndomen, och den kan p\u00e5g\u00e5 genom ton\u00e5ren och \u00e4ven i vuxen\u00e5ren. Bland symptomen \u00e4r problem med att h\u00e5lla fokus och uppm\u00e4rksamma, problem med att kontrollera beteendet och hyperaktivitet (\u00f6veraktivitet).<\/p>\n<p>F\u00f6r att k\u00f6pa ADD-tabletter (Attention Deficit Disorder) online utan recept kan du g\u00e5 till webbplatsen .<\/p>\n<p>F\u00f6ljande \u00e4r de olika typerna av metylfenidat: metylfenidat-HCl, metylfenidat-HCl, metylfenidat-HCl ER, metylfenidat-HCl, metylfenidat-HCl, metylfenidat-HCl, metylfenidat-HCl 20 mg, metylfenidat, metylfenidat, HCL-fenidat och metylfenidat. N\u00e4r du k\u00f6per metylfenidat hcl-tabletter, vilka \u00e4r de? metylfenidat hcl er 20 mg, metylfenidat hcl 18 mg, metylfenidat hcl er cd, metylfenidat hcl er 10 mg, metylfenidat hcl doseringsformer och metylfenidat hcl vs metylfenidat hcl \u00e4r n\u00e5gra av fr\u00e5gorna folk st\u00e4ller mig.<\/p>\n","protected":false},"excerpt":{"rendered":"<div class=\"woocommerce-product-details__short-description\">\n<p>Phenida 10 mg piller kan k\u00f6pas online. receptfria s\u00f6mntabletter, onlineapotek i Storbritannien, steroidtabletter till salu, starka s\u00f6mntabletter, sm\u00e4rtstillande medicin.<\/p>\n<\/p><\/div>\n","protected":false},"featured_media":5307,"comment_status":"open","ping_status":"closed","template":"","meta":[],"product_brand":[],"product_cat":[1117],"product_tag":[1794,1795,1807,1809,1808,1796,1797,1799,1800,1801,1804,1805,1829,1806,1803,1798,1810,1814,1815,1816,1817,1822,1823,1824,1825,1819,1820,1821,1812,1826,1827,1828,1811,1813,1818,1802,1830,1831,1833,1834,1835,1832,1840,1837,1836,1841,1839,1842,1843,1844,1838,1845,1847,1848,1846,1849,1850],"class_list":{"0":"post-5296","1":"product","2":"type-product","3":"status-publish","4":"has-post-thumbnail","6":"product_cat-kop-smarta-somn-sextabletter","7":"product_tag-accepterar-paypal","8":"product_tag-adhd","9":"product_tag-r-phenida-samma-adderal","10":"product_tag-r-phenida-samma-asadder","11":"product_tag-r-phenida-samma-som-ritalin","12":"product_tag-bsta-phenida-metylfenidat-hcl-10mg-online","13":"product_tag-bulgarien-phenida","14":"product_tag-buy-phenida-methylphenidate-hcl-10mg-online","15":"product_tag-buy-phenida-online","16":"product_tag-buy-phenidano-prescription","17":"product_tag-generisk-ritalin-phenida","18":"product_tag-generisk-phenida","19":"product_tag-receptfria","20":"product_tag-r-fokalin-ven-kallad-phenida","21":"product_tag-kpphenidakreditkort","22":"product_tag-kp-phenida","23":"product_tag-methylphenidate-hcl","24":"product_tag-methylphenidate-hcl-20mg","25":"product_tag-methylphenidate-hcl-5mg","26":"product_tag-methylphenidate-hcl-cd","27":"product_tag-methylphenidate-hcl-dosage-forms","28":"product_tag-methylphenidate-hcl-er-27-mg","29":"product_tag-methylphenidate-hcl-er-36-mg","30":"product_tag-methylphenidate-hcl-er-54-mg","31":"product_tag-methylphenidate-hcl-er-cd","32":"product_tag-metylfenidat-hcl-er-10-mg","33":"product_tag-metylfenidat-hcl-er-18-mg","34":"product_tag-metylfenidat-hcl-er-20-mg","35":"product_tag-metylfenidat-hcl-18-mg","36":"product_tag-metylfenidat-hcl-er-tabletter","37":"product_tag-metylfenidat-hcl-biverkningar","38":"product_tag-metylfenidat-vs-metylfenidat-hcl","39":"product_tag-metylfenidat-hcl-10-mg","40":"product_tag-metylfenidat-hcl-20-mg","41":"product_tag-metylfenidat-hcl-er","42":"product_tag-kp-phenida-10mg","43":"product_tag-orderphenida","44":"product_tag-phenida","45":"product_tag-phenida-methylphenidate-hcl-10mg-for-sale-online","46":"product_tag-fenida-metylfenidat-hcl-10mg-pris","47":"product_tag-phenida-metylfenidat-hcl-10mg-granskning","48":"product_tag-fenida-metylfenidat-hcl-10-mg","49":"product_tag-phenida-online-trusted-pharmacy","50":"product_tag-phenida-bulgeria","51":"product_tag-phenida-flaska","52":"product_tag-phenida-online-trusted-pharmacy-bitcoin","53":"product_tag-phenida-online","54":"product_tag-phenida-recensioner","55":"product_tag-fenida-ritalin","56":"product_tag-phenida-ritalin-zafa","57":"product_tag-phenida-receptfritt","58":"product_tag-phenida-zafa","59":"product_tag-vad-r-metylfenidat-hcl","60":"product_tag-vad-r-fenida","61":"product_tag-vad-betyder-phenida","62":"product_tag-var-att-kpa-phenida","63":"product_tag-zafa-phenida","65":"first","66":"instock","67":"shipping-taxable","68":"purchasable","69":"product-type-variable","70":"has-default-attributes"},"yoast_head":"<!-- This site is optimized with the Yoast SEO plugin v27.2 - https:\/\/yoast.com\/product\/yoast-seo-wordpress\/ -->\n<title>K\u00f6p Phenida 10mg piller - b\u00e4sta b\u00e4sta globala mediciner<\/title>\n<meta name=\"description\" content=\"K\u00f6p Phenida 10mg piller online. receptfria s\u00f6mntabletter, best\u00e4ll piller online, steroidtabletter till salu, starka s\u00f6mntabletter, sm\u00e4rtstillande medicin, onlineapotek uk.\" \/>\n<meta name=\"robots\" content=\"index, follow, max-snippet:-1, max-image-preview:large, max-video-preview:-1\" \/>\n<link rel=\"canonical\" href=\"https:\/\/medicinasinc.com\/se\/product\/kop-phenida-10mg-piller\/\" \/>\n<meta property=\"og:locale\" content=\"sv_SE\" \/>\n<meta property=\"og:type\" content=\"article\" \/>\n<meta property=\"og:title\" content=\"K\u00f6p Phenida 10mg piller - b\u00e4sta b\u00e4sta globala mediciner\" \/>\n<meta property=\"og:description\" content=\"K\u00f6p Phenida 10mg piller online. receptfria s\u00f6mntabletter, best\u00e4ll piller online, steroidtabletter till salu, starka s\u00f6mntabletter, sm\u00e4rtstillande medicin, onlineapotek uk.\" \/>\n<meta property=\"og:url\" content=\"https:\/\/medicinasinc.com\/se\/product\/kop-phenida-10mg-piller\/\" \/>\n<meta property=\"og:site_name\" content=\"Medicinas Inc\" \/>\n<meta property=\"article:modified_time\" content=\"2022-07-03T23:37:03+00:00\" \/>\n<meta property=\"og:image\" content=\"https:\/\/medicinasinc.com\/se\/wp-content\/uploads\/sites\/16\/2022\/02\/buy-phenida-10mg-pills-online.jpg\" \/>\n\t<meta property=\"og:image:width\" content=\"600\" \/>\n\t<meta property=\"og:image:height\" content=\"600\" \/>\n\t<meta property=\"og:image:type\" content=\"image\/jpeg\" \/>\n<meta name=\"twitter:card\" content=\"summary_large_image\" \/>\n<meta name=\"twitter:label1\" content=\"Ber\u00e4knad l\u00e4stid\" \/>\n\t<meta name=\"twitter:data1\" content=\"2 minuter\" \/>\n<script type=\"application\/ld+json\" class=\"yoast-schema-graph\">{\"@context\":\"https:\/\/schema.org\",\"@graph\":[{\"@type\":\"WebPage\",\"@id\":\"https:\/\/medicinasinc.com\/se\/product\/kop-phenida-10mg-piller\/\",\"url\":\"https:\/\/medicinasinc.com\/se\/product\/kop-phenida-10mg-piller\/\",\"name\":\"K\u00f6p Phenida 10mg piller - b\u00e4sta b\u00e4sta globala mediciner\",\"isPartOf\":{\"@id\":\"https:\/\/medicinasinc.com\/se\/#website\"},\"primaryImageOfPage\":{\"@id\":\"https:\/\/medicinasinc.com\/se\/product\/kop-phenida-10mg-piller\/#primaryimage\"},\"image\":{\"@id\":\"https:\/\/medicinasinc.com\/se\/product\/kop-phenida-10mg-piller\/#primaryimage\"},\"thumbnailUrl\":\"https:\/\/medicinasinc.com\/se\/wp-content\/uploads\/sites\/16\/2022\/02\/buy-phenida-10mg-pills-online.jpg\",\"datePublished\":\"2022-02-21T18:20:49+00:00\",\"dateModified\":\"2022-07-03T23:37:03+00:00\",\"description\":\"K\u00f6p Phenida 10mg piller online. receptfria s\u00f6mntabletter, best\u00e4ll piller online, steroidtabletter till salu, starka s\u00f6mntabletter, sm\u00e4rtstillande medicin, onlineapotek uk.\",\"breadcrumb\":{\"@id\":\"https:\/\/medicinasinc.com\/se\/product\/kop-phenida-10mg-piller\/#breadcrumb\"},\"inLanguage\":\"sv-SE\",\"potentialAction\":[{\"@type\":\"ReadAction\",\"target\":[\"https:\/\/medicinasinc.com\/se\/product\/kop-phenida-10mg-piller\/\"]}]},{\"@type\":\"ImageObject\",\"inLanguage\":\"sv-SE\",\"@id\":\"https:\/\/medicinasinc.com\/se\/product\/kop-phenida-10mg-piller\/#primaryimage\",\"url\":\"https:\/\/medicinasinc.com\/se\/wp-content\/uploads\/sites\/16\/2022\/02\/buy-phenida-10mg-pills-online.jpg\",\"contentUrl\":\"https:\/\/medicinasinc.com\/se\/wp-content\/uploads\/sites\/16\/2022\/02\/buy-phenida-10mg-pills-online.jpg\",\"width\":600,\"height\":600},{\"@type\":\"BreadcrumbList\",\"@id\":\"https:\/\/medicinasinc.com\/se\/product\/kop-phenida-10mg-piller\/#breadcrumb\",\"itemListElement\":[{\"@type\":\"ListItem\",\"position\":1,\"name\":\"aff\u00e4r\",\"item\":\"https:\/\/medicinasinc.com\/se\/affar\/\"},{\"@type\":\"ListItem\",\"position\":2,\"name\":\"K\u00f6p Phenida 10mg piller\"}]},{\"@type\":\"WebSite\",\"@id\":\"https:\/\/medicinasinc.com\/se\/#website\",\"url\":\"https:\/\/medicinasinc.com\/se\/\",\"name\":\"Medicinas Inc\",\"description\":\"Health Medical Clinic\",\"potentialAction\":[{\"@type\":\"SearchAction\",\"target\":{\"@type\":\"EntryPoint\",\"urlTemplate\":\"https:\/\/medicinasinc.com\/se\/?s={search_term_string}\"},\"query-input\":{\"@type\":\"PropertyValueSpecification\",\"valueRequired\":true,\"valueName\":\"search_term_string\"}}],\"inLanguage\":\"sv-SE\"}]}<\/script>\n<!-- \/ Yoast SEO plugin. -->","yoast_head_json":{"title":"K\u00f6p Phenida 10mg piller - b\u00e4sta b\u00e4sta globala mediciner","description":"K\u00f6p Phenida 10mg piller online. receptfria s\u00f6mntabletter, best\u00e4ll piller online, steroidtabletter till salu, starka s\u00f6mntabletter, sm\u00e4rtstillande medicin, onlineapotek uk.","robots":{"index":"index","follow":"follow","max-snippet":"max-snippet:-1","max-image-preview":"max-image-preview:large","max-video-preview":"max-video-preview:-1"},"canonical":"https:\/\/medicinasinc.com\/se\/product\/kop-phenida-10mg-piller\/","og_locale":"sv_SE","og_type":"article","og_title":"K\u00f6p Phenida 10mg piller - b\u00e4sta b\u00e4sta globala mediciner","og_description":"K\u00f6p Phenida 10mg piller online. receptfria s\u00f6mntabletter, best\u00e4ll piller online, steroidtabletter till salu, starka s\u00f6mntabletter, sm\u00e4rtstillande medicin, onlineapotek uk.","og_url":"https:\/\/medicinasinc.com\/se\/product\/kop-phenida-10mg-piller\/","og_site_name":"Medicinas Inc","article_modified_time":"2022-07-03T23:37:03+00:00","og_image":[{"width":600,"height":600,"url":"https:\/\/medicinasinc.com\/se\/wp-content\/uploads\/sites\/16\/2022\/02\/buy-phenida-10mg-pills-online.jpg","type":"image\/jpeg"}],"twitter_card":"summary_large_image","twitter_misc":{"Ber\u00e4knad l\u00e4stid":"2 minuter"},"schema":{"@context":"https:\/\/schema.org","@graph":[{"@type":"WebPage","@id":"https:\/\/medicinasinc.com\/se\/product\/kop-phenida-10mg-piller\/","url":"https:\/\/medicinasinc.com\/se\/product\/kop-phenida-10mg-piller\/","name":"K\u00f6p Phenida 10mg piller - b\u00e4sta b\u00e4sta globala mediciner","isPartOf":{"@id":"https:\/\/medicinasinc.com\/se\/#website"},"primaryImageOfPage":{"@id":"https:\/\/medicinasinc.com\/se\/product\/kop-phenida-10mg-piller\/#primaryimage"},"image":{"@id":"https:\/\/medicinasinc.com\/se\/product\/kop-phenida-10mg-piller\/#primaryimage"},"thumbnailUrl":"https:\/\/medicinasinc.com\/se\/wp-content\/uploads\/sites\/16\/2022\/02\/buy-phenida-10mg-pills-online.jpg","datePublished":"2022-02-21T18:20:49+00:00","dateModified":"2022-07-03T23:37:03+00:00","description":"K\u00f6p Phenida 10mg piller online. receptfria s\u00f6mntabletter, best\u00e4ll piller online, steroidtabletter till salu, starka s\u00f6mntabletter, sm\u00e4rtstillande medicin, onlineapotek uk.","breadcrumb":{"@id":"https:\/\/medicinasinc.com\/se\/product\/kop-phenida-10mg-piller\/#breadcrumb"},"inLanguage":"sv-SE","potentialAction":[{"@type":"ReadAction","target":["https:\/\/medicinasinc.com\/se\/product\/kop-phenida-10mg-piller\/"]}]},{"@type":"ImageObject","inLanguage":"sv-SE","@id":"https:\/\/medicinasinc.com\/se\/product\/kop-phenida-10mg-piller\/#primaryimage","url":"https:\/\/medicinasinc.com\/se\/wp-content\/uploads\/sites\/16\/2022\/02\/buy-phenida-10mg-pills-online.jpg","contentUrl":"https:\/\/medicinasinc.com\/se\/wp-content\/uploads\/sites\/16\/2022\/02\/buy-phenida-10mg-pills-online.jpg","width":600,"height":600},{"@type":"BreadcrumbList","@id":"https:\/\/medicinasinc.com\/se\/product\/kop-phenida-10mg-piller\/#breadcrumb","itemListElement":[{"@type":"ListItem","position":1,"name":"aff\u00e4r","item":"https:\/\/medicinasinc.com\/se\/affar\/"},{"@type":"ListItem","position":2,"name":"K\u00f6p Phenida 10mg piller"}]},{"@type":"WebSite","@id":"https:\/\/medicinasinc.com\/se\/#website","url":"https:\/\/medicinasinc.com\/se\/","name":"Medicinas Inc","description":"Health Medical Clinic","potentialAction":[{"@type":"SearchAction","target":{"@type":"EntryPoint","urlTemplate":"https:\/\/medicinasinc.com\/se\/?s={search_term_string}"},"query-input":{"@type":"PropertyValueSpecification","valueRequired":true,"valueName":"search_term_string"}}],"inLanguage":"sv-SE"}]}},"_links":{"self":[{"href":"https:\/\/medicinasinc.com\/se\/wp-json\/wp\/v2\/product\/5296","targetHints":{"allow":["GET"]}}],"collection":[{"href":"https:\/\/medicinasinc.com\/se\/wp-json\/wp\/v2\/product"}],"about":[{"href":"https:\/\/medicinasinc.com\/se\/wp-json\/wp\/v2\/types\/product"}],"replies":[{"embeddable":true,"href":"https:\/\/medicinasinc.com\/se\/wp-json\/wp\/v2\/comments?post=5296"}],"wp:featuredmedia":[{"embeddable":true,"href":"https:\/\/medicinasinc.com\/se\/wp-json\/wp\/v2\/media\/5307"}],"wp:attachment":[{"href":"https:\/\/medicinasinc.com\/se\/wp-json\/wp\/v2\/media?parent=5296"}],"wp:term":[{"taxonomy":"product_brand","embeddable":true,"href":"https:\/\/medicinasinc.com\/se\/wp-json\/wp\/v2\/product_brand?post=5296"},{"taxonomy":"product_cat","embeddable":true,"href":"https:\/\/medicinasinc.com\/se\/wp-json\/wp\/v2\/product_cat?post=5296"},{"taxonomy":"product_tag","embeddable":true,"href":"https:\/\/medicinasinc.com\/se\/wp-json\/wp\/v2\/product_tag?post=5296"}],"curies":[{"name":"wp","href":"https:\/\/api.w.org\/{rel}","templated":true}]}}