{"id":5295,"date":"2022-02-21T18:18:17","date_gmt":"2022-02-21T18:18:17","guid":{"rendered":"https:\/\/medicinasinc.com\/se\/?post_type=product&#038;p=5295"},"modified":"2022-07-03T23:37:16","modified_gmt":"2022-07-03T23:37:16","slug":"kop-percocet-10mg-piller","status":"publish","type":"product","link":"https:\/\/medicinasinc.com\/se\/product\/kop-percocet-10mg-piller\/","title":{"rendered":"K\u00f6p Percocet 10mg piller"},"content":{"rendered":"<h1 style=\"text-align: center\">K\u00f6p Percocet 10 mg piller online.<\/h1>\n<div class=\"Section\" style=\"text-align: center\">\n<h1>BESKRIVNING<\/h1>\n<p><span class=\"Bold\">Oxikodonhydroklorid och paracetamol finns i tabletter f\u00f6r oral administrering.<\/span><\/p>\n<p>Varje tablett f\u00f6r oral administrering inneh\u00e5ller oxikodonhydroklorid och acetaminofen i f\u00f6ljande styrkor :<\/p>\n<p>Oxikodonhydroklorid, USP\u00a0\u00a0\u00a0\u00a0\u00a0\u00a0\u00a0\u00a0\u00a0\u00a0\u00a0\u00a0 2,5 mg*<br \/> (*2,5 mg oxikodon\u00a0v\u00e4teklorid motsvarar 2,2409 mg oxikodon.)<br \/> Acetaminophen, USP\u00a0\u00a0\u00a0\u00a0\u00a0\u00a0\u00a0\u00a0\u00a0\u00a0\u00a0\u00a0\u00a0\u00a0\u00a0\u00a0\u00a0\u00a0\u00a0\u00a0\u00a0\u00a0\u00a0\u00a0\u00a0\u00a0\u00a0\u00a0\u00a0\u00a0\u00a0\u00a0\u00a0\u00a0\u00a0\u00a0\u00a0\u00a0\u00a0\u00a0\u00a0\u00a0\u00a0\u00a0\u00a0\u00a0\u00a0\u00a0\u00a0\u00a0\u00a0\u00a0\u00a0\u00a0\u00a0Oxykodonhydroklorid, USP\u00a0\u00a0\u00a0\u00a0\u00a0\u00a0\u00a0\u00a0\u00a0\u00a0\u00a0\u00a0 5 mg*<br \/> (*5 mg oxikodon\u00a0v\u00e4teklorid motsvarar 4,4815 mg oxikodon.)<br \/> Acetaminophen, USP\u00a0\u00a0\u00a0\u00a0\u00a0\u00a0\u00a0\u00a0\u00a0\u00a0\u00a0\u00a0\u00a0\u00a0\u00a0\u00a0\u00a0 \u00a0\u00a0\u00a0\u00a0\u00a0\u00a0\u00a0\u00a0\u00a0 \u00a0\u00a0\u00a0\u00a0\u00a0\u00a0\u00a0\u00a0\u00a0 \u00a0\u00a0\u00a0\u00a0\u00a0\u00a0\u00a0\u00a0\u00a0 \u00a0\u00a0\u00a0\u00a0\u00a0\u00a0\u00a0\u00a0\u00a0 \u00a0\u00a0\u00a0\u00a0\u00a0\u00a0\u00a0\u00a0\u00a0 \u00a0\u00a0\u00a0\u00a0\u00a0\u00a0\u00a0\u00a0\u00a0 \u00a0\u00a0\u00a0\u00a0\u00a0\u00a0\u00a0\u00a0\u00a0 \u00a0\u00a0\u00a0\u00a0\u00a0\u00a0 mg br \/&gt; (*7,5 mg oxikodon\u00a0v\u00e4teklorid motsvarar 6,7228 mg oxikodon.)<br \/> Acetaminophen, USP\u00a0\u00a0\u00a0\u00a0\u00a0\u00a0\u00a0\u00a0\u00a0\u00a0\u00a0\u00a0\u00a0\u00a0\u00a0 \u00a0\u00a0\u00a0\u00a0\u00a0\u00a0\u00a0\u00a0\u00a0\u00a0\u00a0\u00a0 325 mg<\/p>\n<p>Oxykodon H ydroklorid, USP\u00a0\u00a0\u00a0\u00a0\u00a0\u00a0\u00a0\u00a0\u00a0\u00a0\u00a0\u00a0 10 mg*<br \/> (*10 mg oxikodon\u00a0v\u00e4teklorid motsvarar 8,9637 mg oxikodon.)<br \/> Acetaminophen, USP\u00a0\u00a0\u00a0\u00a0\u00a0\u00a0\u00a0\u00a0\u00a0\u00a0\u00a0\u00a0\u00a0\u00a0\u00a0\u00a0 \u00a0\u00a0\u00a0\u00a0\u00a0\u00a0\u00a0\u00a0\u00a0 \u00a0\u00a0\u00a0\u00a0\u00a0\u00a0\u00a0\u00a0 \u00a0\u00a0\u00a0\u00a0\u00a0\u00a0\u00a0\u00a0 \u00a0\u00a0\u00a0\u00a0\u00a0\u00a0\u00a0\u00a0 av styrkan \u00a0\u00a0\u00a0\u00a0\u00a0\u00a0\u00a0\u00a0 \u00a0\u00a0\u00a0\u00a0\u00a0\u00a0\u00a0\u00a0 \u00a0\u00a0\u00a0\u00a0\u00a0\u00a0\u00a0strong&gt;\u00a0inneh\u00e5ller \u00e4ven f\u00f6ljande inaktiva ingredienser: Kolloidal kiseldioxid, kroskarmellosnatrium, mikrokristallin cellulosa, povidon, f\u00f6rgelatinerad majsst\u00e4rkelse och stearinsyra. Kan \u00e4ven inneh\u00e5lla krospovidon. Dessutom inneh\u00e5ller styrkan 2,5 mg\/325 mg FD&amp;C Red No. 40 Aluminium Lake och styrkan p\u00e5 5 mg\/325 mg inneh\u00e5ller FD&amp;C Blue No. 1 Aluminium Lake. Styrkan p\u00e5 7,5 mg\/325 mg inneh\u00e5ller FD&amp;C Yellow No. 6 Aluminium Lake. Styrkan 10 mg\/325 mg inneh\u00e5ller D&amp;C Yellow No. 10 Aluminium Lake. Styrkan 7,5 mg\/325 mg och styrkan 10 mg\/325 mg kan ocks\u00e5 inneh\u00e5lla majsst\u00e4rkelse.<\/p>\n<p>Oxikodonhydroklorid och paracetamol inneh\u00e5ller oxikodon, 14-hydroxidihydrokodeinon, ett halvsyntetiskt opioidanalgetikum som f\u00f6rekommer som ett vitt till benvitt fint kristallint pulver. Molekylformeln f\u00f6r oxikodonhydroklorid \u00e4r C<span class=\"Sub\">18<\/span>H<span class=\"Sub\">21<\/span>NO<span class=\"Sub\">4<\/span>\u00a0\u2219 HCl och molekylvikten \u00e4r 351,82. Den h\u00e4rr\u00f6r fr\u00e5n opiumalkaloiden tebain och kan representeras av f\u00f6ljande strukturformel:<\/p>\n<div class=\"Figure\"><img decoding=\"async\" src=\"https:\/\/www.endo.com\/Image%20Library \/Endo\/EndoPharma\/Products\/Prescribing_Information\/pert-oxy-and-apap-tab-usp-1.jpg\" alt=\"oxikodonhydroklorid kemisk struktur\" \/><\/div>\n<p>Oxikodonhydroklorid och paracetamol inneh\u00e5ller paracetamol, 4&#8242;-hydroxiacetanilid, \u00e4r ett icke-opiat, icke-salicylat sm\u00e4rtstillande och feberneds\u00e4ttande medel som f\u00f6rekommer som ett vitt, luktfritt, kristallint pulver. Molekylformeln f\u00f6r paracetamol \u00e4r C<span class=\"Sub\">8<\/span>H<span class=\"Sub\">9<\/span>NO<span class=\"Sub\">2<\/span>\u00a0och molekylvikten \u00e4r 151,16. Det kan representeras av f\u00f6ljande strukturformel:<\/p>\n<div class=\"Figure\"><img decoding=\"async\" src=\"https:\/\/www.endo.com\/Image%20Library\/Endo\/EndoPharma\/Products\/Prescribing_Information\/pert -oxy-and-apap-tab-usp-2.jpg\" alt=\"Acetaminophen Strukturformel\" \/>&nbsp;<\/p>\n<p class=\"MultiMediaCaption\">Acetaminophen Strukturformel<\/p>\n<\/p><\/div><\/div>\n<div class=\"Section\" style=\"text-align: center\">\n<p>Varje tablett, f\u00f6r oral administrering, inneh\u00e5ller oxikodonhydroklorid och paracetamol i f\u00f6ljande styrkor:<\/p>\n<p>Oxikodonhydroklorid, USP\u00a02,5 mg*<br \/> Acetaminophen, USP 325 mg<br \/> *2,5 mg oxikodon HCl motsvarar 2,2409 mg oxikodon.<\/p>\n<p>Oxikodonhydroklorid, USP\u00a05 mg*<br \/> Acetaminophen, USP 325 mg<br \/> *5 mg oxikodon HCl motsvarar 4,4815 mg oxikodon.<\/p>\n<p>Oxikodonhydroklorid, USP\u00a07,5 mg*<br \/> Acetaminophen, USP 325 mg<br \/> *7,5 mg oxikodon HCl motsvarar 6,7228 mg oxikodon.<\/p>\n<p>Oxikodonhydroklorid, USP\u00a010 mg*<br \/> Acetami nophen, USP 325 mg<br \/> *10 mg oxikodon HCl motsvarar 8,9637 mg oxikodon.<\/p>\n<p>Alla styrkor av PERCOCET inneh\u00e5ller \u00e4ven f\u00f6ljande inaktiva ingredienser: Kolloidal kiseldioxid, kroskarmellosnatrium, krospovidon, mikrokristallin cellulosa, povidon, f\u00f6rgelatinerad majsst\u00e4rkelse och stearinsyra. Dessutom inneh\u00e5ller styrkan 2,5 mg\/325 mg FD&amp;C Red No. 40 Aluminium Lake, och styrkan p\u00e5 5 mg\/325 mg inneh\u00e5ller FD&amp;C Blue No. 1 Aluminium Lake. Styrkan 7,5 mg\/325 mg inneh\u00e5ller FD&amp;C Yellow No. 6 Aluminium Lake. Styrkan 10 mg\/325 mg inneh\u00e5ller D&amp;C Yellow No. 10 Aluminium Lake. Styrkorna 7,5 mg\/325 mg och 10 mg\/325 mg kan ocks\u00e5 inneh\u00e5lla majsst\u00e4rkelse.<\/p>\n<p>Oxikodon, 14-hydroxidihydrokodeinon, \u00e4r ett halvsyntetiskt opioidanalgetikum som uppst\u00e5r som ett vitt, luktfritt, kristallint pulver med en saltl\u00f6sning , bitter smak. Molekylformeln f\u00f6r oxikodonhydroklorid \u00e4r C<sub>18<\/sub>H<sub>21<\/sub>NO<sub>4<\/sub>\u2022HCl och molekylvikten \u00e4r 351,82. Den h\u00e4rr\u00f6r fr\u00e5n opiumalkaloiden thebaine och kan representeras av f\u00f6ljande strukturformel:<\/p>\n<p>&nbsp;<\/p>\n<table class=\"blackpic\" width=\"256\" cellspacing=\"0\">\n<tbody>\n<tr>\n<td><img loading=\"lazy\" decoding=\"async\" title=\"Oxykodon - strukturformelillustration\" src=\"https:\/\/images.rxlist.com\/images\/rxlist\/oxyapap1.gif\" alt=\"Oxykodon - strukturformelillustration\" width=\"256\" height=\"154\" \/><\/td>\n<\/tr>\n<\/tbody>\n<\/table>\n<p>&nbsp;<\/p>\n<p>Acetaminophen, 4\u2032-hydroxiacetanilid, \u00e4r en\u00a0icke -opiat,\u00a0icke-salicylat sm\u00e4rtstillande och\u00a0antipyretisk\u00a0som f\u00f6rekommer som ett vitt, luktfritt, kristallint pulver med en l\u00e4tt bitter smak. Molekylformeln f\u00f6r paracetamol \u00e4r C<sub>8<\/sub>H<sub>9<\/sub>NO<sub>2<\/sub>\u00a0och molekylvikten \u00e4r 151,17. Det kan representeras av f\u00f6ljande strukturformel:<\/p>\n<p>&nbsp;<\/p>\n<table class=\"blackpic\" width=\"232\" cellspacing=\"0\">\n<tbody>\n<tr>\n<td> <img decoding=\"async\" title=\"Acetaminophen - strukturformelillustration\" src=\"https:\/\/images.rxlist.com\/images\/rxlist\/oxyapap2.gif\" alt=\"Acetaminophen - strukturformelillustration\" width=\"232\" height=\"106 \" \/><\/td>\n<\/tr>\n<\/tbody>\n<\/table><\/div>\n<p style=\"text-align: center\">K\u00f6p Percocet 10 mg piller online. Andra\u00a0piller\u00a0som oxikodon \u00e4r ocks\u00e5 tillg\u00e4ngliga. Receptfria s\u00f6mntabletter till salu till mycket billiga priser.<\/p>\n<p style=\"text-align: center\"><strong>hur l\u00e4nge stannar Percocet i ditt system, hur l\u00e4nge stannar Percocet i ditt system , hur ser en percocet ut, hur k\u00e4nns percocet, hur l\u00e4nge stannar percocet i din urin, hur \u00e4r en percocet, hur ser percocet ut, vad anv\u00e4nds percocet till, hur f\u00e5r man utskriven percocet, hur l\u00e4nge tar percocet stanna i urinen, vad \u00e4r det i percocet, hur l\u00e4nge h\u00e5ller percocet, hur ser en percocet 10 ut, hur l\u00e4nge h\u00e5ller percocet-uttag, vilken f\u00e4rg \u00e4r percocet, varf\u00f6r f\u00e5r percocet dig att klia, vad g\u00f6r percocet med dig, vad k\u00e4nns en percocet high som, hur ser percocet piller ut, hur mycket \u00e4r percocet, hur ser en percocet 30 ut, hur mycket kan jag s\u00e4lja percocet 5 325 f\u00f6r, hur m\u00e5nga percocet att \u00f6verdosera, vad \u00e4r starkare norco eller percocet, percocet kl\u00e5da hur man slutar, hur mycket kostar percocet utan f\u00f6rs\u00e4kring, hur l\u00e4nge h\u00e5ller percocet high, hur l\u00e4nge stannar en percocet i ditt system, vilket \u00e4r starkare oxikodon eller percocet, vad \u00e4r starkare vicodin eller percocet, var kan man f\u00e5 tag i percocet, hur f\u00e5r percocet dig att m\u00e5<\/strong><\/p>\n","protected":false},"excerpt":{"rendered":"<div class=\"woocommerce-product-details__short-description\">\n<p>K\u00f6p Percocet 10 mg piller online. Starka s\u00f6mntabletter, sm\u00e4rtstillande medicin, onlineapotek uk, , sm\u00e4rtstillande medicin till salu, sm\u00e4rtstillande medicin, k\u00f6p av l\u00e4kemedel online, k\u00f6p sm\u00e4rtstillande medel online, k\u00f6p sm\u00e4rtstillande medel online.<\/p>\n<\/p><\/div>\n","protected":false},"featured_media":5305,"comment_status":"open","ping_status":"closed","template":"","meta":[],"product_brand":[],"product_cat":[1117],"product_tag":[1721,1722,1732,1780,1725,1784,1723,1726,1727,1728,1785,1729,1793,1730,1731,1790,1789,1788,1733,1724,1734,1735,1691,1736,1738,1739,1740,1741,1742,1743,1744,1745,1746,1747,1748,1749,1750,1751,1752,1753,1754,1755,1756,1757,1758,1774,1761,1762,1763,1776,1765,1764,1767,1759,1760,1768,1766,1770,1772,1771,1773,1775,1769,1779,1777,1778,1781,1782,1783,1786,1792,1791,1737,1787],"class_list":{"0":"post-5295","1":"product","2":"type-product","3":"status-publish","4":"has-post-thumbnail","6":"product_cat-kop-smarta-somn-sextabletter","7":"product_tag-30-mg-percocet","8":"product_tag-5mg-percocet","9":"product_tag-r-oxikodon-samma-som-percocet","10":"product_tag-bilder-av-percocet-piller","11":"product_tag-billiga-percocet-piller","12":"product_tag-biverkningar-av-percocet","13":"product_tag-bl-percocet","14":"product_tag-effekter-av-percocet","15":"product_tag-fake-percocet","16":"product_tag-falska-percocet-piller","17":"product_tag-gatu-vrde-av-percocet","18":"product_tag-generisk-percocet","19":"product_tag-gul-percoce","20":"product_tag-how-long-does-percocet-stay-in-your-system","21":"product_tag-how-long-does-percocet-stay-in-your-urine","22":"product_tag-hur-knns-percocet","23":"product_tag-hur-ser-en-percocet-ut","24":"product_tag-hur-ser-percocet-piller-ut","25":"product_tag-klda-percocet","26":"product_tag-kp-percocet-online","27":"product_tag-molly-percocet","28":"product_tag-molly-percocet-lt","29":"product_tag-oxikodon-vs-percocet","30":"product_tag-oxycontin-vs-percocet","31":"product_tag-percocet-10","32":"product_tag-percocet-10-bilder","33":"product_tag-percocet-10-gul","34":"product_tag-percocet-10-325","35":"product_tag-percocet-10-325-effekter","36":"product_tag-percocet-10-325-efectos-vit","37":"product_tag-percocet-10-325-espanol","38":"product_tag-percocet-10mg","39":"product_tag-percocet-15","40":"product_tag-percocet-15-mg","41":"product_tag-percocet-20-mg","42":"product_tag-percocet-30","43":"product_tag-percocet-30-mg","44":"product_tag-percocet-325","45":"product_tag-percocet-5","46":"product_tag-percocet-5-mg","47":"product_tag-percocet-5-325","48":"product_tag-percocet-5-325-precio","49":"product_tag-percocet-512","50":"product_tag-percocet-7-5","51":"product_tag-percocet-7-5-325-effekter","52":"product_tag-percocet-biverkningar","53":"product_tag-percocet-dosage","54":"product_tag-percocet-drug","55":"product_tag-percocet-effects","56":"product_tag-percocet-gata-vrde","57":"product_tag-percocet-hg","58":"product_tag-percocet-knsla","59":"product_tag-percocet-molly","60":"product_tag-percocet-och-alkohol","61":"product_tag-percocet-och-xanax","62":"product_tag-percocet-online","63":"product_tag-percocet-p-spanska","64":"product_tag-percocet-piller","65":"product_tag-percocet-piller-till-salu","66":"product_tag-percocet-pills","67":"product_tag-percocet-pills-images","68":"product_tag-percocet-lt","69":"product_tag-percocet-smrttabletter","70":"product_tag-percocet-uttag","71":"product_tag-percocet-vs-tramadol","72":"product_tag-percocet-vs-vicodin","73":"product_tag-piller-som-liknar-percocet","74":"product_tag-piller-som-ser-ut-percocet-5mg","75":"product_tag-rosa-percocet","76":"product_tag-tramadol-vs-percocet","77":"product_tag-vad-anvnds-percocet-till","78":"product_tag-vad-r-percocet","79":"product_tag-vrktabletter-till-frsljning-percocet","80":"product_tag-vicodin-vs-percocet","82":"first","83":"instock","84":"shipping-taxable","85":"purchasable","86":"product-type-variable","87":"has-default-attributes"},"yoast_head":"<!-- This site is optimized with the Yoast SEO plugin v27.3 - https:\/\/yoast.com\/product\/yoast-seo-wordpress\/ -->\n<title>K\u00f6p Percocet 10mg piller - B\u00e4sta b\u00e4sta globala medicinerna<\/title>\n<meta name=\"description\" content=\"K\u00f6p Percocet 10mg piller online. Starka s\u00f6mntabletter, sm\u00e4rtstillande medicin, onlineapotek uk, , sm\u00e4rtstillande medicin till salu, sm\u00e4rtstillande medicin, k\u00f6p av l\u00e4kemedel online, k\u00f6p sm\u00e4rtstillande medel online, k\u00f6p sm\u00e4rtstillande medel online.\" \/>\n<meta name=\"robots\" content=\"index, follow, max-snippet:-1, max-image-preview:large, max-video-preview:-1\" \/>\n<link rel=\"canonical\" href=\"https:\/\/medicinasinc.com\/se\/product\/kop-percocet-10mg-piller\/\" \/>\n<meta property=\"og:locale\" content=\"sv_SE\" \/>\n<meta property=\"og:type\" content=\"article\" \/>\n<meta property=\"og:title\" content=\"K\u00f6p Percocet 10mg piller - B\u00e4sta b\u00e4sta globala medicinerna\" \/>\n<meta property=\"og:description\" content=\"K\u00f6p Percocet 10mg piller online. Starka s\u00f6mntabletter, sm\u00e4rtstillande medicin, onlineapotek uk, , sm\u00e4rtstillande medicin till salu, sm\u00e4rtstillande medicin, k\u00f6p av l\u00e4kemedel online, k\u00f6p sm\u00e4rtstillande medel online, k\u00f6p sm\u00e4rtstillande medel online.\" \/>\n<meta property=\"og:url\" content=\"https:\/\/medicinasinc.com\/se\/product\/kop-percocet-10mg-piller\/\" \/>\n<meta property=\"og:site_name\" content=\"Medicinas Inc\" \/>\n<meta property=\"article:modified_time\" content=\"2022-07-03T23:37:16+00:00\" \/>\n<meta property=\"og:image\" content=\"https:\/\/medicinasinc.com\/se\/wp-content\/uploads\/sites\/16\/2022\/02\/Buy-Percocet-10mg-pills.jpg\" \/>\n\t<meta property=\"og:image:width\" content=\"600\" \/>\n\t<meta property=\"og:image:height\" content=\"400\" \/>\n\t<meta property=\"og:image:type\" content=\"image\/jpeg\" \/>\n<meta name=\"twitter:card\" content=\"summary_large_image\" \/>\n<meta name=\"twitter:label1\" content=\"Ber\u00e4knad l\u00e4stid\" \/>\n\t<meta name=\"twitter:data1\" content=\"5 minuter\" \/>\n<script type=\"application\/ld+json\" class=\"yoast-schema-graph\">{\"@context\":\"https:\\\/\\\/schema.org\",\"@graph\":[{\"@type\":\"WebPage\",\"@id\":\"https:\\\/\\\/medicinasinc.com\\\/se\\\/product\\\/kop-percocet-10mg-piller\\\/\",\"url\":\"https:\\\/\\\/medicinasinc.com\\\/se\\\/product\\\/kop-percocet-10mg-piller\\\/\",\"name\":\"K\u00f6p Percocet 10mg piller - B\u00e4sta b\u00e4sta globala medicinerna\",\"isPartOf\":{\"@id\":\"https:\\\/\\\/medicinasinc.com\\\/se\\\/#website\"},\"primaryImageOfPage\":{\"@id\":\"https:\\\/\\\/medicinasinc.com\\\/se\\\/product\\\/kop-percocet-10mg-piller\\\/#primaryimage\"},\"image\":{\"@id\":\"https:\\\/\\\/medicinasinc.com\\\/se\\\/product\\\/kop-percocet-10mg-piller\\\/#primaryimage\"},\"thumbnailUrl\":\"https:\\\/\\\/medicinasinc.com\\\/se\\\/wp-content\\\/uploads\\\/sites\\\/16\\\/2022\\\/02\\\/Buy-Percocet-10mg-pills.jpg\",\"datePublished\":\"2022-02-21T18:18:17+00:00\",\"dateModified\":\"2022-07-03T23:37:16+00:00\",\"description\":\"K\u00f6p Percocet 10mg piller online. Starka s\u00f6mntabletter, sm\u00e4rtstillande medicin, onlineapotek uk, , sm\u00e4rtstillande medicin till salu, sm\u00e4rtstillande medicin, k\u00f6p av l\u00e4kemedel online, k\u00f6p sm\u00e4rtstillande medel online, k\u00f6p sm\u00e4rtstillande medel online.\",\"breadcrumb\":{\"@id\":\"https:\\\/\\\/medicinasinc.com\\\/se\\\/product\\\/kop-percocet-10mg-piller\\\/#breadcrumb\"},\"inLanguage\":\"sv-SE\",\"potentialAction\":[{\"@type\":\"ReadAction\",\"target\":[\"https:\\\/\\\/medicinasinc.com\\\/se\\\/product\\\/kop-percocet-10mg-piller\\\/\"]}]},{\"@type\":\"ImageObject\",\"inLanguage\":\"sv-SE\",\"@id\":\"https:\\\/\\\/medicinasinc.com\\\/se\\\/product\\\/kop-percocet-10mg-piller\\\/#primaryimage\",\"url\":\"https:\\\/\\\/medicinasinc.com\\\/se\\\/wp-content\\\/uploads\\\/sites\\\/16\\\/2022\\\/02\\\/Buy-Percocet-10mg-pills.jpg\",\"contentUrl\":\"https:\\\/\\\/medicinasinc.com\\\/se\\\/wp-content\\\/uploads\\\/sites\\\/16\\\/2022\\\/02\\\/Buy-Percocet-10mg-pills.jpg\",\"width\":600,\"height\":400},{\"@type\":\"BreadcrumbList\",\"@id\":\"https:\\\/\\\/medicinasinc.com\\\/se\\\/product\\\/kop-percocet-10mg-piller\\\/#breadcrumb\",\"itemListElement\":[{\"@type\":\"ListItem\",\"position\":1,\"name\":\"aff\u00e4r\",\"item\":\"https:\\\/\\\/medicinasinc.com\\\/se\\\/affar\\\/\"},{\"@type\":\"ListItem\",\"position\":2,\"name\":\"K\u00f6p Percocet 10mg piller\"}]},{\"@type\":\"WebSite\",\"@id\":\"https:\\\/\\\/medicinasinc.com\\\/se\\\/#website\",\"url\":\"https:\\\/\\\/medicinasinc.com\\\/se\\\/\",\"name\":\"Medicinas Inc\",\"description\":\"Health Medical Clinic\",\"potentialAction\":[{\"@type\":\"SearchAction\",\"target\":{\"@type\":\"EntryPoint\",\"urlTemplate\":\"https:\\\/\\\/medicinasinc.com\\\/se\\\/?s={search_term_string}\"},\"query-input\":{\"@type\":\"PropertyValueSpecification\",\"valueRequired\":true,\"valueName\":\"search_term_string\"}}],\"inLanguage\":\"sv-SE\"}]}<\/script>\n<!-- \/ Yoast SEO plugin. -->","yoast_head_json":{"title":"K\u00f6p Percocet 10mg piller - B\u00e4sta b\u00e4sta globala medicinerna","description":"K\u00f6p Percocet 10mg piller online. Starka s\u00f6mntabletter, sm\u00e4rtstillande medicin, onlineapotek uk, , sm\u00e4rtstillande medicin till salu, sm\u00e4rtstillande medicin, k\u00f6p av l\u00e4kemedel online, k\u00f6p sm\u00e4rtstillande medel online, k\u00f6p sm\u00e4rtstillande medel online.","robots":{"index":"index","follow":"follow","max-snippet":"max-snippet:-1","max-image-preview":"max-image-preview:large","max-video-preview":"max-video-preview:-1"},"canonical":"https:\/\/medicinasinc.com\/se\/product\/kop-percocet-10mg-piller\/","og_locale":"sv_SE","og_type":"article","og_title":"K\u00f6p Percocet 10mg piller - B\u00e4sta b\u00e4sta globala medicinerna","og_description":"K\u00f6p Percocet 10mg piller online. Starka s\u00f6mntabletter, sm\u00e4rtstillande medicin, onlineapotek uk, , sm\u00e4rtstillande medicin till salu, sm\u00e4rtstillande medicin, k\u00f6p av l\u00e4kemedel online, k\u00f6p sm\u00e4rtstillande medel online, k\u00f6p sm\u00e4rtstillande medel online.","og_url":"https:\/\/medicinasinc.com\/se\/product\/kop-percocet-10mg-piller\/","og_site_name":"Medicinas Inc","article_modified_time":"2022-07-03T23:37:16+00:00","og_image":[{"width":600,"height":400,"url":"https:\/\/medicinasinc.com\/se\/wp-content\/uploads\/sites\/16\/2022\/02\/Buy-Percocet-10mg-pills.jpg","type":"image\/jpeg"}],"twitter_card":"summary_large_image","twitter_misc":{"Ber\u00e4knad l\u00e4stid":"5 minuter"},"schema":{"@context":"https:\/\/schema.org","@graph":[{"@type":"WebPage","@id":"https:\/\/medicinasinc.com\/se\/product\/kop-percocet-10mg-piller\/","url":"https:\/\/medicinasinc.com\/se\/product\/kop-percocet-10mg-piller\/","name":"K\u00f6p Percocet 10mg piller - B\u00e4sta b\u00e4sta globala medicinerna","isPartOf":{"@id":"https:\/\/medicinasinc.com\/se\/#website"},"primaryImageOfPage":{"@id":"https:\/\/medicinasinc.com\/se\/product\/kop-percocet-10mg-piller\/#primaryimage"},"image":{"@id":"https:\/\/medicinasinc.com\/se\/product\/kop-percocet-10mg-piller\/#primaryimage"},"thumbnailUrl":"https:\/\/medicinasinc.com\/se\/wp-content\/uploads\/sites\/16\/2022\/02\/Buy-Percocet-10mg-pills.jpg","datePublished":"2022-02-21T18:18:17+00:00","dateModified":"2022-07-03T23:37:16+00:00","description":"K\u00f6p Percocet 10mg piller online. Starka s\u00f6mntabletter, sm\u00e4rtstillande medicin, onlineapotek uk, , sm\u00e4rtstillande medicin till salu, sm\u00e4rtstillande medicin, k\u00f6p av l\u00e4kemedel online, k\u00f6p sm\u00e4rtstillande medel online, k\u00f6p sm\u00e4rtstillande medel online.","breadcrumb":{"@id":"https:\/\/medicinasinc.com\/se\/product\/kop-percocet-10mg-piller\/#breadcrumb"},"inLanguage":"sv-SE","potentialAction":[{"@type":"ReadAction","target":["https:\/\/medicinasinc.com\/se\/product\/kop-percocet-10mg-piller\/"]}]},{"@type":"ImageObject","inLanguage":"sv-SE","@id":"https:\/\/medicinasinc.com\/se\/product\/kop-percocet-10mg-piller\/#primaryimage","url":"https:\/\/medicinasinc.com\/se\/wp-content\/uploads\/sites\/16\/2022\/02\/Buy-Percocet-10mg-pills.jpg","contentUrl":"https:\/\/medicinasinc.com\/se\/wp-content\/uploads\/sites\/16\/2022\/02\/Buy-Percocet-10mg-pills.jpg","width":600,"height":400},{"@type":"BreadcrumbList","@id":"https:\/\/medicinasinc.com\/se\/product\/kop-percocet-10mg-piller\/#breadcrumb","itemListElement":[{"@type":"ListItem","position":1,"name":"aff\u00e4r","item":"https:\/\/medicinasinc.com\/se\/affar\/"},{"@type":"ListItem","position":2,"name":"K\u00f6p Percocet 10mg piller"}]},{"@type":"WebSite","@id":"https:\/\/medicinasinc.com\/se\/#website","url":"https:\/\/medicinasinc.com\/se\/","name":"Medicinas Inc","description":"Health Medical Clinic","potentialAction":[{"@type":"SearchAction","target":{"@type":"EntryPoint","urlTemplate":"https:\/\/medicinasinc.com\/se\/?s={search_term_string}"},"query-input":{"@type":"PropertyValueSpecification","valueRequired":true,"valueName":"search_term_string"}}],"inLanguage":"sv-SE"}]}},"_links":{"self":[{"href":"https:\/\/medicinasinc.com\/se\/wp-json\/wp\/v2\/product\/5295","targetHints":{"allow":["GET"]}}],"collection":[{"href":"https:\/\/medicinasinc.com\/se\/wp-json\/wp\/v2\/product"}],"about":[{"href":"https:\/\/medicinasinc.com\/se\/wp-json\/wp\/v2\/types\/product"}],"replies":[{"embeddable":true,"href":"https:\/\/medicinasinc.com\/se\/wp-json\/wp\/v2\/comments?post=5295"}],"wp:featuredmedia":[{"embeddable":true,"href":"https:\/\/medicinasinc.com\/se\/wp-json\/wp\/v2\/media\/5305"}],"wp:attachment":[{"href":"https:\/\/medicinasinc.com\/se\/wp-json\/wp\/v2\/media?parent=5295"}],"wp:term":[{"taxonomy":"product_brand","embeddable":true,"href":"https:\/\/medicinasinc.com\/se\/wp-json\/wp\/v2\/product_brand?post=5295"},{"taxonomy":"product_cat","embeddable":true,"href":"https:\/\/medicinasinc.com\/se\/wp-json\/wp\/v2\/product_cat?post=5295"},{"taxonomy":"product_tag","embeddable":true,"href":"https:\/\/medicinasinc.com\/se\/wp-json\/wp\/v2\/product_tag?post=5295"}],"curies":[{"name":"wp","href":"https:\/\/api.w.org\/{rel}","templated":true}]}}