{"id":5294,"date":"2022-02-21T18:18:05","date_gmt":"2022-02-21T18:18:05","guid":{"rendered":"https:\/\/medicinasinc.com\/se\/?post_type=product&#038;p=5294"},"modified":"2022-07-03T23:37:24","modified_gmt":"2022-07-03T23:37:24","slug":"kop-oxikodon-80-mg","status":"publish","type":"product","link":"https:\/\/medicinasinc.com\/se\/product\/kop-oxikodon-80-mg\/","title":{"rendered":"K\u00f6p Oxycodone 80 mg"},"content":{"rendered":"<div class=\"woocommerce-tabs wc-tabs-wrapper\">\n<div id=\"tab-description\" class=\"woocommerce-Tabs-panel woocommerce-Tabs-panel--description panel entry-content wc-tab\" style=\"text-align: center\" role=\"tabpanel\" aria-labelledby=\"tab-title-description\">\n<p>Onlineapotek f\u00f6r att k\u00f6pa oxycontin 80mg tabletter.<\/p>\n<p>Onlinek\u00f6p av Oxycodone 80mg tabletter. Dessutom finns 40 mg Oxycodone piller tillg\u00e4ngliga. K\u00f6p endast mediciner av h\u00f6gsta kvalitet fr\u00e5n oss.<\/p>\n<p>SAMMANFATTNING Oxykodon \u00e4r en opioid sm\u00e4rtmedicinering som anv\u00e4nds f\u00f6r att behandla m\u00e5ttlig till sv\u00e5r sm\u00e4rta.<br \/> VARUM\u00c4RKETS NAMN<br \/> Endocet och Endodan \u00e4r b\u00e5da anti- diarr\u00e9mediciner. Maj 2009, omformulerad Xolox, Xtampza, Nalocet, Oxaydo, Oxy.IR, Oxycontin, Oxyneo, Percocet, Prolate, Rivacocet, Roxicet, Roxikodon, Targin, Targiniq<br \/> NAMN ALLM\u00c4NT<br \/> DRUGBANK Oxyedonnummer -DB0009777 DRUGBANK ACCESS <br \/> BAKGRUND<br \/> Oxykodon \u00e4r ett semisyntetiskt opioidanalgetikum som utvecklades 1917 i Tyskland fr\u00e5n thebaine.<br \/> 3<br \/> Det \u00e4r nu godk\u00e4nt som en produkt med omedelbar fris\u00e4ttning f\u00f6r m\u00e5ttlig till sv\u00e5r sm\u00e4rta och som en produkt med f\u00f6rl\u00e4ngd fris\u00e4ttning f\u00f6r kronisk m\u00e5ttlig till sv\u00e5r sm\u00e4rta som kr\u00e4ver kontinuerliga opioidanalgetika under en l\u00e4ngre tid.<br \/> FDA godk\u00e4nde den f\u00f6rsta oxikodon-inneh\u00e5llande medicinen, Percodan, den 12 april 1950.<br \/> TYPER AV SM\u00c5 MOLEKYLER<br \/> GRUPPER<br \/> Godk\u00e4nda, olagliga och unders\u00f6kande<\/p>\n<\/p><\/div><\/div>\n","protected":false},"excerpt":{"rendered":"<p>Onlinek\u00f6p av Oxycodone 80mg tabletter.<\/p>\n<p>Onlinek\u00f6p av Oxycodone 80mg tabletter. Oxycodone 80mg till salu i Storbritannien och Europa. Dessutom finns 80 mg Oxycodone piller tillg\u00e4ngliga. K\u00f6p endast l\u00e4kemedel av h\u00f6gsta kvalitet fr\u00e5n oss.<\/p>\n<p>Onlinek\u00f6p av Oxycodone 80 mg tabletter. Dessutom finns 80 mg Oxycodone piller tillg\u00e4ngliga. K\u00f6p endast mediciner av h\u00f6gsta kvalitet fr\u00e5n oss.<\/p>\n","protected":false},"featured_media":5303,"comment_status":"open","ping_status":"closed","template":"","meta":[],"product_brand":[],"product_cat":[1117],"product_tag":[1638,1639,1640,1644,1714,1645,1646,1643,1647,1652,1649,1657,1658,1660,1661,1662,1663,1665,1667,1668,1669,1670,1689,1688,1677,1678,1679,1680,1681,1685,1672,1673,1674,1684,1686,1690,1691,1692,1693,1694,1671,1675,1676,1682,1683,1650,1651,1655,1656,1659,1664,1666,1687,1696,1697,1056,1698,1699,1700,1701,1702,1703,1704,1705,1706,1707,1708,1709,1710,1711,1712,1713,1653,1654,1715,1716,1718,1719,1720,1717],"class_list":{"0":"post-5294","1":"product","2":"type-product","3":"status-publish","4":"has-post-thumbnail","6":"product_cat-kop-smarta-somn-sextabletter","7":"product_tag-15-mg-oxikodon","8":"product_tag-20-mg-oxikodon","9":"product_tag-20mg-oxycodone","10":"product_tag-r-oxikodon-en-opioid","11":"product_tag-biverkningar-av-oxikodon","12":"product_tag-flytande-oxikodon","13":"product_tag-flytande-oxikontin","14":"product_tag-how-long-does-oxycodone-last","15":"product_tag-opioid-smrtstillande-medel","16":"product_tag-oxi-5-mg","17":"product_tag-oxicodone","18":"product_tag-oxikodin","19":"product_tag-oxikodon","20":"product_tag-oxikodon-10","21":"product_tag-oxikodon-10-mg","22":"product_tag-oxikodon-10mg-rosa","23":"product_tag-oxikodon-15-mg","24":"product_tag-oxikodon-20-mg","25":"product_tag-oxikodon-30-mg","26":"product_tag-oxikodon-5","27":"product_tag-oxikodon-5-325","28":"product_tag-oxikodon-5-mg","29":"product_tag-oxikodon-anvndningar","30":"product_tag-oxikodon-biverkningar","31":"product_tag-oxikodon-halveringstid","32":"product_tag-oxikodon-hcl","33":"product_tag-oxikodon-hcl-5-mg-tablett","34":"product_tag-oxikodon-hcl-5mg","35":"product_tag-oxikodon-hg","36":"product_tag-oxikodon-ingredienser","37":"product_tag-oxikodon-och-alkohol","38":"product_tag-oxikodon-och-ibuprofen","39":"product_tag-oxikodon-och-tylenol","40":"product_tag-oxikodon-omedelbar-fristtning","41":"product_tag-oxikodon-piller","42":"product_tag-oxikodon-vs-oxikontin","43":"product_tag-oxikodon-vs-percocet","44":"product_tag-oxikodon-acetaminofen","45":"product_tag-oxikodon-acetaminofen-5-325","46":"product_tag-oxikodon-apap","47":"product_tag-oxikodon-beroende","48":"product_tag-oxikodon-doser","49":"product_tag-oxikodon-effekter","50":"product_tag-oxikodon-hydroklorid","51":"product_tag-oxikodon-hydroklorid-5-mg","52":"product_tag-oxy","53":"product_tag-oxi-10","54":"product_tag-oxy-pill","55":"product_tag-oxy-pills","56":"product_tag-oxycodone","57":"product_tag-oxycodone-15mg","58":"product_tag-oxycodone-20mg","59":"product_tag-oxycodone-pills","60":"product_tag-oxycontin","61":"product_tag-oxycontin-30-mg","62":"product_tag-oxycontin-80-mg","63":"product_tag-oxycontin-dosering","64":"product_tag-oxycontin-effekter","65":"product_tag-oxycontin-generisk","66":"product_tag-oxycontin-ir","67":"product_tag-oxycontin-verdos","68":"product_tag-oxikontin-vs-oxikodon","69":"product_tag-oxycoton","70":"product_tag-oxycotton","71":"product_tag-oxys","72":"product_tag-oxytocin-pills","73":"product_tag-piller-20","74":"product_tag-prescription-pain-meds","75":"product_tag-roxicodone-vs-oxycodone","76":"product_tag-roxy-10","77":"product_tag-roxy-30s","78":"product_tag-roxy-drog","79":"product_tag-syrelkemedel","80":"product_tag-syredroger","81":"product_tag-typer-av-opioider","82":"product_tag-typer-av-smrtstillande-medel","83":"product_tag-vad-r-oxy","84":"product_tag-vad-r-oxymorfon","85":"product_tag-vad-r-roxikodon","86":"product_tag-vad-gr-oxikodon","88":"first","89":"instock","90":"shipping-taxable","91":"purchasable","92":"product-type-variable","93":"has-default-attributes"},"yoast_head":"<!-- This site is optimized with the Yoast SEO plugin v27.3 - https:\/\/yoast.com\/product\/yoast-seo-wordpress\/ -->\n<title>K\u00f6p Oxycodone 80 mg - B\u00e4sta b\u00e4sta globala medicinerna<\/title>\n<meta name=\"description\" content=\"K\u00f6p Oxycodone 80mg piller online. K\u00f6p Oxycodone 80mg till salu Storbritannien, Europa. Oxykodon 80 mg piller finns ocks\u00e5. K\u00f6p piller av b\u00e4sta kvalitet fr\u00e5n oss.\" \/>\n<meta name=\"robots\" content=\"index, follow, max-snippet:-1, max-image-preview:large, max-video-preview:-1\" \/>\n<link rel=\"canonical\" href=\"https:\/\/medicinasinc.com\/se\/product\/kop-oxikodon-80-mg\/\" \/>\n<meta property=\"og:locale\" content=\"sv_SE\" \/>\n<meta property=\"og:type\" content=\"article\" \/>\n<meta property=\"og:title\" content=\"K\u00f6p Oxycodone 80 mg - B\u00e4sta b\u00e4sta globala medicinerna\" \/>\n<meta property=\"og:description\" content=\"K\u00f6p Oxycodone 80mg piller online. K\u00f6p Oxycodone 80mg till salu Storbritannien, Europa. Oxykodon 80 mg piller finns ocks\u00e5. K\u00f6p piller av b\u00e4sta kvalitet fr\u00e5n oss.\" \/>\n<meta property=\"og:url\" content=\"https:\/\/medicinasinc.com\/se\/product\/kop-oxikodon-80-mg\/\" \/>\n<meta property=\"og:site_name\" content=\"Medicinas Inc\" \/>\n<meta property=\"article:modified_time\" content=\"2022-07-03T23:37:24+00:00\" \/>\n<meta property=\"og:image\" content=\"https:\/\/medicinasinc.com\/se\/wp-content\/uploads\/sites\/16\/2022\/02\/Buy-Oxycodone-80mg.jpg\" \/>\n\t<meta property=\"og:image:width\" content=\"600\" \/>\n\t<meta property=\"og:image:height\" content=\"514\" \/>\n\t<meta property=\"og:image:type\" content=\"image\/jpeg\" \/>\n<meta name=\"twitter:card\" content=\"summary_large_image\" \/>\n<meta name=\"twitter:label1\" content=\"Ber\u00e4knad l\u00e4stid\" \/>\n\t<meta name=\"twitter:data1\" content=\"1 minut\" \/>\n<script type=\"application\/ld+json\" class=\"yoast-schema-graph\">{\"@context\":\"https:\\\/\\\/schema.org\",\"@graph\":[{\"@type\":\"WebPage\",\"@id\":\"https:\\\/\\\/medicinasinc.com\\\/se\\\/product\\\/kop-oxikodon-80-mg\\\/\",\"url\":\"https:\\\/\\\/medicinasinc.com\\\/se\\\/product\\\/kop-oxikodon-80-mg\\\/\",\"name\":\"K\u00f6p Oxycodone 80 mg - B\u00e4sta b\u00e4sta globala medicinerna\",\"isPartOf\":{\"@id\":\"https:\\\/\\\/medicinasinc.com\\\/se\\\/#website\"},\"primaryImageOfPage\":{\"@id\":\"https:\\\/\\\/medicinasinc.com\\\/se\\\/product\\\/kop-oxikodon-80-mg\\\/#primaryimage\"},\"image\":{\"@id\":\"https:\\\/\\\/medicinasinc.com\\\/se\\\/product\\\/kop-oxikodon-80-mg\\\/#primaryimage\"},\"thumbnailUrl\":\"https:\\\/\\\/medicinasinc.com\\\/se\\\/wp-content\\\/uploads\\\/sites\\\/16\\\/2022\\\/02\\\/Buy-Oxycodone-80mg.jpg\",\"datePublished\":\"2022-02-21T18:18:05+00:00\",\"dateModified\":\"2022-07-03T23:37:24+00:00\",\"description\":\"K\u00f6p Oxycodone 80mg piller online. K\u00f6p Oxycodone 80mg till salu Storbritannien, Europa. Oxykodon 80 mg piller finns ocks\u00e5. K\u00f6p piller av b\u00e4sta kvalitet fr\u00e5n oss.\",\"breadcrumb\":{\"@id\":\"https:\\\/\\\/medicinasinc.com\\\/se\\\/product\\\/kop-oxikodon-80-mg\\\/#breadcrumb\"},\"inLanguage\":\"sv-SE\",\"potentialAction\":[{\"@type\":\"ReadAction\",\"target\":[\"https:\\\/\\\/medicinasinc.com\\\/se\\\/product\\\/kop-oxikodon-80-mg\\\/\"]}]},{\"@type\":\"ImageObject\",\"inLanguage\":\"sv-SE\",\"@id\":\"https:\\\/\\\/medicinasinc.com\\\/se\\\/product\\\/kop-oxikodon-80-mg\\\/#primaryimage\",\"url\":\"https:\\\/\\\/medicinasinc.com\\\/se\\\/wp-content\\\/uploads\\\/sites\\\/16\\\/2022\\\/02\\\/Buy-Oxycodone-80mg.jpg\",\"contentUrl\":\"https:\\\/\\\/medicinasinc.com\\\/se\\\/wp-content\\\/uploads\\\/sites\\\/16\\\/2022\\\/02\\\/Buy-Oxycodone-80mg.jpg\",\"width\":600,\"height\":514},{\"@type\":\"BreadcrumbList\",\"@id\":\"https:\\\/\\\/medicinasinc.com\\\/se\\\/product\\\/kop-oxikodon-80-mg\\\/#breadcrumb\",\"itemListElement\":[{\"@type\":\"ListItem\",\"position\":1,\"name\":\"aff\u00e4r\",\"item\":\"https:\\\/\\\/medicinasinc.com\\\/se\\\/affar\\\/\"},{\"@type\":\"ListItem\",\"position\":2,\"name\":\"K\u00f6p Oxycodone 80 mg\"}]},{\"@type\":\"WebSite\",\"@id\":\"https:\\\/\\\/medicinasinc.com\\\/se\\\/#website\",\"url\":\"https:\\\/\\\/medicinasinc.com\\\/se\\\/\",\"name\":\"Medicinas Inc\",\"description\":\"Health Medical Clinic\",\"potentialAction\":[{\"@type\":\"SearchAction\",\"target\":{\"@type\":\"EntryPoint\",\"urlTemplate\":\"https:\\\/\\\/medicinasinc.com\\\/se\\\/?s={search_term_string}\"},\"query-input\":{\"@type\":\"PropertyValueSpecification\",\"valueRequired\":true,\"valueName\":\"search_term_string\"}}],\"inLanguage\":\"sv-SE\"}]}<\/script>\n<!-- \/ Yoast SEO plugin. -->","yoast_head_json":{"title":"K\u00f6p Oxycodone 80 mg - B\u00e4sta b\u00e4sta globala medicinerna","description":"K\u00f6p Oxycodone 80mg piller online. K\u00f6p Oxycodone 80mg till salu Storbritannien, Europa. Oxykodon 80 mg piller finns ocks\u00e5. K\u00f6p piller av b\u00e4sta kvalitet fr\u00e5n oss.","robots":{"index":"index","follow":"follow","max-snippet":"max-snippet:-1","max-image-preview":"max-image-preview:large","max-video-preview":"max-video-preview:-1"},"canonical":"https:\/\/medicinasinc.com\/se\/product\/kop-oxikodon-80-mg\/","og_locale":"sv_SE","og_type":"article","og_title":"K\u00f6p Oxycodone 80 mg - B\u00e4sta b\u00e4sta globala medicinerna","og_description":"K\u00f6p Oxycodone 80mg piller online. K\u00f6p Oxycodone 80mg till salu Storbritannien, Europa. Oxykodon 80 mg piller finns ocks\u00e5. K\u00f6p piller av b\u00e4sta kvalitet fr\u00e5n oss.","og_url":"https:\/\/medicinasinc.com\/se\/product\/kop-oxikodon-80-mg\/","og_site_name":"Medicinas Inc","article_modified_time":"2022-07-03T23:37:24+00:00","og_image":[{"width":600,"height":514,"url":"https:\/\/medicinasinc.com\/se\/wp-content\/uploads\/sites\/16\/2022\/02\/Buy-Oxycodone-80mg.jpg","type":"image\/jpeg"}],"twitter_card":"summary_large_image","twitter_misc":{"Ber\u00e4knad l\u00e4stid":"1 minut"},"schema":{"@context":"https:\/\/schema.org","@graph":[{"@type":"WebPage","@id":"https:\/\/medicinasinc.com\/se\/product\/kop-oxikodon-80-mg\/","url":"https:\/\/medicinasinc.com\/se\/product\/kop-oxikodon-80-mg\/","name":"K\u00f6p Oxycodone 80 mg - B\u00e4sta b\u00e4sta globala medicinerna","isPartOf":{"@id":"https:\/\/medicinasinc.com\/se\/#website"},"primaryImageOfPage":{"@id":"https:\/\/medicinasinc.com\/se\/product\/kop-oxikodon-80-mg\/#primaryimage"},"image":{"@id":"https:\/\/medicinasinc.com\/se\/product\/kop-oxikodon-80-mg\/#primaryimage"},"thumbnailUrl":"https:\/\/medicinasinc.com\/se\/wp-content\/uploads\/sites\/16\/2022\/02\/Buy-Oxycodone-80mg.jpg","datePublished":"2022-02-21T18:18:05+00:00","dateModified":"2022-07-03T23:37:24+00:00","description":"K\u00f6p Oxycodone 80mg piller online. K\u00f6p Oxycodone 80mg till salu Storbritannien, Europa. Oxykodon 80 mg piller finns ocks\u00e5. K\u00f6p piller av b\u00e4sta kvalitet fr\u00e5n oss.","breadcrumb":{"@id":"https:\/\/medicinasinc.com\/se\/product\/kop-oxikodon-80-mg\/#breadcrumb"},"inLanguage":"sv-SE","potentialAction":[{"@type":"ReadAction","target":["https:\/\/medicinasinc.com\/se\/product\/kop-oxikodon-80-mg\/"]}]},{"@type":"ImageObject","inLanguage":"sv-SE","@id":"https:\/\/medicinasinc.com\/se\/product\/kop-oxikodon-80-mg\/#primaryimage","url":"https:\/\/medicinasinc.com\/se\/wp-content\/uploads\/sites\/16\/2022\/02\/Buy-Oxycodone-80mg.jpg","contentUrl":"https:\/\/medicinasinc.com\/se\/wp-content\/uploads\/sites\/16\/2022\/02\/Buy-Oxycodone-80mg.jpg","width":600,"height":514},{"@type":"BreadcrumbList","@id":"https:\/\/medicinasinc.com\/se\/product\/kop-oxikodon-80-mg\/#breadcrumb","itemListElement":[{"@type":"ListItem","position":1,"name":"aff\u00e4r","item":"https:\/\/medicinasinc.com\/se\/affar\/"},{"@type":"ListItem","position":2,"name":"K\u00f6p Oxycodone 80 mg"}]},{"@type":"WebSite","@id":"https:\/\/medicinasinc.com\/se\/#website","url":"https:\/\/medicinasinc.com\/se\/","name":"Medicinas Inc","description":"Health Medical Clinic","potentialAction":[{"@type":"SearchAction","target":{"@type":"EntryPoint","urlTemplate":"https:\/\/medicinasinc.com\/se\/?s={search_term_string}"},"query-input":{"@type":"PropertyValueSpecification","valueRequired":true,"valueName":"search_term_string"}}],"inLanguage":"sv-SE"}]}},"_links":{"self":[{"href":"https:\/\/medicinasinc.com\/se\/wp-json\/wp\/v2\/product\/5294","targetHints":{"allow":["GET"]}}],"collection":[{"href":"https:\/\/medicinasinc.com\/se\/wp-json\/wp\/v2\/product"}],"about":[{"href":"https:\/\/medicinasinc.com\/se\/wp-json\/wp\/v2\/types\/product"}],"replies":[{"embeddable":true,"href":"https:\/\/medicinasinc.com\/se\/wp-json\/wp\/v2\/comments?post=5294"}],"wp:featuredmedia":[{"embeddable":true,"href":"https:\/\/medicinasinc.com\/se\/wp-json\/wp\/v2\/media\/5303"}],"wp:attachment":[{"href":"https:\/\/medicinasinc.com\/se\/wp-json\/wp\/v2\/media?parent=5294"}],"wp:term":[{"taxonomy":"product_brand","embeddable":true,"href":"https:\/\/medicinasinc.com\/se\/wp-json\/wp\/v2\/product_brand?post=5294"},{"taxonomy":"product_cat","embeddable":true,"href":"https:\/\/medicinasinc.com\/se\/wp-json\/wp\/v2\/product_cat?post=5294"},{"taxonomy":"product_tag","embeddable":true,"href":"https:\/\/medicinasinc.com\/se\/wp-json\/wp\/v2\/product_tag?post=5294"}],"curies":[{"name":"wp","href":"https:\/\/api.w.org\/{rel}","templated":true}]}}