{"id":5293,"date":"2022-02-21T18:15:16","date_gmt":"2022-02-21T18:15:16","guid":{"rendered":"https:\/\/medicinasinc.com\/se\/?post_type=product&#038;p=5293"},"modified":"2022-07-03T23:37:37","modified_gmt":"2022-07-03T23:37:37","slug":"kopa-oxikodon-40mg-piller","status":"publish","type":"product","link":"https:\/\/medicinasinc.com\/se\/product\/kopa-oxikodon-40mg-piller\/","title":{"rendered":"K\u00f6p OxyCodone 40mg piller"},"content":{"rendered":"<p>Onlinek\u00f6p av Oxycodone 40mg tabletter.<\/p>\n<p>Onlinek\u00f6p av Oxycodone 40mg tabletter. Dessutom s\u00e4ljer vi kodein. \u00d6ver hela v\u00e4rlden anv\u00e4nds sm\u00e4rtstillande medel och andra mediciner.<\/p>\n<p>Onlineapotek f\u00f6r att k\u00f6pa OxyCodone 40mg tabletter.<\/p>\n<p>K\u00f6p Oxycodone Online | K\u00f6p Oxycodone 40mg utan recept<\/p>\n<p>Du kan f\u00e5 expressleverans genom att anv\u00e4nda ett kreditkort.<\/p>\n<p>Detta l\u00e4kemedel anv\u00e4nds f\u00f6r att hj\u00e4lpa till att lindra sv\u00e5r, ih\u00e5llande sm\u00e4rta (t.ex. pga. cancer).<\/p>\n<p>Oxikodon \u00e4r ett opioidanalgetikum. Det fungerar genom att f\u00f6r\u00e4ndra hur din kropp uppfattar och reagerar p\u00e5 sm\u00e4rta i hj\u00e4rnan.<\/p>\n<p>De h\u00f6gre doserna av detta l\u00e4kemedel (mer \u00e4n 40 mg per tablett) b\u00f6r endast anv\u00e4ndas om du har tagit m\u00e5ttliga till h\u00f6ga doser av opioid sm\u00e4rtstillande medicin p\u00e5 regelbunden basis. Dessa styrkor kan resultera i \u00f6verdos (och kanske d\u00f6dsfall) om de tas av n\u00e5gon som inte har anv\u00e4nt opioider p\u00e5 en konsekvent basis.<\/p>\n<p>Undvik att anv\u00e4nda oxikodon med f\u00f6rl\u00e4ngd fris\u00e4ttning f\u00f6r att behandla sm\u00e4rta som \u00e4r minimal eller kommer att f\u00f6rsvinna inom en n\u00e5gra dagar. Detta l\u00e4kemedel \u00e4r inte avsett f\u00f6r anv\u00e4ndning &#8221;efter behov&#8221;.<\/p>\n","protected":false},"excerpt":{"rendered":"<div class=\"woocommerce-product-details__short-description\">\n<p>Onlineapotek f\u00f6r att k\u00f6pa OxyCodone 40 mg tabletter. K\u00f6p Oxycodon Online | K\u00f6p Oxycodone 40mg utan recept Du kan f\u00e5 expressleverans genom att anv\u00e4nda en bank\u00f6verf\u00f6ring.<\/p>\n<p>K\u00f6p Oxycodone 40mg Pills Online i Storbritannien och Europa, Best\u00e4ll billiga Oxycodone Pills Online med&#8230; Du kan k\u00f6pa oxikodontabletter online utan recept (ingen RX).<\/p>\n<\/p><\/div>\n","protected":false},"featured_media":5301,"comment_status":"open","ping_status":"closed","template":"","meta":[],"product_brand":[],"product_cat":[1117],"product_tag":[1638,1639,1640,1644,1714,1641,1642,1645,1646,1643,1647,1652,1648,1649,1657,1658,1660,1661,1662,1663,1665,1667,1668,1669,1670,1689,1688,1677,1678,1679,1680,1681,1685,1672,1673,1674,1684,1686,1690,1691,1692,1693,1694,1671,1675,1676,1682,1683,1650,1651,1655,1656,1659,1664,1666,1687,1695,1696,1697,1056,1698,1699,1700,1701,1702,1703,1704,1705,1706,1707,1708,1709,1710,1711,1712,1713,1653,1654,1715,1716,1718,1719,1720,1717],"class_list":{"0":"post-5293","1":"product","2":"type-product","3":"status-publish","4":"has-post-thumbnail","6":"product_cat-kop-smarta-somn-sextabletter","7":"product_tag-15-mg-oxikodon","8":"product_tag-20-mg-oxikodon","9":"product_tag-20mg-oxycodone","10":"product_tag-r-oxikodon-en-opioid","11":"product_tag-biverkningar-av-oxikodon","12":"product_tag-dihydrohydroxikodeinon","13":"product_tag-dihydroxikodeinon","14":"product_tag-flytande-oxikodon","15":"product_tag-flytande-oxikontin","16":"product_tag-how-long-does-oxycodone-last","17":"product_tag-opioid-smrtstillande-medel","18":"product_tag-oxi-5-mg","19":"product_tag-oxicodona","20":"product_tag-oxicodone","21":"product_tag-oxikodin","22":"product_tag-oxikodon","23":"product_tag-oxikodon-10","24":"product_tag-oxikodon-10-mg","25":"product_tag-oxikodon-10mg-rosa","26":"product_tag-oxikodon-15-mg","27":"product_tag-oxikodon-20-mg","28":"product_tag-oxikodon-30-mg","29":"product_tag-oxikodon-5","30":"product_tag-oxikodon-5-325","31":"product_tag-oxikodon-5-mg","32":"product_tag-oxikodon-anvndningar","33":"product_tag-oxikodon-biverkningar","34":"product_tag-oxikodon-halveringstid","35":"product_tag-oxikodon-hcl","36":"product_tag-oxikodon-hcl-5-mg-tablett","37":"product_tag-oxikodon-hcl-5mg","38":"product_tag-oxikodon-hg","39":"product_tag-oxikodon-ingredienser","40":"product_tag-oxikodon-och-alkohol","41":"product_tag-oxikodon-och-ibuprofen","42":"product_tag-oxikodon-och-tylenol","43":"product_tag-oxikodon-omedelbar-fristtning","44":"product_tag-oxikodon-piller","45":"product_tag-oxikodon-vs-oxikontin","46":"product_tag-oxikodon-vs-percocet","47":"product_tag-oxikodon-acetaminofen","48":"product_tag-oxikodon-acetaminofen-5-325","49":"product_tag-oxikodon-apap","50":"product_tag-oxikodon-beroende","51":"product_tag-oxikodon-doser","52":"product_tag-oxikodon-effekter","53":"product_tag-oxikodon-hydroklorid","54":"product_tag-oxikodon-hydroklorid-5-mg","55":"product_tag-oxy","56":"product_tag-oxi-10","57":"product_tag-oxy-pill","58":"product_tag-oxy-pills","59":"product_tag-oxycodone","60":"product_tag-oxycodone-15mg","61":"product_tag-oxycodone-20mg","62":"product_tag-oxycodone-pills","63":"product_tag-oxycodonum","64":"product_tag-oxycontin","65":"product_tag-oxycontin-30-mg","66":"product_tag-oxycontin-80-mg","67":"product_tag-oxycontin-dosering","68":"product_tag-oxycontin-effekter","69":"product_tag-oxycontin-generisk","70":"product_tag-oxycontin-ir","71":"product_tag-oxycontin-verdos","72":"product_tag-oxikontin-vs-oxikodon","73":"product_tag-oxycoton","74":"product_tag-oxycotton","75":"product_tag-oxys","76":"product_tag-oxytocin-pills","77":"product_tag-piller-20","78":"product_tag-prescription-pain-meds","79":"product_tag-roxicodone-vs-oxycodone","80":"product_tag-roxy-10","81":"product_tag-roxy-30s","82":"product_tag-roxy-drog","83":"product_tag-syrelkemedel","84":"product_tag-syredroger","85":"product_tag-typer-av-opioider","86":"product_tag-typer-av-smrtstillande-medel","87":"product_tag-vad-r-oxy","88":"product_tag-vad-r-oxymorfon","89":"product_tag-vad-r-roxikodon","90":"product_tag-vad-gr-oxikodon","92":"first","93":"instock","94":"shipping-taxable","95":"purchasable","96":"product-type-variable","97":"has-default-attributes"},"yoast_head":"<!-- This site is optimized with the Yoast SEO plugin v27.3 - https:\/\/yoast.com\/product\/yoast-seo-wordpress\/ -->\n<title>K\u00f6p OxyCodone 40 mg piller - B\u00e4sta b\u00e4sta globala medicinerna<\/title>\n<meta name=\"description\" content=\"K\u00f6p Oxycodone\u00a040 mg piller till salu Storbritannien, Europa Online,\u00a0Best\u00e4ll\u00a0Billiga\u00a0Oxycodone 40 mg Pills Online\u00a0med ... Du kan\u00a0k\u00f6pa Oxycodone online-tabletter\u00a0utan recept (ingen RX).\" \/>\n<meta name=\"robots\" content=\"index, follow, max-snippet:-1, max-image-preview:large, max-video-preview:-1\" \/>\n<link rel=\"canonical\" href=\"https:\/\/medicinasinc.com\/se\/product\/kopa-oxikodon-40mg-piller\/\" \/>\n<meta property=\"og:locale\" content=\"sv_SE\" \/>\n<meta property=\"og:type\" content=\"article\" \/>\n<meta property=\"og:title\" content=\"K\u00f6p OxyCodone 40 mg piller - B\u00e4sta b\u00e4sta globala medicinerna\" \/>\n<meta property=\"og:description\" content=\"K\u00f6p Oxycodone\u00a040 mg piller till salu Storbritannien, Europa Online,\u00a0Best\u00e4ll\u00a0Billiga\u00a0Oxycodone 40 mg Pills Online\u00a0med ... Du kan\u00a0k\u00f6pa Oxycodone online-tabletter\u00a0utan recept (ingen RX).\" \/>\n<meta property=\"og:url\" content=\"https:\/\/medicinasinc.com\/se\/product\/kopa-oxikodon-40mg-piller\/\" \/>\n<meta property=\"og:site_name\" content=\"Medicinas Inc\" \/>\n<meta property=\"article:modified_time\" content=\"2022-07-03T23:37:37+00:00\" \/>\n<meta property=\"og:image\" content=\"https:\/\/medicinasinc.com\/se\/wp-content\/uploads\/sites\/16\/2022\/02\/Buy-OxyCodone-40mg.jpg\" \/>\n\t<meta property=\"og:image:width\" content=\"600\" \/>\n\t<meta property=\"og:image:height\" content=\"400\" \/>\n\t<meta property=\"og:image:type\" content=\"image\/jpeg\" \/>\n<meta name=\"twitter:card\" content=\"summary_large_image\" \/>\n<meta name=\"twitter:label1\" content=\"Ber\u00e4knad l\u00e4stid\" \/>\n\t<meta name=\"twitter:data1\" content=\"1 minut\" \/>\n<script type=\"application\/ld+json\" class=\"yoast-schema-graph\">{\"@context\":\"https:\\\/\\\/schema.org\",\"@graph\":[{\"@type\":\"WebPage\",\"@id\":\"https:\\\/\\\/medicinasinc.com\\\/se\\\/product\\\/kopa-oxikodon-40mg-piller\\\/\",\"url\":\"https:\\\/\\\/medicinasinc.com\\\/se\\\/product\\\/kopa-oxikodon-40mg-piller\\\/\",\"name\":\"K\u00f6p OxyCodone 40 mg piller - B\u00e4sta b\u00e4sta globala medicinerna\",\"isPartOf\":{\"@id\":\"https:\\\/\\\/medicinasinc.com\\\/se\\\/#website\"},\"primaryImageOfPage\":{\"@id\":\"https:\\\/\\\/medicinasinc.com\\\/se\\\/product\\\/kopa-oxikodon-40mg-piller\\\/#primaryimage\"},\"image\":{\"@id\":\"https:\\\/\\\/medicinasinc.com\\\/se\\\/product\\\/kopa-oxikodon-40mg-piller\\\/#primaryimage\"},\"thumbnailUrl\":\"https:\\\/\\\/medicinasinc.com\\\/se\\\/wp-content\\\/uploads\\\/sites\\\/16\\\/2022\\\/02\\\/Buy-OxyCodone-40mg.jpg\",\"datePublished\":\"2022-02-21T18:15:16+00:00\",\"dateModified\":\"2022-07-03T23:37:37+00:00\",\"description\":\"K\u00f6p Oxycodone\u00a040 mg piller till salu Storbritannien, Europa Online,\u00a0Best\u00e4ll\u00a0Billiga\u00a0Oxycodone 40 mg Pills Online\u00a0med ... Du kan\u00a0k\u00f6pa Oxycodone online-tabletter\u00a0utan recept (ingen RX).\",\"breadcrumb\":{\"@id\":\"https:\\\/\\\/medicinasinc.com\\\/se\\\/product\\\/kopa-oxikodon-40mg-piller\\\/#breadcrumb\"},\"inLanguage\":\"sv-SE\",\"potentialAction\":[{\"@type\":\"ReadAction\",\"target\":[\"https:\\\/\\\/medicinasinc.com\\\/se\\\/product\\\/kopa-oxikodon-40mg-piller\\\/\"]}]},{\"@type\":\"ImageObject\",\"inLanguage\":\"sv-SE\",\"@id\":\"https:\\\/\\\/medicinasinc.com\\\/se\\\/product\\\/kopa-oxikodon-40mg-piller\\\/#primaryimage\",\"url\":\"https:\\\/\\\/medicinasinc.com\\\/se\\\/wp-content\\\/uploads\\\/sites\\\/16\\\/2022\\\/02\\\/Buy-OxyCodone-40mg.jpg\",\"contentUrl\":\"https:\\\/\\\/medicinasinc.com\\\/se\\\/wp-content\\\/uploads\\\/sites\\\/16\\\/2022\\\/02\\\/Buy-OxyCodone-40mg.jpg\",\"width\":600,\"height\":400},{\"@type\":\"BreadcrumbList\",\"@id\":\"https:\\\/\\\/medicinasinc.com\\\/se\\\/product\\\/kopa-oxikodon-40mg-piller\\\/#breadcrumb\",\"itemListElement\":[{\"@type\":\"ListItem\",\"position\":1,\"name\":\"aff\u00e4r\",\"item\":\"https:\\\/\\\/medicinasinc.com\\\/se\\\/affar\\\/\"},{\"@type\":\"ListItem\",\"position\":2,\"name\":\"K\u00f6p OxyCodone 40mg piller\"}]},{\"@type\":\"WebSite\",\"@id\":\"https:\\\/\\\/medicinasinc.com\\\/se\\\/#website\",\"url\":\"https:\\\/\\\/medicinasinc.com\\\/se\\\/\",\"name\":\"Medicinas Inc\",\"description\":\"Health Medical Clinic\",\"potentialAction\":[{\"@type\":\"SearchAction\",\"target\":{\"@type\":\"EntryPoint\",\"urlTemplate\":\"https:\\\/\\\/medicinasinc.com\\\/se\\\/?s={search_term_string}\"},\"query-input\":{\"@type\":\"PropertyValueSpecification\",\"valueRequired\":true,\"valueName\":\"search_term_string\"}}],\"inLanguage\":\"sv-SE\"}]}<\/script>\n<!-- \/ Yoast SEO plugin. -->","yoast_head_json":{"title":"K\u00f6p OxyCodone 40 mg piller - B\u00e4sta b\u00e4sta globala medicinerna","description":"K\u00f6p Oxycodone\u00a040 mg piller till salu Storbritannien, Europa Online,\u00a0Best\u00e4ll\u00a0Billiga\u00a0Oxycodone 40 mg Pills Online\u00a0med ... Du kan\u00a0k\u00f6pa Oxycodone online-tabletter\u00a0utan recept (ingen RX).","robots":{"index":"index","follow":"follow","max-snippet":"max-snippet:-1","max-image-preview":"max-image-preview:large","max-video-preview":"max-video-preview:-1"},"canonical":"https:\/\/medicinasinc.com\/se\/product\/kopa-oxikodon-40mg-piller\/","og_locale":"sv_SE","og_type":"article","og_title":"K\u00f6p OxyCodone 40 mg piller - B\u00e4sta b\u00e4sta globala medicinerna","og_description":"K\u00f6p Oxycodone\u00a040 mg piller till salu Storbritannien, Europa Online,\u00a0Best\u00e4ll\u00a0Billiga\u00a0Oxycodone 40 mg Pills Online\u00a0med ... Du kan\u00a0k\u00f6pa Oxycodone online-tabletter\u00a0utan recept (ingen RX).","og_url":"https:\/\/medicinasinc.com\/se\/product\/kopa-oxikodon-40mg-piller\/","og_site_name":"Medicinas Inc","article_modified_time":"2022-07-03T23:37:37+00:00","og_image":[{"width":600,"height":400,"url":"https:\/\/medicinasinc.com\/se\/wp-content\/uploads\/sites\/16\/2022\/02\/Buy-OxyCodone-40mg.jpg","type":"image\/jpeg"}],"twitter_card":"summary_large_image","twitter_misc":{"Ber\u00e4knad l\u00e4stid":"1 minut"},"schema":{"@context":"https:\/\/schema.org","@graph":[{"@type":"WebPage","@id":"https:\/\/medicinasinc.com\/se\/product\/kopa-oxikodon-40mg-piller\/","url":"https:\/\/medicinasinc.com\/se\/product\/kopa-oxikodon-40mg-piller\/","name":"K\u00f6p OxyCodone 40 mg piller - B\u00e4sta b\u00e4sta globala medicinerna","isPartOf":{"@id":"https:\/\/medicinasinc.com\/se\/#website"},"primaryImageOfPage":{"@id":"https:\/\/medicinasinc.com\/se\/product\/kopa-oxikodon-40mg-piller\/#primaryimage"},"image":{"@id":"https:\/\/medicinasinc.com\/se\/product\/kopa-oxikodon-40mg-piller\/#primaryimage"},"thumbnailUrl":"https:\/\/medicinasinc.com\/se\/wp-content\/uploads\/sites\/16\/2022\/02\/Buy-OxyCodone-40mg.jpg","datePublished":"2022-02-21T18:15:16+00:00","dateModified":"2022-07-03T23:37:37+00:00","description":"K\u00f6p Oxycodone\u00a040 mg piller till salu Storbritannien, Europa Online,\u00a0Best\u00e4ll\u00a0Billiga\u00a0Oxycodone 40 mg Pills Online\u00a0med ... Du kan\u00a0k\u00f6pa Oxycodone online-tabletter\u00a0utan recept (ingen RX).","breadcrumb":{"@id":"https:\/\/medicinasinc.com\/se\/product\/kopa-oxikodon-40mg-piller\/#breadcrumb"},"inLanguage":"sv-SE","potentialAction":[{"@type":"ReadAction","target":["https:\/\/medicinasinc.com\/se\/product\/kopa-oxikodon-40mg-piller\/"]}]},{"@type":"ImageObject","inLanguage":"sv-SE","@id":"https:\/\/medicinasinc.com\/se\/product\/kopa-oxikodon-40mg-piller\/#primaryimage","url":"https:\/\/medicinasinc.com\/se\/wp-content\/uploads\/sites\/16\/2022\/02\/Buy-OxyCodone-40mg.jpg","contentUrl":"https:\/\/medicinasinc.com\/se\/wp-content\/uploads\/sites\/16\/2022\/02\/Buy-OxyCodone-40mg.jpg","width":600,"height":400},{"@type":"BreadcrumbList","@id":"https:\/\/medicinasinc.com\/se\/product\/kopa-oxikodon-40mg-piller\/#breadcrumb","itemListElement":[{"@type":"ListItem","position":1,"name":"aff\u00e4r","item":"https:\/\/medicinasinc.com\/se\/affar\/"},{"@type":"ListItem","position":2,"name":"K\u00f6p OxyCodone 40mg piller"}]},{"@type":"WebSite","@id":"https:\/\/medicinasinc.com\/se\/#website","url":"https:\/\/medicinasinc.com\/se\/","name":"Medicinas Inc","description":"Health Medical Clinic","potentialAction":[{"@type":"SearchAction","target":{"@type":"EntryPoint","urlTemplate":"https:\/\/medicinasinc.com\/se\/?s={search_term_string}"},"query-input":{"@type":"PropertyValueSpecification","valueRequired":true,"valueName":"search_term_string"}}],"inLanguage":"sv-SE"}]}},"_links":{"self":[{"href":"https:\/\/medicinasinc.com\/se\/wp-json\/wp\/v2\/product\/5293","targetHints":{"allow":["GET"]}}],"collection":[{"href":"https:\/\/medicinasinc.com\/se\/wp-json\/wp\/v2\/product"}],"about":[{"href":"https:\/\/medicinasinc.com\/se\/wp-json\/wp\/v2\/types\/product"}],"replies":[{"embeddable":true,"href":"https:\/\/medicinasinc.com\/se\/wp-json\/wp\/v2\/comments?post=5293"}],"wp:featuredmedia":[{"embeddable":true,"href":"https:\/\/medicinasinc.com\/se\/wp-json\/wp\/v2\/media\/5301"}],"wp:attachment":[{"href":"https:\/\/medicinasinc.com\/se\/wp-json\/wp\/v2\/media?parent=5293"}],"wp:term":[{"taxonomy":"product_brand","embeddable":true,"href":"https:\/\/medicinasinc.com\/se\/wp-json\/wp\/v2\/product_brand?post=5293"},{"taxonomy":"product_cat","embeddable":true,"href":"https:\/\/medicinasinc.com\/se\/wp-json\/wp\/v2\/product_cat?post=5293"},{"taxonomy":"product_tag","embeddable":true,"href":"https:\/\/medicinasinc.com\/se\/wp-json\/wp\/v2\/product_tag?post=5293"}],"curies":[{"name":"wp","href":"https:\/\/api.w.org\/{rel}","templated":true}]}}