{"id":5265,"date":"2022-02-20T22:55:20","date_gmt":"2022-02-20T22:55:20","guid":{"rendered":"https:\/\/medicinasinc.com\/se\/?post_type=product&#038;p=5265"},"modified":"2022-07-03T23:37:51","modified_gmt":"2022-07-03T23:37:51","slug":"kop-mogadon-nitrazepam-5mg-piller","status":"publish","type":"product","link":"https:\/\/medicinasinc.com\/se\/product\/kop-mogadon-nitrazepam-5mg-piller\/","title":{"rendered":"K\u00f6p Mogadon Nitrazepam 5mg piller"},"content":{"rendered":"<p>Onlinek\u00f6p av Mogadon Nitrazepam 5 mg piller<br \/> Mogadon kostar 0,31 USD per piller hos oss p\u00e5 PocketPills. Mogadon kan vara billigare om din f\u00f6rs\u00e4kring t\u00e4cker det. F\u00f6r att f\u00e5 hela kostnaden f\u00f6r Mogadon m\u00e5ste du dessutom inkludera i dispenserings- och fraktkostnader.<\/p>\n<p>Hur mycket kostar Mogadon-utl\u00e4mningsavgiften?<\/p>\n<p>Kostnaden f\u00f6r att dispensera Mogadon hos oss \u00e4r helt enkelt 7 USD . Pocketpills str\u00e4var efter att ge dig de l\u00e4gsta Mogadon-priserna i Kanada.<br \/> T\u00e4nk p\u00e5 att vi tillhandah\u00e5ller GRATIS FRAKT p\u00e5 alla best\u00e4llningar globalt.<\/p>\n<div>\n<div>\n<div>\n<div class=\"margin- t-l\">\n<div class=\"drugcontent-wrapper\">\n<div class=\"h4\">\n<ul>\n<li>Kom ih\u00e5g att vi erbjuder dig GRATIS frakt i Kanada.<\/li>\n<\/ul><\/div><\/div><\/div><\/div><\/div><\/div>\n<div class=\"product-next-previous\">\n<div class=\"product-prev\"><\/div><\/div>\n","protected":false},"excerpt":{"rendered":"<p>Mogadon Nitrazepam 5mg piller till salu i Storbritannien och Europa. sv\u00e5righeter att somna, upprepade upphetsningar under natten och uppvaknande tidigt p\u00e5 morgonen. Dessutom anv\u00e4nds den f\u00f6r att \u00f6vervaka myokloniska anfall.<\/p>\n<p>Mogadon K\u00f6p online &#8211; Piller av h\u00f6gsta kvalitet K\u00f6p nitrazepam online utan recept, best\u00e4ll och f\u00e5 din Mogadon levererad internationellt genom snabb leverans.<\/p>\n<p>k\u00f6p nitrazepam xr 30 mg<\/p>\n<p>k\u00f6p nitrazepam \u00f6ver natten k\u00f6p nitrazepam utan recept online k\u00f6p nitrazepam i Costa Rica, Europa, Dubai, Kina, Europeiska unionen och i hela v\u00e4rlden. Tabletter av generisk nitrazepam<\/p>\n","protected":false},"featured_media":5995,"comment_status":"open","ping_status":"closed","template":"","meta":[],"product_brand":[],"product_cat":[1117],"product_tag":[1633,1630,1629,1631,1632,1634,1635,1636,1637],"class_list":{"0":"post-5265","1":"product","2":"type-product","3":"status-publish","4":"has-post-thumbnail","6":"product_cat-kop-smarta-somn-sextabletter","7":"product_tag-mogadon-nitrazepam-abstinens","8":"product_tag-buy-cheap-mogadon-nitrazepam","9":"product_tag-kp-nitrazepam-10mg-kp-mogadon-online-nitrazepam-5mg-till-frsljning-kp-mogadon-10mg","10":"product_tag-mogadon-nitrazepam","11":"product_tag-mogadon-nitrazepam-hur-man-slutar","12":"product_tag-nitrazepam-mogadon","13":"product_tag-reddit-mogadon-nitrazepam","14":"product_tag-reddit-mogadon-nitrazepam-abstinens","15":"product_tag-reddit-nitrazepam-mogadon-abstinens","17":"first","18":"instock","19":"shipping-taxable","20":"purchasable","21":"product-type-variable","22":"has-default-attributes"},"yoast_head":"<!-- This site is optimized with the Yoast SEO plugin v27.2 - https:\/\/yoast.com\/product\/yoast-seo-wordpress\/ -->\n<title>K\u00f6p Mogadon Nitrazepam 5mg piller - Best Global Meds<\/title>\n<meta name=\"description\" content=\"K\u00f6p Mogadon Nitrazepam 5mg piller till salu Storbritannien, Europa online. problem med att nicka av, successiva upphetsningar hela natten och upphetsning tidigt p\u00e5 morgonen. Det anv\u00e4nds dessutom f\u00f6r att \u00f6vervaka myokloniska anfall.\" \/>\n<meta name=\"robots\" content=\"index, follow, max-snippet:-1, max-image-preview:large, max-video-preview:-1\" \/>\n<link rel=\"canonical\" href=\"https:\/\/medicinasinc.com\/se\/product\/kop-mogadon-nitrazepam-5mg-piller\/\" \/>\n<meta property=\"og:locale\" content=\"sv_SE\" \/>\n<meta property=\"og:type\" content=\"article\" \/>\n<meta property=\"og:title\" content=\"K\u00f6p Mogadon Nitrazepam 5mg piller - Best Global Meds\" \/>\n<meta property=\"og:description\" content=\"K\u00f6p Mogadon Nitrazepam 5mg piller till salu Storbritannien, Europa online. problem med att nicka av, successiva upphetsningar hela natten och upphetsning tidigt p\u00e5 morgonen. Det anv\u00e4nds dessutom f\u00f6r att \u00f6vervaka myokloniska anfall.\" \/>\n<meta property=\"og:url\" content=\"https:\/\/medicinasinc.com\/se\/product\/kop-mogadon-nitrazepam-5mg-piller\/\" \/>\n<meta property=\"og:site_name\" content=\"Medicinas Inc\" \/>\n<meta property=\"article:modified_time\" content=\"2022-07-03T23:37:51+00:00\" \/>\n<meta property=\"og:image\" content=\"https:\/\/medicinasinc.com\/se\/wp-content\/uploads\/sites\/16\/2022\/02\/Buy-Mogadon-Nitrazepam-5mg-pills.jpg\" \/>\n\t<meta property=\"og:image:width\" content=\"640\" \/>\n\t<meta property=\"og:image:height\" content=\"480\" \/>\n\t<meta property=\"og:image:type\" content=\"image\/jpeg\" \/>\n<meta name=\"twitter:card\" content=\"summary_large_image\" \/>\n<meta name=\"twitter:label1\" content=\"Ber\u00e4knad l\u00e4stid\" \/>\n\t<meta name=\"twitter:data1\" content=\"1 minut\" \/>\n<script type=\"application\/ld+json\" class=\"yoast-schema-graph\">{\"@context\":\"https:\/\/schema.org\",\"@graph\":[{\"@type\":\"WebPage\",\"@id\":\"https:\/\/medicinasinc.com\/se\/product\/kop-mogadon-nitrazepam-5mg-piller\/\",\"url\":\"https:\/\/medicinasinc.com\/se\/product\/kop-mogadon-nitrazepam-5mg-piller\/\",\"name\":\"K\u00f6p Mogadon Nitrazepam 5mg piller - Best Global Meds\",\"isPartOf\":{\"@id\":\"https:\/\/medicinasinc.com\/se\/#website\"},\"primaryImageOfPage\":{\"@id\":\"https:\/\/medicinasinc.com\/se\/product\/kop-mogadon-nitrazepam-5mg-piller\/#primaryimage\"},\"image\":{\"@id\":\"https:\/\/medicinasinc.com\/se\/product\/kop-mogadon-nitrazepam-5mg-piller\/#primaryimage\"},\"thumbnailUrl\":\"https:\/\/medicinasinc.com\/se\/wp-content\/uploads\/sites\/16\/2022\/02\/Buy-Mogadon-Nitrazepam-5mg-pills.jpg\",\"datePublished\":\"2022-02-20T22:55:20+00:00\",\"dateModified\":\"2022-07-03T23:37:51+00:00\",\"description\":\"K\u00f6p Mogadon Nitrazepam 5mg piller till salu Storbritannien, Europa online. problem med att nicka av, successiva upphetsningar hela natten och upphetsning tidigt p\u00e5 morgonen. Det anv\u00e4nds dessutom f\u00f6r att \u00f6vervaka myokloniska anfall.\",\"breadcrumb\":{\"@id\":\"https:\/\/medicinasinc.com\/se\/product\/kop-mogadon-nitrazepam-5mg-piller\/#breadcrumb\"},\"inLanguage\":\"sv-SE\",\"potentialAction\":[{\"@type\":\"ReadAction\",\"target\":[\"https:\/\/medicinasinc.com\/se\/product\/kop-mogadon-nitrazepam-5mg-piller\/\"]}]},{\"@type\":\"ImageObject\",\"inLanguage\":\"sv-SE\",\"@id\":\"https:\/\/medicinasinc.com\/se\/product\/kop-mogadon-nitrazepam-5mg-piller\/#primaryimage\",\"url\":\"https:\/\/medicinasinc.com\/se\/wp-content\/uploads\/sites\/16\/2022\/02\/Buy-Mogadon-Nitrazepam-5mg-pills.jpg\",\"contentUrl\":\"https:\/\/medicinasinc.com\/se\/wp-content\/uploads\/sites\/16\/2022\/02\/Buy-Mogadon-Nitrazepam-5mg-pills.jpg\",\"width\":640,\"height\":480,\"caption\":\"Buy Mogadon Nitrazepam 5mg pills\"},{\"@type\":\"BreadcrumbList\",\"@id\":\"https:\/\/medicinasinc.com\/se\/product\/kop-mogadon-nitrazepam-5mg-piller\/#breadcrumb\",\"itemListElement\":[{\"@type\":\"ListItem\",\"position\":1,\"name\":\"aff\u00e4r\",\"item\":\"https:\/\/medicinasinc.com\/se\/affar\/\"},{\"@type\":\"ListItem\",\"position\":2,\"name\":\"K\u00f6p Mogadon Nitrazepam 5mg piller\"}]},{\"@type\":\"WebSite\",\"@id\":\"https:\/\/medicinasinc.com\/se\/#website\",\"url\":\"https:\/\/medicinasinc.com\/se\/\",\"name\":\"Medicinas Inc\",\"description\":\"Health Medical Clinic\",\"potentialAction\":[{\"@type\":\"SearchAction\",\"target\":{\"@type\":\"EntryPoint\",\"urlTemplate\":\"https:\/\/medicinasinc.com\/se\/?s={search_term_string}\"},\"query-input\":{\"@type\":\"PropertyValueSpecification\",\"valueRequired\":true,\"valueName\":\"search_term_string\"}}],\"inLanguage\":\"sv-SE\"}]}<\/script>\n<!-- \/ Yoast SEO plugin. -->","yoast_head_json":{"title":"K\u00f6p Mogadon Nitrazepam 5mg piller - Best Global Meds","description":"K\u00f6p Mogadon Nitrazepam 5mg piller till salu Storbritannien, Europa online. problem med att nicka av, successiva upphetsningar hela natten och upphetsning tidigt p\u00e5 morgonen. Det anv\u00e4nds dessutom f\u00f6r att \u00f6vervaka myokloniska anfall.","robots":{"index":"index","follow":"follow","max-snippet":"max-snippet:-1","max-image-preview":"max-image-preview:large","max-video-preview":"max-video-preview:-1"},"canonical":"https:\/\/medicinasinc.com\/se\/product\/kop-mogadon-nitrazepam-5mg-piller\/","og_locale":"sv_SE","og_type":"article","og_title":"K\u00f6p Mogadon Nitrazepam 5mg piller - Best Global Meds","og_description":"K\u00f6p Mogadon Nitrazepam 5mg piller till salu Storbritannien, Europa online. problem med att nicka av, successiva upphetsningar hela natten och upphetsning tidigt p\u00e5 morgonen. Det anv\u00e4nds dessutom f\u00f6r att \u00f6vervaka myokloniska anfall.","og_url":"https:\/\/medicinasinc.com\/se\/product\/kop-mogadon-nitrazepam-5mg-piller\/","og_site_name":"Medicinas Inc","article_modified_time":"2022-07-03T23:37:51+00:00","og_image":[{"width":640,"height":480,"url":"https:\/\/medicinasinc.com\/se\/wp-content\/uploads\/sites\/16\/2022\/02\/Buy-Mogadon-Nitrazepam-5mg-pills.jpg","type":"image\/jpeg"}],"twitter_card":"summary_large_image","twitter_misc":{"Ber\u00e4knad l\u00e4stid":"1 minut"},"schema":{"@context":"https:\/\/schema.org","@graph":[{"@type":"WebPage","@id":"https:\/\/medicinasinc.com\/se\/product\/kop-mogadon-nitrazepam-5mg-piller\/","url":"https:\/\/medicinasinc.com\/se\/product\/kop-mogadon-nitrazepam-5mg-piller\/","name":"K\u00f6p Mogadon Nitrazepam 5mg piller - Best Global Meds","isPartOf":{"@id":"https:\/\/medicinasinc.com\/se\/#website"},"primaryImageOfPage":{"@id":"https:\/\/medicinasinc.com\/se\/product\/kop-mogadon-nitrazepam-5mg-piller\/#primaryimage"},"image":{"@id":"https:\/\/medicinasinc.com\/se\/product\/kop-mogadon-nitrazepam-5mg-piller\/#primaryimage"},"thumbnailUrl":"https:\/\/medicinasinc.com\/se\/wp-content\/uploads\/sites\/16\/2022\/02\/Buy-Mogadon-Nitrazepam-5mg-pills.jpg","datePublished":"2022-02-20T22:55:20+00:00","dateModified":"2022-07-03T23:37:51+00:00","description":"K\u00f6p Mogadon Nitrazepam 5mg piller till salu Storbritannien, Europa online. problem med att nicka av, successiva upphetsningar hela natten och upphetsning tidigt p\u00e5 morgonen. Det anv\u00e4nds dessutom f\u00f6r att \u00f6vervaka myokloniska anfall.","breadcrumb":{"@id":"https:\/\/medicinasinc.com\/se\/product\/kop-mogadon-nitrazepam-5mg-piller\/#breadcrumb"},"inLanguage":"sv-SE","potentialAction":[{"@type":"ReadAction","target":["https:\/\/medicinasinc.com\/se\/product\/kop-mogadon-nitrazepam-5mg-piller\/"]}]},{"@type":"ImageObject","inLanguage":"sv-SE","@id":"https:\/\/medicinasinc.com\/se\/product\/kop-mogadon-nitrazepam-5mg-piller\/#primaryimage","url":"https:\/\/medicinasinc.com\/se\/wp-content\/uploads\/sites\/16\/2022\/02\/Buy-Mogadon-Nitrazepam-5mg-pills.jpg","contentUrl":"https:\/\/medicinasinc.com\/se\/wp-content\/uploads\/sites\/16\/2022\/02\/Buy-Mogadon-Nitrazepam-5mg-pills.jpg","width":640,"height":480,"caption":"Buy Mogadon Nitrazepam 5mg pills"},{"@type":"BreadcrumbList","@id":"https:\/\/medicinasinc.com\/se\/product\/kop-mogadon-nitrazepam-5mg-piller\/#breadcrumb","itemListElement":[{"@type":"ListItem","position":1,"name":"aff\u00e4r","item":"https:\/\/medicinasinc.com\/se\/affar\/"},{"@type":"ListItem","position":2,"name":"K\u00f6p Mogadon Nitrazepam 5mg piller"}]},{"@type":"WebSite","@id":"https:\/\/medicinasinc.com\/se\/#website","url":"https:\/\/medicinasinc.com\/se\/","name":"Medicinas Inc","description":"Health Medical Clinic","potentialAction":[{"@type":"SearchAction","target":{"@type":"EntryPoint","urlTemplate":"https:\/\/medicinasinc.com\/se\/?s={search_term_string}"},"query-input":{"@type":"PropertyValueSpecification","valueRequired":true,"valueName":"search_term_string"}}],"inLanguage":"sv-SE"}]}},"_links":{"self":[{"href":"https:\/\/medicinasinc.com\/se\/wp-json\/wp\/v2\/product\/5265","targetHints":{"allow":["GET"]}}],"collection":[{"href":"https:\/\/medicinasinc.com\/se\/wp-json\/wp\/v2\/product"}],"about":[{"href":"https:\/\/medicinasinc.com\/se\/wp-json\/wp\/v2\/types\/product"}],"replies":[{"embeddable":true,"href":"https:\/\/medicinasinc.com\/se\/wp-json\/wp\/v2\/comments?post=5265"}],"wp:featuredmedia":[{"embeddable":true,"href":"https:\/\/medicinasinc.com\/se\/wp-json\/wp\/v2\/media\/5995"}],"wp:attachment":[{"href":"https:\/\/medicinasinc.com\/se\/wp-json\/wp\/v2\/media?parent=5265"}],"wp:term":[{"taxonomy":"product_brand","embeddable":true,"href":"https:\/\/medicinasinc.com\/se\/wp-json\/wp\/v2\/product_brand?post=5265"},{"taxonomy":"product_cat","embeddable":true,"href":"https:\/\/medicinasinc.com\/se\/wp-json\/wp\/v2\/product_cat?post=5265"},{"taxonomy":"product_tag","embeddable":true,"href":"https:\/\/medicinasinc.com\/se\/wp-json\/wp\/v2\/product_tag?post=5265"}],"curies":[{"name":"wp","href":"https:\/\/api.w.org\/{rel}","templated":true}]}}