{"id":5264,"date":"2022-02-20T22:53:05","date_gmt":"2022-02-20T22:53:05","guid":{"rendered":"https:\/\/medicinasinc.com\/se\/?post_type=product&#038;p=5264"},"modified":"2022-07-03T23:38:04","modified_gmt":"2022-07-03T23:38:04","slug":"kopa-motrin-ibuprofen-600mg-piller","status":"publish","type":"product","link":"https:\/\/medicinasinc.com\/se\/product\/kopa-motrin-ibuprofen-600mg-piller\/","title":{"rendered":"K\u00f6p Motrin Ibuprofen 600mg piller"},"content":{"rendered":"<p>Motrin \u2013 Ibuprofen 600mg piller kan k\u00f6pas online.<br \/> Motrin Ibuprofen 600mg piller kan k\u00f6pas online.<\/p>\n<p>Ibuprofen 600mg finns som tablett. Det \u00e4r en medlem av klassen av l\u00e4kemedel som kallas NSAID &#8211; icke-steroida antiinflammatoriska l\u00e4kemedel. Det anv\u00e4nds f\u00f6r att behandla artros, reumatoid artrit, spinal artrit, svullna leder, frusen axel, bursit, tendinit, tenosynovit, obehag i nedre delen av ryggen samt stukningar och stammar.<\/p>\n<p>Ibuprofen 600 mg tabletter b\u00f6r f\u00f6rvaras utom r\u00e4ckh\u00e5ll f\u00f6r barn. syn och r\u00e4ckvidd. Den ska f\u00f6rvaras i originalf\u00f6rpackningen och f\u00f6rvaras vid en temperatur p\u00e5 h\u00f6gst 25 grader Celsius.<\/p>\n","protected":false},"excerpt":{"rendered":"<div class=\"woocommerce-product-details__short-description\">\n<p>Motrin \u2013 Ibuprofen 600 mg piller kan k\u00f6pas online. K\u00f6p Ibuprofen Online till extremt l\u00e5ga kostnader. Grossistbest\u00e4llningar kvalificerar sig f\u00f6r fri frakt. Om du har letat efter att k\u00f6pa receptbelagda l\u00e4kemedel online utan recept, \u00e4r din s\u00f6kning klar.<\/p>\n<p>Ibuprofen 600mg finns i tablettform. Det \u00e4r en medlem av klassen av l\u00e4kemedel som kallas NSAID &#8211; Icke-steroida antiinflammatoriska l\u00e4kemedel.<\/p>\n<p>Ibuprofen 600 mg tabletter, ibuprofen 600 mg receptbelagd styrka, ibuprofen 600 mg receptfritt, ibuprofen 600 mg dosering f\u00f6r vuxna, ibuprofen 600 mg kostnad per piller, ibuprofen 600 mg st\u00f6vlar, motrin 600 mg, 600 mg ibuprofen receptfritt uk<\/p>\n<\/p><\/div>\n","protected":false},"featured_media":5282,"comment_status":"open","ping_status":"closed","template":"","meta":[],"product_brand":[],"product_cat":[1117],"product_tag":[1571,1572,1602,1574,1573,1601,1605,1606,1575,1576,1610,1608,1607,1578,1580,1581,1582,1583,1585,1588,1587,1586,1584,1589,1590,1592,1593,1594,1595,1596,1591,1597,1598,1579,1599,1600,1603,1604,1609,1611,1612,1613,1622,1618,1619,1620,1621,1624,1614,1615,1616,1617,1623,1625,1626,1577,1627,1628],"class_list":{"0":"post-5264","1":"product","2":"type-product","3":"status-publish","4":"has-post-thumbnail","6":"product_cat-kop-smarta-somn-sextabletter","7":"product_tag-600-mg-ibuprofen-receptfritt-uk","8":"product_tag-advil-motrin-ibuprofen","9":"product_tag-r-ibuprofen-samma-som-motrin","10":"product_tag-r-ibuprofen-och-motrin-samma-sak","11":"product_tag-r-ibuprofen-och-motrin-samma","12":"product_tag-r-ibuprofen-motrin","13":"product_tag-is-motrin-ibuprofen","14":"product_tag-r-motrin-ibuprofen-eller-acetaminofen","15":"product_tag-r-motrin-och-ibuprofen-samma","16":"product_tag-r-motrin-och-ibuprofen-samma-sak","17":"product_tag-r-motrin-samma-sak-som-ibuprofen","18":"product_tag-r-motrin-samma-som-ibuprofen","19":"product_tag-r-motrin-liknande-ibuprofen","20":"product_tag-difference-between-motrin-and-ibuprofen","21":"product_tag-har-motrin-ibuprofen","22":"product_tag-har-motrin-ibuprofen-i-it","23":"product_tag-hur-mycket-ibuprofen-i-motrin","24":"product_tag-ibuprofen-200mg-tabletter","25":"product_tag-ibuprofen-600-mg-dosage-for-adults","26":"product_tag-ibuprofen-600-mg-pris-per-piller","27":"product_tag-ibuprofen-600-mg-receptbelagd-styrka","28":"product_tag-ibuprofen-600-mg-receptfritt","29":"product_tag-ibuprofen-600-mg-stvlar","30":"product_tag-ibuprofen-600mg-tabletter","31":"product_tag-ibuprofen-advil-motrin","32":"product_tag-ibuprofen-r-motrin","33":"product_tag-ibuprofen-motrin","34":"product_tag-ibuprofen-motrin-600-mg","35":"product_tag-ibuprofen-motrin-800-mg","36":"product_tag-ibuprofen-motrin-800mg","37":"product_tag-ibuprofen-och-motrin","38":"product_tag-ibuprofen-samma-som-motrin","39":"product_tag-ibuprofen-vs-motrin","40":"product_tag-gr-motrin-innehller-ibuprofen","41":"product_tag-is-ibuprofen-and-motrin-the-same","42":"product_tag-is-ibuprofen-and-motrin-the-same-thing","43":"product_tag-is-motrin-and-ibuprofen-the-same","44":"product_tag-is-motrin-and-ibuprofen-the-same-thing","45":"product_tag-is-motrin-the-same-as-ibuprofen","46":"product_tag-motrin-600-mg","47":"product_tag-motrin-600-mg-vs-ibuprofen","48":"product_tag-motrin-800-vs-ibuprofen","49":"product_tag-motrin-r-ibuprofen","50":"product_tag-motrin-ib","51":"product_tag-motrin-ibuprofen","52":"product_tag-motrin-ibuprofen-200-mg","53":"product_tag-motrin-ibuprofen-dosage","54":"product_tag-motrin-mot-ibuprofen","55":"product_tag-motrin-och-ibuprofen","56":"product_tag-motrin-och-ibuprofen-samma","57":"product_tag-motrin-och-ibuprofen-samma-sak","58":"product_tag-motrin-och-ibuprofen-tillsammans","59":"product_tag-motrin-samma-som-ibuprofen","60":"product_tag-motrin-vs-advil-vs-ibuprofen","61":"product_tag-motrin-vs-ibuprofen","62":"product_tag-skillnaden-mellan-ibuprofen-och-motrin","63":"product_tag-vad-r-skillnaden-mellan-ibuprofen-och-motrin","64":"product_tag-vad-r-skillnaden-mellan-motrin-och-ibuprofen","66":"first","67":"instock","68":"shipping-taxable","69":"purchasable","70":"product-type-variable","71":"has-default-attributes"},"yoast_head":"<!-- This site is optimized with the Yoast SEO plugin v27.3 - https:\/\/yoast.com\/product\/yoast-seo-wordpress\/ -->\n<title>K\u00f6p Motrin Ibuprofen 600 mg piller - B\u00e4sta b\u00e4sta globala medicinerna<\/title>\n<meta name=\"description\" content=\"K\u00f6p Motrin Ibuprofen 600 mg piller online. K\u00f6p Ibuprofen 600mg Online till mycket billiga priser. Fri frakt p\u00e5 grossistbest\u00e4llningar. Om du har letat efter att k\u00f6pa l\u00e4kemedel online receptfritt, d\u00e5 \u00e4r din s\u00f6kning \u00f6ver.\" \/>\n<meta name=\"robots\" content=\"index, follow, max-snippet:-1, max-image-preview:large, max-video-preview:-1\" \/>\n<link rel=\"canonical\" href=\"https:\/\/medicinasinc.com\/se\/product\/kopa-motrin-ibuprofen-600mg-piller\/\" \/>\n<meta property=\"og:locale\" content=\"sv_SE\" \/>\n<meta property=\"og:type\" content=\"article\" \/>\n<meta property=\"og:title\" content=\"K\u00f6p Motrin Ibuprofen 600 mg piller - B\u00e4sta b\u00e4sta globala medicinerna\" \/>\n<meta property=\"og:description\" content=\"K\u00f6p Motrin Ibuprofen 600 mg piller online. K\u00f6p Ibuprofen 600mg Online till mycket billiga priser. Fri frakt p\u00e5 grossistbest\u00e4llningar. Om du har letat efter att k\u00f6pa l\u00e4kemedel online receptfritt, d\u00e5 \u00e4r din s\u00f6kning \u00f6ver.\" \/>\n<meta property=\"og:url\" content=\"https:\/\/medicinasinc.com\/se\/product\/kopa-motrin-ibuprofen-600mg-piller\/\" \/>\n<meta property=\"og:site_name\" content=\"Medicinas Inc\" \/>\n<meta property=\"article:modified_time\" content=\"2022-07-03T23:38:04+00:00\" \/>\n<meta property=\"og:image\" content=\"https:\/\/medicinasinc.com\/se\/wp-content\/uploads\/sites\/16\/2022\/02\/Buy-Motrin-Ibuprofen-600mg.jpg\" \/>\n\t<meta property=\"og:image:width\" content=\"1200\" \/>\n\t<meta property=\"og:image:height\" content=\"1200\" \/>\n\t<meta property=\"og:image:type\" content=\"image\/jpeg\" \/>\n<meta name=\"twitter:card\" content=\"summary_large_image\" \/>\n<meta name=\"twitter:label1\" content=\"Ber\u00e4knad l\u00e4stid\" \/>\n\t<meta name=\"twitter:data1\" content=\"1 minut\" \/>\n<script type=\"application\/ld+json\" class=\"yoast-schema-graph\">{\"@context\":\"https:\\\/\\\/schema.org\",\"@graph\":[{\"@type\":\"WebPage\",\"@id\":\"https:\\\/\\\/medicinasinc.com\\\/se\\\/product\\\/kopa-motrin-ibuprofen-600mg-piller\\\/\",\"url\":\"https:\\\/\\\/medicinasinc.com\\\/se\\\/product\\\/kopa-motrin-ibuprofen-600mg-piller\\\/\",\"name\":\"K\u00f6p Motrin Ibuprofen 600 mg piller - B\u00e4sta b\u00e4sta globala medicinerna\",\"isPartOf\":{\"@id\":\"https:\\\/\\\/medicinasinc.com\\\/se\\\/#website\"},\"primaryImageOfPage\":{\"@id\":\"https:\\\/\\\/medicinasinc.com\\\/se\\\/product\\\/kopa-motrin-ibuprofen-600mg-piller\\\/#primaryimage\"},\"image\":{\"@id\":\"https:\\\/\\\/medicinasinc.com\\\/se\\\/product\\\/kopa-motrin-ibuprofen-600mg-piller\\\/#primaryimage\"},\"thumbnailUrl\":\"https:\\\/\\\/medicinasinc.com\\\/se\\\/wp-content\\\/uploads\\\/sites\\\/16\\\/2022\\\/02\\\/Buy-Motrin-Ibuprofen-600mg.jpg\",\"datePublished\":\"2022-02-20T22:53:05+00:00\",\"dateModified\":\"2022-07-03T23:38:04+00:00\",\"description\":\"K\u00f6p Motrin Ibuprofen 600 mg piller online. K\u00f6p Ibuprofen 600mg Online till mycket billiga priser. Fri frakt p\u00e5 grossistbest\u00e4llningar. Om du har letat efter att k\u00f6pa l\u00e4kemedel online receptfritt, d\u00e5 \u00e4r din s\u00f6kning \u00f6ver.\",\"breadcrumb\":{\"@id\":\"https:\\\/\\\/medicinasinc.com\\\/se\\\/product\\\/kopa-motrin-ibuprofen-600mg-piller\\\/#breadcrumb\"},\"inLanguage\":\"sv-SE\",\"potentialAction\":[{\"@type\":\"ReadAction\",\"target\":[\"https:\\\/\\\/medicinasinc.com\\\/se\\\/product\\\/kopa-motrin-ibuprofen-600mg-piller\\\/\"]}]},{\"@type\":\"ImageObject\",\"inLanguage\":\"sv-SE\",\"@id\":\"https:\\\/\\\/medicinasinc.com\\\/se\\\/product\\\/kopa-motrin-ibuprofen-600mg-piller\\\/#primaryimage\",\"url\":\"https:\\\/\\\/medicinasinc.com\\\/se\\\/wp-content\\\/uploads\\\/sites\\\/16\\\/2022\\\/02\\\/Buy-Motrin-Ibuprofen-600mg.jpg\",\"contentUrl\":\"https:\\\/\\\/medicinasinc.com\\\/se\\\/wp-content\\\/uploads\\\/sites\\\/16\\\/2022\\\/02\\\/Buy-Motrin-Ibuprofen-600mg.jpg\",\"width\":1200,\"height\":1200},{\"@type\":\"BreadcrumbList\",\"@id\":\"https:\\\/\\\/medicinasinc.com\\\/se\\\/product\\\/kopa-motrin-ibuprofen-600mg-piller\\\/#breadcrumb\",\"itemListElement\":[{\"@type\":\"ListItem\",\"position\":1,\"name\":\"aff\u00e4r\",\"item\":\"https:\\\/\\\/medicinasinc.com\\\/se\\\/affar\\\/\"},{\"@type\":\"ListItem\",\"position\":2,\"name\":\"K\u00f6p Motrin Ibuprofen 600mg piller\"}]},{\"@type\":\"WebSite\",\"@id\":\"https:\\\/\\\/medicinasinc.com\\\/se\\\/#website\",\"url\":\"https:\\\/\\\/medicinasinc.com\\\/se\\\/\",\"name\":\"Medicinas Inc\",\"description\":\"Health Medical Clinic\",\"potentialAction\":[{\"@type\":\"SearchAction\",\"target\":{\"@type\":\"EntryPoint\",\"urlTemplate\":\"https:\\\/\\\/medicinasinc.com\\\/se\\\/?s={search_term_string}\"},\"query-input\":{\"@type\":\"PropertyValueSpecification\",\"valueRequired\":true,\"valueName\":\"search_term_string\"}}],\"inLanguage\":\"sv-SE\"}]}<\/script>\n<!-- \/ Yoast SEO plugin. -->","yoast_head_json":{"title":"K\u00f6p Motrin Ibuprofen 600 mg piller - B\u00e4sta b\u00e4sta globala medicinerna","description":"K\u00f6p Motrin Ibuprofen 600 mg piller online. K\u00f6p Ibuprofen 600mg Online till mycket billiga priser. Fri frakt p\u00e5 grossistbest\u00e4llningar. Om du har letat efter att k\u00f6pa l\u00e4kemedel online receptfritt, d\u00e5 \u00e4r din s\u00f6kning \u00f6ver.","robots":{"index":"index","follow":"follow","max-snippet":"max-snippet:-1","max-image-preview":"max-image-preview:large","max-video-preview":"max-video-preview:-1"},"canonical":"https:\/\/medicinasinc.com\/se\/product\/kopa-motrin-ibuprofen-600mg-piller\/","og_locale":"sv_SE","og_type":"article","og_title":"K\u00f6p Motrin Ibuprofen 600 mg piller - B\u00e4sta b\u00e4sta globala medicinerna","og_description":"K\u00f6p Motrin Ibuprofen 600 mg piller online. K\u00f6p Ibuprofen 600mg Online till mycket billiga priser. Fri frakt p\u00e5 grossistbest\u00e4llningar. Om du har letat efter att k\u00f6pa l\u00e4kemedel online receptfritt, d\u00e5 \u00e4r din s\u00f6kning \u00f6ver.","og_url":"https:\/\/medicinasinc.com\/se\/product\/kopa-motrin-ibuprofen-600mg-piller\/","og_site_name":"Medicinas Inc","article_modified_time":"2022-07-03T23:38:04+00:00","og_image":[{"width":1200,"height":1200,"url":"https:\/\/medicinasinc.com\/se\/wp-content\/uploads\/sites\/16\/2022\/02\/Buy-Motrin-Ibuprofen-600mg.jpg","type":"image\/jpeg"}],"twitter_card":"summary_large_image","twitter_misc":{"Ber\u00e4knad l\u00e4stid":"1 minut"},"schema":{"@context":"https:\/\/schema.org","@graph":[{"@type":"WebPage","@id":"https:\/\/medicinasinc.com\/se\/product\/kopa-motrin-ibuprofen-600mg-piller\/","url":"https:\/\/medicinasinc.com\/se\/product\/kopa-motrin-ibuprofen-600mg-piller\/","name":"K\u00f6p Motrin Ibuprofen 600 mg piller - B\u00e4sta b\u00e4sta globala medicinerna","isPartOf":{"@id":"https:\/\/medicinasinc.com\/se\/#website"},"primaryImageOfPage":{"@id":"https:\/\/medicinasinc.com\/se\/product\/kopa-motrin-ibuprofen-600mg-piller\/#primaryimage"},"image":{"@id":"https:\/\/medicinasinc.com\/se\/product\/kopa-motrin-ibuprofen-600mg-piller\/#primaryimage"},"thumbnailUrl":"https:\/\/medicinasinc.com\/se\/wp-content\/uploads\/sites\/16\/2022\/02\/Buy-Motrin-Ibuprofen-600mg.jpg","datePublished":"2022-02-20T22:53:05+00:00","dateModified":"2022-07-03T23:38:04+00:00","description":"K\u00f6p Motrin Ibuprofen 600 mg piller online. K\u00f6p Ibuprofen 600mg Online till mycket billiga priser. Fri frakt p\u00e5 grossistbest\u00e4llningar. Om du har letat efter att k\u00f6pa l\u00e4kemedel online receptfritt, d\u00e5 \u00e4r din s\u00f6kning \u00f6ver.","breadcrumb":{"@id":"https:\/\/medicinasinc.com\/se\/product\/kopa-motrin-ibuprofen-600mg-piller\/#breadcrumb"},"inLanguage":"sv-SE","potentialAction":[{"@type":"ReadAction","target":["https:\/\/medicinasinc.com\/se\/product\/kopa-motrin-ibuprofen-600mg-piller\/"]}]},{"@type":"ImageObject","inLanguage":"sv-SE","@id":"https:\/\/medicinasinc.com\/se\/product\/kopa-motrin-ibuprofen-600mg-piller\/#primaryimage","url":"https:\/\/medicinasinc.com\/se\/wp-content\/uploads\/sites\/16\/2022\/02\/Buy-Motrin-Ibuprofen-600mg.jpg","contentUrl":"https:\/\/medicinasinc.com\/se\/wp-content\/uploads\/sites\/16\/2022\/02\/Buy-Motrin-Ibuprofen-600mg.jpg","width":1200,"height":1200},{"@type":"BreadcrumbList","@id":"https:\/\/medicinasinc.com\/se\/product\/kopa-motrin-ibuprofen-600mg-piller\/#breadcrumb","itemListElement":[{"@type":"ListItem","position":1,"name":"aff\u00e4r","item":"https:\/\/medicinasinc.com\/se\/affar\/"},{"@type":"ListItem","position":2,"name":"K\u00f6p Motrin Ibuprofen 600mg piller"}]},{"@type":"WebSite","@id":"https:\/\/medicinasinc.com\/se\/#website","url":"https:\/\/medicinasinc.com\/se\/","name":"Medicinas Inc","description":"Health Medical Clinic","potentialAction":[{"@type":"SearchAction","target":{"@type":"EntryPoint","urlTemplate":"https:\/\/medicinasinc.com\/se\/?s={search_term_string}"},"query-input":{"@type":"PropertyValueSpecification","valueRequired":true,"valueName":"search_term_string"}}],"inLanguage":"sv-SE"}]}},"_links":{"self":[{"href":"https:\/\/medicinasinc.com\/se\/wp-json\/wp\/v2\/product\/5264","targetHints":{"allow":["GET"]}}],"collection":[{"href":"https:\/\/medicinasinc.com\/se\/wp-json\/wp\/v2\/product"}],"about":[{"href":"https:\/\/medicinasinc.com\/se\/wp-json\/wp\/v2\/types\/product"}],"replies":[{"embeddable":true,"href":"https:\/\/medicinasinc.com\/se\/wp-json\/wp\/v2\/comments?post=5264"}],"wp:featuredmedia":[{"embeddable":true,"href":"https:\/\/medicinasinc.com\/se\/wp-json\/wp\/v2\/media\/5282"}],"wp:attachment":[{"href":"https:\/\/medicinasinc.com\/se\/wp-json\/wp\/v2\/media?parent=5264"}],"wp:term":[{"taxonomy":"product_brand","embeddable":true,"href":"https:\/\/medicinasinc.com\/se\/wp-json\/wp\/v2\/product_brand?post=5264"},{"taxonomy":"product_cat","embeddable":true,"href":"https:\/\/medicinasinc.com\/se\/wp-json\/wp\/v2\/product_cat?post=5264"},{"taxonomy":"product_tag","embeddable":true,"href":"https:\/\/medicinasinc.com\/se\/wp-json\/wp\/v2\/product_tag?post=5264"}],"curies":[{"name":"wp","href":"https:\/\/api.w.org\/{rel}","templated":true}]}}