{"id":5262,"date":"2022-02-20T22:49:49","date_gmt":"2022-02-20T22:49:49","guid":{"rendered":"https:\/\/medicinasinc.com\/se\/?post_type=product&#038;p=5262"},"modified":"2022-07-03T23:38:29","modified_gmt":"2022-07-03T23:38:29","slug":"buy-onax-2mg-alprazolam","status":"publish","type":"product","link":"https:\/\/medicinasinc.com\/se\/product\/buy-onax-2mg-alprazolam\/","title":{"rendered":"K\u00f6p Onax 2mg Alprazolam"},"content":{"rendered":"<p>K\u00f6p Onax 2mg Alprazolam piller online | K\u00f6p Onax online | K\u00f6p Onax bars<\/p>\n<p>Vad \u00e4r Onax? Onax k\u00f6p online<\/p>\n<p>Onax 2mg bars (Alprazolam) \u00e4r v\u00e4lk\u00e4nda f\u00f6r sin lugnande effekt. Det anv\u00e4nds f\u00f6r att behandla s\u00f6mnbrist n\u00e4r som helst p\u00e5 dagen eller natten. Xanax XR \u00e4r ett bensodiazepin som anv\u00e4nds f\u00f6r att behandla \u00e5ngest, panik\u00e5ngest och depression. Om du k\u00f6per Onax 2mg barer fr\u00e5n oss, se till att du verkligen beh\u00f6ver dem och att Onax rekommenderas av en l\u00e4kare. PandaPharmacy.com \u00e4r inte ansvarigt f\u00f6r n\u00e5gra skador eller negativa effekter orsakade av Xanax 3mg.<\/p>\n<p>Misbruk av l\u00e4kemedlet kan resultera i en begr\u00e4nsad grad av fysiskt eller psykiskt beroende i j\u00e4mf\u00f6relse med schema 3-l\u00e4kemedlen. Du kan f\u00e5 Onax 2mg barer online hos oss oavsett betalningsmetod. Vi accepterar \u00e4ven PayPal. F\u00f6rutom PayPal kan postanvisningar anv\u00e4ndas f\u00f6r att k\u00f6pa Onax 2mg barer. T\u00e4nk p\u00e5 att denna drog \u00e4r extremt skadlig och kan leda till beroende. V\u00e5r Onax skulle vara av \u00f6verl\u00e4gsen klass. V\u00e4nligen l\u00e4s v\u00e5r &#8221;&#8221; f\u00f6r att f\u00e5 de flesta av l\u00f6sningarna p\u00e5 de fr\u00e5gor som har dykt upp i ditt huvud.<\/p>\n<p>Vad \u00e4r Onax? Onax k\u00f6p online<\/p>\n<p>Onax 2mg bars (Alprazolam) \u00e4r v\u00e4lk\u00e4nda f\u00f6r sina lugnande egenskaper. Det anv\u00e4nds f\u00f6r att behandla s\u00f6mnbrist n\u00e4r som helst p\u00e5 dagen eller natten. Xanax XR \u00e4r ett bensodiazepin som anv\u00e4nds f\u00f6r att behandla \u00e5ngest, panik\u00e5ngest och depression. Om du k\u00f6per Onax 2mg barer fr\u00e5n oss, se till att du verkligen beh\u00f6ver dem och att Onax \u00e4r godk\u00e4nd av din l\u00e4kare. PandaPharmacy.com \u00e4r inte ansvarigt f\u00f6r n\u00e5gra skador eller negativa effekter orsakade av Xanax 3mg.<\/p>\n<p>Misbruk av l\u00e4kemedlet kan resultera i en begr\u00e4nsad grad av fysiskt eller psykiskt beroende i j\u00e4mf\u00f6relse med schema 3-l\u00e4kemedlen.<\/p>\n<p>Du kan f\u00e5 Onax 2mg barer online hos oss oavsett betalningsmetod. Vi accepterar \u00e4ven PayPal. F\u00f6rutom PayPal kan postanvisningar anv\u00e4ndas f\u00f6r att k\u00f6pa Onax 2mg barer. T\u00e4nk p\u00e5 att denna drog \u00e4r extremt skadlig och kan leda till beroende. V\u00e5r Onax skulle vara av \u00f6verl\u00e4gsen klass. V\u00e4nligen l\u00e4s v\u00e5r &#8221; f\u00f6r att f\u00e5 svar p\u00e5 de flesta av de fr\u00e5gor som har dykt upp i dina tankar. Best\u00e4ll<\/p>\n","protected":false},"excerpt":{"rendered":"<p>Ink\u00f6p online av Onax 2mg Alprazolam-tabletter. Alprazolam anv\u00e4nds f\u00f6r att behandla \u00e5ngest, frenesi och oro i samband med el\u00e4nde. Onlinek\u00f6p av Onax 2mg Alprazolam tabletter&#8221;. Alprazolam 2mg Onax<\/p>\n<p>Onax 2mg barer\/tabletter att k\u00f6pa<\/p>\n<p>Onax (Alprazolam) anv\u00e4nds f\u00f6r att behandla \u00e5ngest, panikattacker, s\u00f6mnl\u00f6shet (s\u00f6mnsv\u00e5righeter) och \u00e5ngest i samband med depression.<\/p>\n<p>Du kan k\u00f6pa Onax 2mg online fr\u00e5n oss; v\u00e5ra Onax 2mg piller \u00e4r av h\u00f6gsta kvalitet. Onax 2mg \u00e4r det officiella namnet p\u00e5 l\u00e4kemedlet. Dessa piller kommer att skickas p\u00e5 ett diskret s\u00e4tt.<\/p>\n<p>K\u00f6p Onax 2mg bars (Alprazolam), som \u00e4r v\u00e4lk\u00e4nt f\u00f6r sin lugnande effekt. Det anv\u00e4nds f\u00f6r att bek\u00e4mpa s\u00f6mnbrist n\u00e4r som helst p\u00e5 dygnet.<\/p>\n","protected":false},"featured_media":5278,"comment_status":"open","ping_status":"closed","template":"","meta":[],"product_brand":[],"product_cat":[1117],"product_tag":[1520,1521,1524,1525,1522,1523,1526,1527,1528,1529,1530,1532,1531,1533,1534,1535,1536,1537,1539,1538,1540,1541,1542,1543,1544,1545,1546,1547,1548,1551,1549,1550,1552,1553,1554,1555,1556,1560,1558,1559,1557,1561,1562],"class_list":{"0":"post-5262","1":"product","2":"type-product","3":"status-publish","4":"has-post-thumbnail","6":"product_cat-kop-smarta-somn-sextabletter","7":"product_tag-r-onax-barer-bra","8":"product_tag-buy-onax","9":"product_tag-dj-onax","10":"product_tag-lng-vit-piller-onax","11":"product_tag-buy-onax-2mg","12":"product_tag-kp-onax-online","13":"product_tag-ocean-lkemedel-onax","14":"product_tag-onax","15":"product_tag-onax-2","16":"product_tag-onax-2-bars","17":"product_tag-onax-2-piller-id","18":"product_tag-onax-2-vitt-piller","19":"product_tag-onax-2-piller-identifierare","20":"product_tag-onax-2mg","21":"product_tag-onax-2mg-bar","22":"product_tag-onax-2mg-bars","23":"product_tag-onax-ag-it-lsningar","24":"product_tag-onax-stnger","25":"product_tag-onax-stnger-till-frsljning","26":"product_tag-onax-bars-3mg","27":"product_tag-onax-dr-germantown","28":"product_tag-onax-huvudvrk","29":"product_tag-onax-llc","30":"product_tag-onax-orv-park-mojave-ca-bilder","31":"product_tag-onax-pc-ames","32":"product_tag-onax-pex","33":"product_tag-onax-piller","34":"product_tag-onax-punta-cana","35":"product_tag-onax-statyer","36":"product_tag-onax-vitt-piller","37":"product_tag-onax-vlack-kitchenaid-mixer","38":"product_tag-onax-vs-xanax","39":"product_tag-onax-xanax","40":"product_tag-onax-xanax-stnger","41":"product_tag-pill-onax-2","42":"product_tag-reddit-onax","43":"product_tag-reddit-onax-fr-din-nsa","44":"product_tag-vit-rektangel-piller-onax-2","45":"product_tag-vit-piller-onax","46":"product_tag-vit-piller-onax-2","47":"product_tag-white-bar-pill-onax","48":"product_tag-xanax-2mg-onax","49":"product_tag-xanax-bars-onax","51":"first","52":"instock","53":"shipping-taxable","54":"purchasable","55":"product-type-variable","56":"has-default-attributes"},"yoast_head":"<!-- This site is optimized with the Yoast SEO plugin v27.3 - https:\/\/yoast.com\/product\/yoast-seo-wordpress\/ -->\n<title>K\u00f6p Onax 2mg Alprazolam piller - B\u00e4sta b\u00e4sta globala medicinerna<\/title>\n<meta name=\"description\" content=\"k\u00f6p onax 2mg barer\/tabletter:\u00a0Onax\u00a0(Alprazolam) behandlar \u00e5ngest, panik\u00e5ngest, s\u00f6mnl\u00f6shet (s\u00f6mnproblem) och \u00e5ngest orsakad av depression.\" \/>\n<meta name=\"robots\" content=\"index, follow, max-snippet:-1, max-image-preview:large, max-video-preview:-1\" \/>\n<link rel=\"canonical\" href=\"https:\/\/medicinasinc.com\/se\/product\/buy-onax-2mg-alprazolam\/\" \/>\n<meta property=\"og:locale\" content=\"sv_SE\" \/>\n<meta property=\"og:type\" content=\"article\" \/>\n<meta property=\"og:title\" content=\"K\u00f6p Onax 2mg Alprazolam piller - B\u00e4sta b\u00e4sta globala medicinerna\" \/>\n<meta property=\"og:description\" content=\"k\u00f6p onax 2mg barer\/tabletter:\u00a0Onax\u00a0(Alprazolam) behandlar \u00e5ngest, panik\u00e5ngest, s\u00f6mnl\u00f6shet (s\u00f6mnproblem) och \u00e5ngest orsakad av depression.\" \/>\n<meta property=\"og:url\" content=\"https:\/\/medicinasinc.com\/se\/product\/buy-onax-2mg-alprazolam\/\" \/>\n<meta property=\"og:site_name\" content=\"Medicinas Inc\" \/>\n<meta property=\"article:modified_time\" content=\"2022-07-03T23:38:29+00:00\" \/>\n<meta property=\"og:image\" content=\"https:\/\/medicinasinc.com\/se\/wp-content\/uploads\/sites\/16\/2022\/02\/Buy-Onax-2mg.jpg\" \/>\n\t<meta property=\"og:image:width\" content=\"400\" \/>\n\t<meta property=\"og:image:height\" content=\"300\" \/>\n\t<meta property=\"og:image:type\" content=\"image\/jpeg\" \/>\n<meta name=\"twitter:card\" content=\"summary_large_image\" \/>\n<meta name=\"twitter:label1\" content=\"Ber\u00e4knad l\u00e4stid\" \/>\n\t<meta name=\"twitter:data1\" content=\"2 minuter\" \/>\n<script type=\"application\/ld+json\" class=\"yoast-schema-graph\">{\"@context\":\"https:\\\/\\\/schema.org\",\"@graph\":[{\"@type\":\"WebPage\",\"@id\":\"https:\\\/\\\/medicinasinc.com\\\/se\\\/product\\\/buy-onax-2mg-alprazolam\\\/\",\"url\":\"https:\\\/\\\/medicinasinc.com\\\/se\\\/product\\\/buy-onax-2mg-alprazolam\\\/\",\"name\":\"K\u00f6p Onax 2mg Alprazolam piller - B\u00e4sta b\u00e4sta globala medicinerna\",\"isPartOf\":{\"@id\":\"https:\\\/\\\/medicinasinc.com\\\/se\\\/#website\"},\"primaryImageOfPage\":{\"@id\":\"https:\\\/\\\/medicinasinc.com\\\/se\\\/product\\\/buy-onax-2mg-alprazolam\\\/#primaryimage\"},\"image\":{\"@id\":\"https:\\\/\\\/medicinasinc.com\\\/se\\\/product\\\/buy-onax-2mg-alprazolam\\\/#primaryimage\"},\"thumbnailUrl\":\"https:\\\/\\\/medicinasinc.com\\\/se\\\/wp-content\\\/uploads\\\/sites\\\/16\\\/2022\\\/02\\\/Buy-Onax-2mg.jpg\",\"datePublished\":\"2022-02-20T22:49:49+00:00\",\"dateModified\":\"2022-07-03T23:38:29+00:00\",\"description\":\"k\u00f6p onax 2mg barer\\\/tabletter:\u00a0Onax\u00a0(Alprazolam) behandlar \u00e5ngest, panik\u00e5ngest, s\u00f6mnl\u00f6shet (s\u00f6mnproblem) och \u00e5ngest orsakad av depression.\",\"breadcrumb\":{\"@id\":\"https:\\\/\\\/medicinasinc.com\\\/se\\\/product\\\/buy-onax-2mg-alprazolam\\\/#breadcrumb\"},\"inLanguage\":\"sv-SE\",\"potentialAction\":[{\"@type\":\"ReadAction\",\"target\":[\"https:\\\/\\\/medicinasinc.com\\\/se\\\/product\\\/buy-onax-2mg-alprazolam\\\/\"]}]},{\"@type\":\"ImageObject\",\"inLanguage\":\"sv-SE\",\"@id\":\"https:\\\/\\\/medicinasinc.com\\\/se\\\/product\\\/buy-onax-2mg-alprazolam\\\/#primaryimage\",\"url\":\"https:\\\/\\\/medicinasinc.com\\\/se\\\/wp-content\\\/uploads\\\/sites\\\/16\\\/2022\\\/02\\\/Buy-Onax-2mg.jpg\",\"contentUrl\":\"https:\\\/\\\/medicinasinc.com\\\/se\\\/wp-content\\\/uploads\\\/sites\\\/16\\\/2022\\\/02\\\/Buy-Onax-2mg.jpg\",\"width\":400,\"height\":300},{\"@type\":\"BreadcrumbList\",\"@id\":\"https:\\\/\\\/medicinasinc.com\\\/se\\\/product\\\/buy-onax-2mg-alprazolam\\\/#breadcrumb\",\"itemListElement\":[{\"@type\":\"ListItem\",\"position\":1,\"name\":\"aff\u00e4r\",\"item\":\"https:\\\/\\\/medicinasinc.com\\\/se\\\/affar\\\/\"},{\"@type\":\"ListItem\",\"position\":2,\"name\":\"K\u00f6p Onax 2mg Alprazolam\"}]},{\"@type\":\"WebSite\",\"@id\":\"https:\\\/\\\/medicinasinc.com\\\/se\\\/#website\",\"url\":\"https:\\\/\\\/medicinasinc.com\\\/se\\\/\",\"name\":\"Medicinas Inc\",\"description\":\"Health Medical Clinic\",\"potentialAction\":[{\"@type\":\"SearchAction\",\"target\":{\"@type\":\"EntryPoint\",\"urlTemplate\":\"https:\\\/\\\/medicinasinc.com\\\/se\\\/?s={search_term_string}\"},\"query-input\":{\"@type\":\"PropertyValueSpecification\",\"valueRequired\":true,\"valueName\":\"search_term_string\"}}],\"inLanguage\":\"sv-SE\"}]}<\/script>\n<!-- \/ Yoast SEO plugin. -->","yoast_head_json":{"title":"K\u00f6p Onax 2mg Alprazolam piller - B\u00e4sta b\u00e4sta globala medicinerna","description":"k\u00f6p onax 2mg barer\/tabletter:\u00a0Onax\u00a0(Alprazolam) behandlar \u00e5ngest, panik\u00e5ngest, s\u00f6mnl\u00f6shet (s\u00f6mnproblem) och \u00e5ngest orsakad av depression.","robots":{"index":"index","follow":"follow","max-snippet":"max-snippet:-1","max-image-preview":"max-image-preview:large","max-video-preview":"max-video-preview:-1"},"canonical":"https:\/\/medicinasinc.com\/se\/product\/buy-onax-2mg-alprazolam\/","og_locale":"sv_SE","og_type":"article","og_title":"K\u00f6p Onax 2mg Alprazolam piller - B\u00e4sta b\u00e4sta globala medicinerna","og_description":"k\u00f6p onax 2mg barer\/tabletter:\u00a0Onax\u00a0(Alprazolam) behandlar \u00e5ngest, panik\u00e5ngest, s\u00f6mnl\u00f6shet (s\u00f6mnproblem) och \u00e5ngest orsakad av depression.","og_url":"https:\/\/medicinasinc.com\/se\/product\/buy-onax-2mg-alprazolam\/","og_site_name":"Medicinas Inc","article_modified_time":"2022-07-03T23:38:29+00:00","og_image":[{"width":400,"height":300,"url":"https:\/\/medicinasinc.com\/se\/wp-content\/uploads\/sites\/16\/2022\/02\/Buy-Onax-2mg.jpg","type":"image\/jpeg"}],"twitter_card":"summary_large_image","twitter_misc":{"Ber\u00e4knad l\u00e4stid":"2 minuter"},"schema":{"@context":"https:\/\/schema.org","@graph":[{"@type":"WebPage","@id":"https:\/\/medicinasinc.com\/se\/product\/buy-onax-2mg-alprazolam\/","url":"https:\/\/medicinasinc.com\/se\/product\/buy-onax-2mg-alprazolam\/","name":"K\u00f6p Onax 2mg Alprazolam piller - B\u00e4sta b\u00e4sta globala medicinerna","isPartOf":{"@id":"https:\/\/medicinasinc.com\/se\/#website"},"primaryImageOfPage":{"@id":"https:\/\/medicinasinc.com\/se\/product\/buy-onax-2mg-alprazolam\/#primaryimage"},"image":{"@id":"https:\/\/medicinasinc.com\/se\/product\/buy-onax-2mg-alprazolam\/#primaryimage"},"thumbnailUrl":"https:\/\/medicinasinc.com\/se\/wp-content\/uploads\/sites\/16\/2022\/02\/Buy-Onax-2mg.jpg","datePublished":"2022-02-20T22:49:49+00:00","dateModified":"2022-07-03T23:38:29+00:00","description":"k\u00f6p onax 2mg barer\/tabletter:\u00a0Onax\u00a0(Alprazolam) behandlar \u00e5ngest, panik\u00e5ngest, s\u00f6mnl\u00f6shet (s\u00f6mnproblem) och \u00e5ngest orsakad av depression.","breadcrumb":{"@id":"https:\/\/medicinasinc.com\/se\/product\/buy-onax-2mg-alprazolam\/#breadcrumb"},"inLanguage":"sv-SE","potentialAction":[{"@type":"ReadAction","target":["https:\/\/medicinasinc.com\/se\/product\/buy-onax-2mg-alprazolam\/"]}]},{"@type":"ImageObject","inLanguage":"sv-SE","@id":"https:\/\/medicinasinc.com\/se\/product\/buy-onax-2mg-alprazolam\/#primaryimage","url":"https:\/\/medicinasinc.com\/se\/wp-content\/uploads\/sites\/16\/2022\/02\/Buy-Onax-2mg.jpg","contentUrl":"https:\/\/medicinasinc.com\/se\/wp-content\/uploads\/sites\/16\/2022\/02\/Buy-Onax-2mg.jpg","width":400,"height":300},{"@type":"BreadcrumbList","@id":"https:\/\/medicinasinc.com\/se\/product\/buy-onax-2mg-alprazolam\/#breadcrumb","itemListElement":[{"@type":"ListItem","position":1,"name":"aff\u00e4r","item":"https:\/\/medicinasinc.com\/se\/affar\/"},{"@type":"ListItem","position":2,"name":"K\u00f6p Onax 2mg Alprazolam"}]},{"@type":"WebSite","@id":"https:\/\/medicinasinc.com\/se\/#website","url":"https:\/\/medicinasinc.com\/se\/","name":"Medicinas Inc","description":"Health Medical Clinic","potentialAction":[{"@type":"SearchAction","target":{"@type":"EntryPoint","urlTemplate":"https:\/\/medicinasinc.com\/se\/?s={search_term_string}"},"query-input":{"@type":"PropertyValueSpecification","valueRequired":true,"valueName":"search_term_string"}}],"inLanguage":"sv-SE"}]}},"_links":{"self":[{"href":"https:\/\/medicinasinc.com\/se\/wp-json\/wp\/v2\/product\/5262","targetHints":{"allow":["GET"]}}],"collection":[{"href":"https:\/\/medicinasinc.com\/se\/wp-json\/wp\/v2\/product"}],"about":[{"href":"https:\/\/medicinasinc.com\/se\/wp-json\/wp\/v2\/types\/product"}],"replies":[{"embeddable":true,"href":"https:\/\/medicinasinc.com\/se\/wp-json\/wp\/v2\/comments?post=5262"}],"wp:featuredmedia":[{"embeddable":true,"href":"https:\/\/medicinasinc.com\/se\/wp-json\/wp\/v2\/media\/5278"}],"wp:attachment":[{"href":"https:\/\/medicinasinc.com\/se\/wp-json\/wp\/v2\/media?parent=5262"}],"wp:term":[{"taxonomy":"product_brand","embeddable":true,"href":"https:\/\/medicinasinc.com\/se\/wp-json\/wp\/v2\/product_brand?post=5262"},{"taxonomy":"product_cat","embeddable":true,"href":"https:\/\/medicinasinc.com\/se\/wp-json\/wp\/v2\/product_cat?post=5262"},{"taxonomy":"product_tag","embeddable":true,"href":"https:\/\/medicinasinc.com\/se\/wp-json\/wp\/v2\/product_tag?post=5262"}],"curies":[{"name":"wp","href":"https:\/\/api.w.org\/{rel}","templated":true}]}}