{"id":5239,"date":"2022-02-20T22:28:45","date_gmt":"2022-02-20T22:28:45","guid":{"rendered":"https:\/\/medicinasinc.com\/se\/?post_type=product&#038;p=5239"},"modified":"2022-07-03T23:38:41","modified_gmt":"2022-07-03T23:38:41","slug":"kop-magnus-mr-morfin-30mg-online","status":"publish","type":"product","link":"https:\/\/medicinasinc.com\/se\/product\/kop-magnus-mr-morfin-30mg-online\/","title":{"rendered":"K\u00f6p Magnus MR Morfin 30mg online"},"content":{"rendered":"<div id=\"productDescription\" class=\"productGeneral biggerText\">\n<p>Magnus MR Morfin 30 mg k\u00f6p online<br \/> Magnus MR (morfinsulfat) 30 mg kapsel K\u00f6p Magnus MR (morfinsulfat) 30 mg kapsel s\u00e4kert online<\/p>\n<p>Magnus MR (morfinsulfat) 30 mg kapsel \u2013 best\u00e4ll utan recept \u2013 leverans \u00f6ver natten<\/p>\n<p>Magnus MR (morfinsulfat) 30 mg till salu i USA \u2013 P\u00e5litligt sm\u00e4rtapotek<\/p>\n<p>Magnus MR till salu (morfinsulfat) 30mg online till de l\u00e4gsta priserna i EUROPA &amp; AMERIKA<\/p>\n<p>Var och hur man s\u00e4kert k\u00f6per Magnus MR (morfinsulfat) 30mg online idag<\/p>\n<p>1. Rhotard Morphine SR 30mg Tabletter Morphgesic SR 30mg Tabletter till salu<\/p>\n<p>2. Sammans\u00e4ttning i kvalitativa och kvantitativa termer<br \/> Morphgesic SR 30mg Tabletter\/Rhotard Morphine SR 30mg Tabletter<br \/> 30 mg morfinsulfat ing\u00e5r i varje piller.<br \/> Hj\u00e4lp\u00e4mnen med v\u00e4ldefinierad effekt:<br \/> Glukos (63 000 mg per tablett).<\/p>\n<p>3. Farmakologisk formulering<br \/> Tabletter med kontrollerad fris\u00e4ttning<br \/> Varje 30 mg tablett \u00e4r en bikonvex rund filmdragerad tablett i violett f\u00e4rg.<\/p>\n<p>4. Kliniska specifikationer<br \/> 4.1 Indikationer f\u00f6r anv\u00e4ndning<br \/> Rhotard Morphine SR \/ Morphgesic SR tabletter \u00e4r avsedda f\u00f6r vuxna f\u00f6r behandling av sv\u00e5r sm\u00e4rta under en l\u00e4ngre tidsperiod.<\/p>\n<p>4.2 Administreringsdosering och teknik <br \/> Dosering Barnpopulation<br \/> Anv\u00e4ndning av Rhotard Morphine SR \/ Morphgesic SR-piller till barn rekommenderas inte.<\/p>\n<p>Vuxna: Doseringen best\u00e4ms av sm\u00e4rtans intensitet och patientens tidigare historia av sm\u00e4rtstillande anv\u00e4ndning. Vanligtvis ska tabletterna tas tv\u00e5 g\u00e5nger dagligen med 12 timmars intervall. F\u00f6r patienter med sv\u00e5r sm\u00e4rta \u00e4r en startdos p\u00e5 en eller tv\u00e5 10 mg tabletter (10 mg) tv\u00e5 g\u00e5nger dagligen indicerad. Det rekommenderas att n\u00e4r sm\u00e4rtans sv\u00e5righetsgrad \u00f6kar, h\u00f6js dosen av morfin f\u00f6r att uppn\u00e5 \u00f6nskad lindring. Doseringen kan justeras genom att kombinera tabletter av olika styrkor (10, 30, 60 och 100 mg) eller genom att anv\u00e4nda tabletter med en st\u00f6rre styrka enbart.<br \/> Det f\u00f6resl\u00e5s att patienter som har bytts fr\u00e5n ett annat oralt morfinpreparat med j\u00e4mf\u00f6rbar biotillg\u00e4nglighet som oral morfinv\u00e4tska f\u00e5r samma totala morfindos under en 24-timmarsperiod. Hela denna dos ska delas p\u00e5 h\u00e4lften och administreras p\u00e5 morgonen och kv\u00e4llen. Titrering av dosen och klinisk unders\u00f6kning kan vara n\u00f6dv\u00e4ndig.<br \/> Om en patient fick parenteralt morfin innan han bytte till Rhotard Morphine SR\/Morphgesic SR-tabletter kan en st\u00f6rre dos morfin vara n\u00f6dv\u00e4ndig. Individuella dosjusteringar kommer att kr\u00e4vas f\u00f6r att kompensera f\u00f6r eventuell f\u00f6rlust av analgetisk effekt p\u00e5 grund av oral leverans.<br \/> Det rekommenderas inte att administrera Rhotard Morphine SR\/Morphgesic SR-piller inom de f\u00f6rsta 24 timmarna efter operationen f\u00f6r att lindra postoperativ sm\u00e4rta. Efter denna inledande period b\u00f6r dosen best\u00e4mmas av l\u00e4karen.<br \/> Kompletterande parenteralt morfin kan beh\u00f6vas hos vissa patienter, vilket \u00e4r helt l\u00e4mpligt. F\u00f6rsiktighet b\u00f6r dock iakttas n\u00e4r det g\u00e4ller den totala morfindosen, s\u00e5v\u00e4l som de f\u00f6rdr\u00f6jda effekterna av morfin i Rhotard Morphine SR\/Morphgesic SR-formuleringen.<br \/> Rhotard Morphine SR\/Morphgesic SR-tabletter ska anv\u00e4ndas med f\u00f6rsiktighet postoperativt (som med alla andra morfinpreparat), men speciellt efter bukkirurgi.<br \/> Motiliteten i magen b\u00f6r ha \u00e5terupptagits och b\u00f6r bibeh\u00e5llas.<\/p>\n<p>Administrationsteknik<br \/> Rhotard Morphine SR \/ Morphgesic SR orala tabletter tuggas.<\/p>\n<p>5.1 Egenskaper farmakodynamik<br \/> Grupp av farmakoterapeutiska medel: Opioider<br \/> N02A \u00e4r ATC-koden.<\/p>\n<p>Effektivitetsmekanism<br \/> MAGNUS MR SULFATE ER 30 MG fungerar som en agonist p\u00e5 centrala nervsystemets opiatreceptorer, fr\u00e4mst Mu och i mindre utstr\u00e4ckning Kappa-receptorer. Supraspinal analgesi, andningsdepression och eufori antas f\u00f6rmedlas av Mu-receptorer, medan spinal analgesi, mios och sedering antas f\u00f6rmedlas av Kappa-receptorer.<\/p>\n<p>Centrala nervsystemet: Morfins prim\u00e4ra terapeutiska effekter \u00e4r sm\u00e4rtlindring och d\u00e5sighet (d.v.s. s\u00f6mnighet och \u00e5ngest). MAGNUS MR SULFATE ER 30 MG ut\u00f6var en lugnande effekt p\u00e5 hj\u00e4rnstammens andningscentrum. Morfin verkar direkt p\u00e5 hostcentrum i m\u00e4rgen och d\u00e4mpar hostreflexen. Hostd\u00e4mpande effekter \u00e4r m\u00f6jliga vid l\u00e4gre doser \u00e4n de som kr\u00e4vs f\u00f6r sm\u00e4rtlindring. Morfin framkallar mios i totalt m\u00f6rker. \u00c4ven om exakta pupiller tyder p\u00e5 opioid\u00f6verdos, \u00e4r de inte diagnostiska (t.ex. kan pontinska lesioner av hemorragiskt eller ischemiskt ursprung ge liknande fynd). Hypoxi kan visa sig som markant mydriasis snarare \u00e4n mios vid \u00f6verdos av morfin.<\/p>\n<p>MAGNUS MR SULFATE ER 30 MG och liknande analgetika har potential att orsaka fysiskt och psykiskt beroende och b\u00f6r anv\u00e4ndas med f\u00f6rsiktighet. Dessutom kan tolerans utvecklas.<\/p>\n<p>Sl\u00e4ta muskler i mag-tarmkanalen och andra sl\u00e4ta muskler<br \/> MAGNUS MR SULFATE ER 30 MG h\u00e4mmar motiliteten genom att \u00f6ka den glatta muskeltonusen i magen och tolvfingertarmen. Matsm\u00e4ltningen saktas ner i tunntarmen, och framdrivande sammandragningar minskar. F\u00f6rstoppning orsakas av en minskning av de peristaltiska framdrivningsv\u00e5gorna i tjocktarmen och en \u00f6kning av tonen till spasmpunkten. Morfin i allm\u00e4nhet h\u00f6jer glatt muskeltonus, s\u00e4rskilt i mag-tarm- och gallsystemets sfinktrar. Morfin kan orsaka spasmer i Oddi-sfinktern, vilket \u00f6kar intrabili\u00e4rt tryck.<\/p>\n<p>MAGNUS MR SULFATE ER 30 MG kan orsaka histaminfris\u00e4ttning med eller utan \u00e5tf\u00f6ljande perifer vasodilatation. Kl\u00e5da, rodnad, r\u00f6da \u00f6gon, svettning och\/eller ortostatisk hypotoni \u00e4r alla tecken p\u00e5 histaminfris\u00e4ttning och\/eller perifer vasodilatation.<\/p>\n<p>Endokrinologi<br \/> Opioider har visat sig ha en effekt p\u00e5 hypotalamus- hypofys-binjure- eller -gonadala axlar. Flera f\u00f6r\u00e4ndringar kan observeras, inklusive en \u00f6kning av serumprolaktin och minskning av plasmakortisol och testosteron i n\u00e4rvaro av onormalt l\u00e5ga eller normala ACTH-, LH- eller FSH-niv\u00e5er. Vissa premenopausala kvinnor kan ha otillr\u00e4ckligt \u00f6strogen. Dessa hormonella f\u00f6r\u00e4ndringar kan ge kliniska tecken.<\/p>\n<p>Ytterligare farmakologiska konsekvenser<br \/> In vitro- och djurforskning visar att naturliga opioider, s\u00e5som morfin, har en m\u00e4ngd olika effekter p\u00e5 immunsystemets komponenter; den kliniska relevansen av dessa fynd \u00e4r dock os\u00e4ker.<\/p>\n<p>Orala, subkutana, intramuskul\u00e4ra, intraven\u00f6sa, intraspinala och rektala administreringss\u00e4tt \u00e4r tillg\u00e4ngliga. Parenterala doser kan administreras som intermittenta injektioner eller som kontinuerliga eller intermittenta infusioner, beroende p\u00e5 patientens analgetiska behov.<\/p>\n<p>ANV\u00c4NDNINGAR<br \/> Detta l\u00e4kemedel anv\u00e4nds f\u00f6r att lindra sv\u00e5r, ih\u00e5llande sm\u00e4rta (t.ex. som p\u00e5 grund av cancer). Morfin klassificeras som ett opioid (narkotiskt) sm\u00e4rtstillande medel. Det fungerar genom att f\u00f6r\u00e4ndra hur din kropp uppfattar och reagerar p\u00e5 sm\u00e4rta i hj\u00e4rnan.<\/p>\n<p>De h\u00f6gre doserna av detta l\u00e4kemedel (100 mg eller mer per tablett) b\u00f6r endast anv\u00e4ndas om du har tagit m\u00e5ttliga till h\u00f6ga doser av opioida sm\u00e4rtstillande l\u00e4kemedel p\u00e5 en regelbunden basis. Dessa styrkor kan leda till \u00f6verdos (och kanske d\u00f6dsfall) om de tas av n\u00e5gon som inte har anv\u00e4nt opioider p\u00e5 en konsekvent basis.<\/p>\n<p>Undvik att anv\u00e4nda morfin med f\u00f6rl\u00e4ngd fris\u00e4ttning f\u00f6r att behandla sm\u00e4rta som \u00e4r m\u00e5ttlig eller kommer att f\u00f6rsvinna inom en n\u00e5gra dagar. Detta l\u00e4kemedel \u00e4r inte avsett att anv\u00e4ndas &#8221;efter behov&#8221;.<\/p>\n<p>MAGNUS MR SULFATE ER 30 MG TABLETTER BRUKSANVISNING<\/p>\n<p>Innan du b\u00f6rjar anv\u00e4nda morfin och varje g\u00e5ng du f\u00e5r en refill, l\u00e4s L\u00e4kemedelsguiden som utf\u00e4rdats av din farmaceut. R\u00e5dg\u00f6r med din l\u00e4kare eller apotekspersonal om du har n\u00e5gra fr\u00e5gor.<\/p>\n<p>Ta detta l\u00e4kemedel regelbundet, inte som beh\u00f6vs f\u00f6r sv\u00e5r (genombrotts-) sm\u00e4rta, enligt din l\u00e4kares anvisningar. Ta denna medicin med eller utan m\u00e5ltider, vanligtvis var 8:e till 12:e timme, enligt din l\u00e4kares anvisningar. Vissa m\u00e4rken b\u00f6r endast tas en g\u00e5ng var 12:e timme. Om du upplever illam\u00e5ende kan det vara f\u00f6rdelaktigt att ta denna medicin med m\u00e5ltider. R\u00e5dfr\u00e5ga din l\u00e4kare eller apotekspersonal f\u00f6r andra strategier f\u00f6r att lindra illam\u00e5ende (som att ligga ner i 1 till 2 timmar med s\u00e5 lite huvudr\u00f6relse som m\u00f6jligt). R\u00e5dg\u00f6r med din l\u00e4kare om illam\u00e5endet kvarst\u00e5r.<\/p>\n<p>Kontrollera tabletterna i sin helhet. Tabletten ska inte brytas, krossas, tuggas eller l\u00f6sas upp. Detta kan resultera i att hela l\u00e4kemedlet fris\u00e4tts, vilket \u00f6kar risken f\u00f6r \u00f6verdos av morfin.<\/p>\n<p>Doseringen best\u00e4ms av din medicinska historia och reaktion p\u00e5 behandlingen. H\u00f6j inte din dos eller ta denna medicin oftare eller under en l\u00e4ngre tid \u00e4n vad som f\u00f6resl\u00e5s, eftersom din risk att uppleva biverkningar kan \u00f6ka. Avbryt medicineringen p\u00e5 r\u00e4tt s\u00e4tt n\u00e4r du uppmanas till det.<\/p>\n<p>Om du pl\u00f6tsligt avbryter anv\u00e4ndningen av detta l\u00e4kemedel kan du uppleva abstinensbesv\u00e4r (som rastl\u00f6shet, rinnande \u00f6gon, rinnande n\u00e4sa, illam\u00e5ende, svettning, muskelv\u00e4rk). F\u00f6r att undvika abstinens kan din l\u00e4kare gradvis minska din dos. Det \u00e4r mer sannolikt att abstinenssymtom uppst\u00e5r om du har tagit morfin under en l\u00e4ngre tid eller i h\u00f6ga doser. Informera din l\u00e4kare eller apotekspersonal omedelbart om du har abstinensbesv\u00e4r.<\/p>\n<p>N\u00e4r denna medicin anv\u00e4nds under en l\u00e4ngre tid kan den f\u00f6rlora sin effektivitet. R\u00e5dg\u00f6r med din l\u00e4kare om detta l\u00e4kemedel slutar att fungera som det ska.<\/p>\n<p>\u00c4ven om detta l\u00e4kemedel gynnar ett stort antal m\u00e4nniskor, kan det ibland leda till beroende. Denna risk kan \u00f6ka om du har en missbruksst\u00f6rning (som \u00f6verdriven drog-\/alkoholanv\u00e4ndning eller missbruk). F\u00f6r att minimera risken f\u00f6r missbruk, anv\u00e4nd denna drog exakt enligt anvisningarna. Kontakta din l\u00e4kare eller apotekspersonal f\u00f6r ytterligare information.<\/p>\n<\/p><\/div>\n<div class=\"product-next-previous\">\n<div class=\"product-prev\"><\/div><\/div>\n","protected":false},"excerpt":{"rendered":"<div class=\"woocommerce-product-details__short-description\">\n<p>Magnus MR Morfin 30mg finns att k\u00f6pa online. Morfin fungerar som ett opioidsm\u00e4rtstillande medel genom att fungera som en agonist vid m\u00e4ttbara opioidreceptorer i CNS och andra organ.<\/p>\n<p>Magnus MR (morfinsulfat) 30 mg piller finns tillg\u00e4ngliga utan recept online (ingen RX). Morfin 30mg till salu i Storbritannien och Europa<\/p>\n<\/p><\/div>\n","protected":false},"featured_media":5258,"comment_status":"closed","ping_status":"closed","template":"","meta":[],"product_brand":[],"product_cat":[1117],"product_tag":[1514,1515,1516,1517,1518,1519],"class_list":{"0":"post-5239","1":"product","2":"type-product","3":"status-publish","4":"has-post-thumbnail","6":"product_cat-kop-smarta-somn-sextabletter","7":"product_tag-k-c3-b6p-magnus-mr-30mg-morfin-sulfat","8":"product_tag-magnus-mr-morphine-sulfate-30mg","9":"product_tag-magnus-mr-morphine-sulphate-street-price","10":"product_tag-magnus-mr-morphine-sulphate-street-price-for-bottle","11":"product_tag-magnus-mr-30-mg-morfin-sulfat","12":"product_tag-magnus-mr-morfin-30mg","14":"first","15":"instock","16":"shipping-taxable","17":"purchasable","18":"product-type-variable"},"yoast_head":"<!-- This site is optimized with the Yoast SEO plugin v27.3 - https:\/\/yoast.com\/product\/yoast-seo-wordpress\/ -->\n<title>K\u00f6p Magnus MR Morfin 30mg - Best Best Global Meds<\/title>\n<meta name=\"description\" content=\"Du kan\u00a0k\u00f6pa Magnus MR\u00a0(Morphine\u00a0Sulfate)\u00a030 mg\u00a0kapslar\u00a0online\u00a0utan recept (ingen RX). Morfin 30mg till salu Storbritannien, Europa\" \/>\n<meta name=\"robots\" content=\"index, follow, max-snippet:-1, max-image-preview:large, max-video-preview:-1\" \/>\n<link rel=\"canonical\" href=\"https:\/\/medicinasinc.com\/se\/product\/kop-magnus-mr-morfin-30mg-online\/\" \/>\n<meta property=\"og:locale\" content=\"sv_SE\" \/>\n<meta property=\"og:type\" content=\"article\" \/>\n<meta property=\"og:title\" content=\"K\u00f6p Magnus MR Morfin 30mg - Best Best Global Meds\" \/>\n<meta property=\"og:description\" content=\"Du kan\u00a0k\u00f6pa Magnus MR\u00a0(Morphine\u00a0Sulfate)\u00a030 mg\u00a0kapslar\u00a0online\u00a0utan recept (ingen RX). Morfin 30mg till salu Storbritannien, Europa\" \/>\n<meta property=\"og:url\" content=\"https:\/\/medicinasinc.com\/se\/product\/kop-magnus-mr-morfin-30mg-online\/\" \/>\n<meta property=\"og:site_name\" content=\"Medicinas Inc\" \/>\n<meta property=\"article:modified_time\" content=\"2022-07-03T23:38:41+00:00\" \/>\n<meta property=\"og:image\" content=\"https:\/\/medicinasinc.com\/se\/wp-content\/uploads\/sites\/16\/2022\/02\/Buy-Magnus-MR-Morphine-30mg.jpg\" \/>\n\t<meta property=\"og:image:width\" content=\"600\" \/>\n\t<meta property=\"og:image:height\" content=\"600\" \/>\n\t<meta property=\"og:image:type\" content=\"image\/jpeg\" \/>\n<meta name=\"twitter:card\" content=\"summary_large_image\" \/>\n<meta name=\"twitter:label1\" content=\"Ber\u00e4knad l\u00e4stid\" \/>\n\t<meta name=\"twitter:data1\" content=\"7 minuter\" \/>\n<script type=\"application\/ld+json\" class=\"yoast-schema-graph\">{\"@context\":\"https:\\\/\\\/schema.org\",\"@graph\":[{\"@type\":\"WebPage\",\"@id\":\"https:\\\/\\\/medicinasinc.com\\\/se\\\/product\\\/kop-magnus-mr-morfin-30mg-online\\\/\",\"url\":\"https:\\\/\\\/medicinasinc.com\\\/se\\\/product\\\/kop-magnus-mr-morfin-30mg-online\\\/\",\"name\":\"K\u00f6p Magnus MR Morfin 30mg - Best Best Global Meds\",\"isPartOf\":{\"@id\":\"https:\\\/\\\/medicinasinc.com\\\/se\\\/#website\"},\"primaryImageOfPage\":{\"@id\":\"https:\\\/\\\/medicinasinc.com\\\/se\\\/product\\\/kop-magnus-mr-morfin-30mg-online\\\/#primaryimage\"},\"image\":{\"@id\":\"https:\\\/\\\/medicinasinc.com\\\/se\\\/product\\\/kop-magnus-mr-morfin-30mg-online\\\/#primaryimage\"},\"thumbnailUrl\":\"https:\\\/\\\/medicinasinc.com\\\/se\\\/wp-content\\\/uploads\\\/sites\\\/16\\\/2022\\\/02\\\/Buy-Magnus-MR-Morphine-30mg.jpg\",\"datePublished\":\"2022-02-20T22:28:45+00:00\",\"dateModified\":\"2022-07-03T23:38:41+00:00\",\"description\":\"Du kan\u00a0k\u00f6pa Magnus MR\u00a0(Morphine\u00a0Sulfate)\u00a030 mg\u00a0kapslar\u00a0online\u00a0utan recept (ingen RX). Morfin 30mg till salu Storbritannien, Europa\",\"breadcrumb\":{\"@id\":\"https:\\\/\\\/medicinasinc.com\\\/se\\\/product\\\/kop-magnus-mr-morfin-30mg-online\\\/#breadcrumb\"},\"inLanguage\":\"sv-SE\",\"potentialAction\":[{\"@type\":\"ReadAction\",\"target\":[\"https:\\\/\\\/medicinasinc.com\\\/se\\\/product\\\/kop-magnus-mr-morfin-30mg-online\\\/\"]}]},{\"@type\":\"ImageObject\",\"inLanguage\":\"sv-SE\",\"@id\":\"https:\\\/\\\/medicinasinc.com\\\/se\\\/product\\\/kop-magnus-mr-morfin-30mg-online\\\/#primaryimage\",\"url\":\"https:\\\/\\\/medicinasinc.com\\\/se\\\/wp-content\\\/uploads\\\/sites\\\/16\\\/2022\\\/02\\\/Buy-Magnus-MR-Morphine-30mg.jpg\",\"contentUrl\":\"https:\\\/\\\/medicinasinc.com\\\/se\\\/wp-content\\\/uploads\\\/sites\\\/16\\\/2022\\\/02\\\/Buy-Magnus-MR-Morphine-30mg.jpg\",\"width\":600,\"height\":600},{\"@type\":\"BreadcrumbList\",\"@id\":\"https:\\\/\\\/medicinasinc.com\\\/se\\\/product\\\/kop-magnus-mr-morfin-30mg-online\\\/#breadcrumb\",\"itemListElement\":[{\"@type\":\"ListItem\",\"position\":1,\"name\":\"aff\u00e4r\",\"item\":\"https:\\\/\\\/medicinasinc.com\\\/se\\\/affar\\\/\"},{\"@type\":\"ListItem\",\"position\":2,\"name\":\"K\u00f6p Magnus MR Morfin 30mg online\"}]},{\"@type\":\"WebSite\",\"@id\":\"https:\\\/\\\/medicinasinc.com\\\/se\\\/#website\",\"url\":\"https:\\\/\\\/medicinasinc.com\\\/se\\\/\",\"name\":\"Medicinas Inc\",\"description\":\"Health Medical Clinic\",\"potentialAction\":[{\"@type\":\"SearchAction\",\"target\":{\"@type\":\"EntryPoint\",\"urlTemplate\":\"https:\\\/\\\/medicinasinc.com\\\/se\\\/?s={search_term_string}\"},\"query-input\":{\"@type\":\"PropertyValueSpecification\",\"valueRequired\":true,\"valueName\":\"search_term_string\"}}],\"inLanguage\":\"sv-SE\"}]}<\/script>\n<!-- \/ Yoast SEO plugin. -->","yoast_head_json":{"title":"K\u00f6p Magnus MR Morfin 30mg - Best Best Global Meds","description":"Du kan\u00a0k\u00f6pa Magnus MR\u00a0(Morphine\u00a0Sulfate)\u00a030 mg\u00a0kapslar\u00a0online\u00a0utan recept (ingen RX). Morfin 30mg till salu Storbritannien, Europa","robots":{"index":"index","follow":"follow","max-snippet":"max-snippet:-1","max-image-preview":"max-image-preview:large","max-video-preview":"max-video-preview:-1"},"canonical":"https:\/\/medicinasinc.com\/se\/product\/kop-magnus-mr-morfin-30mg-online\/","og_locale":"sv_SE","og_type":"article","og_title":"K\u00f6p Magnus MR Morfin 30mg - Best Best Global Meds","og_description":"Du kan\u00a0k\u00f6pa Magnus MR\u00a0(Morphine\u00a0Sulfate)\u00a030 mg\u00a0kapslar\u00a0online\u00a0utan recept (ingen RX). Morfin 30mg till salu Storbritannien, Europa","og_url":"https:\/\/medicinasinc.com\/se\/product\/kop-magnus-mr-morfin-30mg-online\/","og_site_name":"Medicinas Inc","article_modified_time":"2022-07-03T23:38:41+00:00","og_image":[{"width":600,"height":600,"url":"https:\/\/medicinasinc.com\/se\/wp-content\/uploads\/sites\/16\/2022\/02\/Buy-Magnus-MR-Morphine-30mg.jpg","type":"image\/jpeg"}],"twitter_card":"summary_large_image","twitter_misc":{"Ber\u00e4knad l\u00e4stid":"7 minuter"},"schema":{"@context":"https:\/\/schema.org","@graph":[{"@type":"WebPage","@id":"https:\/\/medicinasinc.com\/se\/product\/kop-magnus-mr-morfin-30mg-online\/","url":"https:\/\/medicinasinc.com\/se\/product\/kop-magnus-mr-morfin-30mg-online\/","name":"K\u00f6p Magnus MR Morfin 30mg - Best Best Global Meds","isPartOf":{"@id":"https:\/\/medicinasinc.com\/se\/#website"},"primaryImageOfPage":{"@id":"https:\/\/medicinasinc.com\/se\/product\/kop-magnus-mr-morfin-30mg-online\/#primaryimage"},"image":{"@id":"https:\/\/medicinasinc.com\/se\/product\/kop-magnus-mr-morfin-30mg-online\/#primaryimage"},"thumbnailUrl":"https:\/\/medicinasinc.com\/se\/wp-content\/uploads\/sites\/16\/2022\/02\/Buy-Magnus-MR-Morphine-30mg.jpg","datePublished":"2022-02-20T22:28:45+00:00","dateModified":"2022-07-03T23:38:41+00:00","description":"Du kan\u00a0k\u00f6pa Magnus MR\u00a0(Morphine\u00a0Sulfate)\u00a030 mg\u00a0kapslar\u00a0online\u00a0utan recept (ingen RX). Morfin 30mg till salu Storbritannien, Europa","breadcrumb":{"@id":"https:\/\/medicinasinc.com\/se\/product\/kop-magnus-mr-morfin-30mg-online\/#breadcrumb"},"inLanguage":"sv-SE","potentialAction":[{"@type":"ReadAction","target":["https:\/\/medicinasinc.com\/se\/product\/kop-magnus-mr-morfin-30mg-online\/"]}]},{"@type":"ImageObject","inLanguage":"sv-SE","@id":"https:\/\/medicinasinc.com\/se\/product\/kop-magnus-mr-morfin-30mg-online\/#primaryimage","url":"https:\/\/medicinasinc.com\/se\/wp-content\/uploads\/sites\/16\/2022\/02\/Buy-Magnus-MR-Morphine-30mg.jpg","contentUrl":"https:\/\/medicinasinc.com\/se\/wp-content\/uploads\/sites\/16\/2022\/02\/Buy-Magnus-MR-Morphine-30mg.jpg","width":600,"height":600},{"@type":"BreadcrumbList","@id":"https:\/\/medicinasinc.com\/se\/product\/kop-magnus-mr-morfin-30mg-online\/#breadcrumb","itemListElement":[{"@type":"ListItem","position":1,"name":"aff\u00e4r","item":"https:\/\/medicinasinc.com\/se\/affar\/"},{"@type":"ListItem","position":2,"name":"K\u00f6p Magnus MR Morfin 30mg online"}]},{"@type":"WebSite","@id":"https:\/\/medicinasinc.com\/se\/#website","url":"https:\/\/medicinasinc.com\/se\/","name":"Medicinas Inc","description":"Health Medical Clinic","potentialAction":[{"@type":"SearchAction","target":{"@type":"EntryPoint","urlTemplate":"https:\/\/medicinasinc.com\/se\/?s={search_term_string}"},"query-input":{"@type":"PropertyValueSpecification","valueRequired":true,"valueName":"search_term_string"}}],"inLanguage":"sv-SE"}]}},"_links":{"self":[{"href":"https:\/\/medicinasinc.com\/se\/wp-json\/wp\/v2\/product\/5239","targetHints":{"allow":["GET"]}}],"collection":[{"href":"https:\/\/medicinasinc.com\/se\/wp-json\/wp\/v2\/product"}],"about":[{"href":"https:\/\/medicinasinc.com\/se\/wp-json\/wp\/v2\/types\/product"}],"replies":[{"embeddable":true,"href":"https:\/\/medicinasinc.com\/se\/wp-json\/wp\/v2\/comments?post=5239"}],"wp:featuredmedia":[{"embeddable":true,"href":"https:\/\/medicinasinc.com\/se\/wp-json\/wp\/v2\/media\/5258"}],"wp:attachment":[{"href":"https:\/\/medicinasinc.com\/se\/wp-json\/wp\/v2\/media?parent=5239"}],"wp:term":[{"taxonomy":"product_brand","embeddable":true,"href":"https:\/\/medicinasinc.com\/se\/wp-json\/wp\/v2\/product_brand?post=5239"},{"taxonomy":"product_cat","embeddable":true,"href":"https:\/\/medicinasinc.com\/se\/wp-json\/wp\/v2\/product_cat?post=5239"},{"taxonomy":"product_tag","embeddable":true,"href":"https:\/\/medicinasinc.com\/se\/wp-json\/wp\/v2\/product_tag?post=5239"}],"curies":[{"name":"wp","href":"https:\/\/api.w.org\/{rel}","templated":true}]}}