{"id":5238,"date":"2022-02-20T22:26:29","date_gmt":"2022-02-20T22:26:29","guid":{"rendered":"https:\/\/medicinasinc.com\/se\/?post_type=product&#038;p=5238"},"modified":"2022-07-03T23:38:57","modified_gmt":"2022-07-03T23:38:57","slug":"buy-lortab-10-325mg","status":"publish","type":"product","link":"https:\/\/medicinasinc.com\/se\/product\/buy-lortab-10-325mg\/","title":{"rendered":"K\u00f6p Lortab 10\/325mg"},"content":{"rendered":"<p>Lortab 10\/325 mg piller kan k\u00f6pas online.<br \/> Lortab \u2013 vad \u00e4r det?<br \/> Lortabs risker<\/p>\n<p>Detta kombinationsl\u00e4kemedel anv\u00e4nds f\u00f6r att behandla sm\u00e4rta som str\u00e4cker sig fr\u00e5n mild till sv\u00e5r. Den best\u00e5r av ett opioidanalgetikum (hydrokodon) samt ett icke-opioidanalgetikum (acetaminophen). Hydrokodon f\u00f6r\u00e4ndrar hur din kropp uppfattar och reagerar p\u00e5 sm\u00e4rta genom att verka p\u00e5 hj\u00e4rnan. Paracetamol kan ocks\u00e5 hj\u00e4lpa till att minska febern.<\/p>\n<p>Denna produkt rekommenderas inte f\u00f6r barn under sex \u00e5r p\u00e5 grund av en \u00f6kad risk f\u00f6r allvarliga biverkningar (som ytlig\/l\u00e5ngsam andning).<\/p>\n","protected":false},"excerpt":{"rendered":"<div class=\"woocommerce-product-details__short-description\">\n<p>K\u00f6p Lortab 10\/325 mg piller kan k\u00f6pas online. onlinek\u00f6p av sm\u00e4rtstillande medel, onlinek\u00f6p av sm\u00e4rtstillande mediciner, onlinek\u00f6p av sm\u00e4rtstillande medel<\/p>\n<p>Lortab 10\/325mg piller till salu i Storbritannien och Europa. k\u00f6p sm\u00e4rtstillande p\u00e5 n\u00e4tet, k\u00f6p sm\u00e4rtstillande p\u00e5 n\u00e4tet, utan recept, oxikodon p\u00e5 n\u00e4tet, sm\u00e4rtstillande medel, sm\u00e4rtstillande medel, ADD\/ADHD-piller, Steroid-piller, Anti-\u00e5ngest-piller, Antidepression-piller, Viktminskningspiller.<\/p>\n<p>K\u00f6p lortab paracetamol tabletter 5mg 7,5mg 10mg med tryck m367 lagligen fr\u00e5n ett v\u00e4lrenommerat onlineapotek som erbjuder leverans \u00f6ver natten.<\/p>\n<\/p><\/div>\n","protected":false},"featured_media":5256,"comment_status":"open","ping_status":"closed","template":"","meta":[],"product_brand":[],"product_cat":[1117],"product_tag":[1470,1502,1471,1472,1513,1474,1473,1475,1320,1476,1477,1479,1478,1480,1481,1482,1484,1485,1483,1487,1497,1499,1500,1489,1490,1492,1491,1493,1494,1488,1495,1486,1496,1498,1501,1506,1503,1504,1505,1507,1508,1509,1511,1510,1512],"class_list":{"0":"post-5238","1":"product","2":"type-product","3":"status-publish","4":"has-post-thumbnail","6":"product_cat-kop-smarta-somn-sextabletter","7":"product_tag-buying-lortab-online","8":"product_tag-lortab-ten","9":"product_tag-difference-between-lortab-and-percocet","10":"product_tag-generisk-lortab","11":"product_tag-gul-lortab-10","12":"product_tag-how-long-does-lortab-stay-in-your-urine","13":"product_tag-hur-lnge-blir-lortab-i-ditt-system","14":"product_tag-hydrocodone-lortab","15":"product_tag-lortab","16":"product_tag-lortab-10","17":"product_tag-lortab-10-325-street-value","18":"product_tag-lortab-10-bilder","19":"product_tag-lortab-10-mg","20":"product_tag-lortab-5","21":"product_tag-lortab-5-mg","22":"product_tag-lortab-5-325","23":"product_tag-lortab-7-5-325","24":"product_tag-lortab-7-5-mg","25":"product_tag-lortab-7-5","26":"product_tag-lortab-addition","27":"product_tag-lortab-bild","28":"product_tag-lortab-bilder","29":"product_tag-lortab-biverkningar","30":"product_tag-lortab-dosering","31":"product_tag-lortab-elixir","32":"product_tag-lortab-generic-names","33":"product_tag-lortab-generiskt-namn","34":"product_tag-lortab-ingrediens","35":"product_tag-lortab-ingredienser","36":"product_tag-lortab-klassificering","37":"product_tag-lortab-m367","38":"product_tag-lortab-beroende","39":"product_tag-lortab-on-line","40":"product_tag-lortab-picture","41":"product_tag-lortab-styrka","42":"product_tag-lortab-uttag","43":"product_tag-lortab-vs-norco","44":"product_tag-lortab-vs-oxikodon","45":"product_tag-lortab-vs-vicodin","46":"product_tag-m366-lortab","47":"product_tag-norco-lortab","48":"product_tag-norco-vs-lortab","49":"product_tag-vad-r-en-lortab","50":"product_tag-vad-r-lortab","51":"product_tag-what-is-lortab","53":"first","54":"instock","55":"shipping-taxable","56":"purchasable","57":"product-type-variable","58":"has-default-attributes"},"yoast_head":"<!-- This site is optimized with the Yoast SEO plugin v27.3 - https:\/\/yoast.com\/product\/yoast-seo-wordpress\/ -->\n<title>K\u00f6p Lortab 10\/325mg - B\u00e4sta b\u00e4sta globala medicinerna<\/title>\n<meta name=\"description\" content=\"K\u00f6p Lortab 10\/325mg piller till salu Storbritannien, Europa. k\u00f6p sm\u00e4rtstillande medel online, k\u00f6p sm\u00e4rtstillande medel online, starka sm\u00e4rtstillande l\u00e4kemedelslista, utan recept, oxikodon online, sm\u00e4rtstillande medel, sm\u00e4rtstillande medel, ADD\/ADHD-piller, Steroider, \u00e5ngestd\u00e4mpande piller, piller mot depression, viktminskningspiller.\" \/>\n<meta name=\"robots\" content=\"index, follow, max-snippet:-1, max-image-preview:large, max-video-preview:-1\" \/>\n<link rel=\"canonical\" href=\"https:\/\/medicinasinc.com\/se\/product\/buy-lortab-10-325mg\/\" \/>\n<meta property=\"og:locale\" content=\"sv_SE\" \/>\n<meta property=\"og:type\" content=\"article\" \/>\n<meta property=\"og:title\" content=\"K\u00f6p Lortab 10\/325mg - B\u00e4sta b\u00e4sta globala medicinerna\" \/>\n<meta property=\"og:description\" content=\"K\u00f6p Lortab 10\/325mg piller till salu Storbritannien, Europa. k\u00f6p sm\u00e4rtstillande medel online, k\u00f6p sm\u00e4rtstillande medel online, starka sm\u00e4rtstillande l\u00e4kemedelslista, utan recept, oxikodon online, sm\u00e4rtstillande medel, sm\u00e4rtstillande medel, ADD\/ADHD-piller, Steroider, \u00e5ngestd\u00e4mpande piller, piller mot depression, viktminskningspiller.\" \/>\n<meta property=\"og:url\" content=\"https:\/\/medicinasinc.com\/se\/product\/buy-lortab-10-325mg\/\" \/>\n<meta property=\"og:site_name\" content=\"Medicinas Inc\" \/>\n<meta property=\"article:modified_time\" content=\"2022-07-03T23:38:57+00:00\" \/>\n<meta property=\"og:image\" content=\"https:\/\/medicinasinc.com\/se\/wp-content\/uploads\/sites\/16\/2022\/02\/buy-lortab-10-325mg-pills-online.jpg\" \/>\n\t<meta property=\"og:image:width\" content=\"600\" \/>\n\t<meta property=\"og:image:height\" content=\"600\" \/>\n\t<meta property=\"og:image:type\" content=\"image\/jpeg\" \/>\n<meta name=\"twitter:card\" content=\"summary_large_image\" \/>\n<meta name=\"twitter:label1\" content=\"Ber\u00e4knad l\u00e4stid\" \/>\n\t<meta name=\"twitter:data1\" content=\"1 minut\" \/>\n<script type=\"application\/ld+json\" class=\"yoast-schema-graph\">{\"@context\":\"https:\\\/\\\/schema.org\",\"@graph\":[{\"@type\":\"WebPage\",\"@id\":\"https:\\\/\\\/medicinasinc.com\\\/se\\\/product\\\/buy-lortab-10-325mg\\\/\",\"url\":\"https:\\\/\\\/medicinasinc.com\\\/se\\\/product\\\/buy-lortab-10-325mg\\\/\",\"name\":\"K\u00f6p Lortab 10\\\/325mg - B\u00e4sta b\u00e4sta globala medicinerna\",\"isPartOf\":{\"@id\":\"https:\\\/\\\/medicinasinc.com\\\/se\\\/#website\"},\"primaryImageOfPage\":{\"@id\":\"https:\\\/\\\/medicinasinc.com\\\/se\\\/product\\\/buy-lortab-10-325mg\\\/#primaryimage\"},\"image\":{\"@id\":\"https:\\\/\\\/medicinasinc.com\\\/se\\\/product\\\/buy-lortab-10-325mg\\\/#primaryimage\"},\"thumbnailUrl\":\"https:\\\/\\\/medicinasinc.com\\\/se\\\/wp-content\\\/uploads\\\/sites\\\/16\\\/2022\\\/02\\\/buy-lortab-10-325mg-pills-online.jpg\",\"datePublished\":\"2022-02-20T22:26:29+00:00\",\"dateModified\":\"2022-07-03T23:38:57+00:00\",\"description\":\"K\u00f6p Lortab 10\\\/325mg piller till salu Storbritannien, Europa. k\u00f6p sm\u00e4rtstillande medel online, k\u00f6p sm\u00e4rtstillande medel online, starka sm\u00e4rtstillande l\u00e4kemedelslista, utan recept, oxikodon online, sm\u00e4rtstillande medel, sm\u00e4rtstillande medel, ADD\\\/ADHD-piller, Steroider, \u00e5ngestd\u00e4mpande piller, piller mot depression, viktminskningspiller.\",\"breadcrumb\":{\"@id\":\"https:\\\/\\\/medicinasinc.com\\\/se\\\/product\\\/buy-lortab-10-325mg\\\/#breadcrumb\"},\"inLanguage\":\"sv-SE\",\"potentialAction\":[{\"@type\":\"ReadAction\",\"target\":[\"https:\\\/\\\/medicinasinc.com\\\/se\\\/product\\\/buy-lortab-10-325mg\\\/\"]}]},{\"@type\":\"ImageObject\",\"inLanguage\":\"sv-SE\",\"@id\":\"https:\\\/\\\/medicinasinc.com\\\/se\\\/product\\\/buy-lortab-10-325mg\\\/#primaryimage\",\"url\":\"https:\\\/\\\/medicinasinc.com\\\/se\\\/wp-content\\\/uploads\\\/sites\\\/16\\\/2022\\\/02\\\/buy-lortab-10-325mg-pills-online.jpg\",\"contentUrl\":\"https:\\\/\\\/medicinasinc.com\\\/se\\\/wp-content\\\/uploads\\\/sites\\\/16\\\/2022\\\/02\\\/buy-lortab-10-325mg-pills-online.jpg\",\"width\":600,\"height\":600},{\"@type\":\"BreadcrumbList\",\"@id\":\"https:\\\/\\\/medicinasinc.com\\\/se\\\/product\\\/buy-lortab-10-325mg\\\/#breadcrumb\",\"itemListElement\":[{\"@type\":\"ListItem\",\"position\":1,\"name\":\"aff\u00e4r\",\"item\":\"https:\\\/\\\/medicinasinc.com\\\/se\\\/affar\\\/\"},{\"@type\":\"ListItem\",\"position\":2,\"name\":\"K\u00f6p Lortab 10\\\/325mg\"}]},{\"@type\":\"WebSite\",\"@id\":\"https:\\\/\\\/medicinasinc.com\\\/se\\\/#website\",\"url\":\"https:\\\/\\\/medicinasinc.com\\\/se\\\/\",\"name\":\"Medicinas Inc\",\"description\":\"Health Medical Clinic\",\"potentialAction\":[{\"@type\":\"SearchAction\",\"target\":{\"@type\":\"EntryPoint\",\"urlTemplate\":\"https:\\\/\\\/medicinasinc.com\\\/se\\\/?s={search_term_string}\"},\"query-input\":{\"@type\":\"PropertyValueSpecification\",\"valueRequired\":true,\"valueName\":\"search_term_string\"}}],\"inLanguage\":\"sv-SE\"}]}<\/script>\n<!-- \/ Yoast SEO plugin. -->","yoast_head_json":{"title":"K\u00f6p Lortab 10\/325mg - B\u00e4sta b\u00e4sta globala medicinerna","description":"K\u00f6p Lortab 10\/325mg piller till salu Storbritannien, Europa. k\u00f6p sm\u00e4rtstillande medel online, k\u00f6p sm\u00e4rtstillande medel online, starka sm\u00e4rtstillande l\u00e4kemedelslista, utan recept, oxikodon online, sm\u00e4rtstillande medel, sm\u00e4rtstillande medel, ADD\/ADHD-piller, Steroider, \u00e5ngestd\u00e4mpande piller, piller mot depression, viktminskningspiller.","robots":{"index":"index","follow":"follow","max-snippet":"max-snippet:-1","max-image-preview":"max-image-preview:large","max-video-preview":"max-video-preview:-1"},"canonical":"https:\/\/medicinasinc.com\/se\/product\/buy-lortab-10-325mg\/","og_locale":"sv_SE","og_type":"article","og_title":"K\u00f6p Lortab 10\/325mg - B\u00e4sta b\u00e4sta globala medicinerna","og_description":"K\u00f6p Lortab 10\/325mg piller till salu Storbritannien, Europa. k\u00f6p sm\u00e4rtstillande medel online, k\u00f6p sm\u00e4rtstillande medel online, starka sm\u00e4rtstillande l\u00e4kemedelslista, utan recept, oxikodon online, sm\u00e4rtstillande medel, sm\u00e4rtstillande medel, ADD\/ADHD-piller, Steroider, \u00e5ngestd\u00e4mpande piller, piller mot depression, viktminskningspiller.","og_url":"https:\/\/medicinasinc.com\/se\/product\/buy-lortab-10-325mg\/","og_site_name":"Medicinas Inc","article_modified_time":"2022-07-03T23:38:57+00:00","og_image":[{"width":600,"height":600,"url":"https:\/\/medicinasinc.com\/se\/wp-content\/uploads\/sites\/16\/2022\/02\/buy-lortab-10-325mg-pills-online.jpg","type":"image\/jpeg"}],"twitter_card":"summary_large_image","twitter_misc":{"Ber\u00e4knad l\u00e4stid":"1 minut"},"schema":{"@context":"https:\/\/schema.org","@graph":[{"@type":"WebPage","@id":"https:\/\/medicinasinc.com\/se\/product\/buy-lortab-10-325mg\/","url":"https:\/\/medicinasinc.com\/se\/product\/buy-lortab-10-325mg\/","name":"K\u00f6p Lortab 10\/325mg - B\u00e4sta b\u00e4sta globala medicinerna","isPartOf":{"@id":"https:\/\/medicinasinc.com\/se\/#website"},"primaryImageOfPage":{"@id":"https:\/\/medicinasinc.com\/se\/product\/buy-lortab-10-325mg\/#primaryimage"},"image":{"@id":"https:\/\/medicinasinc.com\/se\/product\/buy-lortab-10-325mg\/#primaryimage"},"thumbnailUrl":"https:\/\/medicinasinc.com\/se\/wp-content\/uploads\/sites\/16\/2022\/02\/buy-lortab-10-325mg-pills-online.jpg","datePublished":"2022-02-20T22:26:29+00:00","dateModified":"2022-07-03T23:38:57+00:00","description":"K\u00f6p Lortab 10\/325mg piller till salu Storbritannien, Europa. k\u00f6p sm\u00e4rtstillande medel online, k\u00f6p sm\u00e4rtstillande medel online, starka sm\u00e4rtstillande l\u00e4kemedelslista, utan recept, oxikodon online, sm\u00e4rtstillande medel, sm\u00e4rtstillande medel, ADD\/ADHD-piller, Steroider, \u00e5ngestd\u00e4mpande piller, piller mot depression, viktminskningspiller.","breadcrumb":{"@id":"https:\/\/medicinasinc.com\/se\/product\/buy-lortab-10-325mg\/#breadcrumb"},"inLanguage":"sv-SE","potentialAction":[{"@type":"ReadAction","target":["https:\/\/medicinasinc.com\/se\/product\/buy-lortab-10-325mg\/"]}]},{"@type":"ImageObject","inLanguage":"sv-SE","@id":"https:\/\/medicinasinc.com\/se\/product\/buy-lortab-10-325mg\/#primaryimage","url":"https:\/\/medicinasinc.com\/se\/wp-content\/uploads\/sites\/16\/2022\/02\/buy-lortab-10-325mg-pills-online.jpg","contentUrl":"https:\/\/medicinasinc.com\/se\/wp-content\/uploads\/sites\/16\/2022\/02\/buy-lortab-10-325mg-pills-online.jpg","width":600,"height":600},{"@type":"BreadcrumbList","@id":"https:\/\/medicinasinc.com\/se\/product\/buy-lortab-10-325mg\/#breadcrumb","itemListElement":[{"@type":"ListItem","position":1,"name":"aff\u00e4r","item":"https:\/\/medicinasinc.com\/se\/affar\/"},{"@type":"ListItem","position":2,"name":"K\u00f6p Lortab 10\/325mg"}]},{"@type":"WebSite","@id":"https:\/\/medicinasinc.com\/se\/#website","url":"https:\/\/medicinasinc.com\/se\/","name":"Medicinas Inc","description":"Health Medical Clinic","potentialAction":[{"@type":"SearchAction","target":{"@type":"EntryPoint","urlTemplate":"https:\/\/medicinasinc.com\/se\/?s={search_term_string}"},"query-input":{"@type":"PropertyValueSpecification","valueRequired":true,"valueName":"search_term_string"}}],"inLanguage":"sv-SE"}]}},"_links":{"self":[{"href":"https:\/\/medicinasinc.com\/se\/wp-json\/wp\/v2\/product\/5238","targetHints":{"allow":["GET"]}}],"collection":[{"href":"https:\/\/medicinasinc.com\/se\/wp-json\/wp\/v2\/product"}],"about":[{"href":"https:\/\/medicinasinc.com\/se\/wp-json\/wp\/v2\/types\/product"}],"replies":[{"embeddable":true,"href":"https:\/\/medicinasinc.com\/se\/wp-json\/wp\/v2\/comments?post=5238"}],"wp:featuredmedia":[{"embeddable":true,"href":"https:\/\/medicinasinc.com\/se\/wp-json\/wp\/v2\/media\/5256"}],"wp:attachment":[{"href":"https:\/\/medicinasinc.com\/se\/wp-json\/wp\/v2\/media?parent=5238"}],"wp:term":[{"taxonomy":"product_brand","embeddable":true,"href":"https:\/\/medicinasinc.com\/se\/wp-json\/wp\/v2\/product_brand?post=5238"},{"taxonomy":"product_cat","embeddable":true,"href":"https:\/\/medicinasinc.com\/se\/wp-json\/wp\/v2\/product_cat?post=5238"},{"taxonomy":"product_tag","embeddable":true,"href":"https:\/\/medicinasinc.com\/se\/wp-json\/wp\/v2\/product_tag?post=5238"}],"curies":[{"name":"wp","href":"https:\/\/api.w.org\/{rel}","templated":true}]}}