{"id":5237,"date":"2022-02-20T22:24:46","date_gmt":"2022-02-20T22:24:46","guid":{"rendered":"https:\/\/medicinasinc.com\/se\/?post_type=product&#038;p=5237"},"modified":"2022-07-03T23:39:10","modified_gmt":"2022-07-03T23:39:10","slug":"kopa-lioresal-baklofen-25mg-piller","status":"publish","type":"product","link":"https:\/\/medicinasinc.com\/se\/product\/kopa-lioresal-baklofen-25mg-piller\/","title":{"rendered":"K\u00f6p Lioresal Baclofen 25mg piller"},"content":{"rendered":"<p>Lioresal Baclofen 25 mg piller kan k\u00f6pas online.<\/p>\n<p>INDIKATIONER<\/p>\n<p>Lioresal (Baclofen) \u00e4r ett krampl\u00f6sande och muskelavslappnande medel.<\/p>\n<p>Baclofen anv\u00e4nds f\u00f6r att behandla muskelspasmer, obehag och stelhet i samband med multipel skleros.<\/p>\n<p>Baklofen kan anv\u00e4ndas f\u00f6r ytterligare tillst\u00e5nd som inte ing\u00e5r i denna medicinguide.<\/p>\n<p>INSTRUKTIONER<\/p>\n<p>Ta exakt enligt anvisningar fr\u00e5n din l\u00e4kare. Konsumera inte mer eller mindre \u00e4n den f\u00f6reslagna m\u00e4ngden eller l\u00e4ngre \u00e4n rekommenderat. F\u00f6lj anvisningarna som anges p\u00e5 din medicinetikett.<\/p>\n<p>Din l\u00e4kare kan ibland justera din dos f\u00f6r att s\u00e4kerst\u00e4lla att du f\u00e5r b\u00e4sta m\u00f6jliga resultat.<br \/> R\u00e5dg\u00f6r med din l\u00e4kare om dina muskelbesv\u00e4r kvarst\u00e5r efter tv\u00e5 veckors behandling. behandling med detta l\u00e4kemedel. Avbryt inte detta l\u00e4kemedel utan att f\u00f6rst r\u00e5dfr\u00e5ga din l\u00e4kare. N\u00e4r du slutar ta baklofen efter en l\u00e4ngre tids anv\u00e4ndning kan du f\u00e5 abstinensbesv\u00e4r som kramper eller hallucinationer. Du kan beh\u00f6va anv\u00e4nda l\u00e4kemedlet mindre och mindre tills du slutar helt med det.<\/p>\n<p>DOSERING<\/p>\n<p>Ta medicinen exakt som din l\u00e4kare har ordinerat.<\/p>\n<p>Vuxna patienter med ryggm\u00e4rgsspasticitet: Efter de f\u00f6rsta 24 timmarna b\u00f6r den dagliga dosen f\u00f6r vuxna patienter gradvis h\u00f6jas med 10-30 % steg och endast en g\u00e5ng var 24:e timme, tills \u00f6nskad terapeutisk effekt uppn\u00e5s.<\/p>\n<p>Vuxna med cerebral spasticitet: Efter de f\u00f6rsta 24 timmarna ska den dagliga dosen \u00f6kas gradvis med 5-15 % var 24:e timme, tills \u00f6nskad terapeutisk effekt uppn\u00e5s.<\/p>\n<p>Efter de f\u00f6rsta 24 timmarna, den dagliga dosen b\u00f6r gradvis \u00f6kas med 5-15 procent var 24:e timme, tills \u00f6nskad terapeutisk effekt uppn\u00e5s. Om en \u00f6kning av den dagliga dosen inte ger ett meningsfullt kliniskt svar, kontrollera att pumpen fungerar bra och att katetern \u00e4r \u00f6ppen. Under screeningsfasen och dostitreringsperioden omedelbart efter implantation m\u00e5ste patienterna \u00f6vervakas regelbundet i en v\u00e4lutrustad och bemannad milj\u00f6. \u00c5terupplivningsutrustning b\u00f6r vara l\u00e4tt tillg\u00e4nglig i h\u00e4ndelse av potentiellt d\u00f6dliga eller oacceptabla biverkningar.<\/p>\n<p>F\u00d6RVARING<\/p>\n<p>Kylning kr\u00e4vs inte.<\/p>\n<p>F\u00f6rvaras under 86\u00b0F ( 30\u00b0C).<\/p>\n<p>Undvik frysning.<\/p>\n<p>Undvik v\u00e4rmesterilisering.<\/p>\n<p>YTTERLIGARE INFORMATION:<\/p>\n<p>Baklofen \u00e4r den aktiva komponenten.<\/p>\n<p>Lioresal \u00e4r ett sm\u00e4rtstillande medel. Det minskar avsev\u00e4rt frekvensen och intensiteten av muskelspasmer orsakade av neurologiska sjukdomar som multipel skleros.<\/p>\n<p>VIKTIG S\u00c4KERHETSINFORMATION<\/p>\n<p>Om du \u00e4r allergisk mot baklofen b\u00f6r du undvika att anv\u00e4nda det.<\/p>\n<p>Informera din l\u00e4kare om du har n\u00e5got av f\u00f6ljande ytterligare tillst\u00e5nd f\u00f6r att s\u00e4kerst\u00e4lla att du s\u00e4kert kan ta baklofen:<\/p>\n<p>njursjukdom<\/p>\n<p>en anfallssjukdom som t.ex. epilepsi; eller<\/p>\n<p>en personlig eller familjehistoria av stroke eller blodproppar.<\/p>\n<p>Anv\u00e4ndning av baklofen kan \u00f6ka risken f\u00f6r att utveckla en ovariecysta. R\u00e5dg\u00f6r med din l\u00e4kare ang\u00e5ende din specifika risk. FDA graviditetsklassificering C. Det \u00e4r ok\u00e4nt om baklofen \u00e4r giftigt f\u00f6r ett of\u00f6tt barn. Informera din l\u00e4kare om du \u00e4r gravid eller vill bli gravid medan du tar detta l\u00e4kemedel. Det \u00e4r ok\u00e4nt om baklofen kommer in i br\u00f6stmj\u00f6lken eller om det \u00e4r skadligt f\u00f6r ammande sp\u00e4dbarn. Amning b\u00f6r undvikas n\u00e4r du tar baklofen. Administrera aldrig detta l\u00e4kemedel till en ungdom under 12 \u00e5r. Seniorer kan vara mer mottagliga f\u00f6r effekterna av denna medicin.<\/p>\n<p>S\u00e4kerhetsinformation som \u00e4r avg\u00f6rande<\/p>\n<p>Detta l\u00e4kemedel har potential att p\u00e5verka ditt t\u00e4nkande och dina reaktioner. Var f\u00f6rsiktig om du k\u00f6r bil eller g\u00f6r n\u00e5got annat som kr\u00e4ver vakenhet. Konsumtion av alkohol kan f\u00f6rv\u00e4rra vissa negativa effekter av baklofen. Undvik att anv\u00e4nda baklofen under tider d\u00e5 muskeltonus kr\u00e4vs f\u00f6r korrekt balans och r\u00f6rlighet under specifika aktiviteter. Under vissa omst\u00e4ndigheter kan det \u00e4ventyra din fysiska s\u00e4kerhet att vara i ett tillst\u00e5nd av l\u00e5g muskeltonus.<\/p>\n<div class=\"product-next-previous\">\n<div class=\"product-prev\">\n<p><strong>BIVIRKNINGAR<\/strong><\/p>\n<p>F\u00e5 akut medicinsk hj\u00e4lp om du har n\u00e5got av dessa tecken p\u00e5 en allergisk reaktion: n\u00e4sselfeber; sv\u00e5rt att andas; svullnad av ansikte, l\u00e4ppar, tunga eller svalg. Ring din l\u00e4kare omedelbart om du har en allvarlig biverkning s\u00e5som:<\/p>\n<p>kramper (kramper);<\/p>\n<p>f\u00f6rvirring, hallucinationer; eller<\/p>\n<p>oj\u00e4mnt hj\u00e4rtslag.<\/p>\n<p>Mindre allvarliga biverkningar kan vara:<\/p>\n<p>s\u00f6mnighet, yrsel, svaghet, tr\u00f6tthetsk\u00e4nsla;<\/p>\n<p>huvudv\u00e4rk ;<\/p>\n<p>s\u00f6mnproblem (s\u00f6mnl\u00f6shet);<\/p>\n<p>illam\u00e5ende, f\u00f6rstoppning; eller<\/p>\n<p>kissa oftare \u00e4n vanligt.<\/p>\n<p>Detta \u00e4r inte en fullst\u00e4ndig lista \u00f6ver biverkningar och andra kan uppst\u00e5.<\/p>\n<p>Ring din l\u00e4kare f\u00f6r medicinsk r\u00e5dgivning om biverkningar. effekter.<\/p>\n<\/p><\/div><\/div>\n<div class=\"product-next-previous\">\n<div class=\"product-prev\"><\/div><\/div>\n","protected":false},"excerpt":{"rendered":"<p>K\u00f6p Lioresal Baclofen 25 mg piller till salu i Europa och Storbritannien online. Baclofen tredimensionell formel Lioresal tabletter b\u00f6r sv\u00e4ljas hela, med mat. Startdosen \u00e4r 5 mg tre g\u00e5nger dagligen.<\/p>\n<p>Lioresal 25 mg tablett (10 tab) kan k\u00f6pas online. BACLOFEN 25MG \u00e4r det generiska namnet. Lioresal\u00a0&#8230; Baklofen 25 mg finns i varje obelagd Lioresal 25 mg tablett.<\/p>\n<p>Baklofenanv\u00e4ndning i Storbritannien baklofenpiller vad \u00e4r de&#8230; medicamento lioresal 25 mg baklofen lioresal 10 mg tablett<\/p>\n<p>10 mg baklofen tablett<\/p>\n","protected":false},"featured_media":5254,"comment_status":"open","ping_status":"closed","template":"","meta":[],"product_brand":[],"product_cat":[1117],"product_tag":[1462,1441,1446,1447,1448,1449,1454,1455,1445,1440,1442,1443,1444,1450,1451,1452,1453,1456,1439,1457,1459,1458,1460,1461,1464,1466,1463,1465,1468,1467,1469],"class_list":{"0":"post-5237","1":"product","2":"type-product","3":"status-publish","4":"has-post-thumbnail","6":"product_cat-kop-smarta-somn-sextabletter","7":"product_tag-lioresal-25-biverkningar","8":"product_tag-baclofen-lioresal-20mg","9":"product_tag-baclofen-10-mg-generic-for-lioresal-do-you-need-to-eat-before","10":"product_tag-baclofen-gablofen-lioresal","11":"product_tag-baclofen-lioresal-10-mg","12":"product_tag-baclofen-lioresal-buy-mexico","13":"product_tag-baclofen-vs-lioresal","14":"product_tag-baclofen","15":"product_tag-baklofen-lioresal-biverkningar","16":"product_tag-baklofen-lioresal","17":"product_tag-baklofen-lioresal-1-till-2-m-c3-a5nader","18":"product_tag-baklofen-lioresal-10-mg-oral-ta","19":"product_tag-baklofen-lioresal-stimulus","20":"product_tag-baklofen-lioresal-l-c3-a4kemedelsklass","21":"product_tag-baklofen-lioresal-oral-intratekal","22":"product_tag-baklofen-lioresal-tizanidin-zanaflex","23":"product_tag-baklofen-lioresal-varfr-r-jag-s-trtt","24":"product_tag-dantrolene-dantrium","25":"product_tag-en-om-c3-a4rkt-anv-c3-a4nning-f-c3-b6r-baklofen-lioresal-c3-a4r-f-c3-b6r-behandling","26":"product_tag-lioresal-10-mg-baklofen","27":"product_tag-lioresal-10-mg-biverkningar","28":"product_tag-lioresal-10-mg-dosering","29":"product_tag-lioresal-10-mg-tablett-anvndningar","30":"product_tag-lioresal-25-mg-baklofen","31":"product_tag-lioresal-baclofen-10-mg","32":"product_tag-lioresal-baklofen-frse","33":"product_tag-lioresal-baklofen","34":"product_tag-lioresal-baklofen-25-mg","35":"product_tag-lioresal-biverkningar","36":"product_tag-lioresal-dosering","37":"product_tag-tizanidin","39":"first","40":"instock","41":"shipping-taxable","42":"purchasable","43":"product-type-variable","44":"has-default-attributes"},"yoast_head":"<!-- This site is optimized with the Yoast SEO plugin v27.3 - https:\/\/yoast.com\/product\/yoast-seo-wordpress\/ -->\n<title>K\u00f6p Lioresal Baclofen 25mg piller - B\u00e4sta Global Meds<\/title>\n<meta name=\"description\" content=\"K\u00f6p Lioresal Baclofen 25mg piller till salu Europa, Storbritannien online. Baclofen 3d formula Lioresal tabletter ska tas genom munnen, med mat. Initial dosering \u00e4r 5 mg 3 g\u00e5nger om dagen.\" \/>\n<meta name=\"robots\" content=\"index, follow, max-snippet:-1, max-image-preview:large, max-video-preview:-1\" \/>\n<link rel=\"canonical\" href=\"https:\/\/medicinasinc.com\/se\/product\/kopa-lioresal-baklofen-25mg-piller\/\" \/>\n<meta property=\"og:locale\" content=\"sv_SE\" \/>\n<meta property=\"og:type\" content=\"article\" \/>\n<meta property=\"og:title\" content=\"K\u00f6p Lioresal Baclofen 25mg piller - B\u00e4sta Global Meds\" \/>\n<meta property=\"og:description\" content=\"K\u00f6p Lioresal Baclofen 25mg piller till salu Europa, Storbritannien online. Baclofen 3d formula Lioresal tabletter ska tas genom munnen, med mat. Initial dosering \u00e4r 5 mg 3 g\u00e5nger om dagen.\" \/>\n<meta property=\"og:url\" content=\"https:\/\/medicinasinc.com\/se\/product\/kopa-lioresal-baklofen-25mg-piller\/\" \/>\n<meta property=\"og:site_name\" content=\"Medicinas Inc\" \/>\n<meta property=\"article:modified_time\" content=\"2022-07-03T23:39:10+00:00\" \/>\n<meta property=\"og:image\" content=\"https:\/\/medicinasinc.com\/se\/wp-content\/uploads\/sites\/16\/2022\/02\/Buy-Lioresal-Baclofen-25mg.jpg\" \/>\n\t<meta property=\"og:image:width\" content=\"1280\" \/>\n\t<meta property=\"og:image:height\" content=\"720\" \/>\n\t<meta property=\"og:image:type\" content=\"image\/jpeg\" \/>\n<meta name=\"twitter:card\" content=\"summary_large_image\" \/>\n<meta name=\"twitter:label1\" content=\"Ber\u00e4knad l\u00e4stid\" \/>\n\t<meta name=\"twitter:data1\" content=\"3 minuter\" \/>\n<script type=\"application\/ld+json\" class=\"yoast-schema-graph\">{\"@context\":\"https:\\\/\\\/schema.org\",\"@graph\":[{\"@type\":\"WebPage\",\"@id\":\"https:\\\/\\\/medicinasinc.com\\\/se\\\/product\\\/kopa-lioresal-baklofen-25mg-piller\\\/\",\"url\":\"https:\\\/\\\/medicinasinc.com\\\/se\\\/product\\\/kopa-lioresal-baklofen-25mg-piller\\\/\",\"name\":\"K\u00f6p Lioresal Baclofen 25mg piller - B\u00e4sta Global Meds\",\"isPartOf\":{\"@id\":\"https:\\\/\\\/medicinasinc.com\\\/se\\\/#website\"},\"primaryImageOfPage\":{\"@id\":\"https:\\\/\\\/medicinasinc.com\\\/se\\\/product\\\/kopa-lioresal-baklofen-25mg-piller\\\/#primaryimage\"},\"image\":{\"@id\":\"https:\\\/\\\/medicinasinc.com\\\/se\\\/product\\\/kopa-lioresal-baklofen-25mg-piller\\\/#primaryimage\"},\"thumbnailUrl\":\"https:\\\/\\\/medicinasinc.com\\\/se\\\/wp-content\\\/uploads\\\/sites\\\/16\\\/2022\\\/02\\\/Buy-Lioresal-Baclofen-25mg.jpg\",\"datePublished\":\"2022-02-20T22:24:46+00:00\",\"dateModified\":\"2022-07-03T23:39:10+00:00\",\"description\":\"K\u00f6p Lioresal Baclofen 25mg piller till salu Europa, Storbritannien online. Baclofen 3d formula Lioresal tabletter ska tas genom munnen, med mat. Initial dosering \u00e4r 5 mg 3 g\u00e5nger om dagen.\",\"breadcrumb\":{\"@id\":\"https:\\\/\\\/medicinasinc.com\\\/se\\\/product\\\/kopa-lioresal-baklofen-25mg-piller\\\/#breadcrumb\"},\"inLanguage\":\"sv-SE\",\"potentialAction\":[{\"@type\":\"ReadAction\",\"target\":[\"https:\\\/\\\/medicinasinc.com\\\/se\\\/product\\\/kopa-lioresal-baklofen-25mg-piller\\\/\"]}]},{\"@type\":\"ImageObject\",\"inLanguage\":\"sv-SE\",\"@id\":\"https:\\\/\\\/medicinasinc.com\\\/se\\\/product\\\/kopa-lioresal-baklofen-25mg-piller\\\/#primaryimage\",\"url\":\"https:\\\/\\\/medicinasinc.com\\\/se\\\/wp-content\\\/uploads\\\/sites\\\/16\\\/2022\\\/02\\\/Buy-Lioresal-Baclofen-25mg.jpg\",\"contentUrl\":\"https:\\\/\\\/medicinasinc.com\\\/se\\\/wp-content\\\/uploads\\\/sites\\\/16\\\/2022\\\/02\\\/Buy-Lioresal-Baclofen-25mg.jpg\",\"width\":1280,\"height\":720},{\"@type\":\"BreadcrumbList\",\"@id\":\"https:\\\/\\\/medicinasinc.com\\\/se\\\/product\\\/kopa-lioresal-baklofen-25mg-piller\\\/#breadcrumb\",\"itemListElement\":[{\"@type\":\"ListItem\",\"position\":1,\"name\":\"aff\u00e4r\",\"item\":\"https:\\\/\\\/medicinasinc.com\\\/se\\\/affar\\\/\"},{\"@type\":\"ListItem\",\"position\":2,\"name\":\"K\u00f6p Lioresal Baclofen 25mg piller\"}]},{\"@type\":\"WebSite\",\"@id\":\"https:\\\/\\\/medicinasinc.com\\\/se\\\/#website\",\"url\":\"https:\\\/\\\/medicinasinc.com\\\/se\\\/\",\"name\":\"Medicinas Inc\",\"description\":\"Health Medical Clinic\",\"potentialAction\":[{\"@type\":\"SearchAction\",\"target\":{\"@type\":\"EntryPoint\",\"urlTemplate\":\"https:\\\/\\\/medicinasinc.com\\\/se\\\/?s={search_term_string}\"},\"query-input\":{\"@type\":\"PropertyValueSpecification\",\"valueRequired\":true,\"valueName\":\"search_term_string\"}}],\"inLanguage\":\"sv-SE\"}]}<\/script>\n<!-- \/ Yoast SEO plugin. -->","yoast_head_json":{"title":"K\u00f6p Lioresal Baclofen 25mg piller - B\u00e4sta Global Meds","description":"K\u00f6p Lioresal Baclofen 25mg piller till salu Europa, Storbritannien online. Baclofen 3d formula Lioresal tabletter ska tas genom munnen, med mat. Initial dosering \u00e4r 5 mg 3 g\u00e5nger om dagen.","robots":{"index":"index","follow":"follow","max-snippet":"max-snippet:-1","max-image-preview":"max-image-preview:large","max-video-preview":"max-video-preview:-1"},"canonical":"https:\/\/medicinasinc.com\/se\/product\/kopa-lioresal-baklofen-25mg-piller\/","og_locale":"sv_SE","og_type":"article","og_title":"K\u00f6p Lioresal Baclofen 25mg piller - B\u00e4sta Global Meds","og_description":"K\u00f6p Lioresal Baclofen 25mg piller till salu Europa, Storbritannien online. Baclofen 3d formula Lioresal tabletter ska tas genom munnen, med mat. Initial dosering \u00e4r 5 mg 3 g\u00e5nger om dagen.","og_url":"https:\/\/medicinasinc.com\/se\/product\/kopa-lioresal-baklofen-25mg-piller\/","og_site_name":"Medicinas Inc","article_modified_time":"2022-07-03T23:39:10+00:00","og_image":[{"width":1280,"height":720,"url":"https:\/\/medicinasinc.com\/se\/wp-content\/uploads\/sites\/16\/2022\/02\/Buy-Lioresal-Baclofen-25mg.jpg","type":"image\/jpeg"}],"twitter_card":"summary_large_image","twitter_misc":{"Ber\u00e4knad l\u00e4stid":"3 minuter"},"schema":{"@context":"https:\/\/schema.org","@graph":[{"@type":"WebPage","@id":"https:\/\/medicinasinc.com\/se\/product\/kopa-lioresal-baklofen-25mg-piller\/","url":"https:\/\/medicinasinc.com\/se\/product\/kopa-lioresal-baklofen-25mg-piller\/","name":"K\u00f6p Lioresal Baclofen 25mg piller - B\u00e4sta Global Meds","isPartOf":{"@id":"https:\/\/medicinasinc.com\/se\/#website"},"primaryImageOfPage":{"@id":"https:\/\/medicinasinc.com\/se\/product\/kopa-lioresal-baklofen-25mg-piller\/#primaryimage"},"image":{"@id":"https:\/\/medicinasinc.com\/se\/product\/kopa-lioresal-baklofen-25mg-piller\/#primaryimage"},"thumbnailUrl":"https:\/\/medicinasinc.com\/se\/wp-content\/uploads\/sites\/16\/2022\/02\/Buy-Lioresal-Baclofen-25mg.jpg","datePublished":"2022-02-20T22:24:46+00:00","dateModified":"2022-07-03T23:39:10+00:00","description":"K\u00f6p Lioresal Baclofen 25mg piller till salu Europa, Storbritannien online. Baclofen 3d formula Lioresal tabletter ska tas genom munnen, med mat. Initial dosering \u00e4r 5 mg 3 g\u00e5nger om dagen.","breadcrumb":{"@id":"https:\/\/medicinasinc.com\/se\/product\/kopa-lioresal-baklofen-25mg-piller\/#breadcrumb"},"inLanguage":"sv-SE","potentialAction":[{"@type":"ReadAction","target":["https:\/\/medicinasinc.com\/se\/product\/kopa-lioresal-baklofen-25mg-piller\/"]}]},{"@type":"ImageObject","inLanguage":"sv-SE","@id":"https:\/\/medicinasinc.com\/se\/product\/kopa-lioresal-baklofen-25mg-piller\/#primaryimage","url":"https:\/\/medicinasinc.com\/se\/wp-content\/uploads\/sites\/16\/2022\/02\/Buy-Lioresal-Baclofen-25mg.jpg","contentUrl":"https:\/\/medicinasinc.com\/se\/wp-content\/uploads\/sites\/16\/2022\/02\/Buy-Lioresal-Baclofen-25mg.jpg","width":1280,"height":720},{"@type":"BreadcrumbList","@id":"https:\/\/medicinasinc.com\/se\/product\/kopa-lioresal-baklofen-25mg-piller\/#breadcrumb","itemListElement":[{"@type":"ListItem","position":1,"name":"aff\u00e4r","item":"https:\/\/medicinasinc.com\/se\/affar\/"},{"@type":"ListItem","position":2,"name":"K\u00f6p Lioresal Baclofen 25mg piller"}]},{"@type":"WebSite","@id":"https:\/\/medicinasinc.com\/se\/#website","url":"https:\/\/medicinasinc.com\/se\/","name":"Medicinas Inc","description":"Health Medical Clinic","potentialAction":[{"@type":"SearchAction","target":{"@type":"EntryPoint","urlTemplate":"https:\/\/medicinasinc.com\/se\/?s={search_term_string}"},"query-input":{"@type":"PropertyValueSpecification","valueRequired":true,"valueName":"search_term_string"}}],"inLanguage":"sv-SE"}]}},"_links":{"self":[{"href":"https:\/\/medicinasinc.com\/se\/wp-json\/wp\/v2\/product\/5237","targetHints":{"allow":["GET"]}}],"collection":[{"href":"https:\/\/medicinasinc.com\/se\/wp-json\/wp\/v2\/product"}],"about":[{"href":"https:\/\/medicinasinc.com\/se\/wp-json\/wp\/v2\/types\/product"}],"replies":[{"embeddable":true,"href":"https:\/\/medicinasinc.com\/se\/wp-json\/wp\/v2\/comments?post=5237"}],"wp:featuredmedia":[{"embeddable":true,"href":"https:\/\/medicinasinc.com\/se\/wp-json\/wp\/v2\/media\/5254"}],"wp:attachment":[{"href":"https:\/\/medicinasinc.com\/se\/wp-json\/wp\/v2\/media?parent=5237"}],"wp:term":[{"taxonomy":"product_brand","embeddable":true,"href":"https:\/\/medicinasinc.com\/se\/wp-json\/wp\/v2\/product_brand?post=5237"},{"taxonomy":"product_cat","embeddable":true,"href":"https:\/\/medicinasinc.com\/se\/wp-json\/wp\/v2\/product_cat?post=5237"},{"taxonomy":"product_tag","embeddable":true,"href":"https:\/\/medicinasinc.com\/se\/wp-json\/wp\/v2\/product_tag?post=5237"}],"curies":[{"name":"wp","href":"https:\/\/api.w.org\/{rel}","templated":true}]}}