{"id":5236,"date":"2022-02-20T22:23:28","date_gmt":"2022-02-20T22:23:28","guid":{"rendered":"https:\/\/medicinasinc.com\/se\/?post_type=product&#038;p=5236"},"modified":"2022-07-03T23:39:22","modified_gmt":"2022-07-03T23:39:22","slug":"kop-lexotanil-bromazepam-3mg-piller-online","status":"publish","type":"product","link":"https:\/\/medicinasinc.com\/se\/product\/kop-lexotanil-bromazepam-3mg-piller-online\/","title":{"rendered":"K\u00f6p Lexotanil Bromazepam 3mg piller online"},"content":{"rendered":"<p>Lexotanil Bromazepam 3mg tabletter att k\u00f6pa online<br \/> Lexotanil Bromazepam 3mg piller online | lexotanil bromazepam<br \/> Vad \u00e4r syftet med bromazepam lexotanil 3 mg?<br \/> Bromazepam (varum\u00e4rke Lexotan\u00ae) \u00e4r ett bensodiazepin. Det anv\u00e4nds fr\u00e4mst f\u00f6r att hj\u00e4lpa till vid behandling av \u00e5ngestsymtom. Dessutom kan det anv\u00e4ndas f\u00f6r att lindra panik och sociala \u00e5ngestsymtom. Det tillverkas i tablettform.<\/p>\n<p>Vad \u00e4r den typiska bromazepamdosen?<\/p>\n<p>Bromazepam ordineras vanligtvis till vuxna f\u00f6r \u00e5ngest i en dos p\u00e5 3-18 mg per dag, vanligtvis utspridda \u00f6ver hela dagen. dagen. Hos \u00e4ldre vuxna ska dosen minskas till h\u00e4lften, dvs h\u00e4lften av vuxendosen.<\/p>\n<p>Hur och n\u00e4r ska Lexotan Lexotanil 3 mg tas?<\/p>\n<p>Sittande eller st\u00e5ende, sv\u00e4lja pillren med minst ett halvt glas vatten. Detta s\u00e4kerst\u00e4ller att det n\u00e5r magen och inte fastnar i halsen. Bromazepam \u00e4r s\u00e4kert att ta f\u00f6re, med eller efter att ha \u00e4tit.<\/p>\n<p>Hur l\u00e5ng tid tar det innan bromazepam tr\u00e4der i kraft?<br \/> Bromazepam b\u00f6rjar ofta verka efter ungef\u00e4r en timme. Effekten kan sedan f\u00f6rst\u00e4rkas under loppet av flera dagar eller veckor.<br \/> Hur l\u00e4nge m\u00e5ste jag forts\u00e4tta att ta Lexotanil 3 mg?<br \/> Detta kommer att variera beroende p\u00e5 vilket syfte du tar det f\u00f6r. LEXOTANIL, ofta stavat Lexotan<\/p>\n<p>Kan jag pl\u00f6tsligt sluta ta bromazepam?<\/p>\n<p>Om du tar bromazepam dagligen i mer \u00e4n ungef\u00e4r 4 till 6 veckor, kan du utveckla ett beroende av det , men detta \u00e4r inget problem om du tar det f\u00f6r epilepsi. Om du har tagit det regelbundet kan det vara klokt att gradvis minska dosen under n\u00e5gra dagar eller veckor. Du b\u00f6r diskutera detta i detalj med din f\u00f6rskrivande l\u00e4kare, l\u00e4kare, sjuksk\u00f6terska eller farmaceut. Om du tar det &#8221;efter behov&#8221; med n\u00e5gra dagars mellanrum b\u00f6r du kunna avbryta n\u00e4r du inte l\u00e4ngre beh\u00f6ver det. 3 lexotanil<\/p>\n<p>Vad g\u00f6r jag om jag missar en dos av LEXOTAN?<br \/> Ta den saknade dosen s\u00e5 snart du kommer ih\u00e5g, om det inte \u00e4r mindre \u00e4n 4 timmar f\u00f6re n\u00e4sta dos.<br \/> Om du kommer ih\u00e5g att du f\u00f6ljde detta, ta helt enkelt din n\u00e4sta dos som vanligt. F\u00f6rs\u00f6k inte komma ikapp genom att ta tv\u00e5 doser samtidigt, eftersom detta kan resultera i \u00f6kade biverkningar.<br \/> Kan jag dricka alkohol n\u00e4r jag tar bromazepam? K\u00f6p BROMAZEPAM LEXOTANIL, \u00e4ven k\u00e4nd som Lexotan 3 MG.<br \/> Om du dricker alkohol medan du tar LEXOTANIL kan du uppleva \u00f6kad s\u00f6mnighet. Detta \u00e4r s\u00e4rskilt viktigt om du kommer att k\u00f6ra bil eller anv\u00e4nda maskiner, och du b\u00f6r f\u00e5 r\u00e5d om detta.<\/p>\n<p>Vilken typ av biverkningar kommer jag sannolikt att uppleva om jag tar bromazepam? K\u00f6p BROMAZEPAM LEXOTANIL, \u00e4ven k\u00e4nd som Lexotan 3 MG.<\/p>\n<p>M\u00e5nga individer f\u00e5r: Endast ett f\u00e5tal personer f\u00e5r: Endast ett f\u00e5tal utvalda personer f\u00e5r:<br \/> Yrsel<br \/> S\u00f6mnighet<br \/> n\u00e4sta dag kan du k\u00e4nna dig instabil p\u00e5 f\u00f6tterna.<br \/> Huvudv\u00e4rk<br \/> F\u00f6rvirring<br \/> S\u00f6mnl\u00f6shet (att gl\u00f6mma saker)<br \/> Bli inte orolig av f\u00f6ljande lista \u00f6ver biverkningar. Vissa individer upplever inga negativa effekter alls, medan andra kan uppleva n\u00e5gra som inte ing\u00e5r h\u00e4r. Om du tror att du kan uppleva en biverkning av din medicin, kontakta din l\u00e4kare, sjuksk\u00f6terska eller apotekspersonal.<\/p>\n<p>\u00c4r det s\u00e4kert f\u00f6r mig att k\u00f6ra bil eller cykla medan jag tar LEXOTANIL?<\/p>\n<p> Bromazepam kan f\u00f6rs\u00e4mra din k\u00f6rf\u00f6rm\u00e5ga och framkalla l\u00e4tt yrsel och yrsel.<\/p>\n<p>Var f\u00f6rsiktig n\u00e4r du k\u00f6r bil eller anv\u00e4nder maskiner tills du vet hur bromazepam p\u00e5verkar dig. Du b\u00f6r vara f\u00f6rsiktig eftersom det kan g\u00f6ra att din reaktionstid blir l\u00e5ngsammare.<\/p>\n","protected":false},"excerpt":{"rendered":"<p>Lexotanil Bromazepam 3 mg tabletter kan k\u00f6pas online. Bromazepam (Lexotanil) \u00e4r en medlem av bensodiazepinklassen av l\u00e4kemedel, som inkluderar antidepressiva medel, medel mot panik och muskelavslappnande medel.<\/p>\n<p>Bromazepam \u00e4r ett kortverkande bensodiazepin med l\u00e5ngsam ins\u00e4ttande som anv\u00e4nds ofta&#039; 8230; Tablett, 3 mg, oral, Alti-bromazepam 3 mg tabletter, b\u00e4sta globala mediciner<\/p>\n<p>K\u00f6p bromazepam online utan recept | K\u00f6p Lexotan 6mg online utan recept<\/p>\n<p>Bromazepam (Lexotanil) \u00e4r ett bensodiazepin.<\/p>\n","protected":false},"featured_media":5252,"comment_status":"open","ping_status":"closed","template":"","meta":[],"product_brand":[],"product_cat":[1117],"product_tag":[1419,1420,1421,1429,1422,1423,1424,1425,1428,1426,1427,1430,1431,1432,1433,1434,1435,1436,1437,1438],"class_list":{"0":"post-5236","1":"product","2":"type-product","3":"status-publish","4":"has-post-thumbnail","6":"product_cat-kop-smarta-somn-sextabletter","7":"product_tag-3-mg","8":"product_tag-3mg","9":"product_tag-3mg-klonopin","10":"product_tag-is-lexapro-a-bensodiazepiner","11":"product_tag-bromazepam","12":"product_tag-bromazepam-lexotanil","13":"product_tag-bromazepam-lexotanil-6mg-for-sale","14":"product_tag-bromazepam-lexotanil-till-salu","15":"product_tag-can-you-overdose-on-lexapro","16":"product_tag-kp-lexotanil-bromazepam","17":"product_tag-kp-lexotanil-bromazepam-frn-kanada","18":"product_tag-lexapro-generiskt-namn","19":"product_tag-lexatin","20":"product_tag-lexomil","21":"product_tag-lexotan","22":"product_tag-lexotan-3mg","23":"product_tag-lexotanil","24":"product_tag-lexotanil-bromazepam","25":"product_tag-lexotanil-bromazepam-3mg","26":"product_tag-flikar-piller-droger","28":"first","29":"instock","30":"shipping-taxable","31":"purchasable","32":"product-type-variable","33":"has-default-attributes"},"yoast_head":"<!-- This site is optimized with the Yoast SEO plugin v27.3 - https:\/\/yoast.com\/product\/yoast-seo-wordpress\/ -->\n<title>K\u00f6p Lexotanil Bromazepam 3mg piller online - Best Best Global Meds<\/title>\n<meta name=\"description\" content=\"K\u00f6p Lexotanil Bromazepam 3mg piller till salu online uk, europa. Bromazepam (Lexotanil) ing\u00e5r i gruppen l\u00e4kemedel som kallas bensodiazepiner, en klass av antidepressiva medel, medel mot panik och muskelavslappnande medel.\" \/>\n<meta name=\"robots\" content=\"index, follow, max-snippet:-1, max-image-preview:large, max-video-preview:-1\" \/>\n<link rel=\"canonical\" href=\"https:\/\/medicinasinc.com\/se\/product\/kop-lexotanil-bromazepam-3mg-piller-online\/\" \/>\n<meta property=\"og:locale\" content=\"sv_SE\" \/>\n<meta property=\"og:type\" content=\"article\" \/>\n<meta property=\"og:title\" content=\"K\u00f6p Lexotanil Bromazepam 3mg piller online - Best Best Global Meds\" \/>\n<meta property=\"og:description\" content=\"K\u00f6p Lexotanil Bromazepam 3mg piller till salu online uk, europa. Bromazepam (Lexotanil) ing\u00e5r i gruppen l\u00e4kemedel som kallas bensodiazepiner, en klass av antidepressiva medel, medel mot panik och muskelavslappnande medel.\" \/>\n<meta property=\"og:url\" content=\"https:\/\/medicinasinc.com\/se\/product\/kop-lexotanil-bromazepam-3mg-piller-online\/\" \/>\n<meta property=\"og:site_name\" content=\"Medicinas Inc\" \/>\n<meta property=\"article:modified_time\" content=\"2022-07-03T23:39:22+00:00\" \/>\n<meta property=\"og:image\" content=\"https:\/\/medicinasinc.com\/se\/wp-content\/uploads\/sites\/16\/2022\/02\/Buy-Lexotan-Bromazepam-3mg.jpg\" \/>\n\t<meta property=\"og:image:width\" content=\"600\" \/>\n\t<meta property=\"og:image:height\" content=\"600\" \/>\n\t<meta property=\"og:image:type\" content=\"image\/jpeg\" \/>\n<meta name=\"twitter:card\" content=\"summary_large_image\" \/>\n<meta name=\"twitter:label1\" content=\"Ber\u00e4knad l\u00e4stid\" \/>\n\t<meta name=\"twitter:data1\" content=\"3 minuter\" \/>\n<script type=\"application\/ld+json\" class=\"yoast-schema-graph\">{\"@context\":\"https:\\\/\\\/schema.org\",\"@graph\":[{\"@type\":\"WebPage\",\"@id\":\"https:\\\/\\\/medicinasinc.com\\\/se\\\/product\\\/kop-lexotanil-bromazepam-3mg-piller-online\\\/\",\"url\":\"https:\\\/\\\/medicinasinc.com\\\/se\\\/product\\\/kop-lexotanil-bromazepam-3mg-piller-online\\\/\",\"name\":\"K\u00f6p Lexotanil Bromazepam 3mg piller online - Best Best Global Meds\",\"isPartOf\":{\"@id\":\"https:\\\/\\\/medicinasinc.com\\\/se\\\/#website\"},\"primaryImageOfPage\":{\"@id\":\"https:\\\/\\\/medicinasinc.com\\\/se\\\/product\\\/kop-lexotanil-bromazepam-3mg-piller-online\\\/#primaryimage\"},\"image\":{\"@id\":\"https:\\\/\\\/medicinasinc.com\\\/se\\\/product\\\/kop-lexotanil-bromazepam-3mg-piller-online\\\/#primaryimage\"},\"thumbnailUrl\":\"https:\\\/\\\/medicinasinc.com\\\/se\\\/wp-content\\\/uploads\\\/sites\\\/16\\\/2022\\\/02\\\/Buy-Lexotan-Bromazepam-3mg.jpg\",\"datePublished\":\"2022-02-20T22:23:28+00:00\",\"dateModified\":\"2022-07-03T23:39:22+00:00\",\"description\":\"K\u00f6p Lexotanil Bromazepam 3mg piller till salu online uk, europa. Bromazepam (Lexotanil) ing\u00e5r i gruppen l\u00e4kemedel som kallas bensodiazepiner, en klass av antidepressiva medel, medel mot panik och muskelavslappnande medel.\",\"breadcrumb\":{\"@id\":\"https:\\\/\\\/medicinasinc.com\\\/se\\\/product\\\/kop-lexotanil-bromazepam-3mg-piller-online\\\/#breadcrumb\"},\"inLanguage\":\"sv-SE\",\"potentialAction\":[{\"@type\":\"ReadAction\",\"target\":[\"https:\\\/\\\/medicinasinc.com\\\/se\\\/product\\\/kop-lexotanil-bromazepam-3mg-piller-online\\\/\"]}]},{\"@type\":\"ImageObject\",\"inLanguage\":\"sv-SE\",\"@id\":\"https:\\\/\\\/medicinasinc.com\\\/se\\\/product\\\/kop-lexotanil-bromazepam-3mg-piller-online\\\/#primaryimage\",\"url\":\"https:\\\/\\\/medicinasinc.com\\\/se\\\/wp-content\\\/uploads\\\/sites\\\/16\\\/2022\\\/02\\\/Buy-Lexotan-Bromazepam-3mg.jpg\",\"contentUrl\":\"https:\\\/\\\/medicinasinc.com\\\/se\\\/wp-content\\\/uploads\\\/sites\\\/16\\\/2022\\\/02\\\/Buy-Lexotan-Bromazepam-3mg.jpg\",\"width\":600,\"height\":600},{\"@type\":\"BreadcrumbList\",\"@id\":\"https:\\\/\\\/medicinasinc.com\\\/se\\\/product\\\/kop-lexotanil-bromazepam-3mg-piller-online\\\/#breadcrumb\",\"itemListElement\":[{\"@type\":\"ListItem\",\"position\":1,\"name\":\"aff\u00e4r\",\"item\":\"https:\\\/\\\/medicinasinc.com\\\/se\\\/affar\\\/\"},{\"@type\":\"ListItem\",\"position\":2,\"name\":\"K\u00f6p Lexotanil Bromazepam 3mg piller online\"}]},{\"@type\":\"WebSite\",\"@id\":\"https:\\\/\\\/medicinasinc.com\\\/se\\\/#website\",\"url\":\"https:\\\/\\\/medicinasinc.com\\\/se\\\/\",\"name\":\"Medicinas Inc\",\"description\":\"Health Medical Clinic\",\"potentialAction\":[{\"@type\":\"SearchAction\",\"target\":{\"@type\":\"EntryPoint\",\"urlTemplate\":\"https:\\\/\\\/medicinasinc.com\\\/se\\\/?s={search_term_string}\"},\"query-input\":{\"@type\":\"PropertyValueSpecification\",\"valueRequired\":true,\"valueName\":\"search_term_string\"}}],\"inLanguage\":\"sv-SE\"}]}<\/script>\n<!-- \/ Yoast SEO plugin. -->","yoast_head_json":{"title":"K\u00f6p Lexotanil Bromazepam 3mg piller online - Best Best Global Meds","description":"K\u00f6p Lexotanil Bromazepam 3mg piller till salu online uk, europa. Bromazepam (Lexotanil) ing\u00e5r i gruppen l\u00e4kemedel som kallas bensodiazepiner, en klass av antidepressiva medel, medel mot panik och muskelavslappnande medel.","robots":{"index":"index","follow":"follow","max-snippet":"max-snippet:-1","max-image-preview":"max-image-preview:large","max-video-preview":"max-video-preview:-1"},"canonical":"https:\/\/medicinasinc.com\/se\/product\/kop-lexotanil-bromazepam-3mg-piller-online\/","og_locale":"sv_SE","og_type":"article","og_title":"K\u00f6p Lexotanil Bromazepam 3mg piller online - Best Best Global Meds","og_description":"K\u00f6p Lexotanil Bromazepam 3mg piller till salu online uk, europa. Bromazepam (Lexotanil) ing\u00e5r i gruppen l\u00e4kemedel som kallas bensodiazepiner, en klass av antidepressiva medel, medel mot panik och muskelavslappnande medel.","og_url":"https:\/\/medicinasinc.com\/se\/product\/kop-lexotanil-bromazepam-3mg-piller-online\/","og_site_name":"Medicinas Inc","article_modified_time":"2022-07-03T23:39:22+00:00","og_image":[{"width":600,"height":600,"url":"https:\/\/medicinasinc.com\/se\/wp-content\/uploads\/sites\/16\/2022\/02\/Buy-Lexotan-Bromazepam-3mg.jpg","type":"image\/jpeg"}],"twitter_card":"summary_large_image","twitter_misc":{"Ber\u00e4knad l\u00e4stid":"3 minuter"},"schema":{"@context":"https:\/\/schema.org","@graph":[{"@type":"WebPage","@id":"https:\/\/medicinasinc.com\/se\/product\/kop-lexotanil-bromazepam-3mg-piller-online\/","url":"https:\/\/medicinasinc.com\/se\/product\/kop-lexotanil-bromazepam-3mg-piller-online\/","name":"K\u00f6p Lexotanil Bromazepam 3mg piller online - Best Best Global Meds","isPartOf":{"@id":"https:\/\/medicinasinc.com\/se\/#website"},"primaryImageOfPage":{"@id":"https:\/\/medicinasinc.com\/se\/product\/kop-lexotanil-bromazepam-3mg-piller-online\/#primaryimage"},"image":{"@id":"https:\/\/medicinasinc.com\/se\/product\/kop-lexotanil-bromazepam-3mg-piller-online\/#primaryimage"},"thumbnailUrl":"https:\/\/medicinasinc.com\/se\/wp-content\/uploads\/sites\/16\/2022\/02\/Buy-Lexotan-Bromazepam-3mg.jpg","datePublished":"2022-02-20T22:23:28+00:00","dateModified":"2022-07-03T23:39:22+00:00","description":"K\u00f6p Lexotanil Bromazepam 3mg piller till salu online uk, europa. Bromazepam (Lexotanil) ing\u00e5r i gruppen l\u00e4kemedel som kallas bensodiazepiner, en klass av antidepressiva medel, medel mot panik och muskelavslappnande medel.","breadcrumb":{"@id":"https:\/\/medicinasinc.com\/se\/product\/kop-lexotanil-bromazepam-3mg-piller-online\/#breadcrumb"},"inLanguage":"sv-SE","potentialAction":[{"@type":"ReadAction","target":["https:\/\/medicinasinc.com\/se\/product\/kop-lexotanil-bromazepam-3mg-piller-online\/"]}]},{"@type":"ImageObject","inLanguage":"sv-SE","@id":"https:\/\/medicinasinc.com\/se\/product\/kop-lexotanil-bromazepam-3mg-piller-online\/#primaryimage","url":"https:\/\/medicinasinc.com\/se\/wp-content\/uploads\/sites\/16\/2022\/02\/Buy-Lexotan-Bromazepam-3mg.jpg","contentUrl":"https:\/\/medicinasinc.com\/se\/wp-content\/uploads\/sites\/16\/2022\/02\/Buy-Lexotan-Bromazepam-3mg.jpg","width":600,"height":600},{"@type":"BreadcrumbList","@id":"https:\/\/medicinasinc.com\/se\/product\/kop-lexotanil-bromazepam-3mg-piller-online\/#breadcrumb","itemListElement":[{"@type":"ListItem","position":1,"name":"aff\u00e4r","item":"https:\/\/medicinasinc.com\/se\/affar\/"},{"@type":"ListItem","position":2,"name":"K\u00f6p Lexotanil Bromazepam 3mg piller online"}]},{"@type":"WebSite","@id":"https:\/\/medicinasinc.com\/se\/#website","url":"https:\/\/medicinasinc.com\/se\/","name":"Medicinas Inc","description":"Health Medical Clinic","potentialAction":[{"@type":"SearchAction","target":{"@type":"EntryPoint","urlTemplate":"https:\/\/medicinasinc.com\/se\/?s={search_term_string}"},"query-input":{"@type":"PropertyValueSpecification","valueRequired":true,"valueName":"search_term_string"}}],"inLanguage":"sv-SE"}]}},"_links":{"self":[{"href":"https:\/\/medicinasinc.com\/se\/wp-json\/wp\/v2\/product\/5236","targetHints":{"allow":["GET"]}}],"collection":[{"href":"https:\/\/medicinasinc.com\/se\/wp-json\/wp\/v2\/product"}],"about":[{"href":"https:\/\/medicinasinc.com\/se\/wp-json\/wp\/v2\/types\/product"}],"replies":[{"embeddable":true,"href":"https:\/\/medicinasinc.com\/se\/wp-json\/wp\/v2\/comments?post=5236"}],"wp:featuredmedia":[{"embeddable":true,"href":"https:\/\/medicinasinc.com\/se\/wp-json\/wp\/v2\/media\/5252"}],"wp:attachment":[{"href":"https:\/\/medicinasinc.com\/se\/wp-json\/wp\/v2\/media?parent=5236"}],"wp:term":[{"taxonomy":"product_brand","embeddable":true,"href":"https:\/\/medicinasinc.com\/se\/wp-json\/wp\/v2\/product_brand?post=5236"},{"taxonomy":"product_cat","embeddable":true,"href":"https:\/\/medicinasinc.com\/se\/wp-json\/wp\/v2\/product_cat?post=5236"},{"taxonomy":"product_tag","embeddable":true,"href":"https:\/\/medicinasinc.com\/se\/wp-json\/wp\/v2\/product_tag?post=5236"}],"curies":[{"name":"wp","href":"https:\/\/api.w.org\/{rel}","templated":true}]}}