{"id":5208,"date":"2022-02-20T21:58:44","date_gmt":"2022-02-20T21:58:44","guid":{"rendered":"https:\/\/medicinasinc.com\/se\/?post_type=product&#038;p=5208"},"modified":"2022-07-03T23:39:46","modified_gmt":"2022-07-03T23:39:46","slug":"kop-imovan-zopiklon-7-5-mg","status":"publish","type":"product","link":"https:\/\/medicinasinc.com\/se\/product\/kop-imovan-zopiklon-7-5-mg\/","title":{"rendered":"K\u00f6p Imovane Zopiclone 7,5 mg"},"content":{"rendered":"<p>Imovane Zopiclone tabletter kan k\u00f6pas online.<\/p>\n<p>Imovane Zopiclone tabletter kan k\u00f6pas online.<\/p>\n<p>Imovane: Zopiclone tillh\u00f6r klassen lugnande medel och hypnotiska l\u00e4kemedel. Det ordineras f\u00f6r symtomatisk lindring av s\u00f6mnproblem p\u00e5 kort sikt.<\/p>\n","protected":false},"excerpt":{"rendered":"<div class=\"woocommerce-product-details__short-description\">\n<p>K\u00f6p zopiclone 7,5mg tabletter online, zopiclone 7,5mg uk, zopiclone online, zopiclone eu, zopiclone singapore, zopiclone uk, zopiclone amazon, zopiclone 7,5m leverans<\/p>\n<p>Imovane Zopiclone tabletter kan k\u00f6pas online.<\/p>\n<p>Imovane: Zopiclone \u00e4r ett lugnande-hypnotisk l\u00e4kemedel. Det anv\u00e4nds f\u00f6r att behandla s\u00f6mnproblem p\u00e5 kort sikt och som en symtomatisk behandling.<\/p>\n<p>Imovane (Zopiclon) kan k\u00f6pas online med ett giltigt australiskt recept. Bestglobalmeds.com erbjuder gratis frakt p\u00e5 alla receptbelagda varor till Australien.<\/p>\n<p>Imovane (Zopiclon) \u00e4r ett lugnande-hypnotisk l\u00e4kemedel. Det anv\u00e4nds f\u00f6r att behandla s\u00f6mnproblem p\u00e5 kort sikt och som en symtomatisk behandling.<\/p>\n<\/p><\/div>\n","protected":false},"featured_media":5226,"comment_status":"open","ping_status":"closed","template":"","meta":[],"product_brand":[],"product_cat":[1117],"product_tag":[1366,1367,1368,1362,1363,1364,1365,1369],"class_list":{"0":"post-5208","1":"product","2":"type-product","3":"status-publish","4":"has-post-thumbnail","6":"product_cat-kop-smarta-somn-sextabletter","7":"product_tag-buy-zopiclone-online","8":"product_tag-buy-zopiclone-singapore","9":"product_tag-buy-zopiclone-uk","10":"product_tag-kpa-zopiklon-7-5mg-tabletter-nsta-dag-leverans","11":"product_tag-k-c3-b6p-zopiklon-7-5mg-tabletter-online","12":"product_tag-kp-zopiklon-7-5mg-uk","13":"product_tag-kp-zopiklon-mig","14":"product_tag-zopiklon-amazon","16":"first","17":"instock","18":"shipping-taxable","19":"purchasable","20":"product-type-variable","21":"has-default-attributes"},"yoast_head":"<!-- This site is optimized with the Yoast SEO plugin v27.3 - https:\/\/yoast.com\/product\/yoast-seo-wordpress\/ -->\n<title>K\u00f6p Imovane Zopiclone 7,5 mg - B\u00e4sta b\u00e4sta globala medicinerna<\/title>\n<meta name=\"description\" content=\"k\u00f6p zopiklon 7.5mg tabletter online, k\u00f6p zopiklon 7.5mg uk, k\u00f6p zopiklon online, k\u00f6p zopiklon eu, k\u00f6p zopiklon singapore, k\u00f6p zopiklon uk, zopiklon amazon, k\u00f6p zopiklon 7.5 mg tabletter n\u00e4sta dag leverans,\" \/>\n<meta name=\"robots\" content=\"index, follow, max-snippet:-1, max-image-preview:large, max-video-preview:-1\" \/>\n<link rel=\"canonical\" href=\"https:\/\/medicinasinc.com\/se\/product\/kop-imovan-zopiklon-7-5-mg\/\" \/>\n<meta property=\"og:locale\" content=\"sv_SE\" \/>\n<meta property=\"og:type\" content=\"article\" \/>\n<meta property=\"og:title\" content=\"K\u00f6p Imovane Zopiclone 7,5 mg - B\u00e4sta b\u00e4sta globala medicinerna\" \/>\n<meta property=\"og:description\" content=\"k\u00f6p zopiklon 7.5mg tabletter online, k\u00f6p zopiklon 7.5mg uk, k\u00f6p zopiklon online, k\u00f6p zopiklon eu, k\u00f6p zopiklon singapore, k\u00f6p zopiklon uk, zopiklon amazon, k\u00f6p zopiklon 7.5 mg tabletter n\u00e4sta dag leverans,\" \/>\n<meta property=\"og:url\" content=\"https:\/\/medicinasinc.com\/se\/product\/kop-imovan-zopiklon-7-5-mg\/\" \/>\n<meta property=\"og:site_name\" content=\"Medicinas Inc\" \/>\n<meta property=\"article:modified_time\" content=\"2022-07-03T23:39:46+00:00\" \/>\n<meta property=\"og:image\" content=\"https:\/\/medicinasinc.com\/se\/wp-content\/uploads\/sites\/16\/2022\/02\/Buy-Imovane-Zopiclone-7.5-mg.jpg\" \/>\n\t<meta property=\"og:image:width\" content=\"570\" \/>\n\t<meta property=\"og:image:height\" content=\"340\" \/>\n\t<meta property=\"og:image:type\" content=\"image\/jpeg\" \/>\n<meta name=\"twitter:card\" content=\"summary_large_image\" \/>\n<meta name=\"twitter:label1\" content=\"Ber\u00e4knad l\u00e4stid\" \/>\n\t<meta name=\"twitter:data1\" content=\"1 minut\" \/>\n<script type=\"application\/ld+json\" class=\"yoast-schema-graph\">{\"@context\":\"https:\\\/\\\/schema.org\",\"@graph\":[{\"@type\":\"WebPage\",\"@id\":\"https:\\\/\\\/medicinasinc.com\\\/se\\\/product\\\/kop-imovan-zopiklon-7-5-mg\\\/\",\"url\":\"https:\\\/\\\/medicinasinc.com\\\/se\\\/product\\\/kop-imovan-zopiklon-7-5-mg\\\/\",\"name\":\"K\u00f6p Imovane Zopiclone 7,5 mg - B\u00e4sta b\u00e4sta globala medicinerna\",\"isPartOf\":{\"@id\":\"https:\\\/\\\/medicinasinc.com\\\/se\\\/#website\"},\"primaryImageOfPage\":{\"@id\":\"https:\\\/\\\/medicinasinc.com\\\/se\\\/product\\\/kop-imovan-zopiklon-7-5-mg\\\/#primaryimage\"},\"image\":{\"@id\":\"https:\\\/\\\/medicinasinc.com\\\/se\\\/product\\\/kop-imovan-zopiklon-7-5-mg\\\/#primaryimage\"},\"thumbnailUrl\":\"https:\\\/\\\/medicinasinc.com\\\/se\\\/wp-content\\\/uploads\\\/sites\\\/16\\\/2022\\\/02\\\/Buy-Imovane-Zopiclone-7.5-mg.jpg\",\"datePublished\":\"2022-02-20T21:58:44+00:00\",\"dateModified\":\"2022-07-03T23:39:46+00:00\",\"description\":\"k\u00f6p zopiklon 7.5mg tabletter online, k\u00f6p zopiklon 7.5mg uk, k\u00f6p zopiklon online, k\u00f6p zopiklon eu, k\u00f6p zopiklon singapore, k\u00f6p zopiklon uk, zopiklon amazon, k\u00f6p zopiklon 7.5 mg tabletter n\u00e4sta dag leverans,\",\"breadcrumb\":{\"@id\":\"https:\\\/\\\/medicinasinc.com\\\/se\\\/product\\\/kop-imovan-zopiklon-7-5-mg\\\/#breadcrumb\"},\"inLanguage\":\"sv-SE\",\"potentialAction\":[{\"@type\":\"ReadAction\",\"target\":[\"https:\\\/\\\/medicinasinc.com\\\/se\\\/product\\\/kop-imovan-zopiklon-7-5-mg\\\/\"]}]},{\"@type\":\"ImageObject\",\"inLanguage\":\"sv-SE\",\"@id\":\"https:\\\/\\\/medicinasinc.com\\\/se\\\/product\\\/kop-imovan-zopiklon-7-5-mg\\\/#primaryimage\",\"url\":\"https:\\\/\\\/medicinasinc.com\\\/se\\\/wp-content\\\/uploads\\\/sites\\\/16\\\/2022\\\/02\\\/Buy-Imovane-Zopiclone-7.5-mg.jpg\",\"contentUrl\":\"https:\\\/\\\/medicinasinc.com\\\/se\\\/wp-content\\\/uploads\\\/sites\\\/16\\\/2022\\\/02\\\/Buy-Imovane-Zopiclone-7.5-mg.jpg\",\"width\":570,\"height\":340},{\"@type\":\"BreadcrumbList\",\"@id\":\"https:\\\/\\\/medicinasinc.com\\\/se\\\/product\\\/kop-imovan-zopiklon-7-5-mg\\\/#breadcrumb\",\"itemListElement\":[{\"@type\":\"ListItem\",\"position\":1,\"name\":\"aff\u00e4r\",\"item\":\"https:\\\/\\\/medicinasinc.com\\\/se\\\/affar\\\/\"},{\"@type\":\"ListItem\",\"position\":2,\"name\":\"K\u00f6p Imovane Zopiclone 7,5 mg\"}]},{\"@type\":\"WebSite\",\"@id\":\"https:\\\/\\\/medicinasinc.com\\\/se\\\/#website\",\"url\":\"https:\\\/\\\/medicinasinc.com\\\/se\\\/\",\"name\":\"Medicinas Inc\",\"description\":\"Health Medical Clinic\",\"potentialAction\":[{\"@type\":\"SearchAction\",\"target\":{\"@type\":\"EntryPoint\",\"urlTemplate\":\"https:\\\/\\\/medicinasinc.com\\\/se\\\/?s={search_term_string}\"},\"query-input\":{\"@type\":\"PropertyValueSpecification\",\"valueRequired\":true,\"valueName\":\"search_term_string\"}}],\"inLanguage\":\"sv-SE\"}]}<\/script>\n<!-- \/ Yoast SEO plugin. -->","yoast_head_json":{"title":"K\u00f6p Imovane Zopiclone 7,5 mg - B\u00e4sta b\u00e4sta globala medicinerna","description":"k\u00f6p zopiklon 7.5mg tabletter online, k\u00f6p zopiklon 7.5mg uk, k\u00f6p zopiklon online, k\u00f6p zopiklon eu, k\u00f6p zopiklon singapore, k\u00f6p zopiklon uk, zopiklon amazon, k\u00f6p zopiklon 7.5 mg tabletter n\u00e4sta dag leverans,","robots":{"index":"index","follow":"follow","max-snippet":"max-snippet:-1","max-image-preview":"max-image-preview:large","max-video-preview":"max-video-preview:-1"},"canonical":"https:\/\/medicinasinc.com\/se\/product\/kop-imovan-zopiklon-7-5-mg\/","og_locale":"sv_SE","og_type":"article","og_title":"K\u00f6p Imovane Zopiclone 7,5 mg - B\u00e4sta b\u00e4sta globala medicinerna","og_description":"k\u00f6p zopiklon 7.5mg tabletter online, k\u00f6p zopiklon 7.5mg uk, k\u00f6p zopiklon online, k\u00f6p zopiklon eu, k\u00f6p zopiklon singapore, k\u00f6p zopiklon uk, zopiklon amazon, k\u00f6p zopiklon 7.5 mg tabletter n\u00e4sta dag leverans,","og_url":"https:\/\/medicinasinc.com\/se\/product\/kop-imovan-zopiklon-7-5-mg\/","og_site_name":"Medicinas Inc","article_modified_time":"2022-07-03T23:39:46+00:00","og_image":[{"width":570,"height":340,"url":"https:\/\/medicinasinc.com\/se\/wp-content\/uploads\/sites\/16\/2022\/02\/Buy-Imovane-Zopiclone-7.5-mg.jpg","type":"image\/jpeg"}],"twitter_card":"summary_large_image","twitter_misc":{"Ber\u00e4knad l\u00e4stid":"1 minut"},"schema":{"@context":"https:\/\/schema.org","@graph":[{"@type":"WebPage","@id":"https:\/\/medicinasinc.com\/se\/product\/kop-imovan-zopiklon-7-5-mg\/","url":"https:\/\/medicinasinc.com\/se\/product\/kop-imovan-zopiklon-7-5-mg\/","name":"K\u00f6p Imovane Zopiclone 7,5 mg - B\u00e4sta b\u00e4sta globala medicinerna","isPartOf":{"@id":"https:\/\/medicinasinc.com\/se\/#website"},"primaryImageOfPage":{"@id":"https:\/\/medicinasinc.com\/se\/product\/kop-imovan-zopiklon-7-5-mg\/#primaryimage"},"image":{"@id":"https:\/\/medicinasinc.com\/se\/product\/kop-imovan-zopiklon-7-5-mg\/#primaryimage"},"thumbnailUrl":"https:\/\/medicinasinc.com\/se\/wp-content\/uploads\/sites\/16\/2022\/02\/Buy-Imovane-Zopiclone-7.5-mg.jpg","datePublished":"2022-02-20T21:58:44+00:00","dateModified":"2022-07-03T23:39:46+00:00","description":"k\u00f6p zopiklon 7.5mg tabletter online, k\u00f6p zopiklon 7.5mg uk, k\u00f6p zopiklon online, k\u00f6p zopiklon eu, k\u00f6p zopiklon singapore, k\u00f6p zopiklon uk, zopiklon amazon, k\u00f6p zopiklon 7.5 mg tabletter n\u00e4sta dag leverans,","breadcrumb":{"@id":"https:\/\/medicinasinc.com\/se\/product\/kop-imovan-zopiklon-7-5-mg\/#breadcrumb"},"inLanguage":"sv-SE","potentialAction":[{"@type":"ReadAction","target":["https:\/\/medicinasinc.com\/se\/product\/kop-imovan-zopiklon-7-5-mg\/"]}]},{"@type":"ImageObject","inLanguage":"sv-SE","@id":"https:\/\/medicinasinc.com\/se\/product\/kop-imovan-zopiklon-7-5-mg\/#primaryimage","url":"https:\/\/medicinasinc.com\/se\/wp-content\/uploads\/sites\/16\/2022\/02\/Buy-Imovane-Zopiclone-7.5-mg.jpg","contentUrl":"https:\/\/medicinasinc.com\/se\/wp-content\/uploads\/sites\/16\/2022\/02\/Buy-Imovane-Zopiclone-7.5-mg.jpg","width":570,"height":340},{"@type":"BreadcrumbList","@id":"https:\/\/medicinasinc.com\/se\/product\/kop-imovan-zopiklon-7-5-mg\/#breadcrumb","itemListElement":[{"@type":"ListItem","position":1,"name":"aff\u00e4r","item":"https:\/\/medicinasinc.com\/se\/affar\/"},{"@type":"ListItem","position":2,"name":"K\u00f6p Imovane Zopiclone 7,5 mg"}]},{"@type":"WebSite","@id":"https:\/\/medicinasinc.com\/se\/#website","url":"https:\/\/medicinasinc.com\/se\/","name":"Medicinas Inc","description":"Health Medical Clinic","potentialAction":[{"@type":"SearchAction","target":{"@type":"EntryPoint","urlTemplate":"https:\/\/medicinasinc.com\/se\/?s={search_term_string}"},"query-input":{"@type":"PropertyValueSpecification","valueRequired":true,"valueName":"search_term_string"}}],"inLanguage":"sv-SE"}]}},"_links":{"self":[{"href":"https:\/\/medicinasinc.com\/se\/wp-json\/wp\/v2\/product\/5208","targetHints":{"allow":["GET"]}}],"collection":[{"href":"https:\/\/medicinasinc.com\/se\/wp-json\/wp\/v2\/product"}],"about":[{"href":"https:\/\/medicinasinc.com\/se\/wp-json\/wp\/v2\/types\/product"}],"replies":[{"embeddable":true,"href":"https:\/\/medicinasinc.com\/se\/wp-json\/wp\/v2\/comments?post=5208"}],"wp:featuredmedia":[{"embeddable":true,"href":"https:\/\/medicinasinc.com\/se\/wp-json\/wp\/v2\/media\/5226"}],"wp:attachment":[{"href":"https:\/\/medicinasinc.com\/se\/wp-json\/wp\/v2\/media?parent=5208"}],"wp:term":[{"taxonomy":"product_brand","embeddable":true,"href":"https:\/\/medicinasinc.com\/se\/wp-json\/wp\/v2\/product_brand?post=5208"},{"taxonomy":"product_cat","embeddable":true,"href":"https:\/\/medicinasinc.com\/se\/wp-json\/wp\/v2\/product_cat?post=5208"},{"taxonomy":"product_tag","embeddable":true,"href":"https:\/\/medicinasinc.com\/se\/wp-json\/wp\/v2\/product_tag?post=5208"}],"curies":[{"name":"wp","href":"https:\/\/api.w.org\/{rel}","templated":true}]}}