{"id":5207,"date":"2022-02-20T21:57:05","date_gmt":"2022-02-20T21:57:05","guid":{"rendered":"https:\/\/medicinasinc.com\/se\/?post_type=product&#038;p=5207"},"modified":"2022-07-03T23:39:58","modified_gmt":"2022-07-03T23:39:58","slug":"kop-imitrex-sumatriptan-100-mg","status":"publish","type":"product","link":"https:\/\/medicinasinc.com\/se\/product\/kop-imitrex-sumatriptan-100-mg\/","title":{"rendered":"K\u00f6p imitrex Sumatriptan 100 mg"},"content":{"rendered":"<div class=\"product-next-previous\">\n<div class=\"product-prev\">\n<p>K\u00f6p Imitrex 100mg tabletter online Imitrex Information (varum\u00e4rke och generisk)<\/p>\n<p>Bestglobalmeds.com\u00a0s\u00e4ljer f\u00f6r n\u00e4rvarande m\u00e4rket Imitrex, allm\u00e4nt k\u00e4nt som Imigran, tillverkat av GSK i Turkiet och Aspen i Australien. Dessutom har vi GSK-m\u00e4rket Imitrex fr\u00e5n Kanada. Sumatriptan \u00e4r tillg\u00e4nglig generiskt fr\u00e5n Pharma Science i Kanada, Sun Pharma i Indien (Suminat) och Dexcel Pharma och Accord Pharma i Storbritannien.<\/p>\n<p>Dosering<\/p>\n<p>Imitrex finns i en m\u00e4ngd olika doseringsformuleringar och niv\u00e5er. Imitrex och Sumatriptan finns b\u00e5da i 50 mg och 100 mg tablettdoseringsformer. Dessutom tillhandah\u00e5ller vi generiska Imitrex 25 mg tabletter. Dessutom finns m\u00e4rket Imitrex tillg\u00e4ngligt som 20 mg n\u00e4ssprayf\u00f6rpackningar, 6 mg\/0,5 ml injektionsflaskor, startsatser f\u00f6r statistiska doser och statistiska dospatroner.<\/p>\n<p>Anv\u00e4ndning<\/p>\n<p>Imitrex (Sumatriptan) \u00e4r ett l\u00e4kemedel som anv\u00e4nds f\u00f6r att behandla migr\u00e4nhuvudv\u00e4rk. Imitrex f\u00f6rhindrar inte migr\u00e4n eller minskar deras frekvens. Det anv\u00e4nds endast f\u00f6r att behandla migr\u00e4nsymtom som redan har b\u00f6rjat. Det hj\u00e4lper till att lindra huvudv\u00e4rk, obehag och andra migr\u00e4nsymptom som illam\u00e5ende, kr\u00e4kningar och ljus- eller ljudk\u00e4nslighet. Sumatriptan \u00e4r en medlem av triptanklassen av l\u00e4kemedel. Detta l\u00e4kemedel verkar genom att st\u00f6ra en naturligt f\u00f6rekommande kemikalie (serotonin) som f\u00e5r hj\u00e4rnans blodart\u00e4rer att dra ihop sig. Dessutom kommer det att lindra sm\u00e4rta genom att p\u00e5verka specifika nerver i hj\u00e4rnan.<\/p>\n<p>Konsekvenser<\/p>\n<p>Konsultera din l\u00e4kare omedelbart om du upplever n\u00e5gon av f\u00f6ljande allvarliga biverkningar: br\u00f6st, k\u00e4ke eller v\u00e4nster armsm\u00e4rta; blodig diarr\u00e9; svimning; snabb, oregelbunden, bultande hj\u00e4rtslag; psykiska\/hum\u00f6rproblem; sv\u00e5r mag-\/buksm\u00e4rta; sv\u00e5r br\u00f6stsm\u00e4rta; anfall; sluddrigt tal; visuella f\u00f6r\u00e4ndringar. F\u00f6ljande \u00e4r n\u00e5gra av de vanligare biverkningarna: \u2022 Yrsel och d\u00e5sighet; \u2022 Stickningar\/domningar\/stickningar\/v\u00e4rme; \u2022 Spola.<br \/> \u2022 F\u00f6rh\u00f6jt blodtryck \u2014 Kontrollera regelbundet ditt blodtryck f\u00f6r att garantera s\u00e4kerheten;<br \/> \u2022 Utmattning; \u2022 Svaghet<\/p>\n<p>Kontraindikationer och interaktioner<\/p>\n<p>Imitrex ska inte anv\u00e4ndas f\u00f6r att behandla en vanlig sp\u00e4nningshuvudv\u00e4rk eller en som leder till f\u00f6rlust av r\u00f6relse p\u00e5 ena sidan av kroppen. Imitrex ska inte anv\u00e4ndas om du \u00e4r allergisk mot sumatriptan eller om du har f\u00f6ljande tillst\u00e5nd: \u2022 En historia av hj\u00e4rtinfarkt eller stroke; \u2022 Vissa hj\u00e4rtrytmrubbningar; \u2022 Cirkulationsproblem som resulterar i bristande blodtillf\u00f6rsel till kroppen; \u2022 Hj\u00e4rtproblem; \u2022 Lever- eller njursjukdom; \u2022 Okontrollerat h\u00f6gt blodtryck;<\/p>\n<p>Imitrex ska inte tas inom 24 timmar efter anv\u00e4ndning av n\u00e5gon annan behandling mot migr\u00e4nhuvudv\u00e4rk. Informera din l\u00e4kare om alla aktuella mediciner du tar, inklusive receptbelagda, receptfria och v\u00e4xtbaserade l\u00e4kemedel, inklusive MAO-h\u00e4mmare, selektiva serotonin\u00e5terupptagsh\u00e4mmare och noradrenalin\u00e5terupptagsh\u00e4mmare. Sumatriptan kan orsaka yrsel eller d\u00e5sighet. Alkohol eller marijuana kan \u00f6ka din yrsel eller d\u00e5sighet. Undvik att k\u00f6ra bil, anv\u00e4nda maskiner eller utf\u00f6ra n\u00e5gon annan aktivitet som kr\u00e4ver vakenhet. Drick alkoholhaltiga drycker med m\u00e5tta. Imitrex \u00e4r inte k\u00e4nt f\u00f6r att skada ett of\u00f6tt barn. Om du \u00e4r gravid, kontakta din l\u00e4kare. Sumatriptan uts\u00f6ndras i br\u00f6stmj\u00f6lk och kan orsaka skador p\u00e5 ett ammande sp\u00e4dbarn. Amning b\u00f6r undvikas i 12 timmar efter anv\u00e4ndning av Imitrex. Imitrex rekommenderas inte f\u00f6r anv\u00e4ndning av n\u00e5gon under 18 \u00e5r.<\/p>\n<p>Fr\u00e5gor och svar<br \/> Varf\u00f6r \u00e4r Imitrex billigare i Kanada \u00e4n i USA?<\/p>\n<p>Allm\u00e4nt , alla l\u00e4kemedelspriser, inte bara Imitrex, \u00e4r mer rimliga n\u00e4r de k\u00f6ps fr\u00e5n Kanada, eftersom regeringen reglerar priset p\u00e5 b\u00e5de m\u00e4rkes- och generiska l\u00e4kemedel. Dessutom, fr\u00e5n starten 2006, har v\u00e5rt m\u00e5l varit att tillhandah\u00e5lla s\u00e4ker och billig medicin till folket i USA.<\/p>\n<p>\u00c4r det s\u00e4kert att k\u00f6pa Imitrex fr\u00e5n ditt apotek?<\/p>\n<p>V\u00e5ra produkter kommer uteslutande fr\u00e5n anl\u00e4ggningar som har certifierats av myndigheterna i de l\u00e4nder fr\u00e5n vilka de importeras. CanadaPharmacyOnline.com anv\u00e4nder ett rigor\u00f6st urvalsf\u00f6rfarande f\u00f6r v\u00e5ra partners f\u00f6r att s\u00e4kerst\u00e4lla att du, v\u00e5r kund, f\u00e5r den s\u00e4kraste medicineringen som m\u00f6jligt. Dessutom \u00e4r vi ett certifierat kanadensiskt apotek som f\u00f6ljer alla provinslagar.<\/p>\n<p>Hur mycket kostar generisk Imitrex 100 mg p\u00e5 ditt apotek?<\/p>\n<p>Generisk Imitrex 100 mg \u00e4r tillg\u00e4nglig f\u00f6r s\u00e5 lite som m\u00f6jligt som 28,99 USD f\u00f6r 12 tabletter, medan 50 mg-dosen \u00e4r tillg\u00e4nglig f\u00f6r s\u00e5 lite som 57,99 USD f\u00f6r 18 piller.<\/p>\n<p>Hur mycket kostar en tablett?<\/p>\n<p>Imitrex 100 mg finns tillg\u00e4nglig i generisk form formul\u00e4r f\u00f6r 2,27 USD per tablett och i varum\u00e4rkesform f\u00f6r 8,67 USD per tablett p\u00e5 v\u00e5rt apotek.<\/p>\n<p>Hur mycket kostar frakten?<\/p>\n<p>V\u00e5rt schablonpris f\u00f6r leverans \u00e4r 10,00 USD per best\u00e4llning. V\u00e5rt apotek str\u00e4var efter att ge dig l\u00e4gsta m\u00f6jliga pris p\u00e5 varor av h\u00f6g kvalitet.<\/p>\n<p>Hur g\u00f6r jag en best\u00e4llning p\u00e5 ditt apotek?<\/p>\n<p>Det \u00e4r verkligen enkelt att best\u00e4lla Imitrex fr\u00e5n oss . Du kan g\u00f6ra din best\u00e4llning online eller per telefon med kundtj\u00e4nst. Bes\u00f6k v\u00e5r sida Hur man best\u00e4ller f\u00f6r ytterligare information eller f\u00f6r att p\u00e5b\u00f6rja best\u00e4llningsprocessen.<\/p>\n<p>\u00c4r priset p\u00e5 Imitrex konkurrenskraftigt?<\/p>\n<p>Ja, vi \u00e4r stolta \u00f6ver att ge n\u00e5gra av de l\u00e4gsta tillg\u00e4ngliga priserna p\u00e5 kanadensiska apotek. I s\u00e4llsynta situationer kan vi kanske vara lika med eller sl\u00e5 v\u00e5ra konkurrenters priser. V\u00e4nligen kontakta v\u00e5r artiga kundsupport p\u00e5 1866.920.3784.<\/p>\n<p>Kan jag k\u00f6pa Imitrex fr\u00e5n dig \u00f6ver disk?<\/p>\n<p>Nej, Imitrex \u00e4r endast tillg\u00e4ngligt med ett giltigt recept fr\u00e5n din l\u00e4kare. Utan ett giltigt recept s\u00e4ljer vi inte denna produkt.<\/p>\n<p>Imitrex 50 mg vs. Imitrex 100 mg: Vad \u00e4r skillnaden?<\/p>\n<p>Dosskillnaden \u00e5terspeglar m\u00e4ngden aktiv(a) ingrediens(er) ) ing\u00e5r i l\u00e4kemedlet.<\/p>\n<p>Imitrex verkningsmekanism<\/p>\n<\/p><\/div><\/div>\n<div class=\"product-next-previous\">\n<div class=\"product-prev\"><\/div><\/div>\n","protected":false},"excerpt":{"rendered":"<div class=\"woocommerce-product-details__short-description\">\n<p>Imitrex Sumatriptan 100 mg piller kan k\u00f6pas online. IMITREX \u00e4r en 5-HT1B\/1D serotoninreceptoragonist (triptan) godk\u00e4nd f\u00f6r omedelbar behandling av migr\u00e4n hos vuxna med eller utan aura.<\/p>\n<p>Sumatriptan kan k\u00f6pas online via v\u00e5rt Storbritannien-registrerade onlineapotek.<\/p>\n<p> p&gt; <\/p>\n<p>Sumatriptan \u00e4r ett migr\u00e4nl\u00e4kemedel med en snabbt ins\u00e4ttande effekt. Garanterat l\u00e4gsta pris i Storbritannien.<\/p>\n<p>Sumatriptan migr\u00e4ntabletter kan k\u00f6pas tryggt och s\u00e4kert online fr\u00e5n ett brittiskt apotek.<\/p>\n<p>Sumatriptan \u00e4r en generisk form av Imigran som \u00e4r billigare. <\/p>\n<p>K\u00f6p Imitrex (Sumatriptan) till rabatterat pris fr\u00e5n ett licensierat b\u00e4sta globala medicinapotek&#8230;. 50mg100mg<\/p>\n<p>K\u00f6p Imitrex online idag fr\u00e5n v\u00e5rt kanadensiska apotek!<\/p>\n<\/p><\/div>\n","protected":false},"featured_media":5224,"comment_status":"open","ping_status":"closed","template":"","meta":[],"product_brand":[],"product_cat":[1117],"product_tag":[1347,1346,1339,1338,1340,1341,1342,1343,1344,1345,1360,1348,1349,1350,1351,1356,1352,1353,1354,1355,1357,1358,1359,1361],"class_list":{"0":"post-5207","1":"product","2":"type-product","3":"status-publish","4":"has-post-thumbnail","6":"product_cat-kop-smarta-somn-sextabletter","7":"product_tag-r-sumatriptan-samma-som-imitrex","8":"product_tag-r-sumatriptan-imitrex","9":"product_tag-buy-sumatriptan-online-usa","10":"product_tag-en-patient-lider-av-migrn-huvudvrk-vad-r-verkan-av-sumatriptan-imitrex","11":"product_tag-gr-imitrex-generisk-sumatriptan","12":"product_tag-imitrex-nasal-spray-sumatriptan","13":"product_tag-imitrex-sumatriptan","14":"product_tag-imitrex-sumatriptan-succinat","15":"product_tag-imitrex-vs-sumatriptan","16":"product_tag-injektion-sumatriptan-imitrex","17":"product_tag-nr-br-sumatriptan-imitrex-undvikas","18":"product_tag-sumatriptan-imitrex-50-mg-tablett-pris","19":"product_tag-sumatriptan-100-mg-online","20":"product_tag-sumatriptan-50-mg-receptfritt","21":"product_tag-sumatriptan-50mg","22":"product_tag-sumatriptan-biverkningar","23":"product_tag-sumatriptan-imitrex","24":"product_tag-sumatriptan-imitrex-plster","25":"product_tag-sumatriptan-imitrex-treximet","26":"product_tag-sumatriptan-over-the-counter-usa","27":"product_tag-sumatriptan-succinat-imitrex","28":"product_tag-sumatriptan-vs-imitrex","29":"product_tag-vad-anvnds-sumatriptan-100-mg-fr","30":"product_tag-var-att-kpa-sumatriptan-receptfritt","32":"first","33":"instock","34":"shipping-taxable","35":"purchasable","36":"product-type-variable","37":"has-default-attributes"},"yoast_head":"<!-- This site is optimized with the Yoast SEO plugin v27.3 - https:\/\/yoast.com\/product\/yoast-seo-wordpress\/ -->\n<title>K\u00f6p imitrex Sumatriptan 100 mg - Best Global Meds<\/title>\n<meta name=\"description\" content=\"K\u00f6p imitrex Sumatriptan 100 mg migr\u00e4ntabletter s\u00e4kert och s\u00e4kert fr\u00e5n ett brittiskt onlineapotek. Sumatriptan\u00a0\u00e4r en generisk, billigare version av Imigran.\" \/>\n<meta name=\"robots\" content=\"index, follow, max-snippet:-1, max-image-preview:large, max-video-preview:-1\" \/>\n<link rel=\"canonical\" href=\"https:\/\/medicinasinc.com\/se\/product\/kop-imitrex-sumatriptan-100-mg\/\" \/>\n<meta property=\"og:locale\" content=\"sv_SE\" \/>\n<meta property=\"og:type\" content=\"article\" \/>\n<meta property=\"og:title\" content=\"K\u00f6p imitrex Sumatriptan 100 mg - Best Global Meds\" \/>\n<meta property=\"og:description\" content=\"K\u00f6p imitrex Sumatriptan 100 mg migr\u00e4ntabletter s\u00e4kert och s\u00e4kert fr\u00e5n ett brittiskt onlineapotek. Sumatriptan\u00a0\u00e4r en generisk, billigare version av Imigran.\" \/>\n<meta property=\"og:url\" content=\"https:\/\/medicinasinc.com\/se\/product\/kop-imitrex-sumatriptan-100-mg\/\" \/>\n<meta property=\"og:site_name\" content=\"Medicinas Inc\" \/>\n<meta property=\"article:modified_time\" content=\"2022-07-03T23:39:58+00:00\" \/>\n<meta property=\"og:image\" content=\"https:\/\/medicinasinc.com\/se\/wp-content\/uploads\/sites\/16\/2022\/02\/Buy-imitrex-Sumatriptan-100-mg.jpg\" \/>\n\t<meta property=\"og:image:width\" content=\"846\" \/>\n\t<meta property=\"og:image:height\" content=\"600\" \/>\n\t<meta property=\"og:image:type\" content=\"image\/jpeg\" \/>\n<meta name=\"twitter:card\" content=\"summary_large_image\" \/>\n<meta name=\"twitter:label1\" content=\"Ber\u00e4knad l\u00e4stid\" \/>\n\t<meta name=\"twitter:data1\" content=\"4 minuter\" \/>\n<script type=\"application\/ld+json\" class=\"yoast-schema-graph\">{\"@context\":\"https:\\\/\\\/schema.org\",\"@graph\":[{\"@type\":\"WebPage\",\"@id\":\"https:\\\/\\\/medicinasinc.com\\\/se\\\/product\\\/kop-imitrex-sumatriptan-100-mg\\\/\",\"url\":\"https:\\\/\\\/medicinasinc.com\\\/se\\\/product\\\/kop-imitrex-sumatriptan-100-mg\\\/\",\"name\":\"K\u00f6p imitrex Sumatriptan 100 mg - Best Global Meds\",\"isPartOf\":{\"@id\":\"https:\\\/\\\/medicinasinc.com\\\/se\\\/#website\"},\"primaryImageOfPage\":{\"@id\":\"https:\\\/\\\/medicinasinc.com\\\/se\\\/product\\\/kop-imitrex-sumatriptan-100-mg\\\/#primaryimage\"},\"image\":{\"@id\":\"https:\\\/\\\/medicinasinc.com\\\/se\\\/product\\\/kop-imitrex-sumatriptan-100-mg\\\/#primaryimage\"},\"thumbnailUrl\":\"https:\\\/\\\/medicinasinc.com\\\/se\\\/wp-content\\\/uploads\\\/sites\\\/16\\\/2022\\\/02\\\/Buy-imitrex-Sumatriptan-100-mg.jpg\",\"datePublished\":\"2022-02-20T21:57:05+00:00\",\"dateModified\":\"2022-07-03T23:39:58+00:00\",\"description\":\"K\u00f6p imitrex Sumatriptan 100 mg migr\u00e4ntabletter s\u00e4kert och s\u00e4kert fr\u00e5n ett brittiskt onlineapotek. Sumatriptan\u00a0\u00e4r en generisk, billigare version av Imigran.\",\"breadcrumb\":{\"@id\":\"https:\\\/\\\/medicinasinc.com\\\/se\\\/product\\\/kop-imitrex-sumatriptan-100-mg\\\/#breadcrumb\"},\"inLanguage\":\"sv-SE\",\"potentialAction\":[{\"@type\":\"ReadAction\",\"target\":[\"https:\\\/\\\/medicinasinc.com\\\/se\\\/product\\\/kop-imitrex-sumatriptan-100-mg\\\/\"]}]},{\"@type\":\"ImageObject\",\"inLanguage\":\"sv-SE\",\"@id\":\"https:\\\/\\\/medicinasinc.com\\\/se\\\/product\\\/kop-imitrex-sumatriptan-100-mg\\\/#primaryimage\",\"url\":\"https:\\\/\\\/medicinasinc.com\\\/se\\\/wp-content\\\/uploads\\\/sites\\\/16\\\/2022\\\/02\\\/Buy-imitrex-Sumatriptan-100-mg.jpg\",\"contentUrl\":\"https:\\\/\\\/medicinasinc.com\\\/se\\\/wp-content\\\/uploads\\\/sites\\\/16\\\/2022\\\/02\\\/Buy-imitrex-Sumatriptan-100-mg.jpg\",\"width\":846,\"height\":600},{\"@type\":\"BreadcrumbList\",\"@id\":\"https:\\\/\\\/medicinasinc.com\\\/se\\\/product\\\/kop-imitrex-sumatriptan-100-mg\\\/#breadcrumb\",\"itemListElement\":[{\"@type\":\"ListItem\",\"position\":1,\"name\":\"aff\u00e4r\",\"item\":\"https:\\\/\\\/medicinasinc.com\\\/se\\\/affar\\\/\"},{\"@type\":\"ListItem\",\"position\":2,\"name\":\"K\u00f6p imitrex Sumatriptan 100 mg\"}]},{\"@type\":\"WebSite\",\"@id\":\"https:\\\/\\\/medicinasinc.com\\\/se\\\/#website\",\"url\":\"https:\\\/\\\/medicinasinc.com\\\/se\\\/\",\"name\":\"Medicinas Inc\",\"description\":\"Health Medical Clinic\",\"potentialAction\":[{\"@type\":\"SearchAction\",\"target\":{\"@type\":\"EntryPoint\",\"urlTemplate\":\"https:\\\/\\\/medicinasinc.com\\\/se\\\/?s={search_term_string}\"},\"query-input\":{\"@type\":\"PropertyValueSpecification\",\"valueRequired\":true,\"valueName\":\"search_term_string\"}}],\"inLanguage\":\"sv-SE\"}]}<\/script>\n<!-- \/ Yoast SEO plugin. -->","yoast_head_json":{"title":"K\u00f6p imitrex Sumatriptan 100 mg - Best Global Meds","description":"K\u00f6p imitrex Sumatriptan 100 mg migr\u00e4ntabletter s\u00e4kert och s\u00e4kert fr\u00e5n ett brittiskt onlineapotek. Sumatriptan\u00a0\u00e4r en generisk, billigare version av Imigran.","robots":{"index":"index","follow":"follow","max-snippet":"max-snippet:-1","max-image-preview":"max-image-preview:large","max-video-preview":"max-video-preview:-1"},"canonical":"https:\/\/medicinasinc.com\/se\/product\/kop-imitrex-sumatriptan-100-mg\/","og_locale":"sv_SE","og_type":"article","og_title":"K\u00f6p imitrex Sumatriptan 100 mg - Best Global Meds","og_description":"K\u00f6p imitrex Sumatriptan 100 mg migr\u00e4ntabletter s\u00e4kert och s\u00e4kert fr\u00e5n ett brittiskt onlineapotek. Sumatriptan\u00a0\u00e4r en generisk, billigare version av Imigran.","og_url":"https:\/\/medicinasinc.com\/se\/product\/kop-imitrex-sumatriptan-100-mg\/","og_site_name":"Medicinas Inc","article_modified_time":"2022-07-03T23:39:58+00:00","og_image":[{"width":846,"height":600,"url":"https:\/\/medicinasinc.com\/se\/wp-content\/uploads\/sites\/16\/2022\/02\/Buy-imitrex-Sumatriptan-100-mg.jpg","type":"image\/jpeg"}],"twitter_card":"summary_large_image","twitter_misc":{"Ber\u00e4knad l\u00e4stid":"4 minuter"},"schema":{"@context":"https:\/\/schema.org","@graph":[{"@type":"WebPage","@id":"https:\/\/medicinasinc.com\/se\/product\/kop-imitrex-sumatriptan-100-mg\/","url":"https:\/\/medicinasinc.com\/se\/product\/kop-imitrex-sumatriptan-100-mg\/","name":"K\u00f6p imitrex Sumatriptan 100 mg - Best Global Meds","isPartOf":{"@id":"https:\/\/medicinasinc.com\/se\/#website"},"primaryImageOfPage":{"@id":"https:\/\/medicinasinc.com\/se\/product\/kop-imitrex-sumatriptan-100-mg\/#primaryimage"},"image":{"@id":"https:\/\/medicinasinc.com\/se\/product\/kop-imitrex-sumatriptan-100-mg\/#primaryimage"},"thumbnailUrl":"https:\/\/medicinasinc.com\/se\/wp-content\/uploads\/sites\/16\/2022\/02\/Buy-imitrex-Sumatriptan-100-mg.jpg","datePublished":"2022-02-20T21:57:05+00:00","dateModified":"2022-07-03T23:39:58+00:00","description":"K\u00f6p imitrex Sumatriptan 100 mg migr\u00e4ntabletter s\u00e4kert och s\u00e4kert fr\u00e5n ett brittiskt onlineapotek. Sumatriptan\u00a0\u00e4r en generisk, billigare version av Imigran.","breadcrumb":{"@id":"https:\/\/medicinasinc.com\/se\/product\/kop-imitrex-sumatriptan-100-mg\/#breadcrumb"},"inLanguage":"sv-SE","potentialAction":[{"@type":"ReadAction","target":["https:\/\/medicinasinc.com\/se\/product\/kop-imitrex-sumatriptan-100-mg\/"]}]},{"@type":"ImageObject","inLanguage":"sv-SE","@id":"https:\/\/medicinasinc.com\/se\/product\/kop-imitrex-sumatriptan-100-mg\/#primaryimage","url":"https:\/\/medicinasinc.com\/se\/wp-content\/uploads\/sites\/16\/2022\/02\/Buy-imitrex-Sumatriptan-100-mg.jpg","contentUrl":"https:\/\/medicinasinc.com\/se\/wp-content\/uploads\/sites\/16\/2022\/02\/Buy-imitrex-Sumatriptan-100-mg.jpg","width":846,"height":600},{"@type":"BreadcrumbList","@id":"https:\/\/medicinasinc.com\/se\/product\/kop-imitrex-sumatriptan-100-mg\/#breadcrumb","itemListElement":[{"@type":"ListItem","position":1,"name":"aff\u00e4r","item":"https:\/\/medicinasinc.com\/se\/affar\/"},{"@type":"ListItem","position":2,"name":"K\u00f6p imitrex Sumatriptan 100 mg"}]},{"@type":"WebSite","@id":"https:\/\/medicinasinc.com\/se\/#website","url":"https:\/\/medicinasinc.com\/se\/","name":"Medicinas Inc","description":"Health Medical Clinic","potentialAction":[{"@type":"SearchAction","target":{"@type":"EntryPoint","urlTemplate":"https:\/\/medicinasinc.com\/se\/?s={search_term_string}"},"query-input":{"@type":"PropertyValueSpecification","valueRequired":true,"valueName":"search_term_string"}}],"inLanguage":"sv-SE"}]}},"_links":{"self":[{"href":"https:\/\/medicinasinc.com\/se\/wp-json\/wp\/v2\/product\/5207","targetHints":{"allow":["GET"]}}],"collection":[{"href":"https:\/\/medicinasinc.com\/se\/wp-json\/wp\/v2\/product"}],"about":[{"href":"https:\/\/medicinasinc.com\/se\/wp-json\/wp\/v2\/types\/product"}],"replies":[{"embeddable":true,"href":"https:\/\/medicinasinc.com\/se\/wp-json\/wp\/v2\/comments?post=5207"}],"wp:featuredmedia":[{"embeddable":true,"href":"https:\/\/medicinasinc.com\/se\/wp-json\/wp\/v2\/media\/5224"}],"wp:attachment":[{"href":"https:\/\/medicinasinc.com\/se\/wp-json\/wp\/v2\/media?parent=5207"}],"wp:term":[{"taxonomy":"product_brand","embeddable":true,"href":"https:\/\/medicinasinc.com\/se\/wp-json\/wp\/v2\/product_brand?post=5207"},{"taxonomy":"product_cat","embeddable":true,"href":"https:\/\/medicinasinc.com\/se\/wp-json\/wp\/v2\/product_cat?post=5207"},{"taxonomy":"product_tag","embeddable":true,"href":"https:\/\/medicinasinc.com\/se\/wp-json\/wp\/v2\/product_tag?post=5207"}],"curies":[{"name":"wp","href":"https:\/\/api.w.org\/{rel}","templated":true}]}}