{"id":5206,"date":"2022-02-20T21:56:11","date_gmt":"2022-02-20T21:56:11","guid":{"rendered":"https:\/\/medicinasinc.com\/se\/?post_type=product&#038;p=5206"},"modified":"2022-07-03T23:40:07","modified_gmt":"2022-07-03T23:40:07","slug":"kop-hynidat-10-mg","status":"publish","type":"product","link":"https:\/\/medicinasinc.com\/se\/product\/kop-hynidat-10-mg\/","title":{"rendered":"K\u00f6p Hynidate 10 mg"},"content":{"rendered":"<p>Hynidate 10mg piller kan k\u00f6pas online.<\/p>\n<p>V\u00e5r webbplats l\u00e5ter dig k\u00f6pa Hynidate 10mg piller online. Vi tillhandah\u00e5ller en m\u00e4ngd olika behandlingar f\u00f6r att behandla depression, inklusive Adderall och andra mediciner. Dra f\u00f6rdel av bra grossistpriser p\u00e5 alla best\u00e4llningar. Bes\u00f6k v\u00e5r butik f\u00f6r att se fler varor.<\/p>\n","protected":false},"excerpt":{"rendered":"<div class=\"woocommerce-product-details__short-description\">\n<p>K\u00f6p Hynidate 10 mg tabletter online. Det \u00e4r m\u00f6jligt att k\u00f6pa Hynidate online utan recept till ett rabatterat pris p\u00e5 upp till 80 % j\u00e4mf\u00f6rt med priset i USA, d\u00e4r det s\u00e4ljs.<\/p>\n<p>Hynidate 10 mg tabletter till salu p\u00e5 Internet.<\/p>\n<p>Attention Deficit Hyperactivity Disorder (ADHD) behandlas med l\u00e4kemedlet hynidat (en beteendest\u00f6rning)<\/p>\n<\/p><\/div>\n","protected":false},"featured_media":5222,"comment_status":"open","ping_status":"closed","template":"","meta":[],"product_brand":[],"product_cat":[1117],"product_tag":[],"class_list":{"0":"post-5206","1":"product","2":"type-product","3":"status-publish","4":"has-post-thumbnail","6":"product_cat-kop-smarta-somn-sextabletter","8":"first","9":"instock","10":"shipping-taxable","11":"purchasable","12":"product-type-variable","13":"has-default-attributes"},"yoast_head":"<!-- This site is optimized with the Yoast SEO plugin v27.3 - https:\/\/yoast.com\/product\/yoast-seo-wordpress\/ -->\n<title>K\u00f6p Hynidate 10 mg - Best Best Global Meds<\/title>\n<meta name=\"description\" content=\"K\u00f6p Hynidate 10 mg piller till salu online. K\u00f6p Hynidate Online (Methylphenidate Hydrochloride U.S.P.) 10 mg utan recept till 80 % l\u00e4gre pris \u00e4n amerikanska apotek.\" \/>\n<meta name=\"robots\" content=\"index, follow, max-snippet:-1, max-image-preview:large, max-video-preview:-1\" \/>\n<link rel=\"canonical\" href=\"https:\/\/medicinasinc.com\/se\/product\/kop-hynidat-10-mg\/\" \/>\n<meta property=\"og:locale\" content=\"sv_SE\" \/>\n<meta property=\"og:type\" content=\"article\" \/>\n<meta property=\"og:title\" content=\"K\u00f6p Hynidate 10 mg - Best Best Global Meds\" \/>\n<meta property=\"og:description\" content=\"K\u00f6p Hynidate 10 mg piller till salu online. K\u00f6p Hynidate Online (Methylphenidate Hydrochloride U.S.P.) 10 mg utan recept till 80 % l\u00e4gre pris \u00e4n amerikanska apotek.\" \/>\n<meta property=\"og:url\" content=\"https:\/\/medicinasinc.com\/se\/product\/kop-hynidat-10-mg\/\" \/>\n<meta property=\"og:site_name\" content=\"Medicinas Inc\" \/>\n<meta property=\"article:modified_time\" content=\"2022-07-03T23:40:07+00:00\" \/>\n<meta property=\"og:image\" content=\"https:\/\/medicinasinc.com\/se\/wp-content\/uploads\/sites\/16\/2022\/02\/Buy-Hynidate-10-mg.jpg\" \/>\n\t<meta property=\"og:image:width\" content=\"750\" \/>\n\t<meta property=\"og:image:height\" content=\"609\" \/>\n\t<meta property=\"og:image:type\" content=\"image\/jpeg\" \/>\n<meta name=\"twitter:card\" content=\"summary_large_image\" \/>\n<meta name=\"twitter:label1\" content=\"Ber\u00e4knad l\u00e4stid\" \/>\n\t<meta name=\"twitter:data1\" content=\"1 minut\" \/>\n<script type=\"application\/ld+json\" class=\"yoast-schema-graph\">{\"@context\":\"https:\\\/\\\/schema.org\",\"@graph\":[{\"@type\":\"WebPage\",\"@id\":\"https:\\\/\\\/medicinasinc.com\\\/se\\\/product\\\/kop-hynidat-10-mg\\\/\",\"url\":\"https:\\\/\\\/medicinasinc.com\\\/se\\\/product\\\/kop-hynidat-10-mg\\\/\",\"name\":\"K\u00f6p Hynidate 10 mg - Best Best Global Meds\",\"isPartOf\":{\"@id\":\"https:\\\/\\\/medicinasinc.com\\\/se\\\/#website\"},\"primaryImageOfPage\":{\"@id\":\"https:\\\/\\\/medicinasinc.com\\\/se\\\/product\\\/kop-hynidat-10-mg\\\/#primaryimage\"},\"image\":{\"@id\":\"https:\\\/\\\/medicinasinc.com\\\/se\\\/product\\\/kop-hynidat-10-mg\\\/#primaryimage\"},\"thumbnailUrl\":\"https:\\\/\\\/medicinasinc.com\\\/se\\\/wp-content\\\/uploads\\\/sites\\\/16\\\/2022\\\/02\\\/Buy-Hynidate-10-mg.jpg\",\"datePublished\":\"2022-02-20T21:56:11+00:00\",\"dateModified\":\"2022-07-03T23:40:07+00:00\",\"description\":\"K\u00f6p Hynidate 10 mg piller till salu online. K\u00f6p Hynidate Online (Methylphenidate Hydrochloride U.S.P.) 10 mg utan recept till 80 % l\u00e4gre pris \u00e4n amerikanska apotek.\",\"breadcrumb\":{\"@id\":\"https:\\\/\\\/medicinasinc.com\\\/se\\\/product\\\/kop-hynidat-10-mg\\\/#breadcrumb\"},\"inLanguage\":\"sv-SE\",\"potentialAction\":[{\"@type\":\"ReadAction\",\"target\":[\"https:\\\/\\\/medicinasinc.com\\\/se\\\/product\\\/kop-hynidat-10-mg\\\/\"]}]},{\"@type\":\"ImageObject\",\"inLanguage\":\"sv-SE\",\"@id\":\"https:\\\/\\\/medicinasinc.com\\\/se\\\/product\\\/kop-hynidat-10-mg\\\/#primaryimage\",\"url\":\"https:\\\/\\\/medicinasinc.com\\\/se\\\/wp-content\\\/uploads\\\/sites\\\/16\\\/2022\\\/02\\\/Buy-Hynidate-10-mg.jpg\",\"contentUrl\":\"https:\\\/\\\/medicinasinc.com\\\/se\\\/wp-content\\\/uploads\\\/sites\\\/16\\\/2022\\\/02\\\/Buy-Hynidate-10-mg.jpg\",\"width\":750,\"height\":609},{\"@type\":\"BreadcrumbList\",\"@id\":\"https:\\\/\\\/medicinasinc.com\\\/se\\\/product\\\/kop-hynidat-10-mg\\\/#breadcrumb\",\"itemListElement\":[{\"@type\":\"ListItem\",\"position\":1,\"name\":\"aff\u00e4r\",\"item\":\"https:\\\/\\\/medicinasinc.com\\\/se\\\/affar\\\/\"},{\"@type\":\"ListItem\",\"position\":2,\"name\":\"K\u00f6p Hynidate 10 mg\"}]},{\"@type\":\"WebSite\",\"@id\":\"https:\\\/\\\/medicinasinc.com\\\/se\\\/#website\",\"url\":\"https:\\\/\\\/medicinasinc.com\\\/se\\\/\",\"name\":\"Medicinas Inc\",\"description\":\"Health Medical Clinic\",\"potentialAction\":[{\"@type\":\"SearchAction\",\"target\":{\"@type\":\"EntryPoint\",\"urlTemplate\":\"https:\\\/\\\/medicinasinc.com\\\/se\\\/?s={search_term_string}\"},\"query-input\":{\"@type\":\"PropertyValueSpecification\",\"valueRequired\":true,\"valueName\":\"search_term_string\"}}],\"inLanguage\":\"sv-SE\"}]}<\/script>\n<!-- \/ Yoast SEO plugin. -->","yoast_head_json":{"title":"K\u00f6p Hynidate 10 mg - Best Best Global Meds","description":"K\u00f6p Hynidate 10 mg piller till salu online. K\u00f6p Hynidate Online (Methylphenidate Hydrochloride U.S.P.) 10 mg utan recept till 80 % l\u00e4gre pris \u00e4n amerikanska apotek.","robots":{"index":"index","follow":"follow","max-snippet":"max-snippet:-1","max-image-preview":"max-image-preview:large","max-video-preview":"max-video-preview:-1"},"canonical":"https:\/\/medicinasinc.com\/se\/product\/kop-hynidat-10-mg\/","og_locale":"sv_SE","og_type":"article","og_title":"K\u00f6p Hynidate 10 mg - Best Best Global Meds","og_description":"K\u00f6p Hynidate 10 mg piller till salu online. K\u00f6p Hynidate Online (Methylphenidate Hydrochloride U.S.P.) 10 mg utan recept till 80 % l\u00e4gre pris \u00e4n amerikanska apotek.","og_url":"https:\/\/medicinasinc.com\/se\/product\/kop-hynidat-10-mg\/","og_site_name":"Medicinas Inc","article_modified_time":"2022-07-03T23:40:07+00:00","og_image":[{"width":750,"height":609,"url":"https:\/\/medicinasinc.com\/se\/wp-content\/uploads\/sites\/16\/2022\/02\/Buy-Hynidate-10-mg.jpg","type":"image\/jpeg"}],"twitter_card":"summary_large_image","twitter_misc":{"Ber\u00e4knad l\u00e4stid":"1 minut"},"schema":{"@context":"https:\/\/schema.org","@graph":[{"@type":"WebPage","@id":"https:\/\/medicinasinc.com\/se\/product\/kop-hynidat-10-mg\/","url":"https:\/\/medicinasinc.com\/se\/product\/kop-hynidat-10-mg\/","name":"K\u00f6p Hynidate 10 mg - Best Best Global Meds","isPartOf":{"@id":"https:\/\/medicinasinc.com\/se\/#website"},"primaryImageOfPage":{"@id":"https:\/\/medicinasinc.com\/se\/product\/kop-hynidat-10-mg\/#primaryimage"},"image":{"@id":"https:\/\/medicinasinc.com\/se\/product\/kop-hynidat-10-mg\/#primaryimage"},"thumbnailUrl":"https:\/\/medicinasinc.com\/se\/wp-content\/uploads\/sites\/16\/2022\/02\/Buy-Hynidate-10-mg.jpg","datePublished":"2022-02-20T21:56:11+00:00","dateModified":"2022-07-03T23:40:07+00:00","description":"K\u00f6p Hynidate 10 mg piller till salu online. K\u00f6p Hynidate Online (Methylphenidate Hydrochloride U.S.P.) 10 mg utan recept till 80 % l\u00e4gre pris \u00e4n amerikanska apotek.","breadcrumb":{"@id":"https:\/\/medicinasinc.com\/se\/product\/kop-hynidat-10-mg\/#breadcrumb"},"inLanguage":"sv-SE","potentialAction":[{"@type":"ReadAction","target":["https:\/\/medicinasinc.com\/se\/product\/kop-hynidat-10-mg\/"]}]},{"@type":"ImageObject","inLanguage":"sv-SE","@id":"https:\/\/medicinasinc.com\/se\/product\/kop-hynidat-10-mg\/#primaryimage","url":"https:\/\/medicinasinc.com\/se\/wp-content\/uploads\/sites\/16\/2022\/02\/Buy-Hynidate-10-mg.jpg","contentUrl":"https:\/\/medicinasinc.com\/se\/wp-content\/uploads\/sites\/16\/2022\/02\/Buy-Hynidate-10-mg.jpg","width":750,"height":609},{"@type":"BreadcrumbList","@id":"https:\/\/medicinasinc.com\/se\/product\/kop-hynidat-10-mg\/#breadcrumb","itemListElement":[{"@type":"ListItem","position":1,"name":"aff\u00e4r","item":"https:\/\/medicinasinc.com\/se\/affar\/"},{"@type":"ListItem","position":2,"name":"K\u00f6p Hynidate 10 mg"}]},{"@type":"WebSite","@id":"https:\/\/medicinasinc.com\/se\/#website","url":"https:\/\/medicinasinc.com\/se\/","name":"Medicinas Inc","description":"Health Medical Clinic","potentialAction":[{"@type":"SearchAction","target":{"@type":"EntryPoint","urlTemplate":"https:\/\/medicinasinc.com\/se\/?s={search_term_string}"},"query-input":{"@type":"PropertyValueSpecification","valueRequired":true,"valueName":"search_term_string"}}],"inLanguage":"sv-SE"}]}},"_links":{"self":[{"href":"https:\/\/medicinasinc.com\/se\/wp-json\/wp\/v2\/product\/5206","targetHints":{"allow":["GET"]}}],"collection":[{"href":"https:\/\/medicinasinc.com\/se\/wp-json\/wp\/v2\/product"}],"about":[{"href":"https:\/\/medicinasinc.com\/se\/wp-json\/wp\/v2\/types\/product"}],"replies":[{"embeddable":true,"href":"https:\/\/medicinasinc.com\/se\/wp-json\/wp\/v2\/comments?post=5206"}],"wp:featuredmedia":[{"embeddable":true,"href":"https:\/\/medicinasinc.com\/se\/wp-json\/wp\/v2\/media\/5222"}],"wp:attachment":[{"href":"https:\/\/medicinasinc.com\/se\/wp-json\/wp\/v2\/media?parent=5206"}],"wp:term":[{"taxonomy":"product_brand","embeddable":true,"href":"https:\/\/medicinasinc.com\/se\/wp-json\/wp\/v2\/product_brand?post=5206"},{"taxonomy":"product_cat","embeddable":true,"href":"https:\/\/medicinasinc.com\/se\/wp-json\/wp\/v2\/product_cat?post=5206"},{"taxonomy":"product_tag","embeddable":true,"href":"https:\/\/medicinasinc.com\/se\/wp-json\/wp\/v2\/product_tag?post=5206"}],"curies":[{"name":"wp","href":"https:\/\/api.w.org\/{rel}","templated":true}]}}